{"id":490,"date":"2025-05-07T18:00:03","date_gmt":"2025-05-07T10:00:03","guid":{"rendered":"https:\/\/sample.spacecraft.com.tw\/53\/?page_id=490"},"modified":"2025-06-17T15:26:28","modified_gmt":"2025-06-17T07:26:28","slug":"news","status":"publish","type":"page","link":"https:\/\/tahanpharma.com\/vi\/news\/","title":{"rendered":"Tin t\u1ee9c"},"content":{"rendered":"<div data-elementor-type=\"wp-page\" data-elementor-id=\"490\" class=\"elementor elementor-490\" data-elementor-post-type=\"page\">\n\t\t\t\t<div class=\"elementor-element elementor-element-408506a e-flex e-con-boxed e-con e-parent\" data-id=\"408506a\" data-element_type=\"container\" data-settings=\"{&quot;background_background&quot;:&quot;classic&quot;,&quot;ekit_has_onepagescroll_dot&quot;:&quot;yes&quot;}\">\n\t\t\t\t\t<div class=\"e-con-inner\">\n\t\t<div class=\"elementor-element elementor-element-690b7a4 e-con-full e-flex e-con e-child\" data-id=\"690b7a4\" data-element_type=\"container\" data-settings=\"{&quot;ekit_has_onepagescroll_dot&quot;:&quot;yes&quot;}\">\n\t\t\t\t<div class=\"elementor-element elementor-element-c6d43cc elementor-invisible elementor-widget elementor-widget-heading\" data-id=\"c6d43cc\" data-element_type=\"widget\" data-settings=\"{&quot;_animation&quot;:&quot;fadeInUp&quot;,&quot;ekit_we_effect_on&quot;:&quot;none&quot;}\" data-widget_type=\"heading.default\">\n\t\t\t\t<div class=\"elementor-widget-container\">\n\t\t\t\t\t<h1 class=\"elementor-heading-title elementor-size-default\">Tin t\u1ee9c<\/h1>\t\t\t\t<\/div>\n\t\t\t\t<\/div>\n\t\t\t\t<div class=\"elementor-element elementor-element-9b26b62 elementor-icon-list--layout-inline elementor-align-center elementor-list-item-link-full_width elementor-invisible elementor-widget elementor-widget-icon-list\" data-id=\"9b26b62\" data-element_type=\"widget\" data-settings=\"{&quot;_animation&quot;:&quot;fadeInUp&quot;,&quot;ekit_we_effect_on&quot;:&quot;none&quot;}\" data-widget_type=\"icon-list.default\">\n\t\t\t\t<div class=\"elementor-widget-container\">\n\t\t\t\t\t\t\t<ul class=\"elementor-icon-list-items elementor-inline-items\">\n\t\t\t\t\t\t\t<li class=\"elementor-icon-list-item elementor-inline-item\">\n\t\t\t\t\t\t\t\t\t\t\t<a href=\"\/vi\/\">\n\n\t\t\t\t\t\t\t\t\t\t\t<span class=\"elementor-icon-list-text\">trang \u0111\u1ea7u<\/span>\n\t\t\t\t\t\t\t\t\t\t\t<\/a>\n\t\t\t\t\t\t\t\t\t<\/li>\n\t\t\t\t\t\t\t\t<li class=\"elementor-icon-list-item elementor-inline-item\">\n\t\t\t\t\t\t\t\t\t\t\t<span class=\"elementor-icon-list-icon\">\n\t\t\t\t\t\t\t<i aria-hidden=\"true\" class=\"icon icon-chevron-right\"><\/i>\t\t\t\t\t\t<\/span>\n\t\t\t\t\t\t\t\t\t\t<span class=\"elementor-icon-list-text\">Tin t\u1ee9c<\/span>\n\t\t\t\t\t\t\t\t\t<\/li>\n\t\t\t\t\t\t<\/ul>\n\t\t\t\t\t\t<\/div>\n\t\t\t\t<\/div>\n\t\t\t\t<\/div>\n\t\t\t\t\t<\/div>\n\t\t\t\t<\/div>\n\t\t<div class=\"elementor-element elementor-element-1c5408a e-flex e-con-boxed e-con e-parent\" data-id=\"1c5408a\" data-element_type=\"container\" data-settings=\"{&quot;ekit_has_onepagescroll_dot&quot;:&quot;yes&quot;}\">\n\t\t\t\t\t<div class=\"e-con-inner\">\n\t\t<div class=\"elementor-element elementor-element-13c7d6b e-con-full e-flex e-con e-child\" data-id=\"13c7d6b\" data-element_type=\"container\" data-settings=\"{&quot;ekit_has_onepagescroll_dot&quot;:&quot;yes&quot;}\">\n\t\t\t\t<div class=\"elementor-element elementor-element-652e637 elementor-grid-1 elementor-grid-tablet-1 elementor-grid-mobile-1 elementor-posts--thumbnail-top elementor-card-shadow-yes elementor-posts__hover-gradient elementor-widget elementor-widget-posts\" data-id=\"652e637\" data-element_type=\"widget\" data-settings=\"{&quot;cards_columns&quot;:&quot;1&quot;,&quot;cards_columns_tablet&quot;:&quot;1&quot;,&quot;cards_row_gap&quot;:{&quot;unit&quot;:&quot;px&quot;,&quot;size&quot;:50,&quot;sizes&quot;:[]},&quot;cards_row_gap_mobile&quot;:{&quot;unit&quot;:&quot;px&quot;,&quot;size&quot;:30,&quot;sizes&quot;:[]},&quot;pagination_type&quot;:&quot;numbers&quot;,&quot;cards_columns_mobile&quot;:&quot;1&quot;,&quot;cards_row_gap_tablet&quot;:{&quot;unit&quot;:&quot;px&quot;,&quot;size&quot;:&quot;&quot;,&quot;sizes&quot;:[]},&quot;ekit_we_effect_on&quot;:&quot;none&quot;}\" data-widget_type=\"posts.cards\">\n\t\t\t\t<div class=\"elementor-widget-container\">\n\t\t\t\t\t\t\t<div class=\"elementor-posts-container elementor-posts elementor-posts--skin-cards elementor-grid\">\n\t\t\t\t<article class=\"elementor-post elementor-grid-item post-61 post type-post status-publish format-standard has-post-thumbnail hentry category-28\">\n\t\t\t<div class=\"elementor-post__card\">\n\t\t\t\t<a class=\"elementor-post__thumbnail__link\" href=\"https:\/\/tahanpharma.com\/vi\/2023\/02\/02\/ainos-%e8%88%87%e5%a4%a7%e5%ae%89%e7%b0%bd%e7%bd%b2-mou\/\" tabindex=\"-1\" ><div class=\"elementor-post__thumbnail\"><img fetchpriority=\"high\" decoding=\"async\" width=\"2000\" height=\"1333\" src=\"https:\/\/tahanpharma.com\/wp-content\/uploads\/2025\/02\/asian-woman-working-chemical-project.jpg\" class=\"attachment-full size-full wp-image-116\" alt=\"\" srcset=\"https:\/\/tahanpharma.com\/wp-content\/uploads\/2025\/02\/asian-woman-working-chemical-project.jpg 2000w, https:\/\/tahanpharma.com\/wp-content\/uploads\/2025\/02\/asian-woman-working-chemical-project-600x400.jpg 600w, https:\/\/tahanpharma.com\/wp-content\/uploads\/2025\/02\/asian-woman-working-chemical-project-300x200.jpg 300w, https:\/\/tahanpharma.com\/wp-content\/uploads\/2025\/02\/asian-woman-working-chemical-project-1024x682.jpg 1024w, https:\/\/tahanpharma.com\/wp-content\/uploads\/2025\/02\/asian-woman-working-chemical-project-768x512.jpg 768w, https:\/\/tahanpharma.com\/wp-content\/uploads\/2025\/02\/asian-woman-working-chemical-project-1536x1024.jpg 1536w\" sizes=\"(max-width: 2000px) 100vw, 2000px\" \/><\/div><\/a>\n\t\t\t\t<div class=\"elementor-post__badge\">n\u0103ng \u0111\u1ed9ng<\/div>\n\t\t\t\t<div class=\"elementor-post__text\">\n\t\t\t\t<h3 class=\"elementor-post__title\">\n\t\t\t<a href=\"https:\/\/tahanpharma.com\/vi\/2023\/02\/02\/ainos-%e8%88%87%e5%a4%a7%e5%ae%89%e7%b0%bd%e7%bd%b2-mou\/\" >\n\t\t\t\tAinos v\u00e0 Daan \u0111\u00e3 k\u00fd bi\u00ean b\u1ea3n ghi nh\u1edb\t\t\t<\/a>\n\t\t<\/h3>\n\t\t\t\t<div class=\"elementor-post__excerpt\">\n\t\t\t<p>Ainos, Inc., m\u1ed9t c\u00f4ng ty ni\u00eam y\u1ebft tr\u00ean NASDAQ t\u1ea1i Hoa K\u1ef3, \u0111\u00e3 th\u00f4ng b\u00e1o r\u1eb1ng h\u1ecd \u0111\u00e3 k\u00fd bi\u00ean b\u1ea3n ghi nh\u1edb (MOU) v\u1edbi c\u00f4ng ty s\u1ea3n xu\u1ea5t thu\u1ed1c th\u00fa y Daan Chemical Pharmaceutical Co., Ltd. c\u00f3 tr\u1ee5 s\u1edf t\u1ea1i \u0110\u00e0i Loan.\u2026<\/p>\n\t\t<\/div>\n\t\t\n\t\t<a class=\"elementor-post__read-more\" href=\"https:\/\/tahanpharma.com\/vi\/2023\/02\/02\/ainos-%e8%88%87%e5%a4%a7%e5%ae%89%e7%b0%bd%e7%bd%b2-mou\/\" aria-label=\"\u0110\u1ecdc th\u00eam v\u1ec1 vi\u1ec7c Ainos v\u00e0 Daan k\u00fd k\u1ebft Bi\u00ean b\u1ea3n ghi nh\u1edb\" tabindex=\"-1\" >\n\t\t\tXem th\u00eam\t\t<\/a>\n\n\t\t\t\t<\/div>\n\t\t\t\t\t<\/div>\n\t\t<\/article>\n\t\t\t\t<\/div>\n\t\t\n\t\t\t\t\t\t<\/div>\n\t\t\t\t<\/div>\n\t\t\t\t<\/div>\n\t\t<div class=\"elementor-element elementor-element-cbc19ec e-con-full e-flex e-con e-child\" data-id=\"cbc19ec\" data-element_type=\"container\" data-settings=\"{&quot;ekit_has_onepagescroll_dot&quot;:&quot;yes&quot;}\">\n\t\t<div class=\"elementor-element elementor-element-69a3a7a e-grid e-con-full e-con e-child\" data-id=\"69a3a7a\" data-element_type=\"container\" data-settings=\"{&quot;ekit_has_onepagescroll_dot&quot;:&quot;yes&quot;}\">\n\t\t<div class=\"elementor-element elementor-element-73f9b74 e-con-full elementor-hidden-desktop elementor-hidden-tablet elementor-hidden-mobile e-flex e-con e-child\" data-id=\"73f9b74\" data-element_type=\"container\" data-settings=\"{&quot;background_background&quot;:&quot;classic&quot;,&quot;ekit_has_onepagescroll_dot&quot;:&quot;yes&quot;}\">\n\t\t\t\t<div class=\"elementor-element elementor-element-13b65bd elementor-widget elementor-widget-heading\" data-id=\"13b65bd\" data-element_type=\"widget\" data-settings=\"{&quot;ekit_we_effect_on&quot;:&quot;none&quot;}\" data-widget_type=\"heading.default\">\n\t\t\t\t<div class=\"elementor-widget-container\">\n\t\t\t\t\t<h2 class=\"elementor-heading-title elementor-size-default\">t\u00ecm ki\u1ebfm<\/h2>\t\t\t\t<\/div>\n\t\t\t\t<\/div>\n\t\t\t\t<div class=\"elementor-element elementor-element-5f9195b elementor-search-form--skin-minimal elementor-widget elementor-widget-search-form\" data-id=\"5f9195b\" data-element_type=\"widget\" data-settings=\"{&quot;skin&quot;:&quot;minimal&quot;,&quot;ekit_we_effect_on&quot;:&quot;none&quot;}\" data-widget_type=\"search-form.default\">\n\t\t\t\t<div class=\"elementor-widget-container\">\n\t\t\t\t\t\t\t<search role=\"search\">\n\t\t\t<form class=\"elementor-search-form\" action=\"https:\/\/tahanpharma.com\/vi\/\" method=\"get\" data-trp-original-action=\"https:\/\/tahanpharma.com\/vi\">\n\t\t\t\t\t\t\t\t\t\t\t\t<div class=\"elementor-search-form__container\">\n\t\t\t\t\t<label class=\"elementor-screen-only\" for=\"elementor-search-form-5f9195b\">T\u00ecm ki\u1ebfm<\/label>\n\n\t\t\t\t\t\t\t\t\t\t\t<div class=\"elementor-search-form__icon\">\n\t\t\t\t\t\t\t<div class=\"e-font-icon-svg-container\"><svg aria-hidden=\"true\" class=\"e-font-icon-svg e-fas-search\" viewbox=\"0 0 512 512\" xmlns=\"http:\/\/www.w3.org\/2000\/svg\"><path d=\"M505 442.7L405.3 343c-4.5-4.5-10.6-7-17-7H372c27.6-35.3 44-79.7 44-128C416 93.1 322.9 0 208 0S0 93.1 0 208s93.1 208 208 208c48.3 0 92.7-16.4 128-44v16.3c0 6.4 2.5 12.5 7 17l99.7 99.7c9.4 9.4 24.6 9.4 33.9 0l28.3-28.3c9.4-9.4 9.4-24.6.1-34zM208 336c-70.7 0-128-57.2-128-128 0-70.7 57.2-128 128-128 70.7 0 128 57.2 128 128 0 70.7-57.2 128-128 128z\"><\/path><\/svg><\/div>\t\t\t\t\t\t\t<span class=\"elementor-screen-only\">T\u00ecm ki\u1ebfm<\/span>\n\t\t\t\t\t\t<\/div>\n\t\t\t\t\t\n\t\t\t\t\t<input id=\"elementor-search-form-5f9195b\" placeholder=\"t\u00ecm ki\u1ebfm...\" class=\"elementor-search-form__input\" type=\"search\" name=\"s\" value=\"\">\n\t\t\t\t\t\n\t\t\t\t\t\n\t\t\t\t\t\t\t\t\t<\/div>\n\t\t\t<input type=\"hidden\" name=\"trp-form-language\" value=\"vi\"\/><\/form>\n\t\t<\/search>\n\t\t\t\t\t\t<\/div>\n\t\t\t\t<\/div>\n\t\t\t\t<\/div>\n\t\t<div class=\"elementor-element elementor-element-419bbac e-con-full e-flex e-con e-child\" data-id=\"419bbac\" data-element_type=\"container\" data-settings=\"{&quot;background_background&quot;:&quot;classic&quot;,&quot;ekit_has_onepagescroll_dot&quot;:&quot;yes&quot;}\">\n\t\t\t\t<div class=\"elementor-element elementor-element-29e762d elementor-widget elementor-widget-image\" data-id=\"29e762d\" data-element_type=\"widget\" data-settings=\"{&quot;ekit_we_effect_on&quot;:&quot;none&quot;}\" data-widget_type=\"image.default\">\n\t\t\t\t<div class=\"elementor-widget-container\">\n\t\t\t\t\t\t\t\t\t\t\t\t\t\t\t<img decoding=\"async\" width=\"800\" height=\"534\" src=\"https:\/\/tahanpharma.com\/wp-content\/uploads\/2025\/05\/yellow-fever-vaccine-concept.jpg\" class=\"attachment-large size-large wp-image-666\" alt=\"\" srcset=\"https:\/\/tahanpharma.com\/wp-content\/uploads\/2025\/05\/yellow-fever-vaccine-concept.jpg 1000w, https:\/\/tahanpharma.com\/wp-content\/uploads\/2025\/05\/yellow-fever-vaccine-concept-600x400.jpg 600w, https:\/\/tahanpharma.com\/wp-content\/uploads\/2025\/05\/yellow-fever-vaccine-concept-300x200.jpg 300w, https:\/\/tahanpharma.com\/wp-content\/uploads\/2025\/05\/yellow-fever-vaccine-concept-768x512.jpg 768w, https:\/\/tahanpharma.com\/wp-content\/uploads\/2025\/05\/yellow-fever-vaccine-concept-18x12.jpg 18w\" sizes=\"(max-width: 800px) 100vw, 800px\" \/>\t\t\t\t\t\t\t\t\t\t\t\t\t\t\t<\/div>\n\t\t\t\t<\/div>\n\t\t\t\t<div class=\"elementor-element elementor-element-3663a38 elementor-widget elementor-widget-heading\" data-id=\"3663a38\" data-element_type=\"widget\" data-settings=\"{&quot;ekit_we_effect_on&quot;:&quot;none&quot;}\" data-widget_type=\"heading.default\">\n\t\t\t\t<div class=\"elementor-widget-container\">\n\t\t\t\t\t<h2 class=\"elementor-heading-title elementor-size-default\">B\u1ea1n c\u00f3 quan t\u00e2m \u0111\u1ebfn s\u1ea3n ph\u1ea9m c\u1ee7a ch\u00fang t\u00f4i kh\u00f4ng?\n<\/h2>\t\t\t\t<\/div>\n\t\t\t\t<\/div>\n\t\t\t\t<div class=\"elementor-element elementor-element-933720e elementor-widget elementor-widget-text-editor\" data-id=\"933720e\" data-element_type=\"widget\" data-settings=\"{&quot;ekit_we_effect_on&quot;:&quot;none&quot;}\" data-widget_type=\"text-editor.default\">\n\t\t\t\t<div class=\"elementor-widget-container\">\n\t\t\t\t\t\t\t\t\t<p>Vui l\u00f2ng nh\u1ea5p v\u00e0o n\u00fat b\u00ean d\u01b0\u1edbi \u0111\u1ec3 \u0111i\u1ec1n v\u00e0o m\u1eabu y\u00eau c\u1ea7u v\u00e0 nh\u00e2n vi\u00ean c\u1ee7a ch\u00fang t\u00f4i s\u1ebd li\u00ean h\u1ec7 v\u1edbi b\u1ea1n trong th\u1eddi gian s\u1edbm nh\u1ea5t!<\/p>\t\t\t\t\t\t\t\t<\/div>\n\t\t\t\t<\/div>\n\t\t\t\t<div class=\"elementor-element elementor-element-5273584 elementor-align-center elementor-tablet-align-center elementor-mobile-align-center elementor-invisible elementor-widget elementor-widget-button\" data-id=\"5273584\" data-element_type=\"widget\" data-settings=\"{&quot;_animation&quot;:&quot;fadeInUp&quot;,&quot;ekit_we_effect_on&quot;:&quot;none&quot;}\" data-widget_type=\"button.default\">\n\t\t\t\t<div class=\"elementor-widget-container\">\n\t\t\t\t\t\t\t\t\t<div class=\"elementor-button-wrapper\">\n\t\t\t\t\t<a class=\"elementor-button elementor-button-link elementor-size-sm\" href=\"\/vi\/inquiry\/\">\n\t\t\t\t\t\t<span class=\"elementor-button-content-wrapper\">\n\t\t\t\t\t\t<span class=\"elementor-button-icon\">\n\t\t\t\t<svg aria-hidden=\"true\" class=\"e-font-icon-svg e-fas-arrow-circle-right\" viewbox=\"0 0 512 512\" xmlns=\"http:\/\/www.w3.org\/2000\/svg\"><path d=\"M256 8c137 0 248 111 248 248S393 504 256 504 8 393 8 256 119 8 256 8zm-28.9 143.6l75.5 72.4H120c-13.3 0-24 10.7-24 24v16c0 13.3 10.7 24 24 24h182.6l-75.5 72.4c-9.7 9.3-9.9 24.8-.4 34.3l11 10.9c9.4 9.4 24.6 9.4 33.9 0L404.3 273c9.4-9.4 9.4-24.6 0-33.9L271.6 106.3c-9.4-9.4-24.6-9.4-33.9 0l-11 10.9c-9.5 9.6-9.3 25.1.4 34.4z\"><\/path><\/svg>\t\t\t<\/span>\n\t\t\t\t\t\t\t\t\t<span class=\"elementor-button-text\">B\u00e1o gi\u00e1 ngay<\/span>\n\t\t\t\t\t<\/span>\n\t\t\t\t\t<\/a>\n\t\t\t\t<\/div>\n\t\t\t\t\t\t\t\t<\/div>\n\t\t\t\t<\/div>\n\t\t\t\t<\/div>\n\t\t<div class=\"elementor-element elementor-element-edac843 e-con-full e-flex e-con e-child\" data-id=\"edac843\" data-element_type=\"container\" data-settings=\"{&quot;background_background&quot;:&quot;classic&quot;,&quot;ekit_has_onepagescroll_dot&quot;:&quot;yes&quot;}\">\n\t\t\t\t<div class=\"elementor-element elementor-element-41c1b96 elementor-widget elementor-widget-heading\" data-id=\"41c1b96\" data-element_type=\"widget\" data-settings=\"{&quot;ekit_we_effect_on&quot;:&quot;none&quot;}\" data-widget_type=\"heading.default\">\n\t\t\t\t<div class=\"elementor-widget-container\">\n\t\t\t\t\t<h2 class=\"elementor-heading-title elementor-size-default\">C\u1eadp nh\u1eadt g\u1ea7n \u0111\u00e2y<\/h2>\t\t\t\t<\/div>\n\t\t\t\t<\/div>\n\t\t\t\t<div class=\"elementor-element elementor-element-d95123f elementor-grid-1 elementor-posts--thumbnail-left elementor-grid-tablet-1 elementor-grid-mobile-1 elementor-widget elementor-widget-posts\" data-id=\"d95123f\" data-element_type=\"widget\" data-settings=\"{&quot;classic_columns&quot;:&quot;1&quot;,&quot;classic_row_gap&quot;:{&quot;unit&quot;:&quot;px&quot;,&quot;size&quot;:&quot;20&quot;,&quot;sizes&quot;:[]},&quot;classic_columns_tablet&quot;:&quot;1&quot;,&quot;classic_columns_mobile&quot;:&quot;1&quot;,&quot;classic_row_gap_tablet&quot;:{&quot;unit&quot;:&quot;px&quot;,&quot;size&quot;:&quot;&quot;,&quot;sizes&quot;:[]},&quot;classic_row_gap_mobile&quot;:{&quot;unit&quot;:&quot;px&quot;,&quot;size&quot;:&quot;&quot;,&quot;sizes&quot;:[]},&quot;ekit_we_effect_on&quot;:&quot;none&quot;}\" data-widget_type=\"posts.classic\">\n\t\t\t\t<div class=\"elementor-widget-container\">\n\t\t\t\t\t\t\t<div class=\"elementor-posts-container elementor-posts elementor-posts--skin-classic elementor-grid\">\n\t\t\t\t<article class=\"elementor-post elementor-grid-item post-61 post type-post status-publish format-standard has-post-thumbnail hentry category-28\">\n\t\t\t\t<a class=\"elementor-post__thumbnail__link\" href=\"https:\/\/tahanpharma.com\/vi\/2023\/02\/02\/ainos-%e8%88%87%e5%a4%a7%e5%ae%89%e7%b0%bd%e7%bd%b2-mou\/\" tabindex=\"-1\" >\n\t\t\t<div class=\"elementor-post__thumbnail\"><img decoding=\"async\" width=\"300\" height=\"200\" src=\"https:\/\/tahanpharma.com\/wp-content\/uploads\/2025\/02\/asian-woman-working-chemical-project-300x200.jpg\" class=\"attachment-medium size-medium wp-image-116\" alt=\"\" srcset=\"https:\/\/tahanpharma.com\/wp-content\/uploads\/2025\/02\/asian-woman-working-chemical-project-300x200.jpg 300w, https:\/\/tahanpharma.com\/wp-content\/uploads\/2025\/02\/asian-woman-working-chemical-project-600x400.jpg 600w, https:\/\/tahanpharma.com\/wp-content\/uploads\/2025\/02\/asian-woman-working-chemical-project-1024x682.jpg 1024w, https:\/\/tahanpharma.com\/wp-content\/uploads\/2025\/02\/asian-woman-working-chemical-project-768x512.jpg 768w, https:\/\/tahanpharma.com\/wp-content\/uploads\/2025\/02\/asian-woman-working-chemical-project-1536x1024.jpg 1536w, https:\/\/tahanpharma.com\/wp-content\/uploads\/2025\/02\/asian-woman-working-chemical-project.jpg 2000w\" sizes=\"(max-width: 300px) 100vw, 300px\" \/><\/div>\n\t\t<\/a>\n\t\t\t\t<div class=\"elementor-post__text\">\n\t\t\t\t<h3 class=\"elementor-post__title\">\n\t\t\t<a href=\"https:\/\/tahanpharma.com\/vi\/2023\/02\/02\/ainos-%e8%88%87%e5%a4%a7%e5%ae%89%e7%b0%bd%e7%bd%b2-mou\/\" >\n\t\t\t\tAinos v\u00e0 Daan \u0111\u00e3 k\u00fd bi\u00ean b\u1ea3n ghi nh\u1edb\t\t\t<\/a>\n\t\t<\/h3>\n\t\t\t\t<div class=\"elementor-post__meta-data\">\n\t\t\t\t\t<span class=\"elementor-post-date\">\n\t\t\tNg\u00e0y 2 th\u00e1ng 2 n\u0103m 2023\t\t<\/span>\n\t\t\t\t<\/div>\n\t\t\t\t<\/div>\n\t\t\t\t<\/article>\n\t\t\t\t<\/div>\n\t\t\n\t\t\t\t\t\t<\/div>\n\t\t\t\t<\/div>\n\t\t\t\t<\/div>\n\t\t\t\t<\/div>\n\t\t\t\t<\/div>\n\t\t\t\t<div class=\"elementor-element elementor-element-df244f1 elementor-absolute imagefloat elementor-widget elementor-widget-image\" data-id=\"df244f1\" data-element_type=\"widget\" data-settings=\"{&quot;_position&quot;:&quot;absolute&quot;,&quot;ekit_we_effect_on&quot;:&quot;none&quot;}\" data-widget_type=\"image.default\">\n\t\t\t\t<div class=\"elementor-widget-container\">\n\t\t\t\t\t\t\t\t\t\t\t\t\t\t\t<img loading=\"lazy\" decoding=\"async\" width=\"1000\" height=\"1143\" src=\"https:\/\/tahanpharma.com\/wp-content\/uploads\/2025\/05\/bg-globe-digital-grid.jpg\" class=\"attachment-full size-full wp-image-686\" alt=\"\" srcset=\"https:\/\/tahanpharma.com\/wp-content\/uploads\/2025\/05\/bg-globe-digital-grid.jpg 1000w, https:\/\/tahanpharma.com\/wp-content\/uploads\/2025\/05\/bg-globe-digital-grid-600x686.jpg 600w, https:\/\/tahanpharma.com\/wp-content\/uploads\/2025\/05\/bg-globe-digital-grid-262x300.jpg 262w, https:\/\/tahanpharma.com\/wp-content\/uploads\/2025\/05\/bg-globe-digital-grid-896x1024.jpg 896w, https:\/\/tahanpharma.com\/wp-content\/uploads\/2025\/05\/bg-globe-digital-grid-768x878.jpg 768w, https:\/\/tahanpharma.com\/wp-content\/uploads\/2025\/05\/bg-globe-digital-grid-10x12.jpg 10w\" sizes=\"(max-width: 1000px) 100vw, 1000px\" \/>\t\t\t\t\t\t\t\t\t\t\t\t\t\t\t<\/div>\n\t\t\t\t<\/div>\n\t\t\t\t\t<\/div>\n\t\t\t\t<\/div>\n\t\t\t\t<\/div>","protected":false},"excerpt":{"rendered":"<p>Tin t\u1ee9c m\u1edbi nh\u1ea5t Trang ch\u1ee7 Tin t\u1ee9c m\u1edbi nh\u1ea5t T\u00ecm ki\u1ebfm B\u1ea1n c\u00f3 quan t\u00e2m \u0111\u1ebfn s\u1ea3n ph\u1ea9m c\u1ee7a ch\u00fang t\u00f4i kh\u00f4ng<\/p>","protected":false},"author":1,"featured_media":661,"parent":0,"menu_order":30,"comment_status":"closed","ping_status":"closed","template":"","meta":{"footnotes":""},"class_list":["post-490","page","type-page","status-publish","has-post-thumbnail","hentry"],"yoast_head":"<!-- This site is optimized with the Yoast SEO Premium plugin v25.3.1 (Yoast SEO v25.4) - https:\/\/yoast.com\/wordpress\/plugins\/seo\/ -->\n<title>\u6700\u65b0\u6d88\u606f - \u5927\u5b89\u5316\u5b78\u88fd\u85e5\u80a1\u4efd\u6709\u9650\u516c\u53f8<\/title>\n<meta name=\"robots\" content=\"index, follow, max-snippet:-1, max-image-preview:large, max-video-preview:-1\" \/>\n<link rel=\"canonical\" href=\"https:\/\/tahanpharma.com\/vi\/news\/\" \/>\n<meta property=\"og:locale\" content=\"vi_VN\" \/>\n<meta property=\"og:type\" content=\"article\" \/>\n<meta property=\"og:title\" content=\"\u6700\u65b0\u6d88\u606f\" \/>\n<meta property=\"og:description\" content=\"\u6700\u65b0\u6d88\u606f \u9996\u9801 \u6700\u65b0\u6d88\u606f \u641c\u5c0b \u60a8\u5c0d\u6211\u5011\u7684\u7522\u54c1\u611f\u8208\" \/>\n<meta property=\"og:url\" content=\"https:\/\/tahanpharma.com\/vi\/news\/\" \/>\n<meta property=\"og:site_name\" content=\"\u5927\u5b89\u5316\u5b78\u88fd\u85e5\u80a1\u4efd\u6709\u9650\u516c\u53f8\" \/>\n<meta property=\"article:modified_time\" content=\"2025-06-17T07:26:28+00:00\" \/>\n<meta property=\"og:image\" content=\"https:\/\/tahanpharma.com\/wp-content\/uploads\/2025\/05\/female-medical-scientific-researcher-woman-doctor-looking-test-tube.jpg\" \/>\n\t<meta property=\"og:image:width\" content=\"2000\" \/>\n\t<meta property=\"og:image:height\" content=\"1237\" \/>\n\t<meta property=\"og:image:type\" content=\"image\/jpeg\" \/>\n<meta name=\"twitter:card\" content=\"summary_large_image\" \/>\n<script type=\"application\/ld+json\" class=\"yoast-schema-graph\">{\"@context\":\"https:\/\/schema.org\",\"@graph\":[{\"@type\":\"WebPage\",\"@id\":\"https:\/\/tahanpharma.com\/news\/\",\"url\":\"https:\/\/tahanpharma.com\/news\/\",\"name\":\"\u6700\u65b0\u6d88\u606f - \u5927\u5b89\u5316\u5b78\u88fd\u85e5\u80a1\u4efd\u6709\u9650\u516c\u53f8\",\"isPartOf\":{\"@id\":\"https:\/\/tahanpharma.com\/#website\"},\"primaryImageOfPage\":{\"@id\":\"https:\/\/tahanpharma.com\/news\/#primaryimage\"},\"image\":{\"@id\":\"https:\/\/tahanpharma.com\/news\/#primaryimage\"},\"thumbnailUrl\":\"https:\/\/tahanpharma.com\/wp-content\/uploads\/2025\/05\/female-medical-scientific-researcher-woman-doctor-looking-test-tube.jpg\",\"datePublished\":\"2025-05-07T10:00:03+00:00\",\"dateModified\":\"2025-06-17T07:26:28+00:00\",\"breadcrumb\":{\"@id\":\"https:\/\/tahanpharma.com\/news\/#breadcrumb\"},\"inLanguage\":\"vi\",\"potentialAction\":[{\"@type\":\"ReadAction\",\"target\":[\"https:\/\/tahanpharma.com\/news\/\"]}]},{\"@type\":\"ImageObject\",\"inLanguage\":\"vi\",\"@id\":\"https:\/\/tahanpharma.com\/news\/#primaryimage\",\"url\":\"https:\/\/tahanpharma.com\/wp-content\/uploads\/2025\/05\/female-medical-scientific-researcher-woman-doctor-looking-test-tube.jpg\",\"contentUrl\":\"https:\/\/tahanpharma.com\/wp-content\/uploads\/2025\/05\/female-medical-scientific-researcher-woman-doctor-looking-test-tube.jpg\",\"width\":2000,\"height\":1237},{\"@type\":\"BreadcrumbList\",\"@id\":\"https:\/\/tahanpharma.com\/news\/#breadcrumb\",\"itemListElement\":[{\"@type\":\"ListItem\",\"position\":1,\"name\":\"\u9996\u9801\",\"item\":\"https:\/\/tahanpharma.com\/\"},{\"@type\":\"ListItem\",\"position\":2,\"name\":\"\u6700\u65b0\u6d88\u606f\"}]},{\"@type\":\"WebSite\",\"@id\":\"https:\/\/tahanpharma.com\/#website\",\"url\":\"https:\/\/tahanpharma.com\/\",\"name\":\"\u5927\u5b89\u5316\u5b78\u88fd\u85e5\u80a1\u4efd\u6709\u9650\u516c\u53f8\",\"description\":\"\u52d5\u7269\u85e5\u54c1\u88fd\u9020\",\"potentialAction\":[{\"@type\":\"SearchAction\",\"target\":{\"@type\":\"EntryPoint\",\"urlTemplate\":\"https:\/\/tahanpharma.com\/?s={search_term_string}\"},\"query-input\":{\"@type\":\"PropertyValueSpecification\",\"valueRequired\":true,\"valueName\":\"search_term_string\"}}],\"inLanguage\":\"vi\"}]}<\/script>\n<!-- \/ Yoast SEO Premium plugin. -->","yoast_head_json":{"title":"\u6700\u65b0\u6d88\u606f - \u5927\u5b89\u5316\u5b78\u88fd\u85e5\u80a1\u4efd\u6709\u9650\u516c\u53f8","robots":{"index":"index","follow":"follow","max-snippet":"max-snippet:-1","max-image-preview":"max-image-preview:large","max-video-preview":"max-video-preview:-1"},"canonical":"https:\/\/tahanpharma.com\/vi\/news\/","og_locale":"vi_VN","og_type":"article","og_title":"\u6700\u65b0\u6d88\u606f","og_description":"\u6700\u65b0\u6d88\u606f \u9996\u9801 \u6700\u65b0\u6d88\u606f \u641c\u5c0b \u60a8\u5c0d\u6211\u5011\u7684\u7522\u54c1\u611f\u8208","og_url":"https:\/\/tahanpharma.com\/vi\/news\/","og_site_name":"\u5927\u5b89\u5316\u5b78\u88fd\u85e5\u80a1\u4efd\u6709\u9650\u516c\u53f8","article_modified_time":"2025-06-17T07:26:28+00:00","og_image":[{"width":2000,"height":1237,"url":"https:\/\/tahanpharma.com\/wp-content\/uploads\/2025\/05\/female-medical-scientific-researcher-woman-doctor-looking-test-tube.jpg","type":"image\/jpeg"}],"twitter_card":"summary_large_image","schema":{"@context":"https:\/\/schema.org","@graph":[{"@type":"WebPage","@id":"https:\/\/tahanpharma.com\/news\/","url":"https:\/\/tahanpharma.com\/news\/","name":"\u6700\u65b0\u6d88\u606f - \u5927\u5b89\u5316\u5b78\u88fd\u85e5\u80a1\u4efd\u6709\u9650\u516c\u53f8","isPartOf":{"@id":"https:\/\/tahanpharma.com\/#website"},"primaryImageOfPage":{"@id":"https:\/\/tahanpharma.com\/news\/#primaryimage"},"image":{"@id":"https:\/\/tahanpharma.com\/news\/#primaryimage"},"thumbnailUrl":"https:\/\/tahanpharma.com\/wp-content\/uploads\/2025\/05\/female-medical-scientific-researcher-woman-doctor-looking-test-tube.jpg","datePublished":"2025-05-07T10:00:03+00:00","dateModified":"2025-06-17T07:26:28+00:00","breadcrumb":{"@id":"https:\/\/tahanpharma.com\/news\/#breadcrumb"},"inLanguage":"vi","potentialAction":[{"@type":"ReadAction","target":["https:\/\/tahanpharma.com\/news\/"]}]},{"@type":"ImageObject","inLanguage":"vi","@id":"https:\/\/tahanpharma.com\/news\/#primaryimage","url":"https:\/\/tahanpharma.com\/wp-content\/uploads\/2025\/05\/female-medical-scientific-researcher-woman-doctor-looking-test-tube.jpg","contentUrl":"https:\/\/tahanpharma.com\/wp-content\/uploads\/2025\/05\/female-medical-scientific-researcher-woman-doctor-looking-test-tube.jpg","width":2000,"height":1237},{"@type":"BreadcrumbList","@id":"https:\/\/tahanpharma.com\/news\/#breadcrumb","itemListElement":[{"@type":"ListItem","position":1,"name":"\u9996\u9801","item":"https:\/\/tahanpharma.com\/"},{"@type":"ListItem","position":2,"name":"\u6700\u65b0\u6d88\u606f"}]},{"@type":"WebSite","@id":"https:\/\/tahanpharma.com\/#website","url":"https:\/\/tahanpharma.com\/","name":"\u5927\u5b89\u5316\u5b78\u88fd\u85e5\u80a1\u4efd\u6709\u9650\u516c\u53f8","description":"\u52d5\u7269\u85e5\u54c1\u88fd\u9020","potentialAction":[{"@type":"SearchAction","target":{"@type":"EntryPoint","urlTemplate":"https:\/\/tahanpharma.com\/?s={search_term_string}"},"query-input":{"@type":"PropertyValueSpecification","valueRequired":true,"valueName":"search_term_string"}}],"inLanguage":"vi"}]}},"_links":{"self":[{"href":"https:\/\/tahanpharma.com\/vi\/wp-json\/wp\/v2\/pages\/490","targetHints":{"allow":["GET"]}}],"collection":[{"href":"https:\/\/tahanpharma.com\/vi\/wp-json\/wp\/v2\/pages"}],"about":[{"href":"https:\/\/tahanpharma.com\/vi\/wp-json\/wp\/v2\/types\/page"}],"author":[{"embeddable":true,"href":"https:\/\/tahanpharma.com\/vi\/wp-json\/wp\/v2\/users\/1"}],"replies":[{"embeddable":true,"href":"https:\/\/tahanpharma.com\/vi\/wp-json\/wp\/v2\/comments?post=490"}],"version-history":[{"count":0,"href":"https:\/\/tahanpharma.com\/vi\/wp-json\/wp\/v2\/pages\/490\/revisions"}],"wp:featuredmedia":[{"embeddable":true,"href":"https:\/\/tahanpharma.com\/vi\/wp-json\/wp\/v2\/media\/661"}],"wp:attachment":[{"href":"https:\/\/tahanpharma.com\/vi\/wp-json\/wp\/v2\/media?parent=490"}],"curies":[{"name":"wp","href":"https:\/\/api.w.org\/{rel}","templated":true}]}}