{"id":1020,"date":"2025-05-13T16:40:42","date_gmt":"2025-05-13T08:40:42","guid":{"rendered":"https:\/\/tahanpharma.com\/?post_type=product&#038;p=1020"},"modified":"2025-06-18T17:49:34","modified_gmt":"2025-06-18T09:49:34","slug":"%e9%81%a9%e6%bb%85%e7%97%9b-%e6%b3%a8%e5%b0%84%e5%8a%91","status":"publish","type":"product","link":"https:\/\/tahanpharma.com\/vi\/san-pham\/%e9%81%a9%e6%bb%85%e7%97%9b-%e6%b3%a8%e5%b0%84%e5%8a%91\/","title":{"rendered":"Ti\u00eam thu\u1ed1c gi\u1ea3m \u0111au"},"content":{"rendered":"<p>Ti\u00eam d\u01b0\u1edbi da b\u1eafp th\u1ecbt m\u1ed9t l\u1ea7n m\u1ed9t ng\u00e0y<\/p>\n<p>Ch\u00f3, m\u00e8o...0,5~2ml<\/p>\n<p>B\u00f2, ng\u1ef1a...10~20ml<\/p>\n<p>Th\u1eddi gian ng\u1eebng s\u1eed d\u1ee5ng: 96 gi\u1edd \u0111\u1ed1i v\u1edbi s\u1eefa.<\/p>","protected":false},"excerpt":{"rendered":"<p>T\u00ean thu\u1ed1c: DEXMESON INJ.<br \/>\nS\u1ed1 gi\u1ea5y ph\u00e9p: Gi\u1ea5y ph\u00e9p thu\u1ed1c th\u00fa y s\u1ed1 07129<br \/>\nD\u1ea1ng b\u00e0o ch\u1ebf: Ti\u00eam<br \/>\n\u0110\u00f3ng g\u00f3i: 100ml<br \/>\n\u0110\u1ed9ng v\u1eadt \u00e1p d\u1ee5ng: ch\u00f3, m\u00e8o, gia s\u00fac, ng\u1ef1a<br \/>\nHi\u1ec7u qu\u1ea3 (ch\u1ec9 \u0111\u1ecbnh): Gia s\u00fac, ng\u1ef1a, ch\u00f3, m\u00e8o: \u0111i\u1ec1u tr\u1ecb vi\u00eam kh\u1edbp, vi\u00eam da, vi\u00eam ph\u1ebf qu\u1ea3n v\u00e0 hen suy\u1ec5n.<br \/>\nTh\u00e0nh ph\u1ea7n: M\u1ed7i ml ch\u1ee9a<br \/>\nDexamethasone Natri Phosphate\u2026\u20261,0mg<\/p>","protected":false},"featured_media":1093,"comment_status":"open","ping_status":"closed","template":"","meta":[],"product_brand":[],"product_cat":[45,46,50,67,53,61,64,47,51,52],"product_tag":[],"class_list":{"0":"post-1020","1":"product","2":"type-product","3":"status-publish","4":"has-post-thumbnail","6":"product_cat-45","7":"product_cat-46","8":"product_cat-50","9":"product_cat-67","10":"product_cat-53","11":"product_cat-61","12":"product_cat-64","13":"product_cat-47","14":"product_cat-51","15":"product_cat-52","17":"first","18":"instock","19":"shipping-taxable","20":"product-type-simple"},"yoast_head":"<!-- This site is optimized with the Yoast SEO Premium plugin v25.3.1 (Yoast SEO v25.4) - https:\/\/yoast.com\/wordpress\/plugins\/seo\/ -->\n<title>\u9069\u6ec5\u75db \u6ce8\u5c04\u5291 - \u5927\u5b89\u5316\u5b78\u88fd\u85e5\u80a1\u4efd\u6709\u9650\u516c\u53f8<\/title>\n<meta name=\"robots\" content=\"index, follow, max-snippet:-1, max-image-preview:large, max-video-preview:-1\" \/>\n<link rel=\"canonical\" href=\"https:\/\/tahanpharma.com\/vi\/san-pham\/\u9069\u6ec5\u75db-\u6ce8\u5c04\u5291\/\" \/>\n<meta property=\"og:locale\" content=\"vi_VN\" \/>\n<meta property=\"og:type\" content=\"article\" \/>\n<meta property=\"og:title\" content=\"\u9069\u6ec5\u75db \u6ce8\u5c04\u5291\" \/>\n<meta property=\"og:description\" content=\"\u85e5\u54c1\u540d \uff1a DEXMESON INJ. \u8a31\u53ef\u8b49\u5b57\u865f \uff1a \u52d5\u7269\u85e5\u88fd\u5b57\u7b2c07129\u865f \u5291\u578b \uff1a \u6ce8\u5c04\u5291 \u5305\u88dd \uff1a 100ml \u9069\u7528\u52d5\u7269 \uff1a \u72ac\u3001\u8c93\u3001\u725b\u3001\u99ac \u6548\u80fd(\u9069\u61c9\u75c7) \uff1a \u725b\u3001\u99ac\u3001\u72ac\u3001\u8c93\uff1a\u6cbb\u7642\u95dc\u7bc0\u708e\u3001\u76ae\u819a\u708e\u3001\u652f\u6c23\u7ba1\u708e\u3001\u6c23\u5598\u3002 \u6210\u4efd \uff1a \u6bcfml\u4e2d\u542b\u6709 Dexamethasone Sodium Phosphate\u2026\u20261.0mg\" \/>\n<meta property=\"og:url\" content=\"https:\/\/tahanpharma.com\/vi\/san-pham\/\u9069\u6ec5\u75db-\u6ce8\u5c04\u5291\/\" \/>\n<meta property=\"og:site_name\" content=\"\u5927\u5b89\u5316\u5b78\u88fd\u85e5\u80a1\u4efd\u6709\u9650\u516c\u53f8\" \/>\n<meta property=\"article:modified_time\" content=\"2025-06-18T09:49:34+00:00\" \/>\n<meta property=\"og:image\" content=\"https:\/\/tahanpharma.com\/wp-content\/uploads\/2025\/05\/\u9069\u6ec5\u75db-\u6ce8\u5c04\u5291-01.jpg\" \/>\n\t<meta property=\"og:image:width\" content=\"1200\" \/>\n\t<meta property=\"og:image:height\" content=\"1200\" \/>\n\t<meta property=\"og:image:type\" content=\"image\/jpeg\" \/>\n<meta name=\"twitter:card\" content=\"summary_large_image\" \/>\n<script type=\"application\/ld+json\" class=\"yoast-schema-graph\">{\"@context\":\"https:\/\/schema.org\",\"@graph\":[{\"@type\":\"WebPage\",\"@id\":\"https:\/\/tahanpharma.com\/product\/%e9%81%a9%e6%bb%85%e7%97%9b-%e6%b3%a8%e5%b0%84%e5%8a%91\/\",\"url\":\"https:\/\/tahanpharma.com\/product\/%e9%81%a9%e6%bb%85%e7%97%9b-%e6%b3%a8%e5%b0%84%e5%8a%91\/\",\"name\":\"\u9069\u6ec5\u75db \u6ce8\u5c04\u5291 - \u5927\u5b89\u5316\u5b78\u88fd\u85e5\u80a1\u4efd\u6709\u9650\u516c\u53f8\",\"isPartOf\":{\"@id\":\"https:\/\/tahanpharma.com\/#website\"},\"primaryImageOfPage\":{\"@id\":\"https:\/\/tahanpharma.com\/product\/%e9%81%a9%e6%bb%85%e7%97%9b-%e6%b3%a8%e5%b0%84%e5%8a%91\/#primaryimage\"},\"image\":{\"@id\":\"https:\/\/tahanpharma.com\/product\/%e9%81%a9%e6%bb%85%e7%97%9b-%e6%b3%a8%e5%b0%84%e5%8a%91\/#primaryimage\"},\"thumbnailUrl\":\"https:\/\/tahanpharma.com\/wp-content\/uploads\/2025\/05\/\u9069\u6ec5\u75db-\u6ce8\u5c04\u5291-01.jpg\",\"datePublished\":\"2025-05-13T08:40:42+00:00\",\"dateModified\":\"2025-06-18T09:49:34+00:00\",\"breadcrumb\":{\"@id\":\"https:\/\/tahanpharma.com\/product\/%e9%81%a9%e6%bb%85%e7%97%9b-%e6%b3%a8%e5%b0%84%e5%8a%91\/#breadcrumb\"},\"inLanguage\":\"vi\",\"potentialAction\":[{\"@type\":\"ReadAction\",\"target\":[\"https:\/\/tahanpharma.com\/product\/%e9%81%a9%e6%bb%85%e7%97%9b-%e6%b3%a8%e5%b0%84%e5%8a%91\/\"]}]},{\"@type\":\"ImageObject\",\"inLanguage\":\"vi\",\"@id\":\"https:\/\/tahanpharma.com\/product\/%e9%81%a9%e6%bb%85%e7%97%9b-%e6%b3%a8%e5%b0%84%e5%8a%91\/#primaryimage\",\"url\":\"https:\/\/tahanpharma.com\/wp-content\/uploads\/2025\/05\/\u9069\u6ec5\u75db-\u6ce8\u5c04\u5291-01.jpg\",\"contentUrl\":\"https:\/\/tahanpharma.com\/wp-content\/uploads\/2025\/05\/\u9069\u6ec5\u75db-\u6ce8\u5c04\u5291-01.jpg\",\"width\":1200,\"height\":1200},{\"@type\":\"BreadcrumbList\",\"@id\":\"https:\/\/tahanpharma.com\/product\/%e9%81%a9%e6%bb%85%e7%97%9b-%e6%b3%a8%e5%b0%84%e5%8a%91\/#breadcrumb\",\"itemListElement\":[{\"@type\":\"ListItem\",\"position\":1,\"name\":\"\u9996\u9801\",\"item\":\"https:\/\/tahanpharma.com\/\"},{\"@type\":\"ListItem\",\"position\":2,\"name\":\"\u7522\u54c1\u7c21\u4ecb\",\"item\":\"https:\/\/tahanpharma.com\/product\/\"},{\"@type\":\"ListItem\",\"position\":3,\"name\":\"\u9069\u6ec5\u75db \u6ce8\u5c04\u5291\"}]},{\"@type\":\"WebSite\",\"@id\":\"https:\/\/tahanpharma.com\/#website\",\"url\":\"https:\/\/tahanpharma.com\/\",\"name\":\"\u5927\u5b89\u5316\u5b78\u88fd\u85e5\u80a1\u4efd\u6709\u9650\u516c\u53f8\",\"description\":\"\u52d5\u7269\u85e5\u54c1\u88fd\u9020\",\"potentialAction\":[{\"@type\":\"SearchAction\",\"target\":{\"@type\":\"EntryPoint\",\"urlTemplate\":\"https:\/\/tahanpharma.com\/?s={search_term_string}\"},\"query-input\":{\"@type\":\"PropertyValueSpecification\",\"valueRequired\":true,\"valueName\":\"search_term_string\"}}],\"inLanguage\":\"vi\"}]}<\/script>\n<!-- \/ Yoast SEO Premium plugin. -->","yoast_head_json":{"title":"\u9069\u6ec5\u75db \u6ce8\u5c04\u5291 - \u5927\u5b89\u5316\u5b78\u88fd\u85e5\u80a1\u4efd\u6709\u9650\u516c\u53f8","robots":{"index":"index","follow":"follow","max-snippet":"max-snippet:-1","max-image-preview":"max-image-preview:large","max-video-preview":"max-video-preview:-1"},"canonical":"https:\/\/tahanpharma.com\/vi\/san-pham\/\u9069\u6ec5\u75db-\u6ce8\u5c04\u5291\/","og_locale":"vi_VN","og_type":"article","og_title":"\u9069\u6ec5\u75db \u6ce8\u5c04\u5291","og_description":"\u85e5\u54c1\u540d \uff1a DEXMESON INJ. \u8a31\u53ef\u8b49\u5b57\u865f \uff1a \u52d5\u7269\u85e5\u88fd\u5b57\u7b2c07129\u865f \u5291\u578b \uff1a \u6ce8\u5c04\u5291 \u5305\u88dd \uff1a 100ml \u9069\u7528\u52d5\u7269 \uff1a \u72ac\u3001\u8c93\u3001\u725b\u3001\u99ac \u6548\u80fd(\u9069\u61c9\u75c7) \uff1a \u725b\u3001\u99ac\u3001\u72ac\u3001\u8c93\uff1a\u6cbb\u7642\u95dc\u7bc0\u708e\u3001\u76ae\u819a\u708e\u3001\u652f\u6c23\u7ba1\u708e\u3001\u6c23\u5598\u3002 \u6210\u4efd \uff1a \u6bcfml\u4e2d\u542b\u6709 Dexamethasone Sodium Phosphate\u2026\u20261.0mg","og_url":"https:\/\/tahanpharma.com\/vi\/san-pham\/\u9069\u6ec5\u75db-\u6ce8\u5c04\u5291\/","og_site_name":"\u5927\u5b89\u5316\u5b78\u88fd\u85e5\u80a1\u4efd\u6709\u9650\u516c\u53f8","article_modified_time":"2025-06-18T09:49:34+00:00","og_image":[{"width":1200,"height":1200,"url":"https:\/\/tahanpharma.com\/wp-content\/uploads\/2025\/05\/\u9069\u6ec5\u75db-\u6ce8\u5c04\u5291-01.jpg","type":"image\/jpeg"}],"twitter_card":"summary_large_image","schema":{"@context":"https:\/\/schema.org","@graph":[{"@type":"WebPage","@id":"https:\/\/tahanpharma.com\/product\/%e9%81%a9%e6%bb%85%e7%97%9b-%e6%b3%a8%e5%b0%84%e5%8a%91\/","url":"https:\/\/tahanpharma.com\/product\/%e9%81%a9%e6%bb%85%e7%97%9b-%e6%b3%a8%e5%b0%84%e5%8a%91\/","name":"\u9069\u6ec5\u75db \u6ce8\u5c04\u5291 - \u5927\u5b89\u5316\u5b78\u88fd\u85e5\u80a1\u4efd\u6709\u9650\u516c\u53f8","isPartOf":{"@id":"https:\/\/tahanpharma.com\/#website"},"primaryImageOfPage":{"@id":"https:\/\/tahanpharma.com\/product\/%e9%81%a9%e6%bb%85%e7%97%9b-%e6%b3%a8%e5%b0%84%e5%8a%91\/#primaryimage"},"image":{"@id":"https:\/\/tahanpharma.com\/product\/%e9%81%a9%e6%bb%85%e7%97%9b-%e6%b3%a8%e5%b0%84%e5%8a%91\/#primaryimage"},"thumbnailUrl":"https:\/\/tahanpharma.com\/wp-content\/uploads\/2025\/05\/\u9069\u6ec5\u75db-\u6ce8\u5c04\u5291-01.jpg","datePublished":"2025-05-13T08:40:42+00:00","dateModified":"2025-06-18T09:49:34+00:00","breadcrumb":{"@id":"https:\/\/tahanpharma.com\/product\/%e9%81%a9%e6%bb%85%e7%97%9b-%e6%b3%a8%e5%b0%84%e5%8a%91\/#breadcrumb"},"inLanguage":"vi","potentialAction":[{"@type":"ReadAction","target":["https:\/\/tahanpharma.com\/product\/%e9%81%a9%e6%bb%85%e7%97%9b-%e6%b3%a8%e5%b0%84%e5%8a%91\/"]}]},{"@type":"ImageObject","inLanguage":"vi","@id":"https:\/\/tahanpharma.com\/product\/%e9%81%a9%e6%bb%85%e7%97%9b-%e6%b3%a8%e5%b0%84%e5%8a%91\/#primaryimage","url":"https:\/\/tahanpharma.com\/wp-content\/uploads\/2025\/05\/\u9069\u6ec5\u75db-\u6ce8\u5c04\u5291-01.jpg","contentUrl":"https:\/\/tahanpharma.com\/wp-content\/uploads\/2025\/05\/\u9069\u6ec5\u75db-\u6ce8\u5c04\u5291-01.jpg","width":1200,"height":1200},{"@type":"BreadcrumbList","@id":"https:\/\/tahanpharma.com\/product\/%e9%81%a9%e6%bb%85%e7%97%9b-%e6%b3%a8%e5%b0%84%e5%8a%91\/#breadcrumb","itemListElement":[{"@type":"ListItem","position":1,"name":"\u9996\u9801","item":"https:\/\/tahanpharma.com\/"},{"@type":"ListItem","position":2,"name":"\u7522\u54c1\u7c21\u4ecb","item":"https:\/\/tahanpharma.com\/product\/"},{"@type":"ListItem","position":3,"name":"\u9069\u6ec5\u75db \u6ce8\u5c04\u5291"}]},{"@type":"WebSite","@id":"https:\/\/tahanpharma.com\/#website","url":"https:\/\/tahanpharma.com\/","name":"\u5927\u5b89\u5316\u5b78\u88fd\u85e5\u80a1\u4efd\u6709\u9650\u516c\u53f8","description":"\u52d5\u7269\u85e5\u54c1\u88fd\u9020","potentialAction":[{"@type":"SearchAction","target":{"@type":"EntryPoint","urlTemplate":"https:\/\/tahanpharma.com\/?s={search_term_string}"},"query-input":{"@type":"PropertyValueSpecification","valueRequired":true,"valueName":"search_term_string"}}],"inLanguage":"vi"}]}},"_links":{"self":[{"href":"https:\/\/tahanpharma.com\/vi\/wp-json\/wp\/v2\/product\/1020","targetHints":{"allow":["GET"]}}],"collection":[{"href":"https:\/\/tahanpharma.com\/vi\/wp-json\/wp\/v2\/product"}],"about":[{"href":"https:\/\/tahanpharma.com\/vi\/wp-json\/wp\/v2\/types\/product"}],"replies":[{"embeddable":true,"href":"https:\/\/tahanpharma.com\/vi\/wp-json\/wp\/v2\/comments?post=1020"}],"wp:featuredmedia":[{"embeddable":true,"href":"https:\/\/tahanpharma.com\/vi\/wp-json\/wp\/v2\/media\/1093"}],"wp:attachment":[{"href":"https:\/\/tahanpharma.com\/vi\/wp-json\/wp\/v2\/media?parent=1020"}],"wp:term":[{"taxonomy":"product_brand","embeddable":true,"href":"https:\/\/tahanpharma.com\/vi\/wp-json\/wp\/v2\/product_brand?post=1020"},{"taxonomy":"product_cat","embeddable":true,"href":"https:\/\/tahanpharma.com\/vi\/wp-json\/wp\/v2\/product_cat?post=1020"},{"taxonomy":"product_tag","embeddable":true,"href":"https:\/\/tahanpharma.com\/vi\/wp-json\/wp\/v2\/product_tag?post=1020"}],"curies":[{"name":"wp","href":"https:\/\/api.w.org\/{rel}","templated":true}]}}