{"id":1022,"date":"2025-05-13T16:42:41","date_gmt":"2025-05-13T08:42:41","guid":{"rendered":"https:\/\/tahanpharma.com\/?post_type=product&#038;p=1022"},"modified":"2025-06-18T17:49:53","modified_gmt":"2025-06-18T09:49:53","slug":"%e5%be%b7%e6%b2%99%e6%9d%be%e6%b3%a8%e5%b0%84%e5%8a%91","status":"publish","type":"product","link":"https:\/\/tahanpharma.com\/vi\/san-pham\/%e5%be%b7%e6%b2%99%e6%9d%be%e6%b3%a8%e5%b0%84%e5%8a%91\/","title":{"rendered":"Thu\u1ed1c ti\u00eam Dexamethasone"},"content":{"rendered":"<p>Ti\u00eam b\u1eafp.<\/p>\n<p>Gia s\u00fac: 10-30mL. Ng\u1ef1a: 5-20mL. C\u1eebu: 5-10mL.<\/p>\n<p>L\u1ee3n l\u1edbn: 5-10mL. L\u1ee3n v\u1eeba: 5-10mL. Heo con: 0,5-2mL.<\/p>\n<p>Ch\u00f3: 0,25-2mL. M\u00e8o v\u00e0 th\u1ecf: 0,125-0,5mL.<\/p>","protected":false},"excerpt":{"rendered":"<p>T\u00ean thu\u1ed1c: Dexasone Inj.<br \/>\nS\u1ed1 gi\u1ea5y ph\u00e9p: Gi\u1ea5y ph\u00e9p thu\u1ed1c th\u00fa y s\u1ed1 05802<br \/>\nD\u1ea1ng b\u00e0o ch\u1ebf: Ti\u00eam<br \/>\n\u0110\u00f3ng g\u00f3i: 10ml, 20ml, 50ml, 100ml<br \/>\n\u0110\u1ed9ng v\u1eadt \u00e1p d\u1ee5ng: gia s\u00fac, ng\u1ef1a, c\u1eebu, m\u00e8o, th\u1ecf, l\u1ee3n<br \/>\nC\u00f4ng d\u1ee5ng (ch\u1ec9 \u0111\u1ecbnh): C\u00f3 t\u00e1c d\u1ee5ng ch\u1ed1ng vi\u00eam trong c\u00e1c b\u1ec7nh d\u1ecb \u1ee9ng, ch\u00e0m, b\u1ecfng, ph\u00f9 n\u1ec1, vi\u00eam da, vi\u00eam kh\u1edbp c\u1ea5p, vi\u00eam v\u00fa c\u1ea5p, vi\u00eam ph\u1ed5i... v\u00e0 ch\u1ee9ng li\u1ec7t ch\u00e2n tay \u1edf \u0111\u1ed9ng v\u1eadt c\u00e1i do nhi\u1ec5m toan ceton tr\u01b0\u1edbc v\u00e0 sau khi sinh.<br \/>\nTh\u00e0nh ph\u1ea7n: M\u1ed7i mL ch\u1ee9a:<br \/>\nDexamethasone Natri Phosphate t\u01b0\u01a1ng \u0111\u01b0\u01a1ng. \u0111\u1ebfn Dexamethasone Phosphate\u2026\u2026\u2026\u2026\u2026.1mg<\/p>","protected":false},"featured_media":1550,"comment_status":"open","ping_status":"closed","template":"","meta":[],"product_brand":[],"product_cat":[45,46,50,64,67,68,53,61,47,51,48,52],"product_tag":[],"class_list":{"0":"post-1022","1":"product","2":"type-product","3":"status-publish","4":"has-post-thumbnail","6":"product_cat-45","7":"product_cat-46","8":"product_cat-50","9":"product_cat-64","10":"product_cat-67","11":"product_cat-68","12":"product_cat-53","13":"product_cat-61","14":"product_cat-47","15":"product_cat-51","16":"product_cat-48","17":"product_cat-52","19":"first","20":"instock","21":"shipping-taxable","22":"product-type-simple"},"yoast_head":"<!-- This site is optimized with the Yoast SEO Premium plugin v25.3.1 (Yoast SEO v25.4) - https:\/\/yoast.com\/wordpress\/plugins\/seo\/ -->\n<title>\u5fb7\u6c99\u677e\u6ce8\u5c04\u5291 - \u5927\u5b89\u5316\u5b78\u88fd\u85e5\u80a1\u4efd\u6709\u9650\u516c\u53f8<\/title>\n<meta name=\"robots\" content=\"index, follow, max-snippet:-1, max-image-preview:large, max-video-preview:-1\" \/>\n<link rel=\"canonical\" href=\"https:\/\/tahanpharma.com\/vi\/san-pham\/\u5fb7\u6c99\u677e\u6ce8\u5c04\u5291\/\" \/>\n<meta property=\"og:locale\" content=\"vi_VN\" \/>\n<meta property=\"og:type\" content=\"article\" \/>\n<meta property=\"og:title\" content=\"\u5fb7\u6c99\u677e\u6ce8\u5c04\u5291\" \/>\n<meta property=\"og:description\" content=\"\u85e5\u54c1\u540d \uff1a Dexasone Inj. \u8a31\u53ef\u8b49\u5b57\u865f \uff1a \u52d5\u7269\u85e5\u88fd\u5b57\u7b2c05802\u865f \u5291\u578b \uff1a \u6ce8\u5c04\u5291 \u5305\u88dd \uff1a 10ml,20ml,50ml,100ml \u9069\u7528\u52d5\u7269 \uff1a \u725b\u3001\u99ac\u3001\u7f8a\u3001\u8c93\u3001\u5154\u3001\u8c6c \u6548\u80fd(\u9069\u61c9\u75c7) \uff1a \u904e\u654f\u6027\u75be\u60a3\u3001\u6fd5\u75b9\u3001\u706b\u50b7\u3001\u6d6e\u816b\u3001\u76ae\u819a\u708e\u3001\u6025\u6027\u95dc\u7bc0\u708e\u3001\u6025\u6027\u4e73\u623f\u708e\u3001\u80ba\u708e\u7b49\u6297\u708e\u4f5c\u7528\uff0c\u7522\u524d\u7522\u5f8c\u56e0\u916e\u8840\u75c7\u6240\u5f15\u8d77\u7684\u6bcd\u755c\u56db\u80a2\u9ebb\u75fa\u3002 \u6210\u4efd \uff1a Each mL contains\uff1a Dexamethasone Sodium Phosphate eq. to Dexamethasone Phosphate\u2026\u2026\u2026\u2026\u2026.1mg\" \/>\n<meta property=\"og:url\" content=\"https:\/\/tahanpharma.com\/vi\/san-pham\/\u5fb7\u6c99\u677e\u6ce8\u5c04\u5291\/\" \/>\n<meta property=\"og:site_name\" content=\"\u5927\u5b89\u5316\u5b78\u88fd\u85e5\u80a1\u4efd\u6709\u9650\u516c\u53f8\" \/>\n<meta property=\"article:modified_time\" content=\"2025-06-18T09:49:53+00:00\" \/>\n<meta property=\"og:image\" content=\"https:\/\/tahanpharma.com\/wp-content\/uploads\/2025\/05\/\u5fb7\u6c99\u677e\u6ce8\u5c04\u5291-01.jpg\" \/>\n\t<meta property=\"og:image:width\" content=\"1200\" \/>\n\t<meta property=\"og:image:height\" content=\"1200\" \/>\n\t<meta property=\"og:image:type\" content=\"image\/jpeg\" \/>\n<meta name=\"twitter:card\" content=\"summary_large_image\" \/>\n<script type=\"application\/ld+json\" class=\"yoast-schema-graph\">{\"@context\":\"https:\/\/schema.org\",\"@graph\":[{\"@type\":\"WebPage\",\"@id\":\"https:\/\/tahanpharma.com\/product\/%e5%be%b7%e6%b2%99%e6%9d%be%e6%b3%a8%e5%b0%84%e5%8a%91\/\",\"url\":\"https:\/\/tahanpharma.com\/product\/%e5%be%b7%e6%b2%99%e6%9d%be%e6%b3%a8%e5%b0%84%e5%8a%91\/\",\"name\":\"\u5fb7\u6c99\u677e\u6ce8\u5c04\u5291 - \u5927\u5b89\u5316\u5b78\u88fd\u85e5\u80a1\u4efd\u6709\u9650\u516c\u53f8\",\"isPartOf\":{\"@id\":\"https:\/\/tahanpharma.com\/#website\"},\"primaryImageOfPage\":{\"@id\":\"https:\/\/tahanpharma.com\/product\/%e5%be%b7%e6%b2%99%e6%9d%be%e6%b3%a8%e5%b0%84%e5%8a%91\/#primaryimage\"},\"image\":{\"@id\":\"https:\/\/tahanpharma.com\/product\/%e5%be%b7%e6%b2%99%e6%9d%be%e6%b3%a8%e5%b0%84%e5%8a%91\/#primaryimage\"},\"thumbnailUrl\":\"https:\/\/tahanpharma.com\/wp-content\/uploads\/2025\/05\/\u5fb7\u6c99\u677e\u6ce8\u5c04\u5291-01.jpg\",\"datePublished\":\"2025-05-13T08:42:41+00:00\",\"dateModified\":\"2025-06-18T09:49:53+00:00\",\"breadcrumb\":{\"@id\":\"https:\/\/tahanpharma.com\/product\/%e5%be%b7%e6%b2%99%e6%9d%be%e6%b3%a8%e5%b0%84%e5%8a%91\/#breadcrumb\"},\"inLanguage\":\"vi\",\"potentialAction\":[{\"@type\":\"ReadAction\",\"target\":[\"https:\/\/tahanpharma.com\/product\/%e5%be%b7%e6%b2%99%e6%9d%be%e6%b3%a8%e5%b0%84%e5%8a%91\/\"]}]},{\"@type\":\"ImageObject\",\"inLanguage\":\"vi\",\"@id\":\"https:\/\/tahanpharma.com\/product\/%e5%be%b7%e6%b2%99%e6%9d%be%e6%b3%a8%e5%b0%84%e5%8a%91\/#primaryimage\",\"url\":\"https:\/\/tahanpharma.com\/wp-content\/uploads\/2025\/05\/\u5fb7\u6c99\u677e\u6ce8\u5c04\u5291-01.jpg\",\"contentUrl\":\"https:\/\/tahanpharma.com\/wp-content\/uploads\/2025\/05\/\u5fb7\u6c99\u677e\u6ce8\u5c04\u5291-01.jpg\",\"width\":1200,\"height\":1200},{\"@type\":\"BreadcrumbList\",\"@id\":\"https:\/\/tahanpharma.com\/product\/%e5%be%b7%e6%b2%99%e6%9d%be%e6%b3%a8%e5%b0%84%e5%8a%91\/#breadcrumb\",\"itemListElement\":[{\"@type\":\"ListItem\",\"position\":1,\"name\":\"\u9996\u9801\",\"item\":\"https:\/\/tahanpharma.com\/\"},{\"@type\":\"ListItem\",\"position\":2,\"name\":\"\u7522\u54c1\u7c21\u4ecb\",\"item\":\"https:\/\/tahanpharma.com\/product\/\"},{\"@type\":\"ListItem\",\"position\":3,\"name\":\"\u5fb7\u6c99\u677e\u6ce8\u5c04\u5291\"}]},{\"@type\":\"WebSite\",\"@id\":\"https:\/\/tahanpharma.com\/#website\",\"url\":\"https:\/\/tahanpharma.com\/\",\"name\":\"\u5927\u5b89\u5316\u5b78\u88fd\u85e5\u80a1\u4efd\u6709\u9650\u516c\u53f8\",\"description\":\"\u52d5\u7269\u85e5\u54c1\u88fd\u9020\",\"potentialAction\":[{\"@type\":\"SearchAction\",\"target\":{\"@type\":\"EntryPoint\",\"urlTemplate\":\"https:\/\/tahanpharma.com\/?s={search_term_string}\"},\"query-input\":{\"@type\":\"PropertyValueSpecification\",\"valueRequired\":true,\"valueName\":\"search_term_string\"}}],\"inLanguage\":\"vi\"}]}<\/script>\n<!-- \/ Yoast SEO Premium plugin. -->","yoast_head_json":{"title":"\u5fb7\u6c99\u677e\u6ce8\u5c04\u5291 - \u5927\u5b89\u5316\u5b78\u88fd\u85e5\u80a1\u4efd\u6709\u9650\u516c\u53f8","robots":{"index":"index","follow":"follow","max-snippet":"max-snippet:-1","max-image-preview":"max-image-preview:large","max-video-preview":"max-video-preview:-1"},"canonical":"https:\/\/tahanpharma.com\/vi\/san-pham\/\u5fb7\u6c99\u677e\u6ce8\u5c04\u5291\/","og_locale":"vi_VN","og_type":"article","og_title":"\u5fb7\u6c99\u677e\u6ce8\u5c04\u5291","og_description":"\u85e5\u54c1\u540d \uff1a Dexasone Inj. \u8a31\u53ef\u8b49\u5b57\u865f \uff1a \u52d5\u7269\u85e5\u88fd\u5b57\u7b2c05802\u865f \u5291\u578b \uff1a \u6ce8\u5c04\u5291 \u5305\u88dd \uff1a 10ml,20ml,50ml,100ml \u9069\u7528\u52d5\u7269 \uff1a \u725b\u3001\u99ac\u3001\u7f8a\u3001\u8c93\u3001\u5154\u3001\u8c6c \u6548\u80fd(\u9069\u61c9\u75c7) \uff1a \u904e\u654f\u6027\u75be\u60a3\u3001\u6fd5\u75b9\u3001\u706b\u50b7\u3001\u6d6e\u816b\u3001\u76ae\u819a\u708e\u3001\u6025\u6027\u95dc\u7bc0\u708e\u3001\u6025\u6027\u4e73\u623f\u708e\u3001\u80ba\u708e\u7b49\u6297\u708e\u4f5c\u7528\uff0c\u7522\u524d\u7522\u5f8c\u56e0\u916e\u8840\u75c7\u6240\u5f15\u8d77\u7684\u6bcd\u755c\u56db\u80a2\u9ebb\u75fa\u3002 \u6210\u4efd \uff1a Each mL contains\uff1a Dexamethasone Sodium Phosphate eq. to Dexamethasone Phosphate\u2026\u2026\u2026\u2026\u2026.1mg","og_url":"https:\/\/tahanpharma.com\/vi\/san-pham\/\u5fb7\u6c99\u677e\u6ce8\u5c04\u5291\/","og_site_name":"\u5927\u5b89\u5316\u5b78\u88fd\u85e5\u80a1\u4efd\u6709\u9650\u516c\u53f8","article_modified_time":"2025-06-18T09:49:53+00:00","og_image":[{"width":1200,"height":1200,"url":"https:\/\/tahanpharma.com\/wp-content\/uploads\/2025\/05\/\u5fb7\u6c99\u677e\u6ce8\u5c04\u5291-01.jpg","type":"image\/jpeg"}],"twitter_card":"summary_large_image","schema":{"@context":"https:\/\/schema.org","@graph":[{"@type":"WebPage","@id":"https:\/\/tahanpharma.com\/product\/%e5%be%b7%e6%b2%99%e6%9d%be%e6%b3%a8%e5%b0%84%e5%8a%91\/","url":"https:\/\/tahanpharma.com\/product\/%e5%be%b7%e6%b2%99%e6%9d%be%e6%b3%a8%e5%b0%84%e5%8a%91\/","name":"\u5fb7\u6c99\u677e\u6ce8\u5c04\u5291 - \u5927\u5b89\u5316\u5b78\u88fd\u85e5\u80a1\u4efd\u6709\u9650\u516c\u53f8","isPartOf":{"@id":"https:\/\/tahanpharma.com\/#website"},"primaryImageOfPage":{"@id":"https:\/\/tahanpharma.com\/product\/%e5%be%b7%e6%b2%99%e6%9d%be%e6%b3%a8%e5%b0%84%e5%8a%91\/#primaryimage"},"image":{"@id":"https:\/\/tahanpharma.com\/product\/%e5%be%b7%e6%b2%99%e6%9d%be%e6%b3%a8%e5%b0%84%e5%8a%91\/#primaryimage"},"thumbnailUrl":"https:\/\/tahanpharma.com\/wp-content\/uploads\/2025\/05\/\u5fb7\u6c99\u677e\u6ce8\u5c04\u5291-01.jpg","datePublished":"2025-05-13T08:42:41+00:00","dateModified":"2025-06-18T09:49:53+00:00","breadcrumb":{"@id":"https:\/\/tahanpharma.com\/product\/%e5%be%b7%e6%b2%99%e6%9d%be%e6%b3%a8%e5%b0%84%e5%8a%91\/#breadcrumb"},"inLanguage":"vi","potentialAction":[{"@type":"ReadAction","target":["https:\/\/tahanpharma.com\/product\/%e5%be%b7%e6%b2%99%e6%9d%be%e6%b3%a8%e5%b0%84%e5%8a%91\/"]}]},{"@type":"ImageObject","inLanguage":"vi","@id":"https:\/\/tahanpharma.com\/product\/%e5%be%b7%e6%b2%99%e6%9d%be%e6%b3%a8%e5%b0%84%e5%8a%91\/#primaryimage","url":"https:\/\/tahanpharma.com\/wp-content\/uploads\/2025\/05\/\u5fb7\u6c99\u677e\u6ce8\u5c04\u5291-01.jpg","contentUrl":"https:\/\/tahanpharma.com\/wp-content\/uploads\/2025\/05\/\u5fb7\u6c99\u677e\u6ce8\u5c04\u5291-01.jpg","width":1200,"height":1200},{"@type":"BreadcrumbList","@id":"https:\/\/tahanpharma.com\/product\/%e5%be%b7%e6%b2%99%e6%9d%be%e6%b3%a8%e5%b0%84%e5%8a%91\/#breadcrumb","itemListElement":[{"@type":"ListItem","position":1,"name":"\u9996\u9801","item":"https:\/\/tahanpharma.com\/"},{"@type":"ListItem","position":2,"name":"\u7522\u54c1\u7c21\u4ecb","item":"https:\/\/tahanpharma.com\/product\/"},{"@type":"ListItem","position":3,"name":"\u5fb7\u6c99\u677e\u6ce8\u5c04\u5291"}]},{"@type":"WebSite","@id":"https:\/\/tahanpharma.com\/#website","url":"https:\/\/tahanpharma.com\/","name":"\u5927\u5b89\u5316\u5b78\u88fd\u85e5\u80a1\u4efd\u6709\u9650\u516c\u53f8","description":"\u52d5\u7269\u85e5\u54c1\u88fd\u9020","potentialAction":[{"@type":"SearchAction","target":{"@type":"EntryPoint","urlTemplate":"https:\/\/tahanpharma.com\/?s={search_term_string}"},"query-input":{"@type":"PropertyValueSpecification","valueRequired":true,"valueName":"search_term_string"}}],"inLanguage":"vi"}]}},"_links":{"self":[{"href":"https:\/\/tahanpharma.com\/vi\/wp-json\/wp\/v2\/product\/1022","targetHints":{"allow":["GET"]}}],"collection":[{"href":"https:\/\/tahanpharma.com\/vi\/wp-json\/wp\/v2\/product"}],"about":[{"href":"https:\/\/tahanpharma.com\/vi\/wp-json\/wp\/v2\/types\/product"}],"replies":[{"embeddable":true,"href":"https:\/\/tahanpharma.com\/vi\/wp-json\/wp\/v2\/comments?post=1022"}],"wp:featuredmedia":[{"embeddable":true,"href":"https:\/\/tahanpharma.com\/vi\/wp-json\/wp\/v2\/media\/1550"}],"wp:attachment":[{"href":"https:\/\/tahanpharma.com\/vi\/wp-json\/wp\/v2\/media?parent=1022"}],"wp:term":[{"taxonomy":"product_brand","embeddable":true,"href":"https:\/\/tahanpharma.com\/vi\/wp-json\/wp\/v2\/product_brand?post=1022"},{"taxonomy":"product_cat","embeddable":true,"href":"https:\/\/tahanpharma.com\/vi\/wp-json\/wp\/v2\/product_cat?post=1022"},{"taxonomy":"product_tag","embeddable":true,"href":"https:\/\/tahanpharma.com\/vi\/wp-json\/wp\/v2\/product_tag?post=1022"}],"curies":[{"name":"wp","href":"https:\/\/api.w.org\/{rel}","templated":true}]}}