{"id":1913,"date":"2025-06-18T09:57:51","date_gmt":"2025-06-18T01:57:51","guid":{"rendered":"https:\/\/tahanpharma.com\/?post_type=product&#038;p=1913"},"modified":"2025-06-19T14:37:53","modified_gmt":"2025-06-19T06:37:53","slug":"%e5%ae%89%e8%8e%ab%e8%83%bd-20","status":"publish","type":"product","link":"https:\/\/tahanpharma.com\/vi\/san-pham\/%e5%ae%89%e8%8e%ab%e8%83%bd-20\/","title":{"rendered":"Anmonen -20"},"content":{"rendered":"<p>Heo: D\u00f9ng 50mg\/kg th\u1ec3 tr\u1ecdng, ng\u00e0y 2 l\u1ea7n, trong 3-5 ng\u00e0y li\u00ean ti\u1ebfp, ng\u00e2m v\u00e0o n\u01b0\u1edbc cho u\u1ed1ng ho\u1eb7c cho \u0103n tr\u1ef1c ti\u1ebfp.<\/p>\n<p>Gia c\u1ea7m: H\u00f2a tan 100 gam thu\u1ed1c n\u00e0y v\u00e0o 400 l\u00edt n\u01b0\u1edbc v\u00e0 u\u1ed1ng trong 2-3 ng\u00e0y.<\/p>\n<p>B\u00ea: D\u00f9ng 12 mg\/kg th\u1ec3 tr\u1ecdng, ng\u00e2m v\u00e0o n\u01b0\u1edbc cho u\u1ed1ng ho\u1eb7c cho \u0103n.<\/p>","protected":false},"excerpt":{"rendered":"<p>T\u00ean thu\u1ed1c: Amolin-20<br \/>\nS\u1ed1 gi\u1ea5y ph\u00e9p: Gi\u1ea5y ph\u00e9p thu\u1ed1c th\u00fa y s\u1ed1 07842<br \/>\nD\u1ea1ng b\u00e0o ch\u1ebf: B\u1ed9t \u0111i\u1ec1u tr\u1ecb (d\u00f9ng u\u1ed1ng)<br \/>\n\u0110\u00f3ng g\u00f3i: 100g, 500g, 1kg, 10kg, 25kg<br \/>\n\u0110\u1ed9ng v\u1eadt \u00e1p d\u1ee5ng: gia s\u00fac, c\u1eebu, l\u1ee3n, ch\u00f3, ng\u1ef1a, g\u00e0<br \/>\nHi\u1ec7u qu\u1ea3 (Ch\u1ec9 \u0111\u1ecbnh): Ch\u0103n nu\u00f4i: \u0110i\u1ec1u tr\u1ecb b\u1ec7nh Escherichia coli, b\u1ec7nh Salmonellosis, b\u1ec7nh Haemophilus influenzae, nhi\u1ec5m tr\u00f9ng Pasteurella, vi\u00eam ph\u1ed5i, vi\u00eam m\u0169i teo, \u00e1p xe h\u1ed3ng ban v\u00e0 vi\u00eam m\u00e0ng n\u00e3o.<br \/>\nG\u00e0: \u0110i\u1ec1u tr\u1ecb b\u1ec7nh Escherichia coli, b\u1ec7nh th\u01b0\u01a1ng h\u00e0n, b\u1ec7nh Colichia v\u00e0 b\u1ec7nh ti\u00eau ch\u1ea3y do vi khu\u1ea9n.<br \/>\nTh\u00e0nh ph\u1ea7n: M\u1ed7i gam ch\u1ee9a:<br \/>\nAmoxicillin Trihydrate...200mg(H\u1ed9p)<\/p>","protected":false},"featured_media":1914,"comment_status":"open","ping_status":"closed","template":"","meta":[],"product_brand":[],"product_cat":[62,45,49,46,70,71,72,54,50,47,51,48],"product_tag":[],"class_list":{"0":"post-1913","1":"product","2":"type-product","3":"status-publish","4":"has-post-thumbnail","6":"product_cat-62","7":"product_cat-45","8":"product_cat-49","9":"product_cat-46","10":"product_cat-70","11":"product_cat-71","12":"product_cat-72","13":"product_cat-54","14":"product_cat-50","15":"product_cat-47","16":"product_cat-51","17":"product_cat-48","19":"first","20":"instock","21":"shipping-taxable","22":"product-type-simple"},"yoast_head":"<!-- This site is optimized with the Yoast SEO Premium plugin v25.3.1 (Yoast SEO v25.4) - https:\/\/yoast.com\/wordpress\/plugins\/seo\/ -->\n<title>\u5b89\u83ab\u80fd-20 - \u5927\u5b89\u5316\u5b78\u88fd\u85e5\u80a1\u4efd\u6709\u9650\u516c\u53f8<\/title>\n<meta name=\"robots\" content=\"index, follow, max-snippet:-1, max-image-preview:large, max-video-preview:-1\" \/>\n<link rel=\"canonical\" href=\"https:\/\/tahanpharma.com\/vi\/san-pham\/\u5b89\u83ab\u80fd-20\/\" \/>\n<meta property=\"og:locale\" content=\"vi_VN\" \/>\n<meta property=\"og:type\" content=\"article\" \/>\n<meta property=\"og:title\" content=\"\u5b89\u83ab\u80fd-20\" \/>\n<meta property=\"og:description\" content=\"\u85e5\u54c1\u540d \uff1a Amolin-20 \u8a31\u53ef\u8b49\u5b57\u865f \uff1a \u52d5\u7269\u85e5\u88fd\u5b57\u7b2c07842\u865f \u5291\u578b \uff1a \u6cbb\u7642\u7528\u6563\u5291(\u5167\u7528) \u5305\u88dd \uff1a 100g,500g,1kg,10kg,25kg \u9069\u7528\u52d5\u7269 \uff1a \u725b\u3001\u7f8a\u3001\u732a\u3001\u72d7\u3001\u99ac\u3001\u96de \u6548\u80fd(\u9069\u61c9\u75c7) \uff1a \u5bb6\u755c\uff1a\u6cbb\u7642\u5927\u8178\u687f\u83cc\u75c7\u3001\u6c99\u9580\u6c0f\u83cc\u75c7\u3001\u55dc\u8840\u687f\u83cc\u75c7\u3001\u5df4\u6c0f\u687f\u83cc\u75c7\u3001\u80ba\u708e\u3001\u840e\u7e2e\u6027\u9f3b\u708e\u3001\u4e39\u6bd2\u81bf\u816b\u3001\u8166\u819c\u708e\u3002 \u96de\uff1a\u6cbb\u7642\u5927\u8178\u687f\u83cc\u75c7\u3001\u6c99\u9580\u6c0f\u83cc\u75c7\u3001\u53ef\u5229\u67e5\u3001\u7d30\u83cc\u6027\u4e0b\u75e2\u3002 \u6210\u4efd \uff1a \u6bcf\u516c\u514b\u542b\uff1a Amoxicillin Trihydrate ..\u2026.200mg(Pot.)\" \/>\n<meta property=\"og:url\" content=\"https:\/\/tahanpharma.com\/vi\/san-pham\/\u5b89\u83ab\u80fd-20\/\" \/>\n<meta property=\"og:site_name\" content=\"\u5927\u5b89\u5316\u5b78\u88fd\u85e5\u80a1\u4efd\u6709\u9650\u516c\u53f8\" \/>\n<meta property=\"article:modified_time\" content=\"2025-06-19T06:37:53+00:00\" \/>\n<meta property=\"og:image\" content=\"https:\/\/tahanpharma.com\/wp-content\/uploads\/2025\/06\/\u5b89\u83ab\u80fd-20-01.jpg\" \/>\n\t<meta property=\"og:image:width\" content=\"500\" \/>\n\t<meta property=\"og:image:height\" content=\"500\" \/>\n\t<meta property=\"og:image:type\" content=\"image\/jpeg\" \/>\n<meta name=\"twitter:card\" content=\"summary_large_image\" \/>\n<script type=\"application\/ld+json\" class=\"yoast-schema-graph\">{\"@context\":\"https:\/\/schema.org\",\"@graph\":[{\"@type\":\"WebPage\",\"@id\":\"https:\/\/tahanpharma.com\/product\/%e5%ae%89%e8%8e%ab%e8%83%bd-20\/\",\"url\":\"https:\/\/tahanpharma.com\/product\/%e5%ae%89%e8%8e%ab%e8%83%bd-20\/\",\"name\":\"\u5b89\u83ab\u80fd-20 - \u5927\u5b89\u5316\u5b78\u88fd\u85e5\u80a1\u4efd\u6709\u9650\u516c\u53f8\",\"isPartOf\":{\"@id\":\"https:\/\/tahanpharma.com\/#website\"},\"primaryImageOfPage\":{\"@id\":\"https:\/\/tahanpharma.com\/product\/%e5%ae%89%e8%8e%ab%e8%83%bd-20\/#primaryimage\"},\"image\":{\"@id\":\"https:\/\/tahanpharma.com\/product\/%e5%ae%89%e8%8e%ab%e8%83%bd-20\/#primaryimage\"},\"thumbnailUrl\":\"https:\/\/tahanpharma.com\/wp-content\/uploads\/2025\/06\/\u5b89\u83ab\u80fd-20-01.jpg\",\"datePublished\":\"2025-06-18T01:57:51+00:00\",\"dateModified\":\"2025-06-19T06:37:53+00:00\",\"breadcrumb\":{\"@id\":\"https:\/\/tahanpharma.com\/product\/%e5%ae%89%e8%8e%ab%e8%83%bd-20\/#breadcrumb\"},\"inLanguage\":\"vi\",\"potentialAction\":[{\"@type\":\"ReadAction\",\"target\":[\"https:\/\/tahanpharma.com\/product\/%e5%ae%89%e8%8e%ab%e8%83%bd-20\/\"]}]},{\"@type\":\"ImageObject\",\"inLanguage\":\"vi\",\"@id\":\"https:\/\/tahanpharma.com\/product\/%e5%ae%89%e8%8e%ab%e8%83%bd-20\/#primaryimage\",\"url\":\"https:\/\/tahanpharma.com\/wp-content\/uploads\/2025\/06\/\u5b89\u83ab\u80fd-20-01.jpg\",\"contentUrl\":\"https:\/\/tahanpharma.com\/wp-content\/uploads\/2025\/06\/\u5b89\u83ab\u80fd-20-01.jpg\",\"width\":500,\"height\":500},{\"@type\":\"BreadcrumbList\",\"@id\":\"https:\/\/tahanpharma.com\/product\/%e5%ae%89%e8%8e%ab%e8%83%bd-20\/#breadcrumb\",\"itemListElement\":[{\"@type\":\"ListItem\",\"position\":1,\"name\":\"\u9996\u9801\",\"item\":\"https:\/\/tahanpharma.com\/\"},{\"@type\":\"ListItem\",\"position\":2,\"name\":\"\u7522\u54c1\u7c21\u4ecb\",\"item\":\"https:\/\/tahanpharma.com\/product\/\"},{\"@type\":\"ListItem\",\"position\":3,\"name\":\"\u5b89\u83ab\u80fd-20\"}]},{\"@type\":\"WebSite\",\"@id\":\"https:\/\/tahanpharma.com\/#website\",\"url\":\"https:\/\/tahanpharma.com\/\",\"name\":\"\u5927\u5b89\u5316\u5b78\u88fd\u85e5\u80a1\u4efd\u6709\u9650\u516c\u53f8\",\"description\":\"\u52d5\u7269\u85e5\u54c1\u88fd\u9020\",\"potentialAction\":[{\"@type\":\"SearchAction\",\"target\":{\"@type\":\"EntryPoint\",\"urlTemplate\":\"https:\/\/tahanpharma.com\/?s={search_term_string}\"},\"query-input\":{\"@type\":\"PropertyValueSpecification\",\"valueRequired\":true,\"valueName\":\"search_term_string\"}}],\"inLanguage\":\"vi\"}]}<\/script>\n<!-- \/ Yoast SEO Premium plugin. -->","yoast_head_json":{"title":"\u5b89\u83ab\u80fd-20 - \u5927\u5b89\u5316\u5b78\u88fd\u85e5\u80a1\u4efd\u6709\u9650\u516c\u53f8","robots":{"index":"index","follow":"follow","max-snippet":"max-snippet:-1","max-image-preview":"max-image-preview:large","max-video-preview":"max-video-preview:-1"},"canonical":"https:\/\/tahanpharma.com\/vi\/san-pham\/\u5b89\u83ab\u80fd-20\/","og_locale":"vi_VN","og_type":"article","og_title":"\u5b89\u83ab\u80fd-20","og_description":"\u85e5\u54c1\u540d \uff1a Amolin-20 \u8a31\u53ef\u8b49\u5b57\u865f \uff1a \u52d5\u7269\u85e5\u88fd\u5b57\u7b2c07842\u865f \u5291\u578b \uff1a \u6cbb\u7642\u7528\u6563\u5291(\u5167\u7528) \u5305\u88dd \uff1a 100g,500g,1kg,10kg,25kg \u9069\u7528\u52d5\u7269 \uff1a \u725b\u3001\u7f8a\u3001\u732a\u3001\u72d7\u3001\u99ac\u3001\u96de \u6548\u80fd(\u9069\u61c9\u75c7) \uff1a \u5bb6\u755c\uff1a\u6cbb\u7642\u5927\u8178\u687f\u83cc\u75c7\u3001\u6c99\u9580\u6c0f\u83cc\u75c7\u3001\u55dc\u8840\u687f\u83cc\u75c7\u3001\u5df4\u6c0f\u687f\u83cc\u75c7\u3001\u80ba\u708e\u3001\u840e\u7e2e\u6027\u9f3b\u708e\u3001\u4e39\u6bd2\u81bf\u816b\u3001\u8166\u819c\u708e\u3002 \u96de\uff1a\u6cbb\u7642\u5927\u8178\u687f\u83cc\u75c7\u3001\u6c99\u9580\u6c0f\u83cc\u75c7\u3001\u53ef\u5229\u67e5\u3001\u7d30\u83cc\u6027\u4e0b\u75e2\u3002 \u6210\u4efd \uff1a \u6bcf\u516c\u514b\u542b\uff1a Amoxicillin Trihydrate ..\u2026.200mg(Pot.)","og_url":"https:\/\/tahanpharma.com\/vi\/san-pham\/\u5b89\u83ab\u80fd-20\/","og_site_name":"\u5927\u5b89\u5316\u5b78\u88fd\u85e5\u80a1\u4efd\u6709\u9650\u516c\u53f8","article_modified_time":"2025-06-19T06:37:53+00:00","og_image":[{"width":500,"height":500,"url":"https:\/\/tahanpharma.com\/wp-content\/uploads\/2025\/06\/\u5b89\u83ab\u80fd-20-01.jpg","type":"image\/jpeg"}],"twitter_card":"summary_large_image","schema":{"@context":"https:\/\/schema.org","@graph":[{"@type":"WebPage","@id":"https:\/\/tahanpharma.com\/product\/%e5%ae%89%e8%8e%ab%e8%83%bd-20\/","url":"https:\/\/tahanpharma.com\/product\/%e5%ae%89%e8%8e%ab%e8%83%bd-20\/","name":"\u5b89\u83ab\u80fd-20 - \u5927\u5b89\u5316\u5b78\u88fd\u85e5\u80a1\u4efd\u6709\u9650\u516c\u53f8","isPartOf":{"@id":"https:\/\/tahanpharma.com\/#website"},"primaryImageOfPage":{"@id":"https:\/\/tahanpharma.com\/product\/%e5%ae%89%e8%8e%ab%e8%83%bd-20\/#primaryimage"},"image":{"@id":"https:\/\/tahanpharma.com\/product\/%e5%ae%89%e8%8e%ab%e8%83%bd-20\/#primaryimage"},"thumbnailUrl":"https:\/\/tahanpharma.com\/wp-content\/uploads\/2025\/06\/\u5b89\u83ab\u80fd-20-01.jpg","datePublished":"2025-06-18T01:57:51+00:00","dateModified":"2025-06-19T06:37:53+00:00","breadcrumb":{"@id":"https:\/\/tahanpharma.com\/product\/%e5%ae%89%e8%8e%ab%e8%83%bd-20\/#breadcrumb"},"inLanguage":"vi","potentialAction":[{"@type":"ReadAction","target":["https:\/\/tahanpharma.com\/product\/%e5%ae%89%e8%8e%ab%e8%83%bd-20\/"]}]},{"@type":"ImageObject","inLanguage":"vi","@id":"https:\/\/tahanpharma.com\/product\/%e5%ae%89%e8%8e%ab%e8%83%bd-20\/#primaryimage","url":"https:\/\/tahanpharma.com\/wp-content\/uploads\/2025\/06\/\u5b89\u83ab\u80fd-20-01.jpg","contentUrl":"https:\/\/tahanpharma.com\/wp-content\/uploads\/2025\/06\/\u5b89\u83ab\u80fd-20-01.jpg","width":500,"height":500},{"@type":"BreadcrumbList","@id":"https:\/\/tahanpharma.com\/product\/%e5%ae%89%e8%8e%ab%e8%83%bd-20\/#breadcrumb","itemListElement":[{"@type":"ListItem","position":1,"name":"\u9996\u9801","item":"https:\/\/tahanpharma.com\/"},{"@type":"ListItem","position":2,"name":"\u7522\u54c1\u7c21\u4ecb","item":"https:\/\/tahanpharma.com\/product\/"},{"@type":"ListItem","position":3,"name":"\u5b89\u83ab\u80fd-20"}]},{"@type":"WebSite","@id":"https:\/\/tahanpharma.com\/#website","url":"https:\/\/tahanpharma.com\/","name":"\u5927\u5b89\u5316\u5b78\u88fd\u85e5\u80a1\u4efd\u6709\u9650\u516c\u53f8","description":"\u52d5\u7269\u85e5\u54c1\u88fd\u9020","potentialAction":[{"@type":"SearchAction","target":{"@type":"EntryPoint","urlTemplate":"https:\/\/tahanpharma.com\/?s={search_term_string}"},"query-input":{"@type":"PropertyValueSpecification","valueRequired":true,"valueName":"search_term_string"}}],"inLanguage":"vi"}]}},"_links":{"self":[{"href":"https:\/\/tahanpharma.com\/vi\/wp-json\/wp\/v2\/product\/1913","targetHints":{"allow":["GET"]}}],"collection":[{"href":"https:\/\/tahanpharma.com\/vi\/wp-json\/wp\/v2\/product"}],"about":[{"href":"https:\/\/tahanpharma.com\/vi\/wp-json\/wp\/v2\/types\/product"}],"replies":[{"embeddable":true,"href":"https:\/\/tahanpharma.com\/vi\/wp-json\/wp\/v2\/comments?post=1913"}],"wp:featuredmedia":[{"embeddable":true,"href":"https:\/\/tahanpharma.com\/vi\/wp-json\/wp\/v2\/media\/1914"}],"wp:attachment":[{"href":"https:\/\/tahanpharma.com\/vi\/wp-json\/wp\/v2\/media?parent=1913"}],"wp:term":[{"taxonomy":"product_brand","embeddable":true,"href":"https:\/\/tahanpharma.com\/vi\/wp-json\/wp\/v2\/product_brand?post=1913"},{"taxonomy":"product_cat","embeddable":true,"href":"https:\/\/tahanpharma.com\/vi\/wp-json\/wp\/v2\/product_cat?post=1913"},{"taxonomy":"product_tag","embeddable":true,"href":"https:\/\/tahanpharma.com\/vi\/wp-json\/wp\/v2\/product_tag?post=1913"}],"curies":[{"name":"wp","href":"https:\/\/api.w.org\/{rel}","templated":true}]}}