{"id":1921,"date":"2025-06-18T10:01:09","date_gmt":"2025-06-18T02:01:09","guid":{"rendered":"https:\/\/tahanpharma.com\/?post_type=product&#038;p=1921"},"modified":"2025-06-19T14:39:12","modified_gmt":"2025-06-19T06:39:12","slug":"%e8%a5%bf%e8%8f%af%e5%8a%9b%e6%96%b0-15","status":"publish","type":"product","link":"https:\/\/tahanpharma.com\/vi\/san-pham\/%e8%a5%bf%e8%8f%af%e5%8a%9b%e6%96%b0-15\/","title":{"rendered":"Xihualixin-15"},"content":{"rendered":"<p>Qu\u1ea3n l\u00fd n\u01b0\u1edbc u\u1ed1ng:<\/p>\n<p>X\u1eed l\u00fd: 330-500 gam\/1000 l\u00edt n\u01b0\u1edbc trong 3 ng\u00e0y.<\/p>","protected":false},"excerpt":{"rendered":"<p>T\u00ean thu\u1ed1c: Cefalesin-15<br \/>\nS\u1ed1 gi\u1ea5y ph\u00e9p: Gi\u1ea5y ph\u00e9p thu\u1ed1c th\u00fa y s\u1ed1 07843<br \/>\nD\u1ea1ng b\u00e0o ch\u1ebf: B\u1ed9t \u0111i\u1ec1u tr\u1ecb (d\u00f9ng u\u1ed1ng)<br \/>\n\u0110\u00f3ng g\u00f3i: 100g, 500g, 1kg, 10kg, 25kg<br \/>\n\u0110\u1ed9ng v\u1eadt \u00e1p d\u1ee5ng: gia s\u00fac, c\u1eebu, l\u1ee3n, ch\u00f3, ng\u1ef1a<br \/>\nC\u00f4ng d\u1ee5ng (Ch\u1ec9 \u0111\u1ecbnh): Gia c\u1ea7m: \u0110i\u1ec1u tr\u1ecb c\u00e1c b\u1ec7nh nhi\u1ec5m tr\u00f9ng \u0111\u01b0\u1eddng h\u00f4 h\u1ea5p \u1edf gia c\u1ea7m nh\u01b0 b\u1ec7nh \u0111\u01b0\u1eddng h\u00f4 h\u1ea5p m\u00e3n t\u00ednh, vi\u00eam m\u0169i truy\u1ec1n nhi\u1ec5m, vi\u00eam ph\u1ebf qu\u1ea3n, b\u1ec7nh t\u1ee5 c\u1ea7u khu\u1ea9n v\u00e0 vi\u00eam ru\u1ed9t do vi khu\u1ea9n n\u00f3i chung.<br \/>\nL\u1ee3n: \u0110i\u1ec1u tr\u1ecb vi\u00eam m\u00e0ng ph\u1ed5i do vi khu\u1ea9n Actinomycetemcomitant, ti\u00eau ch\u1ea3y \u1edf l\u1ee3n con, b\u1ec7nh \u0111\u00f3ng d\u1ea5u l\u1ee3n, vi\u00eam ph\u1ed5i v\u00e0 vi\u00eam kh\u1edbp do Pasteurella, v.v.<br \/>\nTh\u00e0nh ph\u1ea7n: M\u1ed7i gam ch\u1ee9a:<br \/>\nCephalexin Monohydrat\u2026\u2026150 mg (H\u1ed9p)<\/p>","protected":false},"featured_media":1922,"comment_status":"open","ping_status":"closed","template":"","meta":[],"product_brand":[],"product_cat":[62,45,49,46,70,71,72,54,50,47,51,48],"product_tag":[],"class_list":{"0":"post-1921","1":"product","2":"type-product","3":"status-publish","4":"has-post-thumbnail","6":"product_cat-62","7":"product_cat-45","8":"product_cat-49","9":"product_cat-46","10":"product_cat-70","11":"product_cat-71","12":"product_cat-72","13":"product_cat-54","14":"product_cat-50","15":"product_cat-47","16":"product_cat-51","17":"product_cat-48","19":"first","20":"instock","21":"shipping-taxable","22":"product-type-simple"},"yoast_head":"<!-- This site is optimized with the Yoast SEO Premium plugin v25.3.1 (Yoast SEO v25.4) - https:\/\/yoast.com\/wordpress\/plugins\/seo\/ -->\n<title>\u897f\u83ef\u529b\u65b0-15 - \u5927\u5b89\u5316\u5b78\u88fd\u85e5\u80a1\u4efd\u6709\u9650\u516c\u53f8<\/title>\n<meta name=\"robots\" content=\"index, follow, max-snippet:-1, max-image-preview:large, max-video-preview:-1\" \/>\n<link rel=\"canonical\" href=\"https:\/\/tahanpharma.com\/vi\/san-pham\/\u897f\u83ef\u529b\u65b0-15\/\" \/>\n<meta property=\"og:locale\" content=\"vi_VN\" \/>\n<meta property=\"og:type\" content=\"article\" \/>\n<meta property=\"og:title\" content=\"\u897f\u83ef\u529b\u65b0-15\" \/>\n<meta property=\"og:description\" content=\"\u85e5\u54c1\u540d \uff1a Cefalesin-15 \u8a31\u53ef\u8b49\u5b57\u865f \uff1a \u52d5\u7269\u85e5\u88fd\u5b57\u7b2c07843\u865f \u5291\u578b \uff1a \u6cbb\u7642\u7528\u6563\u5291(\u5167\u7528) \u5305\u88dd \uff1a 100g,500g,1kg,10kg,25kg \u9069\u7528\u52d5\u7269 \uff1a \u725b\u3001\u7f8a\u3001\u732a\u3001\u72d7\u3001\u99ac \u6548\u80fd(\u9069\u61c9\u75c7) \uff1a \u5bb6\u79bd\uff1a\u6cbb\u7642\u5bb6\u79bd\u547c\u5438\u9053\u611f\u67d3\u5982\u6162\u6027\u547c\u5438\u5668\u75c5\u3001\u50b3\u67d3\u6027\u9f3b\u708e\u3001\u652f\u6c23\u7ba1\u708e\u3001\u8461\u8404\u7403\u83cc\u75c7\u53ca\u4e00\u822c\u7d30\u83cc\u6027\u8178\u708e\u7b49\u3002 \u8c6c\uff1a\u6cbb\u7642\u653e\u7dda\u687f\u83cc\u80f8\u819c\u80ba\u708e\u3001\u4ed4\u8c6c\u4e0b\u75e2\u3001\u8c6c\u4e39\u6bd2\u3001\u5df4\u65af\u5fb7\u687f\u83cc\u80ba\u708e\u53ca\u95dc\u7bc0\u708e\u7b49\u3002 \u6210\u4efd \uff1a \u6bcf\u516c\u514b\u542b\uff1a Cephalexin Monohydrate\u2026\u2026150 mg(Pot.)\" \/>\n<meta property=\"og:url\" content=\"https:\/\/tahanpharma.com\/vi\/san-pham\/\u897f\u83ef\u529b\u65b0-15\/\" \/>\n<meta property=\"og:site_name\" content=\"\u5927\u5b89\u5316\u5b78\u88fd\u85e5\u80a1\u4efd\u6709\u9650\u516c\u53f8\" \/>\n<meta property=\"article:modified_time\" content=\"2025-06-19T06:39:12+00:00\" \/>\n<meta property=\"og:image\" content=\"https:\/\/tahanpharma.com\/wp-content\/uploads\/2025\/06\/\u897f\u83ef\u529b\u65b0-15-01.jpg\" \/>\n\t<meta property=\"og:image:width\" content=\"500\" \/>\n\t<meta property=\"og:image:height\" content=\"500\" \/>\n\t<meta property=\"og:image:type\" content=\"image\/jpeg\" \/>\n<meta name=\"twitter:card\" content=\"summary_large_image\" \/>\n<script type=\"application\/ld+json\" class=\"yoast-schema-graph\">{\"@context\":\"https:\/\/schema.org\",\"@graph\":[{\"@type\":\"WebPage\",\"@id\":\"https:\/\/tahanpharma.com\/product\/%e8%a5%bf%e8%8f%af%e5%8a%9b%e6%96%b0-15\/\",\"url\":\"https:\/\/tahanpharma.com\/product\/%e8%a5%bf%e8%8f%af%e5%8a%9b%e6%96%b0-15\/\",\"name\":\"\u897f\u83ef\u529b\u65b0-15 - \u5927\u5b89\u5316\u5b78\u88fd\u85e5\u80a1\u4efd\u6709\u9650\u516c\u53f8\",\"isPartOf\":{\"@id\":\"https:\/\/tahanpharma.com\/#website\"},\"primaryImageOfPage\":{\"@id\":\"https:\/\/tahanpharma.com\/product\/%e8%a5%bf%e8%8f%af%e5%8a%9b%e6%96%b0-15\/#primaryimage\"},\"image\":{\"@id\":\"https:\/\/tahanpharma.com\/product\/%e8%a5%bf%e8%8f%af%e5%8a%9b%e6%96%b0-15\/#primaryimage\"},\"thumbnailUrl\":\"https:\/\/tahanpharma.com\/wp-content\/uploads\/2025\/06\/\u897f\u83ef\u529b\u65b0-15-01.jpg\",\"datePublished\":\"2025-06-18T02:01:09+00:00\",\"dateModified\":\"2025-06-19T06:39:12+00:00\",\"breadcrumb\":{\"@id\":\"https:\/\/tahanpharma.com\/product\/%e8%a5%bf%e8%8f%af%e5%8a%9b%e6%96%b0-15\/#breadcrumb\"},\"inLanguage\":\"vi\",\"potentialAction\":[{\"@type\":\"ReadAction\",\"target\":[\"https:\/\/tahanpharma.com\/product\/%e8%a5%bf%e8%8f%af%e5%8a%9b%e6%96%b0-15\/\"]}]},{\"@type\":\"ImageObject\",\"inLanguage\":\"vi\",\"@id\":\"https:\/\/tahanpharma.com\/product\/%e8%a5%bf%e8%8f%af%e5%8a%9b%e6%96%b0-15\/#primaryimage\",\"url\":\"https:\/\/tahanpharma.com\/wp-content\/uploads\/2025\/06\/\u897f\u83ef\u529b\u65b0-15-01.jpg\",\"contentUrl\":\"https:\/\/tahanpharma.com\/wp-content\/uploads\/2025\/06\/\u897f\u83ef\u529b\u65b0-15-01.jpg\",\"width\":500,\"height\":500},{\"@type\":\"BreadcrumbList\",\"@id\":\"https:\/\/tahanpharma.com\/product\/%e8%a5%bf%e8%8f%af%e5%8a%9b%e6%96%b0-15\/#breadcrumb\",\"itemListElement\":[{\"@type\":\"ListItem\",\"position\":1,\"name\":\"\u9996\u9801\",\"item\":\"https:\/\/tahanpharma.com\/\"},{\"@type\":\"ListItem\",\"position\":2,\"name\":\"\u7522\u54c1\u7c21\u4ecb\",\"item\":\"https:\/\/tahanpharma.com\/product\/\"},{\"@type\":\"ListItem\",\"position\":3,\"name\":\"\u897f\u83ef\u529b\u65b0-15\"}]},{\"@type\":\"WebSite\",\"@id\":\"https:\/\/tahanpharma.com\/#website\",\"url\":\"https:\/\/tahanpharma.com\/\",\"name\":\"\u5927\u5b89\u5316\u5b78\u88fd\u85e5\u80a1\u4efd\u6709\u9650\u516c\u53f8\",\"description\":\"\u52d5\u7269\u85e5\u54c1\u88fd\u9020\",\"potentialAction\":[{\"@type\":\"SearchAction\",\"target\":{\"@type\":\"EntryPoint\",\"urlTemplate\":\"https:\/\/tahanpharma.com\/?s={search_term_string}\"},\"query-input\":{\"@type\":\"PropertyValueSpecification\",\"valueRequired\":true,\"valueName\":\"search_term_string\"}}],\"inLanguage\":\"vi\"}]}<\/script>\n<!-- \/ Yoast SEO Premium plugin. -->","yoast_head_json":{"title":"\u897f\u83ef\u529b\u65b0-15 - \u5927\u5b89\u5316\u5b78\u88fd\u85e5\u80a1\u4efd\u6709\u9650\u516c\u53f8","robots":{"index":"index","follow":"follow","max-snippet":"max-snippet:-1","max-image-preview":"max-image-preview:large","max-video-preview":"max-video-preview:-1"},"canonical":"https:\/\/tahanpharma.com\/vi\/san-pham\/\u897f\u83ef\u529b\u65b0-15\/","og_locale":"vi_VN","og_type":"article","og_title":"\u897f\u83ef\u529b\u65b0-15","og_description":"\u85e5\u54c1\u540d \uff1a Cefalesin-15 \u8a31\u53ef\u8b49\u5b57\u865f \uff1a \u52d5\u7269\u85e5\u88fd\u5b57\u7b2c07843\u865f \u5291\u578b \uff1a \u6cbb\u7642\u7528\u6563\u5291(\u5167\u7528) \u5305\u88dd \uff1a 100g,500g,1kg,10kg,25kg \u9069\u7528\u52d5\u7269 \uff1a \u725b\u3001\u7f8a\u3001\u732a\u3001\u72d7\u3001\u99ac \u6548\u80fd(\u9069\u61c9\u75c7) \uff1a \u5bb6\u79bd\uff1a\u6cbb\u7642\u5bb6\u79bd\u547c\u5438\u9053\u611f\u67d3\u5982\u6162\u6027\u547c\u5438\u5668\u75c5\u3001\u50b3\u67d3\u6027\u9f3b\u708e\u3001\u652f\u6c23\u7ba1\u708e\u3001\u8461\u8404\u7403\u83cc\u75c7\u53ca\u4e00\u822c\u7d30\u83cc\u6027\u8178\u708e\u7b49\u3002 \u8c6c\uff1a\u6cbb\u7642\u653e\u7dda\u687f\u83cc\u80f8\u819c\u80ba\u708e\u3001\u4ed4\u8c6c\u4e0b\u75e2\u3001\u8c6c\u4e39\u6bd2\u3001\u5df4\u65af\u5fb7\u687f\u83cc\u80ba\u708e\u53ca\u95dc\u7bc0\u708e\u7b49\u3002 \u6210\u4efd \uff1a \u6bcf\u516c\u514b\u542b\uff1a Cephalexin Monohydrate\u2026\u2026150 mg(Pot.)","og_url":"https:\/\/tahanpharma.com\/vi\/san-pham\/\u897f\u83ef\u529b\u65b0-15\/","og_site_name":"\u5927\u5b89\u5316\u5b78\u88fd\u85e5\u80a1\u4efd\u6709\u9650\u516c\u53f8","article_modified_time":"2025-06-19T06:39:12+00:00","og_image":[{"width":500,"height":500,"url":"https:\/\/tahanpharma.com\/wp-content\/uploads\/2025\/06\/\u897f\u83ef\u529b\u65b0-15-01.jpg","type":"image\/jpeg"}],"twitter_card":"summary_large_image","schema":{"@context":"https:\/\/schema.org","@graph":[{"@type":"WebPage","@id":"https:\/\/tahanpharma.com\/product\/%e8%a5%bf%e8%8f%af%e5%8a%9b%e6%96%b0-15\/","url":"https:\/\/tahanpharma.com\/product\/%e8%a5%bf%e8%8f%af%e5%8a%9b%e6%96%b0-15\/","name":"\u897f\u83ef\u529b\u65b0-15 - \u5927\u5b89\u5316\u5b78\u88fd\u85e5\u80a1\u4efd\u6709\u9650\u516c\u53f8","isPartOf":{"@id":"https:\/\/tahanpharma.com\/#website"},"primaryImageOfPage":{"@id":"https:\/\/tahanpharma.com\/product\/%e8%a5%bf%e8%8f%af%e5%8a%9b%e6%96%b0-15\/#primaryimage"},"image":{"@id":"https:\/\/tahanpharma.com\/product\/%e8%a5%bf%e8%8f%af%e5%8a%9b%e6%96%b0-15\/#primaryimage"},"thumbnailUrl":"https:\/\/tahanpharma.com\/wp-content\/uploads\/2025\/06\/\u897f\u83ef\u529b\u65b0-15-01.jpg","datePublished":"2025-06-18T02:01:09+00:00","dateModified":"2025-06-19T06:39:12+00:00","breadcrumb":{"@id":"https:\/\/tahanpharma.com\/product\/%e8%a5%bf%e8%8f%af%e5%8a%9b%e6%96%b0-15\/#breadcrumb"},"inLanguage":"vi","potentialAction":[{"@type":"ReadAction","target":["https:\/\/tahanpharma.com\/product\/%e8%a5%bf%e8%8f%af%e5%8a%9b%e6%96%b0-15\/"]}]},{"@type":"ImageObject","inLanguage":"vi","@id":"https:\/\/tahanpharma.com\/product\/%e8%a5%bf%e8%8f%af%e5%8a%9b%e6%96%b0-15\/#primaryimage","url":"https:\/\/tahanpharma.com\/wp-content\/uploads\/2025\/06\/\u897f\u83ef\u529b\u65b0-15-01.jpg","contentUrl":"https:\/\/tahanpharma.com\/wp-content\/uploads\/2025\/06\/\u897f\u83ef\u529b\u65b0-15-01.jpg","width":500,"height":500},{"@type":"BreadcrumbList","@id":"https:\/\/tahanpharma.com\/product\/%e8%a5%bf%e8%8f%af%e5%8a%9b%e6%96%b0-15\/#breadcrumb","itemListElement":[{"@type":"ListItem","position":1,"name":"\u9996\u9801","item":"https:\/\/tahanpharma.com\/"},{"@type":"ListItem","position":2,"name":"\u7522\u54c1\u7c21\u4ecb","item":"https:\/\/tahanpharma.com\/product\/"},{"@type":"ListItem","position":3,"name":"\u897f\u83ef\u529b\u65b0-15"}]},{"@type":"WebSite","@id":"https:\/\/tahanpharma.com\/#website","url":"https:\/\/tahanpharma.com\/","name":"\u5927\u5b89\u5316\u5b78\u88fd\u85e5\u80a1\u4efd\u6709\u9650\u516c\u53f8","description":"\u52d5\u7269\u85e5\u54c1\u88fd\u9020","potentialAction":[{"@type":"SearchAction","target":{"@type":"EntryPoint","urlTemplate":"https:\/\/tahanpharma.com\/?s={search_term_string}"},"query-input":{"@type":"PropertyValueSpecification","valueRequired":true,"valueName":"search_term_string"}}],"inLanguage":"vi"}]}},"_links":{"self":[{"href":"https:\/\/tahanpharma.com\/vi\/wp-json\/wp\/v2\/product\/1921","targetHints":{"allow":["GET"]}}],"collection":[{"href":"https:\/\/tahanpharma.com\/vi\/wp-json\/wp\/v2\/product"}],"about":[{"href":"https:\/\/tahanpharma.com\/vi\/wp-json\/wp\/v2\/types\/product"}],"replies":[{"embeddable":true,"href":"https:\/\/tahanpharma.com\/vi\/wp-json\/wp\/v2\/comments?post=1921"}],"wp:featuredmedia":[{"embeddable":true,"href":"https:\/\/tahanpharma.com\/vi\/wp-json\/wp\/v2\/media\/1922"}],"wp:attachment":[{"href":"https:\/\/tahanpharma.com\/vi\/wp-json\/wp\/v2\/media?parent=1921"}],"wp:term":[{"taxonomy":"product_brand","embeddable":true,"href":"https:\/\/tahanpharma.com\/vi\/wp-json\/wp\/v2\/product_brand?post=1921"},{"taxonomy":"product_cat","embeddable":true,"href":"https:\/\/tahanpharma.com\/vi\/wp-json\/wp\/v2\/product_cat?post=1921"},{"taxonomy":"product_tag","embeddable":true,"href":"https:\/\/tahanpharma.com\/vi\/wp-json\/wp\/v2\/product_tag?post=1921"}],"curies":[{"name":"wp","href":"https:\/\/api.w.org\/{rel}","templated":true}]}}