{"id":1935,"date":"2025-06-18T10:05:32","date_gmt":"2025-06-18T02:05:32","guid":{"rendered":"https:\/\/tahanpharma.com\/?post_type=product&#038;p=1935"},"modified":"2025-06-18T15:46:14","modified_gmt":"2025-06-18T07:46:14","slug":"%e6%ad%90%e5%a0%a4%e5%b8%8c-20","status":"publish","type":"product","link":"https:\/\/tahanpharma.com\/vi\/san-pham\/%e6%ad%90%e5%a0%a4%e5%b8%8c-20\/","title":{"rendered":"Otixi-20"},"content":{"rendered":"<p>L\u1ee3n: Th\u00eam 0,5 kg thu\u1ed1c n\u00e0y v\u00e0o m\u1ed7i 1000 kg th\u1ee9c \u0103n.<\/p>\n<p>B\u00ea: Th\u00eam 0,54 kg ch\u1ea5t n\u00e0y v\u00e0o m\u1ed7i 1000 kg th\u1ee9c \u0103n.<\/p>","protected":false},"excerpt":{"rendered":"<p>T\u00ean thu\u1ed1c: OTC-20<br \/>\nS\u1ed1 gi\u1ea5y ph\u00e9p: Gi\u1ea5y ph\u00e9p thu\u1ed1c th\u00fa y s\u1ed1 08813<br \/>\nD\u1ea1ng b\u00e0o ch\u1ebf: B\u1ed9t (d\u00f9ng u\u1ed1ng)<br \/>\n\u0110\u00f3ng g\u00f3i: 100g, 1kg, 2kg, 10kg, 25kg<br \/>\n\u0110\u1ed9ng v\u1eadt \u00e1p d\u1ee5ng: l\u1ee3n, gia s\u00fac<br \/>\nC\u00f4ng d\u1ee5ng (ch\u1ec9 \u0111\u1ecbnh): Heo: Tr\u1ecb vi\u00eam ru\u1ed9t do vi khu\u1ea9n, ti\u00eau ch\u1ea3y, ti\u00eau ch\u1ea3y \u1edf heo con, ki\u1ebft l\u1ef5, ti\u00eau ch\u1ea3y ra m\u00e1u v\u00e0 nhi\u1ec5m khu\u1ea9n Salmonella. B\u00ea, ngh\u00e9: Tr\u1ecb ti\u00eau ch\u1ea3y do vi khu\u1ea9n.<br \/>\nTh\u00e0nh ph\u1ea7n: M\u1ed7i gam ch\u1ee9a: Mu\u1ed1i b\u1eadc b\u1ed1n Oxytetracycline.\u2026..\u2026203,9mg (hi\u1ec7u l\u1ef1c)<\/p>","protected":false},"featured_media":1936,"comment_status":"open","ping_status":"closed","template":"","meta":[],"product_brand":[],"product_cat":[45,71,70,47,48],"product_tag":[],"class_list":{"0":"post-1935","1":"product","2":"type-product","3":"status-publish","4":"has-post-thumbnail","6":"product_cat-45","7":"product_cat-71","8":"product_cat-70","9":"product_cat-47","10":"product_cat-48","12":"first","13":"instock","14":"shipping-taxable","15":"product-type-simple"},"yoast_head":"<!-- This site is optimized with the Yoast SEO Premium plugin v25.3.1 (Yoast SEO v25.4) - https:\/\/yoast.com\/wordpress\/plugins\/seo\/ -->\n<title>\u6b50\u5824\u5e0c-20 - \u5927\u5b89\u5316\u5b78\u88fd\u85e5\u80a1\u4efd\u6709\u9650\u516c\u53f8<\/title>\n<meta name=\"robots\" content=\"index, follow, max-snippet:-1, max-image-preview:large, max-video-preview:-1\" \/>\n<link rel=\"canonical\" href=\"https:\/\/tahanpharma.com\/vi\/san-pham\/\u6b50\u5824\u5e0c-20\/\" \/>\n<meta property=\"og:locale\" content=\"vi_VN\" \/>\n<meta property=\"og:type\" content=\"article\" \/>\n<meta property=\"og:title\" content=\"\u6b50\u5824\u5e0c-20\" \/>\n<meta property=\"og:description\" content=\"\u85e5\u54c1\u540d \uff1a OTC\uff0d20 \u8a31\u53ef\u8b49\u5b57\u865f \uff1a \u52d5\u7269\u85e5\u88fd\u5b57\u7b2c08813\u865f \u5291\u578b \uff1a \u6563\u5291(\u5167\u7528) \u5305\u88dd \uff1a 100g,1kg,2kg,10kg,25kg \u9069\u7528\u52d5\u7269 \uff1a \u8c6c\u3001\u725b \u6548\u80fd(\u9069\u61c9\u75c7) \uff1a \u8c6c\uff1a\u6cbb\u7642\u7d30\u83cc\u6027\u8178\u708e\u3001\u4e0b\u75e2\u3001\u4ed4\u8c6c\u4e0b\u75e2\u3001\u8d64\u75e2\u3001\u8840\u75e2\u53ca\u6c99\u6c0f\u687f\u83cc\u75c7\u3002 \u72a2\u725b\uff1a\u6cbb\u7642\u7d30\u83cc\u6027\u4e0b\u75e2\u3002 \u6210\u4efd \uff1a \u6bcf\u516c\u514b\u542b\uff1a Oxytetracycline Quaternary Salt.\u2026..\u2026203.9mg (potency)\" \/>\n<meta property=\"og:url\" content=\"https:\/\/tahanpharma.com\/vi\/san-pham\/\u6b50\u5824\u5e0c-20\/\" \/>\n<meta property=\"og:site_name\" content=\"\u5927\u5b89\u5316\u5b78\u88fd\u85e5\u80a1\u4efd\u6709\u9650\u516c\u53f8\" \/>\n<meta property=\"article:modified_time\" content=\"2025-06-18T07:46:14+00:00\" \/>\n<meta property=\"og:image\" content=\"https:\/\/tahanpharma.com\/wp-content\/uploads\/2025\/06\/\u6b50\u5824\u5e0c-20-01.jpg\" \/>\n\t<meta property=\"og:image:width\" content=\"500\" \/>\n\t<meta property=\"og:image:height\" content=\"500\" \/>\n\t<meta property=\"og:image:type\" content=\"image\/jpeg\" \/>\n<meta name=\"twitter:card\" content=\"summary_large_image\" \/>\n<script type=\"application\/ld+json\" class=\"yoast-schema-graph\">{\"@context\":\"https:\/\/schema.org\",\"@graph\":[{\"@type\":\"WebPage\",\"@id\":\"https:\/\/tahanpharma.com\/product\/%e6%ad%90%e5%a0%a4%e5%b8%8c-20\/\",\"url\":\"https:\/\/tahanpharma.com\/product\/%e6%ad%90%e5%a0%a4%e5%b8%8c-20\/\",\"name\":\"\u6b50\u5824\u5e0c-20 - \u5927\u5b89\u5316\u5b78\u88fd\u85e5\u80a1\u4efd\u6709\u9650\u516c\u53f8\",\"isPartOf\":{\"@id\":\"https:\/\/tahanpharma.com\/#website\"},\"primaryImageOfPage\":{\"@id\":\"https:\/\/tahanpharma.com\/product\/%e6%ad%90%e5%a0%a4%e5%b8%8c-20\/#primaryimage\"},\"image\":{\"@id\":\"https:\/\/tahanpharma.com\/product\/%e6%ad%90%e5%a0%a4%e5%b8%8c-20\/#primaryimage\"},\"thumbnailUrl\":\"https:\/\/tahanpharma.com\/wp-content\/uploads\/2025\/06\/\u6b50\u5824\u5e0c-20-01.jpg\",\"datePublished\":\"2025-06-18T02:05:32+00:00\",\"dateModified\":\"2025-06-18T07:46:14+00:00\",\"breadcrumb\":{\"@id\":\"https:\/\/tahanpharma.com\/product\/%e6%ad%90%e5%a0%a4%e5%b8%8c-20\/#breadcrumb\"},\"inLanguage\":\"vi\",\"potentialAction\":[{\"@type\":\"ReadAction\",\"target\":[\"https:\/\/tahanpharma.com\/product\/%e6%ad%90%e5%a0%a4%e5%b8%8c-20\/\"]}]},{\"@type\":\"ImageObject\",\"inLanguage\":\"vi\",\"@id\":\"https:\/\/tahanpharma.com\/product\/%e6%ad%90%e5%a0%a4%e5%b8%8c-20\/#primaryimage\",\"url\":\"https:\/\/tahanpharma.com\/wp-content\/uploads\/2025\/06\/\u6b50\u5824\u5e0c-20-01.jpg\",\"contentUrl\":\"https:\/\/tahanpharma.com\/wp-content\/uploads\/2025\/06\/\u6b50\u5824\u5e0c-20-01.jpg\",\"width\":500,\"height\":500},{\"@type\":\"BreadcrumbList\",\"@id\":\"https:\/\/tahanpharma.com\/product\/%e6%ad%90%e5%a0%a4%e5%b8%8c-20\/#breadcrumb\",\"itemListElement\":[{\"@type\":\"ListItem\",\"position\":1,\"name\":\"\u9996\u9801\",\"item\":\"https:\/\/tahanpharma.com\/\"},{\"@type\":\"ListItem\",\"position\":2,\"name\":\"\u7522\u54c1\u7c21\u4ecb\",\"item\":\"https:\/\/tahanpharma.com\/product\/\"},{\"@type\":\"ListItem\",\"position\":3,\"name\":\"\u6b50\u5824\u5e0c-20\"}]},{\"@type\":\"WebSite\",\"@id\":\"https:\/\/tahanpharma.com\/#website\",\"url\":\"https:\/\/tahanpharma.com\/\",\"name\":\"\u5927\u5b89\u5316\u5b78\u88fd\u85e5\u80a1\u4efd\u6709\u9650\u516c\u53f8\",\"description\":\"\u52d5\u7269\u85e5\u54c1\u88fd\u9020\",\"potentialAction\":[{\"@type\":\"SearchAction\",\"target\":{\"@type\":\"EntryPoint\",\"urlTemplate\":\"https:\/\/tahanpharma.com\/?s={search_term_string}\"},\"query-input\":{\"@type\":\"PropertyValueSpecification\",\"valueRequired\":true,\"valueName\":\"search_term_string\"}}],\"inLanguage\":\"vi\"}]}<\/script>\n<!-- \/ Yoast SEO Premium plugin. -->","yoast_head_json":{"title":"\u6b50\u5824\u5e0c-20 - \u5927\u5b89\u5316\u5b78\u88fd\u85e5\u80a1\u4efd\u6709\u9650\u516c\u53f8","robots":{"index":"index","follow":"follow","max-snippet":"max-snippet:-1","max-image-preview":"max-image-preview:large","max-video-preview":"max-video-preview:-1"},"canonical":"https:\/\/tahanpharma.com\/vi\/san-pham\/\u6b50\u5824\u5e0c-20\/","og_locale":"vi_VN","og_type":"article","og_title":"\u6b50\u5824\u5e0c-20","og_description":"\u85e5\u54c1\u540d \uff1a OTC\uff0d20 \u8a31\u53ef\u8b49\u5b57\u865f \uff1a \u52d5\u7269\u85e5\u88fd\u5b57\u7b2c08813\u865f \u5291\u578b \uff1a \u6563\u5291(\u5167\u7528) \u5305\u88dd \uff1a 100g,1kg,2kg,10kg,25kg \u9069\u7528\u52d5\u7269 \uff1a \u8c6c\u3001\u725b \u6548\u80fd(\u9069\u61c9\u75c7) \uff1a \u8c6c\uff1a\u6cbb\u7642\u7d30\u83cc\u6027\u8178\u708e\u3001\u4e0b\u75e2\u3001\u4ed4\u8c6c\u4e0b\u75e2\u3001\u8d64\u75e2\u3001\u8840\u75e2\u53ca\u6c99\u6c0f\u687f\u83cc\u75c7\u3002 \u72a2\u725b\uff1a\u6cbb\u7642\u7d30\u83cc\u6027\u4e0b\u75e2\u3002 \u6210\u4efd \uff1a \u6bcf\u516c\u514b\u542b\uff1a Oxytetracycline Quaternary Salt.\u2026..\u2026203.9mg (potency)","og_url":"https:\/\/tahanpharma.com\/vi\/san-pham\/\u6b50\u5824\u5e0c-20\/","og_site_name":"\u5927\u5b89\u5316\u5b78\u88fd\u85e5\u80a1\u4efd\u6709\u9650\u516c\u53f8","article_modified_time":"2025-06-18T07:46:14+00:00","og_image":[{"width":500,"height":500,"url":"https:\/\/tahanpharma.com\/wp-content\/uploads\/2025\/06\/\u6b50\u5824\u5e0c-20-01.jpg","type":"image\/jpeg"}],"twitter_card":"summary_large_image","schema":{"@context":"https:\/\/schema.org","@graph":[{"@type":"WebPage","@id":"https:\/\/tahanpharma.com\/product\/%e6%ad%90%e5%a0%a4%e5%b8%8c-20\/","url":"https:\/\/tahanpharma.com\/product\/%e6%ad%90%e5%a0%a4%e5%b8%8c-20\/","name":"\u6b50\u5824\u5e0c-20 - \u5927\u5b89\u5316\u5b78\u88fd\u85e5\u80a1\u4efd\u6709\u9650\u516c\u53f8","isPartOf":{"@id":"https:\/\/tahanpharma.com\/#website"},"primaryImageOfPage":{"@id":"https:\/\/tahanpharma.com\/product\/%e6%ad%90%e5%a0%a4%e5%b8%8c-20\/#primaryimage"},"image":{"@id":"https:\/\/tahanpharma.com\/product\/%e6%ad%90%e5%a0%a4%e5%b8%8c-20\/#primaryimage"},"thumbnailUrl":"https:\/\/tahanpharma.com\/wp-content\/uploads\/2025\/06\/\u6b50\u5824\u5e0c-20-01.jpg","datePublished":"2025-06-18T02:05:32+00:00","dateModified":"2025-06-18T07:46:14+00:00","breadcrumb":{"@id":"https:\/\/tahanpharma.com\/product\/%e6%ad%90%e5%a0%a4%e5%b8%8c-20\/#breadcrumb"},"inLanguage":"vi","potentialAction":[{"@type":"ReadAction","target":["https:\/\/tahanpharma.com\/product\/%e6%ad%90%e5%a0%a4%e5%b8%8c-20\/"]}]},{"@type":"ImageObject","inLanguage":"vi","@id":"https:\/\/tahanpharma.com\/product\/%e6%ad%90%e5%a0%a4%e5%b8%8c-20\/#primaryimage","url":"https:\/\/tahanpharma.com\/wp-content\/uploads\/2025\/06\/\u6b50\u5824\u5e0c-20-01.jpg","contentUrl":"https:\/\/tahanpharma.com\/wp-content\/uploads\/2025\/06\/\u6b50\u5824\u5e0c-20-01.jpg","width":500,"height":500},{"@type":"BreadcrumbList","@id":"https:\/\/tahanpharma.com\/product\/%e6%ad%90%e5%a0%a4%e5%b8%8c-20\/#breadcrumb","itemListElement":[{"@type":"ListItem","position":1,"name":"\u9996\u9801","item":"https:\/\/tahanpharma.com\/"},{"@type":"ListItem","position":2,"name":"\u7522\u54c1\u7c21\u4ecb","item":"https:\/\/tahanpharma.com\/product\/"},{"@type":"ListItem","position":3,"name":"\u6b50\u5824\u5e0c-20"}]},{"@type":"WebSite","@id":"https:\/\/tahanpharma.com\/#website","url":"https:\/\/tahanpharma.com\/","name":"\u5927\u5b89\u5316\u5b78\u88fd\u85e5\u80a1\u4efd\u6709\u9650\u516c\u53f8","description":"\u52d5\u7269\u85e5\u54c1\u88fd\u9020","potentialAction":[{"@type":"SearchAction","target":{"@type":"EntryPoint","urlTemplate":"https:\/\/tahanpharma.com\/?s={search_term_string}"},"query-input":{"@type":"PropertyValueSpecification","valueRequired":true,"valueName":"search_term_string"}}],"inLanguage":"vi"}]}},"_links":{"self":[{"href":"https:\/\/tahanpharma.com\/vi\/wp-json\/wp\/v2\/product\/1935","targetHints":{"allow":["GET"]}}],"collection":[{"href":"https:\/\/tahanpharma.com\/vi\/wp-json\/wp\/v2\/product"}],"about":[{"href":"https:\/\/tahanpharma.com\/vi\/wp-json\/wp\/v2\/types\/product"}],"replies":[{"embeddable":true,"href":"https:\/\/tahanpharma.com\/vi\/wp-json\/wp\/v2\/comments?post=1935"}],"wp:featuredmedia":[{"embeddable":true,"href":"https:\/\/tahanpharma.com\/vi\/wp-json\/wp\/v2\/media\/1936"}],"wp:attachment":[{"href":"https:\/\/tahanpharma.com\/vi\/wp-json\/wp\/v2\/media?parent=1935"}],"wp:term":[{"taxonomy":"product_brand","embeddable":true,"href":"https:\/\/tahanpharma.com\/vi\/wp-json\/wp\/v2\/product_brand?post=1935"},{"taxonomy":"product_cat","embeddable":true,"href":"https:\/\/tahanpharma.com\/vi\/wp-json\/wp\/v2\/product_cat?post=1935"},{"taxonomy":"product_tag","embeddable":true,"href":"https:\/\/tahanpharma.com\/vi\/wp-json\/wp\/v2\/product_tag?post=1935"}],"curies":[{"name":"wp","href":"https:\/\/api.w.org\/{rel}","templated":true}]}}