{"id":1941,"date":"2025-06-18T10:10:47","date_gmt":"2025-06-18T02:10:47","guid":{"rendered":"https:\/\/tahanpharma.com\/?post_type=product&#038;p=1941"},"modified":"2025-06-18T18:06:04","modified_gmt":"2025-06-18T10:06:04","slug":"%e6%84%9b%e9%ad%9a%e5%ae%89","status":"publish","type":"product","link":"https:\/\/tahanpharma.com\/vi\/san-pham\/%e6%84%9b%e9%ad%9a%e5%ae%89\/","title":{"rendered":"Ng\u01b0\u1eddi y\u00eau c\u00e1"},"content":{"rendered":"<p>I. D\u00f9ng ngo\u00e0i da cho v\u1eadt nu\u00f4i: H\u00f2a tan thu\u1ed1c trong n\u01b0\u1edbc s\u1ea1ch 800 l\u1ea7n r\u1ed3i phun tr\u1ef1c ti\u1ebfp l\u00ean v\u00f9ng da ngo\u00e0i da c\u1ee7a v\u1eadt nu\u00f4i, ho\u1eb7c d\u00f9ng ph\u01b0\u01a1ng ph\u00e1p t\u1eafm thu\u1ed1c ho\u1eb7c xung quanh chu\u1ed3ng tr\u1ea1i.<\/p>\n<p>II. S\u1eed d\u1ee5ng c\u00e1 ngo\u00e0i tr\u1eddi:<\/p>\n<p>(1) S\u1eed d\u1ee5ng li\u1ec1u l\u01b0\u1ee3ng 0,2~0,5PPM m\u1ed9t l\u1ea7n m\u1ed9t tu\u1ea7n trong b\u1ed1n tu\u1ea7n li\u00ean ti\u1ebfp.<\/p>\n<p>(2) Tr\u01b0\u1edbc khi s\u1eed d\u1ee5ng thu\u1ed1c tr\u1eeb s\u00e2u, h\u00e3y gi\u1ea3m l\u01b0\u1ee3ng n\u01b0\u1edbc trong h\u1ed3 b\u01a1i c\u00e0ng nhi\u1ec1u c\u00e0ng t\u1ed1t \u0111\u1ec3 ti\u1ebft ki\u1ec7m l\u01b0\u1ee3ng thu\u1ed1c tr\u1eeb s\u00e2u \u0111\u00e3 s\u1eed d\u1ee5ng.<\/p>\n<p>(3) N\u00ean phun thu\u1ed1c tr\u1eeb s\u00e2u v\u00e0o s\u00e1ng s\u1edbm ho\u1eb7c chi\u1ec1u t\u1ed1i c\u00e0ng nhi\u1ec1u c\u00e0ng t\u1ed1t v\u00e0 tr\u00e1nh s\u1eed d\u1ee5ng khi nhi\u1ec7t \u0111\u1ed9 n\u01b0\u1edbc qu\u00e1 cao.<\/p>\n<p>(4) X\u00e1c \u0111\u1ecbnh li\u1ec1u l\u01b0\u1ee3ng, th\u00eam l\u01b0\u1ee3ng n\u01b0\u1edbc g\u1ea5p 100 l\u1ea7n, khu\u1ea5y \u0111\u1ec1u v\u00e0 h\u00f2a tan, sau \u0111\u00f3 r\u1ea3i \u0111\u1ec1u v\u00e0o ao c\u00e1. \u0110\u1ea3m b\u1ea3o r\u1ea3i \u0111\u1ec1u. \u0110o di\u1ec7n t\u00edch v\u00e0 \u0111\u1ed9 s\u00e2u c\u1ee7a n\u01b0\u1edbc trong ao c\u00e1, t\u00ednh to\u00e1n li\u1ec1u l\u01b0\u1ee3ng theo b\u1ea3ng d\u01b0\u1edbi \u0111\u00e2y.<\/p>\n<p>(5) B\u1ea3ng sau \u0111\u00e2y d\u1ef1a tr\u00ean h\u00e0m l\u01b0\u1ee3ng mu\u1ed1i l\u00e0 3,5% (35 ph\u1ea7n ngh\u00ecn). Li\u1ec1u l\u01b0\u1ee3ng n\u00ean \u0111\u01b0\u1ee3c t\u0103ng l\u00ean khi h\u00e0m l\u01b0\u1ee3ng mu\u1ed1i th\u1ea5p. Li\u1ec1u l\u01b0\u1ee3ng c\u0169ng n\u00ean \u0111\u01b0\u1ee3c t\u0103ng l\u00ean khi c\u00f3 qu\u00e1 nhi\u1ec1u sinh v\u1eadt ph\u00f9 du trong n\u01b0\u1edbc ho\u1eb7c khi c\u00f3 nhi\u1ec1u r\u1eadn c\u00e1.<\/p>\n<p>(6) Kh\u00f4ng s\u1eed d\u1ee5ng thu\u1ed1c n\u00e0y cho t\u00f4m, cua, ngh\u00eau. Kh\u00f4ng s\u1eed d\u1ee5ng thu\u1ed1c n\u00e0y cho c\u00e1 b\u1ed9t d\u00e0i d\u01b0\u1edbi 7,5 cm. C\u00e1 b\u1ed9t d\u00e0i h\u01a1n 7,5 cm n\u00ean \u0111\u01b0\u1ee3c th\u1ea3 ra sau 5 ng\u00e0y s\u1eed d\u1ee5ng.<\/p>\n<p>(7) Thu\u1ed1c n\u00e0y c\u00f3 \u0111\u1ed9c t\u00ednh th\u1ea5p, nh\u01b0ng \u0111\u1ec3 tr\u00e1nh tai n\u1ea1n, sau khi s\u1eed d\u1ee5ng thu\u1ed1c n\u00ean t\u1eafm ngay v\u00e0 thay qu\u1ea7n \u00e1o lao \u0111\u1ed9ng. N\u1ebfu ch\u1eb3ng may b\u1ecb ng\u1ed9 \u0111\u1ed9c, c\u00f3 th\u1ec3 d\u00f9ng &quot;Adolphine&quot; \u0111\u1ec3 gi\u1ea3i \u0111\u1ed9c.<\/p>\n<p>(8) Tr\u00e1nh th\u00eam n\u01b0\u1edbc trong v\u00f2ng hai ng\u00e0y sau khi phun \u0111\u1ec3 duy tr\u00ec n\u1ed3ng \u0111\u1ed9 thu\u1ed1c. Sau ba ng\u00e0y, c\u00f3 th\u1ec3 th\u00eam n\u01b0\u1edbc b\u1ea5t c\u1ee9 l\u00fac n\u00e0o.<\/p>\n<p>(9) Li\u1ec1u l\u01b0\u1ee3ng trong b\u1ea3ng d\u01b0\u1edbi \u0111\u00e2y l\u00e0 0,3 ph\u1ea7n tri\u1ec7u (ppm). Li\u1ec1u l\u01b0\u1ee3ng t\u00ednh b\u1eb1ng gam ch\u1ec9 mang t\u00ednh ch\u1ea5t tham kh\u1ea3o.<\/p>\n<table border=\"1\" cellspacing=\"0\" cellpadding=\"0\">\n<tbody>\n<tr>\n<td valign=\"top\" width=\"7%\">\u00a0 \u00a0 \u00a0 \u00a0 \u00a0 \u00a0 \u00a0 \u00a0 \u00a0 \u00a0khu v\u1ef1c<\/p>\n<p>\u0111\u1ed9 s\u00e2u c\u1ee7a n\u01b0\u1edbc<\/td>\n<td width=\"5%\">\n<p align=\"center\">M\u1ed9t \u0111i\u1ec3m<\/p>\n<\/td>\n<td width=\"5%\">\n<p align=\"center\">Nh\u1ecb ph\u00e2n<\/p>\n<\/td>\n<td width=\"5%\">\n<p align=\"center\">Ba \u0111i\u1ec3m<\/p>\n<\/td>\n<td width=\"5%\">\n<p align=\"center\">B\u1ed1n \u0111i\u1ec3m<\/p>\n<\/td>\n<td width=\"4%\">\n<p align=\"center\">5 \u0111i\u1ec3m<\/p>\n<\/td>\n<td width=\"3%\">\n<p align=\"center\">H\u1ea1ng nh\u1ea5t<\/p>\n<\/td>\n<\/tr>\n<tr>\n<td width=\"7%\">\n<p align=\"center\">1 th\u01b0\u1edbc k\u1ebb<\/p>\n<\/td>\n<td width=\"5%\">\n<p align=\"center\">90<\/p>\n<\/td>\n<td width=\"5%\">\n<p align=\"center\">180<\/p>\n<\/td>\n<td width=\"5%\">\n<p align=\"center\">270<\/p>\n<\/td>\n<td width=\"5%\">\n<p align=\"center\">360<\/p>\n<\/td>\n<td width=\"4%\">\n<p align=\"center\">450<\/p>\n<\/td>\n<td width=\"3%\">\n<p align=\"center\">900<\/p>\n<\/td>\n<\/tr>\n<tr>\n<td width=\"7%\">\n<p align=\"center\">2 feet<\/p>\n<\/td>\n<td width=\"5%\">\n<p align=\"center\">180<\/p>\n<\/td>\n<td width=\"5%\">\n<p align=\"center\">360<\/p>\n<\/td>\n<td width=\"5%\">\n<p align=\"center\">540<\/p>\n<\/td>\n<td width=\"5%\">\n<p align=\"center\">720<\/p>\n<\/td>\n<td width=\"4%\">\n<p align=\"center\">900<\/p>\n<\/td>\n<td width=\"3%\">\n<p align=\"center\">1800<\/p>\n<\/td>\n<\/tr>\n<tr>\n<td width=\"7%\">\n<p align=\"center\">3 feet<\/p>\n<\/td>\n<td width=\"5%\">\n<p align=\"center\">270<\/p>\n<\/td>\n<td width=\"5%\">\n<p align=\"center\">540<\/p>\n<\/td>\n<td width=\"5%\">\n<p align=\"center\">810<\/p>\n<\/td>\n<td width=\"5%\">\n<p align=\"center\">1080<\/p>\n<\/td>\n<td width=\"4%\">\n<p align=\"center\">1350<\/p>\n<\/td>\n<td width=\"3%\">\n<p align=\"center\">2700<\/p>\n<\/td>\n<\/tr>\n<tr>\n<td width=\"7%\">\n<p align=\"center\">4 feet<\/p>\n<\/td>\n<td width=\"5%\">\n<p align=\"center\">360<\/p>\n<\/td>\n<td width=\"5%\">\n<p align=\"center\">720<\/p>\n<\/td>\n<td width=\"5%\">\n<p align=\"center\">1080<\/p>\n<\/td>\n<td width=\"5%\">\n<p align=\"center\">1440<\/p>\n<\/td>\n<td width=\"4%\">\n<p align=\"center\">1800<\/p>\n<\/td>\n<td width=\"3%\">\n<p align=\"center\">3600<\/p>\n<\/td>\n<\/tr>\n<tr>\n<td width=\"7%\">\n<p align=\"center\">5 feet<\/p>\n<\/td>\n<td width=\"5%\">\n<p align=\"center\">450<\/p>\n<\/td>\n<td width=\"5%\">\n<p align=\"center\">900<\/p>\n<\/td>\n<td width=\"5%\">\n<p align=\"center\">1350<\/p>\n<\/td>\n<td width=\"5%\">\n<p align=\"center\">1800<\/p>\n<\/td>\n<td width=\"4%\">\n<p align=\"center\">2250<\/p>\n<\/td>\n<td width=\"3%\">\n<p align=\"center\">4500<\/p>\n<\/td>\n<\/tr>\n<\/tbody>\n<\/table>","protected":false},"excerpt":{"rendered":"<p>S\u1ed1 gi\u1ea5y ph\u00e9p: Gi\u1ea5y ph\u00e9p thu\u1ed1c th\u00fa y s\u1ed1 02861<br \/>\nD\u1ea1ng b\u00e0o ch\u1ebf: B\u1ed9t<br \/>\n\u0110\u00f3ng g\u00f3i: 100g, 500g, 1Kg, 25Kg, 30Kg<br \/>\n\u0110\u1ed9ng v\u1eadt \u00e1p d\u1ee5ng: L\u1ee3n, gia s\u00fac, ch\u00f3, Anguilliformes, Albinos, Cypriniformes, Perciformes (tr\u1eeb c\u00e1 r\u00f4 phi)<br \/>\nC\u00f4ng d\u1ee5ng (ch\u1ec9 \u0111\u1ecbnh): Heo, tr\u00e2u, b\u00f2, ch\u00f3: tr\u1eeb gh\u1ebb, ve, r\u1eadn l\u00f4ng v\u00e0 c\u00e1c lo\u1ea1i k\u00fd sinh tr\u00f9ng ngo\u00e0i da kh\u00e1c. C\u00e1 r\u00f4 phi, c\u00e1 ch\u1ebdm, c\u00e1 ch\u1ebdm, c\u00e1 r\u00f4 phi (tr\u1eeb c\u00e1 r\u00f4 phi): di\u1ec7t nguy\u00ean sinh \u0111\u1ed9ng v\u1eadt, s\u00e1n l\u00e1 \u0111\u01a1n t\u00ednh, gi\u00e1p x\u00e1c v\u00e0 c\u00e1c lo\u1ea1i k\u00fd sinh tr\u00f9ng ngo\u00e0i da kh\u00e1c nh\u1ea1y c\u1ea3m v\u1edbi thu\u1ed1c v\u00e0 k\u00fd sinh tr\u00ean b\u1ec1 m\u1eb7t c\u01a1 th\u1ec3 ho\u1eb7c mang.<br \/>\nTh\u00e0nh ph\u1ea7n: M\u1ed7i 100 gm ch\u1ee9a: O,O-Dimethyl-1-hydroxy-2,2,2-trichloroethyl phosphonate\u2026\u2026\u2026.95 gm<\/p>","protected":false},"featured_media":1942,"comment_status":"open","ping_status":"closed","template":"","meta":[],"product_brand":[],"product_cat":[45,63,46,73,74,55,50,47,51,48],"product_tag":[],"class_list":{"0":"post-1941","1":"product","2":"type-product","3":"status-publish","4":"has-post-thumbnail","6":"product_cat-45","7":"product_cat-63","8":"product_cat-46","9":"product_cat-73","10":"product_cat-74","11":"product_cat-55","12":"product_cat-50","13":"product_cat-47","14":"product_cat-51","15":"product_cat-48","17":"first","18":"instock","19":"shipping-taxable","20":"product-type-simple"},"yoast_head":"<!-- This site is optimized with the Yoast SEO Premium plugin v25.3.1 (Yoast SEO v25.4) - https:\/\/yoast.com\/wordpress\/plugins\/seo\/ -->\n<title>\u611b\u9b5a\u5b89 - \u5927\u5b89\u5316\u5b78\u88fd\u85e5\u80a1\u4efd\u6709\u9650\u516c\u53f8<\/title>\n<meta name=\"robots\" content=\"index, follow, max-snippet:-1, max-image-preview:large, max-video-preview:-1\" \/>\n<link rel=\"canonical\" href=\"https:\/\/tahanpharma.com\/vi\/san-pham\/\u611b\u9b5a\u5b89\/\" \/>\n<meta property=\"og:locale\" content=\"vi_VN\" \/>\n<meta property=\"og:type\" content=\"article\" \/>\n<meta property=\"og:title\" content=\"\u611b\u9b5a\u5b89\" \/>\n<meta property=\"og:description\" content=\"\u8a31\u53ef\u8b49\u5b57\u865f \uff1a \u52d5\u7269\u85e5\u88fd\u5b57\u7b2c02861\u865f \u5291\u578b \uff1a \u6563\u5291 \u5305\u88dd \uff1a 100g\u3001500g\u30011Kg\u300125Kg\u300130Kg \u9069\u7528\u52d5\u7269 \uff1a \u8c6c\u3001\u725b\u3001\u72d7\u3001\u9c3b\u5f62\u76ee\u3001\u9f20\u9c54\u76ee\u3001\u9bc9\u5f62\u76ee\u3001\u9c78\u5f62\u76ee(\u5433\u90ed\u9b5a\u9664\u5916) \u6548\u80fd(\u9069\u61c9\u75c7) \uff1a \u8c6c\u3001\u725b\u3001\u72d7\uff1a\u9a45\u9664\u75a5\u766c\u3001\u58c1\u8768\u3001\u6bdb\u8768\u7b49\u9ad4\u5916\u5bc4\u751f\u87f2\u3002 \u9c3b\u5f62\u76ee\u3001\u9f20\u9c54\u76ee\u3001\u9bc9\u5f62\u76ee\u3001\u9c78\u5f62\u76ee(\u5433\u90ed\u9b5a\u9664\u5916)\uff1a\u6bba\u6ec5\u5c0d\u672c\u5291\u5177\u6709\u611f\u53d7\u6027\u5bc4\u751f\u9ad4\u8868\u6216\u9c13\u4e4b\u539f\u87f2\u985e\u55ae\u6b96\u5438\u87f2\u985e\u3001\u7532\u6bbc\u985e\u7b49\u5916\u5bc4\u751f\u87f2\u3002 \u6210\u4efd \uff1a Each 100 gm contains\uff1a O,O-Dimethyl-1-hydroxy-2,2,2-trichloroethyl phosphonate\u2026\u2026\u2026.95gm\" \/>\n<meta property=\"og:url\" content=\"https:\/\/tahanpharma.com\/vi\/san-pham\/\u611b\u9b5a\u5b89\/\" \/>\n<meta property=\"og:site_name\" content=\"\u5927\u5b89\u5316\u5b78\u88fd\u85e5\u80a1\u4efd\u6709\u9650\u516c\u53f8\" \/>\n<meta property=\"article:modified_time\" content=\"2025-06-18T10:06:04+00:00\" \/>\n<meta property=\"og:image\" content=\"https:\/\/tahanpharma.com\/wp-content\/uploads\/2025\/06\/\u611b\u9b5a\u5b89-01.jpg\" \/>\n\t<meta property=\"og:image:width\" content=\"500\" \/>\n\t<meta property=\"og:image:height\" content=\"500\" \/>\n\t<meta property=\"og:image:type\" content=\"image\/jpeg\" \/>\n<meta name=\"twitter:card\" content=\"summary_large_image\" \/>\n<script type=\"application\/ld+json\" class=\"yoast-schema-graph\">{\"@context\":\"https:\/\/schema.org\",\"@graph\":[{\"@type\":\"WebPage\",\"@id\":\"https:\/\/tahanpharma.com\/product\/%e6%84%9b%e9%ad%9a%e5%ae%89\/\",\"url\":\"https:\/\/tahanpharma.com\/product\/%e6%84%9b%e9%ad%9a%e5%ae%89\/\",\"name\":\"\u611b\u9b5a\u5b89 - \u5927\u5b89\u5316\u5b78\u88fd\u85e5\u80a1\u4efd\u6709\u9650\u516c\u53f8\",\"isPartOf\":{\"@id\":\"https:\/\/tahanpharma.com\/#website\"},\"primaryImageOfPage\":{\"@id\":\"https:\/\/tahanpharma.com\/product\/%e6%84%9b%e9%ad%9a%e5%ae%89\/#primaryimage\"},\"image\":{\"@id\":\"https:\/\/tahanpharma.com\/product\/%e6%84%9b%e9%ad%9a%e5%ae%89\/#primaryimage\"},\"thumbnailUrl\":\"https:\/\/tahanpharma.com\/wp-content\/uploads\/2025\/06\/\u611b\u9b5a\u5b89-01.jpg\",\"datePublished\":\"2025-06-18T02:10:47+00:00\",\"dateModified\":\"2025-06-18T10:06:04+00:00\",\"breadcrumb\":{\"@id\":\"https:\/\/tahanpharma.com\/product\/%e6%84%9b%e9%ad%9a%e5%ae%89\/#breadcrumb\"},\"inLanguage\":\"vi\",\"potentialAction\":[{\"@type\":\"ReadAction\",\"target\":[\"https:\/\/tahanpharma.com\/product\/%e6%84%9b%e9%ad%9a%e5%ae%89\/\"]}]},{\"@type\":\"ImageObject\",\"inLanguage\":\"vi\",\"@id\":\"https:\/\/tahanpharma.com\/product\/%e6%84%9b%e9%ad%9a%e5%ae%89\/#primaryimage\",\"url\":\"https:\/\/tahanpharma.com\/wp-content\/uploads\/2025\/06\/\u611b\u9b5a\u5b89-01.jpg\",\"contentUrl\":\"https:\/\/tahanpharma.com\/wp-content\/uploads\/2025\/06\/\u611b\u9b5a\u5b89-01.jpg\",\"width\":500,\"height\":500},{\"@type\":\"BreadcrumbList\",\"@id\":\"https:\/\/tahanpharma.com\/product\/%e6%84%9b%e9%ad%9a%e5%ae%89\/#breadcrumb\",\"itemListElement\":[{\"@type\":\"ListItem\",\"position\":1,\"name\":\"\u9996\u9801\",\"item\":\"https:\/\/tahanpharma.com\/\"},{\"@type\":\"ListItem\",\"position\":2,\"name\":\"\u7522\u54c1\u7c21\u4ecb\",\"item\":\"https:\/\/tahanpharma.com\/product\/\"},{\"@type\":\"ListItem\",\"position\":3,\"name\":\"\u611b\u9b5a\u5b89\"}]},{\"@type\":\"WebSite\",\"@id\":\"https:\/\/tahanpharma.com\/#website\",\"url\":\"https:\/\/tahanpharma.com\/\",\"name\":\"\u5927\u5b89\u5316\u5b78\u88fd\u85e5\u80a1\u4efd\u6709\u9650\u516c\u53f8\",\"description\":\"\u52d5\u7269\u85e5\u54c1\u88fd\u9020\",\"potentialAction\":[{\"@type\":\"SearchAction\",\"target\":{\"@type\":\"EntryPoint\",\"urlTemplate\":\"https:\/\/tahanpharma.com\/?s={search_term_string}\"},\"query-input\":{\"@type\":\"PropertyValueSpecification\",\"valueRequired\":true,\"valueName\":\"search_term_string\"}}],\"inLanguage\":\"vi\"}]}<\/script>\n<!-- \/ Yoast SEO Premium plugin. -->","yoast_head_json":{"title":"\u611b\u9b5a\u5b89 - \u5927\u5b89\u5316\u5b78\u88fd\u85e5\u80a1\u4efd\u6709\u9650\u516c\u53f8","robots":{"index":"index","follow":"follow","max-snippet":"max-snippet:-1","max-image-preview":"max-image-preview:large","max-video-preview":"max-video-preview:-1"},"canonical":"https:\/\/tahanpharma.com\/vi\/san-pham\/\u611b\u9b5a\u5b89\/","og_locale":"vi_VN","og_type":"article","og_title":"\u611b\u9b5a\u5b89","og_description":"\u8a31\u53ef\u8b49\u5b57\u865f \uff1a \u52d5\u7269\u85e5\u88fd\u5b57\u7b2c02861\u865f \u5291\u578b \uff1a \u6563\u5291 \u5305\u88dd \uff1a 100g\u3001500g\u30011Kg\u300125Kg\u300130Kg \u9069\u7528\u52d5\u7269 \uff1a \u8c6c\u3001\u725b\u3001\u72d7\u3001\u9c3b\u5f62\u76ee\u3001\u9f20\u9c54\u76ee\u3001\u9bc9\u5f62\u76ee\u3001\u9c78\u5f62\u76ee(\u5433\u90ed\u9b5a\u9664\u5916) \u6548\u80fd(\u9069\u61c9\u75c7) \uff1a \u8c6c\u3001\u725b\u3001\u72d7\uff1a\u9a45\u9664\u75a5\u766c\u3001\u58c1\u8768\u3001\u6bdb\u8768\u7b49\u9ad4\u5916\u5bc4\u751f\u87f2\u3002 \u9c3b\u5f62\u76ee\u3001\u9f20\u9c54\u76ee\u3001\u9bc9\u5f62\u76ee\u3001\u9c78\u5f62\u76ee(\u5433\u90ed\u9b5a\u9664\u5916)\uff1a\u6bba\u6ec5\u5c0d\u672c\u5291\u5177\u6709\u611f\u53d7\u6027\u5bc4\u751f\u9ad4\u8868\u6216\u9c13\u4e4b\u539f\u87f2\u985e\u55ae\u6b96\u5438\u87f2\u985e\u3001\u7532\u6bbc\u985e\u7b49\u5916\u5bc4\u751f\u87f2\u3002 \u6210\u4efd \uff1a Each 100 gm contains\uff1a O,O-Dimethyl-1-hydroxy-2,2,2-trichloroethyl phosphonate\u2026\u2026\u2026.95gm","og_url":"https:\/\/tahanpharma.com\/vi\/san-pham\/\u611b\u9b5a\u5b89\/","og_site_name":"\u5927\u5b89\u5316\u5b78\u88fd\u85e5\u80a1\u4efd\u6709\u9650\u516c\u53f8","article_modified_time":"2025-06-18T10:06:04+00:00","og_image":[{"width":500,"height":500,"url":"https:\/\/tahanpharma.com\/wp-content\/uploads\/2025\/06\/\u611b\u9b5a\u5b89-01.jpg","type":"image\/jpeg"}],"twitter_card":"summary_large_image","schema":{"@context":"https:\/\/schema.org","@graph":[{"@type":"WebPage","@id":"https:\/\/tahanpharma.com\/product\/%e6%84%9b%e9%ad%9a%e5%ae%89\/","url":"https:\/\/tahanpharma.com\/product\/%e6%84%9b%e9%ad%9a%e5%ae%89\/","name":"\u611b\u9b5a\u5b89 - \u5927\u5b89\u5316\u5b78\u88fd\u85e5\u80a1\u4efd\u6709\u9650\u516c\u53f8","isPartOf":{"@id":"https:\/\/tahanpharma.com\/#website"},"primaryImageOfPage":{"@id":"https:\/\/tahanpharma.com\/product\/%e6%84%9b%e9%ad%9a%e5%ae%89\/#primaryimage"},"image":{"@id":"https:\/\/tahanpharma.com\/product\/%e6%84%9b%e9%ad%9a%e5%ae%89\/#primaryimage"},"thumbnailUrl":"https:\/\/tahanpharma.com\/wp-content\/uploads\/2025\/06\/\u611b\u9b5a\u5b89-01.jpg","datePublished":"2025-06-18T02:10:47+00:00","dateModified":"2025-06-18T10:06:04+00:00","breadcrumb":{"@id":"https:\/\/tahanpharma.com\/product\/%e6%84%9b%e9%ad%9a%e5%ae%89\/#breadcrumb"},"inLanguage":"vi","potentialAction":[{"@type":"ReadAction","target":["https:\/\/tahanpharma.com\/product\/%e6%84%9b%e9%ad%9a%e5%ae%89\/"]}]},{"@type":"ImageObject","inLanguage":"vi","@id":"https:\/\/tahanpharma.com\/product\/%e6%84%9b%e9%ad%9a%e5%ae%89\/#primaryimage","url":"https:\/\/tahanpharma.com\/wp-content\/uploads\/2025\/06\/\u611b\u9b5a\u5b89-01.jpg","contentUrl":"https:\/\/tahanpharma.com\/wp-content\/uploads\/2025\/06\/\u611b\u9b5a\u5b89-01.jpg","width":500,"height":500},{"@type":"BreadcrumbList","@id":"https:\/\/tahanpharma.com\/product\/%e6%84%9b%e9%ad%9a%e5%ae%89\/#breadcrumb","itemListElement":[{"@type":"ListItem","position":1,"name":"\u9996\u9801","item":"https:\/\/tahanpharma.com\/"},{"@type":"ListItem","position":2,"name":"\u7522\u54c1\u7c21\u4ecb","item":"https:\/\/tahanpharma.com\/product\/"},{"@type":"ListItem","position":3,"name":"\u611b\u9b5a\u5b89"}]},{"@type":"WebSite","@id":"https:\/\/tahanpharma.com\/#website","url":"https:\/\/tahanpharma.com\/","name":"\u5927\u5b89\u5316\u5b78\u88fd\u85e5\u80a1\u4efd\u6709\u9650\u516c\u53f8","description":"\u52d5\u7269\u85e5\u54c1\u88fd\u9020","potentialAction":[{"@type":"SearchAction","target":{"@type":"EntryPoint","urlTemplate":"https:\/\/tahanpharma.com\/?s={search_term_string}"},"query-input":{"@type":"PropertyValueSpecification","valueRequired":true,"valueName":"search_term_string"}}],"inLanguage":"vi"}]}},"_links":{"self":[{"href":"https:\/\/tahanpharma.com\/vi\/wp-json\/wp\/v2\/product\/1941","targetHints":{"allow":["GET"]}}],"collection":[{"href":"https:\/\/tahanpharma.com\/vi\/wp-json\/wp\/v2\/product"}],"about":[{"href":"https:\/\/tahanpharma.com\/vi\/wp-json\/wp\/v2\/types\/product"}],"replies":[{"embeddable":true,"href":"https:\/\/tahanpharma.com\/vi\/wp-json\/wp\/v2\/comments?post=1941"}],"wp:featuredmedia":[{"embeddable":true,"href":"https:\/\/tahanpharma.com\/vi\/wp-json\/wp\/v2\/media\/1942"}],"wp:attachment":[{"href":"https:\/\/tahanpharma.com\/vi\/wp-json\/wp\/v2\/media?parent=1941"}],"wp:term":[{"taxonomy":"product_brand","embeddable":true,"href":"https:\/\/tahanpharma.com\/vi\/wp-json\/wp\/v2\/product_brand?post=1941"},{"taxonomy":"product_cat","embeddable":true,"href":"https:\/\/tahanpharma.com\/vi\/wp-json\/wp\/v2\/product_cat?post=1941"},{"taxonomy":"product_tag","embeddable":true,"href":"https:\/\/tahanpharma.com\/vi\/wp-json\/wp\/v2\/product_tag?post=1941"}],"curies":[{"name":"wp","href":"https:\/\/api.w.org\/{rel}","templated":true}]}}