{"id":1943,"date":"2025-06-18T10:11:56","date_gmt":"2025-06-18T02:11:56","guid":{"rendered":"https:\/\/tahanpharma.com\/?post_type=product&#038;p=1943"},"modified":"2025-06-19T15:41:17","modified_gmt":"2025-06-19T07:41:17","slug":"%e5%a3%9e%e8%9f%b2%e5%80%92","status":"publish","type":"product","link":"https:\/\/tahanpharma.com\/vi\/san-pham\/%e5%a3%9e%e8%9f%b2%e5%80%92\/","title":{"rendered":"Nh\u1eefng con b\u1ecd x\u1ea5u xa r\u01a1i xu\u1ed1ng"},"content":{"rendered":"<p>1. T\u1eafm thu\u1ed1c: Pha dung d\u1ecbch pha lo\u00e3ng 0,1% (t\u1ee9c l\u00e0 1000 l\u1ea7n) \u0111\u1ec3 x\u1ecbt ho\u1eb7c t\u1eafm thu\u1ed1c. T\u1ee9c l\u00e0, cho 15 gram g\u00f3i thu\u1ed1c v\u00e0o 15 l\u00edt n\u01b0\u1edbc, khu\u1ea5y \u0111\u1ec1u cho \u0111\u1ebfn khi dung d\u1ecbch pha lo\u00e3ng \u0111\u1ed3ng nh\u1ea5t, d\u00f9ng b\u00ecnh x\u1ecbt phun \u01b0\u1edbt to\u00e0n th\u00e2n ho\u1eb7c ng\u00e2m to\u00e0n th\u00e2n, d\u00f9ng 30 ng\u00e0y m\u1ed9t l\u1ea7n. Sau khi ng\u00e2m xong, d\u00f9ng kh\u0103n kh\u00f4 lau kh\u00f4, kh\u00f4ng \u0111\u1ec3 ch\u00f3 li\u1ebfm.<\/p>\n<p>2. \u0110i\u1ec1u tr\u1ecb t\u1ea1i ch\u1ed7: Pha lo\u00e3ng 0,3% (g\u1ea5p 330 l\u1ea7n), t\u1ee9c l\u00e0 cho m\u1ed7i g\u00f3i 15g v\u00e0o 5 l\u00edt n\u01b0\u1edbc, khu\u1ea5y \u0111\u1ec1u r\u1ed3i b\u00f4i v\u00e0o v\u00f9ng b\u1ecb th\u01b0\u01a1ng \u0111\u1ec3 \u0111i\u1ec1u tr\u1ecb nh\u1ecdt \u1edf v\u1ebft th\u01b0\u01a1ng v\u00e0 ve \u1edf tai.<\/p>\n<p>T\u1eafm c\u00e1t: Khi d\u00f9ng \u0111\u1ec3 xua \u0111u\u1ed5i k\u00fd sinh tr\u00f9ng b\u00ean ngo\u00e0i nh\u01b0 r\u1eadn g\u00e0, c\u00f3 th\u1ec3 th\u00eam 15 gam thu\u1ed1c n\u00e0y v\u00e0o 15 kg c\u00e1t m\u1ecbn ho\u1eb7c b\u1ed9t talc, tr\u1ed9n \u0111\u1ec1u, cho v\u00e0o \u0111\u0129a n\u00f4ng v\u00e0 \u0111\u1ec3 ng\u00e2m trong c\u00e1t. Thay c\u00e1t hai th\u00e1ng m\u1ed9t l\u1ea7n.<\/p>","protected":false},"excerpt":{"rendered":"<p>T\u00ean thu\u1ed1c: COUMAPHOS<br \/>\nS\u1ed1 gi\u1ea5y ph\u00e9p: Gi\u1ea5y ph\u00e9p thu\u1ed1c th\u00fa y s\u1ed1 02883<br \/>\nD\u1ea1ng b\u00e0o ch\u1ebf: B\u1ed9t d\u00f9ng ngo\u00e0i da<br \/>\n\u0110\u00f3ng g\u00f3i: 15g, 25g, 100g, 500g, 1kg<br \/>\n\u0110\u1ed9ng v\u1eadt \u00e1p d\u1ee5ng: gia s\u00fac, ch\u00f3<br \/>\nC\u00f4ng d\u1ee5ng (ch\u1ec9 \u0111\u1ecbnh): Gia s\u00fac, ch\u00f3: xua \u0111u\u1ed5i ve b\u00ean ngo\u00e0i (bao g\u1ed3m c\u1ea3 nh\u1eefng lo\u1ea1i ve kh\u00e1ng asen v\u00e0 thu\u1ed1c tr\u1eeb s\u00e2u organochlorine), ve gia s\u00fac, ve ch\u00f3, c\u00f4n tr\u00f9ng h\u00fat m\u00e1u, b\u1ecd ch\u00e9t, nh\u1ec7n nh\u1ecf, gi\u00f2i tr\u00ean v\u1ebft th\u01b0\u01a1ng, gh\u1ebb, v.v.<br \/>\nTh\u00e0nh ph\u1ea7n: M\u1ed7i 100 gm ch\u1ee9a:<br \/>\nO,O-Diethyl-O-(3-Chloro-4-methyl-7-coumarinyl)-phosphorothioate\u2026\u2026\u2026.50gm<\/p>","protected":false},"featured_media":2213,"comment_status":"open","ping_status":"closed","template":"","meta":[],"product_brand":[],"product_cat":[45,63,46,73,47,51],"product_tag":[],"class_list":{"0":"post-1943","1":"product","2":"type-product","3":"status-publish","4":"has-post-thumbnail","6":"product_cat-45","7":"product_cat-63","8":"product_cat-46","9":"product_cat-73","10":"product_cat-47","11":"product_cat-51","13":"first","14":"instock","15":"shipping-taxable","16":"product-type-simple"},"yoast_head":"<!-- This site is optimized with the Yoast SEO Premium plugin v25.3.1 (Yoast SEO v25.4) - https:\/\/yoast.com\/wordpress\/plugins\/seo\/ -->\n<title>\u58de\u87f2\u5012 - \u5927\u5b89\u5316\u5b78\u88fd\u85e5\u80a1\u4efd\u6709\u9650\u516c\u53f8<\/title>\n<meta name=\"robots\" content=\"index, follow, max-snippet:-1, max-image-preview:large, max-video-preview:-1\" \/>\n<link rel=\"canonical\" href=\"https:\/\/tahanpharma.com\/vi\/san-pham\/\u58de\u87f2\u5012\/\" \/>\n<meta property=\"og:locale\" content=\"vi_VN\" \/>\n<meta property=\"og:type\" content=\"article\" \/>\n<meta property=\"og:title\" content=\"\u58de\u87f2\u5012\" \/>\n<meta property=\"og:description\" content=\"\u85e5\u54c1\u540d \uff1a COUMAPHOS \u8a31\u53ef\u8b49\u5b57\u865f \uff1a \u52d5\u7269\u85e5\u88fd\u5b57\u7b2c02883\u865f \u5291\u578b \uff1a \u6cbb\u7642\u7528\u6563\u5291(\u5916\u7528) \u5305\u88dd \uff1a 15g,25g,100g,500g,1kg \u9069\u7528\u52d5\u7269 \uff1a \u725b\u3001\u72ac \u6548\u80fd(\u9069\u61c9\u75c7) \uff1a \u725b\u3001\u72ac\uff1a\u9a45\u9664\u9ad4\u5916\u6241\u8768\uff08\u5305\u62ec\u5c0d\u7837\u53ca\u6709\u6a5f\u6c2f\u7b49\u6bba\u87f2\u5291\u6709\u6297\u85e5\u6027\u8005\uff09\u3001\u725b\u8731\u3001\u72d7\u8731\u3001\u5438\u8840\u87f2\u3001\u8df3\u86a4\u3001\u5c0f\u8718\u86db\u3001\u50b7\u53e3\u4e0a\u7684\u86c6\u3001\u75a5\u766c\u87f2\u7b49\u3002 \u6210\u4efd \uff1a Each 100 gm contains\uff1a O,O-Diethyl-O-(3-Chloro-4-methyl-7-coumarinyl)-phosphorothioate\u2026\u2026\u2026.50gm\" \/>\n<meta property=\"og:url\" content=\"https:\/\/tahanpharma.com\/vi\/san-pham\/\u58de\u87f2\u5012\/\" \/>\n<meta property=\"og:site_name\" content=\"\u5927\u5b89\u5316\u5b78\u88fd\u85e5\u80a1\u4efd\u6709\u9650\u516c\u53f8\" \/>\n<meta property=\"article:modified_time\" content=\"2025-06-19T07:41:17+00:00\" \/>\n<meta property=\"og:image\" content=\"https:\/\/tahanpharma.com\/wp-content\/uploads\/2025\/06\/\u58de\u87f2\u5012-01.jpg\" \/>\n\t<meta property=\"og:image:width\" content=\"500\" \/>\n\t<meta property=\"og:image:height\" content=\"500\" \/>\n\t<meta property=\"og:image:type\" content=\"image\/jpeg\" \/>\n<meta name=\"twitter:card\" content=\"summary_large_image\" \/>\n<script type=\"application\/ld+json\" class=\"yoast-schema-graph\">{\"@context\":\"https:\/\/schema.org\",\"@graph\":[{\"@type\":\"WebPage\",\"@id\":\"https:\/\/tahanpharma.com\/product\/%e5%a3%9e%e8%9f%b2%e5%80%92\/\",\"url\":\"https:\/\/tahanpharma.com\/product\/%e5%a3%9e%e8%9f%b2%e5%80%92\/\",\"name\":\"\u58de\u87f2\u5012 - \u5927\u5b89\u5316\u5b78\u88fd\u85e5\u80a1\u4efd\u6709\u9650\u516c\u53f8\",\"isPartOf\":{\"@id\":\"https:\/\/tahanpharma.com\/#website\"},\"primaryImageOfPage\":{\"@id\":\"https:\/\/tahanpharma.com\/product\/%e5%a3%9e%e8%9f%b2%e5%80%92\/#primaryimage\"},\"image\":{\"@id\":\"https:\/\/tahanpharma.com\/product\/%e5%a3%9e%e8%9f%b2%e5%80%92\/#primaryimage\"},\"thumbnailUrl\":\"https:\/\/tahanpharma.com\/wp-content\/uploads\/2025\/06\/\u58de\u87f2\u5012-01.jpg\",\"datePublished\":\"2025-06-18T02:11:56+00:00\",\"dateModified\":\"2025-06-19T07:41:17+00:00\",\"breadcrumb\":{\"@id\":\"https:\/\/tahanpharma.com\/product\/%e5%a3%9e%e8%9f%b2%e5%80%92\/#breadcrumb\"},\"inLanguage\":\"vi\",\"potentialAction\":[{\"@type\":\"ReadAction\",\"target\":[\"https:\/\/tahanpharma.com\/product\/%e5%a3%9e%e8%9f%b2%e5%80%92\/\"]}]},{\"@type\":\"ImageObject\",\"inLanguage\":\"vi\",\"@id\":\"https:\/\/tahanpharma.com\/product\/%e5%a3%9e%e8%9f%b2%e5%80%92\/#primaryimage\",\"url\":\"https:\/\/tahanpharma.com\/wp-content\/uploads\/2025\/06\/\u58de\u87f2\u5012-01.jpg\",\"contentUrl\":\"https:\/\/tahanpharma.com\/wp-content\/uploads\/2025\/06\/\u58de\u87f2\u5012-01.jpg\",\"width\":500,\"height\":500},{\"@type\":\"BreadcrumbList\",\"@id\":\"https:\/\/tahanpharma.com\/product\/%e5%a3%9e%e8%9f%b2%e5%80%92\/#breadcrumb\",\"itemListElement\":[{\"@type\":\"ListItem\",\"position\":1,\"name\":\"\u9996\u9801\",\"item\":\"https:\/\/tahanpharma.com\/\"},{\"@type\":\"ListItem\",\"position\":2,\"name\":\"\u7522\u54c1\u7c21\u4ecb\",\"item\":\"https:\/\/tahanpharma.com\/product\/\"},{\"@type\":\"ListItem\",\"position\":3,\"name\":\"\u58de\u87f2\u5012\"}]},{\"@type\":\"WebSite\",\"@id\":\"https:\/\/tahanpharma.com\/#website\",\"url\":\"https:\/\/tahanpharma.com\/\",\"name\":\"\u5927\u5b89\u5316\u5b78\u88fd\u85e5\u80a1\u4efd\u6709\u9650\u516c\u53f8\",\"description\":\"\u52d5\u7269\u85e5\u54c1\u88fd\u9020\",\"potentialAction\":[{\"@type\":\"SearchAction\",\"target\":{\"@type\":\"EntryPoint\",\"urlTemplate\":\"https:\/\/tahanpharma.com\/?s={search_term_string}\"},\"query-input\":{\"@type\":\"PropertyValueSpecification\",\"valueRequired\":true,\"valueName\":\"search_term_string\"}}],\"inLanguage\":\"vi\"}]}<\/script>\n<!-- \/ Yoast SEO Premium plugin. -->","yoast_head_json":{"title":"\u58de\u87f2\u5012 - \u5927\u5b89\u5316\u5b78\u88fd\u85e5\u80a1\u4efd\u6709\u9650\u516c\u53f8","robots":{"index":"index","follow":"follow","max-snippet":"max-snippet:-1","max-image-preview":"max-image-preview:large","max-video-preview":"max-video-preview:-1"},"canonical":"https:\/\/tahanpharma.com\/vi\/san-pham\/\u58de\u87f2\u5012\/","og_locale":"vi_VN","og_type":"article","og_title":"\u58de\u87f2\u5012","og_description":"\u85e5\u54c1\u540d \uff1a COUMAPHOS \u8a31\u53ef\u8b49\u5b57\u865f \uff1a \u52d5\u7269\u85e5\u88fd\u5b57\u7b2c02883\u865f \u5291\u578b \uff1a \u6cbb\u7642\u7528\u6563\u5291(\u5916\u7528) \u5305\u88dd \uff1a 15g,25g,100g,500g,1kg \u9069\u7528\u52d5\u7269 \uff1a \u725b\u3001\u72ac \u6548\u80fd(\u9069\u61c9\u75c7) \uff1a \u725b\u3001\u72ac\uff1a\u9a45\u9664\u9ad4\u5916\u6241\u8768\uff08\u5305\u62ec\u5c0d\u7837\u53ca\u6709\u6a5f\u6c2f\u7b49\u6bba\u87f2\u5291\u6709\u6297\u85e5\u6027\u8005\uff09\u3001\u725b\u8731\u3001\u72d7\u8731\u3001\u5438\u8840\u87f2\u3001\u8df3\u86a4\u3001\u5c0f\u8718\u86db\u3001\u50b7\u53e3\u4e0a\u7684\u86c6\u3001\u75a5\u766c\u87f2\u7b49\u3002 \u6210\u4efd \uff1a Each 100 gm contains\uff1a O,O-Diethyl-O-(3-Chloro-4-methyl-7-coumarinyl)-phosphorothioate\u2026\u2026\u2026.50gm","og_url":"https:\/\/tahanpharma.com\/vi\/san-pham\/\u58de\u87f2\u5012\/","og_site_name":"\u5927\u5b89\u5316\u5b78\u88fd\u85e5\u80a1\u4efd\u6709\u9650\u516c\u53f8","article_modified_time":"2025-06-19T07:41:17+00:00","og_image":[{"width":500,"height":500,"url":"https:\/\/tahanpharma.com\/wp-content\/uploads\/2025\/06\/\u58de\u87f2\u5012-01.jpg","type":"image\/jpeg"}],"twitter_card":"summary_large_image","schema":{"@context":"https:\/\/schema.org","@graph":[{"@type":"WebPage","@id":"https:\/\/tahanpharma.com\/product\/%e5%a3%9e%e8%9f%b2%e5%80%92\/","url":"https:\/\/tahanpharma.com\/product\/%e5%a3%9e%e8%9f%b2%e5%80%92\/","name":"\u58de\u87f2\u5012 - \u5927\u5b89\u5316\u5b78\u88fd\u85e5\u80a1\u4efd\u6709\u9650\u516c\u53f8","isPartOf":{"@id":"https:\/\/tahanpharma.com\/#website"},"primaryImageOfPage":{"@id":"https:\/\/tahanpharma.com\/product\/%e5%a3%9e%e8%9f%b2%e5%80%92\/#primaryimage"},"image":{"@id":"https:\/\/tahanpharma.com\/product\/%e5%a3%9e%e8%9f%b2%e5%80%92\/#primaryimage"},"thumbnailUrl":"https:\/\/tahanpharma.com\/wp-content\/uploads\/2025\/06\/\u58de\u87f2\u5012-01.jpg","datePublished":"2025-06-18T02:11:56+00:00","dateModified":"2025-06-19T07:41:17+00:00","breadcrumb":{"@id":"https:\/\/tahanpharma.com\/product\/%e5%a3%9e%e8%9f%b2%e5%80%92\/#breadcrumb"},"inLanguage":"vi","potentialAction":[{"@type":"ReadAction","target":["https:\/\/tahanpharma.com\/product\/%e5%a3%9e%e8%9f%b2%e5%80%92\/"]}]},{"@type":"ImageObject","inLanguage":"vi","@id":"https:\/\/tahanpharma.com\/product\/%e5%a3%9e%e8%9f%b2%e5%80%92\/#primaryimage","url":"https:\/\/tahanpharma.com\/wp-content\/uploads\/2025\/06\/\u58de\u87f2\u5012-01.jpg","contentUrl":"https:\/\/tahanpharma.com\/wp-content\/uploads\/2025\/06\/\u58de\u87f2\u5012-01.jpg","width":500,"height":500},{"@type":"BreadcrumbList","@id":"https:\/\/tahanpharma.com\/product\/%e5%a3%9e%e8%9f%b2%e5%80%92\/#breadcrumb","itemListElement":[{"@type":"ListItem","position":1,"name":"\u9996\u9801","item":"https:\/\/tahanpharma.com\/"},{"@type":"ListItem","position":2,"name":"\u7522\u54c1\u7c21\u4ecb","item":"https:\/\/tahanpharma.com\/product\/"},{"@type":"ListItem","position":3,"name":"\u58de\u87f2\u5012"}]},{"@type":"WebSite","@id":"https:\/\/tahanpharma.com\/#website","url":"https:\/\/tahanpharma.com\/","name":"\u5927\u5b89\u5316\u5b78\u88fd\u85e5\u80a1\u4efd\u6709\u9650\u516c\u53f8","description":"\u52d5\u7269\u85e5\u54c1\u88fd\u9020","potentialAction":[{"@type":"SearchAction","target":{"@type":"EntryPoint","urlTemplate":"https:\/\/tahanpharma.com\/?s={search_term_string}"},"query-input":{"@type":"PropertyValueSpecification","valueRequired":true,"valueName":"search_term_string"}}],"inLanguage":"vi"}]}},"_links":{"self":[{"href":"https:\/\/tahanpharma.com\/vi\/wp-json\/wp\/v2\/product\/1943","targetHints":{"allow":["GET"]}}],"collection":[{"href":"https:\/\/tahanpharma.com\/vi\/wp-json\/wp\/v2\/product"}],"about":[{"href":"https:\/\/tahanpharma.com\/vi\/wp-json\/wp\/v2\/types\/product"}],"replies":[{"embeddable":true,"href":"https:\/\/tahanpharma.com\/vi\/wp-json\/wp\/v2\/comments?post=1943"}],"wp:featuredmedia":[{"embeddable":true,"href":"https:\/\/tahanpharma.com\/vi\/wp-json\/wp\/v2\/media\/2213"}],"wp:attachment":[{"href":"https:\/\/tahanpharma.com\/vi\/wp-json\/wp\/v2\/media?parent=1943"}],"wp:term":[{"taxonomy":"product_brand","embeddable":true,"href":"https:\/\/tahanpharma.com\/vi\/wp-json\/wp\/v2\/product_brand?post=1943"},{"taxonomy":"product_cat","embeddable":true,"href":"https:\/\/tahanpharma.com\/vi\/wp-json\/wp\/v2\/product_cat?post=1943"},{"taxonomy":"product_tag","embeddable":true,"href":"https:\/\/tahanpharma.com\/vi\/wp-json\/wp\/v2\/product_tag?post=1943"}],"curies":[{"name":"wp","href":"https:\/\/api.w.org\/{rel}","templated":true}]}}