{"id":1948,"date":"2025-06-18T10:25:28","date_gmt":"2025-06-18T02:25:28","guid":{"rendered":"https:\/\/tahanpharma.com\/?post_type=product&#038;p=1948"},"modified":"2025-06-19T15:37:31","modified_gmt":"2025-06-19T07:37:31","slug":"%e9%99%b6%e6%98%af%e6%9c%ac","status":"publish","type":"product","link":"https:\/\/tahanpharma.com\/vi\/san-pham\/%e9%99%b6%e6%98%af%e6%9c%ac\/","title":{"rendered":"Tao Shiben"},"content":{"rendered":"<p>T\u1eafm thu\u1ed1c<\/p>\n<ol>\n<li>\u0110o ho\u1eb7c t\u00ednh to\u00e1n th\u1ec3 t\u00edch c\u1ee7a b\u1ed3n t\u1eafm thu\u1ed1c v\u00e0 t\u1ea1o ra c\u00e2n ph\u00f9 h\u1ee3p.<\/li>\n<li>Pha theo t\u1ef7 l\u1ec7 th\u1ec3 t\u00edch 1:1000 v\u1edbi n\u01b0\u1edbc, g\u1ea5p 1000 l\u1ea7n (0,1%).<\/li>\n<li>Ph\u1ea3i khu\u1ea5y \u0111\u1ec1u \u0111\u1ec3 \u0111\u1ea3m b\u1ea3o h\u1ed7n h\u1ee3p \u0111\u01b0\u1ee3c ph\u00e2n ph\u1ed1i \u0111\u1ec1u.<\/li>\n<li>\u0110\u1ec3 c\u00f3 k\u1ebft qu\u1ea3 t\u1ed1t nh\u1ea5t, tr\u01b0\u1edbc ti\u00ean h\u00e3y t\u1eafm cho 20-30 con b\u00f2 trong b\u1ed3n \u0111\u1ec3 khu\u1ea5y dung d\u1ecbch, sau \u0111\u00f3 l\u00f9a ch\u00fang tr\u1edf l\u1ea1i \u0111\u00e0n khi b\u1eaft \u0111\u1ea7u t\u1eafm.<\/li>\n<li>\u0110\u1ed1i v\u1edbi phun c\u01a1 h\u1ecdc ho\u1eb7c th\u1ee7 c\u00f4ng, v\u1eabn ti\u1ebfn h\u00e0nh pha lo\u00e3ng nh\u01b0 tr\u01b0\u1edbc, nh\u01b0ng c\u00f3 th\u1ec3 t\u0103ng li\u1ec1u l\u01b0\u1ee3ng l\u00ean m\u1ed9t ch\u00fat, l\u00ean \u0111\u1ebfn t\u1ef7 l\u1ec7 th\u1ec3 t\u00edch l\u00e0 1:700.\n<p>phun<\/li>\n<\/ol>\n<ol>\n<li>D\u00f9ng dung d\u1ecbch n\u00e0y \u0111\u1ec3 pha 500-800 l\u1ea7n, t\u1ee9c l\u00e0 0,2%- 0,16 % (b\u1ed9i s\u1ed1 \u0111\u01b0\u1ee3c x\u00e1c \u0111\u1ecbnh theo k\u00edch th\u01b0\u1edbc c\u1ee7a v\u1eadt nu\u00f4i), khu\u1ea5y \u0111\u1ec1u cho \u0111\u1ebfn khi dung d\u1ecbch ph\u00e2n b\u1ed1 \u0111\u1ec1u, c\u00f3 th\u1ec3 s\u1eed d\u1ee5ng v\u1edbi b\u1ea5t k\u1ef3 b\u00ecnh x\u1ecbt n\u00e0o. C\u1ea7n phun \u0111\u1ec1u, ch\u00fa \u00fd \u0111\u1ebfn ch\u00e2n, tai, m\u0169i v\u00e0 \u0111u\u00f4i.<\/li>\n<li>Khi t\u1ea1m d\u1eebng phun ho\u1eb7c dung d\u1ecbch phun l\u00e2u ch\u01b0a phun h\u1ebft, \u0111\u00f4i khi b\u1ea1n c\u00f3 th\u1ec3 l\u1eafc dung d\u1ecbch trong b\u00ecnh phun \u0111\u1ec3 dung d\u1ecbch \u0111\u01b0\u1ee3c ph\u00e2n b\u1ed5 \u0111\u1ec1u v\u00e0 d\u1ec5 phun h\u01a1n.<\/li>\n<\/ol>\n<p>\u0110\u1ed1i v\u1edbi gia c\u1ea7m, s\u1eed d\u1ee5ng 1000 l\u1ea7n (0,1%) \u0111\u1ec3 ch\u00e0 x\u00e1t c\u01a1 th\u1ec3 gia c\u1ea7m, kh\u00f4ng c\u1ea7n x\u1ecbt l\u1ea1i.<\/p>","protected":false},"excerpt":{"rendered":"<p>S\u1ed1 gi\u1ea5y ph\u00e9p: Gi\u1ea5y ph\u00e9p thu\u1ed1c th\u00fa y s\u1ed1 02888<br \/>\nD\u1ea1ng b\u00e0o ch\u1ebf: B\u1ed9t d\u00f9ng ngo\u00e0i da<br \/>\n\u0110\u1ed9ng v\u1eadt \u00e1p d\u1ee5ng: gia s\u00fac, ng\u1ef1a, ch\u00f3<br \/>\nHi\u1ec7u qu\u1ea3 (Ch\u1ec9 \u0111\u1ecbnh): Gia s\u00fac: Xua \u0111u\u1ed5i nhi\u1ec1u lo\u1ea1i ve, c\u1ee5 th\u1ec3 l\u00e0 ve gia s\u00fac, r\u1eadn gia s\u00fac, ru\u1ed3i tr\u00e2u v\u00e0 nhi\u1ec1u lo\u1ea1i giun xo\u1eafn.<br \/>\nNg\u1ef1a: \u0110u\u1ed5i ve v\u00e0 ch\u1ea5y.<br \/>\nCh\u00f3: Xua \u0111u\u1ed5i ve, b\u1ecd ch\u00e9t, b\u1ecd ch\u00e9t, b\u1ecd ba ch\u00e2n v\u00e0 r\u1ec7p gi\u01b0\u1eddng.<br \/>\nTh\u00e0nh ph\u1ea7n: M\u1ed7i gm ch\u1ee9a:<br \/>\nO,O Dimethyl-O,3,5,6-trichloro-2-Pxridyl-phosphorothioate\u2026 250mg<\/p>","protected":false},"featured_media":1949,"comment_status":"open","ping_status":"closed","template":"","meta":[],"product_brand":[],"product_cat":[45,63,46,73,55,50,47,51],"product_tag":[],"class_list":{"0":"post-1948","1":"product","2":"type-product","3":"status-publish","4":"has-post-thumbnail","6":"product_cat-45","7":"product_cat-63","8":"product_cat-46","9":"product_cat-73","10":"product_cat-55","11":"product_cat-50","12":"product_cat-47","13":"product_cat-51","15":"first","16":"instock","17":"shipping-taxable","18":"product-type-simple"},"yoast_head":"<!-- This site is optimized with the Yoast SEO Premium plugin v25.3.1 (Yoast SEO v25.4) - https:\/\/yoast.com\/wordpress\/plugins\/seo\/ -->\n<title>\u9676\u662f\u672c - \u5927\u5b89\u5316\u5b78\u88fd\u85e5\u80a1\u4efd\u6709\u9650\u516c\u53f8<\/title>\n<meta name=\"robots\" content=\"index, follow, max-snippet:-1, max-image-preview:large, max-video-preview:-1\" \/>\n<link rel=\"canonical\" href=\"https:\/\/tahanpharma.com\/vi\/san-pham\/\u9676\u662f\u672c\/\" \/>\n<meta property=\"og:locale\" content=\"vi_VN\" \/>\n<meta property=\"og:type\" content=\"article\" \/>\n<meta property=\"og:title\" content=\"\u9676\u662f\u672c\" \/>\n<meta property=\"og:description\" content=\"\u8a31\u53ef\u8b49\u5b57\u865f \uff1a \u52d5\u7269\u85e5\u88fd\u5b57\u7b2c02888\u865f \u5291\u578b \uff1a \u6cbb\u7642\u7528\u6563\u5291(\u5916\u7528) \u9069\u7528\u52d5\u7269 \uff1a \u725b\u3001\u99ac\u3001\u72ac \u6548\u80fd(\u9069\u61c9\u75c7) \uff1a \u725b\uff1a\u9a45\u9664\u5404\u7a2e\u6241\u8768\u5373\u725b\u58c1\u8768\u3001\u725b\u8768\u3001\u725b\u8805\u53ca\u5404\u7a2e\u87ba\u65cb\u87f2\u3002 \u99ac\uff1a\u9a45\u9664\u58c1\u8768\u3001\u8768\u3002 \u72ac\uff1a\u9a45\u9664\u58c1\u8768\u3001\u86a4\u3001\u8df3\u86a4\u3001\u6bdb\u56ca\u87f2\u3001\u81ed\u87f2\u3002 \u6210\u4efd \uff1a Each gm contains: O,O Dimethyl-O,3,5,6-trichloro-2-Pxridyl-phosphorothioate... 250mg\" \/>\n<meta property=\"og:url\" content=\"https:\/\/tahanpharma.com\/vi\/san-pham\/\u9676\u662f\u672c\/\" \/>\n<meta property=\"og:site_name\" content=\"\u5927\u5b89\u5316\u5b78\u88fd\u85e5\u80a1\u4efd\u6709\u9650\u516c\u53f8\" \/>\n<meta property=\"article:modified_time\" content=\"2025-06-19T07:37:31+00:00\" \/>\n<meta property=\"og:image\" content=\"https:\/\/tahanpharma.com\/wp-content\/uploads\/2025\/06\/\u9676\u662f\u672c-01.jpg\" \/>\n\t<meta property=\"og:image:width\" content=\"500\" \/>\n\t<meta property=\"og:image:height\" content=\"500\" \/>\n\t<meta property=\"og:image:type\" content=\"image\/jpeg\" \/>\n<meta name=\"twitter:card\" content=\"summary_large_image\" \/>\n<script type=\"application\/ld+json\" class=\"yoast-schema-graph\">{\"@context\":\"https:\/\/schema.org\",\"@graph\":[{\"@type\":\"WebPage\",\"@id\":\"https:\/\/tahanpharma.com\/product\/%e9%99%b6%e6%98%af%e6%9c%ac\/\",\"url\":\"https:\/\/tahanpharma.com\/product\/%e9%99%b6%e6%98%af%e6%9c%ac\/\",\"name\":\"\u9676\u662f\u672c - \u5927\u5b89\u5316\u5b78\u88fd\u85e5\u80a1\u4efd\u6709\u9650\u516c\u53f8\",\"isPartOf\":{\"@id\":\"https:\/\/tahanpharma.com\/#website\"},\"primaryImageOfPage\":{\"@id\":\"https:\/\/tahanpharma.com\/product\/%e9%99%b6%e6%98%af%e6%9c%ac\/#primaryimage\"},\"image\":{\"@id\":\"https:\/\/tahanpharma.com\/product\/%e9%99%b6%e6%98%af%e6%9c%ac\/#primaryimage\"},\"thumbnailUrl\":\"https:\/\/tahanpharma.com\/wp-content\/uploads\/2025\/06\/\u9676\u662f\u672c-01.jpg\",\"datePublished\":\"2025-06-18T02:25:28+00:00\",\"dateModified\":\"2025-06-19T07:37:31+00:00\",\"breadcrumb\":{\"@id\":\"https:\/\/tahanpharma.com\/product\/%e9%99%b6%e6%98%af%e6%9c%ac\/#breadcrumb\"},\"inLanguage\":\"vi\",\"potentialAction\":[{\"@type\":\"ReadAction\",\"target\":[\"https:\/\/tahanpharma.com\/product\/%e9%99%b6%e6%98%af%e6%9c%ac\/\"]}]},{\"@type\":\"ImageObject\",\"inLanguage\":\"vi\",\"@id\":\"https:\/\/tahanpharma.com\/product\/%e9%99%b6%e6%98%af%e6%9c%ac\/#primaryimage\",\"url\":\"https:\/\/tahanpharma.com\/wp-content\/uploads\/2025\/06\/\u9676\u662f\u672c-01.jpg\",\"contentUrl\":\"https:\/\/tahanpharma.com\/wp-content\/uploads\/2025\/06\/\u9676\u662f\u672c-01.jpg\",\"width\":500,\"height\":500},{\"@type\":\"BreadcrumbList\",\"@id\":\"https:\/\/tahanpharma.com\/product\/%e9%99%b6%e6%98%af%e6%9c%ac\/#breadcrumb\",\"itemListElement\":[{\"@type\":\"ListItem\",\"position\":1,\"name\":\"\u9996\u9801\",\"item\":\"https:\/\/tahanpharma.com\/\"},{\"@type\":\"ListItem\",\"position\":2,\"name\":\"\u7522\u54c1\u7c21\u4ecb\",\"item\":\"https:\/\/tahanpharma.com\/product\/\"},{\"@type\":\"ListItem\",\"position\":3,\"name\":\"\u9676\u662f\u672c\"}]},{\"@type\":\"WebSite\",\"@id\":\"https:\/\/tahanpharma.com\/#website\",\"url\":\"https:\/\/tahanpharma.com\/\",\"name\":\"\u5927\u5b89\u5316\u5b78\u88fd\u85e5\u80a1\u4efd\u6709\u9650\u516c\u53f8\",\"description\":\"\u52d5\u7269\u85e5\u54c1\u88fd\u9020\",\"potentialAction\":[{\"@type\":\"SearchAction\",\"target\":{\"@type\":\"EntryPoint\",\"urlTemplate\":\"https:\/\/tahanpharma.com\/?s={search_term_string}\"},\"query-input\":{\"@type\":\"PropertyValueSpecification\",\"valueRequired\":true,\"valueName\":\"search_term_string\"}}],\"inLanguage\":\"vi\"}]}<\/script>\n<!-- \/ Yoast SEO Premium plugin. -->","yoast_head_json":{"title":"\u9676\u662f\u672c - \u5927\u5b89\u5316\u5b78\u88fd\u85e5\u80a1\u4efd\u6709\u9650\u516c\u53f8","robots":{"index":"index","follow":"follow","max-snippet":"max-snippet:-1","max-image-preview":"max-image-preview:large","max-video-preview":"max-video-preview:-1"},"canonical":"https:\/\/tahanpharma.com\/vi\/san-pham\/\u9676\u662f\u672c\/","og_locale":"vi_VN","og_type":"article","og_title":"\u9676\u662f\u672c","og_description":"\u8a31\u53ef\u8b49\u5b57\u865f \uff1a \u52d5\u7269\u85e5\u88fd\u5b57\u7b2c02888\u865f \u5291\u578b \uff1a \u6cbb\u7642\u7528\u6563\u5291(\u5916\u7528) \u9069\u7528\u52d5\u7269 \uff1a \u725b\u3001\u99ac\u3001\u72ac \u6548\u80fd(\u9069\u61c9\u75c7) \uff1a \u725b\uff1a\u9a45\u9664\u5404\u7a2e\u6241\u8768\u5373\u725b\u58c1\u8768\u3001\u725b\u8768\u3001\u725b\u8805\u53ca\u5404\u7a2e\u87ba\u65cb\u87f2\u3002 \u99ac\uff1a\u9a45\u9664\u58c1\u8768\u3001\u8768\u3002 \u72ac\uff1a\u9a45\u9664\u58c1\u8768\u3001\u86a4\u3001\u8df3\u86a4\u3001\u6bdb\u56ca\u87f2\u3001\u81ed\u87f2\u3002 \u6210\u4efd \uff1a Each gm contains: O,O Dimethyl-O,3,5,6-trichloro-2-Pxridyl-phosphorothioate... 250mg","og_url":"https:\/\/tahanpharma.com\/vi\/san-pham\/\u9676\u662f\u672c\/","og_site_name":"\u5927\u5b89\u5316\u5b78\u88fd\u85e5\u80a1\u4efd\u6709\u9650\u516c\u53f8","article_modified_time":"2025-06-19T07:37:31+00:00","og_image":[{"width":500,"height":500,"url":"https:\/\/tahanpharma.com\/wp-content\/uploads\/2025\/06\/\u9676\u662f\u672c-01.jpg","type":"image\/jpeg"}],"twitter_card":"summary_large_image","schema":{"@context":"https:\/\/schema.org","@graph":[{"@type":"WebPage","@id":"https:\/\/tahanpharma.com\/product\/%e9%99%b6%e6%98%af%e6%9c%ac\/","url":"https:\/\/tahanpharma.com\/product\/%e9%99%b6%e6%98%af%e6%9c%ac\/","name":"\u9676\u662f\u672c - \u5927\u5b89\u5316\u5b78\u88fd\u85e5\u80a1\u4efd\u6709\u9650\u516c\u53f8","isPartOf":{"@id":"https:\/\/tahanpharma.com\/#website"},"primaryImageOfPage":{"@id":"https:\/\/tahanpharma.com\/product\/%e9%99%b6%e6%98%af%e6%9c%ac\/#primaryimage"},"image":{"@id":"https:\/\/tahanpharma.com\/product\/%e9%99%b6%e6%98%af%e6%9c%ac\/#primaryimage"},"thumbnailUrl":"https:\/\/tahanpharma.com\/wp-content\/uploads\/2025\/06\/\u9676\u662f\u672c-01.jpg","datePublished":"2025-06-18T02:25:28+00:00","dateModified":"2025-06-19T07:37:31+00:00","breadcrumb":{"@id":"https:\/\/tahanpharma.com\/product\/%e9%99%b6%e6%98%af%e6%9c%ac\/#breadcrumb"},"inLanguage":"vi","potentialAction":[{"@type":"ReadAction","target":["https:\/\/tahanpharma.com\/product\/%e9%99%b6%e6%98%af%e6%9c%ac\/"]}]},{"@type":"ImageObject","inLanguage":"vi","@id":"https:\/\/tahanpharma.com\/product\/%e9%99%b6%e6%98%af%e6%9c%ac\/#primaryimage","url":"https:\/\/tahanpharma.com\/wp-content\/uploads\/2025\/06\/\u9676\u662f\u672c-01.jpg","contentUrl":"https:\/\/tahanpharma.com\/wp-content\/uploads\/2025\/06\/\u9676\u662f\u672c-01.jpg","width":500,"height":500},{"@type":"BreadcrumbList","@id":"https:\/\/tahanpharma.com\/product\/%e9%99%b6%e6%98%af%e6%9c%ac\/#breadcrumb","itemListElement":[{"@type":"ListItem","position":1,"name":"\u9996\u9801","item":"https:\/\/tahanpharma.com\/"},{"@type":"ListItem","position":2,"name":"\u7522\u54c1\u7c21\u4ecb","item":"https:\/\/tahanpharma.com\/product\/"},{"@type":"ListItem","position":3,"name":"\u9676\u662f\u672c"}]},{"@type":"WebSite","@id":"https:\/\/tahanpharma.com\/#website","url":"https:\/\/tahanpharma.com\/","name":"\u5927\u5b89\u5316\u5b78\u88fd\u85e5\u80a1\u4efd\u6709\u9650\u516c\u53f8","description":"\u52d5\u7269\u85e5\u54c1\u88fd\u9020","potentialAction":[{"@type":"SearchAction","target":{"@type":"EntryPoint","urlTemplate":"https:\/\/tahanpharma.com\/?s={search_term_string}"},"query-input":{"@type":"PropertyValueSpecification","valueRequired":true,"valueName":"search_term_string"}}],"inLanguage":"vi"}]}},"_links":{"self":[{"href":"https:\/\/tahanpharma.com\/vi\/wp-json\/wp\/v2\/product\/1948","targetHints":{"allow":["GET"]}}],"collection":[{"href":"https:\/\/tahanpharma.com\/vi\/wp-json\/wp\/v2\/product"}],"about":[{"href":"https:\/\/tahanpharma.com\/vi\/wp-json\/wp\/v2\/types\/product"}],"replies":[{"embeddable":true,"href":"https:\/\/tahanpharma.com\/vi\/wp-json\/wp\/v2\/comments?post=1948"}],"wp:featuredmedia":[{"embeddable":true,"href":"https:\/\/tahanpharma.com\/vi\/wp-json\/wp\/v2\/media\/1949"}],"wp:attachment":[{"href":"https:\/\/tahanpharma.com\/vi\/wp-json\/wp\/v2\/media?parent=1948"}],"wp:term":[{"taxonomy":"product_brand","embeddable":true,"href":"https:\/\/tahanpharma.com\/vi\/wp-json\/wp\/v2\/product_brand?post=1948"},{"taxonomy":"product_cat","embeddable":true,"href":"https:\/\/tahanpharma.com\/vi\/wp-json\/wp\/v2\/product_cat?post=1948"},{"taxonomy":"product_tag","embeddable":true,"href":"https:\/\/tahanpharma.com\/vi\/wp-json\/wp\/v2\/product_tag?post=1948"}],"curies":[{"name":"wp","href":"https:\/\/api.w.org\/{rel}","templated":true}]}}