{"id":1951,"date":"2025-06-18T10:32:21","date_gmt":"2025-06-18T02:32:21","guid":{"rendered":"https:\/\/tahanpharma.com\/?post_type=product&#038;p=1951"},"modified":"2025-06-18T10:32:21","modified_gmt":"2025-06-18T02:32:21","slug":"%e4%b9%b3%e6%b3%8c%e5%85%8b%e8%bb%9f%e8%86%8f","status":"publish","type":"product","link":"https:\/\/tahanpharma.com\/vi\/san-pham\/%e4%b9%b3%e6%b3%8c%e5%85%8b%e8%bb%9f%e8%86%8f\/","title":{"rendered":"Thu\u1ed1c m\u1ee1 Lactococcus"},"content":{"rendered":"<p>1. Tr\u01b0\u1edbc khi \u0111i\u1ec1u tr\u1ecb, c\u1ea7n ph\u1ea3i v\u1eaft h\u1ebft s\u1eefa ho\u1eb7c m\u00f4 ho\u1ea1i t\u1eed \u1edf v\u00fa b\u1ecb nhi\u1ec5m tr\u00f9ng.<\/p>\n<p>2. Sau \u0111\u00f3 v\u1ec7 sinh v\u00e0 kh\u1eed tr\u00f9ng b\u1ea7u ng\u1ef1c, n\u00fam v\u00fa v\u00e0 tay c\u1ee7a ng\u01b0\u1eddi th\u1ef1c hi\u1ec7n b\u1eb1ng ch\u1ea5t kh\u1eed tr\u00f9ng.<\/p>\n<p>3. L\u1ea5y n\u1eafp nh\u1ef1a c\u1ee7a thu\u1ed1c, \u0111\u01b0a kim v\u00e0o \u1ed1ng d\u1eabn s\u1eefa v\u00e0 ti\u00eam thu\u1ed1c t\u1eeb t\u1eeb v\u00e0o v\u00fa, m\u1ed7i bu\u1ed3ng b\u1ecb nhi\u1ec5m m\u1ed9t \u1ed1ng ti\u00eam.<\/p>\n<p>4. D\u00f9ng c\u1ea3 hai tay massage nh\u1eb9 nh\u00e0ng b\u1ea7u ng\u1ef1c t\u1eeb d\u01b0\u1edbi l\u00ean tr\u00ean h\u00e0ng ch\u1ee5c l\u1ea7n \u0111\u1ec3 thu\u1ed1c \u0111\u01b0\u1ee3c ph\u00e2n b\u1ed1 \u0111\u1ec1u.<\/p>\n<p>5. Ti\u00eam 1 l\u1ea7n m\u1ed7i 24 gi\u1edd trong 3 ng\u00e0y li\u00ean ti\u1ebfp.<\/p>","protected":false},"excerpt":{"rendered":"<p>T\u00ean thu\u1ed1c: LUPICK OINT<br \/>\nS\u1ed1 gi\u1ea5y ph\u00e9p: Gi\u1ea5y ph\u00e9p thu\u1ed1c th\u00fa y s\u1ed1 09143<br \/>\nD\u1ea1ng b\u00e0o ch\u1ebf: Thu\u1ed1c m\u1ee1<br \/>\n\u0110\u00f3ng g\u00f3i: 5gm<br \/>\n\u0110\u1ed9ng v\u1eadt \u00e1p d\u1ee5ng: B\u00f2<br \/>\nHi\u1ec7u qu\u1ea3 (Ch\u1ec9 \u0111\u1ecbnh): Gia s\u00fac: \u0110i\u1ec1u tr\u1ecb vi\u00eam v\u00fa c\u1ea5p t\u00ednh ho\u1eb7c m\u00e3n t\u00ednh do vi khu\u1ea9n Gram d\u01b0\u01a1ng ho\u1eb7c Gram \u00e2m g\u00e2y ra, ho\u1eb7c c\u00e1c b\u1ec7nh nhi\u1ec5m tr\u00f9ng t\u1ea1i ch\u1ed7 kh\u00e1c do vi khu\u1ea9n g\u00e2y ra, ch\u1eb3ng h\u1ea1n nh\u01b0 r\u00e1ch n\u00fam v\u00fa, x\u00f3i m\u00f2n, vi\u00eam \u1ed1ng d\u1eabn s\u1eefa, r\u00f2, \u00e1p xe, vi\u00eam quy \u0111\u1ea7u, vi\u00eam tai ngo\u00e0i, vi\u00eam k\u1ebft m\u1ea1c, vi\u00eam gi\u00e1c m\u1ea1c v\u00e0 nh\u1ecdt.<br \/>\nTh\u00e0nh ph\u1ea7n: M\u1ed7i thanh (5gm) ch\u1ee9a<br \/>\nAmpicillin Natri (V\u00f4 tr\u00f9ng) t\u01b0\u01a1ng \u0111\u01b0\u01a1ng v\u1edbi Ampicillin \u202675mg (H\u1ed9p)<br \/>\nCloxacillin Natri (V\u00f4 tr\u00f9ng) t\u01b0\u01a1ng \u0111\u01b0\u01a1ng v\u1edbi Cloxacillin \u2026200mg (H\u1ed9p)<\/p>","protected":false},"featured_media":1945,"comment_status":"open","ping_status":"closed","template":"","meta":[],"product_brand":[],"product_cat":[45,47,91],"product_tag":[],"class_list":{"0":"post-1951","1":"product","2":"type-product","3":"status-publish","4":"has-post-thumbnail","6":"product_cat-45","7":"product_cat-47","8":"product_cat-91","10":"first","11":"instock","12":"shipping-taxable","13":"product-type-simple"},"yoast_head":"<!-- This site is optimized with the Yoast SEO Premium plugin v25.3.1 (Yoast SEO v25.4) - https:\/\/yoast.com\/wordpress\/plugins\/seo\/ -->\n<title>\u4e73\u6ccc\u514b\u8edf\u818f - \u5927\u5b89\u5316\u5b78\u88fd\u85e5\u80a1\u4efd\u6709\u9650\u516c\u53f8<\/title>\n<meta name=\"robots\" content=\"index, follow, max-snippet:-1, max-image-preview:large, max-video-preview:-1\" \/>\n<link rel=\"canonical\" href=\"https:\/\/tahanpharma.com\/vi\/san-pham\/\u4e73\u6ccc\u514b\u8edf\u818f\/\" \/>\n<meta property=\"og:locale\" content=\"vi_VN\" \/>\n<meta property=\"og:type\" content=\"article\" \/>\n<meta property=\"og:title\" content=\"\u4e73\u6ccc\u514b\u8edf\u818f\" \/>\n<meta property=\"og:description\" content=\"\u85e5\u54c1\u540d \uff1a LUPICK OINT \u8a31\u53ef\u8b49\u5b57\u865f \uff1a \u52d5\u7269\u85e5\u88fd\u5b57\u7b2c09143\u865f \u5291\u578b \uff1a \u8edf\u818f\u5291 \u5305\u88dd \uff1a 5gm \u9069\u7528\u52d5\u7269 \uff1a \u725b \u6548\u80fd(\u9069\u61c9\u75c7) \uff1a \u725b\uff1a\u6cbb\u7642\u7531\u9769\u862d\u6c0f\u967d\u6027\u3001\u9670\u6027\u83cc\u6240\u5f15\u8d77\u4e4b\u6025\u6027\u6216\u6162\u6027\u4e73\u623f\u708e\uff0c\u6216\u7531\u7d30\u83cc\u6240\u5f15\u8d77\u4e4b\u5404\u7a2e\u5c40\u90e8\u611f\u67d3\u75c7\uff0c\u5982\u4e73\u982d\u88c2\u50b7\u3001\u7cdc\u721b\u3001\u4e73\u7ba1\u767c\u708e\u3001\u763b\u7ba1\u3001\u81bf\u760d\u3001\u8396\u982d\u5305\u76ae\u708e\u3001\u5916\u8033\u708e\u3001\u7d50\u819c\u708e\u3001\u89d2\u819c\u708e\u53ca\u7664\u7621\u3002 \u6210\u4efd \uff1a \u6bcf\u689d (5gm) \u542b\u6709 Ampicillin Sodium (Sterile) eq. to Ampicillin \u202675mg (Pot.) Cloxacillin Sodium (Sterile) eq. to Cloxacillin \u2026200mg(Pot.)\" \/>\n<meta property=\"og:url\" content=\"https:\/\/tahanpharma.com\/vi\/san-pham\/\u4e73\u6ccc\u514b\u8edf\u818f\/\" \/>\n<meta property=\"og:site_name\" content=\"\u5927\u5b89\u5316\u5b78\u88fd\u85e5\u80a1\u4efd\u6709\u9650\u516c\u53f8\" \/>\n<meta property=\"og:image\" content=\"https:\/\/tahanpharma.com\/wp-content\/uploads\/2025\/06\/product-no-image-01.jpg\" \/>\n\t<meta property=\"og:image:width\" content=\"1042\" \/>\n\t<meta property=\"og:image:height\" content=\"1042\" \/>\n\t<meta property=\"og:image:type\" content=\"image\/jpeg\" \/>\n<meta name=\"twitter:card\" content=\"summary_large_image\" \/>\n<script type=\"application\/ld+json\" class=\"yoast-schema-graph\">{\"@context\":\"https:\/\/schema.org\",\"@graph\":[{\"@type\":\"WebPage\",\"@id\":\"https:\/\/tahanpharma.com\/product\/%e4%b9%b3%e6%b3%8c%e5%85%8b%e8%bb%9f%e8%86%8f\/\",\"url\":\"https:\/\/tahanpharma.com\/product\/%e4%b9%b3%e6%b3%8c%e5%85%8b%e8%bb%9f%e8%86%8f\/\",\"name\":\"\u4e73\u6ccc\u514b\u8edf\u818f - \u5927\u5b89\u5316\u5b78\u88fd\u85e5\u80a1\u4efd\u6709\u9650\u516c\u53f8\",\"isPartOf\":{\"@id\":\"https:\/\/tahanpharma.com\/#website\"},\"primaryImageOfPage\":{\"@id\":\"https:\/\/tahanpharma.com\/product\/%e4%b9%b3%e6%b3%8c%e5%85%8b%e8%bb%9f%e8%86%8f\/#primaryimage\"},\"image\":{\"@id\":\"https:\/\/tahanpharma.com\/product\/%e4%b9%b3%e6%b3%8c%e5%85%8b%e8%bb%9f%e8%86%8f\/#primaryimage\"},\"thumbnailUrl\":\"https:\/\/tahanpharma.com\/wp-content\/uploads\/2025\/06\/product-no-image-01.jpg\",\"datePublished\":\"2025-06-18T02:32:21+00:00\",\"breadcrumb\":{\"@id\":\"https:\/\/tahanpharma.com\/product\/%e4%b9%b3%e6%b3%8c%e5%85%8b%e8%bb%9f%e8%86%8f\/#breadcrumb\"},\"inLanguage\":\"vi\",\"potentialAction\":[{\"@type\":\"ReadAction\",\"target\":[\"https:\/\/tahanpharma.com\/product\/%e4%b9%b3%e6%b3%8c%e5%85%8b%e8%bb%9f%e8%86%8f\/\"]}]},{\"@type\":\"ImageObject\",\"inLanguage\":\"vi\",\"@id\":\"https:\/\/tahanpharma.com\/product\/%e4%b9%b3%e6%b3%8c%e5%85%8b%e8%bb%9f%e8%86%8f\/#primaryimage\",\"url\":\"https:\/\/tahanpharma.com\/wp-content\/uploads\/2025\/06\/product-no-image-01.jpg\",\"contentUrl\":\"https:\/\/tahanpharma.com\/wp-content\/uploads\/2025\/06\/product-no-image-01.jpg\",\"width\":1042,\"height\":1042},{\"@type\":\"BreadcrumbList\",\"@id\":\"https:\/\/tahanpharma.com\/product\/%e4%b9%b3%e6%b3%8c%e5%85%8b%e8%bb%9f%e8%86%8f\/#breadcrumb\",\"itemListElement\":[{\"@type\":\"ListItem\",\"position\":1,\"name\":\"\u9996\u9801\",\"item\":\"https:\/\/tahanpharma.com\/\"},{\"@type\":\"ListItem\",\"position\":2,\"name\":\"\u7522\u54c1\u7c21\u4ecb\",\"item\":\"https:\/\/tahanpharma.com\/product\/\"},{\"@type\":\"ListItem\",\"position\":3,\"name\":\"\u4e73\u6ccc\u514b\u8edf\u818f\"}]},{\"@type\":\"WebSite\",\"@id\":\"https:\/\/tahanpharma.com\/#website\",\"url\":\"https:\/\/tahanpharma.com\/\",\"name\":\"\u5927\u5b89\u5316\u5b78\u88fd\u85e5\u80a1\u4efd\u6709\u9650\u516c\u53f8\",\"description\":\"\u52d5\u7269\u85e5\u54c1\u88fd\u9020\",\"potentialAction\":[{\"@type\":\"SearchAction\",\"target\":{\"@type\":\"EntryPoint\",\"urlTemplate\":\"https:\/\/tahanpharma.com\/?s={search_term_string}\"},\"query-input\":{\"@type\":\"PropertyValueSpecification\",\"valueRequired\":true,\"valueName\":\"search_term_string\"}}],\"inLanguage\":\"vi\"}]}<\/script>\n<!-- \/ Yoast SEO Premium plugin. -->","yoast_head_json":{"title":"\u4e73\u6ccc\u514b\u8edf\u818f - \u5927\u5b89\u5316\u5b78\u88fd\u85e5\u80a1\u4efd\u6709\u9650\u516c\u53f8","robots":{"index":"index","follow":"follow","max-snippet":"max-snippet:-1","max-image-preview":"max-image-preview:large","max-video-preview":"max-video-preview:-1"},"canonical":"https:\/\/tahanpharma.com\/vi\/san-pham\/\u4e73\u6ccc\u514b\u8edf\u818f\/","og_locale":"vi_VN","og_type":"article","og_title":"\u4e73\u6ccc\u514b\u8edf\u818f","og_description":"\u85e5\u54c1\u540d \uff1a LUPICK OINT \u8a31\u53ef\u8b49\u5b57\u865f \uff1a \u52d5\u7269\u85e5\u88fd\u5b57\u7b2c09143\u865f \u5291\u578b \uff1a \u8edf\u818f\u5291 \u5305\u88dd \uff1a 5gm \u9069\u7528\u52d5\u7269 \uff1a \u725b \u6548\u80fd(\u9069\u61c9\u75c7) \uff1a \u725b\uff1a\u6cbb\u7642\u7531\u9769\u862d\u6c0f\u967d\u6027\u3001\u9670\u6027\u83cc\u6240\u5f15\u8d77\u4e4b\u6025\u6027\u6216\u6162\u6027\u4e73\u623f\u708e\uff0c\u6216\u7531\u7d30\u83cc\u6240\u5f15\u8d77\u4e4b\u5404\u7a2e\u5c40\u90e8\u611f\u67d3\u75c7\uff0c\u5982\u4e73\u982d\u88c2\u50b7\u3001\u7cdc\u721b\u3001\u4e73\u7ba1\u767c\u708e\u3001\u763b\u7ba1\u3001\u81bf\u760d\u3001\u8396\u982d\u5305\u76ae\u708e\u3001\u5916\u8033\u708e\u3001\u7d50\u819c\u708e\u3001\u89d2\u819c\u708e\u53ca\u7664\u7621\u3002 \u6210\u4efd \uff1a \u6bcf\u689d (5gm) \u542b\u6709 Ampicillin Sodium (Sterile) eq. to Ampicillin \u202675mg (Pot.) Cloxacillin Sodium (Sterile) eq. to Cloxacillin \u2026200mg(Pot.)","og_url":"https:\/\/tahanpharma.com\/vi\/san-pham\/\u4e73\u6ccc\u514b\u8edf\u818f\/","og_site_name":"\u5927\u5b89\u5316\u5b78\u88fd\u85e5\u80a1\u4efd\u6709\u9650\u516c\u53f8","og_image":[{"width":1042,"height":1042,"url":"https:\/\/tahanpharma.com\/wp-content\/uploads\/2025\/06\/product-no-image-01.jpg","type":"image\/jpeg"}],"twitter_card":"summary_large_image","schema":{"@context":"https:\/\/schema.org","@graph":[{"@type":"WebPage","@id":"https:\/\/tahanpharma.com\/product\/%e4%b9%b3%e6%b3%8c%e5%85%8b%e8%bb%9f%e8%86%8f\/","url":"https:\/\/tahanpharma.com\/product\/%e4%b9%b3%e6%b3%8c%e5%85%8b%e8%bb%9f%e8%86%8f\/","name":"\u4e73\u6ccc\u514b\u8edf\u818f - \u5927\u5b89\u5316\u5b78\u88fd\u85e5\u80a1\u4efd\u6709\u9650\u516c\u53f8","isPartOf":{"@id":"https:\/\/tahanpharma.com\/#website"},"primaryImageOfPage":{"@id":"https:\/\/tahanpharma.com\/product\/%e4%b9%b3%e6%b3%8c%e5%85%8b%e8%bb%9f%e8%86%8f\/#primaryimage"},"image":{"@id":"https:\/\/tahanpharma.com\/product\/%e4%b9%b3%e6%b3%8c%e5%85%8b%e8%bb%9f%e8%86%8f\/#primaryimage"},"thumbnailUrl":"https:\/\/tahanpharma.com\/wp-content\/uploads\/2025\/06\/product-no-image-01.jpg","datePublished":"2025-06-18T02:32:21+00:00","breadcrumb":{"@id":"https:\/\/tahanpharma.com\/product\/%e4%b9%b3%e6%b3%8c%e5%85%8b%e8%bb%9f%e8%86%8f\/#breadcrumb"},"inLanguage":"vi","potentialAction":[{"@type":"ReadAction","target":["https:\/\/tahanpharma.com\/product\/%e4%b9%b3%e6%b3%8c%e5%85%8b%e8%bb%9f%e8%86%8f\/"]}]},{"@type":"ImageObject","inLanguage":"vi","@id":"https:\/\/tahanpharma.com\/product\/%e4%b9%b3%e6%b3%8c%e5%85%8b%e8%bb%9f%e8%86%8f\/#primaryimage","url":"https:\/\/tahanpharma.com\/wp-content\/uploads\/2025\/06\/product-no-image-01.jpg","contentUrl":"https:\/\/tahanpharma.com\/wp-content\/uploads\/2025\/06\/product-no-image-01.jpg","width":1042,"height":1042},{"@type":"BreadcrumbList","@id":"https:\/\/tahanpharma.com\/product\/%e4%b9%b3%e6%b3%8c%e5%85%8b%e8%bb%9f%e8%86%8f\/#breadcrumb","itemListElement":[{"@type":"ListItem","position":1,"name":"\u9996\u9801","item":"https:\/\/tahanpharma.com\/"},{"@type":"ListItem","position":2,"name":"\u7522\u54c1\u7c21\u4ecb","item":"https:\/\/tahanpharma.com\/product\/"},{"@type":"ListItem","position":3,"name":"\u4e73\u6ccc\u514b\u8edf\u818f"}]},{"@type":"WebSite","@id":"https:\/\/tahanpharma.com\/#website","url":"https:\/\/tahanpharma.com\/","name":"\u5927\u5b89\u5316\u5b78\u88fd\u85e5\u80a1\u4efd\u6709\u9650\u516c\u53f8","description":"\u52d5\u7269\u85e5\u54c1\u88fd\u9020","potentialAction":[{"@type":"SearchAction","target":{"@type":"EntryPoint","urlTemplate":"https:\/\/tahanpharma.com\/?s={search_term_string}"},"query-input":{"@type":"PropertyValueSpecification","valueRequired":true,"valueName":"search_term_string"}}],"inLanguage":"vi"}]}},"_links":{"self":[{"href":"https:\/\/tahanpharma.com\/vi\/wp-json\/wp\/v2\/product\/1951","targetHints":{"allow":["GET"]}}],"collection":[{"href":"https:\/\/tahanpharma.com\/vi\/wp-json\/wp\/v2\/product"}],"about":[{"href":"https:\/\/tahanpharma.com\/vi\/wp-json\/wp\/v2\/types\/product"}],"replies":[{"embeddable":true,"href":"https:\/\/tahanpharma.com\/vi\/wp-json\/wp\/v2\/comments?post=1951"}],"wp:featuredmedia":[{"embeddable":true,"href":"https:\/\/tahanpharma.com\/vi\/wp-json\/wp\/v2\/media\/1945"}],"wp:attachment":[{"href":"https:\/\/tahanpharma.com\/vi\/wp-json\/wp\/v2\/media?parent=1951"}],"wp:term":[{"taxonomy":"product_brand","embeddable":true,"href":"https:\/\/tahanpharma.com\/vi\/wp-json\/wp\/v2\/product_brand?post=1951"},{"taxonomy":"product_cat","embeddable":true,"href":"https:\/\/tahanpharma.com\/vi\/wp-json\/wp\/v2\/product_cat?post=1951"},{"taxonomy":"product_tag","embeddable":true,"href":"https:\/\/tahanpharma.com\/vi\/wp-json\/wp\/v2\/product_tag?post=1951"}],"curies":[{"name":"wp","href":"https:\/\/api.w.org\/{rel}","templated":true}]}}