{"id":1954,"date":"2025-06-18T10:41:56","date_gmt":"2025-06-18T02:41:56","guid":{"rendered":"https:\/\/tahanpharma.com\/?post_type=product&#038;p=1954"},"modified":"2025-06-18T10:41:56","modified_gmt":"2025-06-18T02:41:56","slug":"%e8%b3%9c%e4%b9%b3%e5%ba%b7%e8%bb%9f%e8%86%8f","status":"publish","type":"product","link":"https:\/\/tahanpharma.com\/vi\/san-pham\/%e8%b3%9c%e4%b9%b3%e5%ba%b7%e8%bb%9f%e8%86%8f\/","title":{"rendered":"Thu\u1ed1c m\u1ee1 Cirukang"},"content":{"rendered":"<p>Ph\u1ea3i v\u1eaft s\u1eefa ba l\u1ea7n li\u00ean ti\u1ebfp, m\u1ed7i l\u1ea7n c\u00e1ch nhau 12 gi\u1edd \u0111\u1ec3 l\u00e0m r\u1ed7ng n\u00fam v\u00fa b\u1ecb nhi\u1ec5m tr\u00f9ng r\u1ed3i m\u1edbi ti\u00eam thu\u1ed1c v\u00e0o \u1ed1ng ti\u00eam.<\/p>\n<p>Sau khi v\u1ec7 sinh v\u00e0 kh\u1eed tr\u00f9ng k\u1ef9 l\u01b0\u1ee1ng n\u00fam v\u00fa v\u00e0 v\u00f9ng xung quanh b\u1eb1ng kh\u0103n lau s\u1ea1ch, h\u00e3y c\u1ea9n th\u1eadn ti\u00eam thu\u1ed1c trong \u1ed1ng ti\u00eam v\u00e0o khoang v\u00fa b\u1ecb nhi\u1ec5m tr\u00f9ng.<\/p>\n<p>Nh\u1eb9 nh\u00e0ng massage ng\u1ef1c v\u00e0 n\u00fam v\u00fa \u0111\u1ec3 thu\u1ed1c \u0111\u01b0\u1ee3c ph\u00e2n ph\u1ed1i \u0111\u1ec1u.<\/p>\n<p>M\u1ed7i l\u1ecd thu\u1ed1c ch\u1ec9 \u0111\u01b0\u1ee3c s\u1eed d\u1ee5ng m\u1ed9t l\u1ea7n. \u1ed0ng ti\u00eam \u0111\u00e3 qua s\u1eed d\u1ee5ng ph\u1ea3i \u0111\u01b0\u1ee3c v\u1ee9t b\u1ecf an to\u00e0n.<\/p>","protected":false},"excerpt":{"rendered":"<p>T\u00ean thu\u1ed1c: Thu\u1ed1c m\u1ee1 CEFQUINOME<br \/>\nS\u1ed1 gi\u1ea5y ph\u00e9p: Gi\u1ea5y ph\u00e9p thu\u1ed1c th\u00fa y s\u1ed1 09219<br \/>\nD\u1ea1ng b\u00e0o ch\u1ebf: Thu\u1ed1c m\u1ee1<br \/>\n\u0110\u00f3ng g\u00f3i: 8gm<br \/>\n\u0110\u1ed9ng v\u1eadt \u00e1p d\u1ee5ng: B\u00f2<br \/>\nHi\u1ec7u qu\u1ea3 (ch\u1ec9 \u0111\u1ecbnh): B\u00f2 \u0111ang cho con b\u00fa: \u0110i\u1ec1u tr\u1ecb vi\u00eam v\u00fa do c\u00e1c vi sinh v\u1eadt nh\u1ea1y c\u1ea3m v\u1edbi thu\u1ed1c n\u00e0y (nh\u01b0 Escherichia coli, Staphylococcus aureus, Streptococcus allolactiae, Streptococcus uberis).<br \/>\nTh\u00e0nh ph\u1ea7n: M\u1ed7i thanh (8gm) ch\u1ee9a<br \/>\nCefquinome (Sulphat)\u202675mg (H\u1ed9p)<\/p>","protected":false},"featured_media":1945,"comment_status":"open","ping_status":"closed","template":"","meta":[],"product_brand":[],"product_cat":[45,47,91],"product_tag":[],"class_list":{"0":"post-1954","1":"product","2":"type-product","3":"status-publish","4":"has-post-thumbnail","6":"product_cat-45","7":"product_cat-47","8":"product_cat-91","10":"first","11":"instock","12":"shipping-taxable","13":"product-type-simple"},"yoast_head":"<!-- This site is optimized with the Yoast SEO Premium plugin v25.3.1 (Yoast SEO v25.4) - https:\/\/yoast.com\/wordpress\/plugins\/seo\/ -->\n<title>\u8cdc\u4e73\u5eb7\u8edf\u818f - \u5927\u5b89\u5316\u5b78\u88fd\u85e5\u80a1\u4efd\u6709\u9650\u516c\u53f8<\/title>\n<meta name=\"robots\" content=\"index, follow, max-snippet:-1, max-image-preview:large, max-video-preview:-1\" \/>\n<link rel=\"canonical\" href=\"https:\/\/tahanpharma.com\/vi\/san-pham\/\u8cdc\u4e73\u5eb7\u8edf\u818f\/\" \/>\n<meta property=\"og:locale\" content=\"vi_VN\" \/>\n<meta property=\"og:type\" content=\"article\" \/>\n<meta property=\"og:title\" content=\"\u8cdc\u4e73\u5eb7\u8edf\u818f\" \/>\n<meta property=\"og:description\" content=\"\u85e5\u54c1\u540d \uff1a CEFQUINOME OINTMENT \u8a31\u53ef\u8b49\u5b57\u865f \uff1a \u52d5\u7269\u85e5\u88fd\u5b57\u7b2c09219\u865f \u5291\u578b \uff1a \u8edf\u818f\u5291 \u5305\u88dd \uff1a 8gm \u9069\u7528\u52d5\u7269 \uff1a \u725b \u6548\u80fd(\u9069\u61c9\u75c7) \uff1a \u6ccc\u4e73\u725b\uff1a\u6cbb\u7642\u5c0d\u672c\u5291\u5177\u611f\u53d7\u6027\u7684\u5fae\u751f\u7269(\u5982\uff1a\u5927\u8178\u687f\u83cc\u3001\u91d1\u9ec3\u8272\u8461\u8404\u7403\u83cc\u3001\u7570\u4e73\u93c8\u7403\u83cc\u3001\u4e73\u623f\u93c8\u7403\u83cc)\u6240\u5f15\u8d77\u4e4b\u4e73\u623f\u708e\u3002 \u6210\u4efd \uff1a \u6bcf\u689d (8gm) \u542b\u6709 Cefquinome (Sulphate)\u202675mg(Pot.)\" \/>\n<meta property=\"og:url\" content=\"https:\/\/tahanpharma.com\/vi\/san-pham\/\u8cdc\u4e73\u5eb7\u8edf\u818f\/\" \/>\n<meta property=\"og:site_name\" content=\"\u5927\u5b89\u5316\u5b78\u88fd\u85e5\u80a1\u4efd\u6709\u9650\u516c\u53f8\" \/>\n<meta property=\"og:image\" content=\"https:\/\/tahanpharma.com\/wp-content\/uploads\/2025\/06\/product-no-image-01.jpg\" \/>\n\t<meta property=\"og:image:width\" content=\"1042\" \/>\n\t<meta property=\"og:image:height\" content=\"1042\" \/>\n\t<meta property=\"og:image:type\" content=\"image\/jpeg\" \/>\n<meta name=\"twitter:card\" content=\"summary_large_image\" \/>\n<script type=\"application\/ld+json\" class=\"yoast-schema-graph\">{\"@context\":\"https:\/\/schema.org\",\"@graph\":[{\"@type\":\"WebPage\",\"@id\":\"https:\/\/tahanpharma.com\/product\/%e8%b3%9c%e4%b9%b3%e5%ba%b7%e8%bb%9f%e8%86%8f\/\",\"url\":\"https:\/\/tahanpharma.com\/product\/%e8%b3%9c%e4%b9%b3%e5%ba%b7%e8%bb%9f%e8%86%8f\/\",\"name\":\"\u8cdc\u4e73\u5eb7\u8edf\u818f - \u5927\u5b89\u5316\u5b78\u88fd\u85e5\u80a1\u4efd\u6709\u9650\u516c\u53f8\",\"isPartOf\":{\"@id\":\"https:\/\/tahanpharma.com\/#website\"},\"primaryImageOfPage\":{\"@id\":\"https:\/\/tahanpharma.com\/product\/%e8%b3%9c%e4%b9%b3%e5%ba%b7%e8%bb%9f%e8%86%8f\/#primaryimage\"},\"image\":{\"@id\":\"https:\/\/tahanpharma.com\/product\/%e8%b3%9c%e4%b9%b3%e5%ba%b7%e8%bb%9f%e8%86%8f\/#primaryimage\"},\"thumbnailUrl\":\"https:\/\/tahanpharma.com\/wp-content\/uploads\/2025\/06\/product-no-image-01.jpg\",\"datePublished\":\"2025-06-18T02:41:56+00:00\",\"breadcrumb\":{\"@id\":\"https:\/\/tahanpharma.com\/product\/%e8%b3%9c%e4%b9%b3%e5%ba%b7%e8%bb%9f%e8%86%8f\/#breadcrumb\"},\"inLanguage\":\"vi\",\"potentialAction\":[{\"@type\":\"ReadAction\",\"target\":[\"https:\/\/tahanpharma.com\/product\/%e8%b3%9c%e4%b9%b3%e5%ba%b7%e8%bb%9f%e8%86%8f\/\"]}]},{\"@type\":\"ImageObject\",\"inLanguage\":\"vi\",\"@id\":\"https:\/\/tahanpharma.com\/product\/%e8%b3%9c%e4%b9%b3%e5%ba%b7%e8%bb%9f%e8%86%8f\/#primaryimage\",\"url\":\"https:\/\/tahanpharma.com\/wp-content\/uploads\/2025\/06\/product-no-image-01.jpg\",\"contentUrl\":\"https:\/\/tahanpharma.com\/wp-content\/uploads\/2025\/06\/product-no-image-01.jpg\",\"width\":1042,\"height\":1042},{\"@type\":\"BreadcrumbList\",\"@id\":\"https:\/\/tahanpharma.com\/product\/%e8%b3%9c%e4%b9%b3%e5%ba%b7%e8%bb%9f%e8%86%8f\/#breadcrumb\",\"itemListElement\":[{\"@type\":\"ListItem\",\"position\":1,\"name\":\"\u9996\u9801\",\"item\":\"https:\/\/tahanpharma.com\/\"},{\"@type\":\"ListItem\",\"position\":2,\"name\":\"\u7522\u54c1\u7c21\u4ecb\",\"item\":\"https:\/\/tahanpharma.com\/product\/\"},{\"@type\":\"ListItem\",\"position\":3,\"name\":\"\u8cdc\u4e73\u5eb7\u8edf\u818f\"}]},{\"@type\":\"WebSite\",\"@id\":\"https:\/\/tahanpharma.com\/#website\",\"url\":\"https:\/\/tahanpharma.com\/\",\"name\":\"\u5927\u5b89\u5316\u5b78\u88fd\u85e5\u80a1\u4efd\u6709\u9650\u516c\u53f8\",\"description\":\"\u52d5\u7269\u85e5\u54c1\u88fd\u9020\",\"potentialAction\":[{\"@type\":\"SearchAction\",\"target\":{\"@type\":\"EntryPoint\",\"urlTemplate\":\"https:\/\/tahanpharma.com\/?s={search_term_string}\"},\"query-input\":{\"@type\":\"PropertyValueSpecification\",\"valueRequired\":true,\"valueName\":\"search_term_string\"}}],\"inLanguage\":\"vi\"}]}<\/script>\n<!-- \/ Yoast SEO Premium plugin. -->","yoast_head_json":{"title":"\u8cdc\u4e73\u5eb7\u8edf\u818f - \u5927\u5b89\u5316\u5b78\u88fd\u85e5\u80a1\u4efd\u6709\u9650\u516c\u53f8","robots":{"index":"index","follow":"follow","max-snippet":"max-snippet:-1","max-image-preview":"max-image-preview:large","max-video-preview":"max-video-preview:-1"},"canonical":"https:\/\/tahanpharma.com\/vi\/san-pham\/\u8cdc\u4e73\u5eb7\u8edf\u818f\/","og_locale":"vi_VN","og_type":"article","og_title":"\u8cdc\u4e73\u5eb7\u8edf\u818f","og_description":"\u85e5\u54c1\u540d \uff1a CEFQUINOME OINTMENT \u8a31\u53ef\u8b49\u5b57\u865f \uff1a \u52d5\u7269\u85e5\u88fd\u5b57\u7b2c09219\u865f \u5291\u578b \uff1a \u8edf\u818f\u5291 \u5305\u88dd \uff1a 8gm \u9069\u7528\u52d5\u7269 \uff1a \u725b \u6548\u80fd(\u9069\u61c9\u75c7) \uff1a \u6ccc\u4e73\u725b\uff1a\u6cbb\u7642\u5c0d\u672c\u5291\u5177\u611f\u53d7\u6027\u7684\u5fae\u751f\u7269(\u5982\uff1a\u5927\u8178\u687f\u83cc\u3001\u91d1\u9ec3\u8272\u8461\u8404\u7403\u83cc\u3001\u7570\u4e73\u93c8\u7403\u83cc\u3001\u4e73\u623f\u93c8\u7403\u83cc)\u6240\u5f15\u8d77\u4e4b\u4e73\u623f\u708e\u3002 \u6210\u4efd \uff1a \u6bcf\u689d (8gm) \u542b\u6709 Cefquinome (Sulphate)\u202675mg(Pot.)","og_url":"https:\/\/tahanpharma.com\/vi\/san-pham\/\u8cdc\u4e73\u5eb7\u8edf\u818f\/","og_site_name":"\u5927\u5b89\u5316\u5b78\u88fd\u85e5\u80a1\u4efd\u6709\u9650\u516c\u53f8","og_image":[{"width":1042,"height":1042,"url":"https:\/\/tahanpharma.com\/wp-content\/uploads\/2025\/06\/product-no-image-01.jpg","type":"image\/jpeg"}],"twitter_card":"summary_large_image","schema":{"@context":"https:\/\/schema.org","@graph":[{"@type":"WebPage","@id":"https:\/\/tahanpharma.com\/product\/%e8%b3%9c%e4%b9%b3%e5%ba%b7%e8%bb%9f%e8%86%8f\/","url":"https:\/\/tahanpharma.com\/product\/%e8%b3%9c%e4%b9%b3%e5%ba%b7%e8%bb%9f%e8%86%8f\/","name":"\u8cdc\u4e73\u5eb7\u8edf\u818f - \u5927\u5b89\u5316\u5b78\u88fd\u85e5\u80a1\u4efd\u6709\u9650\u516c\u53f8","isPartOf":{"@id":"https:\/\/tahanpharma.com\/#website"},"primaryImageOfPage":{"@id":"https:\/\/tahanpharma.com\/product\/%e8%b3%9c%e4%b9%b3%e5%ba%b7%e8%bb%9f%e8%86%8f\/#primaryimage"},"image":{"@id":"https:\/\/tahanpharma.com\/product\/%e8%b3%9c%e4%b9%b3%e5%ba%b7%e8%bb%9f%e8%86%8f\/#primaryimage"},"thumbnailUrl":"https:\/\/tahanpharma.com\/wp-content\/uploads\/2025\/06\/product-no-image-01.jpg","datePublished":"2025-06-18T02:41:56+00:00","breadcrumb":{"@id":"https:\/\/tahanpharma.com\/product\/%e8%b3%9c%e4%b9%b3%e5%ba%b7%e8%bb%9f%e8%86%8f\/#breadcrumb"},"inLanguage":"vi","potentialAction":[{"@type":"ReadAction","target":["https:\/\/tahanpharma.com\/product\/%e8%b3%9c%e4%b9%b3%e5%ba%b7%e8%bb%9f%e8%86%8f\/"]}]},{"@type":"ImageObject","inLanguage":"vi","@id":"https:\/\/tahanpharma.com\/product\/%e8%b3%9c%e4%b9%b3%e5%ba%b7%e8%bb%9f%e8%86%8f\/#primaryimage","url":"https:\/\/tahanpharma.com\/wp-content\/uploads\/2025\/06\/product-no-image-01.jpg","contentUrl":"https:\/\/tahanpharma.com\/wp-content\/uploads\/2025\/06\/product-no-image-01.jpg","width":1042,"height":1042},{"@type":"BreadcrumbList","@id":"https:\/\/tahanpharma.com\/product\/%e8%b3%9c%e4%b9%b3%e5%ba%b7%e8%bb%9f%e8%86%8f\/#breadcrumb","itemListElement":[{"@type":"ListItem","position":1,"name":"\u9996\u9801","item":"https:\/\/tahanpharma.com\/"},{"@type":"ListItem","position":2,"name":"\u7522\u54c1\u7c21\u4ecb","item":"https:\/\/tahanpharma.com\/product\/"},{"@type":"ListItem","position":3,"name":"\u8cdc\u4e73\u5eb7\u8edf\u818f"}]},{"@type":"WebSite","@id":"https:\/\/tahanpharma.com\/#website","url":"https:\/\/tahanpharma.com\/","name":"\u5927\u5b89\u5316\u5b78\u88fd\u85e5\u80a1\u4efd\u6709\u9650\u516c\u53f8","description":"\u52d5\u7269\u85e5\u54c1\u88fd\u9020","potentialAction":[{"@type":"SearchAction","target":{"@type":"EntryPoint","urlTemplate":"https:\/\/tahanpharma.com\/?s={search_term_string}"},"query-input":{"@type":"PropertyValueSpecification","valueRequired":true,"valueName":"search_term_string"}}],"inLanguage":"vi"}]}},"_links":{"self":[{"href":"https:\/\/tahanpharma.com\/vi\/wp-json\/wp\/v2\/product\/1954","targetHints":{"allow":["GET"]}}],"collection":[{"href":"https:\/\/tahanpharma.com\/vi\/wp-json\/wp\/v2\/product"}],"about":[{"href":"https:\/\/tahanpharma.com\/vi\/wp-json\/wp\/v2\/types\/product"}],"replies":[{"embeddable":true,"href":"https:\/\/tahanpharma.com\/vi\/wp-json\/wp\/v2\/comments?post=1954"}],"wp:featuredmedia":[{"embeddable":true,"href":"https:\/\/tahanpharma.com\/vi\/wp-json\/wp\/v2\/media\/1945"}],"wp:attachment":[{"href":"https:\/\/tahanpharma.com\/vi\/wp-json\/wp\/v2\/media?parent=1954"}],"wp:term":[{"taxonomy":"product_brand","embeddable":true,"href":"https:\/\/tahanpharma.com\/vi\/wp-json\/wp\/v2\/product_brand?post=1954"},{"taxonomy":"product_cat","embeddable":true,"href":"https:\/\/tahanpharma.com\/vi\/wp-json\/wp\/v2\/product_cat?post=1954"},{"taxonomy":"product_tag","embeddable":true,"href":"https:\/\/tahanpharma.com\/vi\/wp-json\/wp\/v2\/product_tag?post=1954"}],"curies":[{"name":"wp","href":"https:\/\/api.w.org\/{rel}","templated":true}]}}