{"id":1955,"date":"2025-06-18T10:42:40","date_gmt":"2025-06-18T02:42:40","guid":{"rendered":"https:\/\/tahanpharma.com\/?post_type=product&#038;p=1955"},"modified":"2025-06-18T10:42:40","modified_gmt":"2025-06-18T02:42:40","slug":"%e8%b3%9c%e4%b9%b3%e5%ae%89%e8%bb%9f%e8%86%8f","status":"publish","type":"product","link":"https:\/\/tahanpharma.com\/vi\/san-pham\/%e8%b3%9c%e4%b9%b3%e5%ae%89%e8%bb%9f%e8%86%8f\/","title":{"rendered":"Thu\u1ed1c m\u1ee1 Ciruan"},"content":{"rendered":"<p>Sau khi v\u1eaft xong ba b\u1ea7u v\u00fa kh\u00f4ng b\u1ecb nhi\u1ec5m tr\u00f9ng c\u00f2n l\u1ea1i, b\u1ea7u v\u00fa b\u1ecb nhi\u1ec5m tr\u00f9ng \u0111\u01b0\u1ee3c v\u1eaft v\u00e0 l\u00e0m s\u1ea1ch, sau \u0111\u00f3 d\u00f9ng \u1ed1ng ti\u00eam \u0111\u1ec3 ti\u00eam li\u1ec1u thu\u1ed1c v\u00e0o \u1ed1ng d\u1eabn s\u1eefa b\u1ecb nhi\u1ec5m tr\u00f9ng. C\u00e1c b\u01b0\u1edbc th\u1ef1c hi\u1ec7n nh\u01b0 sau:<br \/>\n1. Sau khi v\u1eaft s\u1eefa, r\u1eeda s\u1ea1ch b\u1ea7u v\u00fa v\u00e0 ng\u00e2m \u0111\u1ea7u n\u00fam v\u00fa v\u00e0o dung d\u1ecbch i-\u1ed1t.<br \/>\n2. Th\u00e1o n\u1eafp kim ti\u00eam, c\u1ea9n th\u1eadn kh\u00f4ng l\u00e0m nhi\u1ec5m b\u1ea9n kim ti\u00eam.<br \/>\n3. \u0110\u01b0a kim ti\u00eam v\u00e0o ho\u00e0n to\u00e0n \u1ed1ng d\u1eabn s\u1eefa v\u00e0 ti\u00eam thu\u1ed1c v\u1edbi \u00e1p l\u1ef1c \u0111\u1ec1u \u0111\u1eb7n, kh\u00f4ng \u0111\u1ec3 s\u00f3t l\u1ea1i thu\u1ed1c.<br \/>\n4. Sau khi ti\u00eam, b\u1ea1n c\u00f3 th\u1ec3 nh\u1eb9 nh\u00e0ng massage ng\u1ef1c \u0111\u1ec3 thu\u1ed1c tan d\u1ea7n. Cu\u1ed1i c\u00f9ng, ng\u00e2m n\u00fam v\u00fa v\u00e0o dung d\u1ecbch i-\u1ed1t.<\/p>","protected":false},"excerpt":{"rendered":"<p>T\u00ean thu\u1ed1c: Thu\u1ed1c m\u1ee1 CEFURO<br \/>\nS\u1ed1 gi\u1ea5y ph\u00e9p: Gi\u1ea5y ph\u00e9p thu\u1ed1c th\u00fa y s\u1ed1 09154<br \/>\nD\u1ea1ng b\u00e0o ch\u1ebf: Thu\u1ed1c m\u1ee1<br \/>\n\u0110\u00f3ng g\u00f3i: 7,5gm<br \/>\n\u0110\u1ed9ng v\u1eadt \u00e1p d\u1ee5ng: B\u00f2<br \/>\nHi\u1ec7u qu\u1ea3 (ch\u1ec9 \u0111\u1ecbnh): B\u00f2 s\u1eefa: \u0110i\u1ec1u tr\u1ecb vi\u00eam v\u00fa do vi khu\u1ea9n Gram d\u01b0\u01a1ng ho\u1eb7c \u00e2m nh\u01b0 Staphylococcus, Escherichia coli v\u00e0 Streptococcus.<br \/>\nTh\u00e0nh ph\u1ea7n: M\u1ed7i thanh (7,5g) ch\u1ee9a<br \/>\nCefuroxime Natri\u2026250mg (H\u1ed9p)<\/p>","protected":false},"featured_media":1945,"comment_status":"open","ping_status":"closed","template":"","meta":[],"product_brand":[],"product_cat":[45,47,91],"product_tag":[],"class_list":{"0":"post-1955","1":"product","2":"type-product","3":"status-publish","4":"has-post-thumbnail","6":"product_cat-45","7":"product_cat-47","8":"product_cat-91","10":"first","11":"instock","12":"shipping-taxable","13":"product-type-simple"},"yoast_head":"<!-- This site is optimized with the Yoast SEO Premium plugin v25.3.1 (Yoast SEO v25.4) - https:\/\/yoast.com\/wordpress\/plugins\/seo\/ -->\n<title>\u8cdc\u4e73\u5b89\u8edf\u818f - \u5927\u5b89\u5316\u5b78\u88fd\u85e5\u80a1\u4efd\u6709\u9650\u516c\u53f8<\/title>\n<meta name=\"robots\" content=\"index, follow, max-snippet:-1, max-image-preview:large, max-video-preview:-1\" \/>\n<link rel=\"canonical\" href=\"https:\/\/tahanpharma.com\/vi\/san-pham\/\u8cdc\u4e73\u5b89\u8edf\u818f\/\" \/>\n<meta property=\"og:locale\" content=\"vi_VN\" \/>\n<meta property=\"og:type\" content=\"article\" \/>\n<meta property=\"og:title\" content=\"\u8cdc\u4e73\u5b89\u8edf\u818f\" \/>\n<meta property=\"og:description\" content=\"\u85e5\u54c1\u540d \uff1a CEFURO OINTMENT \u8a31\u53ef\u8b49\u5b57\u865f \uff1a \u52d5\u7269\u85e5\u88fd\u5b57\u7b2c09154\u865f \u5291\u578b \uff1a \u8edf\u818f\u5291 \u5305\u88dd \uff1a 7.5gm \u9069\u7528\u52d5\u7269 \uff1a \u725b \u6548\u80fd(\u9069\u61c9\u75c7) \uff1a \u4e73\u725b\uff1a\u6cbb\u7642\u56e0\u8461\u8404\u7403\u83cc\u3001\u5927\u8178\u687f\u83cc\u3001\u93c8\u7403\u83cc\u7b49\u9769\u862d\u6c0f\u967d\u6027\u6216\u9670\u6027\u83cc\u6240\u5f15\u8d77\u7684\u4e73\u623f\u708e\u3002 \u6210\u4efd \uff1a \u6bcf\u689d (7.5gm) \u542b\u6709 Cefuroxime Sodium\u2026250mg(Pot.)\" \/>\n<meta property=\"og:url\" content=\"https:\/\/tahanpharma.com\/vi\/san-pham\/\u8cdc\u4e73\u5b89\u8edf\u818f\/\" \/>\n<meta property=\"og:site_name\" content=\"\u5927\u5b89\u5316\u5b78\u88fd\u85e5\u80a1\u4efd\u6709\u9650\u516c\u53f8\" \/>\n<meta property=\"og:image\" content=\"https:\/\/tahanpharma.com\/wp-content\/uploads\/2025\/06\/product-no-image-01.jpg\" \/>\n\t<meta property=\"og:image:width\" content=\"1042\" \/>\n\t<meta property=\"og:image:height\" content=\"1042\" \/>\n\t<meta property=\"og:image:type\" content=\"image\/jpeg\" \/>\n<meta name=\"twitter:card\" content=\"summary_large_image\" \/>\n<script type=\"application\/ld+json\" class=\"yoast-schema-graph\">{\"@context\":\"https:\/\/schema.org\",\"@graph\":[{\"@type\":\"WebPage\",\"@id\":\"https:\/\/tahanpharma.com\/product\/%e8%b3%9c%e4%b9%b3%e5%ae%89%e8%bb%9f%e8%86%8f\/\",\"url\":\"https:\/\/tahanpharma.com\/product\/%e8%b3%9c%e4%b9%b3%e5%ae%89%e8%bb%9f%e8%86%8f\/\",\"name\":\"\u8cdc\u4e73\u5b89\u8edf\u818f - \u5927\u5b89\u5316\u5b78\u88fd\u85e5\u80a1\u4efd\u6709\u9650\u516c\u53f8\",\"isPartOf\":{\"@id\":\"https:\/\/tahanpharma.com\/#website\"},\"primaryImageOfPage\":{\"@id\":\"https:\/\/tahanpharma.com\/product\/%e8%b3%9c%e4%b9%b3%e5%ae%89%e8%bb%9f%e8%86%8f\/#primaryimage\"},\"image\":{\"@id\":\"https:\/\/tahanpharma.com\/product\/%e8%b3%9c%e4%b9%b3%e5%ae%89%e8%bb%9f%e8%86%8f\/#primaryimage\"},\"thumbnailUrl\":\"https:\/\/tahanpharma.com\/wp-content\/uploads\/2025\/06\/product-no-image-01.jpg\",\"datePublished\":\"2025-06-18T02:42:40+00:00\",\"breadcrumb\":{\"@id\":\"https:\/\/tahanpharma.com\/product\/%e8%b3%9c%e4%b9%b3%e5%ae%89%e8%bb%9f%e8%86%8f\/#breadcrumb\"},\"inLanguage\":\"vi\",\"potentialAction\":[{\"@type\":\"ReadAction\",\"target\":[\"https:\/\/tahanpharma.com\/product\/%e8%b3%9c%e4%b9%b3%e5%ae%89%e8%bb%9f%e8%86%8f\/\"]}]},{\"@type\":\"ImageObject\",\"inLanguage\":\"vi\",\"@id\":\"https:\/\/tahanpharma.com\/product\/%e8%b3%9c%e4%b9%b3%e5%ae%89%e8%bb%9f%e8%86%8f\/#primaryimage\",\"url\":\"https:\/\/tahanpharma.com\/wp-content\/uploads\/2025\/06\/product-no-image-01.jpg\",\"contentUrl\":\"https:\/\/tahanpharma.com\/wp-content\/uploads\/2025\/06\/product-no-image-01.jpg\",\"width\":1042,\"height\":1042},{\"@type\":\"BreadcrumbList\",\"@id\":\"https:\/\/tahanpharma.com\/product\/%e8%b3%9c%e4%b9%b3%e5%ae%89%e8%bb%9f%e8%86%8f\/#breadcrumb\",\"itemListElement\":[{\"@type\":\"ListItem\",\"position\":1,\"name\":\"\u9996\u9801\",\"item\":\"https:\/\/tahanpharma.com\/\"},{\"@type\":\"ListItem\",\"position\":2,\"name\":\"\u7522\u54c1\u7c21\u4ecb\",\"item\":\"https:\/\/tahanpharma.com\/product\/\"},{\"@type\":\"ListItem\",\"position\":3,\"name\":\"\u8cdc\u4e73\u5b89\u8edf\u818f\"}]},{\"@type\":\"WebSite\",\"@id\":\"https:\/\/tahanpharma.com\/#website\",\"url\":\"https:\/\/tahanpharma.com\/\",\"name\":\"\u5927\u5b89\u5316\u5b78\u88fd\u85e5\u80a1\u4efd\u6709\u9650\u516c\u53f8\",\"description\":\"\u52d5\u7269\u85e5\u54c1\u88fd\u9020\",\"potentialAction\":[{\"@type\":\"SearchAction\",\"target\":{\"@type\":\"EntryPoint\",\"urlTemplate\":\"https:\/\/tahanpharma.com\/?s={search_term_string}\"},\"query-input\":{\"@type\":\"PropertyValueSpecification\",\"valueRequired\":true,\"valueName\":\"search_term_string\"}}],\"inLanguage\":\"vi\"}]}<\/script>\n<!-- \/ Yoast SEO Premium plugin. -->","yoast_head_json":{"title":"\u8cdc\u4e73\u5b89\u8edf\u818f - \u5927\u5b89\u5316\u5b78\u88fd\u85e5\u80a1\u4efd\u6709\u9650\u516c\u53f8","robots":{"index":"index","follow":"follow","max-snippet":"max-snippet:-1","max-image-preview":"max-image-preview:large","max-video-preview":"max-video-preview:-1"},"canonical":"https:\/\/tahanpharma.com\/vi\/san-pham\/\u8cdc\u4e73\u5b89\u8edf\u818f\/","og_locale":"vi_VN","og_type":"article","og_title":"\u8cdc\u4e73\u5b89\u8edf\u818f","og_description":"\u85e5\u54c1\u540d \uff1a CEFURO OINTMENT \u8a31\u53ef\u8b49\u5b57\u865f \uff1a \u52d5\u7269\u85e5\u88fd\u5b57\u7b2c09154\u865f \u5291\u578b \uff1a \u8edf\u818f\u5291 \u5305\u88dd \uff1a 7.5gm \u9069\u7528\u52d5\u7269 \uff1a \u725b \u6548\u80fd(\u9069\u61c9\u75c7) \uff1a \u4e73\u725b\uff1a\u6cbb\u7642\u56e0\u8461\u8404\u7403\u83cc\u3001\u5927\u8178\u687f\u83cc\u3001\u93c8\u7403\u83cc\u7b49\u9769\u862d\u6c0f\u967d\u6027\u6216\u9670\u6027\u83cc\u6240\u5f15\u8d77\u7684\u4e73\u623f\u708e\u3002 \u6210\u4efd \uff1a \u6bcf\u689d (7.5gm) \u542b\u6709 Cefuroxime Sodium\u2026250mg(Pot.)","og_url":"https:\/\/tahanpharma.com\/vi\/san-pham\/\u8cdc\u4e73\u5b89\u8edf\u818f\/","og_site_name":"\u5927\u5b89\u5316\u5b78\u88fd\u85e5\u80a1\u4efd\u6709\u9650\u516c\u53f8","og_image":[{"width":1042,"height":1042,"url":"https:\/\/tahanpharma.com\/wp-content\/uploads\/2025\/06\/product-no-image-01.jpg","type":"image\/jpeg"}],"twitter_card":"summary_large_image","schema":{"@context":"https:\/\/schema.org","@graph":[{"@type":"WebPage","@id":"https:\/\/tahanpharma.com\/product\/%e8%b3%9c%e4%b9%b3%e5%ae%89%e8%bb%9f%e8%86%8f\/","url":"https:\/\/tahanpharma.com\/product\/%e8%b3%9c%e4%b9%b3%e5%ae%89%e8%bb%9f%e8%86%8f\/","name":"\u8cdc\u4e73\u5b89\u8edf\u818f - \u5927\u5b89\u5316\u5b78\u88fd\u85e5\u80a1\u4efd\u6709\u9650\u516c\u53f8","isPartOf":{"@id":"https:\/\/tahanpharma.com\/#website"},"primaryImageOfPage":{"@id":"https:\/\/tahanpharma.com\/product\/%e8%b3%9c%e4%b9%b3%e5%ae%89%e8%bb%9f%e8%86%8f\/#primaryimage"},"image":{"@id":"https:\/\/tahanpharma.com\/product\/%e8%b3%9c%e4%b9%b3%e5%ae%89%e8%bb%9f%e8%86%8f\/#primaryimage"},"thumbnailUrl":"https:\/\/tahanpharma.com\/wp-content\/uploads\/2025\/06\/product-no-image-01.jpg","datePublished":"2025-06-18T02:42:40+00:00","breadcrumb":{"@id":"https:\/\/tahanpharma.com\/product\/%e8%b3%9c%e4%b9%b3%e5%ae%89%e8%bb%9f%e8%86%8f\/#breadcrumb"},"inLanguage":"vi","potentialAction":[{"@type":"ReadAction","target":["https:\/\/tahanpharma.com\/product\/%e8%b3%9c%e4%b9%b3%e5%ae%89%e8%bb%9f%e8%86%8f\/"]}]},{"@type":"ImageObject","inLanguage":"vi","@id":"https:\/\/tahanpharma.com\/product\/%e8%b3%9c%e4%b9%b3%e5%ae%89%e8%bb%9f%e8%86%8f\/#primaryimage","url":"https:\/\/tahanpharma.com\/wp-content\/uploads\/2025\/06\/product-no-image-01.jpg","contentUrl":"https:\/\/tahanpharma.com\/wp-content\/uploads\/2025\/06\/product-no-image-01.jpg","width":1042,"height":1042},{"@type":"BreadcrumbList","@id":"https:\/\/tahanpharma.com\/product\/%e8%b3%9c%e4%b9%b3%e5%ae%89%e8%bb%9f%e8%86%8f\/#breadcrumb","itemListElement":[{"@type":"ListItem","position":1,"name":"\u9996\u9801","item":"https:\/\/tahanpharma.com\/"},{"@type":"ListItem","position":2,"name":"\u7522\u54c1\u7c21\u4ecb","item":"https:\/\/tahanpharma.com\/product\/"},{"@type":"ListItem","position":3,"name":"\u8cdc\u4e73\u5b89\u8edf\u818f"}]},{"@type":"WebSite","@id":"https:\/\/tahanpharma.com\/#website","url":"https:\/\/tahanpharma.com\/","name":"\u5927\u5b89\u5316\u5b78\u88fd\u85e5\u80a1\u4efd\u6709\u9650\u516c\u53f8","description":"\u52d5\u7269\u85e5\u54c1\u88fd\u9020","potentialAction":[{"@type":"SearchAction","target":{"@type":"EntryPoint","urlTemplate":"https:\/\/tahanpharma.com\/?s={search_term_string}"},"query-input":{"@type":"PropertyValueSpecification","valueRequired":true,"valueName":"search_term_string"}}],"inLanguage":"vi"}]}},"_links":{"self":[{"href":"https:\/\/tahanpharma.com\/vi\/wp-json\/wp\/v2\/product\/1955","targetHints":{"allow":["GET"]}}],"collection":[{"href":"https:\/\/tahanpharma.com\/vi\/wp-json\/wp\/v2\/product"}],"about":[{"href":"https:\/\/tahanpharma.com\/vi\/wp-json\/wp\/v2\/types\/product"}],"replies":[{"embeddable":true,"href":"https:\/\/tahanpharma.com\/vi\/wp-json\/wp\/v2\/comments?post=1955"}],"wp:featuredmedia":[{"embeddable":true,"href":"https:\/\/tahanpharma.com\/vi\/wp-json\/wp\/v2\/media\/1945"}],"wp:attachment":[{"href":"https:\/\/tahanpharma.com\/vi\/wp-json\/wp\/v2\/media?parent=1955"}],"wp:term":[{"taxonomy":"product_brand","embeddable":true,"href":"https:\/\/tahanpharma.com\/vi\/wp-json\/wp\/v2\/product_brand?post=1955"},{"taxonomy":"product_cat","embeddable":true,"href":"https:\/\/tahanpharma.com\/vi\/wp-json\/wp\/v2\/product_cat?post=1955"},{"taxonomy":"product_tag","embeddable":true,"href":"https:\/\/tahanpharma.com\/vi\/wp-json\/wp\/v2\/product_tag?post=1955"}],"curies":[{"name":"wp","href":"https:\/\/api.w.org\/{rel}","templated":true}]}}