{"id":1958,"date":"2025-06-18T10:48:49","date_gmt":"2025-06-18T02:48:49","guid":{"rendered":"https:\/\/tahanpharma.com\/?post_type=product&#038;p=1958"},"modified":"2025-06-18T10:48:49","modified_gmt":"2025-06-18T02:48:49","slug":"%e8%88%92%e5%8c%96%e5%af%a7-48%e5%8f%a3%e6%9c%8d%e6%87%b8%e6%b5%ae%e6%b6%b2","status":"publish","type":"product","link":"https:\/\/tahanpharma.com\/vi\/san-pham\/%e8%88%92%e5%8c%96%e5%af%a7-48%e5%8f%a3%e6%9c%8d%e6%87%b8%e6%b5%ae%e6%b6%b2\/","title":{"rendered":"Thu\u1ed1c u\u1ed1ng Shuhuaning-48"},"content":{"rendered":"<p>c\u00e1ch s\u1eed d\u1ee5ng:<br \/>\nC\u1ea7n cho dung d\u1ecbch n\u00e0y v\u00e0o m\u00e1ng u\u1ed1ng (m\u00e1y pha n\u01b0\u1edbc th\u1ee7 c\u00f4ng ho\u1eb7c t\u1ef1 \u0111\u1ed9ng) tr\u01b0\u1edbc khi s\u1eed d\u1ee5ng. L\u1eafc k\u1ef9 tr\u01b0\u1edbc khi d\u00f9ng \u0111\u1ec3 dung d\u1ecbch \u0111\u1ed3ng nh\u1ea5t, tr\u00e1nh t\u1ea1o b\u1ecdt. Pha lo\u00e3ng dung d\u1ecbch v\u1edbi 1 l\u00edt n\u01b0\u1edbc theo li\u1ec1u l\u01b0\u1ee3ng ch\u1ec9 \u0111\u1ecbnh, sau \u0111\u00f3 cho dung d\u1ecbch \u0111\u00e3 pha lo\u00e3ng v\u00e0o m\u00e1ng u\u1ed1ng v\u00e0 khu\u1ea5y \u0111\u1ec1u.<\/p>\n<div><\/div>\n<div class=\"pro_title\"><strong>Ghi ch\u00fa kh\u00e1c 3<\/strong><\/div>\n<div class=\"pro_content\">\n<p>Li\u1ec1u d\u00f9ng:<br \/>\nG\u00e0 (tr\u1eeb g\u00e0 m\u00e1i \u0111\u1ebb): Th\u00eam 1 ml thu\u1ed1c n\u00e0y v\u00e0o m\u1ed7i 2,5 l\u00edt n\u01b0\u1edbc u\u1ed1ng ho\u1eb7c th\u00eam 200 ml thu\u1ed1c n\u00e0y v\u00e0o m\u00e1ng u\u1ed1ng 500 l\u00edt.<br \/>\nHeo: Pha 1 ml thu\u1ed1c n\u00e0y v\u00e0o m\u1ed7i 2 l\u00edt n\u01b0\u1edbc u\u1ed1ng ho\u1eb7c pha 200 ml thu\u1ed1c n\u00e0y v\u00e0o m\u00e1ng u\u1ed1ng 400 l\u00edt. D\u00f9ng thu\u1ed1c li\u00ean t\u1ee5c trong 5 ng\u00e0y ho\u1eb7c cho \u0111\u1ebfn khi h\u1ebft tri\u1ec7u ch\u1ee9ng sau 2 ng\u00e0y. Kh\u00f4ng d\u00f9ng qu\u00e1 14 ng\u00e0y.<\/p>\n<\/div>","protected":false},"excerpt":{"rendered":"<p>T\u00ean thu\u1ed1c: Dung d\u1ecbch Trimfazine-48<br \/>\nS\u1ed1 gi\u1ea5y ph\u00e9p: Gi\u1ea5y ph\u00e9p thu\u1ed1c th\u00fa y s\u1ed1 09210<br \/>\nD\u1ea1ng b\u00e0o ch\u1ebf: Ti\u00eam<br \/>\nBao b\u00ec: 100ML, 200ML, 250ML, 500ML, 1L<br \/>\n\u0110\u1ed9ng v\u1eadt \u00e1p d\u1ee5ng: g\u00e0, l\u1ee3n<br \/>\nHi\u1ec7u qu\u1ea3 (Ch\u1ec9 \u0111\u1ecbnh): G\u00e0 (tr\u1eeb g\u00e0 m\u00e1i \u0111\u1ebb): \u0110i\u1ec1u tr\u1ecb c\u00e1c b\u1ec7nh nhi\u1ec5m tr\u00f9ng do vi khu\u1ea9n nh\u1ea1y c\u1ea3m, ch\u1eb3ng h\u1ea1n nh\u01b0 Escherichia coli (nhi\u1ec5m tr\u00f9ng huy\u1ebft do E. coli), Salmonella, Pasteurella, vi\u00eam m\u0169i truy\u1ec1n nhi\u1ec5m v\u00e0 c\u00e1c b\u1ec7nh nhi\u1ec5m tr\u00f9ng th\u1ee9 ph\u00e1t do vi khu\u1ea9n g\u00e2y ra b\u1edfi b\u1ec7nh \u0111\u01b0\u1eddng h\u00f4 h\u1ea5p m\u00e3n t\u00ednh ho\u1eb7c c\u00e1c lo\u1ea1i vi-r\u00fat kh\u00e1c ho\u1eb7c mycoplasma.<br \/>\nL\u1ee3n: \u0110i\u1ec1u tr\u1ecb c\u00e1c b\u1ec7nh nhi\u1ec5m tr\u00f9ng do vi khu\u1ea9n nh\u1ea1y c\u1ea3m nh\u01b0 Escherichia coli, Salmonella (nhi\u1ec5m tr\u00f9ng \u0111\u01b0\u1eddng h\u00f4 h\u1ea5p, nhi\u1ec5m tr\u00f9ng ti\u1ebft ni\u1ec7u sinh d\u1ee5c), Pasteurella, v.v.<br \/>\nTh\u00e0nh ph\u1ea7n: M\u1ed7i gam ch\u1ee9a:<br \/>\nTrimethoprim\u2026\u2026\u202680mg<br \/>\nSulfadiazine\u2026\u2026\u2026\u2026400mg<\/p>","protected":false},"featured_media":1959,"comment_status":"open","ping_status":"closed","template":"","meta":[],"product_brand":[],"product_cat":[45,68,48],"product_tag":[],"class_list":{"0":"post-1958","1":"product","2":"type-product","3":"status-publish","4":"has-post-thumbnail","6":"product_cat-45","7":"product_cat-68","8":"product_cat-48","10":"first","11":"instock","12":"shipping-taxable","13":"product-type-simple"},"yoast_head":"<!-- This site is optimized with the Yoast SEO Premium plugin v25.3.1 (Yoast SEO v25.4) - https:\/\/yoast.com\/wordpress\/plugins\/seo\/ -->\n<title>\u8212\u5316\u5be7-48\u53e3\u670d\u61f8\u6d6e\u6db2 - \u5927\u5b89\u5316\u5b78\u88fd\u85e5\u80a1\u4efd\u6709\u9650\u516c\u53f8<\/title>\n<meta name=\"robots\" content=\"index, follow, max-snippet:-1, max-image-preview:large, max-video-preview:-1\" \/>\n<link rel=\"canonical\" href=\"https:\/\/tahanpharma.com\/vi\/san-pham\/\u8212\u5316\u5be7-48\u53e3\u670d\u61f8\u6d6e\u6db2\/\" \/>\n<meta property=\"og:locale\" content=\"vi_VN\" \/>\n<meta property=\"og:type\" content=\"article\" \/>\n<meta property=\"og:title\" content=\"\u8212\u5316\u5be7-48\u53e3\u670d\u61f8\u6d6e\u6db2\" \/>\n<meta property=\"og:description\" content=\"\u85e5\u54c1\u540d \uff1a Trimfazine-48 Solution \u8a31\u53ef\u8b49\u5b57\u865f \uff1a \u52d5\u7269\u85e5\u88fd\u5b57\u7b2c09210\u865f \u5291\u578b \uff1a \u6ce8\u5c04\u5291 \u5305\u88dd \uff1a 100ML,200ML,250ML,500ML,1L \u9069\u7528\u52d5\u7269 \uff1a \u96de\u3001\u8c6c \u6548\u80fd(\u9069\u61c9\u75c7) \uff1a \u96de\uff08\u4e0d\u542b\u7522\u86cb\u4e2d\u4e4b\u86cb\u96de\uff09\uff1a\u6cbb\u7642\u5177\u611f\u53d7\u6027\u4e4b\u7d30\u83cc\u611f\u67d3\u75c7 \uff0c\u5982\uff1a\u5927\u8178\u687f\u83cc\u75c7\uff08\u5927\u8178\u687f\u83cc\u6027\u6557\u8840\u75c7\uff09\u3001\u6c99\u6c0f\u687f\u83cc\u75c7\u3001\u5df4\u65af\u5fb7\u687f\u83cc\u75c7\u3001\u50b3\u67d3\u6027\u9f3b\u708e\uff0c\u4ee5\u53ca\u56e0\u6162\u6027\u547c\u5438\u5668\u75c5\u6216\u5176\u4ed6\u75c5\u6bd2\u6216\u9ef4\u6f3f\u83cc\u5f15\u8d77\u7684\u4e8c\u6b21\u6027\u7d30\u83cc\u611f\u67d3\u3002 \u8c6c\uff1a\u6cbb\u7642\u5177\u611f\u53d7\u6027\u4e4b\u7d30\u83cc\u611f\u67d3\u75c7\uff0c\u5982\uff1a\u5927\u8178\u687f\u83cc\u75c7\u3001\u6c99\u6c0f\u687f\u83cc\u75c7\uff08\u547c\u5438\u9053\u611f\u67d3\u3001\u6ccc\u5c3f\u751f\u6b96\u5668\u611f\u67d3\uff09\u3001\u5df4\u65af\u5fb7\u687f\u83cc\u75c7\u7b49\u3002 \u6210\u4efd \uff1a \u6bcf\u516c\u514b\u542b\uff1a Trimethoprim\u2026\u2026\u2026..80mg Sulfadiazine\u2026\u2026\u2026\u2026400mg\" \/>\n<meta property=\"og:url\" content=\"https:\/\/tahanpharma.com\/vi\/san-pham\/\u8212\u5316\u5be7-48\u53e3\u670d\u61f8\u6d6e\u6db2\/\" \/>\n<meta property=\"og:site_name\" content=\"\u5927\u5b89\u5316\u5b78\u88fd\u85e5\u80a1\u4efd\u6709\u9650\u516c\u53f8\" \/>\n<meta property=\"og:image\" content=\"https:\/\/tahanpharma.com\/wp-content\/uploads\/2025\/06\/\u8212\u5316\u5be7-48\u53e3\u670d\u61f8\u6d6e\u6db2-01.jpg\" \/>\n\t<meta property=\"og:image:width\" content=\"1042\" \/>\n\t<meta property=\"og:image:height\" content=\"1042\" \/>\n\t<meta property=\"og:image:type\" content=\"image\/jpeg\" \/>\n<meta name=\"twitter:card\" content=\"summary_large_image\" \/>\n<script type=\"application\/ld+json\" class=\"yoast-schema-graph\">{\"@context\":\"https:\/\/schema.org\",\"@graph\":[{\"@type\":\"WebPage\",\"@id\":\"https:\/\/tahanpharma.com\/product\/%e8%88%92%e5%8c%96%e5%af%a7-48%e5%8f%a3%e6%9c%8d%e6%87%b8%e6%b5%ae%e6%b6%b2\/\",\"url\":\"https:\/\/tahanpharma.com\/product\/%e8%88%92%e5%8c%96%e5%af%a7-48%e5%8f%a3%e6%9c%8d%e6%87%b8%e6%b5%ae%e6%b6%b2\/\",\"name\":\"\u8212\u5316\u5be7-48\u53e3\u670d\u61f8\u6d6e\u6db2 - \u5927\u5b89\u5316\u5b78\u88fd\u85e5\u80a1\u4efd\u6709\u9650\u516c\u53f8\",\"isPartOf\":{\"@id\":\"https:\/\/tahanpharma.com\/#website\"},\"primaryImageOfPage\":{\"@id\":\"https:\/\/tahanpharma.com\/product\/%e8%88%92%e5%8c%96%e5%af%a7-48%e5%8f%a3%e6%9c%8d%e6%87%b8%e6%b5%ae%e6%b6%b2\/#primaryimage\"},\"image\":{\"@id\":\"https:\/\/tahanpharma.com\/product\/%e8%88%92%e5%8c%96%e5%af%a7-48%e5%8f%a3%e6%9c%8d%e6%87%b8%e6%b5%ae%e6%b6%b2\/#primaryimage\"},\"thumbnailUrl\":\"https:\/\/tahanpharma.com\/wp-content\/uploads\/2025\/06\/\u8212\u5316\u5be7-48\u53e3\u670d\u61f8\u6d6e\u6db2-01.jpg\",\"datePublished\":\"2025-06-18T02:48:49+00:00\",\"breadcrumb\":{\"@id\":\"https:\/\/tahanpharma.com\/product\/%e8%88%92%e5%8c%96%e5%af%a7-48%e5%8f%a3%e6%9c%8d%e6%87%b8%e6%b5%ae%e6%b6%b2\/#breadcrumb\"},\"inLanguage\":\"vi\",\"potentialAction\":[{\"@type\":\"ReadAction\",\"target\":[\"https:\/\/tahanpharma.com\/product\/%e8%88%92%e5%8c%96%e5%af%a7-48%e5%8f%a3%e6%9c%8d%e6%87%b8%e6%b5%ae%e6%b6%b2\/\"]}]},{\"@type\":\"ImageObject\",\"inLanguage\":\"vi\",\"@id\":\"https:\/\/tahanpharma.com\/product\/%e8%88%92%e5%8c%96%e5%af%a7-48%e5%8f%a3%e6%9c%8d%e6%87%b8%e6%b5%ae%e6%b6%b2\/#primaryimage\",\"url\":\"https:\/\/tahanpharma.com\/wp-content\/uploads\/2025\/06\/\u8212\u5316\u5be7-48\u53e3\u670d\u61f8\u6d6e\u6db2-01.jpg\",\"contentUrl\":\"https:\/\/tahanpharma.com\/wp-content\/uploads\/2025\/06\/\u8212\u5316\u5be7-48\u53e3\u670d\u61f8\u6d6e\u6db2-01.jpg\",\"width\":1042,\"height\":1042},{\"@type\":\"BreadcrumbList\",\"@id\":\"https:\/\/tahanpharma.com\/product\/%e8%88%92%e5%8c%96%e5%af%a7-48%e5%8f%a3%e6%9c%8d%e6%87%b8%e6%b5%ae%e6%b6%b2\/#breadcrumb\",\"itemListElement\":[{\"@type\":\"ListItem\",\"position\":1,\"name\":\"\u9996\u9801\",\"item\":\"https:\/\/tahanpharma.com\/\"},{\"@type\":\"ListItem\",\"position\":2,\"name\":\"\u7522\u54c1\u7c21\u4ecb\",\"item\":\"https:\/\/tahanpharma.com\/product\/\"},{\"@type\":\"ListItem\",\"position\":3,\"name\":\"\u8212\u5316\u5be7-48\u53e3\u670d\u61f8\u6d6e\u6db2\"}]},{\"@type\":\"WebSite\",\"@id\":\"https:\/\/tahanpharma.com\/#website\",\"url\":\"https:\/\/tahanpharma.com\/\",\"name\":\"\u5927\u5b89\u5316\u5b78\u88fd\u85e5\u80a1\u4efd\u6709\u9650\u516c\u53f8\",\"description\":\"\u52d5\u7269\u85e5\u54c1\u88fd\u9020\",\"potentialAction\":[{\"@type\":\"SearchAction\",\"target\":{\"@type\":\"EntryPoint\",\"urlTemplate\":\"https:\/\/tahanpharma.com\/?s={search_term_string}\"},\"query-input\":{\"@type\":\"PropertyValueSpecification\",\"valueRequired\":true,\"valueName\":\"search_term_string\"}}],\"inLanguage\":\"vi\"}]}<\/script>\n<!-- \/ Yoast SEO Premium plugin. -->","yoast_head_json":{"title":"\u8212\u5316\u5be7-48\u53e3\u670d\u61f8\u6d6e\u6db2 - \u5927\u5b89\u5316\u5b78\u88fd\u85e5\u80a1\u4efd\u6709\u9650\u516c\u53f8","robots":{"index":"index","follow":"follow","max-snippet":"max-snippet:-1","max-image-preview":"max-image-preview:large","max-video-preview":"max-video-preview:-1"},"canonical":"https:\/\/tahanpharma.com\/vi\/san-pham\/\u8212\u5316\u5be7-48\u53e3\u670d\u61f8\u6d6e\u6db2\/","og_locale":"vi_VN","og_type":"article","og_title":"\u8212\u5316\u5be7-48\u53e3\u670d\u61f8\u6d6e\u6db2","og_description":"\u85e5\u54c1\u540d \uff1a Trimfazine-48 Solution \u8a31\u53ef\u8b49\u5b57\u865f \uff1a \u52d5\u7269\u85e5\u88fd\u5b57\u7b2c09210\u865f \u5291\u578b \uff1a \u6ce8\u5c04\u5291 \u5305\u88dd \uff1a 100ML,200ML,250ML,500ML,1L \u9069\u7528\u52d5\u7269 \uff1a \u96de\u3001\u8c6c \u6548\u80fd(\u9069\u61c9\u75c7) \uff1a \u96de\uff08\u4e0d\u542b\u7522\u86cb\u4e2d\u4e4b\u86cb\u96de\uff09\uff1a\u6cbb\u7642\u5177\u611f\u53d7\u6027\u4e4b\u7d30\u83cc\u611f\u67d3\u75c7 \uff0c\u5982\uff1a\u5927\u8178\u687f\u83cc\u75c7\uff08\u5927\u8178\u687f\u83cc\u6027\u6557\u8840\u75c7\uff09\u3001\u6c99\u6c0f\u687f\u83cc\u75c7\u3001\u5df4\u65af\u5fb7\u687f\u83cc\u75c7\u3001\u50b3\u67d3\u6027\u9f3b\u708e\uff0c\u4ee5\u53ca\u56e0\u6162\u6027\u547c\u5438\u5668\u75c5\u6216\u5176\u4ed6\u75c5\u6bd2\u6216\u9ef4\u6f3f\u83cc\u5f15\u8d77\u7684\u4e8c\u6b21\u6027\u7d30\u83cc\u611f\u67d3\u3002 \u8c6c\uff1a\u6cbb\u7642\u5177\u611f\u53d7\u6027\u4e4b\u7d30\u83cc\u611f\u67d3\u75c7\uff0c\u5982\uff1a\u5927\u8178\u687f\u83cc\u75c7\u3001\u6c99\u6c0f\u687f\u83cc\u75c7\uff08\u547c\u5438\u9053\u611f\u67d3\u3001\u6ccc\u5c3f\u751f\u6b96\u5668\u611f\u67d3\uff09\u3001\u5df4\u65af\u5fb7\u687f\u83cc\u75c7\u7b49\u3002 \u6210\u4efd \uff1a \u6bcf\u516c\u514b\u542b\uff1a Trimethoprim\u2026\u2026\u2026..80mg Sulfadiazine\u2026\u2026\u2026\u2026400mg","og_url":"https:\/\/tahanpharma.com\/vi\/san-pham\/\u8212\u5316\u5be7-48\u53e3\u670d\u61f8\u6d6e\u6db2\/","og_site_name":"\u5927\u5b89\u5316\u5b78\u88fd\u85e5\u80a1\u4efd\u6709\u9650\u516c\u53f8","og_image":[{"width":1042,"height":1042,"url":"https:\/\/tahanpharma.com\/wp-content\/uploads\/2025\/06\/\u8212\u5316\u5be7-48\u53e3\u670d\u61f8\u6d6e\u6db2-01.jpg","type":"image\/jpeg"}],"twitter_card":"summary_large_image","schema":{"@context":"https:\/\/schema.org","@graph":[{"@type":"WebPage","@id":"https:\/\/tahanpharma.com\/product\/%e8%88%92%e5%8c%96%e5%af%a7-48%e5%8f%a3%e6%9c%8d%e6%87%b8%e6%b5%ae%e6%b6%b2\/","url":"https:\/\/tahanpharma.com\/product\/%e8%88%92%e5%8c%96%e5%af%a7-48%e5%8f%a3%e6%9c%8d%e6%87%b8%e6%b5%ae%e6%b6%b2\/","name":"\u8212\u5316\u5be7-48\u53e3\u670d\u61f8\u6d6e\u6db2 - \u5927\u5b89\u5316\u5b78\u88fd\u85e5\u80a1\u4efd\u6709\u9650\u516c\u53f8","isPartOf":{"@id":"https:\/\/tahanpharma.com\/#website"},"primaryImageOfPage":{"@id":"https:\/\/tahanpharma.com\/product\/%e8%88%92%e5%8c%96%e5%af%a7-48%e5%8f%a3%e6%9c%8d%e6%87%b8%e6%b5%ae%e6%b6%b2\/#primaryimage"},"image":{"@id":"https:\/\/tahanpharma.com\/product\/%e8%88%92%e5%8c%96%e5%af%a7-48%e5%8f%a3%e6%9c%8d%e6%87%b8%e6%b5%ae%e6%b6%b2\/#primaryimage"},"thumbnailUrl":"https:\/\/tahanpharma.com\/wp-content\/uploads\/2025\/06\/\u8212\u5316\u5be7-48\u53e3\u670d\u61f8\u6d6e\u6db2-01.jpg","datePublished":"2025-06-18T02:48:49+00:00","breadcrumb":{"@id":"https:\/\/tahanpharma.com\/product\/%e8%88%92%e5%8c%96%e5%af%a7-48%e5%8f%a3%e6%9c%8d%e6%87%b8%e6%b5%ae%e6%b6%b2\/#breadcrumb"},"inLanguage":"vi","potentialAction":[{"@type":"ReadAction","target":["https:\/\/tahanpharma.com\/product\/%e8%88%92%e5%8c%96%e5%af%a7-48%e5%8f%a3%e6%9c%8d%e6%87%b8%e6%b5%ae%e6%b6%b2\/"]}]},{"@type":"ImageObject","inLanguage":"vi","@id":"https:\/\/tahanpharma.com\/product\/%e8%88%92%e5%8c%96%e5%af%a7-48%e5%8f%a3%e6%9c%8d%e6%87%b8%e6%b5%ae%e6%b6%b2\/#primaryimage","url":"https:\/\/tahanpharma.com\/wp-content\/uploads\/2025\/06\/\u8212\u5316\u5be7-48\u53e3\u670d\u61f8\u6d6e\u6db2-01.jpg","contentUrl":"https:\/\/tahanpharma.com\/wp-content\/uploads\/2025\/06\/\u8212\u5316\u5be7-48\u53e3\u670d\u61f8\u6d6e\u6db2-01.jpg","width":1042,"height":1042},{"@type":"BreadcrumbList","@id":"https:\/\/tahanpharma.com\/product\/%e8%88%92%e5%8c%96%e5%af%a7-48%e5%8f%a3%e6%9c%8d%e6%87%b8%e6%b5%ae%e6%b6%b2\/#breadcrumb","itemListElement":[{"@type":"ListItem","position":1,"name":"\u9996\u9801","item":"https:\/\/tahanpharma.com\/"},{"@type":"ListItem","position":2,"name":"\u7522\u54c1\u7c21\u4ecb","item":"https:\/\/tahanpharma.com\/product\/"},{"@type":"ListItem","position":3,"name":"\u8212\u5316\u5be7-48\u53e3\u670d\u61f8\u6d6e\u6db2"}]},{"@type":"WebSite","@id":"https:\/\/tahanpharma.com\/#website","url":"https:\/\/tahanpharma.com\/","name":"\u5927\u5b89\u5316\u5b78\u88fd\u85e5\u80a1\u4efd\u6709\u9650\u516c\u53f8","description":"\u52d5\u7269\u85e5\u54c1\u88fd\u9020","potentialAction":[{"@type":"SearchAction","target":{"@type":"EntryPoint","urlTemplate":"https:\/\/tahanpharma.com\/?s={search_term_string}"},"query-input":{"@type":"PropertyValueSpecification","valueRequired":true,"valueName":"search_term_string"}}],"inLanguage":"vi"}]}},"_links":{"self":[{"href":"https:\/\/tahanpharma.com\/vi\/wp-json\/wp\/v2\/product\/1958","targetHints":{"allow":["GET"]}}],"collection":[{"href":"https:\/\/tahanpharma.com\/vi\/wp-json\/wp\/v2\/product"}],"about":[{"href":"https:\/\/tahanpharma.com\/vi\/wp-json\/wp\/v2\/types\/product"}],"replies":[{"embeddable":true,"href":"https:\/\/tahanpharma.com\/vi\/wp-json\/wp\/v2\/comments?post=1958"}],"wp:featuredmedia":[{"embeddable":true,"href":"https:\/\/tahanpharma.com\/vi\/wp-json\/wp\/v2\/media\/1959"}],"wp:attachment":[{"href":"https:\/\/tahanpharma.com\/vi\/wp-json\/wp\/v2\/media?parent=1958"}],"wp:term":[{"taxonomy":"product_brand","embeddable":true,"href":"https:\/\/tahanpharma.com\/vi\/wp-json\/wp\/v2\/product_brand?post=1958"},{"taxonomy":"product_cat","embeddable":true,"href":"https:\/\/tahanpharma.com\/vi\/wp-json\/wp\/v2\/product_cat?post=1958"},{"taxonomy":"product_tag","embeddable":true,"href":"https:\/\/tahanpharma.com\/vi\/wp-json\/wp\/v2\/product_tag?post=1958"}],"curies":[{"name":"wp","href":"https:\/\/api.w.org\/{rel}","templated":true}]}}