{"id":1968,"date":"2025-06-18T11:53:08","date_gmt":"2025-06-18T03:53:08","guid":{"rendered":"https:\/\/tahanpharma.com\/?post_type=product&#038;p=1968"},"modified":"2025-06-18T11:53:08","modified_gmt":"2025-06-18T03:53:08","slug":"%e6%bb%85%e7%95%9c%e8%9f%b2%e9%87%9d-%e6%b3%a8%e5%b0%84%e5%8a%91","status":"publish","type":"product","link":"https:\/\/tahanpharma.com\/vi\/san-pham\/%e6%bb%85%e7%95%9c%e8%9f%b2%e9%87%9d-%e6%b3%a8%e5%b0%84%e5%8a%91\/","title":{"rendered":"Ti\u00eam thu\u1ed1c tr\u1eeb s\u00e2u"},"content":{"rendered":"<p>L\u1ee3n \u0111\u01b0\u1ee3c ti\u00eam d\u01b0\u1edbi da \u1edf c\u1ed5 v\u1edbi li\u1ec1u l\u01b0\u1ee3ng 0,03 ml\/kg tr\u1ecdng l\u01b0\u1ee3ng c\u01a1 th\u1ec3.<\/p>\n<p>Th\u1eddi gian r\u00fat ti\u1ec1n: 28 ng\u00e0y.<\/p>","protected":false},"excerpt":{"rendered":"<p>T\u00ean thu\u1ed1c: MECTIN INJ<br \/>\nS\u1ed1 gi\u1ea5y ph\u00e9p: Gi\u1ea5y ph\u00e9p thu\u1ed1c th\u00fa y s\u1ed1 08021<br \/>\nD\u1ea1ng b\u00e0o ch\u1ebf: Ti\u00eam<br \/>\n\u0110\u00f3ng g\u00f3i: 100ml<br \/>\n\u0110\u1ed9ng v\u1eadt \u00e1p d\u1ee5ng: L\u1ee3n<br \/>\nC\u00f4ng d\u1ee5ng (ch\u1ec9 \u0111\u1ecbnh): L\u1ee3n: Di\u1ec7t c\u00e1c lo\u1ea1i k\u00fd sinh tr\u00f9ng b\u00ean trong v\u00e0 b\u00ean ngo\u00e0i nh\u01b0 gh\u1ebb, r\u1eadn, giun \u0111\u0169a, giun ph\u1ed5i, giun \u0111\u0169a, giun kim \u0111\u1ecf, giun tr\u00f2n \u0111\u01b0\u1eddng ru\u1ed9t, giun tr\u00f2n th\u00f4ng xanh.<br \/>\nTh\u00e0nh ph\u1ea7n: M\u1ed7i ml ch\u1ee9a Ivermectin......10mg<\/p>","protected":false},"featured_media":1969,"comment_status":"open","ping_status":"closed","template":"","meta":[],"product_brand":[],"product_cat":[45,68,48],"product_tag":[],"class_list":{"0":"post-1968","1":"product","2":"type-product","3":"status-publish","4":"has-post-thumbnail","6":"product_cat-45","7":"product_cat-68","8":"product_cat-48","10":"first","11":"instock","12":"shipping-taxable","13":"product-type-simple"},"yoast_head":"<!-- This site is optimized with the Yoast SEO Premium plugin v25.3.1 (Yoast SEO v25.4) - https:\/\/yoast.com\/wordpress\/plugins\/seo\/ -->\n<title>\u6ec5\u755c\u87f2\u91dd \u6ce8\u5c04\u5291 - \u5927\u5b89\u5316\u5b78\u88fd\u85e5\u80a1\u4efd\u6709\u9650\u516c\u53f8<\/title>\n<meta name=\"robots\" content=\"index, follow, max-snippet:-1, max-image-preview:large, max-video-preview:-1\" \/>\n<link rel=\"canonical\" href=\"https:\/\/tahanpharma.com\/vi\/san-pham\/\u6ec5\u755c\u87f2\u91dd-\u6ce8\u5c04\u5291\/\" \/>\n<meta property=\"og:locale\" content=\"vi_VN\" \/>\n<meta property=\"og:type\" content=\"article\" \/>\n<meta property=\"og:title\" content=\"\u6ec5\u755c\u87f2\u91dd \u6ce8\u5c04\u5291\" \/>\n<meta property=\"og:description\" content=\"\u85e5\u54c1\u540d \uff1a MECTIN INJ \u8a31\u53ef\u8b49\u5b57\u865f \uff1a \u52d5\u7269\u85e5\u88fd\u5b57\u7b2c08021\u865f \u5291\u578b \uff1a \u6ce8\u5c04\u5291 \u5305\u88dd \uff1a 100ml \u9069\u7528\u52d5\u7269 \uff1a \u8c6c \u6548\u80fd(\u9069\u61c9\u75c7) \uff1a \u8c6c\uff1a\u9a45\u9664\u75a5\u766c\u87f2\u3001\u8768\u86a4\u3001\u5713\u87f2\u3001\u80ba\u87f2\u3001\u86d4\u87f2\u3001\u7d05\u8272\u6bdb\u6a23\u7dda\u87f2\u3001\u8178\u7d50\u7bc0\u87f2\u3001\u85cd\u677e\u687f\u7dda\u87f2\u7b49\u5167\u5916\u5bc4\u751f\u87f2\u3002 \u6210\u4efd \uff1a \u6bcfml\u4e2d\u542b\u6709 Ivermectin\u2026\u202610mg\" \/>\n<meta property=\"og:url\" content=\"https:\/\/tahanpharma.com\/vi\/san-pham\/\u6ec5\u755c\u87f2\u91dd-\u6ce8\u5c04\u5291\/\" \/>\n<meta property=\"og:site_name\" content=\"\u5927\u5b89\u5316\u5b78\u88fd\u85e5\u80a1\u4efd\u6709\u9650\u516c\u53f8\" \/>\n<meta property=\"og:image\" content=\"https:\/\/tahanpharma.com\/wp-content\/uploads\/2025\/06\/\u6ec5\u755c\u87f2\u91dd-\u6ce8\u5c04\u5291-01.jpg\" \/>\n\t<meta property=\"og:image:width\" content=\"1042\" \/>\n\t<meta property=\"og:image:height\" content=\"1042\" \/>\n\t<meta property=\"og:image:type\" content=\"image\/jpeg\" \/>\n<meta name=\"twitter:card\" content=\"summary_large_image\" \/>\n<script type=\"application\/ld+json\" class=\"yoast-schema-graph\">{\"@context\":\"https:\/\/schema.org\",\"@graph\":[{\"@type\":\"WebPage\",\"@id\":\"https:\/\/tahanpharma.com\/product\/%e6%bb%85%e7%95%9c%e8%9f%b2%e9%87%9d-%e6%b3%a8%e5%b0%84%e5%8a%91\/\",\"url\":\"https:\/\/tahanpharma.com\/product\/%e6%bb%85%e7%95%9c%e8%9f%b2%e9%87%9d-%e6%b3%a8%e5%b0%84%e5%8a%91\/\",\"name\":\"\u6ec5\u755c\u87f2\u91dd \u6ce8\u5c04\u5291 - \u5927\u5b89\u5316\u5b78\u88fd\u85e5\u80a1\u4efd\u6709\u9650\u516c\u53f8\",\"isPartOf\":{\"@id\":\"https:\/\/tahanpharma.com\/#website\"},\"primaryImageOfPage\":{\"@id\":\"https:\/\/tahanpharma.com\/product\/%e6%bb%85%e7%95%9c%e8%9f%b2%e9%87%9d-%e6%b3%a8%e5%b0%84%e5%8a%91\/#primaryimage\"},\"image\":{\"@id\":\"https:\/\/tahanpharma.com\/product\/%e6%bb%85%e7%95%9c%e8%9f%b2%e9%87%9d-%e6%b3%a8%e5%b0%84%e5%8a%91\/#primaryimage\"},\"thumbnailUrl\":\"https:\/\/tahanpharma.com\/wp-content\/uploads\/2025\/06\/\u6ec5\u755c\u87f2\u91dd-\u6ce8\u5c04\u5291-01.jpg\",\"datePublished\":\"2025-06-18T03:53:08+00:00\",\"breadcrumb\":{\"@id\":\"https:\/\/tahanpharma.com\/product\/%e6%bb%85%e7%95%9c%e8%9f%b2%e9%87%9d-%e6%b3%a8%e5%b0%84%e5%8a%91\/#breadcrumb\"},\"inLanguage\":\"vi\",\"potentialAction\":[{\"@type\":\"ReadAction\",\"target\":[\"https:\/\/tahanpharma.com\/product\/%e6%bb%85%e7%95%9c%e8%9f%b2%e9%87%9d-%e6%b3%a8%e5%b0%84%e5%8a%91\/\"]}]},{\"@type\":\"ImageObject\",\"inLanguage\":\"vi\",\"@id\":\"https:\/\/tahanpharma.com\/product\/%e6%bb%85%e7%95%9c%e8%9f%b2%e9%87%9d-%e6%b3%a8%e5%b0%84%e5%8a%91\/#primaryimage\",\"url\":\"https:\/\/tahanpharma.com\/wp-content\/uploads\/2025\/06\/\u6ec5\u755c\u87f2\u91dd-\u6ce8\u5c04\u5291-01.jpg\",\"contentUrl\":\"https:\/\/tahanpharma.com\/wp-content\/uploads\/2025\/06\/\u6ec5\u755c\u87f2\u91dd-\u6ce8\u5c04\u5291-01.jpg\",\"width\":1042,\"height\":1042},{\"@type\":\"BreadcrumbList\",\"@id\":\"https:\/\/tahanpharma.com\/product\/%e6%bb%85%e7%95%9c%e8%9f%b2%e9%87%9d-%e6%b3%a8%e5%b0%84%e5%8a%91\/#breadcrumb\",\"itemListElement\":[{\"@type\":\"ListItem\",\"position\":1,\"name\":\"\u9996\u9801\",\"item\":\"https:\/\/tahanpharma.com\/\"},{\"@type\":\"ListItem\",\"position\":2,\"name\":\"\u7522\u54c1\u7c21\u4ecb\",\"item\":\"https:\/\/tahanpharma.com\/product\/\"},{\"@type\":\"ListItem\",\"position\":3,\"name\":\"\u6ec5\u755c\u87f2\u91dd \u6ce8\u5c04\u5291\"}]},{\"@type\":\"WebSite\",\"@id\":\"https:\/\/tahanpharma.com\/#website\",\"url\":\"https:\/\/tahanpharma.com\/\",\"name\":\"\u5927\u5b89\u5316\u5b78\u88fd\u85e5\u80a1\u4efd\u6709\u9650\u516c\u53f8\",\"description\":\"\u52d5\u7269\u85e5\u54c1\u88fd\u9020\",\"potentialAction\":[{\"@type\":\"SearchAction\",\"target\":{\"@type\":\"EntryPoint\",\"urlTemplate\":\"https:\/\/tahanpharma.com\/?s={search_term_string}\"},\"query-input\":{\"@type\":\"PropertyValueSpecification\",\"valueRequired\":true,\"valueName\":\"search_term_string\"}}],\"inLanguage\":\"vi\"}]}<\/script>\n<!-- \/ Yoast SEO Premium plugin. -->","yoast_head_json":{"title":"\u6ec5\u755c\u87f2\u91dd \u6ce8\u5c04\u5291 - \u5927\u5b89\u5316\u5b78\u88fd\u85e5\u80a1\u4efd\u6709\u9650\u516c\u53f8","robots":{"index":"index","follow":"follow","max-snippet":"max-snippet:-1","max-image-preview":"max-image-preview:large","max-video-preview":"max-video-preview:-1"},"canonical":"https:\/\/tahanpharma.com\/vi\/san-pham\/\u6ec5\u755c\u87f2\u91dd-\u6ce8\u5c04\u5291\/","og_locale":"vi_VN","og_type":"article","og_title":"\u6ec5\u755c\u87f2\u91dd \u6ce8\u5c04\u5291","og_description":"\u85e5\u54c1\u540d \uff1a MECTIN INJ \u8a31\u53ef\u8b49\u5b57\u865f \uff1a \u52d5\u7269\u85e5\u88fd\u5b57\u7b2c08021\u865f \u5291\u578b \uff1a \u6ce8\u5c04\u5291 \u5305\u88dd \uff1a 100ml \u9069\u7528\u52d5\u7269 \uff1a \u8c6c \u6548\u80fd(\u9069\u61c9\u75c7) \uff1a \u8c6c\uff1a\u9a45\u9664\u75a5\u766c\u87f2\u3001\u8768\u86a4\u3001\u5713\u87f2\u3001\u80ba\u87f2\u3001\u86d4\u87f2\u3001\u7d05\u8272\u6bdb\u6a23\u7dda\u87f2\u3001\u8178\u7d50\u7bc0\u87f2\u3001\u85cd\u677e\u687f\u7dda\u87f2\u7b49\u5167\u5916\u5bc4\u751f\u87f2\u3002 \u6210\u4efd \uff1a \u6bcfml\u4e2d\u542b\u6709 Ivermectin\u2026\u202610mg","og_url":"https:\/\/tahanpharma.com\/vi\/san-pham\/\u6ec5\u755c\u87f2\u91dd-\u6ce8\u5c04\u5291\/","og_site_name":"\u5927\u5b89\u5316\u5b78\u88fd\u85e5\u80a1\u4efd\u6709\u9650\u516c\u53f8","og_image":[{"width":1042,"height":1042,"url":"https:\/\/tahanpharma.com\/wp-content\/uploads\/2025\/06\/\u6ec5\u755c\u87f2\u91dd-\u6ce8\u5c04\u5291-01.jpg","type":"image\/jpeg"}],"twitter_card":"summary_large_image","schema":{"@context":"https:\/\/schema.org","@graph":[{"@type":"WebPage","@id":"https:\/\/tahanpharma.com\/product\/%e6%bb%85%e7%95%9c%e8%9f%b2%e9%87%9d-%e6%b3%a8%e5%b0%84%e5%8a%91\/","url":"https:\/\/tahanpharma.com\/product\/%e6%bb%85%e7%95%9c%e8%9f%b2%e9%87%9d-%e6%b3%a8%e5%b0%84%e5%8a%91\/","name":"\u6ec5\u755c\u87f2\u91dd \u6ce8\u5c04\u5291 - \u5927\u5b89\u5316\u5b78\u88fd\u85e5\u80a1\u4efd\u6709\u9650\u516c\u53f8","isPartOf":{"@id":"https:\/\/tahanpharma.com\/#website"},"primaryImageOfPage":{"@id":"https:\/\/tahanpharma.com\/product\/%e6%bb%85%e7%95%9c%e8%9f%b2%e9%87%9d-%e6%b3%a8%e5%b0%84%e5%8a%91\/#primaryimage"},"image":{"@id":"https:\/\/tahanpharma.com\/product\/%e6%bb%85%e7%95%9c%e8%9f%b2%e9%87%9d-%e6%b3%a8%e5%b0%84%e5%8a%91\/#primaryimage"},"thumbnailUrl":"https:\/\/tahanpharma.com\/wp-content\/uploads\/2025\/06\/\u6ec5\u755c\u87f2\u91dd-\u6ce8\u5c04\u5291-01.jpg","datePublished":"2025-06-18T03:53:08+00:00","breadcrumb":{"@id":"https:\/\/tahanpharma.com\/product\/%e6%bb%85%e7%95%9c%e8%9f%b2%e9%87%9d-%e6%b3%a8%e5%b0%84%e5%8a%91\/#breadcrumb"},"inLanguage":"vi","potentialAction":[{"@type":"ReadAction","target":["https:\/\/tahanpharma.com\/product\/%e6%bb%85%e7%95%9c%e8%9f%b2%e9%87%9d-%e6%b3%a8%e5%b0%84%e5%8a%91\/"]}]},{"@type":"ImageObject","inLanguage":"vi","@id":"https:\/\/tahanpharma.com\/product\/%e6%bb%85%e7%95%9c%e8%9f%b2%e9%87%9d-%e6%b3%a8%e5%b0%84%e5%8a%91\/#primaryimage","url":"https:\/\/tahanpharma.com\/wp-content\/uploads\/2025\/06\/\u6ec5\u755c\u87f2\u91dd-\u6ce8\u5c04\u5291-01.jpg","contentUrl":"https:\/\/tahanpharma.com\/wp-content\/uploads\/2025\/06\/\u6ec5\u755c\u87f2\u91dd-\u6ce8\u5c04\u5291-01.jpg","width":1042,"height":1042},{"@type":"BreadcrumbList","@id":"https:\/\/tahanpharma.com\/product\/%e6%bb%85%e7%95%9c%e8%9f%b2%e9%87%9d-%e6%b3%a8%e5%b0%84%e5%8a%91\/#breadcrumb","itemListElement":[{"@type":"ListItem","position":1,"name":"\u9996\u9801","item":"https:\/\/tahanpharma.com\/"},{"@type":"ListItem","position":2,"name":"\u7522\u54c1\u7c21\u4ecb","item":"https:\/\/tahanpharma.com\/product\/"},{"@type":"ListItem","position":3,"name":"\u6ec5\u755c\u87f2\u91dd \u6ce8\u5c04\u5291"}]},{"@type":"WebSite","@id":"https:\/\/tahanpharma.com\/#website","url":"https:\/\/tahanpharma.com\/","name":"\u5927\u5b89\u5316\u5b78\u88fd\u85e5\u80a1\u4efd\u6709\u9650\u516c\u53f8","description":"\u52d5\u7269\u85e5\u54c1\u88fd\u9020","potentialAction":[{"@type":"SearchAction","target":{"@type":"EntryPoint","urlTemplate":"https:\/\/tahanpharma.com\/?s={search_term_string}"},"query-input":{"@type":"PropertyValueSpecification","valueRequired":true,"valueName":"search_term_string"}}],"inLanguage":"vi"}]}},"_links":{"self":[{"href":"https:\/\/tahanpharma.com\/vi\/wp-json\/wp\/v2\/product\/1968","targetHints":{"allow":["GET"]}}],"collection":[{"href":"https:\/\/tahanpharma.com\/vi\/wp-json\/wp\/v2\/product"}],"about":[{"href":"https:\/\/tahanpharma.com\/vi\/wp-json\/wp\/v2\/types\/product"}],"replies":[{"embeddable":true,"href":"https:\/\/tahanpharma.com\/vi\/wp-json\/wp\/v2\/comments?post=1968"}],"wp:featuredmedia":[{"embeddable":true,"href":"https:\/\/tahanpharma.com\/vi\/wp-json\/wp\/v2\/media\/1969"}],"wp:attachment":[{"href":"https:\/\/tahanpharma.com\/vi\/wp-json\/wp\/v2\/media?parent=1968"}],"wp:term":[{"taxonomy":"product_brand","embeddable":true,"href":"https:\/\/tahanpharma.com\/vi\/wp-json\/wp\/v2\/product_brand?post=1968"},{"taxonomy":"product_cat","embeddable":true,"href":"https:\/\/tahanpharma.com\/vi\/wp-json\/wp\/v2\/product_cat?post=1968"},{"taxonomy":"product_tag","embeddable":true,"href":"https:\/\/tahanpharma.com\/vi\/wp-json\/wp\/v2\/product_tag?post=1968"}],"curies":[{"name":"wp","href":"https:\/\/api.w.org\/{rel}","templated":true}]}}