{"id":1976,"date":"2025-06-18T12:04:17","date_gmt":"2025-06-18T04:04:17","guid":{"rendered":"https:\/\/tahanpharma.com\/?post_type=product&#038;p=1976"},"modified":"2025-06-18T17:51:41","modified_gmt":"2025-06-18T09:51:41","slug":"%e5%8d%a1%e8%80%90-10%e6%b3%a8%e5%b0%84%e6%b6%b2","status":"publish","type":"product","link":"https:\/\/tahanpharma.com\/vi\/san-pham\/%e5%8d%a1%e8%80%90-10%e6%b3%a8%e5%b0%84%e6%b6%b2\/","title":{"rendered":"Thu\u1ed1c ti\u00eam Kane-10"},"content":{"rendered":"<p>L\u1ee3n, tr\u00e2u, b\u00f2, c\u1eebu: ti\u00eam 0,1-0,2 ml\/kg th\u1ec3 tr\u1ecdng.<\/p>\n<p>G\u00e0, v\u1ecbt: ti\u00eam 0,25-0,5 ml\/kg th\u1ec3 tr\u1ecdng.<\/p>\n<p>Ti\u00eam b\u1eafp m\u1ed7i ng\u00e0y m\u1ed9t l\u1ea7n.<\/p>","protected":false},"excerpt":{"rendered":"<p>T\u00ean thu\u1ed1c: KANA-10 Inj.<br \/>\nS\u1ed1 gi\u1ea5y ph\u00e9p: Gi\u1ea5y ph\u00e9p thu\u1ed1c th\u00fa y s\u1ed1 08889<br \/>\nD\u1ea1ng b\u00e0o ch\u1ebf: Ti\u00eam<br \/>\nBao b\u00ec: 20ml, 50ml, 100ml, 500ml<br \/>\n\u0110\u1ed9ng v\u1eadt \u00e1p d\u1ee5ng: l\u1ee3n, gia s\u00fac, c\u1eebu, g\u00e0, v\u1ecbt<br \/>\nC\u00f4ng d\u1ee5ng (ch\u1ec9 \u0111\u1ecbnh): Heo, tr\u00e2u, b\u00f2, c\u1eebu: tr\u1ecb vi\u00eam ph\u1ed5i do vi khu\u1ea9n, vi\u00eam ph\u1ebf qu\u1ea3n, nhi\u1ec5m tr\u00f9ng \u0111\u01b0\u1eddng h\u00f4 h\u1ea5p, t\u1ee5 huy\u1ebft tr\u00f9ng \u1edf l\u1ee3n, vi\u00eam ru\u1ed9t do vi khu\u1ea9n, ti\u00eau ch\u1ea3y ph\u00e2n tr\u1eafng \u1edf l\u1ee3n con, ki\u1ebft l\u1ef5, vi\u00eam v\u00fa, vi\u00eam t\u1eed cung, nhi\u1ec5m tr\u00f9ng \u0111\u01b0\u1eddng ti\u1ebft ni\u1ec7u v\u00e0 c\u00e1c b\u1ec7nh m\u1ee7. G\u00e0, v\u1ecbt: tr\u1ecb b\u1ec7nh t\u1ea3 \u1edf gia c\u1ea7m v\u00e0 vi\u00eam m\u0169i truy\u1ec1n nhi\u1ec5m.<br \/>\nTh\u00e0nh ph\u1ea7n: M\u1ed7i mL ch\u1ee9a:<br \/>\nKanamycin Sulfate\u2026\u2026.100mg (H\u1ed9p)<\/p>","protected":false},"featured_media":1977,"comment_status":"open","ping_status":"closed","template":"","meta":[],"product_brand":[],"product_cat":[45,49,50,53,67,68,69,47,48],"product_tag":[],"class_list":{"0":"post-1976","1":"product","2":"type-product","3":"status-publish","4":"has-post-thumbnail","6":"product_cat-45","7":"product_cat-49","8":"product_cat-50","9":"product_cat-53","10":"product_cat-67","11":"product_cat-68","12":"product_cat-69","13":"product_cat-47","14":"product_cat-48","16":"first","17":"instock","18":"shipping-taxable","19":"product-type-simple"},"yoast_head":"<!-- This site is optimized with the Yoast SEO Premium plugin v25.3.1 (Yoast SEO v25.4) - https:\/\/yoast.com\/wordpress\/plugins\/seo\/ -->\n<title>\u5361\u8010-10\u6ce8\u5c04\u6db2 - \u5927\u5b89\u5316\u5b78\u88fd\u85e5\u80a1\u4efd\u6709\u9650\u516c\u53f8<\/title>\n<meta name=\"robots\" content=\"index, follow, max-snippet:-1, max-image-preview:large, max-video-preview:-1\" \/>\n<link rel=\"canonical\" href=\"https:\/\/tahanpharma.com\/vi\/san-pham\/\u5361\u8010-10\u6ce8\u5c04\u6db2\/\" \/>\n<meta property=\"og:locale\" content=\"vi_VN\" \/>\n<meta property=\"og:type\" content=\"article\" \/>\n<meta property=\"og:title\" content=\"\u5361\u8010-10\u6ce8\u5c04\u6db2\" \/>\n<meta property=\"og:description\" content=\"\u85e5\u54c1\u540d \uff1a KANA-10 Inj. \u8a31\u53ef\u8b49\u5b57\u865f \uff1a \u52d5\u7269\u85e5\u88fd\u5b57\u7b2c08889\u865f \u5291\u578b \uff1a \u6ce8\u5c04\u5291 \u5305\u88dd \uff1a 20ml,50ml,100ml,500ml \u9069\u7528\u52d5\u7269 \uff1a \u8c6c\u3001\u725b\u3001\u7f8a\u3001\u96de\u3001\u9d28 \u6548\u80fd(\u9069\u61c9\u75c7) \uff1a \u8c6c\u3001\u725b\u3001\u7f8a\uff1a\u6cbb\u7642\u7d30\u83cc\u6027\u80ba\u708e\u3001\u652f\u6c23\u7ba1\u708e\u3001\u547c\u5438\u9053\u611f\u67d3\u75c7\u3001\u8c6c\u5df4\u6c0f\u687f \u83cc\u75c5\u3001\u7d30\u83cc\u6027\u8178\u708e\u3001\u4ed4\u8c6c\u767d\u75e2\u3001\u8d64\u75e2\u3001\u4e73\u623f\u708e\u3001\u5b50\u5bae\u708e\u3001\u5c3f\u9053\u611f\u67d3\u75c7\u3001\u5316\u81bf\u6027\u75be\u75c5\u3002 \u96de\u3001\u9d28\uff1a\u6cbb\u7642\u5bb6\u79bd\u970d\u4e82\u3001\u50b3\u67d3\u6027\u9f3b\u708e\u3002 \u6210\u4efd \uff1a Each mL contains\uff1a Kanamycin Sulfate...\u2026.100mg (Pot.)\" \/>\n<meta property=\"og:url\" content=\"https:\/\/tahanpharma.com\/vi\/san-pham\/\u5361\u8010-10\u6ce8\u5c04\u6db2\/\" \/>\n<meta property=\"og:site_name\" content=\"\u5927\u5b89\u5316\u5b78\u88fd\u85e5\u80a1\u4efd\u6709\u9650\u516c\u53f8\" \/>\n<meta property=\"article:modified_time\" content=\"2025-06-18T09:51:41+00:00\" \/>\n<meta property=\"og:image\" content=\"https:\/\/tahanpharma.com\/wp-content\/uploads\/2025\/06\/\u5361\u8010-10\u6ce8\u5c04\u6db2-01.jpg\" \/>\n\t<meta property=\"og:image:width\" content=\"1000\" \/>\n\t<meta property=\"og:image:height\" content=\"1000\" \/>\n\t<meta property=\"og:image:type\" content=\"image\/jpeg\" \/>\n<meta name=\"twitter:card\" content=\"summary_large_image\" \/>\n<script type=\"application\/ld+json\" class=\"yoast-schema-graph\">{\"@context\":\"https:\/\/schema.org\",\"@graph\":[{\"@type\":\"WebPage\",\"@id\":\"https:\/\/tahanpharma.com\/product\/%e5%8d%a1%e8%80%90-10%e6%b3%a8%e5%b0%84%e6%b6%b2\/\",\"url\":\"https:\/\/tahanpharma.com\/product\/%e5%8d%a1%e8%80%90-10%e6%b3%a8%e5%b0%84%e6%b6%b2\/\",\"name\":\"\u5361\u8010-10\u6ce8\u5c04\u6db2 - \u5927\u5b89\u5316\u5b78\u88fd\u85e5\u80a1\u4efd\u6709\u9650\u516c\u53f8\",\"isPartOf\":{\"@id\":\"https:\/\/tahanpharma.com\/#website\"},\"primaryImageOfPage\":{\"@id\":\"https:\/\/tahanpharma.com\/product\/%e5%8d%a1%e8%80%90-10%e6%b3%a8%e5%b0%84%e6%b6%b2\/#primaryimage\"},\"image\":{\"@id\":\"https:\/\/tahanpharma.com\/product\/%e5%8d%a1%e8%80%90-10%e6%b3%a8%e5%b0%84%e6%b6%b2\/#primaryimage\"},\"thumbnailUrl\":\"https:\/\/tahanpharma.com\/wp-content\/uploads\/2025\/06\/\u5361\u8010-10\u6ce8\u5c04\u6db2-01.jpg\",\"datePublished\":\"2025-06-18T04:04:17+00:00\",\"dateModified\":\"2025-06-18T09:51:41+00:00\",\"breadcrumb\":{\"@id\":\"https:\/\/tahanpharma.com\/product\/%e5%8d%a1%e8%80%90-10%e6%b3%a8%e5%b0%84%e6%b6%b2\/#breadcrumb\"},\"inLanguage\":\"vi\",\"potentialAction\":[{\"@type\":\"ReadAction\",\"target\":[\"https:\/\/tahanpharma.com\/product\/%e5%8d%a1%e8%80%90-10%e6%b3%a8%e5%b0%84%e6%b6%b2\/\"]}]},{\"@type\":\"ImageObject\",\"inLanguage\":\"vi\",\"@id\":\"https:\/\/tahanpharma.com\/product\/%e5%8d%a1%e8%80%90-10%e6%b3%a8%e5%b0%84%e6%b6%b2\/#primaryimage\",\"url\":\"https:\/\/tahanpharma.com\/wp-content\/uploads\/2025\/06\/\u5361\u8010-10\u6ce8\u5c04\u6db2-01.jpg\",\"contentUrl\":\"https:\/\/tahanpharma.com\/wp-content\/uploads\/2025\/06\/\u5361\u8010-10\u6ce8\u5c04\u6db2-01.jpg\",\"width\":1000,\"height\":1000},{\"@type\":\"BreadcrumbList\",\"@id\":\"https:\/\/tahanpharma.com\/product\/%e5%8d%a1%e8%80%90-10%e6%b3%a8%e5%b0%84%e6%b6%b2\/#breadcrumb\",\"itemListElement\":[{\"@type\":\"ListItem\",\"position\":1,\"name\":\"\u9996\u9801\",\"item\":\"https:\/\/tahanpharma.com\/\"},{\"@type\":\"ListItem\",\"position\":2,\"name\":\"\u7522\u54c1\u7c21\u4ecb\",\"item\":\"https:\/\/tahanpharma.com\/product\/\"},{\"@type\":\"ListItem\",\"position\":3,\"name\":\"\u5361\u8010-10\u6ce8\u5c04\u6db2\"}]},{\"@type\":\"WebSite\",\"@id\":\"https:\/\/tahanpharma.com\/#website\",\"url\":\"https:\/\/tahanpharma.com\/\",\"name\":\"\u5927\u5b89\u5316\u5b78\u88fd\u85e5\u80a1\u4efd\u6709\u9650\u516c\u53f8\",\"description\":\"\u52d5\u7269\u85e5\u54c1\u88fd\u9020\",\"potentialAction\":[{\"@type\":\"SearchAction\",\"target\":{\"@type\":\"EntryPoint\",\"urlTemplate\":\"https:\/\/tahanpharma.com\/?s={search_term_string}\"},\"query-input\":{\"@type\":\"PropertyValueSpecification\",\"valueRequired\":true,\"valueName\":\"search_term_string\"}}],\"inLanguage\":\"vi\"}]}<\/script>\n<!-- \/ Yoast SEO Premium plugin. -->","yoast_head_json":{"title":"\u5361\u8010-10\u6ce8\u5c04\u6db2 - \u5927\u5b89\u5316\u5b78\u88fd\u85e5\u80a1\u4efd\u6709\u9650\u516c\u53f8","robots":{"index":"index","follow":"follow","max-snippet":"max-snippet:-1","max-image-preview":"max-image-preview:large","max-video-preview":"max-video-preview:-1"},"canonical":"https:\/\/tahanpharma.com\/vi\/san-pham\/\u5361\u8010-10\u6ce8\u5c04\u6db2\/","og_locale":"vi_VN","og_type":"article","og_title":"\u5361\u8010-10\u6ce8\u5c04\u6db2","og_description":"\u85e5\u54c1\u540d \uff1a KANA-10 Inj. \u8a31\u53ef\u8b49\u5b57\u865f \uff1a \u52d5\u7269\u85e5\u88fd\u5b57\u7b2c08889\u865f \u5291\u578b \uff1a \u6ce8\u5c04\u5291 \u5305\u88dd \uff1a 20ml,50ml,100ml,500ml \u9069\u7528\u52d5\u7269 \uff1a \u8c6c\u3001\u725b\u3001\u7f8a\u3001\u96de\u3001\u9d28 \u6548\u80fd(\u9069\u61c9\u75c7) \uff1a \u8c6c\u3001\u725b\u3001\u7f8a\uff1a\u6cbb\u7642\u7d30\u83cc\u6027\u80ba\u708e\u3001\u652f\u6c23\u7ba1\u708e\u3001\u547c\u5438\u9053\u611f\u67d3\u75c7\u3001\u8c6c\u5df4\u6c0f\u687f \u83cc\u75c5\u3001\u7d30\u83cc\u6027\u8178\u708e\u3001\u4ed4\u8c6c\u767d\u75e2\u3001\u8d64\u75e2\u3001\u4e73\u623f\u708e\u3001\u5b50\u5bae\u708e\u3001\u5c3f\u9053\u611f\u67d3\u75c7\u3001\u5316\u81bf\u6027\u75be\u75c5\u3002 \u96de\u3001\u9d28\uff1a\u6cbb\u7642\u5bb6\u79bd\u970d\u4e82\u3001\u50b3\u67d3\u6027\u9f3b\u708e\u3002 \u6210\u4efd \uff1a Each mL contains\uff1a Kanamycin Sulfate...\u2026.100mg (Pot.)","og_url":"https:\/\/tahanpharma.com\/vi\/san-pham\/\u5361\u8010-10\u6ce8\u5c04\u6db2\/","og_site_name":"\u5927\u5b89\u5316\u5b78\u88fd\u85e5\u80a1\u4efd\u6709\u9650\u516c\u53f8","article_modified_time":"2025-06-18T09:51:41+00:00","og_image":[{"width":1000,"height":1000,"url":"https:\/\/tahanpharma.com\/wp-content\/uploads\/2025\/06\/\u5361\u8010-10\u6ce8\u5c04\u6db2-01.jpg","type":"image\/jpeg"}],"twitter_card":"summary_large_image","schema":{"@context":"https:\/\/schema.org","@graph":[{"@type":"WebPage","@id":"https:\/\/tahanpharma.com\/product\/%e5%8d%a1%e8%80%90-10%e6%b3%a8%e5%b0%84%e6%b6%b2\/","url":"https:\/\/tahanpharma.com\/product\/%e5%8d%a1%e8%80%90-10%e6%b3%a8%e5%b0%84%e6%b6%b2\/","name":"\u5361\u8010-10\u6ce8\u5c04\u6db2 - \u5927\u5b89\u5316\u5b78\u88fd\u85e5\u80a1\u4efd\u6709\u9650\u516c\u53f8","isPartOf":{"@id":"https:\/\/tahanpharma.com\/#website"},"primaryImageOfPage":{"@id":"https:\/\/tahanpharma.com\/product\/%e5%8d%a1%e8%80%90-10%e6%b3%a8%e5%b0%84%e6%b6%b2\/#primaryimage"},"image":{"@id":"https:\/\/tahanpharma.com\/product\/%e5%8d%a1%e8%80%90-10%e6%b3%a8%e5%b0%84%e6%b6%b2\/#primaryimage"},"thumbnailUrl":"https:\/\/tahanpharma.com\/wp-content\/uploads\/2025\/06\/\u5361\u8010-10\u6ce8\u5c04\u6db2-01.jpg","datePublished":"2025-06-18T04:04:17+00:00","dateModified":"2025-06-18T09:51:41+00:00","breadcrumb":{"@id":"https:\/\/tahanpharma.com\/product\/%e5%8d%a1%e8%80%90-10%e6%b3%a8%e5%b0%84%e6%b6%b2\/#breadcrumb"},"inLanguage":"vi","potentialAction":[{"@type":"ReadAction","target":["https:\/\/tahanpharma.com\/product\/%e5%8d%a1%e8%80%90-10%e6%b3%a8%e5%b0%84%e6%b6%b2\/"]}]},{"@type":"ImageObject","inLanguage":"vi","@id":"https:\/\/tahanpharma.com\/product\/%e5%8d%a1%e8%80%90-10%e6%b3%a8%e5%b0%84%e6%b6%b2\/#primaryimage","url":"https:\/\/tahanpharma.com\/wp-content\/uploads\/2025\/06\/\u5361\u8010-10\u6ce8\u5c04\u6db2-01.jpg","contentUrl":"https:\/\/tahanpharma.com\/wp-content\/uploads\/2025\/06\/\u5361\u8010-10\u6ce8\u5c04\u6db2-01.jpg","width":1000,"height":1000},{"@type":"BreadcrumbList","@id":"https:\/\/tahanpharma.com\/product\/%e5%8d%a1%e8%80%90-10%e6%b3%a8%e5%b0%84%e6%b6%b2\/#breadcrumb","itemListElement":[{"@type":"ListItem","position":1,"name":"\u9996\u9801","item":"https:\/\/tahanpharma.com\/"},{"@type":"ListItem","position":2,"name":"\u7522\u54c1\u7c21\u4ecb","item":"https:\/\/tahanpharma.com\/product\/"},{"@type":"ListItem","position":3,"name":"\u5361\u8010-10\u6ce8\u5c04\u6db2"}]},{"@type":"WebSite","@id":"https:\/\/tahanpharma.com\/#website","url":"https:\/\/tahanpharma.com\/","name":"\u5927\u5b89\u5316\u5b78\u88fd\u85e5\u80a1\u4efd\u6709\u9650\u516c\u53f8","description":"\u52d5\u7269\u85e5\u54c1\u88fd\u9020","potentialAction":[{"@type":"SearchAction","target":{"@type":"EntryPoint","urlTemplate":"https:\/\/tahanpharma.com\/?s={search_term_string}"},"query-input":{"@type":"PropertyValueSpecification","valueRequired":true,"valueName":"search_term_string"}}],"inLanguage":"vi"}]}},"_links":{"self":[{"href":"https:\/\/tahanpharma.com\/vi\/wp-json\/wp\/v2\/product\/1976","targetHints":{"allow":["GET"]}}],"collection":[{"href":"https:\/\/tahanpharma.com\/vi\/wp-json\/wp\/v2\/product"}],"about":[{"href":"https:\/\/tahanpharma.com\/vi\/wp-json\/wp\/v2\/types\/product"}],"replies":[{"embeddable":true,"href":"https:\/\/tahanpharma.com\/vi\/wp-json\/wp\/v2\/comments?post=1976"}],"wp:featuredmedia":[{"embeddable":true,"href":"https:\/\/tahanpharma.com\/vi\/wp-json\/wp\/v2\/media\/1977"}],"wp:attachment":[{"href":"https:\/\/tahanpharma.com\/vi\/wp-json\/wp\/v2\/media?parent=1976"}],"wp:term":[{"taxonomy":"product_brand","embeddable":true,"href":"https:\/\/tahanpharma.com\/vi\/wp-json\/wp\/v2\/product_brand?post=1976"},{"taxonomy":"product_cat","embeddable":true,"href":"https:\/\/tahanpharma.com\/vi\/wp-json\/wp\/v2\/product_cat?post=1976"},{"taxonomy":"product_tag","embeddable":true,"href":"https:\/\/tahanpharma.com\/vi\/wp-json\/wp\/v2\/product_tag?post=1976"}],"curies":[{"name":"wp","href":"https:\/\/api.w.org\/{rel}","templated":true}]}}