{"id":1981,"date":"2025-06-18T13:27:35","date_gmt":"2025-06-18T05:27:35","guid":{"rendered":"https:\/\/tahanpharma.com\/?post_type=product&#038;p=1981"},"modified":"2025-06-18T17:52:14","modified_gmt":"2025-06-18T09:52:14","slug":"%e7%b6%ad%e4%bb%96%e5%91%bdk%e9%87%9d-%e6%b3%a8%e5%b0%84%e5%8a%91","status":"publish","type":"product","link":"https:\/\/tahanpharma.com\/vi\/san-pham\/%e7%b6%ad%e4%bb%96%e5%91%bdk%e9%87%9d-%e6%b3%a8%e5%b0%84%e5%8a%91\/","title":{"rendered":"Ti\u00eam vitamin K"},"content":{"rendered":"<p>Ti\u00eam theo kg tr\u1ecdng l\u01b0\u1ee3ng c\u01a1 th\u1ec3 m\u1ed7i ng\u00e0y<span lang=\"EN-US\">0,5ml<\/span>.<\/p>","protected":false},"excerpt":{"rendered":"<p>T\u00ean thu\u1ed1c: Vitamin-K Inj.<br \/>\nS\u1ed1 gi\u1ea5y ph\u00e9p: Gi\u1ea5y ph\u00e9p thu\u1ed1c th\u00fa y s\u1ed1 07383<br \/>\nD\u1ea1ng b\u00e0o ch\u1ebf: Ti\u00eam<br \/>\n\u0110\u00f3ng g\u00f3i: 100ml<br \/>\n\u0110\u1ed9ng v\u1eadt \u00e1p d\u1ee5ng: L\u1ee3n<br \/>\nC\u00f4ng d\u1ee5ng (ch\u1ec9 \u0111\u1ecbnh): \u0110i\u1ec1u tr\u1ecb xu\u1ea5t huy\u1ebft s\u1ea3n khoa, ti\u1ec1n s\u1ea3n, xu\u1ea5t huy\u1ebft t\u1eed cung, c\u00e1c lo\u1ea1i xu\u1ea5t huy\u1ebft kh\u00e1c, v.v.<br \/>\nTh\u00e0nh ph\u1ea7n: M\u1ed7i ml ch\u1ee9a<br \/>\nMenadione Natri Bisulfite\u2026\u202610mg<\/p>","protected":false},"featured_media":1982,"comment_status":"open","ping_status":"closed","template":"","meta":[],"product_brand":[],"product_cat":[45,49,50,53,67,68,69,47,48],"product_tag":[],"class_list":{"0":"post-1981","1":"product","2":"type-product","3":"status-publish","4":"has-post-thumbnail","6":"product_cat-45","7":"product_cat-49","8":"product_cat-50","9":"product_cat-53","10":"product_cat-67","11":"product_cat-68","12":"product_cat-69","13":"product_cat-47","14":"product_cat-48","16":"first","17":"instock","18":"shipping-taxable","19":"product-type-simple"},"yoast_head":"<!-- This site is optimized with the Yoast SEO Premium plugin v25.3.1 (Yoast SEO v25.4) - https:\/\/yoast.com\/wordpress\/plugins\/seo\/ -->\n<title>\u7dad\u4ed6\u547dK\u91dd \u6ce8\u5c04\u5291 - \u5927\u5b89\u5316\u5b78\u88fd\u85e5\u80a1\u4efd\u6709\u9650\u516c\u53f8<\/title>\n<meta name=\"robots\" content=\"index, follow, max-snippet:-1, max-image-preview:large, max-video-preview:-1\" \/>\n<link rel=\"canonical\" href=\"https:\/\/tahanpharma.com\/vi\/san-pham\/\u7dad\u4ed6\u547dk\u91dd-\u6ce8\u5c04\u5291\/\" \/>\n<meta property=\"og:locale\" content=\"vi_VN\" \/>\n<meta property=\"og:type\" content=\"article\" \/>\n<meta property=\"og:title\" content=\"\u7dad\u4ed6\u547dK\u91dd \u6ce8\u5c04\u5291\" \/>\n<meta property=\"og:description\" content=\"\u85e5\u54c1\u540d \uff1a Vitamin-K Inj. \u8a31\u53ef\u8b49\u5b57\u865f \uff1a \u52d5\u7269\u85e5\u88fd\u5b57\u7b2c07383\u865f \u5291\u578b \uff1a \u6ce8\u5c04\u5291 \u5305\u88dd \uff1a 100ml \u9069\u7528\u52d5\u7269 \uff1a \u8c6c \u6548\u80fd(\u9069\u61c9\u75c7) \uff1a \u6cbb\u7642\u751f\u7522\u51fa\u8840\u3001\u7522\u8925\u3001\u5b50\u5bae\u51fa\u8840\u3001\u5404\u7a2e\u51fa\u8840\u7b49\u3002 \u6210\u4efd \uff1a \u6bcfml\u4e2d\u542b\u6709 Menadione Sodium Bisulfite\u2026\u202610mg\" \/>\n<meta property=\"og:url\" content=\"https:\/\/tahanpharma.com\/vi\/san-pham\/\u7dad\u4ed6\u547dk\u91dd-\u6ce8\u5c04\u5291\/\" \/>\n<meta property=\"og:site_name\" content=\"\u5927\u5b89\u5316\u5b78\u88fd\u85e5\u80a1\u4efd\u6709\u9650\u516c\u53f8\" \/>\n<meta property=\"article:modified_time\" content=\"2025-06-18T09:52:14+00:00\" \/>\n<meta property=\"og:image\" content=\"https:\/\/tahanpharma.com\/wp-content\/uploads\/2025\/06\/\u7dad\u4ed6\u547dK\u91dd-\u6ce8\u5c04\u5291-01.jpg\" \/>\n\t<meta property=\"og:image:width\" content=\"1000\" \/>\n\t<meta property=\"og:image:height\" content=\"1000\" \/>\n\t<meta property=\"og:image:type\" content=\"image\/jpeg\" \/>\n<meta name=\"twitter:card\" content=\"summary_large_image\" \/>\n<script type=\"application\/ld+json\" class=\"yoast-schema-graph\">{\"@context\":\"https:\/\/schema.org\",\"@graph\":[{\"@type\":\"WebPage\",\"@id\":\"https:\/\/tahanpharma.com\/product\/%e7%b6%ad%e4%bb%96%e5%91%bdk%e9%87%9d-%e6%b3%a8%e5%b0%84%e5%8a%91\/\",\"url\":\"https:\/\/tahanpharma.com\/product\/%e7%b6%ad%e4%bb%96%e5%91%bdk%e9%87%9d-%e6%b3%a8%e5%b0%84%e5%8a%91\/\",\"name\":\"\u7dad\u4ed6\u547dK\u91dd \u6ce8\u5c04\u5291 - \u5927\u5b89\u5316\u5b78\u88fd\u85e5\u80a1\u4efd\u6709\u9650\u516c\u53f8\",\"isPartOf\":{\"@id\":\"https:\/\/tahanpharma.com\/#website\"},\"primaryImageOfPage\":{\"@id\":\"https:\/\/tahanpharma.com\/product\/%e7%b6%ad%e4%bb%96%e5%91%bdk%e9%87%9d-%e6%b3%a8%e5%b0%84%e5%8a%91\/#primaryimage\"},\"image\":{\"@id\":\"https:\/\/tahanpharma.com\/product\/%e7%b6%ad%e4%bb%96%e5%91%bdk%e9%87%9d-%e6%b3%a8%e5%b0%84%e5%8a%91\/#primaryimage\"},\"thumbnailUrl\":\"https:\/\/tahanpharma.com\/wp-content\/uploads\/2025\/06\/\u7dad\u4ed6\u547dK\u91dd-\u6ce8\u5c04\u5291-01.jpg\",\"datePublished\":\"2025-06-18T05:27:35+00:00\",\"dateModified\":\"2025-06-18T09:52:14+00:00\",\"breadcrumb\":{\"@id\":\"https:\/\/tahanpharma.com\/product\/%e7%b6%ad%e4%bb%96%e5%91%bdk%e9%87%9d-%e6%b3%a8%e5%b0%84%e5%8a%91\/#breadcrumb\"},\"inLanguage\":\"vi\",\"potentialAction\":[{\"@type\":\"ReadAction\",\"target\":[\"https:\/\/tahanpharma.com\/product\/%e7%b6%ad%e4%bb%96%e5%91%bdk%e9%87%9d-%e6%b3%a8%e5%b0%84%e5%8a%91\/\"]}]},{\"@type\":\"ImageObject\",\"inLanguage\":\"vi\",\"@id\":\"https:\/\/tahanpharma.com\/product\/%e7%b6%ad%e4%bb%96%e5%91%bdk%e9%87%9d-%e6%b3%a8%e5%b0%84%e5%8a%91\/#primaryimage\",\"url\":\"https:\/\/tahanpharma.com\/wp-content\/uploads\/2025\/06\/\u7dad\u4ed6\u547dK\u91dd-\u6ce8\u5c04\u5291-01.jpg\",\"contentUrl\":\"https:\/\/tahanpharma.com\/wp-content\/uploads\/2025\/06\/\u7dad\u4ed6\u547dK\u91dd-\u6ce8\u5c04\u5291-01.jpg\",\"width\":1000,\"height\":1000},{\"@type\":\"BreadcrumbList\",\"@id\":\"https:\/\/tahanpharma.com\/product\/%e7%b6%ad%e4%bb%96%e5%91%bdk%e9%87%9d-%e6%b3%a8%e5%b0%84%e5%8a%91\/#breadcrumb\",\"itemListElement\":[{\"@type\":\"ListItem\",\"position\":1,\"name\":\"\u9996\u9801\",\"item\":\"https:\/\/tahanpharma.com\/\"},{\"@type\":\"ListItem\",\"position\":2,\"name\":\"\u7522\u54c1\u7c21\u4ecb\",\"item\":\"https:\/\/tahanpharma.com\/product\/\"},{\"@type\":\"ListItem\",\"position\":3,\"name\":\"\u7dad\u4ed6\u547dK\u91dd \u6ce8\u5c04\u5291\"}]},{\"@type\":\"WebSite\",\"@id\":\"https:\/\/tahanpharma.com\/#website\",\"url\":\"https:\/\/tahanpharma.com\/\",\"name\":\"\u5927\u5b89\u5316\u5b78\u88fd\u85e5\u80a1\u4efd\u6709\u9650\u516c\u53f8\",\"description\":\"\u52d5\u7269\u85e5\u54c1\u88fd\u9020\",\"potentialAction\":[{\"@type\":\"SearchAction\",\"target\":{\"@type\":\"EntryPoint\",\"urlTemplate\":\"https:\/\/tahanpharma.com\/?s={search_term_string}\"},\"query-input\":{\"@type\":\"PropertyValueSpecification\",\"valueRequired\":true,\"valueName\":\"search_term_string\"}}],\"inLanguage\":\"vi\"}]}<\/script>\n<!-- \/ Yoast SEO Premium plugin. -->","yoast_head_json":{"title":"\u7dad\u4ed6\u547dK\u91dd \u6ce8\u5c04\u5291 - \u5927\u5b89\u5316\u5b78\u88fd\u85e5\u80a1\u4efd\u6709\u9650\u516c\u53f8","robots":{"index":"index","follow":"follow","max-snippet":"max-snippet:-1","max-image-preview":"max-image-preview:large","max-video-preview":"max-video-preview:-1"},"canonical":"https:\/\/tahanpharma.com\/vi\/san-pham\/\u7dad\u4ed6\u547dk\u91dd-\u6ce8\u5c04\u5291\/","og_locale":"vi_VN","og_type":"article","og_title":"\u7dad\u4ed6\u547dK\u91dd \u6ce8\u5c04\u5291","og_description":"\u85e5\u54c1\u540d \uff1a Vitamin-K Inj. \u8a31\u53ef\u8b49\u5b57\u865f \uff1a \u52d5\u7269\u85e5\u88fd\u5b57\u7b2c07383\u865f \u5291\u578b \uff1a \u6ce8\u5c04\u5291 \u5305\u88dd \uff1a 100ml \u9069\u7528\u52d5\u7269 \uff1a \u8c6c \u6548\u80fd(\u9069\u61c9\u75c7) \uff1a \u6cbb\u7642\u751f\u7522\u51fa\u8840\u3001\u7522\u8925\u3001\u5b50\u5bae\u51fa\u8840\u3001\u5404\u7a2e\u51fa\u8840\u7b49\u3002 \u6210\u4efd \uff1a \u6bcfml\u4e2d\u542b\u6709 Menadione Sodium Bisulfite\u2026\u202610mg","og_url":"https:\/\/tahanpharma.com\/vi\/san-pham\/\u7dad\u4ed6\u547dk\u91dd-\u6ce8\u5c04\u5291\/","og_site_name":"\u5927\u5b89\u5316\u5b78\u88fd\u85e5\u80a1\u4efd\u6709\u9650\u516c\u53f8","article_modified_time":"2025-06-18T09:52:14+00:00","og_image":[{"width":1000,"height":1000,"url":"https:\/\/tahanpharma.com\/wp-content\/uploads\/2025\/06\/\u7dad\u4ed6\u547dK\u91dd-\u6ce8\u5c04\u5291-01.jpg","type":"image\/jpeg"}],"twitter_card":"summary_large_image","schema":{"@context":"https:\/\/schema.org","@graph":[{"@type":"WebPage","@id":"https:\/\/tahanpharma.com\/product\/%e7%b6%ad%e4%bb%96%e5%91%bdk%e9%87%9d-%e6%b3%a8%e5%b0%84%e5%8a%91\/","url":"https:\/\/tahanpharma.com\/product\/%e7%b6%ad%e4%bb%96%e5%91%bdk%e9%87%9d-%e6%b3%a8%e5%b0%84%e5%8a%91\/","name":"\u7dad\u4ed6\u547dK\u91dd \u6ce8\u5c04\u5291 - \u5927\u5b89\u5316\u5b78\u88fd\u85e5\u80a1\u4efd\u6709\u9650\u516c\u53f8","isPartOf":{"@id":"https:\/\/tahanpharma.com\/#website"},"primaryImageOfPage":{"@id":"https:\/\/tahanpharma.com\/product\/%e7%b6%ad%e4%bb%96%e5%91%bdk%e9%87%9d-%e6%b3%a8%e5%b0%84%e5%8a%91\/#primaryimage"},"image":{"@id":"https:\/\/tahanpharma.com\/product\/%e7%b6%ad%e4%bb%96%e5%91%bdk%e9%87%9d-%e6%b3%a8%e5%b0%84%e5%8a%91\/#primaryimage"},"thumbnailUrl":"https:\/\/tahanpharma.com\/wp-content\/uploads\/2025\/06\/\u7dad\u4ed6\u547dK\u91dd-\u6ce8\u5c04\u5291-01.jpg","datePublished":"2025-06-18T05:27:35+00:00","dateModified":"2025-06-18T09:52:14+00:00","breadcrumb":{"@id":"https:\/\/tahanpharma.com\/product\/%e7%b6%ad%e4%bb%96%e5%91%bdk%e9%87%9d-%e6%b3%a8%e5%b0%84%e5%8a%91\/#breadcrumb"},"inLanguage":"vi","potentialAction":[{"@type":"ReadAction","target":["https:\/\/tahanpharma.com\/product\/%e7%b6%ad%e4%bb%96%e5%91%bdk%e9%87%9d-%e6%b3%a8%e5%b0%84%e5%8a%91\/"]}]},{"@type":"ImageObject","inLanguage":"vi","@id":"https:\/\/tahanpharma.com\/product\/%e7%b6%ad%e4%bb%96%e5%91%bdk%e9%87%9d-%e6%b3%a8%e5%b0%84%e5%8a%91\/#primaryimage","url":"https:\/\/tahanpharma.com\/wp-content\/uploads\/2025\/06\/\u7dad\u4ed6\u547dK\u91dd-\u6ce8\u5c04\u5291-01.jpg","contentUrl":"https:\/\/tahanpharma.com\/wp-content\/uploads\/2025\/06\/\u7dad\u4ed6\u547dK\u91dd-\u6ce8\u5c04\u5291-01.jpg","width":1000,"height":1000},{"@type":"BreadcrumbList","@id":"https:\/\/tahanpharma.com\/product\/%e7%b6%ad%e4%bb%96%e5%91%bdk%e9%87%9d-%e6%b3%a8%e5%b0%84%e5%8a%91\/#breadcrumb","itemListElement":[{"@type":"ListItem","position":1,"name":"\u9996\u9801","item":"https:\/\/tahanpharma.com\/"},{"@type":"ListItem","position":2,"name":"\u7522\u54c1\u7c21\u4ecb","item":"https:\/\/tahanpharma.com\/product\/"},{"@type":"ListItem","position":3,"name":"\u7dad\u4ed6\u547dK\u91dd \u6ce8\u5c04\u5291"}]},{"@type":"WebSite","@id":"https:\/\/tahanpharma.com\/#website","url":"https:\/\/tahanpharma.com\/","name":"\u5927\u5b89\u5316\u5b78\u88fd\u85e5\u80a1\u4efd\u6709\u9650\u516c\u53f8","description":"\u52d5\u7269\u85e5\u54c1\u88fd\u9020","potentialAction":[{"@type":"SearchAction","target":{"@type":"EntryPoint","urlTemplate":"https:\/\/tahanpharma.com\/?s={search_term_string}"},"query-input":{"@type":"PropertyValueSpecification","valueRequired":true,"valueName":"search_term_string"}}],"inLanguage":"vi"}]}},"_links":{"self":[{"href":"https:\/\/tahanpharma.com\/vi\/wp-json\/wp\/v2\/product\/1981","targetHints":{"allow":["GET"]}}],"collection":[{"href":"https:\/\/tahanpharma.com\/vi\/wp-json\/wp\/v2\/product"}],"about":[{"href":"https:\/\/tahanpharma.com\/vi\/wp-json\/wp\/v2\/types\/product"}],"replies":[{"embeddable":true,"href":"https:\/\/tahanpharma.com\/vi\/wp-json\/wp\/v2\/comments?post=1981"}],"wp:featuredmedia":[{"embeddable":true,"href":"https:\/\/tahanpharma.com\/vi\/wp-json\/wp\/v2\/media\/1982"}],"wp:attachment":[{"href":"https:\/\/tahanpharma.com\/vi\/wp-json\/wp\/v2\/media?parent=1981"}],"wp:term":[{"taxonomy":"product_brand","embeddable":true,"href":"https:\/\/tahanpharma.com\/vi\/wp-json\/wp\/v2\/product_brand?post=1981"},{"taxonomy":"product_cat","embeddable":true,"href":"https:\/\/tahanpharma.com\/vi\/wp-json\/wp\/v2\/product_cat?post=1981"},{"taxonomy":"product_tag","embeddable":true,"href":"https:\/\/tahanpharma.com\/vi\/wp-json\/wp\/v2\/product_tag?post=1981"}],"curies":[{"name":"wp","href":"https:\/\/api.w.org\/{rel}","templated":true}]}}