{"id":1989,"date":"2025-06-18T13:36:33","date_gmt":"2025-06-18T05:36:33","guid":{"rendered":"https:\/\/tahanpharma.com\/?post_type=product&#038;p=1989"},"modified":"2025-06-18T18:10:25","modified_gmt":"2025-06-18T10:10:25","slug":"%e5%a4%a7%e5%ae%89%e9%9d%92%e9%bb%b4%e7%b4%a0%e6%bb%85%e8%8f%8c%e6%87%b8%e5%8a%91%e6%b2%b9%e8%b3%aa","status":"publish","type":"product","link":"https:\/\/tahanpharma.com\/vi\/san-pham\/%e5%a4%a7%e5%ae%89%e9%9d%92%e9%bb%b4%e7%b4%a0%e6%bb%85%e8%8f%8c%e6%87%b8%e5%8a%91%e6%b2%b9%e8%b3%aa\/","title":{"rendered":"Dung d\u1ecbch penicillin v\u00f4 tr\u00f9ng &quot;Da&#039;an&quot; (ch\u1ea5t l\u01b0\u1ee3ng d\u1ea7u)"},"content":{"rendered":"<p>1. Tr\u00e2u, ng\u1ef1a, c\u1eebu, l\u1ee3n: 5.000~10.000 IU\/kg th\u1ec3 tr\u1ecdng, ti\u00eam b\u1eafp.<\/p>\n<p>2. Ch\u00f3: 15.000~30.000 IU.<\/p>\n<p>3. U\u1ed1ng 1 l\u1ea7n\/ng\u00e0y, kh\u00f4ng qu\u00e1 4 ng\u00e0y li\u00ean ti\u1ebfp.<\/p>","protected":false},"excerpt":{"rendered":"<p>T\u00ean thu\u1ed1c: Procaine Penicillin Inj.<br \/>\nS\u1ed1 gi\u1ea5y ph\u00e9p: Gi\u1ea5y ph\u00e9p thu\u1ed1c th\u00fa y s\u1ed1 03993<br \/>\nD\u1ea1ng b\u00e0o ch\u1ebf: Ti\u00eam (h\u1ed7n d\u1ecbch v\u00f4 khu\u1ea9n)<br \/>\nBao b\u00ec: 15ml, 100ml<br \/>\n\u0110\u1ed9ng v\u1eadt \u00e1p d\u1ee5ng: gia s\u00fac, ng\u1ef1a, c\u1eebu, l\u1ee3n, ch\u00f3<br \/>\nC\u00f4ng d\u1ee5ng (ch\u1ec9 \u0111\u1ecbnh): \u0110i\u1ec1u tr\u1ecb vi\u00eam v\u00fa, vi\u00eam qu\u1ea7ng, vi\u00eam t\u1eed cung, s\u1ed1t h\u1eadu s\u1ea3n v\u00e0 vi\u00eam ph\u1ed5i do c\u1ea7u khu\u1ea9n \u1edf gia s\u00fac.<br \/>\nTh\u00e0nh ph\u1ea7n: M\u1ed7i mL ch\u1ee9a:<br \/>\nPenicillin G Procain\u2026\u2026\u2026..200.000 IU<\/p>","protected":false},"featured_media":1990,"comment_status":"open","ping_status":"closed","template":"","meta":[],"product_brand":[],"product_cat":[45,46,50,67,68,53,61,47,51,48],"product_tag":[],"class_list":{"0":"post-1989","1":"product","2":"type-product","3":"status-publish","4":"has-post-thumbnail","6":"product_cat-45","7":"product_cat-46","8":"product_cat-50","9":"product_cat-67","10":"product_cat-68","11":"product_cat-53","12":"product_cat-61","13":"product_cat-47","14":"product_cat-51","15":"product_cat-48","17":"first","18":"instock","19":"shipping-taxable","20":"product-type-simple"},"yoast_head":"<!-- This site is optimized with the Yoast SEO Premium plugin v25.3.1 (Yoast SEO v25.4) - https:\/\/yoast.com\/wordpress\/plugins\/seo\/ -->\n<title>\u201c\u5927\u5b89\u201d\u9752\u9ef4\u7d20\u6ec5\u83cc\u61f8\u5291(\u6cb9\u8cea) - \u5927\u5b89\u5316\u5b78\u88fd\u85e5\u80a1\u4efd\u6709\u9650\u516c\u53f8<\/title>\n<meta name=\"robots\" content=\"index, follow, max-snippet:-1, max-image-preview:large, max-video-preview:-1\" \/>\n<link rel=\"canonical\" href=\"https:\/\/tahanpharma.com\/vi\/san-pham\/\u5927\u5b89\u9752\u9ef4\u7d20\u6ec5\u83cc\u61f8\u5291\u6cb9\u8cea\/\" \/>\n<meta property=\"og:locale\" content=\"vi_VN\" \/>\n<meta property=\"og:type\" content=\"article\" \/>\n<meta property=\"og:title\" content=\"\u201c\u5927\u5b89\u201d\u9752\u9ef4\u7d20\u6ec5\u83cc\u61f8\u5291(\u6cb9\u8cea)\" \/>\n<meta property=\"og:description\" content=\"\u85e5\u54c1\u540d \uff1a Procaine Penicillin Inj. \u8a31\u53ef\u8b49\u5b57\u865f \uff1a \u52d5\u7269\u85e5\u88fd\u5b57\u7b2c03993\u865f \u5291\u578b \uff1a \u6ce8\u5c04\u5291(\u6ec5\u83cc\u61f8\u5291) \u5305\u88dd \uff1a 15ml,100ml \u9069\u7528\u52d5\u7269 \uff1a \u725b\u3001\u99ac\u3001\u7f8a\u3001\u8c6c\u3001\u72ac \u6548\u80fd(\u9069\u61c9\u75c7) \uff1a \u6cbb\u7642\u5bb6\u755c\u4e4b\u4e73\u623f\u708e\u3001\u4e39\u6bd2\u3001\u5b50\u5bae\u708e\u3001\u7522\u8925\u71b1\u53ca\u7403\u83cc\u6240\u5f15\u8d77\u4e4b\u80ba\u708e\u7b49\u3002 \u6210\u4efd \uff1a Each mL contains\uff1a Penicillin G Procaine \u2026\u2026\u2026..200,000 I.U.\" \/>\n<meta property=\"og:url\" content=\"https:\/\/tahanpharma.com\/vi\/san-pham\/\u5927\u5b89\u9752\u9ef4\u7d20\u6ec5\u83cc\u61f8\u5291\u6cb9\u8cea\/\" \/>\n<meta property=\"og:site_name\" content=\"\u5927\u5b89\u5316\u5b78\u88fd\u85e5\u80a1\u4efd\u6709\u9650\u516c\u53f8\" \/>\n<meta property=\"article:modified_time\" content=\"2025-06-18T10:10:25+00:00\" \/>\n<meta property=\"og:image\" content=\"https:\/\/tahanpharma.com\/wp-content\/uploads\/2025\/06\/\u5927\u5b89\u9752\u9ef4\u7d20\u6ec5\u83cc\u61f8\u5291\u6cb9\u8cea-01.jpg\" \/>\n\t<meta property=\"og:image:width\" content=\"1000\" \/>\n\t<meta property=\"og:image:height\" content=\"1000\" \/>\n\t<meta property=\"og:image:type\" content=\"image\/jpeg\" \/>\n<meta name=\"twitter:card\" content=\"summary_large_image\" \/>\n<script type=\"application\/ld+json\" class=\"yoast-schema-graph\">{\"@context\":\"https:\/\/schema.org\",\"@graph\":[{\"@type\":\"WebPage\",\"@id\":\"https:\/\/tahanpharma.com\/product\/%e5%a4%a7%e5%ae%89%e9%9d%92%e9%bb%b4%e7%b4%a0%e6%bb%85%e8%8f%8c%e6%87%b8%e5%8a%91%e6%b2%b9%e8%b3%aa\/\",\"url\":\"https:\/\/tahanpharma.com\/product\/%e5%a4%a7%e5%ae%89%e9%9d%92%e9%bb%b4%e7%b4%a0%e6%bb%85%e8%8f%8c%e6%87%b8%e5%8a%91%e6%b2%b9%e8%b3%aa\/\",\"name\":\"\u201c\u5927\u5b89\u201d\u9752\u9ef4\u7d20\u6ec5\u83cc\u61f8\u5291(\u6cb9\u8cea) - \u5927\u5b89\u5316\u5b78\u88fd\u85e5\u80a1\u4efd\u6709\u9650\u516c\u53f8\",\"isPartOf\":{\"@id\":\"https:\/\/tahanpharma.com\/#website\"},\"primaryImageOfPage\":{\"@id\":\"https:\/\/tahanpharma.com\/product\/%e5%a4%a7%e5%ae%89%e9%9d%92%e9%bb%b4%e7%b4%a0%e6%bb%85%e8%8f%8c%e6%87%b8%e5%8a%91%e6%b2%b9%e8%b3%aa\/#primaryimage\"},\"image\":{\"@id\":\"https:\/\/tahanpharma.com\/product\/%e5%a4%a7%e5%ae%89%e9%9d%92%e9%bb%b4%e7%b4%a0%e6%bb%85%e8%8f%8c%e6%87%b8%e5%8a%91%e6%b2%b9%e8%b3%aa\/#primaryimage\"},\"thumbnailUrl\":\"https:\/\/tahanpharma.com\/wp-content\/uploads\/2025\/06\/\u5927\u5b89\u9752\u9ef4\u7d20\u6ec5\u83cc\u61f8\u5291\u6cb9\u8cea-01.jpg\",\"datePublished\":\"2025-06-18T05:36:33+00:00\",\"dateModified\":\"2025-06-18T10:10:25+00:00\",\"breadcrumb\":{\"@id\":\"https:\/\/tahanpharma.com\/product\/%e5%a4%a7%e5%ae%89%e9%9d%92%e9%bb%b4%e7%b4%a0%e6%bb%85%e8%8f%8c%e6%87%b8%e5%8a%91%e6%b2%b9%e8%b3%aa\/#breadcrumb\"},\"inLanguage\":\"vi\",\"potentialAction\":[{\"@type\":\"ReadAction\",\"target\":[\"https:\/\/tahanpharma.com\/product\/%e5%a4%a7%e5%ae%89%e9%9d%92%e9%bb%b4%e7%b4%a0%e6%bb%85%e8%8f%8c%e6%87%b8%e5%8a%91%e6%b2%b9%e8%b3%aa\/\"]}]},{\"@type\":\"ImageObject\",\"inLanguage\":\"vi\",\"@id\":\"https:\/\/tahanpharma.com\/product\/%e5%a4%a7%e5%ae%89%e9%9d%92%e9%bb%b4%e7%b4%a0%e6%bb%85%e8%8f%8c%e6%87%b8%e5%8a%91%e6%b2%b9%e8%b3%aa\/#primaryimage\",\"url\":\"https:\/\/tahanpharma.com\/wp-content\/uploads\/2025\/06\/\u5927\u5b89\u9752\u9ef4\u7d20\u6ec5\u83cc\u61f8\u5291\u6cb9\u8cea-01.jpg\",\"contentUrl\":\"https:\/\/tahanpharma.com\/wp-content\/uploads\/2025\/06\/\u5927\u5b89\u9752\u9ef4\u7d20\u6ec5\u83cc\u61f8\u5291\u6cb9\u8cea-01.jpg\",\"width\":1000,\"height\":1000},{\"@type\":\"BreadcrumbList\",\"@id\":\"https:\/\/tahanpharma.com\/product\/%e5%a4%a7%e5%ae%89%e9%9d%92%e9%bb%b4%e7%b4%a0%e6%bb%85%e8%8f%8c%e6%87%b8%e5%8a%91%e6%b2%b9%e8%b3%aa\/#breadcrumb\",\"itemListElement\":[{\"@type\":\"ListItem\",\"position\":1,\"name\":\"\u9996\u9801\",\"item\":\"https:\/\/tahanpharma.com\/\"},{\"@type\":\"ListItem\",\"position\":2,\"name\":\"\u7522\u54c1\u7c21\u4ecb\",\"item\":\"https:\/\/tahanpharma.com\/product\/\"},{\"@type\":\"ListItem\",\"position\":3,\"name\":\"\u201c\u5927\u5b89\u201d\u9752\u9ef4\u7d20\u6ec5\u83cc\u61f8\u5291(\u6cb9\u8cea)\"}]},{\"@type\":\"WebSite\",\"@id\":\"https:\/\/tahanpharma.com\/#website\",\"url\":\"https:\/\/tahanpharma.com\/\",\"name\":\"\u5927\u5b89\u5316\u5b78\u88fd\u85e5\u80a1\u4efd\u6709\u9650\u516c\u53f8\",\"description\":\"\u52d5\u7269\u85e5\u54c1\u88fd\u9020\",\"potentialAction\":[{\"@type\":\"SearchAction\",\"target\":{\"@type\":\"EntryPoint\",\"urlTemplate\":\"https:\/\/tahanpharma.com\/?s={search_term_string}\"},\"query-input\":{\"@type\":\"PropertyValueSpecification\",\"valueRequired\":true,\"valueName\":\"search_term_string\"}}],\"inLanguage\":\"vi\"}]}<\/script>\n<!-- \/ Yoast SEO Premium plugin. -->","yoast_head_json":{"title":"\u201c\u5927\u5b89\u201d\u9752\u9ef4\u7d20\u6ec5\u83cc\u61f8\u5291(\u6cb9\u8cea) - \u5927\u5b89\u5316\u5b78\u88fd\u85e5\u80a1\u4efd\u6709\u9650\u516c\u53f8","robots":{"index":"index","follow":"follow","max-snippet":"max-snippet:-1","max-image-preview":"max-image-preview:large","max-video-preview":"max-video-preview:-1"},"canonical":"https:\/\/tahanpharma.com\/vi\/san-pham\/\u5927\u5b89\u9752\u9ef4\u7d20\u6ec5\u83cc\u61f8\u5291\u6cb9\u8cea\/","og_locale":"vi_VN","og_type":"article","og_title":"\u201c\u5927\u5b89\u201d\u9752\u9ef4\u7d20\u6ec5\u83cc\u61f8\u5291(\u6cb9\u8cea)","og_description":"\u85e5\u54c1\u540d \uff1a Procaine Penicillin Inj. \u8a31\u53ef\u8b49\u5b57\u865f \uff1a \u52d5\u7269\u85e5\u88fd\u5b57\u7b2c03993\u865f \u5291\u578b \uff1a \u6ce8\u5c04\u5291(\u6ec5\u83cc\u61f8\u5291) \u5305\u88dd \uff1a 15ml,100ml \u9069\u7528\u52d5\u7269 \uff1a \u725b\u3001\u99ac\u3001\u7f8a\u3001\u8c6c\u3001\u72ac \u6548\u80fd(\u9069\u61c9\u75c7) \uff1a \u6cbb\u7642\u5bb6\u755c\u4e4b\u4e73\u623f\u708e\u3001\u4e39\u6bd2\u3001\u5b50\u5bae\u708e\u3001\u7522\u8925\u71b1\u53ca\u7403\u83cc\u6240\u5f15\u8d77\u4e4b\u80ba\u708e\u7b49\u3002 \u6210\u4efd \uff1a Each mL contains\uff1a Penicillin G Procaine \u2026\u2026\u2026..200,000 I.U.","og_url":"https:\/\/tahanpharma.com\/vi\/san-pham\/\u5927\u5b89\u9752\u9ef4\u7d20\u6ec5\u83cc\u61f8\u5291\u6cb9\u8cea\/","og_site_name":"\u5927\u5b89\u5316\u5b78\u88fd\u85e5\u80a1\u4efd\u6709\u9650\u516c\u53f8","article_modified_time":"2025-06-18T10:10:25+00:00","og_image":[{"width":1000,"height":1000,"url":"https:\/\/tahanpharma.com\/wp-content\/uploads\/2025\/06\/\u5927\u5b89\u9752\u9ef4\u7d20\u6ec5\u83cc\u61f8\u5291\u6cb9\u8cea-01.jpg","type":"image\/jpeg"}],"twitter_card":"summary_large_image","schema":{"@context":"https:\/\/schema.org","@graph":[{"@type":"WebPage","@id":"https:\/\/tahanpharma.com\/product\/%e5%a4%a7%e5%ae%89%e9%9d%92%e9%bb%b4%e7%b4%a0%e6%bb%85%e8%8f%8c%e6%87%b8%e5%8a%91%e6%b2%b9%e8%b3%aa\/","url":"https:\/\/tahanpharma.com\/product\/%e5%a4%a7%e5%ae%89%e9%9d%92%e9%bb%b4%e7%b4%a0%e6%bb%85%e8%8f%8c%e6%87%b8%e5%8a%91%e6%b2%b9%e8%b3%aa\/","name":"\u201c\u5927\u5b89\u201d\u9752\u9ef4\u7d20\u6ec5\u83cc\u61f8\u5291(\u6cb9\u8cea) - \u5927\u5b89\u5316\u5b78\u88fd\u85e5\u80a1\u4efd\u6709\u9650\u516c\u53f8","isPartOf":{"@id":"https:\/\/tahanpharma.com\/#website"},"primaryImageOfPage":{"@id":"https:\/\/tahanpharma.com\/product\/%e5%a4%a7%e5%ae%89%e9%9d%92%e9%bb%b4%e7%b4%a0%e6%bb%85%e8%8f%8c%e6%87%b8%e5%8a%91%e6%b2%b9%e8%b3%aa\/#primaryimage"},"image":{"@id":"https:\/\/tahanpharma.com\/product\/%e5%a4%a7%e5%ae%89%e9%9d%92%e9%bb%b4%e7%b4%a0%e6%bb%85%e8%8f%8c%e6%87%b8%e5%8a%91%e6%b2%b9%e8%b3%aa\/#primaryimage"},"thumbnailUrl":"https:\/\/tahanpharma.com\/wp-content\/uploads\/2025\/06\/\u5927\u5b89\u9752\u9ef4\u7d20\u6ec5\u83cc\u61f8\u5291\u6cb9\u8cea-01.jpg","datePublished":"2025-06-18T05:36:33+00:00","dateModified":"2025-06-18T10:10:25+00:00","breadcrumb":{"@id":"https:\/\/tahanpharma.com\/product\/%e5%a4%a7%e5%ae%89%e9%9d%92%e9%bb%b4%e7%b4%a0%e6%bb%85%e8%8f%8c%e6%87%b8%e5%8a%91%e6%b2%b9%e8%b3%aa\/#breadcrumb"},"inLanguage":"vi","potentialAction":[{"@type":"ReadAction","target":["https:\/\/tahanpharma.com\/product\/%e5%a4%a7%e5%ae%89%e9%9d%92%e9%bb%b4%e7%b4%a0%e6%bb%85%e8%8f%8c%e6%87%b8%e5%8a%91%e6%b2%b9%e8%b3%aa\/"]}]},{"@type":"ImageObject","inLanguage":"vi","@id":"https:\/\/tahanpharma.com\/product\/%e5%a4%a7%e5%ae%89%e9%9d%92%e9%bb%b4%e7%b4%a0%e6%bb%85%e8%8f%8c%e6%87%b8%e5%8a%91%e6%b2%b9%e8%b3%aa\/#primaryimage","url":"https:\/\/tahanpharma.com\/wp-content\/uploads\/2025\/06\/\u5927\u5b89\u9752\u9ef4\u7d20\u6ec5\u83cc\u61f8\u5291\u6cb9\u8cea-01.jpg","contentUrl":"https:\/\/tahanpharma.com\/wp-content\/uploads\/2025\/06\/\u5927\u5b89\u9752\u9ef4\u7d20\u6ec5\u83cc\u61f8\u5291\u6cb9\u8cea-01.jpg","width":1000,"height":1000},{"@type":"BreadcrumbList","@id":"https:\/\/tahanpharma.com\/product\/%e5%a4%a7%e5%ae%89%e9%9d%92%e9%bb%b4%e7%b4%a0%e6%bb%85%e8%8f%8c%e6%87%b8%e5%8a%91%e6%b2%b9%e8%b3%aa\/#breadcrumb","itemListElement":[{"@type":"ListItem","position":1,"name":"\u9996\u9801","item":"https:\/\/tahanpharma.com\/"},{"@type":"ListItem","position":2,"name":"\u7522\u54c1\u7c21\u4ecb","item":"https:\/\/tahanpharma.com\/product\/"},{"@type":"ListItem","position":3,"name":"\u201c\u5927\u5b89\u201d\u9752\u9ef4\u7d20\u6ec5\u83cc\u61f8\u5291(\u6cb9\u8cea)"}]},{"@type":"WebSite","@id":"https:\/\/tahanpharma.com\/#website","url":"https:\/\/tahanpharma.com\/","name":"\u5927\u5b89\u5316\u5b78\u88fd\u85e5\u80a1\u4efd\u6709\u9650\u516c\u53f8","description":"\u52d5\u7269\u85e5\u54c1\u88fd\u9020","potentialAction":[{"@type":"SearchAction","target":{"@type":"EntryPoint","urlTemplate":"https:\/\/tahanpharma.com\/?s={search_term_string}"},"query-input":{"@type":"PropertyValueSpecification","valueRequired":true,"valueName":"search_term_string"}}],"inLanguage":"vi"}]}},"_links":{"self":[{"href":"https:\/\/tahanpharma.com\/vi\/wp-json\/wp\/v2\/product\/1989","targetHints":{"allow":["GET"]}}],"collection":[{"href":"https:\/\/tahanpharma.com\/vi\/wp-json\/wp\/v2\/product"}],"about":[{"href":"https:\/\/tahanpharma.com\/vi\/wp-json\/wp\/v2\/types\/product"}],"replies":[{"embeddable":true,"href":"https:\/\/tahanpharma.com\/vi\/wp-json\/wp\/v2\/comments?post=1989"}],"wp:featuredmedia":[{"embeddable":true,"href":"https:\/\/tahanpharma.com\/vi\/wp-json\/wp\/v2\/media\/1990"}],"wp:attachment":[{"href":"https:\/\/tahanpharma.com\/vi\/wp-json\/wp\/v2\/media?parent=1989"}],"wp:term":[{"taxonomy":"product_brand","embeddable":true,"href":"https:\/\/tahanpharma.com\/vi\/wp-json\/wp\/v2\/product_brand?post=1989"},{"taxonomy":"product_cat","embeddable":true,"href":"https:\/\/tahanpharma.com\/vi\/wp-json\/wp\/v2\/product_cat?post=1989"},{"taxonomy":"product_tag","embeddable":true,"href":"https:\/\/tahanpharma.com\/vi\/wp-json\/wp\/v2\/product_tag?post=1989"}],"curies":[{"name":"wp","href":"https:\/\/api.w.org\/{rel}","templated":true}]}}