{"id":1991,"date":"2025-06-18T13:37:21","date_gmt":"2025-06-18T05:37:21","guid":{"rendered":"https:\/\/tahanpharma.com\/?post_type=product&#038;p=1991"},"modified":"2025-06-18T17:54:22","modified_gmt":"2025-06-18T09:54:22","slug":"%e9%9d%92%e9%bb%b4%e7%b4%a0%e6%b0%b4%e6%80%a7%e6%87%b8%e6%bf%81%e6%b3%a8%e5%b0%84%e6%b6%b2","status":"publish","type":"product","link":"https:\/\/tahanpharma.com\/vi\/san-pham\/%e9%9d%92%e9%bb%b4%e7%b4%a0%e6%b0%b4%e6%80%a7%e6%87%b8%e6%bf%81%e6%b3%a8%e5%b0%84%e6%b6%b2\/","title":{"rendered":"Thu\u1ed1c ti\u00eam h\u1ed7n d\u1ecbch Penicillin"},"content":{"rendered":"<p>Ti\u00eam b\u1eafp<\/p>\n<p>L\u1ee3n: 50.000 IU\/kg th\u1ec3 tr\u1ecdng\/ng\u00e0y<\/p>\n<p>Gia s\u00fac: 5000-10000 IU\/kg th\u1ec3 tr\u1ecdng\/ng\u00e0y<\/p>\n<p>Ng\u1ef1a: 5000-10000 IU\/kg tr\u1ecdng l\u01b0\u1ee3ng c\u01a1 th\u1ec3\/ng\u00e0y<\/p>\n<p>Th\u1eddi gian ng\u1eebng thu\u1ed1c: 14 ng\u00e0y \u0111\u1ed1i v\u1edbi gia s\u00fac v\u00e0 l\u1ee3n<\/p>","protected":false},"excerpt":{"rendered":"<p>T\u00ean thu\u1ed1c: Pensuspen Injection<br \/>\nS\u1ed1 gi\u1ea5y ph\u00e9p: Gi\u1ea5y ph\u00e9p thu\u1ed1c th\u00fa y s\u1ed1 04067<br \/>\nD\u1ea1ng b\u00e0o ch\u1ebf: Ti\u00eam (h\u1ed7n d\u1ecbch v\u00f4 khu\u1ea9n)<br \/>\n\u0110\u00f3ng g\u00f3i: 100ml<br \/>\n\u0110\u1ed9ng v\u1eadt \u00e1p d\u1ee5ng: gia s\u00fac, l\u1ee3n, ng\u1ef1a<br \/>\nHi\u1ec7u qu\u1ea3 (ch\u1ec9 \u0111\u1ecbnh): Gia s\u00fac, ng\u1ef1a v\u00e0 l\u1ee3n: \u0111i\u1ec1u tr\u1ecb vi\u00eam ph\u1ed5i do vi khu\u1ea9n, vi\u00eam n\u1ed9i m\u1ea1c t\u1eed cung, vi\u00eam \u00e2m \u0111\u1ea1o, vi\u00eam v\u00fa, vi\u00eam h\u1ecdng, vi\u00eam tai gi\u1eefa, vi\u00eam t\u1ee7y x\u01b0\u01a1ng, vi\u00eam kh\u1edbp, c\u00e1c b\u1ec7nh m\u01b0ng m\u1ee7 n\u00f3i chung, vi\u00eam m\u00f3ng, b\u1ec7nh than, b\u1ec7nh h\u1ed3ng ban \u1edf l\u1ee3n, s\u1ed1t h\u1eadu s\u1ea3n, b\u1ec7nh d\u1ecbch h\u1ea1ch v\u00e0 c\u1ea3m l\u1ea1nh.<br \/>\nTh\u00e0nh ph\u1ea7n: M\u1ed7i 10ml ch\u1ee9a<br \/>\nProcain Penicillin G\u2026\u20263.000.000IU<\/p>","protected":false},"featured_media":1992,"comment_status":"open","ping_status":"closed","template":"","meta":[],"product_brand":[],"product_cat":[45,50,53,67,68,47,48],"product_tag":[],"class_list":{"0":"post-1991","1":"product","2":"type-product","3":"status-publish","4":"has-post-thumbnail","6":"product_cat-45","7":"product_cat-50","8":"product_cat-53","9":"product_cat-67","10":"product_cat-68","11":"product_cat-47","12":"product_cat-48","14":"first","15":"instock","16":"shipping-taxable","17":"product-type-simple"},"yoast_head":"<!-- This site is optimized with the Yoast SEO Premium plugin v25.3.1 (Yoast SEO v25.4) - https:\/\/yoast.com\/wordpress\/plugins\/seo\/ -->\n<title>\u9752\u9ef4\u7d20\u6c34\u6027\u61f8\u6fc1\u6ce8\u5c04\u6db2 - \u5927\u5b89\u5316\u5b78\u88fd\u85e5\u80a1\u4efd\u6709\u9650\u516c\u53f8<\/title>\n<meta name=\"robots\" content=\"index, follow, max-snippet:-1, max-image-preview:large, max-video-preview:-1\" \/>\n<link rel=\"canonical\" href=\"https:\/\/tahanpharma.com\/vi\/san-pham\/\u9752\u9ef4\u7d20\u6c34\u6027\u61f8\u6fc1\u6ce8\u5c04\u6db2\/\" \/>\n<meta property=\"og:locale\" content=\"vi_VN\" \/>\n<meta property=\"og:type\" content=\"article\" \/>\n<meta property=\"og:title\" content=\"\u9752\u9ef4\u7d20\u6c34\u6027\u61f8\u6fc1\u6ce8\u5c04\u6db2\" \/>\n<meta property=\"og:description\" content=\"\u85e5\u54c1\u540d \uff1a Pensuspen Injection \u8a31\u53ef\u8b49\u5b57\u865f \uff1a \u52d5\u7269\u85e5\u88fd\u5b57\u7b2c04067\u865f \u5291\u578b \uff1a \u6ce8\u5c04\u5291(\u6ec5\u83cc\u61f8\u5291) \u5305\u88dd \uff1a 100ml \u9069\u7528\u52d5\u7269 \uff1a \u725b\u3001\u8c6c\u3001\u99ac \u6548\u80fd(\u9069\u61c9\u75c7) \uff1a \u725b\u3001\u99ac\u3001\u8c6c\uff1a\u6cbb\u7642\u7d30\u83cc\u6027\u80ba\u708e\u3001\u5b50\u5bae\u5167\u819c\u708e\u3001\u81a3\u708e\u3001\u4e73\u623f\u708e\u3001\u54bd\u982d\u708e\u3001\u4e2d\u8033\u708e\u3001\u9aa8\u9ad3\u708e\u3001\u95dc\u7bc0\u708e\u3001\u4e00\u822c\u5316\u81bf\u75c7\u3001\u8e44\u708e\u3001\u70ad\u75bd\u3001\u8c6c\u4e39\u6bd2\u3001\u7522\u8925\u71b1\u3001\u817a\u75ab\u3001\u611f\u5192\u3002 \u6210\u4efd \uff1a \u6bcf10ml\u4e2d\u542b\u6709 Procaine Penicillin G\u2026\u20263,000,000I.U\" \/>\n<meta property=\"og:url\" content=\"https:\/\/tahanpharma.com\/vi\/san-pham\/\u9752\u9ef4\u7d20\u6c34\u6027\u61f8\u6fc1\u6ce8\u5c04\u6db2\/\" \/>\n<meta property=\"og:site_name\" content=\"\u5927\u5b89\u5316\u5b78\u88fd\u85e5\u80a1\u4efd\u6709\u9650\u516c\u53f8\" \/>\n<meta property=\"article:modified_time\" content=\"2025-06-18T09:54:22+00:00\" \/>\n<meta property=\"og:image\" content=\"https:\/\/tahanpharma.com\/wp-content\/uploads\/2025\/06\/\u9752\u9ef4\u7d20\u6c34\u6027\u61f8\u6fc1\u6ce8\u5c04\u6db2-01.jpg\" \/>\n\t<meta property=\"og:image:width\" content=\"1000\" \/>\n\t<meta property=\"og:image:height\" content=\"1000\" \/>\n\t<meta property=\"og:image:type\" content=\"image\/jpeg\" \/>\n<meta name=\"twitter:card\" content=\"summary_large_image\" \/>\n<script type=\"application\/ld+json\" class=\"yoast-schema-graph\">{\"@context\":\"https:\/\/schema.org\",\"@graph\":[{\"@type\":\"WebPage\",\"@id\":\"https:\/\/tahanpharma.com\/product\/%e9%9d%92%e9%bb%b4%e7%b4%a0%e6%b0%b4%e6%80%a7%e6%87%b8%e6%bf%81%e6%b3%a8%e5%b0%84%e6%b6%b2\/\",\"url\":\"https:\/\/tahanpharma.com\/product\/%e9%9d%92%e9%bb%b4%e7%b4%a0%e6%b0%b4%e6%80%a7%e6%87%b8%e6%bf%81%e6%b3%a8%e5%b0%84%e6%b6%b2\/\",\"name\":\"\u9752\u9ef4\u7d20\u6c34\u6027\u61f8\u6fc1\u6ce8\u5c04\u6db2 - \u5927\u5b89\u5316\u5b78\u88fd\u85e5\u80a1\u4efd\u6709\u9650\u516c\u53f8\",\"isPartOf\":{\"@id\":\"https:\/\/tahanpharma.com\/#website\"},\"primaryImageOfPage\":{\"@id\":\"https:\/\/tahanpharma.com\/product\/%e9%9d%92%e9%bb%b4%e7%b4%a0%e6%b0%b4%e6%80%a7%e6%87%b8%e6%bf%81%e6%b3%a8%e5%b0%84%e6%b6%b2\/#primaryimage\"},\"image\":{\"@id\":\"https:\/\/tahanpharma.com\/product\/%e9%9d%92%e9%bb%b4%e7%b4%a0%e6%b0%b4%e6%80%a7%e6%87%b8%e6%bf%81%e6%b3%a8%e5%b0%84%e6%b6%b2\/#primaryimage\"},\"thumbnailUrl\":\"https:\/\/tahanpharma.com\/wp-content\/uploads\/2025\/06\/\u9752\u9ef4\u7d20\u6c34\u6027\u61f8\u6fc1\u6ce8\u5c04\u6db2-01.jpg\",\"datePublished\":\"2025-06-18T05:37:21+00:00\",\"dateModified\":\"2025-06-18T09:54:22+00:00\",\"breadcrumb\":{\"@id\":\"https:\/\/tahanpharma.com\/product\/%e9%9d%92%e9%bb%b4%e7%b4%a0%e6%b0%b4%e6%80%a7%e6%87%b8%e6%bf%81%e6%b3%a8%e5%b0%84%e6%b6%b2\/#breadcrumb\"},\"inLanguage\":\"vi\",\"potentialAction\":[{\"@type\":\"ReadAction\",\"target\":[\"https:\/\/tahanpharma.com\/product\/%e9%9d%92%e9%bb%b4%e7%b4%a0%e6%b0%b4%e6%80%a7%e6%87%b8%e6%bf%81%e6%b3%a8%e5%b0%84%e6%b6%b2\/\"]}]},{\"@type\":\"ImageObject\",\"inLanguage\":\"vi\",\"@id\":\"https:\/\/tahanpharma.com\/product\/%e9%9d%92%e9%bb%b4%e7%b4%a0%e6%b0%b4%e6%80%a7%e6%87%b8%e6%bf%81%e6%b3%a8%e5%b0%84%e6%b6%b2\/#primaryimage\",\"url\":\"https:\/\/tahanpharma.com\/wp-content\/uploads\/2025\/06\/\u9752\u9ef4\u7d20\u6c34\u6027\u61f8\u6fc1\u6ce8\u5c04\u6db2-01.jpg\",\"contentUrl\":\"https:\/\/tahanpharma.com\/wp-content\/uploads\/2025\/06\/\u9752\u9ef4\u7d20\u6c34\u6027\u61f8\u6fc1\u6ce8\u5c04\u6db2-01.jpg\",\"width\":1000,\"height\":1000},{\"@type\":\"BreadcrumbList\",\"@id\":\"https:\/\/tahanpharma.com\/product\/%e9%9d%92%e9%bb%b4%e7%b4%a0%e6%b0%b4%e6%80%a7%e6%87%b8%e6%bf%81%e6%b3%a8%e5%b0%84%e6%b6%b2\/#breadcrumb\",\"itemListElement\":[{\"@type\":\"ListItem\",\"position\":1,\"name\":\"\u9996\u9801\",\"item\":\"https:\/\/tahanpharma.com\/\"},{\"@type\":\"ListItem\",\"position\":2,\"name\":\"\u7522\u54c1\u7c21\u4ecb\",\"item\":\"https:\/\/tahanpharma.com\/product\/\"},{\"@type\":\"ListItem\",\"position\":3,\"name\":\"\u9752\u9ef4\u7d20\u6c34\u6027\u61f8\u6fc1\u6ce8\u5c04\u6db2\"}]},{\"@type\":\"WebSite\",\"@id\":\"https:\/\/tahanpharma.com\/#website\",\"url\":\"https:\/\/tahanpharma.com\/\",\"name\":\"\u5927\u5b89\u5316\u5b78\u88fd\u85e5\u80a1\u4efd\u6709\u9650\u516c\u53f8\",\"description\":\"\u52d5\u7269\u85e5\u54c1\u88fd\u9020\",\"potentialAction\":[{\"@type\":\"SearchAction\",\"target\":{\"@type\":\"EntryPoint\",\"urlTemplate\":\"https:\/\/tahanpharma.com\/?s={search_term_string}\"},\"query-input\":{\"@type\":\"PropertyValueSpecification\",\"valueRequired\":true,\"valueName\":\"search_term_string\"}}],\"inLanguage\":\"vi\"}]}<\/script>\n<!-- \/ Yoast SEO Premium plugin. -->","yoast_head_json":{"title":"\u9752\u9ef4\u7d20\u6c34\u6027\u61f8\u6fc1\u6ce8\u5c04\u6db2 - \u5927\u5b89\u5316\u5b78\u88fd\u85e5\u80a1\u4efd\u6709\u9650\u516c\u53f8","robots":{"index":"index","follow":"follow","max-snippet":"max-snippet:-1","max-image-preview":"max-image-preview:large","max-video-preview":"max-video-preview:-1"},"canonical":"https:\/\/tahanpharma.com\/vi\/san-pham\/\u9752\u9ef4\u7d20\u6c34\u6027\u61f8\u6fc1\u6ce8\u5c04\u6db2\/","og_locale":"vi_VN","og_type":"article","og_title":"\u9752\u9ef4\u7d20\u6c34\u6027\u61f8\u6fc1\u6ce8\u5c04\u6db2","og_description":"\u85e5\u54c1\u540d \uff1a Pensuspen Injection \u8a31\u53ef\u8b49\u5b57\u865f \uff1a \u52d5\u7269\u85e5\u88fd\u5b57\u7b2c04067\u865f \u5291\u578b \uff1a \u6ce8\u5c04\u5291(\u6ec5\u83cc\u61f8\u5291) \u5305\u88dd \uff1a 100ml \u9069\u7528\u52d5\u7269 \uff1a \u725b\u3001\u8c6c\u3001\u99ac \u6548\u80fd(\u9069\u61c9\u75c7) \uff1a \u725b\u3001\u99ac\u3001\u8c6c\uff1a\u6cbb\u7642\u7d30\u83cc\u6027\u80ba\u708e\u3001\u5b50\u5bae\u5167\u819c\u708e\u3001\u81a3\u708e\u3001\u4e73\u623f\u708e\u3001\u54bd\u982d\u708e\u3001\u4e2d\u8033\u708e\u3001\u9aa8\u9ad3\u708e\u3001\u95dc\u7bc0\u708e\u3001\u4e00\u822c\u5316\u81bf\u75c7\u3001\u8e44\u708e\u3001\u70ad\u75bd\u3001\u8c6c\u4e39\u6bd2\u3001\u7522\u8925\u71b1\u3001\u817a\u75ab\u3001\u611f\u5192\u3002 \u6210\u4efd \uff1a \u6bcf10ml\u4e2d\u542b\u6709 Procaine Penicillin G\u2026\u20263,000,000I.U","og_url":"https:\/\/tahanpharma.com\/vi\/san-pham\/\u9752\u9ef4\u7d20\u6c34\u6027\u61f8\u6fc1\u6ce8\u5c04\u6db2\/","og_site_name":"\u5927\u5b89\u5316\u5b78\u88fd\u85e5\u80a1\u4efd\u6709\u9650\u516c\u53f8","article_modified_time":"2025-06-18T09:54:22+00:00","og_image":[{"width":1000,"height":1000,"url":"https:\/\/tahanpharma.com\/wp-content\/uploads\/2025\/06\/\u9752\u9ef4\u7d20\u6c34\u6027\u61f8\u6fc1\u6ce8\u5c04\u6db2-01.jpg","type":"image\/jpeg"}],"twitter_card":"summary_large_image","schema":{"@context":"https:\/\/schema.org","@graph":[{"@type":"WebPage","@id":"https:\/\/tahanpharma.com\/product\/%e9%9d%92%e9%bb%b4%e7%b4%a0%e6%b0%b4%e6%80%a7%e6%87%b8%e6%bf%81%e6%b3%a8%e5%b0%84%e6%b6%b2\/","url":"https:\/\/tahanpharma.com\/product\/%e9%9d%92%e9%bb%b4%e7%b4%a0%e6%b0%b4%e6%80%a7%e6%87%b8%e6%bf%81%e6%b3%a8%e5%b0%84%e6%b6%b2\/","name":"\u9752\u9ef4\u7d20\u6c34\u6027\u61f8\u6fc1\u6ce8\u5c04\u6db2 - \u5927\u5b89\u5316\u5b78\u88fd\u85e5\u80a1\u4efd\u6709\u9650\u516c\u53f8","isPartOf":{"@id":"https:\/\/tahanpharma.com\/#website"},"primaryImageOfPage":{"@id":"https:\/\/tahanpharma.com\/product\/%e9%9d%92%e9%bb%b4%e7%b4%a0%e6%b0%b4%e6%80%a7%e6%87%b8%e6%bf%81%e6%b3%a8%e5%b0%84%e6%b6%b2\/#primaryimage"},"image":{"@id":"https:\/\/tahanpharma.com\/product\/%e9%9d%92%e9%bb%b4%e7%b4%a0%e6%b0%b4%e6%80%a7%e6%87%b8%e6%bf%81%e6%b3%a8%e5%b0%84%e6%b6%b2\/#primaryimage"},"thumbnailUrl":"https:\/\/tahanpharma.com\/wp-content\/uploads\/2025\/06\/\u9752\u9ef4\u7d20\u6c34\u6027\u61f8\u6fc1\u6ce8\u5c04\u6db2-01.jpg","datePublished":"2025-06-18T05:37:21+00:00","dateModified":"2025-06-18T09:54:22+00:00","breadcrumb":{"@id":"https:\/\/tahanpharma.com\/product\/%e9%9d%92%e9%bb%b4%e7%b4%a0%e6%b0%b4%e6%80%a7%e6%87%b8%e6%bf%81%e6%b3%a8%e5%b0%84%e6%b6%b2\/#breadcrumb"},"inLanguage":"vi","potentialAction":[{"@type":"ReadAction","target":["https:\/\/tahanpharma.com\/product\/%e9%9d%92%e9%bb%b4%e7%b4%a0%e6%b0%b4%e6%80%a7%e6%87%b8%e6%bf%81%e6%b3%a8%e5%b0%84%e6%b6%b2\/"]}]},{"@type":"ImageObject","inLanguage":"vi","@id":"https:\/\/tahanpharma.com\/product\/%e9%9d%92%e9%bb%b4%e7%b4%a0%e6%b0%b4%e6%80%a7%e6%87%b8%e6%bf%81%e6%b3%a8%e5%b0%84%e6%b6%b2\/#primaryimage","url":"https:\/\/tahanpharma.com\/wp-content\/uploads\/2025\/06\/\u9752\u9ef4\u7d20\u6c34\u6027\u61f8\u6fc1\u6ce8\u5c04\u6db2-01.jpg","contentUrl":"https:\/\/tahanpharma.com\/wp-content\/uploads\/2025\/06\/\u9752\u9ef4\u7d20\u6c34\u6027\u61f8\u6fc1\u6ce8\u5c04\u6db2-01.jpg","width":1000,"height":1000},{"@type":"BreadcrumbList","@id":"https:\/\/tahanpharma.com\/product\/%e9%9d%92%e9%bb%b4%e7%b4%a0%e6%b0%b4%e6%80%a7%e6%87%b8%e6%bf%81%e6%b3%a8%e5%b0%84%e6%b6%b2\/#breadcrumb","itemListElement":[{"@type":"ListItem","position":1,"name":"\u9996\u9801","item":"https:\/\/tahanpharma.com\/"},{"@type":"ListItem","position":2,"name":"\u7522\u54c1\u7c21\u4ecb","item":"https:\/\/tahanpharma.com\/product\/"},{"@type":"ListItem","position":3,"name":"\u9752\u9ef4\u7d20\u6c34\u6027\u61f8\u6fc1\u6ce8\u5c04\u6db2"}]},{"@type":"WebSite","@id":"https:\/\/tahanpharma.com\/#website","url":"https:\/\/tahanpharma.com\/","name":"\u5927\u5b89\u5316\u5b78\u88fd\u85e5\u80a1\u4efd\u6709\u9650\u516c\u53f8","description":"\u52d5\u7269\u85e5\u54c1\u88fd\u9020","potentialAction":[{"@type":"SearchAction","target":{"@type":"EntryPoint","urlTemplate":"https:\/\/tahanpharma.com\/?s={search_term_string}"},"query-input":{"@type":"PropertyValueSpecification","valueRequired":true,"valueName":"search_term_string"}}],"inLanguage":"vi"}]}},"_links":{"self":[{"href":"https:\/\/tahanpharma.com\/vi\/wp-json\/wp\/v2\/product\/1991","targetHints":{"allow":["GET"]}}],"collection":[{"href":"https:\/\/tahanpharma.com\/vi\/wp-json\/wp\/v2\/product"}],"about":[{"href":"https:\/\/tahanpharma.com\/vi\/wp-json\/wp\/v2\/types\/product"}],"replies":[{"embeddable":true,"href":"https:\/\/tahanpharma.com\/vi\/wp-json\/wp\/v2\/comments?post=1991"}],"wp:featuredmedia":[{"embeddable":true,"href":"https:\/\/tahanpharma.com\/vi\/wp-json\/wp\/v2\/media\/1992"}],"wp:attachment":[{"href":"https:\/\/tahanpharma.com\/vi\/wp-json\/wp\/v2\/media?parent=1991"}],"wp:term":[{"taxonomy":"product_brand","embeddable":true,"href":"https:\/\/tahanpharma.com\/vi\/wp-json\/wp\/v2\/product_brand?post=1991"},{"taxonomy":"product_cat","embeddable":true,"href":"https:\/\/tahanpharma.com\/vi\/wp-json\/wp\/v2\/product_cat?post=1991"},{"taxonomy":"product_tag","embeddable":true,"href":"https:\/\/tahanpharma.com\/vi\/wp-json\/wp\/v2\/product_tag?post=1991"}],"curies":[{"name":"wp","href":"https:\/\/api.w.org\/{rel}","templated":true}]}}