{"id":1993,"date":"2025-06-18T13:38:47","date_gmt":"2025-06-18T05:38:47","guid":{"rendered":"https:\/\/tahanpharma.com\/?post_type=product&#038;p=1993"},"modified":"2025-06-18T18:10:56","modified_gmt":"2025-06-18T10:10:56","slug":"%e9%9d%92%e9%bb%b4%e7%b4%a0g%e9%88%89-%e4%b9%be%e7%b2%89%e6%b3%a8%e5%b0%84%e5%8a%91","status":"publish","type":"product","link":"https:\/\/tahanpharma.com\/vi\/san-pham\/%e9%9d%92%e9%bb%b4%e7%b4%a0g%e9%88%89-%e4%b9%be%e7%b2%89%e6%b3%a8%e5%b0%84%e5%8a%91\/","title":{"rendered":"Thu\u1ed1c ti\u00eam b\u1ed9t kh\u00f4 Penicillin G Natri"},"content":{"rendered":"<p>H\u00f2a tan trong n\u01b0\u1edbc c\u1ea5t v\u00f4 tr\u00f9ng v\u00e0 ti\u00eam d\u01b0\u1edbi da, ti\u00eam b\u1eafp ho\u1eb7c ti\u00eam t\u0129nh m\u1ea1ch.<br \/>\nTi\u00eam 10.000~20.000 IU (0,07mL~0,14mL) cho m\u1ed7i kg tr\u1ecdng l\u01b0\u1ee3ng c\u01a1 th\u1ec3 c\u1ee7a ch\u00f3.<br \/>\n\u0110\u1ed1i v\u1edbi l\u1ee3n, c\u1eebu, gia s\u00fac v\u00e0 ng\u1ef1a, ti\u00eam 4.000-10.000 IU (t\u1ee9c l\u00e0 0,03ml~0,07ml) cho m\u1ed7i kg tr\u1ecdng l\u01b0\u1ee3ng c\u01a1 th\u1ec3.<br \/>\nC\u00f3 th\u1ec3 ti\u00eam d\u01b0\u1edbi da m\u1ed7i 3-4 gi\u1edd t\u00f9y theo t\u00ecnh tr\u1ea1ng b\u1ec7nh.<\/p>\n<p>Th\u1eddi gian r\u00fat ti\u1ec1n: 3 ng\u00e0y<\/p>","protected":false},"excerpt":{"rendered":"<p>T\u00ean thu\u1ed1c: Natri penicillin G<br \/>\nS\u1ed1 gi\u1ea5y ph\u00e9p: Gi\u1ea5y ph\u00e9p thu\u1ed1c th\u00fa y s\u1ed1 04661<br \/>\nD\u1ea1ng b\u00e0o ch\u1ebf: Ti\u00eam<br \/>\nBao b\u00ec: 20ml<br \/>\n\u0110\u1ed9ng v\u1eadt \u00e1p d\u1ee5ng: gia s\u00fac, ng\u1ef1a, l\u1ee3n, c\u1eebu, ch\u00f3<br \/>\nHi\u1ec7u qu\u1ea3 (ch\u1ec9 \u0111\u1ecbnh): Gia s\u00fac, ng\u1ef1a, l\u1ee3n, c\u1eebu, ch\u00f3: \u0111i\u1ec1u tr\u1ecb ph\u00f9 n\u1ec1 \u00e1c t\u00ednh, ho\u1ea1i th\u01b0 kh\u00ed ph\u1ebf th\u0169ng (b\u1ec7nh ch\u00e2n \u0111en), b\u1ec7nh d\u1ecbch h\u1ea1ch tuy\u1ebfn ng\u1ef1a, b\u1ec7nh than, b\u1ec7nh u\u1ed1n v\u00e1n, b\u1ec7nh h\u1ed3ng ban \u1edf l\u1ee3n, nhi\u1ec5m tr\u00f9ng huy\u1ebft xu\u1ea5t huy\u1ebft, b\u1ec7nh \u0111\u01b0\u1eddng h\u00f4 h\u1ea5p m\u00e3n t\u00ednh, vi\u00eam ph\u1ed5i, vi\u00eam n\u1ed9i m\u1ea1c t\u1eed cung, vi\u00eam v\u00fa, s\u1ed1t h\u1eadu s\u1ea3n, vi\u00eam kh\u1edbp, c\u00e1c b\u1ec7nh m\u01b0ng m\u1ee7 th\u00f4ng th\u01b0\u1eddng kh\u00e1c v\u00e0 ph\u00f2ng ng\u1eeba nhi\u1ec5m tr\u00f9ng sau ph\u1eabu thu\u1eadt.<br \/>\nTh\u00e0nh ph\u1ea7n: M\u1ed7i l\u1ecd ch\u1ee9a Penicillin G Sodium...3.000.000 IU<\/p>","protected":false},"featured_media":1994,"comment_status":"open","ping_status":"closed","template":"","meta":[],"product_brand":[],"product_cat":[45,46,50,68,53,61,67,47,51,48],"product_tag":[],"class_list":{"0":"post-1993","1":"product","2":"type-product","3":"status-publish","4":"has-post-thumbnail","6":"product_cat-45","7":"product_cat-46","8":"product_cat-50","9":"product_cat-68","10":"product_cat-53","11":"product_cat-61","12":"product_cat-67","13":"product_cat-47","14":"product_cat-51","15":"product_cat-48","17":"first","18":"instock","19":"shipping-taxable","20":"product-type-simple"},"yoast_head":"<!-- This site is optimized with the Yoast SEO Premium plugin v25.3.1 (Yoast SEO v25.4) - https:\/\/yoast.com\/wordpress\/plugins\/seo\/ -->\n<title>\u9752\u9ef4\u7d20G\u9209 \u4e7e\u7c89\u6ce8\u5c04\u5291 - \u5927\u5b89\u5316\u5b78\u88fd\u85e5\u80a1\u4efd\u6709\u9650\u516c\u53f8<\/title>\n<meta name=\"robots\" content=\"index, follow, max-snippet:-1, max-image-preview:large, max-video-preview:-1\" \/>\n<link rel=\"canonical\" href=\"https:\/\/tahanpharma.com\/vi\/san-pham\/\u9752\u9ef4\u7d20g\u9209-\u4e7e\u7c89\u6ce8\u5c04\u5291\/\" \/>\n<meta property=\"og:locale\" content=\"vi_VN\" \/>\n<meta property=\"og:type\" content=\"article\" \/>\n<meta property=\"og:title\" content=\"\u9752\u9ef4\u7d20G\u9209 \u4e7e\u7c89\u6ce8\u5c04\u5291\" \/>\n<meta property=\"og:description\" content=\"\u85e5\u54c1\u540d \uff1a Sodium penicillin G \u8a31\u53ef\u8b49\u5b57\u865f \uff1a \u52d5\u7269\u85e5\u88fd\u5b57\u7b2c04661\u865f \u5291\u578b \uff1a \u6ce8\u5c04\u5291 \u5305\u88dd \uff1a 20ml \u9069\u7528\u52d5\u7269 \uff1a \u725b\u3001\u99ac\u3001\u8c6c\u3001\u7f8a\u3001\u72ac \u6548\u80fd(\u9069\u61c9\u75c7) \uff1a \u725b\u3001\u99ac\u3001\u8c6c\u3001\u7f8a\u3001\u72ac\uff1a\u6cbb\u7642\u60e1\u6027\u6c34\u816b\u3001\u6c23\u816b\u75bd(\u9ed1\u8173\u75c5)\u3001\u99ac\u817a\u75ab\u3001\u70ad\u75bd\u75c5\u3001\u7834\u50b7\u98a8\u3001\u8c6c\u4e39\u6bd2\u3001\u51fa\u8840\u6027\u6557\u8840\u75c7\u3001\u6162\u6027\u547c\u5438\u5668\u75c5\u3001\u80ba\u708e\u3001\u5b50\u5bae\u5167\u819c\u708e\u3001\u4e73\u623f\u708e\u3001\u7522\u8925\u71b1\u3001\u95dc\u7bc0\u708e\u3001\u5176\u4ed6\u4e00\u822c\u5316\u81bf\u75c7\u3001\u624b\u8853\u5f8c\u611f\u67d3\u4e4b\u9810\u9632\u3002 \u6210\u4efd \uff1a \u6bcf\u74f6\u4e2d\u542b\u6709 Penicillin G Sodium\u2026\u20263,000,000I.U\" \/>\n<meta property=\"og:url\" content=\"https:\/\/tahanpharma.com\/vi\/san-pham\/\u9752\u9ef4\u7d20g\u9209-\u4e7e\u7c89\u6ce8\u5c04\u5291\/\" \/>\n<meta property=\"og:site_name\" content=\"\u5927\u5b89\u5316\u5b78\u88fd\u85e5\u80a1\u4efd\u6709\u9650\u516c\u53f8\" \/>\n<meta property=\"article:modified_time\" content=\"2025-06-18T10:10:56+00:00\" \/>\n<meta property=\"og:image\" content=\"https:\/\/tahanpharma.com\/wp-content\/uploads\/2025\/06\/\u9752\u9ef4\u7d20G\u9209-\u4e7e\u7c89\u6ce8\u5c04\u5291-01.jpg\" \/>\n\t<meta property=\"og:image:width\" content=\"1000\" \/>\n\t<meta property=\"og:image:height\" content=\"1000\" \/>\n\t<meta property=\"og:image:type\" content=\"image\/jpeg\" \/>\n<meta name=\"twitter:card\" content=\"summary_large_image\" \/>\n<script type=\"application\/ld+json\" class=\"yoast-schema-graph\">{\"@context\":\"https:\/\/schema.org\",\"@graph\":[{\"@type\":\"WebPage\",\"@id\":\"https:\/\/tahanpharma.com\/product\/%e9%9d%92%e9%bb%b4%e7%b4%a0g%e9%88%89-%e4%b9%be%e7%b2%89%e6%b3%a8%e5%b0%84%e5%8a%91\/\",\"url\":\"https:\/\/tahanpharma.com\/product\/%e9%9d%92%e9%bb%b4%e7%b4%a0g%e9%88%89-%e4%b9%be%e7%b2%89%e6%b3%a8%e5%b0%84%e5%8a%91\/\",\"name\":\"\u9752\u9ef4\u7d20G\u9209 \u4e7e\u7c89\u6ce8\u5c04\u5291 - \u5927\u5b89\u5316\u5b78\u88fd\u85e5\u80a1\u4efd\u6709\u9650\u516c\u53f8\",\"isPartOf\":{\"@id\":\"https:\/\/tahanpharma.com\/#website\"},\"primaryImageOfPage\":{\"@id\":\"https:\/\/tahanpharma.com\/product\/%e9%9d%92%e9%bb%b4%e7%b4%a0g%e9%88%89-%e4%b9%be%e7%b2%89%e6%b3%a8%e5%b0%84%e5%8a%91\/#primaryimage\"},\"image\":{\"@id\":\"https:\/\/tahanpharma.com\/product\/%e9%9d%92%e9%bb%b4%e7%b4%a0g%e9%88%89-%e4%b9%be%e7%b2%89%e6%b3%a8%e5%b0%84%e5%8a%91\/#primaryimage\"},\"thumbnailUrl\":\"https:\/\/tahanpharma.com\/wp-content\/uploads\/2025\/06\/\u9752\u9ef4\u7d20G\u9209-\u4e7e\u7c89\u6ce8\u5c04\u5291-01.jpg\",\"datePublished\":\"2025-06-18T05:38:47+00:00\",\"dateModified\":\"2025-06-18T10:10:56+00:00\",\"breadcrumb\":{\"@id\":\"https:\/\/tahanpharma.com\/product\/%e9%9d%92%e9%bb%b4%e7%b4%a0g%e9%88%89-%e4%b9%be%e7%b2%89%e6%b3%a8%e5%b0%84%e5%8a%91\/#breadcrumb\"},\"inLanguage\":\"vi\",\"potentialAction\":[{\"@type\":\"ReadAction\",\"target\":[\"https:\/\/tahanpharma.com\/product\/%e9%9d%92%e9%bb%b4%e7%b4%a0g%e9%88%89-%e4%b9%be%e7%b2%89%e6%b3%a8%e5%b0%84%e5%8a%91\/\"]}]},{\"@type\":\"ImageObject\",\"inLanguage\":\"vi\",\"@id\":\"https:\/\/tahanpharma.com\/product\/%e9%9d%92%e9%bb%b4%e7%b4%a0g%e9%88%89-%e4%b9%be%e7%b2%89%e6%b3%a8%e5%b0%84%e5%8a%91\/#primaryimage\",\"url\":\"https:\/\/tahanpharma.com\/wp-content\/uploads\/2025\/06\/\u9752\u9ef4\u7d20G\u9209-\u4e7e\u7c89\u6ce8\u5c04\u5291-01.jpg\",\"contentUrl\":\"https:\/\/tahanpharma.com\/wp-content\/uploads\/2025\/06\/\u9752\u9ef4\u7d20G\u9209-\u4e7e\u7c89\u6ce8\u5c04\u5291-01.jpg\",\"width\":1000,\"height\":1000},{\"@type\":\"BreadcrumbList\",\"@id\":\"https:\/\/tahanpharma.com\/product\/%e9%9d%92%e9%bb%b4%e7%b4%a0g%e9%88%89-%e4%b9%be%e7%b2%89%e6%b3%a8%e5%b0%84%e5%8a%91\/#breadcrumb\",\"itemListElement\":[{\"@type\":\"ListItem\",\"position\":1,\"name\":\"\u9996\u9801\",\"item\":\"https:\/\/tahanpharma.com\/\"},{\"@type\":\"ListItem\",\"position\":2,\"name\":\"\u7522\u54c1\u7c21\u4ecb\",\"item\":\"https:\/\/tahanpharma.com\/product\/\"},{\"@type\":\"ListItem\",\"position\":3,\"name\":\"\u9752\u9ef4\u7d20G\u9209 \u4e7e\u7c89\u6ce8\u5c04\u5291\"}]},{\"@type\":\"WebSite\",\"@id\":\"https:\/\/tahanpharma.com\/#website\",\"url\":\"https:\/\/tahanpharma.com\/\",\"name\":\"\u5927\u5b89\u5316\u5b78\u88fd\u85e5\u80a1\u4efd\u6709\u9650\u516c\u53f8\",\"description\":\"\u52d5\u7269\u85e5\u54c1\u88fd\u9020\",\"potentialAction\":[{\"@type\":\"SearchAction\",\"target\":{\"@type\":\"EntryPoint\",\"urlTemplate\":\"https:\/\/tahanpharma.com\/?s={search_term_string}\"},\"query-input\":{\"@type\":\"PropertyValueSpecification\",\"valueRequired\":true,\"valueName\":\"search_term_string\"}}],\"inLanguage\":\"vi\"}]}<\/script>\n<!-- \/ Yoast SEO Premium plugin. -->","yoast_head_json":{"title":"\u9752\u9ef4\u7d20G\u9209 \u4e7e\u7c89\u6ce8\u5c04\u5291 - \u5927\u5b89\u5316\u5b78\u88fd\u85e5\u80a1\u4efd\u6709\u9650\u516c\u53f8","robots":{"index":"index","follow":"follow","max-snippet":"max-snippet:-1","max-image-preview":"max-image-preview:large","max-video-preview":"max-video-preview:-1"},"canonical":"https:\/\/tahanpharma.com\/vi\/san-pham\/\u9752\u9ef4\u7d20g\u9209-\u4e7e\u7c89\u6ce8\u5c04\u5291\/","og_locale":"vi_VN","og_type":"article","og_title":"\u9752\u9ef4\u7d20G\u9209 \u4e7e\u7c89\u6ce8\u5c04\u5291","og_description":"\u85e5\u54c1\u540d \uff1a Sodium penicillin G \u8a31\u53ef\u8b49\u5b57\u865f \uff1a \u52d5\u7269\u85e5\u88fd\u5b57\u7b2c04661\u865f \u5291\u578b \uff1a \u6ce8\u5c04\u5291 \u5305\u88dd \uff1a 20ml \u9069\u7528\u52d5\u7269 \uff1a \u725b\u3001\u99ac\u3001\u8c6c\u3001\u7f8a\u3001\u72ac \u6548\u80fd(\u9069\u61c9\u75c7) \uff1a \u725b\u3001\u99ac\u3001\u8c6c\u3001\u7f8a\u3001\u72ac\uff1a\u6cbb\u7642\u60e1\u6027\u6c34\u816b\u3001\u6c23\u816b\u75bd(\u9ed1\u8173\u75c5)\u3001\u99ac\u817a\u75ab\u3001\u70ad\u75bd\u75c5\u3001\u7834\u50b7\u98a8\u3001\u8c6c\u4e39\u6bd2\u3001\u51fa\u8840\u6027\u6557\u8840\u75c7\u3001\u6162\u6027\u547c\u5438\u5668\u75c5\u3001\u80ba\u708e\u3001\u5b50\u5bae\u5167\u819c\u708e\u3001\u4e73\u623f\u708e\u3001\u7522\u8925\u71b1\u3001\u95dc\u7bc0\u708e\u3001\u5176\u4ed6\u4e00\u822c\u5316\u81bf\u75c7\u3001\u624b\u8853\u5f8c\u611f\u67d3\u4e4b\u9810\u9632\u3002 \u6210\u4efd \uff1a \u6bcf\u74f6\u4e2d\u542b\u6709 Penicillin G Sodium\u2026\u20263,000,000I.U","og_url":"https:\/\/tahanpharma.com\/vi\/san-pham\/\u9752\u9ef4\u7d20g\u9209-\u4e7e\u7c89\u6ce8\u5c04\u5291\/","og_site_name":"\u5927\u5b89\u5316\u5b78\u88fd\u85e5\u80a1\u4efd\u6709\u9650\u516c\u53f8","article_modified_time":"2025-06-18T10:10:56+00:00","og_image":[{"width":1000,"height":1000,"url":"https:\/\/tahanpharma.com\/wp-content\/uploads\/2025\/06\/\u9752\u9ef4\u7d20G\u9209-\u4e7e\u7c89\u6ce8\u5c04\u5291-01.jpg","type":"image\/jpeg"}],"twitter_card":"summary_large_image","schema":{"@context":"https:\/\/schema.org","@graph":[{"@type":"WebPage","@id":"https:\/\/tahanpharma.com\/product\/%e9%9d%92%e9%bb%b4%e7%b4%a0g%e9%88%89-%e4%b9%be%e7%b2%89%e6%b3%a8%e5%b0%84%e5%8a%91\/","url":"https:\/\/tahanpharma.com\/product\/%e9%9d%92%e9%bb%b4%e7%b4%a0g%e9%88%89-%e4%b9%be%e7%b2%89%e6%b3%a8%e5%b0%84%e5%8a%91\/","name":"\u9752\u9ef4\u7d20G\u9209 \u4e7e\u7c89\u6ce8\u5c04\u5291 - \u5927\u5b89\u5316\u5b78\u88fd\u85e5\u80a1\u4efd\u6709\u9650\u516c\u53f8","isPartOf":{"@id":"https:\/\/tahanpharma.com\/#website"},"primaryImageOfPage":{"@id":"https:\/\/tahanpharma.com\/product\/%e9%9d%92%e9%bb%b4%e7%b4%a0g%e9%88%89-%e4%b9%be%e7%b2%89%e6%b3%a8%e5%b0%84%e5%8a%91\/#primaryimage"},"image":{"@id":"https:\/\/tahanpharma.com\/product\/%e9%9d%92%e9%bb%b4%e7%b4%a0g%e9%88%89-%e4%b9%be%e7%b2%89%e6%b3%a8%e5%b0%84%e5%8a%91\/#primaryimage"},"thumbnailUrl":"https:\/\/tahanpharma.com\/wp-content\/uploads\/2025\/06\/\u9752\u9ef4\u7d20G\u9209-\u4e7e\u7c89\u6ce8\u5c04\u5291-01.jpg","datePublished":"2025-06-18T05:38:47+00:00","dateModified":"2025-06-18T10:10:56+00:00","breadcrumb":{"@id":"https:\/\/tahanpharma.com\/product\/%e9%9d%92%e9%bb%b4%e7%b4%a0g%e9%88%89-%e4%b9%be%e7%b2%89%e6%b3%a8%e5%b0%84%e5%8a%91\/#breadcrumb"},"inLanguage":"vi","potentialAction":[{"@type":"ReadAction","target":["https:\/\/tahanpharma.com\/product\/%e9%9d%92%e9%bb%b4%e7%b4%a0g%e9%88%89-%e4%b9%be%e7%b2%89%e6%b3%a8%e5%b0%84%e5%8a%91\/"]}]},{"@type":"ImageObject","inLanguage":"vi","@id":"https:\/\/tahanpharma.com\/product\/%e9%9d%92%e9%bb%b4%e7%b4%a0g%e9%88%89-%e4%b9%be%e7%b2%89%e6%b3%a8%e5%b0%84%e5%8a%91\/#primaryimage","url":"https:\/\/tahanpharma.com\/wp-content\/uploads\/2025\/06\/\u9752\u9ef4\u7d20G\u9209-\u4e7e\u7c89\u6ce8\u5c04\u5291-01.jpg","contentUrl":"https:\/\/tahanpharma.com\/wp-content\/uploads\/2025\/06\/\u9752\u9ef4\u7d20G\u9209-\u4e7e\u7c89\u6ce8\u5c04\u5291-01.jpg","width":1000,"height":1000},{"@type":"BreadcrumbList","@id":"https:\/\/tahanpharma.com\/product\/%e9%9d%92%e9%bb%b4%e7%b4%a0g%e9%88%89-%e4%b9%be%e7%b2%89%e6%b3%a8%e5%b0%84%e5%8a%91\/#breadcrumb","itemListElement":[{"@type":"ListItem","position":1,"name":"\u9996\u9801","item":"https:\/\/tahanpharma.com\/"},{"@type":"ListItem","position":2,"name":"\u7522\u54c1\u7c21\u4ecb","item":"https:\/\/tahanpharma.com\/product\/"},{"@type":"ListItem","position":3,"name":"\u9752\u9ef4\u7d20G\u9209 \u4e7e\u7c89\u6ce8\u5c04\u5291"}]},{"@type":"WebSite","@id":"https:\/\/tahanpharma.com\/#website","url":"https:\/\/tahanpharma.com\/","name":"\u5927\u5b89\u5316\u5b78\u88fd\u85e5\u80a1\u4efd\u6709\u9650\u516c\u53f8","description":"\u52d5\u7269\u85e5\u54c1\u88fd\u9020","potentialAction":[{"@type":"SearchAction","target":{"@type":"EntryPoint","urlTemplate":"https:\/\/tahanpharma.com\/?s={search_term_string}"},"query-input":{"@type":"PropertyValueSpecification","valueRequired":true,"valueName":"search_term_string"}}],"inLanguage":"vi"}]}},"_links":{"self":[{"href":"https:\/\/tahanpharma.com\/vi\/wp-json\/wp\/v2\/product\/1993","targetHints":{"allow":["GET"]}}],"collection":[{"href":"https:\/\/tahanpharma.com\/vi\/wp-json\/wp\/v2\/product"}],"about":[{"href":"https:\/\/tahanpharma.com\/vi\/wp-json\/wp\/v2\/types\/product"}],"replies":[{"embeddable":true,"href":"https:\/\/tahanpharma.com\/vi\/wp-json\/wp\/v2\/comments?post=1993"}],"wp:featuredmedia":[{"embeddable":true,"href":"https:\/\/tahanpharma.com\/vi\/wp-json\/wp\/v2\/media\/1994"}],"wp:attachment":[{"href":"https:\/\/tahanpharma.com\/vi\/wp-json\/wp\/v2\/media?parent=1993"}],"wp:term":[{"taxonomy":"product_brand","embeddable":true,"href":"https:\/\/tahanpharma.com\/vi\/wp-json\/wp\/v2\/product_brand?post=1993"},{"taxonomy":"product_cat","embeddable":true,"href":"https:\/\/tahanpharma.com\/vi\/wp-json\/wp\/v2\/product_cat?post=1993"},{"taxonomy":"product_tag","embeddable":true,"href":"https:\/\/tahanpharma.com\/vi\/wp-json\/wp\/v2\/product_tag?post=1993"}],"curies":[{"name":"wp","href":"https:\/\/api.w.org\/{rel}","templated":true}]}}