{"id":2007,"date":"2025-06-18T13:50:30","date_gmt":"2025-06-18T05:50:30","guid":{"rendered":"https:\/\/tahanpharma.com\/?post_type=product&#038;p=2007"},"modified":"2025-06-18T18:13:22","modified_gmt":"2025-06-18T10:13:22","slug":"%e7%b4%a2%e6%af%94%e6%9e%97-500%e6%b3%a8%e5%b0%84%e5%8a%91","status":"publish","type":"product","link":"https:\/\/tahanpharma.com\/vi\/san-pham\/%e7%b4%a2%e6%af%94%e6%9e%97-500%e6%b3%a8%e5%b0%84%e5%8a%91\/","title":{"rendered":"Thu\u1ed1c ti\u00eam Sobiline-500"},"content":{"rendered":"<p>Gia s\u00fac: 8 ml cho 100 kg tr\u1ecdng l\u01b0\u1ee3ng c\u01a1 th\u1ec3<\/p>\n<p>Ng\u1ef1a: 20-60 mL<\/p>\n<p>B\u00ea v\u00e0 \u0111\u1ed9ng v\u1eadt non: 5-15 mL<\/p>\n<p>L\u1ee3n: 10-30 mL<\/p>\n<p>D\u00ea, c\u1eebu: 2-8mL<\/p>\n<p>Ch\u00f3, m\u00e8o: 1-5 mL<\/p>\n<p>T\u0103ng ho\u1eb7c gi\u1ea3m t\u00f9y theo c\u00e2n n\u1eb7ng v\u00e0 tri\u1ec7u ch\u1ee9ng 1-2 l\u1ea7n\/ng\u00e0y, t\u1ed1t nh\u1ea5t l\u00e0 ti\u00eam t\u0129nh m\u1ea1ch, ti\u00eam b\u1eafp ho\u1eb7c ti\u00eam t\u0129nh m\u1ea1ch c\u01a1<\/p>\n<p>C\u0169ng c\u00f3 th\u1ec3 ti\u00eam h\u1ed7n h\u1ee3p.<\/p>","protected":false},"excerpt":{"rendered":"<p>T\u00ean thu\u1ed1c: SULPYRIN-500 INJ.<br \/>\nS\u1ed1 gi\u1ea5y ph\u00e9p: Gi\u1ea5y ph\u00e9p thu\u1ed1c th\u00fa y s\u1ed1 06934<br \/>\nD\u1ea1ng b\u00e0o ch\u1ebf: Ti\u00eam<br \/>\n\u0110\u00f3ng g\u00f3i: 10mL\/\u1ed1ng, 50mL\/l\u1ecd, 100mL\/l\u1ecd<br \/>\n\u0110\u1ed9ng v\u1eadt \u00e1p d\u1ee5ng: gia s\u00fac, ng\u1ef1a, c\u1eebu, l\u1ee3n, ch\u00f3, m\u00e8o<br \/>\nHi\u1ec7u qu\u1ea3 (ch\u1ec9 \u0111\u1ecbnh): D\u00f9ng \u0111\u1ec3 gi\u1ea3m \u0111au v\u00e0 ch\u1ed1ng co th\u1eaft \u1edf gia s\u00fac, ng\u1ef1a, c\u1eebu, l\u1ee3n, ch\u00f3 v\u00e0 m\u00e8o.<br \/>\nTh\u00e0nh ph\u1ea7n: M\u1ed7i mL ch\u1ee9a: Sulpyrin......500mg<\/p>","protected":false},"featured_media":2008,"comment_status":"open","ping_status":"closed","template":"","meta":[],"product_brand":[],"product_cat":[45,46,50,61,64,67,68,53,47,51,48,52],"product_tag":[],"class_list":{"0":"post-2007","1":"product","2":"type-product","3":"status-publish","4":"has-post-thumbnail","6":"product_cat-45","7":"product_cat-46","8":"product_cat-50","9":"product_cat-61","10":"product_cat-64","11":"product_cat-67","12":"product_cat-68","13":"product_cat-53","14":"product_cat-47","15":"product_cat-51","16":"product_cat-48","17":"product_cat-52","19":"first","20":"instock","21":"shipping-taxable","22":"product-type-simple"},"yoast_head":"<!-- This site is optimized with the Yoast SEO Premium plugin v25.3.1 (Yoast SEO v25.4) - https:\/\/yoast.com\/wordpress\/plugins\/seo\/ -->\n<title>\u7d22\u6bd4\u6797-500\u6ce8\u5c04\u5291 - \u5927\u5b89\u5316\u5b78\u88fd\u85e5\u80a1\u4efd\u6709\u9650\u516c\u53f8<\/title>\n<meta name=\"robots\" content=\"index, follow, max-snippet:-1, max-image-preview:large, max-video-preview:-1\" \/>\n<link rel=\"canonical\" href=\"https:\/\/tahanpharma.com\/vi\/san-pham\/\u7d22\u6bd4\u6797-500\u6ce8\u5c04\u5291\/\" \/>\n<meta property=\"og:locale\" content=\"vi_VN\" \/>\n<meta property=\"og:type\" content=\"article\" \/>\n<meta property=\"og:title\" content=\"\u7d22\u6bd4\u6797-500\u6ce8\u5c04\u5291\" \/>\n<meta property=\"og:description\" content=\"\u85e5\u54c1\u540d \uff1a SULPYRIN-500 INJ. \u8a31\u53ef\u8b49\u5b57\u865f \uff1a \u52d5\u7269\u85e5\u88fd\u5b57\u7b2c06934 \u865f \u5291\u578b \uff1a \u6ce8\u5c04\u5291 \u5305\u88dd \uff1a 10mL\/via\u300150mL\/vial\u3001100mL\/vial \u9069\u7528\u52d5\u7269 \uff1a \u725b\u3001\u99ac\u3001\u7f8a\u3001\u8c6c\u3001\u72ac\u3001\u8c93 \u6548\u80fd(\u9069\u61c9\u75c7) \uff1a \u7528\u65bc\u725b\u3001\u99ac\u3001\u7f8a\u3001\u8c6c\u3001\u72ac\u3001\u8c93\u4e4b\u93ae\u75db\u89e3\u75d9\u3002 \u6210\u4efd \uff1a Each mL contains\uff1aSulpyrin\u2026\u2026500mg\" \/>\n<meta property=\"og:url\" content=\"https:\/\/tahanpharma.com\/vi\/san-pham\/\u7d22\u6bd4\u6797-500\u6ce8\u5c04\u5291\/\" \/>\n<meta property=\"og:site_name\" content=\"\u5927\u5b89\u5316\u5b78\u88fd\u85e5\u80a1\u4efd\u6709\u9650\u516c\u53f8\" \/>\n<meta property=\"article:modified_time\" content=\"2025-06-18T10:13:22+00:00\" \/>\n<meta property=\"og:image\" content=\"https:\/\/tahanpharma.com\/wp-content\/uploads\/2025\/06\/\u7d22\u6bd4\u6797-500\u6ce8\u5c04\u5291-01.jpg\" \/>\n\t<meta property=\"og:image:width\" content=\"1000\" \/>\n\t<meta property=\"og:image:height\" content=\"1000\" \/>\n\t<meta property=\"og:image:type\" content=\"image\/jpeg\" \/>\n<meta name=\"twitter:card\" content=\"summary_large_image\" \/>\n<script type=\"application\/ld+json\" class=\"yoast-schema-graph\">{\"@context\":\"https:\/\/schema.org\",\"@graph\":[{\"@type\":\"WebPage\",\"@id\":\"https:\/\/tahanpharma.com\/product\/%e7%b4%a2%e6%af%94%e6%9e%97-500%e6%b3%a8%e5%b0%84%e5%8a%91\/\",\"url\":\"https:\/\/tahanpharma.com\/product\/%e7%b4%a2%e6%af%94%e6%9e%97-500%e6%b3%a8%e5%b0%84%e5%8a%91\/\",\"name\":\"\u7d22\u6bd4\u6797-500\u6ce8\u5c04\u5291 - \u5927\u5b89\u5316\u5b78\u88fd\u85e5\u80a1\u4efd\u6709\u9650\u516c\u53f8\",\"isPartOf\":{\"@id\":\"https:\/\/tahanpharma.com\/#website\"},\"primaryImageOfPage\":{\"@id\":\"https:\/\/tahanpharma.com\/product\/%e7%b4%a2%e6%af%94%e6%9e%97-500%e6%b3%a8%e5%b0%84%e5%8a%91\/#primaryimage\"},\"image\":{\"@id\":\"https:\/\/tahanpharma.com\/product\/%e7%b4%a2%e6%af%94%e6%9e%97-500%e6%b3%a8%e5%b0%84%e5%8a%91\/#primaryimage\"},\"thumbnailUrl\":\"https:\/\/tahanpharma.com\/wp-content\/uploads\/2025\/06\/\u7d22\u6bd4\u6797-500\u6ce8\u5c04\u5291-01.jpg\",\"datePublished\":\"2025-06-18T05:50:30+00:00\",\"dateModified\":\"2025-06-18T10:13:22+00:00\",\"breadcrumb\":{\"@id\":\"https:\/\/tahanpharma.com\/product\/%e7%b4%a2%e6%af%94%e6%9e%97-500%e6%b3%a8%e5%b0%84%e5%8a%91\/#breadcrumb\"},\"inLanguage\":\"vi\",\"potentialAction\":[{\"@type\":\"ReadAction\",\"target\":[\"https:\/\/tahanpharma.com\/product\/%e7%b4%a2%e6%af%94%e6%9e%97-500%e6%b3%a8%e5%b0%84%e5%8a%91\/\"]}]},{\"@type\":\"ImageObject\",\"inLanguage\":\"vi\",\"@id\":\"https:\/\/tahanpharma.com\/product\/%e7%b4%a2%e6%af%94%e6%9e%97-500%e6%b3%a8%e5%b0%84%e5%8a%91\/#primaryimage\",\"url\":\"https:\/\/tahanpharma.com\/wp-content\/uploads\/2025\/06\/\u7d22\u6bd4\u6797-500\u6ce8\u5c04\u5291-01.jpg\",\"contentUrl\":\"https:\/\/tahanpharma.com\/wp-content\/uploads\/2025\/06\/\u7d22\u6bd4\u6797-500\u6ce8\u5c04\u5291-01.jpg\",\"width\":1000,\"height\":1000},{\"@type\":\"BreadcrumbList\",\"@id\":\"https:\/\/tahanpharma.com\/product\/%e7%b4%a2%e6%af%94%e6%9e%97-500%e6%b3%a8%e5%b0%84%e5%8a%91\/#breadcrumb\",\"itemListElement\":[{\"@type\":\"ListItem\",\"position\":1,\"name\":\"\u9996\u9801\",\"item\":\"https:\/\/tahanpharma.com\/\"},{\"@type\":\"ListItem\",\"position\":2,\"name\":\"\u7522\u54c1\u7c21\u4ecb\",\"item\":\"https:\/\/tahanpharma.com\/product\/\"},{\"@type\":\"ListItem\",\"position\":3,\"name\":\"\u7d22\u6bd4\u6797-500\u6ce8\u5c04\u5291\"}]},{\"@type\":\"WebSite\",\"@id\":\"https:\/\/tahanpharma.com\/#website\",\"url\":\"https:\/\/tahanpharma.com\/\",\"name\":\"\u5927\u5b89\u5316\u5b78\u88fd\u85e5\u80a1\u4efd\u6709\u9650\u516c\u53f8\",\"description\":\"\u52d5\u7269\u85e5\u54c1\u88fd\u9020\",\"potentialAction\":[{\"@type\":\"SearchAction\",\"target\":{\"@type\":\"EntryPoint\",\"urlTemplate\":\"https:\/\/tahanpharma.com\/?s={search_term_string}\"},\"query-input\":{\"@type\":\"PropertyValueSpecification\",\"valueRequired\":true,\"valueName\":\"search_term_string\"}}],\"inLanguage\":\"vi\"}]}<\/script>\n<!-- \/ Yoast SEO Premium plugin. -->","yoast_head_json":{"title":"\u7d22\u6bd4\u6797-500\u6ce8\u5c04\u5291 - \u5927\u5b89\u5316\u5b78\u88fd\u85e5\u80a1\u4efd\u6709\u9650\u516c\u53f8","robots":{"index":"index","follow":"follow","max-snippet":"max-snippet:-1","max-image-preview":"max-image-preview:large","max-video-preview":"max-video-preview:-1"},"canonical":"https:\/\/tahanpharma.com\/vi\/san-pham\/\u7d22\u6bd4\u6797-500\u6ce8\u5c04\u5291\/","og_locale":"vi_VN","og_type":"article","og_title":"\u7d22\u6bd4\u6797-500\u6ce8\u5c04\u5291","og_description":"\u85e5\u54c1\u540d \uff1a SULPYRIN-500 INJ. \u8a31\u53ef\u8b49\u5b57\u865f \uff1a \u52d5\u7269\u85e5\u88fd\u5b57\u7b2c06934 \u865f \u5291\u578b \uff1a \u6ce8\u5c04\u5291 \u5305\u88dd \uff1a 10mL\/via\u300150mL\/vial\u3001100mL\/vial \u9069\u7528\u52d5\u7269 \uff1a \u725b\u3001\u99ac\u3001\u7f8a\u3001\u8c6c\u3001\u72ac\u3001\u8c93 \u6548\u80fd(\u9069\u61c9\u75c7) \uff1a \u7528\u65bc\u725b\u3001\u99ac\u3001\u7f8a\u3001\u8c6c\u3001\u72ac\u3001\u8c93\u4e4b\u93ae\u75db\u89e3\u75d9\u3002 \u6210\u4efd \uff1a Each mL contains\uff1aSulpyrin\u2026\u2026500mg","og_url":"https:\/\/tahanpharma.com\/vi\/san-pham\/\u7d22\u6bd4\u6797-500\u6ce8\u5c04\u5291\/","og_site_name":"\u5927\u5b89\u5316\u5b78\u88fd\u85e5\u80a1\u4efd\u6709\u9650\u516c\u53f8","article_modified_time":"2025-06-18T10:13:22+00:00","og_image":[{"width":1000,"height":1000,"url":"https:\/\/tahanpharma.com\/wp-content\/uploads\/2025\/06\/\u7d22\u6bd4\u6797-500\u6ce8\u5c04\u5291-01.jpg","type":"image\/jpeg"}],"twitter_card":"summary_large_image","schema":{"@context":"https:\/\/schema.org","@graph":[{"@type":"WebPage","@id":"https:\/\/tahanpharma.com\/product\/%e7%b4%a2%e6%af%94%e6%9e%97-500%e6%b3%a8%e5%b0%84%e5%8a%91\/","url":"https:\/\/tahanpharma.com\/product\/%e7%b4%a2%e6%af%94%e6%9e%97-500%e6%b3%a8%e5%b0%84%e5%8a%91\/","name":"\u7d22\u6bd4\u6797-500\u6ce8\u5c04\u5291 - \u5927\u5b89\u5316\u5b78\u88fd\u85e5\u80a1\u4efd\u6709\u9650\u516c\u53f8","isPartOf":{"@id":"https:\/\/tahanpharma.com\/#website"},"primaryImageOfPage":{"@id":"https:\/\/tahanpharma.com\/product\/%e7%b4%a2%e6%af%94%e6%9e%97-500%e6%b3%a8%e5%b0%84%e5%8a%91\/#primaryimage"},"image":{"@id":"https:\/\/tahanpharma.com\/product\/%e7%b4%a2%e6%af%94%e6%9e%97-500%e6%b3%a8%e5%b0%84%e5%8a%91\/#primaryimage"},"thumbnailUrl":"https:\/\/tahanpharma.com\/wp-content\/uploads\/2025\/06\/\u7d22\u6bd4\u6797-500\u6ce8\u5c04\u5291-01.jpg","datePublished":"2025-06-18T05:50:30+00:00","dateModified":"2025-06-18T10:13:22+00:00","breadcrumb":{"@id":"https:\/\/tahanpharma.com\/product\/%e7%b4%a2%e6%af%94%e6%9e%97-500%e6%b3%a8%e5%b0%84%e5%8a%91\/#breadcrumb"},"inLanguage":"vi","potentialAction":[{"@type":"ReadAction","target":["https:\/\/tahanpharma.com\/product\/%e7%b4%a2%e6%af%94%e6%9e%97-500%e6%b3%a8%e5%b0%84%e5%8a%91\/"]}]},{"@type":"ImageObject","inLanguage":"vi","@id":"https:\/\/tahanpharma.com\/product\/%e7%b4%a2%e6%af%94%e6%9e%97-500%e6%b3%a8%e5%b0%84%e5%8a%91\/#primaryimage","url":"https:\/\/tahanpharma.com\/wp-content\/uploads\/2025\/06\/\u7d22\u6bd4\u6797-500\u6ce8\u5c04\u5291-01.jpg","contentUrl":"https:\/\/tahanpharma.com\/wp-content\/uploads\/2025\/06\/\u7d22\u6bd4\u6797-500\u6ce8\u5c04\u5291-01.jpg","width":1000,"height":1000},{"@type":"BreadcrumbList","@id":"https:\/\/tahanpharma.com\/product\/%e7%b4%a2%e6%af%94%e6%9e%97-500%e6%b3%a8%e5%b0%84%e5%8a%91\/#breadcrumb","itemListElement":[{"@type":"ListItem","position":1,"name":"\u9996\u9801","item":"https:\/\/tahanpharma.com\/"},{"@type":"ListItem","position":2,"name":"\u7522\u54c1\u7c21\u4ecb","item":"https:\/\/tahanpharma.com\/product\/"},{"@type":"ListItem","position":3,"name":"\u7d22\u6bd4\u6797-500\u6ce8\u5c04\u5291"}]},{"@type":"WebSite","@id":"https:\/\/tahanpharma.com\/#website","url":"https:\/\/tahanpharma.com\/","name":"\u5927\u5b89\u5316\u5b78\u88fd\u85e5\u80a1\u4efd\u6709\u9650\u516c\u53f8","description":"\u52d5\u7269\u85e5\u54c1\u88fd\u9020","potentialAction":[{"@type":"SearchAction","target":{"@type":"EntryPoint","urlTemplate":"https:\/\/tahanpharma.com\/?s={search_term_string}"},"query-input":{"@type":"PropertyValueSpecification","valueRequired":true,"valueName":"search_term_string"}}],"inLanguage":"vi"}]}},"_links":{"self":[{"href":"https:\/\/tahanpharma.com\/vi\/wp-json\/wp\/v2\/product\/2007","targetHints":{"allow":["GET"]}}],"collection":[{"href":"https:\/\/tahanpharma.com\/vi\/wp-json\/wp\/v2\/product"}],"about":[{"href":"https:\/\/tahanpharma.com\/vi\/wp-json\/wp\/v2\/types\/product"}],"replies":[{"embeddable":true,"href":"https:\/\/tahanpharma.com\/vi\/wp-json\/wp\/v2\/comments?post=2007"}],"wp:featuredmedia":[{"embeddable":true,"href":"https:\/\/tahanpharma.com\/vi\/wp-json\/wp\/v2\/media\/2008"}],"wp:attachment":[{"href":"https:\/\/tahanpharma.com\/vi\/wp-json\/wp\/v2\/media?parent=2007"}],"wp:term":[{"taxonomy":"product_brand","embeddable":true,"href":"https:\/\/tahanpharma.com\/vi\/wp-json\/wp\/v2\/product_brand?post=2007"},{"taxonomy":"product_cat","embeddable":true,"href":"https:\/\/tahanpharma.com\/vi\/wp-json\/wp\/v2\/product_cat?post=2007"},{"taxonomy":"product_tag","embeddable":true,"href":"https:\/\/tahanpharma.com\/vi\/wp-json\/wp\/v2\/product_tag?post=2007"}],"curies":[{"name":"wp","href":"https:\/\/api.w.org\/{rel}","templated":true}]}}