{"id":2015,"date":"2025-06-18T14:11:12","date_gmt":"2025-06-18T06:11:12","guid":{"rendered":"https:\/\/tahanpharma.com\/?post_type=product&#038;p=2015"},"modified":"2025-06-18T18:09:22","modified_gmt":"2025-06-18T10:09:22","slug":"%e5%a4%a7%e5%ae%89%e6%9e%97%e5%8f%af-30%e6%b3%a8%e5%b0%84%e6%b6%b2","status":"publish","type":"product","link":"https:\/\/tahanpharma.com\/vi\/san-pham\/%e5%a4%a7%e5%ae%89%e6%9e%97%e5%8f%af-30%e6%b3%a8%e5%b0%84%e6%b6%b2\/","title":{"rendered":"Thu\u1ed1c ti\u00eam Daanlink-30"},"content":{"rendered":"<p>Ti\u00eam 0,03-0,06 ml thu\u1ed1c n\u00e0y cho m\u1ed7i kg th\u1ec3 tr\u1ecdng, t\u0103ng ho\u1eb7c gi\u1ea3m li\u1ec1u t\u00f9y theo tri\u1ec7u ch\u1ee9ng, ti\u00eam b\u1eafp ho\u1eb7c ti\u00eam t\u0129nh m\u1ea1ch m\u1ed9t l\u1ea7n m\u1ed7i ng\u00e0y.<\/p>","protected":false},"excerpt":{"rendered":"<p>T\u00ean thu\u1ed1c: LINCO-30 INJ<br \/>\nS\u1ed1 gi\u1ea5y ph\u00e9p: Gi\u1ea5y ph\u00e9p thu\u1ed1c th\u00fa y s\u1ed1 08881<br \/>\nD\u1ea1ng b\u00e0o ch\u1ebf: Ti\u00eam<br \/>\nBao b\u00ec: 10ml, 20ml, 100ml, 250ml, 500ml<br \/>\n\u0110\u1ed9ng v\u1eadt \u00e1p d\u1ee5ng: ch\u00f3, m\u00e8o, g\u00e0, l\u1ee3n<br \/>\nC\u00f4ng d\u1ee5ng (ch\u1ec9 \u0111\u1ecbnh): Ch\u00f3 v\u00e0 m\u00e8o: \u0110i\u1ec1u tr\u1ecb vi\u00eam ph\u1ed5i, vi\u00eam kh\u00ed qu\u1ea3n v\u00e0 vi\u00eam m\u00e0ng n\u00e3o do vi khu\u1ea9n nh\u1ea1y c\u1ea3m v\u1edbi thu\u1ed1c n\u00e0y g\u00e2y ra. G\u00e0 (tr\u1eeb g\u00e0 m\u00e1i \u0111\u1ebb): \u0110i\u1ec1u tr\u1ecb b\u1ec7nh h\u00f4 h\u1ea5p m\u00e3n t\u00ednh v\u00e0 vi\u00eam m\u0169i truy\u1ec1n nhi\u1ec5m \u1edf g\u00e0. L\u1ee3n: \u0110i\u1ec1u tr\u1ecb vi\u00eam ph\u1ed5i, vi\u00eam kh\u00ed qu\u1ea3n, vi\u00eam m\u00e0ng n\u00e3o v\u00e0 b\u1ec7nh nhi\u1ec5m x\u1ea1 do vi khu\u1ea9n nh\u1ea1y c\u1ea3m v\u1edbi thu\u1ed1c n\u00e0y g\u00e2y ra.<br \/>\nTh\u00e0nh ph\u1ea7n: M\u1ed7i mL ch\u1ee9a:<br \/>\nLincomycin HCl\u2026300mg (hi\u1ec7u l\u1ef1c)<\/p>","protected":false},"featured_media":2016,"comment_status":"open","ping_status":"closed","template":"","meta":[],"product_brand":[],"product_cat":[45,49,46,68,69,61,64,51,48,52],"product_tag":[],"class_list":{"0":"post-2015","1":"product","2":"type-product","3":"status-publish","4":"has-post-thumbnail","6":"product_cat-45","7":"product_cat-49","8":"product_cat-46","9":"product_cat-68","10":"product_cat-69","11":"product_cat-61","12":"product_cat-64","13":"product_cat-51","14":"product_cat-48","15":"product_cat-52","17":"first","18":"instock","19":"shipping-taxable","20":"product-type-simple"},"yoast_head":"<!-- This site is optimized with the Yoast SEO Premium plugin v25.3.1 (Yoast SEO v25.4) - https:\/\/yoast.com\/wordpress\/plugins\/seo\/ -->\n<title>\u5927\u5b89\u6797\u53ef-30\u6ce8\u5c04\u6db2 - \u5927\u5b89\u5316\u5b78\u88fd\u85e5\u80a1\u4efd\u6709\u9650\u516c\u53f8<\/title>\n<meta name=\"robots\" content=\"index, follow, max-snippet:-1, max-image-preview:large, max-video-preview:-1\" \/>\n<link rel=\"canonical\" href=\"https:\/\/tahanpharma.com\/vi\/san-pham\/\u5927\u5b89\u6797\u53ef-30\u6ce8\u5c04\u6db2\/\" \/>\n<meta property=\"og:locale\" content=\"vi_VN\" \/>\n<meta property=\"og:type\" content=\"article\" \/>\n<meta property=\"og:title\" content=\"\u5927\u5b89\u6797\u53ef-30\u6ce8\u5c04\u6db2\" \/>\n<meta property=\"og:description\" content=\"\u85e5\u54c1\u540d \uff1a LINCO-30 INJ \u8a31\u53ef\u8b49\u5b57\u865f \uff1a \u52d5\u7269\u85e5\u88fd\u5b57\u7b2c08881\u865f \u5291\u578b \uff1a \u6ce8\u5c04\u5291 \u5305\u88dd \uff1a 10ml,20ml,100ml,250ml,500ml \u9069\u7528\u52d5\u7269 \uff1a \u72ac\u3001\u8c93\u3001\u96de\u3001\u8c6c \u6548\u80fd(\u9069\u61c9\u75c7) \uff1a \u72ac\u3001\u8c93\uff1a\u6cbb\u7642\u5c0d\u672c\u5291\u5177\u611f\u53d7\u6027\u7d30\u83cc\u5f15\u8d77\u4e4b\u80ba\u708e\u3001\u6c23\u7ba1\u708e\u3001\u8166\u819c\u708e\u3002 \u96de(\u7522\u86cb\u96de\u9664\u5916)\uff1a\u6cbb\u7642\u96de\u6162\u6027\u547c\u5438\u5668\u75c5\u3001\u96de\u50b3\u67d3\u6027\u9f3b\u708e\u3002 \u8c6c\uff1a\u6cbb\u7642\u5c0d\u672c\u5291\u5177\u611f\u53d7\u6027\u7d30\u83cc\u5f15\u8d77\u4e4b\u80ba\u708e\u3001\u6c23\u7ba1\u708e\u3001\u8166\u819c\u708e\u3001\u653e\u7dda\u687f\u83cc\u75c7\u3002 \u6210\u4efd \uff1a Each mL contains\uff1a Lincomycin HCl \u2026\u2026300mg (potency)\" \/>\n<meta property=\"og:url\" content=\"https:\/\/tahanpharma.com\/vi\/san-pham\/\u5927\u5b89\u6797\u53ef-30\u6ce8\u5c04\u6db2\/\" \/>\n<meta property=\"og:site_name\" content=\"\u5927\u5b89\u5316\u5b78\u88fd\u85e5\u80a1\u4efd\u6709\u9650\u516c\u53f8\" \/>\n<meta property=\"article:modified_time\" content=\"2025-06-18T10:09:22+00:00\" \/>\n<meta property=\"og:image\" content=\"https:\/\/tahanpharma.com\/wp-content\/uploads\/2025\/06\/\u5927\u5b89\u6797\u53ef-30\u6ce8\u5c04\u6db2-01.jpg\" \/>\n\t<meta property=\"og:image:width\" content=\"500\" \/>\n\t<meta property=\"og:image:height\" content=\"500\" \/>\n\t<meta property=\"og:image:type\" content=\"image\/jpeg\" \/>\n<meta name=\"twitter:card\" content=\"summary_large_image\" \/>\n<script type=\"application\/ld+json\" class=\"yoast-schema-graph\">{\"@context\":\"https:\/\/schema.org\",\"@graph\":[{\"@type\":\"WebPage\",\"@id\":\"https:\/\/tahanpharma.com\/product\/%e5%a4%a7%e5%ae%89%e6%9e%97%e5%8f%af-30%e6%b3%a8%e5%b0%84%e6%b6%b2\/\",\"url\":\"https:\/\/tahanpharma.com\/product\/%e5%a4%a7%e5%ae%89%e6%9e%97%e5%8f%af-30%e6%b3%a8%e5%b0%84%e6%b6%b2\/\",\"name\":\"\u5927\u5b89\u6797\u53ef-30\u6ce8\u5c04\u6db2 - \u5927\u5b89\u5316\u5b78\u88fd\u85e5\u80a1\u4efd\u6709\u9650\u516c\u53f8\",\"isPartOf\":{\"@id\":\"https:\/\/tahanpharma.com\/#website\"},\"primaryImageOfPage\":{\"@id\":\"https:\/\/tahanpharma.com\/product\/%e5%a4%a7%e5%ae%89%e6%9e%97%e5%8f%af-30%e6%b3%a8%e5%b0%84%e6%b6%b2\/#primaryimage\"},\"image\":{\"@id\":\"https:\/\/tahanpharma.com\/product\/%e5%a4%a7%e5%ae%89%e6%9e%97%e5%8f%af-30%e6%b3%a8%e5%b0%84%e6%b6%b2\/#primaryimage\"},\"thumbnailUrl\":\"https:\/\/tahanpharma.com\/wp-content\/uploads\/2025\/06\/\u5927\u5b89\u6797\u53ef-30\u6ce8\u5c04\u6db2-01.jpg\",\"datePublished\":\"2025-06-18T06:11:12+00:00\",\"dateModified\":\"2025-06-18T10:09:22+00:00\",\"breadcrumb\":{\"@id\":\"https:\/\/tahanpharma.com\/product\/%e5%a4%a7%e5%ae%89%e6%9e%97%e5%8f%af-30%e6%b3%a8%e5%b0%84%e6%b6%b2\/#breadcrumb\"},\"inLanguage\":\"vi\",\"potentialAction\":[{\"@type\":\"ReadAction\",\"target\":[\"https:\/\/tahanpharma.com\/product\/%e5%a4%a7%e5%ae%89%e6%9e%97%e5%8f%af-30%e6%b3%a8%e5%b0%84%e6%b6%b2\/\"]}]},{\"@type\":\"ImageObject\",\"inLanguage\":\"vi\",\"@id\":\"https:\/\/tahanpharma.com\/product\/%e5%a4%a7%e5%ae%89%e6%9e%97%e5%8f%af-30%e6%b3%a8%e5%b0%84%e6%b6%b2\/#primaryimage\",\"url\":\"https:\/\/tahanpharma.com\/wp-content\/uploads\/2025\/06\/\u5927\u5b89\u6797\u53ef-30\u6ce8\u5c04\u6db2-01.jpg\",\"contentUrl\":\"https:\/\/tahanpharma.com\/wp-content\/uploads\/2025\/06\/\u5927\u5b89\u6797\u53ef-30\u6ce8\u5c04\u6db2-01.jpg\",\"width\":500,\"height\":500},{\"@type\":\"BreadcrumbList\",\"@id\":\"https:\/\/tahanpharma.com\/product\/%e5%a4%a7%e5%ae%89%e6%9e%97%e5%8f%af-30%e6%b3%a8%e5%b0%84%e6%b6%b2\/#breadcrumb\",\"itemListElement\":[{\"@type\":\"ListItem\",\"position\":1,\"name\":\"\u9996\u9801\",\"item\":\"https:\/\/tahanpharma.com\/\"},{\"@type\":\"ListItem\",\"position\":2,\"name\":\"\u7522\u54c1\u7c21\u4ecb\",\"item\":\"https:\/\/tahanpharma.com\/product\/\"},{\"@type\":\"ListItem\",\"position\":3,\"name\":\"\u5927\u5b89\u6797\u53ef-30\u6ce8\u5c04\u6db2\"}]},{\"@type\":\"WebSite\",\"@id\":\"https:\/\/tahanpharma.com\/#website\",\"url\":\"https:\/\/tahanpharma.com\/\",\"name\":\"\u5927\u5b89\u5316\u5b78\u88fd\u85e5\u80a1\u4efd\u6709\u9650\u516c\u53f8\",\"description\":\"\u52d5\u7269\u85e5\u54c1\u88fd\u9020\",\"potentialAction\":[{\"@type\":\"SearchAction\",\"target\":{\"@type\":\"EntryPoint\",\"urlTemplate\":\"https:\/\/tahanpharma.com\/?s={search_term_string}\"},\"query-input\":{\"@type\":\"PropertyValueSpecification\",\"valueRequired\":true,\"valueName\":\"search_term_string\"}}],\"inLanguage\":\"vi\"}]}<\/script>\n<!-- \/ Yoast SEO Premium plugin. -->","yoast_head_json":{"title":"\u5927\u5b89\u6797\u53ef-30\u6ce8\u5c04\u6db2 - \u5927\u5b89\u5316\u5b78\u88fd\u85e5\u80a1\u4efd\u6709\u9650\u516c\u53f8","robots":{"index":"index","follow":"follow","max-snippet":"max-snippet:-1","max-image-preview":"max-image-preview:large","max-video-preview":"max-video-preview:-1"},"canonical":"https:\/\/tahanpharma.com\/vi\/san-pham\/\u5927\u5b89\u6797\u53ef-30\u6ce8\u5c04\u6db2\/","og_locale":"vi_VN","og_type":"article","og_title":"\u5927\u5b89\u6797\u53ef-30\u6ce8\u5c04\u6db2","og_description":"\u85e5\u54c1\u540d \uff1a LINCO-30 INJ \u8a31\u53ef\u8b49\u5b57\u865f \uff1a \u52d5\u7269\u85e5\u88fd\u5b57\u7b2c08881\u865f \u5291\u578b \uff1a \u6ce8\u5c04\u5291 \u5305\u88dd \uff1a 10ml,20ml,100ml,250ml,500ml \u9069\u7528\u52d5\u7269 \uff1a \u72ac\u3001\u8c93\u3001\u96de\u3001\u8c6c \u6548\u80fd(\u9069\u61c9\u75c7) \uff1a \u72ac\u3001\u8c93\uff1a\u6cbb\u7642\u5c0d\u672c\u5291\u5177\u611f\u53d7\u6027\u7d30\u83cc\u5f15\u8d77\u4e4b\u80ba\u708e\u3001\u6c23\u7ba1\u708e\u3001\u8166\u819c\u708e\u3002 \u96de(\u7522\u86cb\u96de\u9664\u5916)\uff1a\u6cbb\u7642\u96de\u6162\u6027\u547c\u5438\u5668\u75c5\u3001\u96de\u50b3\u67d3\u6027\u9f3b\u708e\u3002 \u8c6c\uff1a\u6cbb\u7642\u5c0d\u672c\u5291\u5177\u611f\u53d7\u6027\u7d30\u83cc\u5f15\u8d77\u4e4b\u80ba\u708e\u3001\u6c23\u7ba1\u708e\u3001\u8166\u819c\u708e\u3001\u653e\u7dda\u687f\u83cc\u75c7\u3002 \u6210\u4efd \uff1a Each mL contains\uff1a Lincomycin HCl \u2026\u2026300mg (potency)","og_url":"https:\/\/tahanpharma.com\/vi\/san-pham\/\u5927\u5b89\u6797\u53ef-30\u6ce8\u5c04\u6db2\/","og_site_name":"\u5927\u5b89\u5316\u5b78\u88fd\u85e5\u80a1\u4efd\u6709\u9650\u516c\u53f8","article_modified_time":"2025-06-18T10:09:22+00:00","og_image":[{"width":500,"height":500,"url":"https:\/\/tahanpharma.com\/wp-content\/uploads\/2025\/06\/\u5927\u5b89\u6797\u53ef-30\u6ce8\u5c04\u6db2-01.jpg","type":"image\/jpeg"}],"twitter_card":"summary_large_image","schema":{"@context":"https:\/\/schema.org","@graph":[{"@type":"WebPage","@id":"https:\/\/tahanpharma.com\/product\/%e5%a4%a7%e5%ae%89%e6%9e%97%e5%8f%af-30%e6%b3%a8%e5%b0%84%e6%b6%b2\/","url":"https:\/\/tahanpharma.com\/product\/%e5%a4%a7%e5%ae%89%e6%9e%97%e5%8f%af-30%e6%b3%a8%e5%b0%84%e6%b6%b2\/","name":"\u5927\u5b89\u6797\u53ef-30\u6ce8\u5c04\u6db2 - \u5927\u5b89\u5316\u5b78\u88fd\u85e5\u80a1\u4efd\u6709\u9650\u516c\u53f8","isPartOf":{"@id":"https:\/\/tahanpharma.com\/#website"},"primaryImageOfPage":{"@id":"https:\/\/tahanpharma.com\/product\/%e5%a4%a7%e5%ae%89%e6%9e%97%e5%8f%af-30%e6%b3%a8%e5%b0%84%e6%b6%b2\/#primaryimage"},"image":{"@id":"https:\/\/tahanpharma.com\/product\/%e5%a4%a7%e5%ae%89%e6%9e%97%e5%8f%af-30%e6%b3%a8%e5%b0%84%e6%b6%b2\/#primaryimage"},"thumbnailUrl":"https:\/\/tahanpharma.com\/wp-content\/uploads\/2025\/06\/\u5927\u5b89\u6797\u53ef-30\u6ce8\u5c04\u6db2-01.jpg","datePublished":"2025-06-18T06:11:12+00:00","dateModified":"2025-06-18T10:09:22+00:00","breadcrumb":{"@id":"https:\/\/tahanpharma.com\/product\/%e5%a4%a7%e5%ae%89%e6%9e%97%e5%8f%af-30%e6%b3%a8%e5%b0%84%e6%b6%b2\/#breadcrumb"},"inLanguage":"vi","potentialAction":[{"@type":"ReadAction","target":["https:\/\/tahanpharma.com\/product\/%e5%a4%a7%e5%ae%89%e6%9e%97%e5%8f%af-30%e6%b3%a8%e5%b0%84%e6%b6%b2\/"]}]},{"@type":"ImageObject","inLanguage":"vi","@id":"https:\/\/tahanpharma.com\/product\/%e5%a4%a7%e5%ae%89%e6%9e%97%e5%8f%af-30%e6%b3%a8%e5%b0%84%e6%b6%b2\/#primaryimage","url":"https:\/\/tahanpharma.com\/wp-content\/uploads\/2025\/06\/\u5927\u5b89\u6797\u53ef-30\u6ce8\u5c04\u6db2-01.jpg","contentUrl":"https:\/\/tahanpharma.com\/wp-content\/uploads\/2025\/06\/\u5927\u5b89\u6797\u53ef-30\u6ce8\u5c04\u6db2-01.jpg","width":500,"height":500},{"@type":"BreadcrumbList","@id":"https:\/\/tahanpharma.com\/product\/%e5%a4%a7%e5%ae%89%e6%9e%97%e5%8f%af-30%e6%b3%a8%e5%b0%84%e6%b6%b2\/#breadcrumb","itemListElement":[{"@type":"ListItem","position":1,"name":"\u9996\u9801","item":"https:\/\/tahanpharma.com\/"},{"@type":"ListItem","position":2,"name":"\u7522\u54c1\u7c21\u4ecb","item":"https:\/\/tahanpharma.com\/product\/"},{"@type":"ListItem","position":3,"name":"\u5927\u5b89\u6797\u53ef-30\u6ce8\u5c04\u6db2"}]},{"@type":"WebSite","@id":"https:\/\/tahanpharma.com\/#website","url":"https:\/\/tahanpharma.com\/","name":"\u5927\u5b89\u5316\u5b78\u88fd\u85e5\u80a1\u4efd\u6709\u9650\u516c\u53f8","description":"\u52d5\u7269\u85e5\u54c1\u88fd\u9020","potentialAction":[{"@type":"SearchAction","target":{"@type":"EntryPoint","urlTemplate":"https:\/\/tahanpharma.com\/?s={search_term_string}"},"query-input":{"@type":"PropertyValueSpecification","valueRequired":true,"valueName":"search_term_string"}}],"inLanguage":"vi"}]}},"_links":{"self":[{"href":"https:\/\/tahanpharma.com\/vi\/wp-json\/wp\/v2\/product\/2015","targetHints":{"allow":["GET"]}}],"collection":[{"href":"https:\/\/tahanpharma.com\/vi\/wp-json\/wp\/v2\/product"}],"about":[{"href":"https:\/\/tahanpharma.com\/vi\/wp-json\/wp\/v2\/types\/product"}],"replies":[{"embeddable":true,"href":"https:\/\/tahanpharma.com\/vi\/wp-json\/wp\/v2\/comments?post=2015"}],"wp:featuredmedia":[{"embeddable":true,"href":"https:\/\/tahanpharma.com\/vi\/wp-json\/wp\/v2\/media\/2016"}],"wp:attachment":[{"href":"https:\/\/tahanpharma.com\/vi\/wp-json\/wp\/v2\/media?parent=2015"}],"wp:term":[{"taxonomy":"product_brand","embeddable":true,"href":"https:\/\/tahanpharma.com\/vi\/wp-json\/wp\/v2\/product_brand?post=2015"},{"taxonomy":"product_cat","embeddable":true,"href":"https:\/\/tahanpharma.com\/vi\/wp-json\/wp\/v2\/product_cat?post=2015"},{"taxonomy":"product_tag","embeddable":true,"href":"https:\/\/tahanpharma.com\/vi\/wp-json\/wp\/v2\/product_tag?post=2015"}],"curies":[{"name":"wp","href":"https:\/\/api.w.org\/{rel}","templated":true}]}}