{"id":2017,"date":"2025-06-18T14:12:11","date_gmt":"2025-06-18T06:12:11","guid":{"rendered":"https:\/\/tahanpharma.com\/?post_type=product&#038;p=2017"},"modified":"2025-06-18T14:12:11","modified_gmt":"2025-06-18T06:12:11","slug":"%e7%ab%8b%e5%8f%af%e9%9d%88-%e4%b9%be%e7%b2%89%e6%b3%a8%e5%b0%84%e5%8a%91","status":"publish","type":"product","link":"https:\/\/tahanpharma.com\/vi\/san-pham\/%e7%ab%8b%e5%8f%af%e9%9d%88-%e4%b9%be%e7%b2%89%e6%b3%a8%e5%b0%84%e5%8a%91\/","title":{"rendered":"Thu\u1ed1c ti\u00eam b\u1ed9t kh\u00f4 Licolin"},"content":{"rendered":"<p>Ti\u00eam b\u1eafp<br \/>\nH\u00f2a tan trong n\u01b0\u1edbc pha ti\u00eam v\u00e0 pha lo\u00e3ng th\u00e0nh 100 ml (t\u1ee9c l\u00e0 100 mg\/ml). Ti\u00eam 5-11 mg\/kg th\u1ec3 tr\u1ecdng m\u1ed7i ng\u00e0y.<\/p>\n<p>Th\u1eddi gian r\u00fat ti\u1ec1n: 7 ng\u00e0y<\/p>","protected":false},"excerpt":{"rendered":"<p>T\u00ean thu\u1ed1c: LINCOLIN<br \/>\nS\u1ed1 gi\u1ea5y ph\u00e9p: Gi\u1ea5y ph\u00e9p thu\u1ed1c th\u00fa y s\u1ed1 07996<br \/>\nD\u1ea1ng b\u00e0o ch\u1ebf: Ti\u00eam<br \/>\n\u0110\u00f3ng g\u00f3i: 10gm<br \/>\n\u0110\u1ed9ng v\u1eadt \u00e1p d\u1ee5ng: L\u1ee3n<br \/>\nC\u00f4ng d\u1ee5ng (Ch\u1ec9 \u0111\u1ecbnh): L\u1ee3n: Tr\u1ecb vi\u00eam ph\u1ed5i, nhi\u1ec5m tr\u00f9ng da, vi\u00eam kh\u1edbp m\u1ee7, vi\u00eam b\u00e0ng quang v\u00e0 b\u1ec7nh l\u1ef5 \u1edf l\u1ee3n do t\u1ee5 c\u1ea7u, li\u00ean c\u1ea7u,... g\u00e2y ra.<br \/>\nTh\u00e0nh ph\u1ea7n: M\u1ed7i l\u1ecd ch\u1ee9a Lincomycin HCl\u202610gm (H\u1ed9p)<\/p>","protected":false},"featured_media":2018,"comment_status":"open","ping_status":"closed","template":"","meta":[],"product_brand":[],"product_cat":[45,68,48],"product_tag":[],"class_list":{"0":"post-2017","1":"product","2":"type-product","3":"status-publish","4":"has-post-thumbnail","6":"product_cat-45","7":"product_cat-68","8":"product_cat-48","10":"first","11":"instock","12":"shipping-taxable","13":"product-type-simple"},"yoast_head":"<!-- This site is optimized with the Yoast SEO Premium plugin v25.3.1 (Yoast SEO v25.4) - https:\/\/yoast.com\/wordpress\/plugins\/seo\/ -->\n<title>\u7acb\u53ef\u9748 \u4e7e\u7c89\u6ce8\u5c04\u5291 - \u5927\u5b89\u5316\u5b78\u88fd\u85e5\u80a1\u4efd\u6709\u9650\u516c\u53f8<\/title>\n<meta name=\"robots\" content=\"index, follow, max-snippet:-1, max-image-preview:large, max-video-preview:-1\" \/>\n<link rel=\"canonical\" href=\"https:\/\/tahanpharma.com\/vi\/san-pham\/\u7acb\u53ef\u9748-\u4e7e\u7c89\u6ce8\u5c04\u5291\/\" \/>\n<meta property=\"og:locale\" content=\"vi_VN\" \/>\n<meta property=\"og:type\" content=\"article\" \/>\n<meta property=\"og:title\" content=\"\u7acb\u53ef\u9748 \u4e7e\u7c89\u6ce8\u5c04\u5291\" \/>\n<meta property=\"og:description\" content=\"\u85e5\u54c1\u540d \uff1a LINCOLIN \u8a31\u53ef\u8b49\u5b57\u865f \uff1a \u52d5\u7269\u85e5\u88fd\u5b57\u7b2c07996\u865f \u5291\u578b \uff1a \u6ce8\u5c04\u5291 \u5305\u88dd \uff1a 10gm \u9069\u7528\u52d5\u7269 \uff1a \u8c6c \u6548\u80fd(\u9069\u61c9\u75c7) \uff1a \u8c6c\uff1a\u6cbb\u7642\u8461\u8404\u7403\u83cc\u3001\u93c8\u7403\u83cc\u7b49\u6240\u5f15\u8d77\u4e4b\u80ba\u708e\u3001\u76ae\u819a\u611f\u67d3\u3001\u5316\u81bf\u6027\u95dc\u7bc0\u708e\u3001\u8180\u80f1\u708e\u53ca\u8c6c\u8d64\u75e2\u3002 \u6210\u4efd \uff1a \u6bcf\u74f6\u4e2d\u542b\u6709 Lincomycin HCl\u202610gm(Pot. )\" \/>\n<meta property=\"og:url\" content=\"https:\/\/tahanpharma.com\/vi\/san-pham\/\u7acb\u53ef\u9748-\u4e7e\u7c89\u6ce8\u5c04\u5291\/\" \/>\n<meta property=\"og:site_name\" content=\"\u5927\u5b89\u5316\u5b78\u88fd\u85e5\u80a1\u4efd\u6709\u9650\u516c\u53f8\" \/>\n<meta property=\"og:image\" content=\"https:\/\/tahanpharma.com\/wp-content\/uploads\/2025\/06\/\u7acb\u53ef\u9748-\u4e7e\u7c89\u6ce8\u5c04\u5291-01.jpg\" \/>\n\t<meta property=\"og:image:width\" content=\"500\" \/>\n\t<meta property=\"og:image:height\" content=\"500\" \/>\n\t<meta property=\"og:image:type\" content=\"image\/jpeg\" \/>\n<meta name=\"twitter:card\" content=\"summary_large_image\" \/>\n<script type=\"application\/ld+json\" class=\"yoast-schema-graph\">{\"@context\":\"https:\/\/schema.org\",\"@graph\":[{\"@type\":\"WebPage\",\"@id\":\"https:\/\/tahanpharma.com\/product\/%e7%ab%8b%e5%8f%af%e9%9d%88-%e4%b9%be%e7%b2%89%e6%b3%a8%e5%b0%84%e5%8a%91\/\",\"url\":\"https:\/\/tahanpharma.com\/product\/%e7%ab%8b%e5%8f%af%e9%9d%88-%e4%b9%be%e7%b2%89%e6%b3%a8%e5%b0%84%e5%8a%91\/\",\"name\":\"\u7acb\u53ef\u9748 \u4e7e\u7c89\u6ce8\u5c04\u5291 - \u5927\u5b89\u5316\u5b78\u88fd\u85e5\u80a1\u4efd\u6709\u9650\u516c\u53f8\",\"isPartOf\":{\"@id\":\"https:\/\/tahanpharma.com\/#website\"},\"primaryImageOfPage\":{\"@id\":\"https:\/\/tahanpharma.com\/product\/%e7%ab%8b%e5%8f%af%e9%9d%88-%e4%b9%be%e7%b2%89%e6%b3%a8%e5%b0%84%e5%8a%91\/#primaryimage\"},\"image\":{\"@id\":\"https:\/\/tahanpharma.com\/product\/%e7%ab%8b%e5%8f%af%e9%9d%88-%e4%b9%be%e7%b2%89%e6%b3%a8%e5%b0%84%e5%8a%91\/#primaryimage\"},\"thumbnailUrl\":\"https:\/\/tahanpharma.com\/wp-content\/uploads\/2025\/06\/\u7acb\u53ef\u9748-\u4e7e\u7c89\u6ce8\u5c04\u5291-01.jpg\",\"datePublished\":\"2025-06-18T06:12:11+00:00\",\"breadcrumb\":{\"@id\":\"https:\/\/tahanpharma.com\/product\/%e7%ab%8b%e5%8f%af%e9%9d%88-%e4%b9%be%e7%b2%89%e6%b3%a8%e5%b0%84%e5%8a%91\/#breadcrumb\"},\"inLanguage\":\"vi\",\"potentialAction\":[{\"@type\":\"ReadAction\",\"target\":[\"https:\/\/tahanpharma.com\/product\/%e7%ab%8b%e5%8f%af%e9%9d%88-%e4%b9%be%e7%b2%89%e6%b3%a8%e5%b0%84%e5%8a%91\/\"]}]},{\"@type\":\"ImageObject\",\"inLanguage\":\"vi\",\"@id\":\"https:\/\/tahanpharma.com\/product\/%e7%ab%8b%e5%8f%af%e9%9d%88-%e4%b9%be%e7%b2%89%e6%b3%a8%e5%b0%84%e5%8a%91\/#primaryimage\",\"url\":\"https:\/\/tahanpharma.com\/wp-content\/uploads\/2025\/06\/\u7acb\u53ef\u9748-\u4e7e\u7c89\u6ce8\u5c04\u5291-01.jpg\",\"contentUrl\":\"https:\/\/tahanpharma.com\/wp-content\/uploads\/2025\/06\/\u7acb\u53ef\u9748-\u4e7e\u7c89\u6ce8\u5c04\u5291-01.jpg\",\"width\":500,\"height\":500},{\"@type\":\"BreadcrumbList\",\"@id\":\"https:\/\/tahanpharma.com\/product\/%e7%ab%8b%e5%8f%af%e9%9d%88-%e4%b9%be%e7%b2%89%e6%b3%a8%e5%b0%84%e5%8a%91\/#breadcrumb\",\"itemListElement\":[{\"@type\":\"ListItem\",\"position\":1,\"name\":\"\u9996\u9801\",\"item\":\"https:\/\/tahanpharma.com\/\"},{\"@type\":\"ListItem\",\"position\":2,\"name\":\"\u7522\u54c1\u7c21\u4ecb\",\"item\":\"https:\/\/tahanpharma.com\/product\/\"},{\"@type\":\"ListItem\",\"position\":3,\"name\":\"\u7acb\u53ef\u9748 \u4e7e\u7c89\u6ce8\u5c04\u5291\"}]},{\"@type\":\"WebSite\",\"@id\":\"https:\/\/tahanpharma.com\/#website\",\"url\":\"https:\/\/tahanpharma.com\/\",\"name\":\"\u5927\u5b89\u5316\u5b78\u88fd\u85e5\u80a1\u4efd\u6709\u9650\u516c\u53f8\",\"description\":\"\u52d5\u7269\u85e5\u54c1\u88fd\u9020\",\"potentialAction\":[{\"@type\":\"SearchAction\",\"target\":{\"@type\":\"EntryPoint\",\"urlTemplate\":\"https:\/\/tahanpharma.com\/?s={search_term_string}\"},\"query-input\":{\"@type\":\"PropertyValueSpecification\",\"valueRequired\":true,\"valueName\":\"search_term_string\"}}],\"inLanguage\":\"vi\"}]}<\/script>\n<!-- \/ Yoast SEO Premium plugin. -->","yoast_head_json":{"title":"\u7acb\u53ef\u9748 \u4e7e\u7c89\u6ce8\u5c04\u5291 - \u5927\u5b89\u5316\u5b78\u88fd\u85e5\u80a1\u4efd\u6709\u9650\u516c\u53f8","robots":{"index":"index","follow":"follow","max-snippet":"max-snippet:-1","max-image-preview":"max-image-preview:large","max-video-preview":"max-video-preview:-1"},"canonical":"https:\/\/tahanpharma.com\/vi\/san-pham\/\u7acb\u53ef\u9748-\u4e7e\u7c89\u6ce8\u5c04\u5291\/","og_locale":"vi_VN","og_type":"article","og_title":"\u7acb\u53ef\u9748 \u4e7e\u7c89\u6ce8\u5c04\u5291","og_description":"\u85e5\u54c1\u540d \uff1a LINCOLIN \u8a31\u53ef\u8b49\u5b57\u865f \uff1a \u52d5\u7269\u85e5\u88fd\u5b57\u7b2c07996\u865f \u5291\u578b \uff1a \u6ce8\u5c04\u5291 \u5305\u88dd \uff1a 10gm \u9069\u7528\u52d5\u7269 \uff1a \u8c6c \u6548\u80fd(\u9069\u61c9\u75c7) \uff1a \u8c6c\uff1a\u6cbb\u7642\u8461\u8404\u7403\u83cc\u3001\u93c8\u7403\u83cc\u7b49\u6240\u5f15\u8d77\u4e4b\u80ba\u708e\u3001\u76ae\u819a\u611f\u67d3\u3001\u5316\u81bf\u6027\u95dc\u7bc0\u708e\u3001\u8180\u80f1\u708e\u53ca\u8c6c\u8d64\u75e2\u3002 \u6210\u4efd \uff1a \u6bcf\u74f6\u4e2d\u542b\u6709 Lincomycin HCl\u202610gm(Pot. )","og_url":"https:\/\/tahanpharma.com\/vi\/san-pham\/\u7acb\u53ef\u9748-\u4e7e\u7c89\u6ce8\u5c04\u5291\/","og_site_name":"\u5927\u5b89\u5316\u5b78\u88fd\u85e5\u80a1\u4efd\u6709\u9650\u516c\u53f8","og_image":[{"width":500,"height":500,"url":"https:\/\/tahanpharma.com\/wp-content\/uploads\/2025\/06\/\u7acb\u53ef\u9748-\u4e7e\u7c89\u6ce8\u5c04\u5291-01.jpg","type":"image\/jpeg"}],"twitter_card":"summary_large_image","schema":{"@context":"https:\/\/schema.org","@graph":[{"@type":"WebPage","@id":"https:\/\/tahanpharma.com\/product\/%e7%ab%8b%e5%8f%af%e9%9d%88-%e4%b9%be%e7%b2%89%e6%b3%a8%e5%b0%84%e5%8a%91\/","url":"https:\/\/tahanpharma.com\/product\/%e7%ab%8b%e5%8f%af%e9%9d%88-%e4%b9%be%e7%b2%89%e6%b3%a8%e5%b0%84%e5%8a%91\/","name":"\u7acb\u53ef\u9748 \u4e7e\u7c89\u6ce8\u5c04\u5291 - \u5927\u5b89\u5316\u5b78\u88fd\u85e5\u80a1\u4efd\u6709\u9650\u516c\u53f8","isPartOf":{"@id":"https:\/\/tahanpharma.com\/#website"},"primaryImageOfPage":{"@id":"https:\/\/tahanpharma.com\/product\/%e7%ab%8b%e5%8f%af%e9%9d%88-%e4%b9%be%e7%b2%89%e6%b3%a8%e5%b0%84%e5%8a%91\/#primaryimage"},"image":{"@id":"https:\/\/tahanpharma.com\/product\/%e7%ab%8b%e5%8f%af%e9%9d%88-%e4%b9%be%e7%b2%89%e6%b3%a8%e5%b0%84%e5%8a%91\/#primaryimage"},"thumbnailUrl":"https:\/\/tahanpharma.com\/wp-content\/uploads\/2025\/06\/\u7acb\u53ef\u9748-\u4e7e\u7c89\u6ce8\u5c04\u5291-01.jpg","datePublished":"2025-06-18T06:12:11+00:00","breadcrumb":{"@id":"https:\/\/tahanpharma.com\/product\/%e7%ab%8b%e5%8f%af%e9%9d%88-%e4%b9%be%e7%b2%89%e6%b3%a8%e5%b0%84%e5%8a%91\/#breadcrumb"},"inLanguage":"vi","potentialAction":[{"@type":"ReadAction","target":["https:\/\/tahanpharma.com\/product\/%e7%ab%8b%e5%8f%af%e9%9d%88-%e4%b9%be%e7%b2%89%e6%b3%a8%e5%b0%84%e5%8a%91\/"]}]},{"@type":"ImageObject","inLanguage":"vi","@id":"https:\/\/tahanpharma.com\/product\/%e7%ab%8b%e5%8f%af%e9%9d%88-%e4%b9%be%e7%b2%89%e6%b3%a8%e5%b0%84%e5%8a%91\/#primaryimage","url":"https:\/\/tahanpharma.com\/wp-content\/uploads\/2025\/06\/\u7acb\u53ef\u9748-\u4e7e\u7c89\u6ce8\u5c04\u5291-01.jpg","contentUrl":"https:\/\/tahanpharma.com\/wp-content\/uploads\/2025\/06\/\u7acb\u53ef\u9748-\u4e7e\u7c89\u6ce8\u5c04\u5291-01.jpg","width":500,"height":500},{"@type":"BreadcrumbList","@id":"https:\/\/tahanpharma.com\/product\/%e7%ab%8b%e5%8f%af%e9%9d%88-%e4%b9%be%e7%b2%89%e6%b3%a8%e5%b0%84%e5%8a%91\/#breadcrumb","itemListElement":[{"@type":"ListItem","position":1,"name":"\u9996\u9801","item":"https:\/\/tahanpharma.com\/"},{"@type":"ListItem","position":2,"name":"\u7522\u54c1\u7c21\u4ecb","item":"https:\/\/tahanpharma.com\/product\/"},{"@type":"ListItem","position":3,"name":"\u7acb\u53ef\u9748 \u4e7e\u7c89\u6ce8\u5c04\u5291"}]},{"@type":"WebSite","@id":"https:\/\/tahanpharma.com\/#website","url":"https:\/\/tahanpharma.com\/","name":"\u5927\u5b89\u5316\u5b78\u88fd\u85e5\u80a1\u4efd\u6709\u9650\u516c\u53f8","description":"\u52d5\u7269\u85e5\u54c1\u88fd\u9020","potentialAction":[{"@type":"SearchAction","target":{"@type":"EntryPoint","urlTemplate":"https:\/\/tahanpharma.com\/?s={search_term_string}"},"query-input":{"@type":"PropertyValueSpecification","valueRequired":true,"valueName":"search_term_string"}}],"inLanguage":"vi"}]}},"_links":{"self":[{"href":"https:\/\/tahanpharma.com\/vi\/wp-json\/wp\/v2\/product\/2017","targetHints":{"allow":["GET"]}}],"collection":[{"href":"https:\/\/tahanpharma.com\/vi\/wp-json\/wp\/v2\/product"}],"about":[{"href":"https:\/\/tahanpharma.com\/vi\/wp-json\/wp\/v2\/types\/product"}],"replies":[{"embeddable":true,"href":"https:\/\/tahanpharma.com\/vi\/wp-json\/wp\/v2\/comments?post=2017"}],"wp:featuredmedia":[{"embeddable":true,"href":"https:\/\/tahanpharma.com\/vi\/wp-json\/wp\/v2\/media\/2018"}],"wp:attachment":[{"href":"https:\/\/tahanpharma.com\/vi\/wp-json\/wp\/v2\/media?parent=2017"}],"wp:term":[{"taxonomy":"product_brand","embeddable":true,"href":"https:\/\/tahanpharma.com\/vi\/wp-json\/wp\/v2\/product_brand?post=2017"},{"taxonomy":"product_cat","embeddable":true,"href":"https:\/\/tahanpharma.com\/vi\/wp-json\/wp\/v2\/product_cat?post=2017"},{"taxonomy":"product_tag","embeddable":true,"href":"https:\/\/tahanpharma.com\/vi\/wp-json\/wp\/v2\/product_tag?post=2017"}],"curies":[{"name":"wp","href":"https:\/\/api.w.org\/{rel}","templated":true}]}}