{"id":2023,"date":"2025-06-18T14:23:21","date_gmt":"2025-06-18T06:23:21","guid":{"rendered":"https:\/\/tahanpharma.com\/?post_type=product&#038;p=2023"},"modified":"2025-06-18T14:23:21","modified_gmt":"2025-06-18T06:23:21","slug":"%e5%ae%89%e8%8e%ab%e8%83%bd-30","status":"publish","type":"product","link":"https:\/\/tahanpharma.com\/vi\/san-pham\/%e5%ae%89%e8%8e%ab%e8%83%bd-30\/","title":{"rendered":"Anmonen-30"},"content":{"rendered":"<p>L\u1ee3n: B\u1ed5 sung 1250-1500g thu\u1ed1c n\u00e0y cho m\u1ed7i t\u1ea5n th\u1ee9c \u0103n, li\u1ec1u cho \u0103n h\u00e0ng ng\u00e0y t\u01b0\u01a1ng \u0111\u01b0\u01a1ng 15mg\/kg th\u1ec3 tr\u1ecdng.<\/p>","protected":false},"excerpt":{"rendered":"<p>T\u00ean thu\u1ed1c: Amolin-30<br \/>\nS\u1ed1 gi\u1ea5y ph\u00e9p: Gi\u1ea5y ph\u00e9p thu\u1ed1c th\u00fa y s\u1ed1 08784<br \/>\nD\u1ea1ng b\u00e0o ch\u1ebf: B\u1ed9t (d\u00f9ng u\u1ed1ng)<br \/>\n\u0110\u00f3ng g\u00f3i: 100g, 1kg, 2kg, 10kg, 25kg<br \/>\n\u0110\u1ed9ng v\u1eadt \u00e1p d\u1ee5ng: L\u1ee3n<br \/>\nHi\u1ec7u qu\u1ea3 (Ch\u1ec9 \u0111\u1ecbnh): L\u1ee3n: \u0110i\u1ec1u tr\u1ecb nhi\u1ec5m tr\u00f9ng do vi khu\u1ea9n Gram d\u01b0\u01a1ng v\u00e0 Gram \u00e2m nh\u1ea1y c\u1ea3m v\u1edbi Amoxycillin.<br \/>\nTh\u00e0nh ph\u1ea7n: M\u1ed7i gam ch\u1ee9a:<br \/>\nAmoxycillin Trihydrat\u2026\u2026.300mg(H\u1ed9p)<\/p>","protected":false},"featured_media":1945,"comment_status":"open","ping_status":"closed","template":"","meta":[],"product_brand":[],"product_cat":[45,71,48],"product_tag":[],"class_list":{"0":"post-2023","1":"product","2":"type-product","3":"status-publish","4":"has-post-thumbnail","6":"product_cat-45","7":"product_cat-71","8":"product_cat-48","10":"first","11":"instock","12":"shipping-taxable","13":"product-type-simple"},"yoast_head":"<!-- This site is optimized with the Yoast SEO Premium plugin v25.3.1 (Yoast SEO v25.4) - https:\/\/yoast.com\/wordpress\/plugins\/seo\/ -->\n<title>\u5b89\u83ab\u80fd-30 - \u5927\u5b89\u5316\u5b78\u88fd\u85e5\u80a1\u4efd\u6709\u9650\u516c\u53f8<\/title>\n<meta name=\"robots\" content=\"index, follow, max-snippet:-1, max-image-preview:large, max-video-preview:-1\" \/>\n<link rel=\"canonical\" href=\"https:\/\/tahanpharma.com\/vi\/san-pham\/\u5b89\u83ab\u80fd-30\/\" \/>\n<meta property=\"og:locale\" content=\"vi_VN\" \/>\n<meta property=\"og:type\" content=\"article\" \/>\n<meta property=\"og:title\" content=\"\u5b89\u83ab\u80fd-30\" \/>\n<meta property=\"og:description\" content=\"\u85e5\u54c1\u540d \uff1a Amolin-30 \u8a31\u53ef\u8b49\u5b57\u865f \uff1a \u52d5\u7269\u85e5\u88fd\u5b57\u7b2c08784\u865f \u5291\u578b \uff1a \u6563\u5291(\u5167\u7528) \u5305\u88dd \uff1a 100g,1kg,2kg,10kg,25kg \u9069\u7528\u52d5\u7269 \uff1a \u8c6c \u6548\u80fd(\u9069\u61c9\u75c7) \uff1a \u8c6c\uff1a\u6cbb\u7642\u5c0dAmoxycillin\u5177\u611f\u53d7\u6027\u4e4b\u9769\u862d\u6c0f\u967d\u6027\u53ca\u9670\u6027\u83cc\u6240\u5f15\u8d77\u7684\u611f\u67d3\u75c7\u3002 \u6210\u4efd \uff1a \u6bcf\u516c\u514b\u542b\uff1a Amoxycillin Trihydrate\u2026\u2026.300mg(Pot.)\" \/>\n<meta property=\"og:url\" content=\"https:\/\/tahanpharma.com\/vi\/san-pham\/\u5b89\u83ab\u80fd-30\/\" \/>\n<meta property=\"og:site_name\" content=\"\u5927\u5b89\u5316\u5b78\u88fd\u85e5\u80a1\u4efd\u6709\u9650\u516c\u53f8\" \/>\n<meta property=\"og:image\" content=\"https:\/\/tahanpharma.com\/wp-content\/uploads\/2025\/06\/product-no-image-01.jpg\" \/>\n\t<meta property=\"og:image:width\" content=\"1042\" \/>\n\t<meta property=\"og:image:height\" content=\"1042\" \/>\n\t<meta property=\"og:image:type\" content=\"image\/jpeg\" \/>\n<meta name=\"twitter:card\" content=\"summary_large_image\" \/>\n<script type=\"application\/ld+json\" class=\"yoast-schema-graph\">{\"@context\":\"https:\/\/schema.org\",\"@graph\":[{\"@type\":\"WebPage\",\"@id\":\"https:\/\/tahanpharma.com\/product\/%e5%ae%89%e8%8e%ab%e8%83%bd-30\/\",\"url\":\"https:\/\/tahanpharma.com\/product\/%e5%ae%89%e8%8e%ab%e8%83%bd-30\/\",\"name\":\"\u5b89\u83ab\u80fd-30 - \u5927\u5b89\u5316\u5b78\u88fd\u85e5\u80a1\u4efd\u6709\u9650\u516c\u53f8\",\"isPartOf\":{\"@id\":\"https:\/\/tahanpharma.com\/#website\"},\"primaryImageOfPage\":{\"@id\":\"https:\/\/tahanpharma.com\/product\/%e5%ae%89%e8%8e%ab%e8%83%bd-30\/#primaryimage\"},\"image\":{\"@id\":\"https:\/\/tahanpharma.com\/product\/%e5%ae%89%e8%8e%ab%e8%83%bd-30\/#primaryimage\"},\"thumbnailUrl\":\"https:\/\/tahanpharma.com\/wp-content\/uploads\/2025\/06\/product-no-image-01.jpg\",\"datePublished\":\"2025-06-18T06:23:21+00:00\",\"breadcrumb\":{\"@id\":\"https:\/\/tahanpharma.com\/product\/%e5%ae%89%e8%8e%ab%e8%83%bd-30\/#breadcrumb\"},\"inLanguage\":\"vi\",\"potentialAction\":[{\"@type\":\"ReadAction\",\"target\":[\"https:\/\/tahanpharma.com\/product\/%e5%ae%89%e8%8e%ab%e8%83%bd-30\/\"]}]},{\"@type\":\"ImageObject\",\"inLanguage\":\"vi\",\"@id\":\"https:\/\/tahanpharma.com\/product\/%e5%ae%89%e8%8e%ab%e8%83%bd-30\/#primaryimage\",\"url\":\"https:\/\/tahanpharma.com\/wp-content\/uploads\/2025\/06\/product-no-image-01.jpg\",\"contentUrl\":\"https:\/\/tahanpharma.com\/wp-content\/uploads\/2025\/06\/product-no-image-01.jpg\",\"width\":1042,\"height\":1042},{\"@type\":\"BreadcrumbList\",\"@id\":\"https:\/\/tahanpharma.com\/product\/%e5%ae%89%e8%8e%ab%e8%83%bd-30\/#breadcrumb\",\"itemListElement\":[{\"@type\":\"ListItem\",\"position\":1,\"name\":\"\u9996\u9801\",\"item\":\"https:\/\/tahanpharma.com\/\"},{\"@type\":\"ListItem\",\"position\":2,\"name\":\"\u7522\u54c1\u7c21\u4ecb\",\"item\":\"https:\/\/tahanpharma.com\/product\/\"},{\"@type\":\"ListItem\",\"position\":3,\"name\":\"\u5b89\u83ab\u80fd-30\"}]},{\"@type\":\"WebSite\",\"@id\":\"https:\/\/tahanpharma.com\/#website\",\"url\":\"https:\/\/tahanpharma.com\/\",\"name\":\"\u5927\u5b89\u5316\u5b78\u88fd\u85e5\u80a1\u4efd\u6709\u9650\u516c\u53f8\",\"description\":\"\u52d5\u7269\u85e5\u54c1\u88fd\u9020\",\"potentialAction\":[{\"@type\":\"SearchAction\",\"target\":{\"@type\":\"EntryPoint\",\"urlTemplate\":\"https:\/\/tahanpharma.com\/?s={search_term_string}\"},\"query-input\":{\"@type\":\"PropertyValueSpecification\",\"valueRequired\":true,\"valueName\":\"search_term_string\"}}],\"inLanguage\":\"vi\"}]}<\/script>\n<!-- \/ Yoast SEO Premium plugin. -->","yoast_head_json":{"title":"\u5b89\u83ab\u80fd-30 - \u5927\u5b89\u5316\u5b78\u88fd\u85e5\u80a1\u4efd\u6709\u9650\u516c\u53f8","robots":{"index":"index","follow":"follow","max-snippet":"max-snippet:-1","max-image-preview":"max-image-preview:large","max-video-preview":"max-video-preview:-1"},"canonical":"https:\/\/tahanpharma.com\/vi\/san-pham\/\u5b89\u83ab\u80fd-30\/","og_locale":"vi_VN","og_type":"article","og_title":"\u5b89\u83ab\u80fd-30","og_description":"\u85e5\u54c1\u540d \uff1a Amolin-30 \u8a31\u53ef\u8b49\u5b57\u865f \uff1a \u52d5\u7269\u85e5\u88fd\u5b57\u7b2c08784\u865f \u5291\u578b \uff1a \u6563\u5291(\u5167\u7528) \u5305\u88dd \uff1a 100g,1kg,2kg,10kg,25kg \u9069\u7528\u52d5\u7269 \uff1a \u8c6c \u6548\u80fd(\u9069\u61c9\u75c7) \uff1a \u8c6c\uff1a\u6cbb\u7642\u5c0dAmoxycillin\u5177\u611f\u53d7\u6027\u4e4b\u9769\u862d\u6c0f\u967d\u6027\u53ca\u9670\u6027\u83cc\u6240\u5f15\u8d77\u7684\u611f\u67d3\u75c7\u3002 \u6210\u4efd \uff1a \u6bcf\u516c\u514b\u542b\uff1a Amoxycillin Trihydrate\u2026\u2026.300mg(Pot.)","og_url":"https:\/\/tahanpharma.com\/vi\/san-pham\/\u5b89\u83ab\u80fd-30\/","og_site_name":"\u5927\u5b89\u5316\u5b78\u88fd\u85e5\u80a1\u4efd\u6709\u9650\u516c\u53f8","og_image":[{"width":1042,"height":1042,"url":"https:\/\/tahanpharma.com\/wp-content\/uploads\/2025\/06\/product-no-image-01.jpg","type":"image\/jpeg"}],"twitter_card":"summary_large_image","schema":{"@context":"https:\/\/schema.org","@graph":[{"@type":"WebPage","@id":"https:\/\/tahanpharma.com\/product\/%e5%ae%89%e8%8e%ab%e8%83%bd-30\/","url":"https:\/\/tahanpharma.com\/product\/%e5%ae%89%e8%8e%ab%e8%83%bd-30\/","name":"\u5b89\u83ab\u80fd-30 - \u5927\u5b89\u5316\u5b78\u88fd\u85e5\u80a1\u4efd\u6709\u9650\u516c\u53f8","isPartOf":{"@id":"https:\/\/tahanpharma.com\/#website"},"primaryImageOfPage":{"@id":"https:\/\/tahanpharma.com\/product\/%e5%ae%89%e8%8e%ab%e8%83%bd-30\/#primaryimage"},"image":{"@id":"https:\/\/tahanpharma.com\/product\/%e5%ae%89%e8%8e%ab%e8%83%bd-30\/#primaryimage"},"thumbnailUrl":"https:\/\/tahanpharma.com\/wp-content\/uploads\/2025\/06\/product-no-image-01.jpg","datePublished":"2025-06-18T06:23:21+00:00","breadcrumb":{"@id":"https:\/\/tahanpharma.com\/product\/%e5%ae%89%e8%8e%ab%e8%83%bd-30\/#breadcrumb"},"inLanguage":"vi","potentialAction":[{"@type":"ReadAction","target":["https:\/\/tahanpharma.com\/product\/%e5%ae%89%e8%8e%ab%e8%83%bd-30\/"]}]},{"@type":"ImageObject","inLanguage":"vi","@id":"https:\/\/tahanpharma.com\/product\/%e5%ae%89%e8%8e%ab%e8%83%bd-30\/#primaryimage","url":"https:\/\/tahanpharma.com\/wp-content\/uploads\/2025\/06\/product-no-image-01.jpg","contentUrl":"https:\/\/tahanpharma.com\/wp-content\/uploads\/2025\/06\/product-no-image-01.jpg","width":1042,"height":1042},{"@type":"BreadcrumbList","@id":"https:\/\/tahanpharma.com\/product\/%e5%ae%89%e8%8e%ab%e8%83%bd-30\/#breadcrumb","itemListElement":[{"@type":"ListItem","position":1,"name":"\u9996\u9801","item":"https:\/\/tahanpharma.com\/"},{"@type":"ListItem","position":2,"name":"\u7522\u54c1\u7c21\u4ecb","item":"https:\/\/tahanpharma.com\/product\/"},{"@type":"ListItem","position":3,"name":"\u5b89\u83ab\u80fd-30"}]},{"@type":"WebSite","@id":"https:\/\/tahanpharma.com\/#website","url":"https:\/\/tahanpharma.com\/","name":"\u5927\u5b89\u5316\u5b78\u88fd\u85e5\u80a1\u4efd\u6709\u9650\u516c\u53f8","description":"\u52d5\u7269\u85e5\u54c1\u88fd\u9020","potentialAction":[{"@type":"SearchAction","target":{"@type":"EntryPoint","urlTemplate":"https:\/\/tahanpharma.com\/?s={search_term_string}"},"query-input":{"@type":"PropertyValueSpecification","valueRequired":true,"valueName":"search_term_string"}}],"inLanguage":"vi"}]}},"_links":{"self":[{"href":"https:\/\/tahanpharma.com\/vi\/wp-json\/wp\/v2\/product\/2023","targetHints":{"allow":["GET"]}}],"collection":[{"href":"https:\/\/tahanpharma.com\/vi\/wp-json\/wp\/v2\/product"}],"about":[{"href":"https:\/\/tahanpharma.com\/vi\/wp-json\/wp\/v2\/types\/product"}],"replies":[{"embeddable":true,"href":"https:\/\/tahanpharma.com\/vi\/wp-json\/wp\/v2\/comments?post=2023"}],"wp:featuredmedia":[{"embeddable":true,"href":"https:\/\/tahanpharma.com\/vi\/wp-json\/wp\/v2\/media\/1945"}],"wp:attachment":[{"href":"https:\/\/tahanpharma.com\/vi\/wp-json\/wp\/v2\/media?parent=2023"}],"wp:term":[{"taxonomy":"product_brand","embeddable":true,"href":"https:\/\/tahanpharma.com\/vi\/wp-json\/wp\/v2\/product_brand?post=2023"},{"taxonomy":"product_cat","embeddable":true,"href":"https:\/\/tahanpharma.com\/vi\/wp-json\/wp\/v2\/product_cat?post=2023"},{"taxonomy":"product_tag","embeddable":true,"href":"https:\/\/tahanpharma.com\/vi\/wp-json\/wp\/v2\/product_tag?post=2023"}],"curies":[{"name":"wp","href":"https:\/\/api.w.org\/{rel}","templated":true}]}}