{"id":2026,"date":"2025-06-18T14:26:43","date_gmt":"2025-06-18T06:26:43","guid":{"rendered":"https:\/\/tahanpharma.com\/?post_type=product&#038;p=2026"},"modified":"2025-06-18T14:26:43","modified_gmt":"2025-06-18T06:26:43","slug":"%e5%85%8b%e7%97%a2%e6%b1%80-12-2","status":"publish","type":"product","link":"https:\/\/tahanpharma.com\/vi\/san-pham\/%e5%85%8b%e7%97%a2%e6%b1%80-12-2\/","title":{"rendered":"Caffeine-12"},"content":{"rendered":"<p>B\u00ea, l\u1ee3n: H\u00f2a tan v\u00e0o n\u01b0\u1edbc u\u1ed1ng, li\u1ec1u l\u01b0\u1ee3ng 42-50 mg\/kg th\u1ec3 tr\u1ecdng\/ng\u00e0y, d\u00f9ng li\u00ean t\u1ee5c trong 5-7 ng\u00e0y.<\/p>\n<p>G\u00e0 th\u1ecbt, g\u00e0 t\u00e2y v\u00e0 g\u00e0 m\u00e1i \u0111\u1ebb: H\u00f2a tan trong n\u01b0\u1edbc u\u1ed1ng, 50 mg cho m\u1ed7i kg tr\u1ecdng l\u01b0\u1ee3ng c\u01a1 th\u1ec3 m\u1ed7i ng\u00e0y, trong 5 \u0111\u1ebfn 7 ng\u00e0y li\u00ean ti\u1ebfp.<\/p>","protected":false},"excerpt":{"rendered":"<p>T\u00ean thu\u1ed1c: Kolistin-12<br \/>\nS\u1ed1 gi\u1ea5y ph\u00e9p: Gi\u1ea5y ph\u00e9p thu\u1ed1c th\u00fa y s\u1ed1 08965<br \/>\nD\u1ea1ng b\u00e0o ch\u1ebf: B\u1ed9t (d\u00f9ng u\u1ed1ng)<br \/>\n\u0110\u00f3ng g\u00f3i: 100gm, 1kg, 10kg, 25kg<br \/>\n\u0110\u1ed9ng v\u1eadt \u00e1p d\u1ee5ng: b\u00ea, l\u1ee3n, g\u00e0 th\u1ecbt, g\u00e0 t\u00e2y v\u00e0 g\u00e0 m\u00e1i \u0111\u1ebb<br \/>\nHi\u1ec7u qu\u1ea3 (ch\u1ec9 \u0111\u1ecbnh): B\u00ea, l\u1ee3n, g\u00e0 th\u1ecbt, g\u00e0 t\u00e2y v\u00e0 g\u00e0 m\u00e1i \u0111\u1ebb: \u0110i\u1ec1u tr\u1ecb nhi\u1ec5m tr\u00f9ng \u0111\u01b0\u1eddng ti\u00eau h\u00f3a do vi khu\u1ea9n Escherichia coli ho\u1eb7c Salmonella nh\u1ea1y c\u1ea3m v\u1edbi Colistin.<br \/>\nTh\u00e0nh ph\u1ea7n: M\u1ed7i gm ch\u1ee9a: Colistin Sulfate\u2026\u2026.120mg (hi\u1ec7u l\u1ef1c)<\/p>","protected":false},"featured_media":2027,"comment_status":"open","ping_status":"closed","template":"","meta":[],"product_brand":[],"product_cat":[45,49,71,72,48],"product_tag":[],"class_list":{"0":"post-2026","1":"product","2":"type-product","3":"status-publish","4":"has-post-thumbnail","6":"product_cat-45","7":"product_cat-49","8":"product_cat-71","9":"product_cat-72","10":"product_cat-48","12":"first","13":"instock","14":"shipping-taxable","15":"product-type-simple"},"yoast_head":"<!-- This site is optimized with the Yoast SEO Premium plugin v25.3.1 (Yoast SEO v25.4) - https:\/\/yoast.com\/wordpress\/plugins\/seo\/ -->\n<title>\u514b\u75e2\u6c40-12 - \u5927\u5b89\u5316\u5b78\u88fd\u85e5\u80a1\u4efd\u6709\u9650\u516c\u53f8<\/title>\n<meta name=\"robots\" content=\"index, follow, max-snippet:-1, max-image-preview:large, max-video-preview:-1\" \/>\n<link rel=\"canonical\" href=\"https:\/\/tahanpharma.com\/vi\/san-pham\/\u514b\u75e2\u6c40-12-2\/\" \/>\n<meta property=\"og:locale\" content=\"vi_VN\" \/>\n<meta property=\"og:type\" content=\"article\" \/>\n<meta property=\"og:title\" content=\"\u514b\u75e2\u6c40-12\" \/>\n<meta property=\"og:description\" content=\"\u85e5\u54c1\u540d \uff1a Kolistin-12 \u8a31\u53ef\u8b49\u5b57\u865f \uff1a \u52d5\u7269\u85e5\u88fd\u5b57\u7b2c08965\u865f \u5291\u578b \uff1a \u6563\u5291(\u5167\u7528) \u5305\u88dd \uff1a 100gm,1kg,10kg,25kg \u9069\u7528\u52d5\u7269 \uff1a \u5c0f\u725b\u3001\u8c6c\u3001\u8089\u96de\u3001\u706b\u96de\u53ca\u7522\u86cb\u96de \u6548\u80fd(\u9069\u61c9\u75c7) \uff1a \u5c0f\u725b\u3001\u8c6c\u3001\u8089\u96de\u3001\u706b\u96de\u53ca\u7522\u86cb\u96de\uff1a\u6cbb\u7642\u5c0dColistin\u5177\u611f\u53d7\u6027\u4e4b\u5927\u8178\u687f\u83cc\u6216\u6c99\u6c0f\u687f\u83cc\u5f15\u8d77\u7684\u6d88\u5316\u9053\u611f\u67d3\u75c7\u3002 \u6210\u4efd \uff1a \u6bcfgm\u542b\uff1a Colistin Sulfate\u2026\u2026.120mg (potency)\" \/>\n<meta property=\"og:url\" content=\"https:\/\/tahanpharma.com\/vi\/san-pham\/\u514b\u75e2\u6c40-12-2\/\" \/>\n<meta property=\"og:site_name\" content=\"\u5927\u5b89\u5316\u5b78\u88fd\u85e5\u80a1\u4efd\u6709\u9650\u516c\u53f8\" \/>\n<meta property=\"og:image\" content=\"https:\/\/tahanpharma.com\/wp-content\/uploads\/2025\/06\/\u514b\u75e2\u6c40-12-01-1.jpg\" \/>\n\t<meta property=\"og:image:width\" content=\"500\" \/>\n\t<meta property=\"og:image:height\" content=\"500\" \/>\n\t<meta property=\"og:image:type\" content=\"image\/jpeg\" \/>\n<meta name=\"twitter:card\" content=\"summary_large_image\" \/>\n<script type=\"application\/ld+json\" class=\"yoast-schema-graph\">{\"@context\":\"https:\/\/schema.org\",\"@graph\":[{\"@type\":\"WebPage\",\"@id\":\"https:\/\/tahanpharma.com\/product\/%e5%85%8b%e7%97%a2%e6%b1%80-12-2\/\",\"url\":\"https:\/\/tahanpharma.com\/product\/%e5%85%8b%e7%97%a2%e6%b1%80-12-2\/\",\"name\":\"\u514b\u75e2\u6c40-12 - \u5927\u5b89\u5316\u5b78\u88fd\u85e5\u80a1\u4efd\u6709\u9650\u516c\u53f8\",\"isPartOf\":{\"@id\":\"https:\/\/tahanpharma.com\/#website\"},\"primaryImageOfPage\":{\"@id\":\"https:\/\/tahanpharma.com\/product\/%e5%85%8b%e7%97%a2%e6%b1%80-12-2\/#primaryimage\"},\"image\":{\"@id\":\"https:\/\/tahanpharma.com\/product\/%e5%85%8b%e7%97%a2%e6%b1%80-12-2\/#primaryimage\"},\"thumbnailUrl\":\"https:\/\/tahanpharma.com\/wp-content\/uploads\/2025\/06\/\u514b\u75e2\u6c40-12-01-1.jpg\",\"datePublished\":\"2025-06-18T06:26:43+00:00\",\"breadcrumb\":{\"@id\":\"https:\/\/tahanpharma.com\/product\/%e5%85%8b%e7%97%a2%e6%b1%80-12-2\/#breadcrumb\"},\"inLanguage\":\"vi\",\"potentialAction\":[{\"@type\":\"ReadAction\",\"target\":[\"https:\/\/tahanpharma.com\/product\/%e5%85%8b%e7%97%a2%e6%b1%80-12-2\/\"]}]},{\"@type\":\"ImageObject\",\"inLanguage\":\"vi\",\"@id\":\"https:\/\/tahanpharma.com\/product\/%e5%85%8b%e7%97%a2%e6%b1%80-12-2\/#primaryimage\",\"url\":\"https:\/\/tahanpharma.com\/wp-content\/uploads\/2025\/06\/\u514b\u75e2\u6c40-12-01-1.jpg\",\"contentUrl\":\"https:\/\/tahanpharma.com\/wp-content\/uploads\/2025\/06\/\u514b\u75e2\u6c40-12-01-1.jpg\",\"width\":500,\"height\":500},{\"@type\":\"BreadcrumbList\",\"@id\":\"https:\/\/tahanpharma.com\/product\/%e5%85%8b%e7%97%a2%e6%b1%80-12-2\/#breadcrumb\",\"itemListElement\":[{\"@type\":\"ListItem\",\"position\":1,\"name\":\"\u9996\u9801\",\"item\":\"https:\/\/tahanpharma.com\/\"},{\"@type\":\"ListItem\",\"position\":2,\"name\":\"\u7522\u54c1\u7c21\u4ecb\",\"item\":\"https:\/\/tahanpharma.com\/product\/\"},{\"@type\":\"ListItem\",\"position\":3,\"name\":\"\u514b\u75e2\u6c40-12\"}]},{\"@type\":\"WebSite\",\"@id\":\"https:\/\/tahanpharma.com\/#website\",\"url\":\"https:\/\/tahanpharma.com\/\",\"name\":\"\u5927\u5b89\u5316\u5b78\u88fd\u85e5\u80a1\u4efd\u6709\u9650\u516c\u53f8\",\"description\":\"\u52d5\u7269\u85e5\u54c1\u88fd\u9020\",\"potentialAction\":[{\"@type\":\"SearchAction\",\"target\":{\"@type\":\"EntryPoint\",\"urlTemplate\":\"https:\/\/tahanpharma.com\/?s={search_term_string}\"},\"query-input\":{\"@type\":\"PropertyValueSpecification\",\"valueRequired\":true,\"valueName\":\"search_term_string\"}}],\"inLanguage\":\"vi\"}]}<\/script>\n<!-- \/ Yoast SEO Premium plugin. -->","yoast_head_json":{"title":"\u514b\u75e2\u6c40-12 - \u5927\u5b89\u5316\u5b78\u88fd\u85e5\u80a1\u4efd\u6709\u9650\u516c\u53f8","robots":{"index":"index","follow":"follow","max-snippet":"max-snippet:-1","max-image-preview":"max-image-preview:large","max-video-preview":"max-video-preview:-1"},"canonical":"https:\/\/tahanpharma.com\/vi\/san-pham\/\u514b\u75e2\u6c40-12-2\/","og_locale":"vi_VN","og_type":"article","og_title":"\u514b\u75e2\u6c40-12","og_description":"\u85e5\u54c1\u540d \uff1a Kolistin-12 \u8a31\u53ef\u8b49\u5b57\u865f \uff1a \u52d5\u7269\u85e5\u88fd\u5b57\u7b2c08965\u865f \u5291\u578b \uff1a \u6563\u5291(\u5167\u7528) \u5305\u88dd \uff1a 100gm,1kg,10kg,25kg \u9069\u7528\u52d5\u7269 \uff1a \u5c0f\u725b\u3001\u8c6c\u3001\u8089\u96de\u3001\u706b\u96de\u53ca\u7522\u86cb\u96de \u6548\u80fd(\u9069\u61c9\u75c7) \uff1a \u5c0f\u725b\u3001\u8c6c\u3001\u8089\u96de\u3001\u706b\u96de\u53ca\u7522\u86cb\u96de\uff1a\u6cbb\u7642\u5c0dColistin\u5177\u611f\u53d7\u6027\u4e4b\u5927\u8178\u687f\u83cc\u6216\u6c99\u6c0f\u687f\u83cc\u5f15\u8d77\u7684\u6d88\u5316\u9053\u611f\u67d3\u75c7\u3002 \u6210\u4efd \uff1a \u6bcfgm\u542b\uff1a Colistin Sulfate\u2026\u2026.120mg (potency)","og_url":"https:\/\/tahanpharma.com\/vi\/san-pham\/\u514b\u75e2\u6c40-12-2\/","og_site_name":"\u5927\u5b89\u5316\u5b78\u88fd\u85e5\u80a1\u4efd\u6709\u9650\u516c\u53f8","og_image":[{"width":500,"height":500,"url":"https:\/\/tahanpharma.com\/wp-content\/uploads\/2025\/06\/\u514b\u75e2\u6c40-12-01-1.jpg","type":"image\/jpeg"}],"twitter_card":"summary_large_image","schema":{"@context":"https:\/\/schema.org","@graph":[{"@type":"WebPage","@id":"https:\/\/tahanpharma.com\/product\/%e5%85%8b%e7%97%a2%e6%b1%80-12-2\/","url":"https:\/\/tahanpharma.com\/product\/%e5%85%8b%e7%97%a2%e6%b1%80-12-2\/","name":"\u514b\u75e2\u6c40-12 - \u5927\u5b89\u5316\u5b78\u88fd\u85e5\u80a1\u4efd\u6709\u9650\u516c\u53f8","isPartOf":{"@id":"https:\/\/tahanpharma.com\/#website"},"primaryImageOfPage":{"@id":"https:\/\/tahanpharma.com\/product\/%e5%85%8b%e7%97%a2%e6%b1%80-12-2\/#primaryimage"},"image":{"@id":"https:\/\/tahanpharma.com\/product\/%e5%85%8b%e7%97%a2%e6%b1%80-12-2\/#primaryimage"},"thumbnailUrl":"https:\/\/tahanpharma.com\/wp-content\/uploads\/2025\/06\/\u514b\u75e2\u6c40-12-01-1.jpg","datePublished":"2025-06-18T06:26:43+00:00","breadcrumb":{"@id":"https:\/\/tahanpharma.com\/product\/%e5%85%8b%e7%97%a2%e6%b1%80-12-2\/#breadcrumb"},"inLanguage":"vi","potentialAction":[{"@type":"ReadAction","target":["https:\/\/tahanpharma.com\/product\/%e5%85%8b%e7%97%a2%e6%b1%80-12-2\/"]}]},{"@type":"ImageObject","inLanguage":"vi","@id":"https:\/\/tahanpharma.com\/product\/%e5%85%8b%e7%97%a2%e6%b1%80-12-2\/#primaryimage","url":"https:\/\/tahanpharma.com\/wp-content\/uploads\/2025\/06\/\u514b\u75e2\u6c40-12-01-1.jpg","contentUrl":"https:\/\/tahanpharma.com\/wp-content\/uploads\/2025\/06\/\u514b\u75e2\u6c40-12-01-1.jpg","width":500,"height":500},{"@type":"BreadcrumbList","@id":"https:\/\/tahanpharma.com\/product\/%e5%85%8b%e7%97%a2%e6%b1%80-12-2\/#breadcrumb","itemListElement":[{"@type":"ListItem","position":1,"name":"\u9996\u9801","item":"https:\/\/tahanpharma.com\/"},{"@type":"ListItem","position":2,"name":"\u7522\u54c1\u7c21\u4ecb","item":"https:\/\/tahanpharma.com\/product\/"},{"@type":"ListItem","position":3,"name":"\u514b\u75e2\u6c40-12"}]},{"@type":"WebSite","@id":"https:\/\/tahanpharma.com\/#website","url":"https:\/\/tahanpharma.com\/","name":"\u5927\u5b89\u5316\u5b78\u88fd\u85e5\u80a1\u4efd\u6709\u9650\u516c\u53f8","description":"\u52d5\u7269\u85e5\u54c1\u88fd\u9020","potentialAction":[{"@type":"SearchAction","target":{"@type":"EntryPoint","urlTemplate":"https:\/\/tahanpharma.com\/?s={search_term_string}"},"query-input":{"@type":"PropertyValueSpecification","valueRequired":true,"valueName":"search_term_string"}}],"inLanguage":"vi"}]}},"_links":{"self":[{"href":"https:\/\/tahanpharma.com\/vi\/wp-json\/wp\/v2\/product\/2026","targetHints":{"allow":["GET"]}}],"collection":[{"href":"https:\/\/tahanpharma.com\/vi\/wp-json\/wp\/v2\/product"}],"about":[{"href":"https:\/\/tahanpharma.com\/vi\/wp-json\/wp\/v2\/types\/product"}],"replies":[{"embeddable":true,"href":"https:\/\/tahanpharma.com\/vi\/wp-json\/wp\/v2\/comments?post=2026"}],"wp:featuredmedia":[{"embeddable":true,"href":"https:\/\/tahanpharma.com\/vi\/wp-json\/wp\/v2\/media\/2027"}],"wp:attachment":[{"href":"https:\/\/tahanpharma.com\/vi\/wp-json\/wp\/v2\/media?parent=2026"}],"wp:term":[{"taxonomy":"product_brand","embeddable":true,"href":"https:\/\/tahanpharma.com\/vi\/wp-json\/wp\/v2\/product_brand?post=2026"},{"taxonomy":"product_cat","embeddable":true,"href":"https:\/\/tahanpharma.com\/vi\/wp-json\/wp\/v2\/product_cat?post=2026"},{"taxonomy":"product_tag","embeddable":true,"href":"https:\/\/tahanpharma.com\/vi\/wp-json\/wp\/v2\/product_tag?post=2026"}],"curies":[{"name":"wp","href":"https:\/\/api.w.org\/{rel}","templated":true}]}}