{"id":2028,"date":"2025-06-18T14:28:12","date_gmt":"2025-06-18T06:28:12","guid":{"rendered":"https:\/\/tahanpharma.com\/?post_type=product&#038;p=2028"},"modified":"2025-06-18T14:28:13","modified_gmt":"2025-06-18T06:28:13","slug":"%e8%a5%bf%e5%a0%a4%e5%b8%8c-25","status":"publish","type":"product","link":"https:\/\/tahanpharma.com\/vi\/san-pham\/%e8%a5%bf%e5%a0%a4%e5%b8%8c-25\/","title":{"rendered":"Xitixi-25"},"content":{"rendered":"<p>Heo: 1. Tr\u1ecb ti\u00eau ch\u1ea3y do E. coli v\u00e0 Salmonella: H\u00f2a tan 1g v\u00e0o 2,5 l\u00edt n\u01b0\u1edbc u\u1ed1ng, d\u00f9ng li\u00ean t\u1ee5c trong 3 ng\u00e0y.<\/p>\n<p>2. \u0110i\u1ec1u tr\u1ecb c\u00e1c b\u1ec7nh v\u1ec1 \u0111\u01b0\u1eddng h\u00f4 h\u1ea5p: H\u00f2a tan 1g v\u00e0o 1 l\u00edt n\u01b0\u1edbc u\u1ed1ng, d\u00f9ng li\u00ean t\u1ee5c trong 3-5 ng\u00e0y.<\/p>\n<p>3. Li\u1ec1u d\u00f9ng h\u00e0ng ng\u00e0y: 10-20 mg\/kg.<\/p>\n<p>G\u00e0: 1. Tr\u1ecb c\u00e1c b\u1ec7nh h\u00f4 h\u1ea5p m\u00e3n t\u00ednh, vi\u00eam m\u00e0ng ho\u1ea1t d\u1ecbch, vi\u00eam ru\u1ed9t do vi khu\u1ea9n: H\u00f2a tan 1g v\u00e0o 2 l\u00edt n\u01b0\u1edbc u\u1ed1ng, d\u00f9ng li\u00ean t\u1ee5c trong 3-5 ng\u00e0y.<\/p>\n<p>2. \u0110i\u1ec1u tr\u1ecb nhi\u1ec5m tr\u00f9ng ph\u1ee9c h\u1ee3p \u0111\u01b0\u1eddng h\u00f4 h\u1ea5p m\u00e3n t\u00ednh, b\u1ec7nh t\u1ea3 g\u00e0, nhi\u1ec5m Salmonella: h\u00f2a tan 1g trong 1 l\u00edt n\u01b0\u1edbc u\u1ed1ng, d\u00f9ng li\u00ean t\u1ee5c trong 3-5 ng\u00e0y.<\/p>","protected":false},"excerpt":{"rendered":"<p>T\u00ean thu\u1ed1c: CTC-25<br \/>\nS\u1ed1 gi\u1ea5y ph\u00e9p: Gi\u1ea5y ph\u00e9p thu\u1ed1c th\u00fa y s\u1ed1 08196<br \/>\nD\u1ea1ng b\u00e0o ch\u1ebf: B\u1ed9t d\u00f9ng \u0111\u1ec3 \u0111i\u1ec1u tr\u1ecb<br \/>\n\u0110\u00f3ng g\u00f3i: 100g, 500g, 1kg, 10kg, 25kg<br \/>\n\u0110\u1ed9ng v\u1eadt \u00e1p d\u1ee5ng: l\u1ee3n, g\u00e0<br \/>\nC\u00f4ng d\u1ee5ng (ch\u1ec9 \u0111\u1ecbnh): L\u1ee3n: \u0110i\u1ec1u tr\u1ecb vi\u00eam ru\u1ed9t do vi khu\u1ea9n v\u00e0 c\u00e1c b\u1ec7nh \u0111\u01b0\u1eddng h\u00f4 h\u1ea5p. G\u00e0: \u0110i\u1ec1u tr\u1ecb c\u00e1c b\u1ec7nh \u0111\u01b0\u1eddng h\u00f4 h\u1ea5p m\u00e3n t\u00ednh, vi\u00eam ph\u1ed5i do vi khu\u1ea9n v\u00e0 vi\u00eam m\u00e0ng ho\u1ea1t d\u1ecbch.<br \/>\nTh\u00e0nh ph\u1ea7n: M\u1ed7i gam ch\u1ee9a:<br \/>\nChlortetracyclin HCl\u2026\u2026\u2026\u2026\u2026..250mg(H\u1ed9p)<\/p>","protected":false},"featured_media":2029,"comment_status":"open","ping_status":"closed","template":"","meta":[],"product_brand":[],"product_cat":[45,49,71,72,48],"product_tag":[],"class_list":{"0":"post-2028","1":"product","2":"type-product","3":"status-publish","4":"has-post-thumbnail","6":"product_cat-45","7":"product_cat-49","8":"product_cat-71","9":"product_cat-72","10":"product_cat-48","12":"first","13":"instock","14":"shipping-taxable","15":"product-type-simple"},"yoast_head":"<!-- This site is optimized with the Yoast SEO Premium plugin v25.3.1 (Yoast SEO v25.4) - https:\/\/yoast.com\/wordpress\/plugins\/seo\/ -->\n<title>\u897f\u5824\u5e0c-25 - \u5927\u5b89\u5316\u5b78\u88fd\u85e5\u80a1\u4efd\u6709\u9650\u516c\u53f8<\/title>\n<meta name=\"robots\" content=\"index, follow, max-snippet:-1, max-image-preview:large, max-video-preview:-1\" \/>\n<link rel=\"canonical\" href=\"https:\/\/tahanpharma.com\/vi\/san-pham\/\u897f\u5824\u5e0c-25\/\" \/>\n<meta property=\"og:locale\" content=\"vi_VN\" \/>\n<meta property=\"og:type\" content=\"article\" \/>\n<meta property=\"og:title\" content=\"\u897f\u5824\u5e0c-25\" \/>\n<meta property=\"og:description\" content=\"\u85e5\u54c1\u540d \uff1a CTC-25 \u8a31\u53ef\u8b49\u5b57\u865f \uff1a \u52d5\u7269\u85e5\u88fd\u5b57\u7b2c08196\u865f \u5291\u578b \uff1a \u6cbb\u7642\u7528\u6563\u5291 \u5305\u88dd \uff1a 100g,500g,1kg,10kg,25kg \u9069\u7528\u52d5\u7269 \uff1a \u8c6c\u3001\u96de \u6548\u80fd(\u9069\u61c9\u75c7) \uff1a \u8c6c\uff1a\u6cbb\u7642\u7d30\u83cc\u6027\u8178\u708e\u53ca\u547c\u5438\u9053\u75be\u75c5\u3002 \u96de\uff1a\u6cbb\u7642\u6162\u6027\u547c\u5438\u5668\u75c5\u3001\u7d30\u83cc\u6027\u80ba\u708e\u3001\u6ed1\u819c\u708e\u3002 \u6210\u4efd \uff1a \u6bcf\u516c\u514b\u542b\uff1a Chlortetracyclin HCl\u2026\u2026\u2026\u2026\u2026..250mg(Pot.)\" \/>\n<meta property=\"og:url\" content=\"https:\/\/tahanpharma.com\/vi\/san-pham\/\u897f\u5824\u5e0c-25\/\" \/>\n<meta property=\"og:site_name\" content=\"\u5927\u5b89\u5316\u5b78\u88fd\u85e5\u80a1\u4efd\u6709\u9650\u516c\u53f8\" \/>\n<meta property=\"article:modified_time\" content=\"2025-06-18T06:28:13+00:00\" \/>\n<meta property=\"og:image\" content=\"https:\/\/tahanpharma.com\/wp-content\/uploads\/2025\/06\/\u897f\u5824\u5e0c-25-01.jpg\" \/>\n\t<meta property=\"og:image:width\" content=\"500\" \/>\n\t<meta property=\"og:image:height\" content=\"500\" \/>\n\t<meta property=\"og:image:type\" content=\"image\/jpeg\" \/>\n<meta name=\"twitter:card\" content=\"summary_large_image\" \/>\n<script type=\"application\/ld+json\" class=\"yoast-schema-graph\">{\"@context\":\"https:\/\/schema.org\",\"@graph\":[{\"@type\":\"WebPage\",\"@id\":\"https:\/\/tahanpharma.com\/product\/%e8%a5%bf%e5%a0%a4%e5%b8%8c-25\/\",\"url\":\"https:\/\/tahanpharma.com\/product\/%e8%a5%bf%e5%a0%a4%e5%b8%8c-25\/\",\"name\":\"\u897f\u5824\u5e0c-25 - \u5927\u5b89\u5316\u5b78\u88fd\u85e5\u80a1\u4efd\u6709\u9650\u516c\u53f8\",\"isPartOf\":{\"@id\":\"https:\/\/tahanpharma.com\/#website\"},\"primaryImageOfPage\":{\"@id\":\"https:\/\/tahanpharma.com\/product\/%e8%a5%bf%e5%a0%a4%e5%b8%8c-25\/#primaryimage\"},\"image\":{\"@id\":\"https:\/\/tahanpharma.com\/product\/%e8%a5%bf%e5%a0%a4%e5%b8%8c-25\/#primaryimage\"},\"thumbnailUrl\":\"https:\/\/tahanpharma.com\/wp-content\/uploads\/2025\/06\/\u897f\u5824\u5e0c-25-01.jpg\",\"datePublished\":\"2025-06-18T06:28:12+00:00\",\"dateModified\":\"2025-06-18T06:28:13+00:00\",\"breadcrumb\":{\"@id\":\"https:\/\/tahanpharma.com\/product\/%e8%a5%bf%e5%a0%a4%e5%b8%8c-25\/#breadcrumb\"},\"inLanguage\":\"vi\",\"potentialAction\":[{\"@type\":\"ReadAction\",\"target\":[\"https:\/\/tahanpharma.com\/product\/%e8%a5%bf%e5%a0%a4%e5%b8%8c-25\/\"]}]},{\"@type\":\"ImageObject\",\"inLanguage\":\"vi\",\"@id\":\"https:\/\/tahanpharma.com\/product\/%e8%a5%bf%e5%a0%a4%e5%b8%8c-25\/#primaryimage\",\"url\":\"https:\/\/tahanpharma.com\/wp-content\/uploads\/2025\/06\/\u897f\u5824\u5e0c-25-01.jpg\",\"contentUrl\":\"https:\/\/tahanpharma.com\/wp-content\/uploads\/2025\/06\/\u897f\u5824\u5e0c-25-01.jpg\",\"width\":500,\"height\":500},{\"@type\":\"BreadcrumbList\",\"@id\":\"https:\/\/tahanpharma.com\/product\/%e8%a5%bf%e5%a0%a4%e5%b8%8c-25\/#breadcrumb\",\"itemListElement\":[{\"@type\":\"ListItem\",\"position\":1,\"name\":\"\u9996\u9801\",\"item\":\"https:\/\/tahanpharma.com\/\"},{\"@type\":\"ListItem\",\"position\":2,\"name\":\"\u7522\u54c1\u7c21\u4ecb\",\"item\":\"https:\/\/tahanpharma.com\/product\/\"},{\"@type\":\"ListItem\",\"position\":3,\"name\":\"\u897f\u5824\u5e0c-25\"}]},{\"@type\":\"WebSite\",\"@id\":\"https:\/\/tahanpharma.com\/#website\",\"url\":\"https:\/\/tahanpharma.com\/\",\"name\":\"\u5927\u5b89\u5316\u5b78\u88fd\u85e5\u80a1\u4efd\u6709\u9650\u516c\u53f8\",\"description\":\"\u52d5\u7269\u85e5\u54c1\u88fd\u9020\",\"potentialAction\":[{\"@type\":\"SearchAction\",\"target\":{\"@type\":\"EntryPoint\",\"urlTemplate\":\"https:\/\/tahanpharma.com\/?s={search_term_string}\"},\"query-input\":{\"@type\":\"PropertyValueSpecification\",\"valueRequired\":true,\"valueName\":\"search_term_string\"}}],\"inLanguage\":\"vi\"}]}<\/script>\n<!-- \/ Yoast SEO Premium plugin. -->","yoast_head_json":{"title":"\u897f\u5824\u5e0c-25 - \u5927\u5b89\u5316\u5b78\u88fd\u85e5\u80a1\u4efd\u6709\u9650\u516c\u53f8","robots":{"index":"index","follow":"follow","max-snippet":"max-snippet:-1","max-image-preview":"max-image-preview:large","max-video-preview":"max-video-preview:-1"},"canonical":"https:\/\/tahanpharma.com\/vi\/san-pham\/\u897f\u5824\u5e0c-25\/","og_locale":"vi_VN","og_type":"article","og_title":"\u897f\u5824\u5e0c-25","og_description":"\u85e5\u54c1\u540d \uff1a CTC-25 \u8a31\u53ef\u8b49\u5b57\u865f \uff1a \u52d5\u7269\u85e5\u88fd\u5b57\u7b2c08196\u865f \u5291\u578b \uff1a \u6cbb\u7642\u7528\u6563\u5291 \u5305\u88dd \uff1a 100g,500g,1kg,10kg,25kg \u9069\u7528\u52d5\u7269 \uff1a \u8c6c\u3001\u96de \u6548\u80fd(\u9069\u61c9\u75c7) \uff1a \u8c6c\uff1a\u6cbb\u7642\u7d30\u83cc\u6027\u8178\u708e\u53ca\u547c\u5438\u9053\u75be\u75c5\u3002 \u96de\uff1a\u6cbb\u7642\u6162\u6027\u547c\u5438\u5668\u75c5\u3001\u7d30\u83cc\u6027\u80ba\u708e\u3001\u6ed1\u819c\u708e\u3002 \u6210\u4efd \uff1a \u6bcf\u516c\u514b\u542b\uff1a Chlortetracyclin HCl\u2026\u2026\u2026\u2026\u2026..250mg(Pot.)","og_url":"https:\/\/tahanpharma.com\/vi\/san-pham\/\u897f\u5824\u5e0c-25\/","og_site_name":"\u5927\u5b89\u5316\u5b78\u88fd\u85e5\u80a1\u4efd\u6709\u9650\u516c\u53f8","article_modified_time":"2025-06-18T06:28:13+00:00","og_image":[{"width":500,"height":500,"url":"https:\/\/tahanpharma.com\/wp-content\/uploads\/2025\/06\/\u897f\u5824\u5e0c-25-01.jpg","type":"image\/jpeg"}],"twitter_card":"summary_large_image","schema":{"@context":"https:\/\/schema.org","@graph":[{"@type":"WebPage","@id":"https:\/\/tahanpharma.com\/product\/%e8%a5%bf%e5%a0%a4%e5%b8%8c-25\/","url":"https:\/\/tahanpharma.com\/product\/%e8%a5%bf%e5%a0%a4%e5%b8%8c-25\/","name":"\u897f\u5824\u5e0c-25 - \u5927\u5b89\u5316\u5b78\u88fd\u85e5\u80a1\u4efd\u6709\u9650\u516c\u53f8","isPartOf":{"@id":"https:\/\/tahanpharma.com\/#website"},"primaryImageOfPage":{"@id":"https:\/\/tahanpharma.com\/product\/%e8%a5%bf%e5%a0%a4%e5%b8%8c-25\/#primaryimage"},"image":{"@id":"https:\/\/tahanpharma.com\/product\/%e8%a5%bf%e5%a0%a4%e5%b8%8c-25\/#primaryimage"},"thumbnailUrl":"https:\/\/tahanpharma.com\/wp-content\/uploads\/2025\/06\/\u897f\u5824\u5e0c-25-01.jpg","datePublished":"2025-06-18T06:28:12+00:00","dateModified":"2025-06-18T06:28:13+00:00","breadcrumb":{"@id":"https:\/\/tahanpharma.com\/product\/%e8%a5%bf%e5%a0%a4%e5%b8%8c-25\/#breadcrumb"},"inLanguage":"vi","potentialAction":[{"@type":"ReadAction","target":["https:\/\/tahanpharma.com\/product\/%e8%a5%bf%e5%a0%a4%e5%b8%8c-25\/"]}]},{"@type":"ImageObject","inLanguage":"vi","@id":"https:\/\/tahanpharma.com\/product\/%e8%a5%bf%e5%a0%a4%e5%b8%8c-25\/#primaryimage","url":"https:\/\/tahanpharma.com\/wp-content\/uploads\/2025\/06\/\u897f\u5824\u5e0c-25-01.jpg","contentUrl":"https:\/\/tahanpharma.com\/wp-content\/uploads\/2025\/06\/\u897f\u5824\u5e0c-25-01.jpg","width":500,"height":500},{"@type":"BreadcrumbList","@id":"https:\/\/tahanpharma.com\/product\/%e8%a5%bf%e5%a0%a4%e5%b8%8c-25\/#breadcrumb","itemListElement":[{"@type":"ListItem","position":1,"name":"\u9996\u9801","item":"https:\/\/tahanpharma.com\/"},{"@type":"ListItem","position":2,"name":"\u7522\u54c1\u7c21\u4ecb","item":"https:\/\/tahanpharma.com\/product\/"},{"@type":"ListItem","position":3,"name":"\u897f\u5824\u5e0c-25"}]},{"@type":"WebSite","@id":"https:\/\/tahanpharma.com\/#website","url":"https:\/\/tahanpharma.com\/","name":"\u5927\u5b89\u5316\u5b78\u88fd\u85e5\u80a1\u4efd\u6709\u9650\u516c\u53f8","description":"\u52d5\u7269\u85e5\u54c1\u88fd\u9020","potentialAction":[{"@type":"SearchAction","target":{"@type":"EntryPoint","urlTemplate":"https:\/\/tahanpharma.com\/?s={search_term_string}"},"query-input":{"@type":"PropertyValueSpecification","valueRequired":true,"valueName":"search_term_string"}}],"inLanguage":"vi"}]}},"_links":{"self":[{"href":"https:\/\/tahanpharma.com\/vi\/wp-json\/wp\/v2\/product\/2028","targetHints":{"allow":["GET"]}}],"collection":[{"href":"https:\/\/tahanpharma.com\/vi\/wp-json\/wp\/v2\/product"}],"about":[{"href":"https:\/\/tahanpharma.com\/vi\/wp-json\/wp\/v2\/types\/product"}],"replies":[{"embeddable":true,"href":"https:\/\/tahanpharma.com\/vi\/wp-json\/wp\/v2\/comments?post=2028"}],"wp:featuredmedia":[{"embeddable":true,"href":"https:\/\/tahanpharma.com\/vi\/wp-json\/wp\/v2\/media\/2029"}],"wp:attachment":[{"href":"https:\/\/tahanpharma.com\/vi\/wp-json\/wp\/v2\/media?parent=2028"}],"wp:term":[{"taxonomy":"product_brand","embeddable":true,"href":"https:\/\/tahanpharma.com\/vi\/wp-json\/wp\/v2\/product_brand?post=2028"},{"taxonomy":"product_cat","embeddable":true,"href":"https:\/\/tahanpharma.com\/vi\/wp-json\/wp\/v2\/product_cat?post=2028"},{"taxonomy":"product_tag","embeddable":true,"href":"https:\/\/tahanpharma.com\/vi\/wp-json\/wp\/v2\/product_tag?post=2028"}],"curies":[{"name":"wp","href":"https:\/\/api.w.org\/{rel}","templated":true}]}}