{"id":2040,"date":"2025-06-18T14:49:28","date_gmt":"2025-06-18T06:49:28","guid":{"rendered":"https:\/\/tahanpharma.com\/?post_type=product&#038;p=2040"},"modified":"2025-06-18T14:49:28","modified_gmt":"2025-06-18T06:49:28","slug":"%e4%bc%8f%e6%bb%85%e6%a8%82-5","status":"publish","type":"product","link":"https:\/\/tahanpharma.com\/vi\/san-pham\/%e4%bc%8f%e6%bb%85%e6%a8%82-5\/","title":{"rendered":"Fumixi Le-5"},"content":{"rendered":"<p>Li\u1ec1u d\u00f9ng chu\u1ea9n cho l\u1ee3n:<\/p>\n<p>1. T\u1ea9y giun cho t\u1eebng c\u00e1 th\u1ec3: th\u00eam 1g\/10kg tr\u1ecdng l\u01b0\u1ee3ng c\u01a1 th\u1ec3 c\u1ee7a v\u1eadt nu\u00f4i, d\u00f9ng m\u1ed9t li\u1ec1u duy nh\u1ea5t. Ch\u00fa \u00fd xem m\u1ed7i con v\u1eadt \u0111\u00e3 u\u1ed1ng \u0111\u1ee7 li\u1ec1u ch\u01b0a.<\/p>\n<p>2. Khi t\u1ea9y giun chung: th\u00eam 200 gam s\u1ea3n ph\u1ea9m n\u00e0y v\u00e0o m\u1ed7i t\u1ea5n th\u1ee9c \u0103n trong 2 ng\u00e0y li\u00ean ti\u1ebfp.<\/p>\n<p>\u0110\u1ec3 ti\u00eau di\u1ec7t c\u00e1c lo\u1ea1i k\u00fd sinh tr\u00f9ng kh\u00e1c: Th\u00eam 600 gam s\u1ea3n ph\u1ea9m n\u00e0y v\u00e0o m\u1ed7i t\u1ea5n th\u1ee9c \u0103n trong 5 ng\u00e0y li\u00ean ti\u1ebfp.<\/p>\n<p>\u0110\u1ec3 \u0111i\u1ec1u tr\u1ecb b\u1ec7nh b\u1ea1ch s\u1ea3n \u1edf gan: Th\u00eam 80 gam s\u1ea3n ph\u1ea9m n\u00e0y v\u00e0o m\u1ed7i t\u1ea5n th\u1ee9c \u0103n v\u00e0 s\u1eed d\u1ee5ng li\u00ean t\u1ee5c t\u1eeb khi cai s\u1eefa \u0111\u1ebfn 14 ng\u00e0y tr\u01b0\u1edbc khi gi\u1ebft m\u1ed5.<\/p>\n<p>Li\u1ec1u l\u01b0\u1ee3ng ti\u00eau chu\u1ea9n cho g\u00e0:<\/p>\n<p>\u0110\u1ec3 di\u1ec7t giun \u0111\u0169a: th\u00eam 200 gam s\u1ea3n ph\u1ea9m n\u00e0y v\u00e0o m\u1ed7i t\u1ea5n th\u1ee9c \u0103n.<\/p>\n<p>\u0110\u1ec3 lo\u1ea1i b\u1ecf giun manh tr\u00e0ng: th\u00eam 600 gam s\u1ea3n ph\u1ea9m n\u00e0y v\u00e0o m\u1ed7i t\u1ea5n th\u1ee9c \u0103n.<\/p>\n<p>\u0110\u1ec3 ti\u00eau di\u1ec7t n\u1ea5m trichoderma: th\u00eam 400 gam s\u1ea3n ph\u1ea9m n\u00e0y v\u00e0o m\u1ed7i t\u1ea5n th\u1ee9c \u0103n trong 7 ng\u00e0y li\u00ean ti\u1ebfp.<\/p>","protected":false},"excerpt":{"rendered":"<p>T\u00ean thu\u1ed1c: Flubendazole-5<br \/>\nS\u1ed1 gi\u1ea5y ph\u00e9p: Gi\u1ea5y ph\u00e9p thu\u1ed1c th\u00fa y s\u1ed1 08130<br \/>\nD\u1ea1ng b\u00e0o ch\u1ebf: B\u1ed9t d\u00f9ng \u0111\u1ec3 \u0111i\u1ec1u tr\u1ecb<br \/>\n\u0110\u00f3ng g\u00f3i: 100g, 500g, 1kg, 10kg, 25kg<br \/>\n\u0110\u1ed9ng v\u1eadt \u00e1p d\u1ee5ng: l\u1ee3n, g\u00e0<br \/>\nC\u00f4ng d\u1ee5ng (ch\u1ec9 \u0111\u1ecbnh): L\u1ee3n, g\u00e0: t\u1ea9y giun ph\u1ed5i, giun \u0111\u0169a, giun manh tr\u00e0ng, giun t\u00f3c, giun kim v\u00e0 c\u00e1c lo\u1ea1i giun k\u00fd sinh kh\u00e1c.<br \/>\nTh\u00e0nh ph\u1ea7n: M\u1ed7i gam ch\u1ee9a: Flubendazole\u2026\u2026..50mg<\/p>","protected":false},"featured_media":2041,"comment_status":"open","ping_status":"closed","template":"","meta":[],"product_brand":[],"product_cat":[45,49,72,71,48],"product_tag":[],"class_list":{"0":"post-2040","1":"product","2":"type-product","3":"status-publish","4":"has-post-thumbnail","6":"product_cat-45","7":"product_cat-49","8":"product_cat-72","9":"product_cat-71","10":"product_cat-48","12":"first","13":"instock","14":"shipping-taxable","15":"product-type-simple"},"yoast_head":"<!-- This site is optimized with the Yoast SEO Premium plugin v25.3.1 (Yoast SEO v25.4) - https:\/\/yoast.com\/wordpress\/plugins\/seo\/ -->\n<title>\u4f0f\u6ec5\u6a02-5 - \u5927\u5b89\u5316\u5b78\u88fd\u85e5\u80a1\u4efd\u6709\u9650\u516c\u53f8<\/title>\n<meta name=\"robots\" content=\"index, follow, max-snippet:-1, max-image-preview:large, max-video-preview:-1\" \/>\n<link rel=\"canonical\" href=\"https:\/\/tahanpharma.com\/vi\/san-pham\/\u4f0f\u6ec5\u6a02-5\/\" \/>\n<meta property=\"og:locale\" content=\"vi_VN\" \/>\n<meta property=\"og:type\" content=\"article\" \/>\n<meta property=\"og:title\" content=\"\u4f0f\u6ec5\u6a02-5\" \/>\n<meta property=\"og:description\" content=\"\u85e5\u54c1\u540d \uff1a Flubendazole-5 \u8a31\u53ef\u8b49\u5b57\u865f \uff1a \u52d5\u7269\u85e5\u88fd\u5b57\u7b2c08130\u865f \u5291\u578b \uff1a \u6cbb\u7642\u7528\u6563\u5291 \u5305\u88dd \uff1a 100g,500g,1kg,10kg,25kg \u9069\u7528\u52d5\u7269 \uff1a \u8c6c\u3001\u96de \u6548\u80fd(\u9069\u61c9\u75c7) \uff1a \u8c6c\u3001\u96de\uff1a\u9a45\u9664\u80ba\u87f2\u3001 \u86d4\u87f2\u3001\u76f2\u8178\u87f2\u3001\u6bdb\u6a23 \u7dda\u87f2\u3001\u6bdb\u982d\u87f2\u7b49\u5bc4\u751f\u87f2\u3002 \u6210\u4efd \uff1a \u6bcf\u516c\u514b\u542b\uff1a Flubendazole\u2026\u2026..50mg\" \/>\n<meta property=\"og:url\" content=\"https:\/\/tahanpharma.com\/vi\/san-pham\/\u4f0f\u6ec5\u6a02-5\/\" \/>\n<meta property=\"og:site_name\" content=\"\u5927\u5b89\u5316\u5b78\u88fd\u85e5\u80a1\u4efd\u6709\u9650\u516c\u53f8\" \/>\n<meta property=\"og:image\" content=\"https:\/\/tahanpharma.com\/wp-content\/uploads\/2025\/06\/\u4f0f\u6ec5\u6a02-5-01.jpg\" \/>\n\t<meta property=\"og:image:width\" content=\"500\" \/>\n\t<meta property=\"og:image:height\" content=\"500\" \/>\n\t<meta property=\"og:image:type\" content=\"image\/jpeg\" \/>\n<meta name=\"twitter:card\" content=\"summary_large_image\" \/>\n<script type=\"application\/ld+json\" class=\"yoast-schema-graph\">{\"@context\":\"https:\/\/schema.org\",\"@graph\":[{\"@type\":\"WebPage\",\"@id\":\"https:\/\/tahanpharma.com\/product\/%e4%bc%8f%e6%bb%85%e6%a8%82-5\/\",\"url\":\"https:\/\/tahanpharma.com\/product\/%e4%bc%8f%e6%bb%85%e6%a8%82-5\/\",\"name\":\"\u4f0f\u6ec5\u6a02-5 - \u5927\u5b89\u5316\u5b78\u88fd\u85e5\u80a1\u4efd\u6709\u9650\u516c\u53f8\",\"isPartOf\":{\"@id\":\"https:\/\/tahanpharma.com\/#website\"},\"primaryImageOfPage\":{\"@id\":\"https:\/\/tahanpharma.com\/product\/%e4%bc%8f%e6%bb%85%e6%a8%82-5\/#primaryimage\"},\"image\":{\"@id\":\"https:\/\/tahanpharma.com\/product\/%e4%bc%8f%e6%bb%85%e6%a8%82-5\/#primaryimage\"},\"thumbnailUrl\":\"https:\/\/tahanpharma.com\/wp-content\/uploads\/2025\/06\/\u4f0f\u6ec5\u6a02-5-01.jpg\",\"datePublished\":\"2025-06-18T06:49:28+00:00\",\"breadcrumb\":{\"@id\":\"https:\/\/tahanpharma.com\/product\/%e4%bc%8f%e6%bb%85%e6%a8%82-5\/#breadcrumb\"},\"inLanguage\":\"vi\",\"potentialAction\":[{\"@type\":\"ReadAction\",\"target\":[\"https:\/\/tahanpharma.com\/product\/%e4%bc%8f%e6%bb%85%e6%a8%82-5\/\"]}]},{\"@type\":\"ImageObject\",\"inLanguage\":\"vi\",\"@id\":\"https:\/\/tahanpharma.com\/product\/%e4%bc%8f%e6%bb%85%e6%a8%82-5\/#primaryimage\",\"url\":\"https:\/\/tahanpharma.com\/wp-content\/uploads\/2025\/06\/\u4f0f\u6ec5\u6a02-5-01.jpg\",\"contentUrl\":\"https:\/\/tahanpharma.com\/wp-content\/uploads\/2025\/06\/\u4f0f\u6ec5\u6a02-5-01.jpg\",\"width\":500,\"height\":500},{\"@type\":\"BreadcrumbList\",\"@id\":\"https:\/\/tahanpharma.com\/product\/%e4%bc%8f%e6%bb%85%e6%a8%82-5\/#breadcrumb\",\"itemListElement\":[{\"@type\":\"ListItem\",\"position\":1,\"name\":\"\u9996\u9801\",\"item\":\"https:\/\/tahanpharma.com\/\"},{\"@type\":\"ListItem\",\"position\":2,\"name\":\"\u7522\u54c1\u7c21\u4ecb\",\"item\":\"https:\/\/tahanpharma.com\/product\/\"},{\"@type\":\"ListItem\",\"position\":3,\"name\":\"\u4f0f\u6ec5\u6a02-5\"}]},{\"@type\":\"WebSite\",\"@id\":\"https:\/\/tahanpharma.com\/#website\",\"url\":\"https:\/\/tahanpharma.com\/\",\"name\":\"\u5927\u5b89\u5316\u5b78\u88fd\u85e5\u80a1\u4efd\u6709\u9650\u516c\u53f8\",\"description\":\"\u52d5\u7269\u85e5\u54c1\u88fd\u9020\",\"potentialAction\":[{\"@type\":\"SearchAction\",\"target\":{\"@type\":\"EntryPoint\",\"urlTemplate\":\"https:\/\/tahanpharma.com\/?s={search_term_string}\"},\"query-input\":{\"@type\":\"PropertyValueSpecification\",\"valueRequired\":true,\"valueName\":\"search_term_string\"}}],\"inLanguage\":\"vi\"}]}<\/script>\n<!-- \/ Yoast SEO Premium plugin. -->","yoast_head_json":{"title":"\u4f0f\u6ec5\u6a02-5 - \u5927\u5b89\u5316\u5b78\u88fd\u85e5\u80a1\u4efd\u6709\u9650\u516c\u53f8","robots":{"index":"index","follow":"follow","max-snippet":"max-snippet:-1","max-image-preview":"max-image-preview:large","max-video-preview":"max-video-preview:-1"},"canonical":"https:\/\/tahanpharma.com\/vi\/san-pham\/\u4f0f\u6ec5\u6a02-5\/","og_locale":"vi_VN","og_type":"article","og_title":"\u4f0f\u6ec5\u6a02-5","og_description":"\u85e5\u54c1\u540d \uff1a Flubendazole-5 \u8a31\u53ef\u8b49\u5b57\u865f \uff1a \u52d5\u7269\u85e5\u88fd\u5b57\u7b2c08130\u865f \u5291\u578b \uff1a \u6cbb\u7642\u7528\u6563\u5291 \u5305\u88dd \uff1a 100g,500g,1kg,10kg,25kg \u9069\u7528\u52d5\u7269 \uff1a \u8c6c\u3001\u96de \u6548\u80fd(\u9069\u61c9\u75c7) \uff1a \u8c6c\u3001\u96de\uff1a\u9a45\u9664\u80ba\u87f2\u3001 \u86d4\u87f2\u3001\u76f2\u8178\u87f2\u3001\u6bdb\u6a23 \u7dda\u87f2\u3001\u6bdb\u982d\u87f2\u7b49\u5bc4\u751f\u87f2\u3002 \u6210\u4efd \uff1a \u6bcf\u516c\u514b\u542b\uff1a Flubendazole\u2026\u2026..50mg","og_url":"https:\/\/tahanpharma.com\/vi\/san-pham\/\u4f0f\u6ec5\u6a02-5\/","og_site_name":"\u5927\u5b89\u5316\u5b78\u88fd\u85e5\u80a1\u4efd\u6709\u9650\u516c\u53f8","og_image":[{"width":500,"height":500,"url":"https:\/\/tahanpharma.com\/wp-content\/uploads\/2025\/06\/\u4f0f\u6ec5\u6a02-5-01.jpg","type":"image\/jpeg"}],"twitter_card":"summary_large_image","schema":{"@context":"https:\/\/schema.org","@graph":[{"@type":"WebPage","@id":"https:\/\/tahanpharma.com\/product\/%e4%bc%8f%e6%bb%85%e6%a8%82-5\/","url":"https:\/\/tahanpharma.com\/product\/%e4%bc%8f%e6%bb%85%e6%a8%82-5\/","name":"\u4f0f\u6ec5\u6a02-5 - \u5927\u5b89\u5316\u5b78\u88fd\u85e5\u80a1\u4efd\u6709\u9650\u516c\u53f8","isPartOf":{"@id":"https:\/\/tahanpharma.com\/#website"},"primaryImageOfPage":{"@id":"https:\/\/tahanpharma.com\/product\/%e4%bc%8f%e6%bb%85%e6%a8%82-5\/#primaryimage"},"image":{"@id":"https:\/\/tahanpharma.com\/product\/%e4%bc%8f%e6%bb%85%e6%a8%82-5\/#primaryimage"},"thumbnailUrl":"https:\/\/tahanpharma.com\/wp-content\/uploads\/2025\/06\/\u4f0f\u6ec5\u6a02-5-01.jpg","datePublished":"2025-06-18T06:49:28+00:00","breadcrumb":{"@id":"https:\/\/tahanpharma.com\/product\/%e4%bc%8f%e6%bb%85%e6%a8%82-5\/#breadcrumb"},"inLanguage":"vi","potentialAction":[{"@type":"ReadAction","target":["https:\/\/tahanpharma.com\/product\/%e4%bc%8f%e6%bb%85%e6%a8%82-5\/"]}]},{"@type":"ImageObject","inLanguage":"vi","@id":"https:\/\/tahanpharma.com\/product\/%e4%bc%8f%e6%bb%85%e6%a8%82-5\/#primaryimage","url":"https:\/\/tahanpharma.com\/wp-content\/uploads\/2025\/06\/\u4f0f\u6ec5\u6a02-5-01.jpg","contentUrl":"https:\/\/tahanpharma.com\/wp-content\/uploads\/2025\/06\/\u4f0f\u6ec5\u6a02-5-01.jpg","width":500,"height":500},{"@type":"BreadcrumbList","@id":"https:\/\/tahanpharma.com\/product\/%e4%bc%8f%e6%bb%85%e6%a8%82-5\/#breadcrumb","itemListElement":[{"@type":"ListItem","position":1,"name":"\u9996\u9801","item":"https:\/\/tahanpharma.com\/"},{"@type":"ListItem","position":2,"name":"\u7522\u54c1\u7c21\u4ecb","item":"https:\/\/tahanpharma.com\/product\/"},{"@type":"ListItem","position":3,"name":"\u4f0f\u6ec5\u6a02-5"}]},{"@type":"WebSite","@id":"https:\/\/tahanpharma.com\/#website","url":"https:\/\/tahanpharma.com\/","name":"\u5927\u5b89\u5316\u5b78\u88fd\u85e5\u80a1\u4efd\u6709\u9650\u516c\u53f8","description":"\u52d5\u7269\u85e5\u54c1\u88fd\u9020","potentialAction":[{"@type":"SearchAction","target":{"@type":"EntryPoint","urlTemplate":"https:\/\/tahanpharma.com\/?s={search_term_string}"},"query-input":{"@type":"PropertyValueSpecification","valueRequired":true,"valueName":"search_term_string"}}],"inLanguage":"vi"}]}},"_links":{"self":[{"href":"https:\/\/tahanpharma.com\/vi\/wp-json\/wp\/v2\/product\/2040","targetHints":{"allow":["GET"]}}],"collection":[{"href":"https:\/\/tahanpharma.com\/vi\/wp-json\/wp\/v2\/product"}],"about":[{"href":"https:\/\/tahanpharma.com\/vi\/wp-json\/wp\/v2\/types\/product"}],"replies":[{"embeddable":true,"href":"https:\/\/tahanpharma.com\/vi\/wp-json\/wp\/v2\/comments?post=2040"}],"wp:featuredmedia":[{"embeddable":true,"href":"https:\/\/tahanpharma.com\/vi\/wp-json\/wp\/v2\/media\/2041"}],"wp:attachment":[{"href":"https:\/\/tahanpharma.com\/vi\/wp-json\/wp\/v2\/media?parent=2040"}],"wp:term":[{"taxonomy":"product_brand","embeddable":true,"href":"https:\/\/tahanpharma.com\/vi\/wp-json\/wp\/v2\/product_brand?post=2040"},{"taxonomy":"product_cat","embeddable":true,"href":"https:\/\/tahanpharma.com\/vi\/wp-json\/wp\/v2\/product_cat?post=2040"},{"taxonomy":"product_tag","embeddable":true,"href":"https:\/\/tahanpharma.com\/vi\/wp-json\/wp\/v2\/product_tag?post=2040"}],"curies":[{"name":"wp","href":"https:\/\/api.w.org\/{rel}","templated":true}]}}