{"id":2054,"date":"2025-06-18T14:54:48","date_gmt":"2025-06-18T06:54:48","guid":{"rendered":"https:\/\/tahanpharma.com\/?post_type=product&#038;p=2054"},"modified":"2025-06-18T14:54:49","modified_gmt":"2025-06-18T06:54:49","slug":"%e6%84%9b%e6%bb%85%e8%9f%b2-06","status":"publish","type":"product","link":"https:\/\/tahanpharma.com\/vi\/san-pham\/%e6%84%9b%e6%bb%85%e8%9f%b2-06\/","title":{"rendered":"Ki\u1ec3m so\u00e1t d\u1ecbch h\u1ea1i t\u00ecnh y\u00eau-06"},"content":{"rendered":"<p>1. B\u1ed5 sung 333g thu\u1ed1c n\u00e0y cho m\u1ed7i t\u1ea5n th\u1ee9c \u0103n cho l\u1ee3n con v\u00e0 l\u1ee3n d\u01b0\u1edbi 40kg trong 7 ng\u00e0y li\u00ean t\u1ee5c.<\/p>\n<p>2. \u0110\u1ed1i v\u1edbi l\u1ee3n n\u00e1i n\u1eb7ng t\u1eeb 120 \u0111\u1ebfn 150 kg, th\u00eam 1400 \u0111\u1ebfn 1760 gam thu\u1ed1c n\u00e0y cho m\u1ed7i t\u1ea5n th\u1ee9c \u0103n trong 7 ng\u00e0y li\u00ean t\u1ee5c.<\/p>","protected":false},"excerpt":{"rendered":"<p>T\u00ean thu\u1ed1c: Ivermectin-06<br \/>\nS\u1ed1 gi\u1ea5y ph\u00e9p: Gi\u1ea5y ph\u00e9p thu\u1ed1c th\u00fa y s\u1ed1 08045<br \/>\nD\u1ea1ng b\u00e0o ch\u1ebf: B\u1ed9t d\u00f9ng \u0111\u1ec3 \u0111i\u1ec1u tr\u1ecb<br \/>\n\u0110\u00f3ng g\u00f3i: 333g, 500g, 1kg, 10kg, 25kg<br \/>\n\u0110\u1ed9ng v\u1eadt \u00e1p d\u1ee5ng: L\u1ee3n<br \/>\nC\u00f4ng d\u1ee5ng (ch\u1ec9 \u0111\u1ecbnh): L\u1ee3n: Tr\u1ecb c\u00e1c lo\u1ea1i k\u00fd sinh tr\u00f9ng b\u00ean trong v\u00e0 b\u00ean ngo\u00e0i nh\u01b0 r\u1eadn l\u1ee3n, gh\u1ebb, giun th\u1eadn l\u1ee3n, giun ph\u1ed5i, giun tr\u00f2n th\u00f4ng xanh v\u00e0 giun tr\u00f2n t\u00f3c \u0111\u1ecf<br \/>\nTh\u00e0nh ph\u1ea7n: M\u1ed7i gam ch\u1ee9a: Ivermectin \u2026\u2026..\u2026\u20266mg<\/p>","protected":false},"featured_media":2055,"comment_status":"open","ping_status":"closed","template":"","meta":[],"product_brand":[],"product_cat":[45,71,48],"product_tag":[],"class_list":{"0":"post-2054","1":"product","2":"type-product","3":"status-publish","4":"has-post-thumbnail","6":"product_cat-45","7":"product_cat-71","8":"product_cat-48","10":"first","11":"instock","12":"shipping-taxable","13":"product-type-simple"},"yoast_head":"<!-- This site is optimized with the Yoast SEO Premium plugin v25.3.1 (Yoast SEO v25.4) - https:\/\/yoast.com\/wordpress\/plugins\/seo\/ -->\n<title>\u611b\u6ec5\u87f2-06 - \u5927\u5b89\u5316\u5b78\u88fd\u85e5\u80a1\u4efd\u6709\u9650\u516c\u53f8<\/title>\n<meta name=\"robots\" content=\"index, follow, max-snippet:-1, max-image-preview:large, max-video-preview:-1\" \/>\n<link rel=\"canonical\" href=\"https:\/\/tahanpharma.com\/vi\/san-pham\/\u611b\u6ec5\u87f2-06\/\" \/>\n<meta property=\"og:locale\" content=\"vi_VN\" \/>\n<meta property=\"og:type\" content=\"article\" \/>\n<meta property=\"og:title\" content=\"\u611b\u6ec5\u87f2-06\" \/>\n<meta property=\"og:description\" content=\"\u85e5\u54c1\u540d \uff1a Ivermectin-06 \u8a31\u53ef\u8b49\u5b57\u865f \uff1a \u52d5\u7269\u85e5\u88fd\u5b57\u7b2c08045\u865f \u5291\u578b \uff1a \u6cbb\u7642\u7528\u6563\u5291 \u5305\u88dd \uff1a 333g,500g,1kg,10kg,25kg \u9069\u7528\u52d5\u7269 \uff1a \u8c6c \u6548\u80fd(\u9069\u61c9\u75c7) \uff1a \u8c6c\uff1a\u6cbb\u7642\u8c6c\u8768\u3001\u75a5\u766c\u87f2\u3001\u8c6c\u814e\u87f2\u3001\u80ba\u87f2\u3001\u85cd\u677e\u6c0f\u687f\u7dda\u87f2\u53ca\u7d05\u8272\u6bdb\u6a23\u7dda\u87f2\u7b49\u5167\u5916\u5bc4\u751f\u87f2 \u6210\u4efd \uff1a \u6bcf\u516c\u514b\u542b\uff1a Ivermectin \u2026\u2026..\u2026\u20266mg\" \/>\n<meta property=\"og:url\" content=\"https:\/\/tahanpharma.com\/vi\/san-pham\/\u611b\u6ec5\u87f2-06\/\" \/>\n<meta property=\"og:site_name\" content=\"\u5927\u5b89\u5316\u5b78\u88fd\u85e5\u80a1\u4efd\u6709\u9650\u516c\u53f8\" \/>\n<meta property=\"article:modified_time\" content=\"2025-06-18T06:54:49+00:00\" \/>\n<meta property=\"og:image\" content=\"https:\/\/tahanpharma.com\/wp-content\/uploads\/2025\/06\/\u611b\u6ec5\u87f2-06-01.jpg\" \/>\n\t<meta property=\"og:image:width\" content=\"500\" \/>\n\t<meta property=\"og:image:height\" content=\"500\" \/>\n\t<meta property=\"og:image:type\" content=\"image\/jpeg\" \/>\n<meta name=\"twitter:card\" content=\"summary_large_image\" \/>\n<script type=\"application\/ld+json\" class=\"yoast-schema-graph\">{\"@context\":\"https:\/\/schema.org\",\"@graph\":[{\"@type\":\"WebPage\",\"@id\":\"https:\/\/tahanpharma.com\/product\/%e6%84%9b%e6%bb%85%e8%9f%b2-06\/\",\"url\":\"https:\/\/tahanpharma.com\/product\/%e6%84%9b%e6%bb%85%e8%9f%b2-06\/\",\"name\":\"\u611b\u6ec5\u87f2-06 - \u5927\u5b89\u5316\u5b78\u88fd\u85e5\u80a1\u4efd\u6709\u9650\u516c\u53f8\",\"isPartOf\":{\"@id\":\"https:\/\/tahanpharma.com\/#website\"},\"primaryImageOfPage\":{\"@id\":\"https:\/\/tahanpharma.com\/product\/%e6%84%9b%e6%bb%85%e8%9f%b2-06\/#primaryimage\"},\"image\":{\"@id\":\"https:\/\/tahanpharma.com\/product\/%e6%84%9b%e6%bb%85%e8%9f%b2-06\/#primaryimage\"},\"thumbnailUrl\":\"https:\/\/tahanpharma.com\/wp-content\/uploads\/2025\/06\/\u611b\u6ec5\u87f2-06-01.jpg\",\"datePublished\":\"2025-06-18T06:54:48+00:00\",\"dateModified\":\"2025-06-18T06:54:49+00:00\",\"breadcrumb\":{\"@id\":\"https:\/\/tahanpharma.com\/product\/%e6%84%9b%e6%bb%85%e8%9f%b2-06\/#breadcrumb\"},\"inLanguage\":\"vi\",\"potentialAction\":[{\"@type\":\"ReadAction\",\"target\":[\"https:\/\/tahanpharma.com\/product\/%e6%84%9b%e6%bb%85%e8%9f%b2-06\/\"]}]},{\"@type\":\"ImageObject\",\"inLanguage\":\"vi\",\"@id\":\"https:\/\/tahanpharma.com\/product\/%e6%84%9b%e6%bb%85%e8%9f%b2-06\/#primaryimage\",\"url\":\"https:\/\/tahanpharma.com\/wp-content\/uploads\/2025\/06\/\u611b\u6ec5\u87f2-06-01.jpg\",\"contentUrl\":\"https:\/\/tahanpharma.com\/wp-content\/uploads\/2025\/06\/\u611b\u6ec5\u87f2-06-01.jpg\",\"width\":500,\"height\":500},{\"@type\":\"BreadcrumbList\",\"@id\":\"https:\/\/tahanpharma.com\/product\/%e6%84%9b%e6%bb%85%e8%9f%b2-06\/#breadcrumb\",\"itemListElement\":[{\"@type\":\"ListItem\",\"position\":1,\"name\":\"\u9996\u9801\",\"item\":\"https:\/\/tahanpharma.com\/\"},{\"@type\":\"ListItem\",\"position\":2,\"name\":\"\u7522\u54c1\u7c21\u4ecb\",\"item\":\"https:\/\/tahanpharma.com\/product\/\"},{\"@type\":\"ListItem\",\"position\":3,\"name\":\"\u611b\u6ec5\u87f2-06\"}]},{\"@type\":\"WebSite\",\"@id\":\"https:\/\/tahanpharma.com\/#website\",\"url\":\"https:\/\/tahanpharma.com\/\",\"name\":\"\u5927\u5b89\u5316\u5b78\u88fd\u85e5\u80a1\u4efd\u6709\u9650\u516c\u53f8\",\"description\":\"\u52d5\u7269\u85e5\u54c1\u88fd\u9020\",\"potentialAction\":[{\"@type\":\"SearchAction\",\"target\":{\"@type\":\"EntryPoint\",\"urlTemplate\":\"https:\/\/tahanpharma.com\/?s={search_term_string}\"},\"query-input\":{\"@type\":\"PropertyValueSpecification\",\"valueRequired\":true,\"valueName\":\"search_term_string\"}}],\"inLanguage\":\"vi\"}]}<\/script>\n<!-- \/ Yoast SEO Premium plugin. -->","yoast_head_json":{"title":"\u611b\u6ec5\u87f2-06 - \u5927\u5b89\u5316\u5b78\u88fd\u85e5\u80a1\u4efd\u6709\u9650\u516c\u53f8","robots":{"index":"index","follow":"follow","max-snippet":"max-snippet:-1","max-image-preview":"max-image-preview:large","max-video-preview":"max-video-preview:-1"},"canonical":"https:\/\/tahanpharma.com\/vi\/san-pham\/\u611b\u6ec5\u87f2-06\/","og_locale":"vi_VN","og_type":"article","og_title":"\u611b\u6ec5\u87f2-06","og_description":"\u85e5\u54c1\u540d \uff1a Ivermectin-06 \u8a31\u53ef\u8b49\u5b57\u865f \uff1a \u52d5\u7269\u85e5\u88fd\u5b57\u7b2c08045\u865f \u5291\u578b \uff1a \u6cbb\u7642\u7528\u6563\u5291 \u5305\u88dd \uff1a 333g,500g,1kg,10kg,25kg \u9069\u7528\u52d5\u7269 \uff1a \u8c6c \u6548\u80fd(\u9069\u61c9\u75c7) \uff1a \u8c6c\uff1a\u6cbb\u7642\u8c6c\u8768\u3001\u75a5\u766c\u87f2\u3001\u8c6c\u814e\u87f2\u3001\u80ba\u87f2\u3001\u85cd\u677e\u6c0f\u687f\u7dda\u87f2\u53ca\u7d05\u8272\u6bdb\u6a23\u7dda\u87f2\u7b49\u5167\u5916\u5bc4\u751f\u87f2 \u6210\u4efd \uff1a \u6bcf\u516c\u514b\u542b\uff1a Ivermectin \u2026\u2026..\u2026\u20266mg","og_url":"https:\/\/tahanpharma.com\/vi\/san-pham\/\u611b\u6ec5\u87f2-06\/","og_site_name":"\u5927\u5b89\u5316\u5b78\u88fd\u85e5\u80a1\u4efd\u6709\u9650\u516c\u53f8","article_modified_time":"2025-06-18T06:54:49+00:00","og_image":[{"width":500,"height":500,"url":"https:\/\/tahanpharma.com\/wp-content\/uploads\/2025\/06\/\u611b\u6ec5\u87f2-06-01.jpg","type":"image\/jpeg"}],"twitter_card":"summary_large_image","schema":{"@context":"https:\/\/schema.org","@graph":[{"@type":"WebPage","@id":"https:\/\/tahanpharma.com\/product\/%e6%84%9b%e6%bb%85%e8%9f%b2-06\/","url":"https:\/\/tahanpharma.com\/product\/%e6%84%9b%e6%bb%85%e8%9f%b2-06\/","name":"\u611b\u6ec5\u87f2-06 - \u5927\u5b89\u5316\u5b78\u88fd\u85e5\u80a1\u4efd\u6709\u9650\u516c\u53f8","isPartOf":{"@id":"https:\/\/tahanpharma.com\/#website"},"primaryImageOfPage":{"@id":"https:\/\/tahanpharma.com\/product\/%e6%84%9b%e6%bb%85%e8%9f%b2-06\/#primaryimage"},"image":{"@id":"https:\/\/tahanpharma.com\/product\/%e6%84%9b%e6%bb%85%e8%9f%b2-06\/#primaryimage"},"thumbnailUrl":"https:\/\/tahanpharma.com\/wp-content\/uploads\/2025\/06\/\u611b\u6ec5\u87f2-06-01.jpg","datePublished":"2025-06-18T06:54:48+00:00","dateModified":"2025-06-18T06:54:49+00:00","breadcrumb":{"@id":"https:\/\/tahanpharma.com\/product\/%e6%84%9b%e6%bb%85%e8%9f%b2-06\/#breadcrumb"},"inLanguage":"vi","potentialAction":[{"@type":"ReadAction","target":["https:\/\/tahanpharma.com\/product\/%e6%84%9b%e6%bb%85%e8%9f%b2-06\/"]}]},{"@type":"ImageObject","inLanguage":"vi","@id":"https:\/\/tahanpharma.com\/product\/%e6%84%9b%e6%bb%85%e8%9f%b2-06\/#primaryimage","url":"https:\/\/tahanpharma.com\/wp-content\/uploads\/2025\/06\/\u611b\u6ec5\u87f2-06-01.jpg","contentUrl":"https:\/\/tahanpharma.com\/wp-content\/uploads\/2025\/06\/\u611b\u6ec5\u87f2-06-01.jpg","width":500,"height":500},{"@type":"BreadcrumbList","@id":"https:\/\/tahanpharma.com\/product\/%e6%84%9b%e6%bb%85%e8%9f%b2-06\/#breadcrumb","itemListElement":[{"@type":"ListItem","position":1,"name":"\u9996\u9801","item":"https:\/\/tahanpharma.com\/"},{"@type":"ListItem","position":2,"name":"\u7522\u54c1\u7c21\u4ecb","item":"https:\/\/tahanpharma.com\/product\/"},{"@type":"ListItem","position":3,"name":"\u611b\u6ec5\u87f2-06"}]},{"@type":"WebSite","@id":"https:\/\/tahanpharma.com\/#website","url":"https:\/\/tahanpharma.com\/","name":"\u5927\u5b89\u5316\u5b78\u88fd\u85e5\u80a1\u4efd\u6709\u9650\u516c\u53f8","description":"\u52d5\u7269\u85e5\u54c1\u88fd\u9020","potentialAction":[{"@type":"SearchAction","target":{"@type":"EntryPoint","urlTemplate":"https:\/\/tahanpharma.com\/?s={search_term_string}"},"query-input":{"@type":"PropertyValueSpecification","valueRequired":true,"valueName":"search_term_string"}}],"inLanguage":"vi"}]}},"_links":{"self":[{"href":"https:\/\/tahanpharma.com\/vi\/wp-json\/wp\/v2\/product\/2054","targetHints":{"allow":["GET"]}}],"collection":[{"href":"https:\/\/tahanpharma.com\/vi\/wp-json\/wp\/v2\/product"}],"about":[{"href":"https:\/\/tahanpharma.com\/vi\/wp-json\/wp\/v2\/types\/product"}],"replies":[{"embeddable":true,"href":"https:\/\/tahanpharma.com\/vi\/wp-json\/wp\/v2\/comments?post=2054"}],"wp:featuredmedia":[{"embeddable":true,"href":"https:\/\/tahanpharma.com\/vi\/wp-json\/wp\/v2\/media\/2055"}],"wp:attachment":[{"href":"https:\/\/tahanpharma.com\/vi\/wp-json\/wp\/v2\/media?parent=2054"}],"wp:term":[{"taxonomy":"product_brand","embeddable":true,"href":"https:\/\/tahanpharma.com\/vi\/wp-json\/wp\/v2\/product_brand?post=2054"},{"taxonomy":"product_cat","embeddable":true,"href":"https:\/\/tahanpharma.com\/vi\/wp-json\/wp\/v2\/product_cat?post=2054"},{"taxonomy":"product_tag","embeddable":true,"href":"https:\/\/tahanpharma.com\/vi\/wp-json\/wp\/v2\/product_tag?post=2054"}],"curies":[{"name":"wp","href":"https:\/\/api.w.org\/{rel}","templated":true}]}}