{"id":2056,"date":"2025-06-18T14:55:22","date_gmt":"2025-06-18T06:55:22","guid":{"rendered":"https:\/\/tahanpharma.com\/?post_type=product&#038;p=2056"},"modified":"2025-06-18T14:55:22","modified_gmt":"2025-06-18T06:55:22","slug":"%e7%ab%8b%e5%ba%b7-400","status":"publish","type":"product","link":"https:\/\/tahanpharma.com\/vi\/san-pham\/%e7%ab%8b%e5%ba%b7-400\/","title":{"rendered":"Likang-400"},"content":{"rendered":"<p>L\u1ee3n: Th\u00eam 139 gam thu\u1ed1c n\u00e0y v\u00e0o m\u1ed7i t\u1ea5n n\u01b0\u1edbc u\u1ed1ng (t\u1ee9c l\u00e0 250 mg Lincomycin\/4,5 L) v\u00e0 ti\u1ebfp t\u1ee5c cho d\u00f9ng thu\u1ed1c trong 5 ng\u00e0y sau khi c\u00e1c tri\u1ec7u ch\u1ee9ng bi\u1ebfn m\u1ea5t ho\u1eb7c t\u1ed1i \u0111a trong 10 ng\u00e0y li\u00ean ti\u1ebfp.<\/p>\n<p>G\u00e0 th\u1ecbt: Th\u00eam 42,3 gam (t\u1ee9c l\u00e0 16,9 mg Lincomycin\/1L) thu\u1ed1c n\u00e0y v\u00e0o m\u1ed7i t\u1ea5n n\u01b0\u1edbc u\u1ed1ng trong 7 ng\u00e0y li\u00ean ti\u1ebfp.<\/p>\n<p>Th\u1eddi gian ng\u1eebng thu\u1ed1c: 1 ng\u00e0y \u0111\u1ed1i v\u1edbi l\u1ee3n v\u00e0 2 ng\u00e0y \u0111\u1ed1i v\u1edbi g\u00e0.<\/p>","protected":false},"excerpt":{"rendered":"<p>T\u00ean thu\u1ed1c: LINCO-400<br \/>\nS\u1ed1 gi\u1ea5y ph\u00e9p: Gi\u1ea5y ph\u00e9p thu\u1ed1c th\u00fa y s\u1ed1 07946<br \/>\nD\u1ea1ng b\u00e0o ch\u1ebf: B\u1ed9t (d\u00f9ng u\u1ed1ng)<br \/>\n\u0110\u00f3ng g\u00f3i: 1kg, 25kg<br \/>\n\u0110\u1ed9ng v\u1eadt \u00e1p d\u1ee5ng: g\u00e0, l\u1ee3n<br \/>\nC\u00f4ng d\u1ee5ng (ch\u1ec9 \u0111\u1ecbnh): \u0110i\u1ec1u tr\u1ecb b\u1ec7nh l\u1ef5 \u1edf l\u1ee3n v\u00e0 vi\u00eam ru\u1ed9t ho\u1ea1i t\u1eed \u1edf g\u00e0 th\u1ecbt.<br \/>\nTh\u00e0nh ph\u1ea7n: M\u1ed7i gm ch\u1ee9a<br \/>\nLincomycin HCl\u2026\u2026400mg(H\u1ed9p)<\/p>","protected":false},"featured_media":2057,"comment_status":"open","ping_status":"closed","template":"","meta":[],"product_brand":[],"product_cat":[45,49,71,72,48],"product_tag":[],"class_list":{"0":"post-2056","1":"product","2":"type-product","3":"status-publish","4":"has-post-thumbnail","6":"product_cat-45","7":"product_cat-49","8":"product_cat-71","9":"product_cat-72","10":"product_cat-48","12":"first","13":"instock","14":"shipping-taxable","15":"product-type-simple"},"yoast_head":"<!-- This site is optimized with the Yoast SEO Premium plugin v25.3.1 (Yoast SEO v25.4) - https:\/\/yoast.com\/wordpress\/plugins\/seo\/ -->\n<title>\u7acb\u5eb7-400 - \u5927\u5b89\u5316\u5b78\u88fd\u85e5\u80a1\u4efd\u6709\u9650\u516c\u53f8<\/title>\n<meta name=\"robots\" content=\"index, follow, max-snippet:-1, max-image-preview:large, max-video-preview:-1\" \/>\n<link rel=\"canonical\" href=\"https:\/\/tahanpharma.com\/vi\/san-pham\/\u7acb\u5eb7-400\/\" \/>\n<meta property=\"og:locale\" content=\"vi_VN\" \/>\n<meta property=\"og:type\" content=\"article\" \/>\n<meta property=\"og:title\" content=\"\u7acb\u5eb7-400\" \/>\n<meta property=\"og:description\" content=\"\u85e5\u54c1\u540d \uff1a LINCO-400 \u8a31\u53ef\u8b49\u5b57\u865f \uff1a \u52d5\u7269\u85e5\u88fd\u5b57\u7b2c07946\u865f \u5291\u578b \uff1a \u6563\u5291(\u5167\u7528) \u5305\u88dd \uff1a 1kg,25kg \u9069\u7528\u52d5\u7269 \uff1a \u96de\u3001\u8c6c \u6548\u80fd(\u9069\u61c9\u75c7) \uff1a \u6cbb\u7642\u8c6c\u8d64\u75e2\u3001\u8089\u96de\u4e4b\u58de\u6b7b\u6027\u8178\u708e\u3002 \u6210\u4efd \uff1a \u6bcfgm\u4e2d\u542b\u6709 Lincomycin HCl\u2026\u2026400mg(Pot.)\" \/>\n<meta property=\"og:url\" content=\"https:\/\/tahanpharma.com\/vi\/san-pham\/\u7acb\u5eb7-400\/\" \/>\n<meta property=\"og:site_name\" content=\"\u5927\u5b89\u5316\u5b78\u88fd\u85e5\u80a1\u4efd\u6709\u9650\u516c\u53f8\" \/>\n<meta property=\"og:image\" content=\"https:\/\/tahanpharma.com\/wp-content\/uploads\/2025\/06\/\u7acb\u5eb7-400-01.jpg\" \/>\n\t<meta property=\"og:image:width\" content=\"500\" \/>\n\t<meta property=\"og:image:height\" content=\"500\" \/>\n\t<meta property=\"og:image:type\" content=\"image\/jpeg\" \/>\n<meta name=\"twitter:card\" content=\"summary_large_image\" \/>\n<script type=\"application\/ld+json\" class=\"yoast-schema-graph\">{\"@context\":\"https:\/\/schema.org\",\"@graph\":[{\"@type\":\"WebPage\",\"@id\":\"https:\/\/tahanpharma.com\/product\/%e7%ab%8b%e5%ba%b7-400\/\",\"url\":\"https:\/\/tahanpharma.com\/product\/%e7%ab%8b%e5%ba%b7-400\/\",\"name\":\"\u7acb\u5eb7-400 - \u5927\u5b89\u5316\u5b78\u88fd\u85e5\u80a1\u4efd\u6709\u9650\u516c\u53f8\",\"isPartOf\":{\"@id\":\"https:\/\/tahanpharma.com\/#website\"},\"primaryImageOfPage\":{\"@id\":\"https:\/\/tahanpharma.com\/product\/%e7%ab%8b%e5%ba%b7-400\/#primaryimage\"},\"image\":{\"@id\":\"https:\/\/tahanpharma.com\/product\/%e7%ab%8b%e5%ba%b7-400\/#primaryimage\"},\"thumbnailUrl\":\"https:\/\/tahanpharma.com\/wp-content\/uploads\/2025\/06\/\u7acb\u5eb7-400-01.jpg\",\"datePublished\":\"2025-06-18T06:55:22+00:00\",\"breadcrumb\":{\"@id\":\"https:\/\/tahanpharma.com\/product\/%e7%ab%8b%e5%ba%b7-400\/#breadcrumb\"},\"inLanguage\":\"vi\",\"potentialAction\":[{\"@type\":\"ReadAction\",\"target\":[\"https:\/\/tahanpharma.com\/product\/%e7%ab%8b%e5%ba%b7-400\/\"]}]},{\"@type\":\"ImageObject\",\"inLanguage\":\"vi\",\"@id\":\"https:\/\/tahanpharma.com\/product\/%e7%ab%8b%e5%ba%b7-400\/#primaryimage\",\"url\":\"https:\/\/tahanpharma.com\/wp-content\/uploads\/2025\/06\/\u7acb\u5eb7-400-01.jpg\",\"contentUrl\":\"https:\/\/tahanpharma.com\/wp-content\/uploads\/2025\/06\/\u7acb\u5eb7-400-01.jpg\",\"width\":500,\"height\":500},{\"@type\":\"BreadcrumbList\",\"@id\":\"https:\/\/tahanpharma.com\/product\/%e7%ab%8b%e5%ba%b7-400\/#breadcrumb\",\"itemListElement\":[{\"@type\":\"ListItem\",\"position\":1,\"name\":\"\u9996\u9801\",\"item\":\"https:\/\/tahanpharma.com\/\"},{\"@type\":\"ListItem\",\"position\":2,\"name\":\"\u7522\u54c1\u7c21\u4ecb\",\"item\":\"https:\/\/tahanpharma.com\/product\/\"},{\"@type\":\"ListItem\",\"position\":3,\"name\":\"\u7acb\u5eb7-400\"}]},{\"@type\":\"WebSite\",\"@id\":\"https:\/\/tahanpharma.com\/#website\",\"url\":\"https:\/\/tahanpharma.com\/\",\"name\":\"\u5927\u5b89\u5316\u5b78\u88fd\u85e5\u80a1\u4efd\u6709\u9650\u516c\u53f8\",\"description\":\"\u52d5\u7269\u85e5\u54c1\u88fd\u9020\",\"potentialAction\":[{\"@type\":\"SearchAction\",\"target\":{\"@type\":\"EntryPoint\",\"urlTemplate\":\"https:\/\/tahanpharma.com\/?s={search_term_string}\"},\"query-input\":{\"@type\":\"PropertyValueSpecification\",\"valueRequired\":true,\"valueName\":\"search_term_string\"}}],\"inLanguage\":\"vi\"}]}<\/script>\n<!-- \/ Yoast SEO Premium plugin. -->","yoast_head_json":{"title":"\u7acb\u5eb7-400 - \u5927\u5b89\u5316\u5b78\u88fd\u85e5\u80a1\u4efd\u6709\u9650\u516c\u53f8","robots":{"index":"index","follow":"follow","max-snippet":"max-snippet:-1","max-image-preview":"max-image-preview:large","max-video-preview":"max-video-preview:-1"},"canonical":"https:\/\/tahanpharma.com\/vi\/san-pham\/\u7acb\u5eb7-400\/","og_locale":"vi_VN","og_type":"article","og_title":"\u7acb\u5eb7-400","og_description":"\u85e5\u54c1\u540d \uff1a LINCO-400 \u8a31\u53ef\u8b49\u5b57\u865f \uff1a \u52d5\u7269\u85e5\u88fd\u5b57\u7b2c07946\u865f \u5291\u578b \uff1a \u6563\u5291(\u5167\u7528) \u5305\u88dd \uff1a 1kg,25kg \u9069\u7528\u52d5\u7269 \uff1a \u96de\u3001\u8c6c \u6548\u80fd(\u9069\u61c9\u75c7) \uff1a \u6cbb\u7642\u8c6c\u8d64\u75e2\u3001\u8089\u96de\u4e4b\u58de\u6b7b\u6027\u8178\u708e\u3002 \u6210\u4efd \uff1a \u6bcfgm\u4e2d\u542b\u6709 Lincomycin HCl\u2026\u2026400mg(Pot.)","og_url":"https:\/\/tahanpharma.com\/vi\/san-pham\/\u7acb\u5eb7-400\/","og_site_name":"\u5927\u5b89\u5316\u5b78\u88fd\u85e5\u80a1\u4efd\u6709\u9650\u516c\u53f8","og_image":[{"width":500,"height":500,"url":"https:\/\/tahanpharma.com\/wp-content\/uploads\/2025\/06\/\u7acb\u5eb7-400-01.jpg","type":"image\/jpeg"}],"twitter_card":"summary_large_image","schema":{"@context":"https:\/\/schema.org","@graph":[{"@type":"WebPage","@id":"https:\/\/tahanpharma.com\/product\/%e7%ab%8b%e5%ba%b7-400\/","url":"https:\/\/tahanpharma.com\/product\/%e7%ab%8b%e5%ba%b7-400\/","name":"\u7acb\u5eb7-400 - \u5927\u5b89\u5316\u5b78\u88fd\u85e5\u80a1\u4efd\u6709\u9650\u516c\u53f8","isPartOf":{"@id":"https:\/\/tahanpharma.com\/#website"},"primaryImageOfPage":{"@id":"https:\/\/tahanpharma.com\/product\/%e7%ab%8b%e5%ba%b7-400\/#primaryimage"},"image":{"@id":"https:\/\/tahanpharma.com\/product\/%e7%ab%8b%e5%ba%b7-400\/#primaryimage"},"thumbnailUrl":"https:\/\/tahanpharma.com\/wp-content\/uploads\/2025\/06\/\u7acb\u5eb7-400-01.jpg","datePublished":"2025-06-18T06:55:22+00:00","breadcrumb":{"@id":"https:\/\/tahanpharma.com\/product\/%e7%ab%8b%e5%ba%b7-400\/#breadcrumb"},"inLanguage":"vi","potentialAction":[{"@type":"ReadAction","target":["https:\/\/tahanpharma.com\/product\/%e7%ab%8b%e5%ba%b7-400\/"]}]},{"@type":"ImageObject","inLanguage":"vi","@id":"https:\/\/tahanpharma.com\/product\/%e7%ab%8b%e5%ba%b7-400\/#primaryimage","url":"https:\/\/tahanpharma.com\/wp-content\/uploads\/2025\/06\/\u7acb\u5eb7-400-01.jpg","contentUrl":"https:\/\/tahanpharma.com\/wp-content\/uploads\/2025\/06\/\u7acb\u5eb7-400-01.jpg","width":500,"height":500},{"@type":"BreadcrumbList","@id":"https:\/\/tahanpharma.com\/product\/%e7%ab%8b%e5%ba%b7-400\/#breadcrumb","itemListElement":[{"@type":"ListItem","position":1,"name":"\u9996\u9801","item":"https:\/\/tahanpharma.com\/"},{"@type":"ListItem","position":2,"name":"\u7522\u54c1\u7c21\u4ecb","item":"https:\/\/tahanpharma.com\/product\/"},{"@type":"ListItem","position":3,"name":"\u7acb\u5eb7-400"}]},{"@type":"WebSite","@id":"https:\/\/tahanpharma.com\/#website","url":"https:\/\/tahanpharma.com\/","name":"\u5927\u5b89\u5316\u5b78\u88fd\u85e5\u80a1\u4efd\u6709\u9650\u516c\u53f8","description":"\u52d5\u7269\u85e5\u54c1\u88fd\u9020","potentialAction":[{"@type":"SearchAction","target":{"@type":"EntryPoint","urlTemplate":"https:\/\/tahanpharma.com\/?s={search_term_string}"},"query-input":{"@type":"PropertyValueSpecification","valueRequired":true,"valueName":"search_term_string"}}],"inLanguage":"vi"}]}},"_links":{"self":[{"href":"https:\/\/tahanpharma.com\/vi\/wp-json\/wp\/v2\/product\/2056","targetHints":{"allow":["GET"]}}],"collection":[{"href":"https:\/\/tahanpharma.com\/vi\/wp-json\/wp\/v2\/product"}],"about":[{"href":"https:\/\/tahanpharma.com\/vi\/wp-json\/wp\/v2\/types\/product"}],"replies":[{"embeddable":true,"href":"https:\/\/tahanpharma.com\/vi\/wp-json\/wp\/v2\/comments?post=2056"}],"wp:featuredmedia":[{"embeddable":true,"href":"https:\/\/tahanpharma.com\/vi\/wp-json\/wp\/v2\/media\/2057"}],"wp:attachment":[{"href":"https:\/\/tahanpharma.com\/vi\/wp-json\/wp\/v2\/media?parent=2056"}],"wp:term":[{"taxonomy":"product_brand","embeddable":true,"href":"https:\/\/tahanpharma.com\/vi\/wp-json\/wp\/v2\/product_brand?post=2056"},{"taxonomy":"product_cat","embeddable":true,"href":"https:\/\/tahanpharma.com\/vi\/wp-json\/wp\/v2\/product_cat?post=2056"},{"taxonomy":"product_tag","embeddable":true,"href":"https:\/\/tahanpharma.com\/vi\/wp-json\/wp\/v2\/product_tag?post=2056"}],"curies":[{"name":"wp","href":"https:\/\/api.w.org\/{rel}","templated":true}]}}