{"id":2073,"date":"2025-06-18T15:52:50","date_gmt":"2025-06-18T07:52:50","guid":{"rendered":"https:\/\/tahanpharma.com\/?post_type=product&#038;p=2073"},"modified":"2025-06-18T15:52:50","modified_gmt":"2025-06-18T07:52:50","slug":"%e6%ad%90%e5%85%8b%e5%96%9c-50","status":"publish","type":"product","link":"https:\/\/tahanpharma.com\/vi\/san-pham\/%e6%ad%90%e5%85%8b%e5%96%9c-50\/","title":{"rendered":"Oxy-50"},"content":{"rendered":"<p>L\u1ee3n: Th\u00eam 2 gam s\u1ea3n ph\u1ea9m n\u00e0y v\u00e0o m\u1ed7i 10 l\u00edt n\u01b0\u1edbc u\u1ed1ng trong qu\u00e1 tr\u00ecnh \u0111i\u1ec1u tr\u1ecb.<\/p>\n<p>G\u00e0 (tr\u1eeb g\u00e0 m\u00e1i \u0111\u1ebb): Th\u00eam 1 gam s\u1ea3n ph\u1ea9m n\u00e0y v\u00e0o m\u1ed7i 10 l\u00edt n\u01b0\u1edbc u\u1ed1ng trong qu\u00e1 tr\u00ecnh \u0111i\u1ec1u tr\u1ecb.<\/p>\n<p>C\u00e1 Anguilliformes, c\u00e1 b\u1ea1ch t\u1ea1ng, c\u00e1 v\u01b0\u1ee3c (tr\u1eeb c\u00e1 r\u00f4 phi v\u00e0 c\u00e1 h\u1ed3i coho), c\u00e1 h\u1ed3i (gi\u1edbi h\u1ea1n \u1edf c\u00e1 h\u1ed3i v\u00e2n), c\u00e1 v\u01b0\u1ee3c (gi\u1edbi h\u1ea1n \u1edf c\u00e1 r\u00f4 phi), c\u00e1 m\u01b0\u1eddi ch\u00e2n, c\u00e1 kh\u00f4ng \u0111u\u00f4i, c\u00e1 Testudinata: U\u1ed1ng, 100 mg\/kg\/ng\u00e0y trong 3-5 ng\u00e0y li\u00ean ti\u1ebfp.<\/p>","protected":false},"excerpt":{"rendered":"<p>T\u00ean thu\u1ed1c: OXY-50<br \/>\nS\u1ed1 gi\u1ea5y ph\u00e9p: Gi\u1ea5y ph\u00e9p thu\u1ed1c th\u00fa y s\u1ed1 07885<br \/>\nD\u1ea1ng b\u00e0o ch\u1ebf: B\u1ed9t d\u00f9ng u\u1ed1ng<br \/>\n\u0110\u00f3ng g\u00f3i: 100g, 500g, 1kg, 10kg, 25kg<br \/>\n\u0110\u1ed9ng v\u1eadt \u00e1p d\u1ee5ng: l\u1ee3n, g\u00e0<br \/>\nHi\u1ec7u qu\u1ea3 (ch\u1ec9 \u0111\u1ecbnh):<br \/>\nL\u1ee3n: \u0110i\u1ec1u tr\u1ecb vi\u00eam ru\u1ed9t do vi khu\u1ea9n v\u00e0 vi\u00eam ph\u1ed5i.<\/p>\n<p>G\u00e0 (tr\u1eeb g\u00e0 m\u00e1i \u0111\u1ebb): D\u00f9ng \u0111\u1ec3 \u0111i\u1ec1u tr\u1ecb vi\u00eam ru\u1ed9t do vi khu\u1ea9n, vi\u00eam ph\u1ed5i, b\u1ec7nh \u0111\u01b0\u1eddng h\u00f4 h\u1ea5p m\u00e3n t\u00ednh v\u00e0 vi\u00eam m\u0169i truy\u1ec1n nhi\u1ec5m.<\/p>\n<p>Anguilla: \u0110i\u1ec1u tr\u1ecb c\u00e1c b\u1ec7nh nhi\u1ec5m tr\u00f9ng do nh\u00f3m vi khu\u1ea9n \u01b0a n\u01b0\u1edbc Aeromonas, Pseudomonas fluorescens ho\u1eb7c Edwardsiella nh\u1ea1y c\u1ea3m v\u1edbi t\u00e1c nh\u00e2n n\u00e0y.<\/p>\n<p>Alpinia: \u0110i\u1ec1u tr\u1ecb nhi\u1ec5m tr\u00f9ng do c\u00e1c lo\u00e0i Vibrio nh\u1ea1y c\u1ea3m v\u1edbi t\u00e1c nh\u00e2n n\u00e0y g\u00e2y ra.<\/p>\n<p>C\u00e1 v\u01b0\u1ee3c (tr\u1eeb c\u00e1 r\u00f4 phi v\u00e0 c\u00e1 m\u00fa): D\u00f9ng \u0111\u1ec3 \u0111i\u1ec1u tr\u1ecb c\u00e1c b\u1ec7nh nhi\u1ec5m tr\u00f9ng do nh\u00f3m vi khu\u1ea9n \u01b0a n\u01b0\u1edbc Aeromonas, Pseudomonas fluorescens ho\u1eb7c Vibrio nh\u1ea1y c\u1ea3m v\u1edbi t\u00e1c nh\u00e2n n\u00e0y.<\/p>\n<p>C\u00e1 v\u01b0\u1ee3c (ch\u1ec9 gi\u1edbi h\u1ea1n \u1edf c\u00e1 r\u00f4 phi): \u0110i\u1ec1u tr\u1ecb c\u00e1c b\u1ec7nh nhi\u1ec5m tr\u00f9ng do nh\u00f3m vi khu\u1ea9n \u01b0a n\u01b0\u1edbc Aeromonas, Pseudomonas fluorescens, Edwardsiella ho\u1eb7c Francisella (li\u1ec1u g\u1ea5p \u0111\u00f4i) nh\u1ea1y c\u1ea3m v\u1edbi t\u00e1c nh\u00e2n n\u00e0y.<\/p>\n<p>Salmoniformes (gi\u1edbi h\u1ea1n \u1edf c\u00e1 h\u1ed3i): \u0110i\u1ec1u tr\u1ecb nhi\u1ec5m tr\u00f9ng do Aeromonas salmoninarum ho\u1eb7c Vibrio spp. d\u1ec5 b\u1ecb nhi\u1ec5m t\u00e1c nh\u00e2n n\u00e0y.<\/p>\n<p>Decapoda: \u0110i\u1ec1u tr\u1ecb c\u00e1c b\u1ec7nh nhi\u1ec5m tr\u00f9ng do nh\u00f3m Aeromonas \u01b0a n\u01b0\u1edbc, Pseudomonas ho\u1eb7c Vibrio nh\u1ea1y c\u1ea3m v\u1edbi t\u00e1c nh\u00e2n n\u00e0y.<\/p>\n<p>Anura, Testudinata: \u0110i\u1ec1u tr\u1ecb nhi\u1ec5m tr\u00f9ng do vi khu\u1ea9n Aeromonas ho\u1eb7c Pseudomonas fluorescens \u01b0a n\u01b0\u1edbc d\u1ec5 b\u1ecb nhi\u1ec5m t\u00e1c nh\u00e2n n\u00e0y.<br \/>\nTh\u00e0nh ph\u1ea7n: M\u1ed7i gam ch\u1ee9a:<br \/>\nOxytetracycline HCl\u2026..500mg(H\u1ed9p)<\/p>","protected":false},"featured_media":2074,"comment_status":"open","ping_status":"closed","template":"","meta":[],"product_brand":[],"product_cat":[45,49,71,72,48],"product_tag":[],"class_list":{"0":"post-2073","1":"product","2":"type-product","3":"status-publish","4":"has-post-thumbnail","6":"product_cat-45","7":"product_cat-49","8":"product_cat-71","9":"product_cat-72","10":"product_cat-48","12":"first","13":"instock","14":"shipping-taxable","15":"product-type-simple"},"yoast_head":"<!-- This site is optimized with the Yoast SEO Premium plugin v25.3.1 (Yoast SEO v25.4) - https:\/\/yoast.com\/wordpress\/plugins\/seo\/ -->\n<title>\u6b50\u514b\u559c-50 - \u5927\u5b89\u5316\u5b78\u88fd\u85e5\u80a1\u4efd\u6709\u9650\u516c\u53f8<\/title>\n<meta name=\"robots\" content=\"index, follow, max-snippet:-1, max-image-preview:large, max-video-preview:-1\" \/>\n<link rel=\"canonical\" href=\"https:\/\/tahanpharma.com\/vi\/san-pham\/\u6b50\u514b\u559c-50\/\" \/>\n<meta property=\"og:locale\" content=\"vi_VN\" \/>\n<meta property=\"og:type\" content=\"article\" \/>\n<meta property=\"og:title\" content=\"\u6b50\u514b\u559c-50\" \/>\n<meta property=\"og:description\" content=\"\u85e5\u54c1\u540d \uff1a OXY-50 \u8a31\u53ef\u8b49\u5b57\u865f \uff1a \u52d5\u7269\u85e5\u88fd\u5b57\u7b2c07885\u865f \u5291\u578b \uff1a \u5167\u7528\u6563\u5291 \u5305\u88dd \uff1a 100g\u3001500g\u30011kg\u300110kg\u300125kg \u9069\u7528\u52d5\u7269 \uff1a \u8c6c\u3001\u96de \u6548\u80fd(\u9069\u61c9\u75c7) \uff1a \u8c6c\uff1a\u6cbb\u7642\u7d30\u83cc\u6027\u8178\u708e\u3001\u80ba\u708e\u3002  \u96de(\u4e0d\u542b\u7522\u86cb\u4e2d\u4e4b\u86cb\u96de)\uff1a\u6cbb\u7642\u7d30\u83cc\u6027\u8178\u708e\u3001\u80ba\u708e\u3001\u6162\u6027\u547c\u5438\u5668\u75c5\u3001\u50b3\u67d3\u6027\u9f3b\u708e\u3002  \u9c3b\u5f62\u76ee\uff1a\u6cbb\u7642\u5c0d\u672c\u5291\u5177\u6709\u611f\u53d7\u6027\u89aa\u6c34\u6027\u7522\u6c23\u55ae\u80de\u83cc\u7fa4\u6216\u87a2\u5149\u5047\u55ae\u80de\u83cc\u6216\u611b\u5fb7\u83ef\u6c0f\u83cc\u4e4b\u611f\u67d3\u3002  \u9f20\u9c54\u76ee\uff1a\u6cbb\u7642\u5c0d\u672c\u5291\u5177\u6709\u611f\u53d7\u6027\u5f27\u83cc\u4e4b\u611f\u67d3\u3002  \u9c78\u5f62\u76ee(\u5433\u90ed\u9b5a\u3001\u6d77\u9c7a\u9664\u5916)\uff1a\u6cbb\u7642\u5c0d\u672c\u5291\u5177\u6709\u611f\u53d7\u6027\u89aa\u6c34\u6027\u7522\u6c23\u55ae\u80de\u83cc\u7fa4\u6216\u87a2\u5149\u5047\u55ae\u80de\u83cc\u6216\u5f27\u83cc\u4e4b\u611f\u67d3\u3002  \u9c78\u5f62\u76ee(\u9650\u5433\u90ed\u9b5a)\uff1a\u6cbb\u7642\u5c0d\u672c\u5291\u5177\u6709\u611f\u53d7\u6027\u89aa\u6c34\u6027\u7522\u6c23\u55ae\u80de\u83cc\u7fa4\u6216\u87a2\u5149\u5047\u55ae\u80de\u83cc\u6216\u611b\u5fb7\u83ef\u6c0f\u83cc\u6216\u6cd5\u862d\u897f\u65af\u6a23\u83cc(\u5291\u91cf\u52a0\u500d)\u4e4b\u611f\u67d3\u3002  \u9bad\u5f62\u76ee(\u9650\u9c52\u9b5a)\uff1a\u6cbb\u7642\u5c0d\u672c\u5291\u5177\u6709\u611f\u53d7\u6027\u9bad\u5c6c\u7522\u6c23\u55ae\u80de\u83cc\u6216\u5f27\u83cc\u4e4b\u611f\u67d3\u3002  \u5341\u8db3\u76ee\uff1a\u6cbb\u7642\u5c0d\u672c\u5291\u5177\u6709\u611f\u53d7\u6027\u89aa\u6c34\u6027\u7522\u6c23\u55ae\u80de\u83cc\u7fa4\u6216\u5047\u55ae\u80de\u83cc\u6216\u5f27\u83cc\u4e4b\u611f\u67d3\u3002  \u7121\u5c3e\u76ee\u3001\u9f9c\u9c49\u76ee\uff1a\u6cbb\u7642\u5c0d\u672c\u5291\u5177\u6709\u611f\u53d7\u6027\u89aa\u6c34\u6027\u7522\u6c23\u55ae\u80de\u83cc\u7fa4\u6216\u87a2\u5149\u5047\u55ae\u80de\u83cc\u4e4b\u611f\u67d3\u3002 \u6210\u4efd \uff1a \u6bcf\u516c\u514b\u542b\uff1a Oxytetracycline HCl\u2026..500mg(Pot.)\" \/>\n<meta property=\"og:url\" content=\"https:\/\/tahanpharma.com\/vi\/san-pham\/\u6b50\u514b\u559c-50\/\" \/>\n<meta property=\"og:site_name\" content=\"\u5927\u5b89\u5316\u5b78\u88fd\u85e5\u80a1\u4efd\u6709\u9650\u516c\u53f8\" \/>\n<meta property=\"og:image\" content=\"https:\/\/tahanpharma.com\/wp-content\/uploads\/2025\/06\/\u6b50\u514b\u559c-50-01.jpg\" \/>\n\t<meta property=\"og:image:width\" content=\"500\" \/>\n\t<meta property=\"og:image:height\" content=\"500\" \/>\n\t<meta property=\"og:image:type\" content=\"image\/jpeg\" \/>\n<meta name=\"twitter:card\" content=\"summary_large_image\" \/>\n<script type=\"application\/ld+json\" class=\"yoast-schema-graph\">{\"@context\":\"https:\/\/schema.org\",\"@graph\":[{\"@type\":\"WebPage\",\"@id\":\"https:\/\/tahanpharma.com\/product\/%e6%ad%90%e5%85%8b%e5%96%9c-50\/\",\"url\":\"https:\/\/tahanpharma.com\/product\/%e6%ad%90%e5%85%8b%e5%96%9c-50\/\",\"name\":\"\u6b50\u514b\u559c-50 - \u5927\u5b89\u5316\u5b78\u88fd\u85e5\u80a1\u4efd\u6709\u9650\u516c\u53f8\",\"isPartOf\":{\"@id\":\"https:\/\/tahanpharma.com\/#website\"},\"primaryImageOfPage\":{\"@id\":\"https:\/\/tahanpharma.com\/product\/%e6%ad%90%e5%85%8b%e5%96%9c-50\/#primaryimage\"},\"image\":{\"@id\":\"https:\/\/tahanpharma.com\/product\/%e6%ad%90%e5%85%8b%e5%96%9c-50\/#primaryimage\"},\"thumbnailUrl\":\"https:\/\/tahanpharma.com\/wp-content\/uploads\/2025\/06\/\u6b50\u514b\u559c-50-01.jpg\",\"datePublished\":\"2025-06-18T07:52:50+00:00\",\"breadcrumb\":{\"@id\":\"https:\/\/tahanpharma.com\/product\/%e6%ad%90%e5%85%8b%e5%96%9c-50\/#breadcrumb\"},\"inLanguage\":\"vi\",\"potentialAction\":[{\"@type\":\"ReadAction\",\"target\":[\"https:\/\/tahanpharma.com\/product\/%e6%ad%90%e5%85%8b%e5%96%9c-50\/\"]}]},{\"@type\":\"ImageObject\",\"inLanguage\":\"vi\",\"@id\":\"https:\/\/tahanpharma.com\/product\/%e6%ad%90%e5%85%8b%e5%96%9c-50\/#primaryimage\",\"url\":\"https:\/\/tahanpharma.com\/wp-content\/uploads\/2025\/06\/\u6b50\u514b\u559c-50-01.jpg\",\"contentUrl\":\"https:\/\/tahanpharma.com\/wp-content\/uploads\/2025\/06\/\u6b50\u514b\u559c-50-01.jpg\",\"width\":500,\"height\":500},{\"@type\":\"BreadcrumbList\",\"@id\":\"https:\/\/tahanpharma.com\/product\/%e6%ad%90%e5%85%8b%e5%96%9c-50\/#breadcrumb\",\"itemListElement\":[{\"@type\":\"ListItem\",\"position\":1,\"name\":\"\u9996\u9801\",\"item\":\"https:\/\/tahanpharma.com\/\"},{\"@type\":\"ListItem\",\"position\":2,\"name\":\"\u7522\u54c1\u7c21\u4ecb\",\"item\":\"https:\/\/tahanpharma.com\/product\/\"},{\"@type\":\"ListItem\",\"position\":3,\"name\":\"\u6b50\u514b\u559c-50\"}]},{\"@type\":\"WebSite\",\"@id\":\"https:\/\/tahanpharma.com\/#website\",\"url\":\"https:\/\/tahanpharma.com\/\",\"name\":\"\u5927\u5b89\u5316\u5b78\u88fd\u85e5\u80a1\u4efd\u6709\u9650\u516c\u53f8\",\"description\":\"\u52d5\u7269\u85e5\u54c1\u88fd\u9020\",\"potentialAction\":[{\"@type\":\"SearchAction\",\"target\":{\"@type\":\"EntryPoint\",\"urlTemplate\":\"https:\/\/tahanpharma.com\/?s={search_term_string}\"},\"query-input\":{\"@type\":\"PropertyValueSpecification\",\"valueRequired\":true,\"valueName\":\"search_term_string\"}}],\"inLanguage\":\"vi\"}]}<\/script>\n<!-- \/ Yoast SEO Premium plugin. -->","yoast_head_json":{"title":"\u6b50\u514b\u559c-50 - \u5927\u5b89\u5316\u5b78\u88fd\u85e5\u80a1\u4efd\u6709\u9650\u516c\u53f8","robots":{"index":"index","follow":"follow","max-snippet":"max-snippet:-1","max-image-preview":"max-image-preview:large","max-video-preview":"max-video-preview:-1"},"canonical":"https:\/\/tahanpharma.com\/vi\/san-pham\/\u6b50\u514b\u559c-50\/","og_locale":"vi_VN","og_type":"article","og_title":"\u6b50\u514b\u559c-50","og_description":"\u85e5\u54c1\u540d \uff1a OXY-50 \u8a31\u53ef\u8b49\u5b57\u865f \uff1a \u52d5\u7269\u85e5\u88fd\u5b57\u7b2c07885\u865f \u5291\u578b \uff1a \u5167\u7528\u6563\u5291 \u5305\u88dd \uff1a 100g\u3001500g\u30011kg\u300110kg\u300125kg \u9069\u7528\u52d5\u7269 \uff1a \u8c6c\u3001\u96de \u6548\u80fd(\u9069\u61c9\u75c7) \uff1a \u8c6c\uff1a\u6cbb\u7642\u7d30\u83cc\u6027\u8178\u708e\u3001\u80ba\u708e\u3002  \u96de(\u4e0d\u542b\u7522\u86cb\u4e2d\u4e4b\u86cb\u96de)\uff1a\u6cbb\u7642\u7d30\u83cc\u6027\u8178\u708e\u3001\u80ba\u708e\u3001\u6162\u6027\u547c\u5438\u5668\u75c5\u3001\u50b3\u67d3\u6027\u9f3b\u708e\u3002  \u9c3b\u5f62\u76ee\uff1a\u6cbb\u7642\u5c0d\u672c\u5291\u5177\u6709\u611f\u53d7\u6027\u89aa\u6c34\u6027\u7522\u6c23\u55ae\u80de\u83cc\u7fa4\u6216\u87a2\u5149\u5047\u55ae\u80de\u83cc\u6216\u611b\u5fb7\u83ef\u6c0f\u83cc\u4e4b\u611f\u67d3\u3002  \u9f20\u9c54\u76ee\uff1a\u6cbb\u7642\u5c0d\u672c\u5291\u5177\u6709\u611f\u53d7\u6027\u5f27\u83cc\u4e4b\u611f\u67d3\u3002  \u9c78\u5f62\u76ee(\u5433\u90ed\u9b5a\u3001\u6d77\u9c7a\u9664\u5916)\uff1a\u6cbb\u7642\u5c0d\u672c\u5291\u5177\u6709\u611f\u53d7\u6027\u89aa\u6c34\u6027\u7522\u6c23\u55ae\u80de\u83cc\u7fa4\u6216\u87a2\u5149\u5047\u55ae\u80de\u83cc\u6216\u5f27\u83cc\u4e4b\u611f\u67d3\u3002  \u9c78\u5f62\u76ee(\u9650\u5433\u90ed\u9b5a)\uff1a\u6cbb\u7642\u5c0d\u672c\u5291\u5177\u6709\u611f\u53d7\u6027\u89aa\u6c34\u6027\u7522\u6c23\u55ae\u80de\u83cc\u7fa4\u6216\u87a2\u5149\u5047\u55ae\u80de\u83cc\u6216\u611b\u5fb7\u83ef\u6c0f\u83cc\u6216\u6cd5\u862d\u897f\u65af\u6a23\u83cc(\u5291\u91cf\u52a0\u500d)\u4e4b\u611f\u67d3\u3002  \u9bad\u5f62\u76ee(\u9650\u9c52\u9b5a)\uff1a\u6cbb\u7642\u5c0d\u672c\u5291\u5177\u6709\u611f\u53d7\u6027\u9bad\u5c6c\u7522\u6c23\u55ae\u80de\u83cc\u6216\u5f27\u83cc\u4e4b\u611f\u67d3\u3002  \u5341\u8db3\u76ee\uff1a\u6cbb\u7642\u5c0d\u672c\u5291\u5177\u6709\u611f\u53d7\u6027\u89aa\u6c34\u6027\u7522\u6c23\u55ae\u80de\u83cc\u7fa4\u6216\u5047\u55ae\u80de\u83cc\u6216\u5f27\u83cc\u4e4b\u611f\u67d3\u3002  \u7121\u5c3e\u76ee\u3001\u9f9c\u9c49\u76ee\uff1a\u6cbb\u7642\u5c0d\u672c\u5291\u5177\u6709\u611f\u53d7\u6027\u89aa\u6c34\u6027\u7522\u6c23\u55ae\u80de\u83cc\u7fa4\u6216\u87a2\u5149\u5047\u55ae\u80de\u83cc\u4e4b\u611f\u67d3\u3002 \u6210\u4efd \uff1a \u6bcf\u516c\u514b\u542b\uff1a Oxytetracycline HCl\u2026..500mg(Pot.)","og_url":"https:\/\/tahanpharma.com\/vi\/san-pham\/\u6b50\u514b\u559c-50\/","og_site_name":"\u5927\u5b89\u5316\u5b78\u88fd\u85e5\u80a1\u4efd\u6709\u9650\u516c\u53f8","og_image":[{"width":500,"height":500,"url":"https:\/\/tahanpharma.com\/wp-content\/uploads\/2025\/06\/\u6b50\u514b\u559c-50-01.jpg","type":"image\/jpeg"}],"twitter_card":"summary_large_image","schema":{"@context":"https:\/\/schema.org","@graph":[{"@type":"WebPage","@id":"https:\/\/tahanpharma.com\/product\/%e6%ad%90%e5%85%8b%e5%96%9c-50\/","url":"https:\/\/tahanpharma.com\/product\/%e6%ad%90%e5%85%8b%e5%96%9c-50\/","name":"\u6b50\u514b\u559c-50 - \u5927\u5b89\u5316\u5b78\u88fd\u85e5\u80a1\u4efd\u6709\u9650\u516c\u53f8","isPartOf":{"@id":"https:\/\/tahanpharma.com\/#website"},"primaryImageOfPage":{"@id":"https:\/\/tahanpharma.com\/product\/%e6%ad%90%e5%85%8b%e5%96%9c-50\/#primaryimage"},"image":{"@id":"https:\/\/tahanpharma.com\/product\/%e6%ad%90%e5%85%8b%e5%96%9c-50\/#primaryimage"},"thumbnailUrl":"https:\/\/tahanpharma.com\/wp-content\/uploads\/2025\/06\/\u6b50\u514b\u559c-50-01.jpg","datePublished":"2025-06-18T07:52:50+00:00","breadcrumb":{"@id":"https:\/\/tahanpharma.com\/product\/%e6%ad%90%e5%85%8b%e5%96%9c-50\/#breadcrumb"},"inLanguage":"vi","potentialAction":[{"@type":"ReadAction","target":["https:\/\/tahanpharma.com\/product\/%e6%ad%90%e5%85%8b%e5%96%9c-50\/"]}]},{"@type":"ImageObject","inLanguage":"vi","@id":"https:\/\/tahanpharma.com\/product\/%e6%ad%90%e5%85%8b%e5%96%9c-50\/#primaryimage","url":"https:\/\/tahanpharma.com\/wp-content\/uploads\/2025\/06\/\u6b50\u514b\u559c-50-01.jpg","contentUrl":"https:\/\/tahanpharma.com\/wp-content\/uploads\/2025\/06\/\u6b50\u514b\u559c-50-01.jpg","width":500,"height":500},{"@type":"BreadcrumbList","@id":"https:\/\/tahanpharma.com\/product\/%e6%ad%90%e5%85%8b%e5%96%9c-50\/#breadcrumb","itemListElement":[{"@type":"ListItem","position":1,"name":"\u9996\u9801","item":"https:\/\/tahanpharma.com\/"},{"@type":"ListItem","position":2,"name":"\u7522\u54c1\u7c21\u4ecb","item":"https:\/\/tahanpharma.com\/product\/"},{"@type":"ListItem","position":3,"name":"\u6b50\u514b\u559c-50"}]},{"@type":"WebSite","@id":"https:\/\/tahanpharma.com\/#website","url":"https:\/\/tahanpharma.com\/","name":"\u5927\u5b89\u5316\u5b78\u88fd\u85e5\u80a1\u4efd\u6709\u9650\u516c\u53f8","description":"\u52d5\u7269\u85e5\u54c1\u88fd\u9020","potentialAction":[{"@type":"SearchAction","target":{"@type":"EntryPoint","urlTemplate":"https:\/\/tahanpharma.com\/?s={search_term_string}"},"query-input":{"@type":"PropertyValueSpecification","valueRequired":true,"valueName":"search_term_string"}}],"inLanguage":"vi"}]}},"_links":{"self":[{"href":"https:\/\/tahanpharma.com\/vi\/wp-json\/wp\/v2\/product\/2073","targetHints":{"allow":["GET"]}}],"collection":[{"href":"https:\/\/tahanpharma.com\/vi\/wp-json\/wp\/v2\/product"}],"about":[{"href":"https:\/\/tahanpharma.com\/vi\/wp-json\/wp\/v2\/types\/product"}],"replies":[{"embeddable":true,"href":"https:\/\/tahanpharma.com\/vi\/wp-json\/wp\/v2\/comments?post=2073"}],"wp:featuredmedia":[{"embeddable":true,"href":"https:\/\/tahanpharma.com\/vi\/wp-json\/wp\/v2\/media\/2074"}],"wp:attachment":[{"href":"https:\/\/tahanpharma.com\/vi\/wp-json\/wp\/v2\/media?parent=2073"}],"wp:term":[{"taxonomy":"product_brand","embeddable":true,"href":"https:\/\/tahanpharma.com\/vi\/wp-json\/wp\/v2\/product_brand?post=2073"},{"taxonomy":"product_cat","embeddable":true,"href":"https:\/\/tahanpharma.com\/vi\/wp-json\/wp\/v2\/product_cat?post=2073"},{"taxonomy":"product_tag","embeddable":true,"href":"https:\/\/tahanpharma.com\/vi\/wp-json\/wp\/v2\/product_tag?post=2073"}],"curies":[{"name":"wp","href":"https:\/\/api.w.org\/{rel}","templated":true}]}}