{"id":2095,"date":"2025-06-18T16:07:43","date_gmt":"2025-06-18T08:07:43","guid":{"rendered":"https:\/\/tahanpharma.com\/?post_type=product&#038;p=2095"},"modified":"2025-06-18T16:07:43","modified_gmt":"2025-06-18T08:07:43","slug":"%e6%b3%b0%e8%b3%9c%e5%ba%b7","status":"publish","type":"product","link":"https:\/\/tahanpharma.com\/vi\/san-pham\/%e6%b3%b0%e8%b3%9c%e5%ba%b7\/","title":{"rendered":"Th\u00e1i C\u1ef1c Khang"},"content":{"rendered":"<p>C\u00e1ch \u0111i\u1ec1u tr\u1ecb: H\u00f2a tan 4 gam v\u00e0o 1 l\u00edt n\u01b0\u1edbc u\u1ed1ng v\u00e0 u\u1ed1ng trong 3 ng\u00e0y, sau \u0111\u00f3 ng\u1eebng u\u1ed1ng trong 3-5 ng\u00e0y v\u00e0 ti\u1ebfp t\u1ee5c u\u1ed1ng t\u00f9y theo tri\u1ec7u ch\u1ee9ng.<\/p>\n<p>Th\u1eddi gian r\u00fat ti\u1ec1n: 7 ng\u00e0y.<\/p>","protected":false},"excerpt":{"rendered":"<p>T\u00ean thu\u1ed1c: TYSUIKON<br \/>\nS\u1ed1 gi\u1ea5y ph\u00e9p: Gi\u1ea5y ph\u00e9p thu\u1ed1c th\u00fa y s\u1ed1 07237<br \/>\nD\u1ea1ng b\u00e0o ch\u1ebf: B\u1ed9t (d\u00f9ng u\u1ed1ng)<br \/>\n\u0110\u00f3ng g\u00f3i: 1kg<br \/>\n\u0110\u1ed9ng v\u1eadt \u00e1p d\u1ee5ng: g\u00e0, g\u00e0 t\u00e2y, l\u1ee3n<br \/>\nC\u00f4ng d\u1ee5ng (ch\u1ec9 \u0111\u1ecbnh): G\u00e0, g\u00e0 t\u00e2y (tr\u1eeb g\u00e0 \u0111\u1ebb): \u0111i\u1ec1u tr\u1ecb c\u00e1c b\u1ec7nh \u0111\u01b0\u1eddng h\u00f4 h\u1ea5p m\u00e3n t\u00ednh, vi\u00eam m\u0169i truy\u1ec1n nhi\u1ec5m, b\u1ec7nh c\u1ea7u tr\u00f9ng m\u00e3n t\u00ednh, vi\u00eam h\u1ecdng, b\u1ec7nh tr\u1eafng \u0111\u1ea7u.<br \/>\nL\u1ee3n: \u0110i\u1ec1u tr\u1ecb vi\u00eam d\u1ea1 d\u00e0y ru\u1ed9t truy\u1ec1n nhi\u1ec5m, ti\u00eau ch\u1ea3y do vi khu\u1ea9n, b\u1ec7nh toxoplasma v\u00e0 vi\u00eam ph\u1ed5i d\u1ecbch t\u1ec5.<br \/>\nTh\u00e0nh ph\u1ea7n: M\u1ed7i gm ch\u1ee9a<br \/>\nTylosin Tartrate\u202610 mg (H\u1ed9p)<br \/>\nSulfamonomethoxine Natri\u2026\u2026100mg Menadione Natri Bisulfit\u2026\u20261mg<\/p>","protected":false},"featured_media":2096,"comment_status":"open","ping_status":"closed","template":"","meta":[],"product_brand":[],"product_cat":[45,49,71,72,48],"product_tag":[],"class_list":{"0":"post-2095","1":"product","2":"type-product","3":"status-publish","4":"has-post-thumbnail","6":"product_cat-45","7":"product_cat-49","8":"product_cat-71","9":"product_cat-72","10":"product_cat-48","12":"first","13":"instock","14":"shipping-taxable","15":"product-type-simple"},"yoast_head":"<!-- This site is optimized with the Yoast SEO Premium plugin v25.3.1 (Yoast SEO v25.4) - https:\/\/yoast.com\/wordpress\/plugins\/seo\/ -->\n<title>\u6cf0\u8cdc\u5eb7 - \u5927\u5b89\u5316\u5b78\u88fd\u85e5\u80a1\u4efd\u6709\u9650\u516c\u53f8<\/title>\n<meta name=\"robots\" content=\"index, follow, max-snippet:-1, max-image-preview:large, max-video-preview:-1\" \/>\n<link rel=\"canonical\" href=\"https:\/\/tahanpharma.com\/vi\/san-pham\/\u6cf0\u8cdc\u5eb7\/\" \/>\n<meta property=\"og:locale\" content=\"vi_VN\" \/>\n<meta property=\"og:type\" content=\"article\" \/>\n<meta property=\"og:title\" content=\"\u6cf0\u8cdc\u5eb7\" \/>\n<meta property=\"og:description\" content=\"\u85e5\u54c1\u540d \uff1a TYSUIKON \u8a31\u53ef\u8b49\u5b57\u865f \uff1a \u52d5\u7269\u85e5\u88fd\u5b57\u7b2c07237\u865f \u5291\u578b \uff1a \u6563\u5291(\u5167\u7528) \u5305\u88dd \uff1a 1kg \u9069\u7528\u52d5\u7269 \uff1a \u96de\u3001\u706b\u96de\u3001\u8c6c \u6548\u80fd(\u9069\u61c9\u75c7) \uff1a \u96de\u3001\u706b\u96de\uff08\u4e0d\u542b\u7522\u86cb\u4e2d\u4e4b\u86cb\u96de\uff09\uff1a\u6cbb\u7642\u6162\u6027\u547c\u5438\u5668\u75c5\u3001\u50b3\u67d3\u6027\u9f3b\u708e\u3001\u6162\u6027\u7403\u87f2\u75c5\u3001\u54bd\u5589\u708e\u3001\u767d\u51a0\u75c5\u3002 \u8c6c\uff1a\u6cbb\u7642\u50b3\u67d3\u6027\u80c3\u8178\u708e\u3001\u7d30\u83cc\u6027\u4e0b\u75e2\u3001\u5f13\u87f2\u75c5\u3001\u6d41\u884c\u6027\u80ba\u708e\u3002 \u6210\u4efd \uff1a \u6bcfgm\u4e2d\u542b\u6709 Tylosin Tartrate\u2026\u202610 mg (Pot.) Sulfamonomethoxine Sodium \u2026\u2026\u2026100mg Menadione Sodium Bisulfite\u2026\u2026\u20261mg\" \/>\n<meta property=\"og:url\" content=\"https:\/\/tahanpharma.com\/vi\/san-pham\/\u6cf0\u8cdc\u5eb7\/\" \/>\n<meta property=\"og:site_name\" content=\"\u5927\u5b89\u5316\u5b78\u88fd\u85e5\u80a1\u4efd\u6709\u9650\u516c\u53f8\" \/>\n<meta property=\"og:image\" content=\"https:\/\/tahanpharma.com\/wp-content\/uploads\/2025\/06\/\u6cf0\u8cdc\u5eb7-01.jpg\" \/>\n\t<meta property=\"og:image:width\" content=\"500\" \/>\n\t<meta property=\"og:image:height\" content=\"500\" \/>\n\t<meta property=\"og:image:type\" content=\"image\/jpeg\" \/>\n<meta name=\"twitter:card\" content=\"summary_large_image\" \/>\n<script type=\"application\/ld+json\" class=\"yoast-schema-graph\">{\"@context\":\"https:\/\/schema.org\",\"@graph\":[{\"@type\":\"WebPage\",\"@id\":\"https:\/\/tahanpharma.com\/product\/%e6%b3%b0%e8%b3%9c%e5%ba%b7\/\",\"url\":\"https:\/\/tahanpharma.com\/product\/%e6%b3%b0%e8%b3%9c%e5%ba%b7\/\",\"name\":\"\u6cf0\u8cdc\u5eb7 - \u5927\u5b89\u5316\u5b78\u88fd\u85e5\u80a1\u4efd\u6709\u9650\u516c\u53f8\",\"isPartOf\":{\"@id\":\"https:\/\/tahanpharma.com\/#website\"},\"primaryImageOfPage\":{\"@id\":\"https:\/\/tahanpharma.com\/product\/%e6%b3%b0%e8%b3%9c%e5%ba%b7\/#primaryimage\"},\"image\":{\"@id\":\"https:\/\/tahanpharma.com\/product\/%e6%b3%b0%e8%b3%9c%e5%ba%b7\/#primaryimage\"},\"thumbnailUrl\":\"https:\/\/tahanpharma.com\/wp-content\/uploads\/2025\/06\/\u6cf0\u8cdc\u5eb7-01.jpg\",\"datePublished\":\"2025-06-18T08:07:43+00:00\",\"breadcrumb\":{\"@id\":\"https:\/\/tahanpharma.com\/product\/%e6%b3%b0%e8%b3%9c%e5%ba%b7\/#breadcrumb\"},\"inLanguage\":\"vi\",\"potentialAction\":[{\"@type\":\"ReadAction\",\"target\":[\"https:\/\/tahanpharma.com\/product\/%e6%b3%b0%e8%b3%9c%e5%ba%b7\/\"]}]},{\"@type\":\"ImageObject\",\"inLanguage\":\"vi\",\"@id\":\"https:\/\/tahanpharma.com\/product\/%e6%b3%b0%e8%b3%9c%e5%ba%b7\/#primaryimage\",\"url\":\"https:\/\/tahanpharma.com\/wp-content\/uploads\/2025\/06\/\u6cf0\u8cdc\u5eb7-01.jpg\",\"contentUrl\":\"https:\/\/tahanpharma.com\/wp-content\/uploads\/2025\/06\/\u6cf0\u8cdc\u5eb7-01.jpg\",\"width\":500,\"height\":500},{\"@type\":\"BreadcrumbList\",\"@id\":\"https:\/\/tahanpharma.com\/product\/%e6%b3%b0%e8%b3%9c%e5%ba%b7\/#breadcrumb\",\"itemListElement\":[{\"@type\":\"ListItem\",\"position\":1,\"name\":\"\u9996\u9801\",\"item\":\"https:\/\/tahanpharma.com\/\"},{\"@type\":\"ListItem\",\"position\":2,\"name\":\"\u7522\u54c1\u7c21\u4ecb\",\"item\":\"https:\/\/tahanpharma.com\/product\/\"},{\"@type\":\"ListItem\",\"position\":3,\"name\":\"\u6cf0\u8cdc\u5eb7\"}]},{\"@type\":\"WebSite\",\"@id\":\"https:\/\/tahanpharma.com\/#website\",\"url\":\"https:\/\/tahanpharma.com\/\",\"name\":\"\u5927\u5b89\u5316\u5b78\u88fd\u85e5\u80a1\u4efd\u6709\u9650\u516c\u53f8\",\"description\":\"\u52d5\u7269\u85e5\u54c1\u88fd\u9020\",\"potentialAction\":[{\"@type\":\"SearchAction\",\"target\":{\"@type\":\"EntryPoint\",\"urlTemplate\":\"https:\/\/tahanpharma.com\/?s={search_term_string}\"},\"query-input\":{\"@type\":\"PropertyValueSpecification\",\"valueRequired\":true,\"valueName\":\"search_term_string\"}}],\"inLanguage\":\"vi\"}]}<\/script>\n<!-- \/ Yoast SEO Premium plugin. -->","yoast_head_json":{"title":"\u6cf0\u8cdc\u5eb7 - \u5927\u5b89\u5316\u5b78\u88fd\u85e5\u80a1\u4efd\u6709\u9650\u516c\u53f8","robots":{"index":"index","follow":"follow","max-snippet":"max-snippet:-1","max-image-preview":"max-image-preview:large","max-video-preview":"max-video-preview:-1"},"canonical":"https:\/\/tahanpharma.com\/vi\/san-pham\/\u6cf0\u8cdc\u5eb7\/","og_locale":"vi_VN","og_type":"article","og_title":"\u6cf0\u8cdc\u5eb7","og_description":"\u85e5\u54c1\u540d \uff1a TYSUIKON \u8a31\u53ef\u8b49\u5b57\u865f \uff1a \u52d5\u7269\u85e5\u88fd\u5b57\u7b2c07237\u865f \u5291\u578b \uff1a \u6563\u5291(\u5167\u7528) \u5305\u88dd \uff1a 1kg \u9069\u7528\u52d5\u7269 \uff1a \u96de\u3001\u706b\u96de\u3001\u8c6c \u6548\u80fd(\u9069\u61c9\u75c7) \uff1a \u96de\u3001\u706b\u96de\uff08\u4e0d\u542b\u7522\u86cb\u4e2d\u4e4b\u86cb\u96de\uff09\uff1a\u6cbb\u7642\u6162\u6027\u547c\u5438\u5668\u75c5\u3001\u50b3\u67d3\u6027\u9f3b\u708e\u3001\u6162\u6027\u7403\u87f2\u75c5\u3001\u54bd\u5589\u708e\u3001\u767d\u51a0\u75c5\u3002 \u8c6c\uff1a\u6cbb\u7642\u50b3\u67d3\u6027\u80c3\u8178\u708e\u3001\u7d30\u83cc\u6027\u4e0b\u75e2\u3001\u5f13\u87f2\u75c5\u3001\u6d41\u884c\u6027\u80ba\u708e\u3002 \u6210\u4efd \uff1a \u6bcfgm\u4e2d\u542b\u6709 Tylosin Tartrate\u2026\u202610 mg (Pot.) Sulfamonomethoxine Sodium \u2026\u2026\u2026100mg Menadione Sodium Bisulfite\u2026\u2026\u20261mg","og_url":"https:\/\/tahanpharma.com\/vi\/san-pham\/\u6cf0\u8cdc\u5eb7\/","og_site_name":"\u5927\u5b89\u5316\u5b78\u88fd\u85e5\u80a1\u4efd\u6709\u9650\u516c\u53f8","og_image":[{"width":500,"height":500,"url":"https:\/\/tahanpharma.com\/wp-content\/uploads\/2025\/06\/\u6cf0\u8cdc\u5eb7-01.jpg","type":"image\/jpeg"}],"twitter_card":"summary_large_image","schema":{"@context":"https:\/\/schema.org","@graph":[{"@type":"WebPage","@id":"https:\/\/tahanpharma.com\/product\/%e6%b3%b0%e8%b3%9c%e5%ba%b7\/","url":"https:\/\/tahanpharma.com\/product\/%e6%b3%b0%e8%b3%9c%e5%ba%b7\/","name":"\u6cf0\u8cdc\u5eb7 - \u5927\u5b89\u5316\u5b78\u88fd\u85e5\u80a1\u4efd\u6709\u9650\u516c\u53f8","isPartOf":{"@id":"https:\/\/tahanpharma.com\/#website"},"primaryImageOfPage":{"@id":"https:\/\/tahanpharma.com\/product\/%e6%b3%b0%e8%b3%9c%e5%ba%b7\/#primaryimage"},"image":{"@id":"https:\/\/tahanpharma.com\/product\/%e6%b3%b0%e8%b3%9c%e5%ba%b7\/#primaryimage"},"thumbnailUrl":"https:\/\/tahanpharma.com\/wp-content\/uploads\/2025\/06\/\u6cf0\u8cdc\u5eb7-01.jpg","datePublished":"2025-06-18T08:07:43+00:00","breadcrumb":{"@id":"https:\/\/tahanpharma.com\/product\/%e6%b3%b0%e8%b3%9c%e5%ba%b7\/#breadcrumb"},"inLanguage":"vi","potentialAction":[{"@type":"ReadAction","target":["https:\/\/tahanpharma.com\/product\/%e6%b3%b0%e8%b3%9c%e5%ba%b7\/"]}]},{"@type":"ImageObject","inLanguage":"vi","@id":"https:\/\/tahanpharma.com\/product\/%e6%b3%b0%e8%b3%9c%e5%ba%b7\/#primaryimage","url":"https:\/\/tahanpharma.com\/wp-content\/uploads\/2025\/06\/\u6cf0\u8cdc\u5eb7-01.jpg","contentUrl":"https:\/\/tahanpharma.com\/wp-content\/uploads\/2025\/06\/\u6cf0\u8cdc\u5eb7-01.jpg","width":500,"height":500},{"@type":"BreadcrumbList","@id":"https:\/\/tahanpharma.com\/product\/%e6%b3%b0%e8%b3%9c%e5%ba%b7\/#breadcrumb","itemListElement":[{"@type":"ListItem","position":1,"name":"\u9996\u9801","item":"https:\/\/tahanpharma.com\/"},{"@type":"ListItem","position":2,"name":"\u7522\u54c1\u7c21\u4ecb","item":"https:\/\/tahanpharma.com\/product\/"},{"@type":"ListItem","position":3,"name":"\u6cf0\u8cdc\u5eb7"}]},{"@type":"WebSite","@id":"https:\/\/tahanpharma.com\/#website","url":"https:\/\/tahanpharma.com\/","name":"\u5927\u5b89\u5316\u5b78\u88fd\u85e5\u80a1\u4efd\u6709\u9650\u516c\u53f8","description":"\u52d5\u7269\u85e5\u54c1\u88fd\u9020","potentialAction":[{"@type":"SearchAction","target":{"@type":"EntryPoint","urlTemplate":"https:\/\/tahanpharma.com\/?s={search_term_string}"},"query-input":{"@type":"PropertyValueSpecification","valueRequired":true,"valueName":"search_term_string"}}],"inLanguage":"vi"}]}},"_links":{"self":[{"href":"https:\/\/tahanpharma.com\/vi\/wp-json\/wp\/v2\/product\/2095","targetHints":{"allow":["GET"]}}],"collection":[{"href":"https:\/\/tahanpharma.com\/vi\/wp-json\/wp\/v2\/product"}],"about":[{"href":"https:\/\/tahanpharma.com\/vi\/wp-json\/wp\/v2\/types\/product"}],"replies":[{"embeddable":true,"href":"https:\/\/tahanpharma.com\/vi\/wp-json\/wp\/v2\/comments?post=2095"}],"wp:featuredmedia":[{"embeddable":true,"href":"https:\/\/tahanpharma.com\/vi\/wp-json\/wp\/v2\/media\/2096"}],"wp:attachment":[{"href":"https:\/\/tahanpharma.com\/vi\/wp-json\/wp\/v2\/media?parent=2095"}],"wp:term":[{"taxonomy":"product_brand","embeddable":true,"href":"https:\/\/tahanpharma.com\/vi\/wp-json\/wp\/v2\/product_brand?post=2095"},{"taxonomy":"product_cat","embeddable":true,"href":"https:\/\/tahanpharma.com\/vi\/wp-json\/wp\/v2\/product_cat?post=2095"},{"taxonomy":"product_tag","embeddable":true,"href":"https:\/\/tahanpharma.com\/vi\/wp-json\/wp\/v2\/product_tag?post=2095"}],"curies":[{"name":"wp","href":"https:\/\/api.w.org\/{rel}","templated":true}]}}