{"id":2101,"date":"2025-06-18T16:09:57","date_gmt":"2025-06-18T08:09:57","guid":{"rendered":"https:\/\/tahanpharma.com\/?post_type=product&#038;p=2101"},"modified":"2025-06-18T16:09:57","modified_gmt":"2025-06-18T08:09:57","slug":"%e6%b3%b0%e6%b4%9b-22","status":"publish","type":"product","link":"https:\/\/tahanpharma.com\/vi\/san-pham\/%e6%b3%b0%e6%b4%9b-22\/","title":{"rendered":"Tyro-22"},"content":{"rendered":"<p>G\u00e0: Th\u00fac \u0111\u1ea9y t\u0103ng tr\u01b0\u1edfng v\u00e0 c\u1ea3i thi\u1ec7n hi\u1ec7u qu\u1ea3 s\u1eed d\u1ee5ng th\u1ee9c \u0103n.<\/p>\n<p>Th\u00eam 0,02-0,25 kg s\u1ea3n ph\u1ea9m n\u00e0y cho m\u1ed7i t\u1ea5n th\u1ee9c \u0103n.<\/p>\n<p>G\u00e0 m\u00e1i \u0111\u1ebb: C\u1ea3i thi\u1ec7n hi\u1ec7u qu\u1ea3 s\u1eed d\u1ee5ng th\u1ee9c \u0103n.<\/p>\n<p>Th\u00eam 0,1-0,25kg cho m\u1ed7i t\u1ea5n th\u1ee9c \u0103n.<\/p>\n<p>Heo: 1. \u0110\u1ec3 ph\u00f2ng b\u1ec7nh l\u1ef5, b\u1ed5 sung 0,45-0,5 kg s\u1ea3n ph\u1ea9m n\u00e0y cho m\u1ed7i t\u1ea5n th\u1ee9c \u0103n. Sau khi cho \u0103n 3 tu\u1ea7n, tr\u01b0\u1edbc khi xu\u1ea5t chu\u1ed3ng, b\u1ed5 sung 0,2 kg.<\/p>\n<p>2. Th\u00fac \u0111\u1ea9y t\u0103ng tr\u01b0\u1edfng v\u00e0 c\u1ea3i thi\u1ec7n hi\u1ec7u qu\u1ea3 s\u1eed d\u1ee5ng th\u1ee9c \u0103n.<\/p>\n<p>B\u1ed5 sung 0,1-0,5 kg s\u1ea3n ph\u1ea9m n\u00e0y cho m\u1ed7i t\u1ea5n th\u1ee9c \u0103n. \u0110\u1ed1i v\u1edbi v\u1eadt nu\u00f4i c\u00f3 tr\u1ecdng l\u01b0\u1ee3ng t\u1eeb 30-60 kg,<\/p>\n<p>Th\u00eam 0,1-0,2 kg s\u1ea3n ph\u1ea9m n\u00e0y v\u00e0o th\u1ee9c \u0103n. \u0110\u1ed1i v\u1edbi v\u1eadt nu\u00f4i n\u1eb7ng h\u01a1n 60 kg,<\/p>\n<p>Th\u00eam 0,05-0,1 kg s\u1ea3n ph\u1ea9m n\u00e0y v\u00e0o th\u1ee9c \u0103n.<\/p>","protected":false},"excerpt":{"rendered":"<p>T\u00ean thu\u1ed1c: Tylo-22<br \/>\nS\u1ed1 gi\u1ea5y ph\u00e9p: Gi\u1ea5y ph\u00e9p thu\u1ed1c th\u00fa y s\u1ed1 F0672<br \/>\nD\u1ea1ng b\u00e0o ch\u1ebf: Ph\u1ee5 gia th\u1ee9c \u0103n c\u00f3 thu\u1ed1c<br \/>\n\u0110\u00f3ng g\u00f3i: 1kg, 5kg, 10kg, 20kg, 25kg<br \/>\n\u0110\u1ed9ng v\u1eadt \u00e1p d\u1ee5ng: g\u00e0, l\u1ee3n<br \/>\nC\u00f4ng d\u1ee5ng (ch\u1ec9 \u0111\u1ecbnh): G\u00e0: Th\u00fac \u0111\u1ea9y t\u0103ng tr\u01b0\u1edfng v\u00e0 c\u1ea3i thi\u1ec7n hi\u1ec7u qu\u1ea3 s\u1eed d\u1ee5ng th\u1ee9c \u0103n. L\u1ee3n: Ph\u00f2ng b\u1ec7nh l\u1ef5, th\u00fac \u0111\u1ea9y t\u0103ng tr\u01b0\u1edfng v\u00e0 c\u1ea3i thi\u1ec7n hi\u1ec7u qu\u1ea3 s\u1eed d\u1ee5ng th\u1ee9c \u0103n.<br \/>\nTh\u00e0nh ph\u1ea7n: M\u1ed7i kg ch\u1ee9a: Tylosin Phosphate\u2026220gm (H\u1ed9p)<\/p>","protected":false},"featured_media":2102,"comment_status":"open","ping_status":"closed","template":"","meta":[],"product_brand":[],"product_cat":[45,49,71,72,48],"product_tag":[],"class_list":{"0":"post-2101","1":"product","2":"type-product","3":"status-publish","4":"has-post-thumbnail","6":"product_cat-45","7":"product_cat-49","8":"product_cat-71","9":"product_cat-72","10":"product_cat-48","12":"first","13":"instock","14":"shipping-taxable","15":"product-type-simple"},"yoast_head":"<!-- This site is optimized with the Yoast SEO Premium plugin v25.3.1 (Yoast SEO v25.4) - https:\/\/yoast.com\/wordpress\/plugins\/seo\/ -->\n<title>\u6cf0\u6d1b-22 - \u5927\u5b89\u5316\u5b78\u88fd\u85e5\u80a1\u4efd\u6709\u9650\u516c\u53f8<\/title>\n<meta name=\"robots\" content=\"index, follow, max-snippet:-1, max-image-preview:large, max-video-preview:-1\" \/>\n<link rel=\"canonical\" href=\"https:\/\/tahanpharma.com\/vi\/san-pham\/\u6cf0\u6d1b-22\/\" \/>\n<meta property=\"og:locale\" content=\"vi_VN\" \/>\n<meta property=\"og:type\" content=\"article\" \/>\n<meta property=\"og:title\" content=\"\u6cf0\u6d1b-22\" \/>\n<meta property=\"og:description\" content=\"\u85e5\u54c1\u540d \uff1a Tylo-22 \u8a31\u53ef\u8b49\u5b57\u865f \uff1a \u52d5\u7269\u85e5\u88fd\u5b57\u7b2cF0672\u865f \u5291\u578b \uff1a \u542b\u85e5\u7269\u98fc\u6599\u6dfb\u52a0\u7269 \u5305\u88dd \uff1a 1kg,5kg,10kg,20kg,25kg \u9069\u7528\u52d5\u7269 \uff1a \u96de\u3001\u8c6c \u6548\u80fd(\u9069\u61c9\u75c7) \uff1a \u96de\uff1a\u4fc3\u9032\u751f\u9577\u53ca\u6539\u9032\u98fc\u6599\u5229\u7528\u6548\u7387\u3002 \u8c6c\uff1a\u9810\u9632\u8c6c\u8d64\u75e2\u3001\u4fc3\u9032\u751f\u9577\u53ca\u6539\u9032\u98fc\u6599\u5229\u7528\u6548\u7387\u3002 \u6210\u4efd \uff1a \u6bcf\u516c\u65a4\u542b\uff1aTylosin Phosphate\u2026220gm (Pot.)\" \/>\n<meta property=\"og:url\" content=\"https:\/\/tahanpharma.com\/vi\/san-pham\/\u6cf0\u6d1b-22\/\" \/>\n<meta property=\"og:site_name\" content=\"\u5927\u5b89\u5316\u5b78\u88fd\u85e5\u80a1\u4efd\u6709\u9650\u516c\u53f8\" \/>\n<meta property=\"og:image\" content=\"https:\/\/tahanpharma.com\/wp-content\/uploads\/2025\/06\/\u6cf0\u6d1b-22-01.jpg\" \/>\n\t<meta property=\"og:image:width\" content=\"500\" \/>\n\t<meta property=\"og:image:height\" content=\"500\" \/>\n\t<meta property=\"og:image:type\" content=\"image\/jpeg\" \/>\n<meta name=\"twitter:card\" content=\"summary_large_image\" \/>\n<script type=\"application\/ld+json\" class=\"yoast-schema-graph\">{\"@context\":\"https:\/\/schema.org\",\"@graph\":[{\"@type\":\"WebPage\",\"@id\":\"https:\/\/tahanpharma.com\/product\/%e6%b3%b0%e6%b4%9b-22\/\",\"url\":\"https:\/\/tahanpharma.com\/product\/%e6%b3%b0%e6%b4%9b-22\/\",\"name\":\"\u6cf0\u6d1b-22 - \u5927\u5b89\u5316\u5b78\u88fd\u85e5\u80a1\u4efd\u6709\u9650\u516c\u53f8\",\"isPartOf\":{\"@id\":\"https:\/\/tahanpharma.com\/#website\"},\"primaryImageOfPage\":{\"@id\":\"https:\/\/tahanpharma.com\/product\/%e6%b3%b0%e6%b4%9b-22\/#primaryimage\"},\"image\":{\"@id\":\"https:\/\/tahanpharma.com\/product\/%e6%b3%b0%e6%b4%9b-22\/#primaryimage\"},\"thumbnailUrl\":\"https:\/\/tahanpharma.com\/wp-content\/uploads\/2025\/06\/\u6cf0\u6d1b-22-01.jpg\",\"datePublished\":\"2025-06-18T08:09:57+00:00\",\"breadcrumb\":{\"@id\":\"https:\/\/tahanpharma.com\/product\/%e6%b3%b0%e6%b4%9b-22\/#breadcrumb\"},\"inLanguage\":\"vi\",\"potentialAction\":[{\"@type\":\"ReadAction\",\"target\":[\"https:\/\/tahanpharma.com\/product\/%e6%b3%b0%e6%b4%9b-22\/\"]}]},{\"@type\":\"ImageObject\",\"inLanguage\":\"vi\",\"@id\":\"https:\/\/tahanpharma.com\/product\/%e6%b3%b0%e6%b4%9b-22\/#primaryimage\",\"url\":\"https:\/\/tahanpharma.com\/wp-content\/uploads\/2025\/06\/\u6cf0\u6d1b-22-01.jpg\",\"contentUrl\":\"https:\/\/tahanpharma.com\/wp-content\/uploads\/2025\/06\/\u6cf0\u6d1b-22-01.jpg\",\"width\":500,\"height\":500},{\"@type\":\"BreadcrumbList\",\"@id\":\"https:\/\/tahanpharma.com\/product\/%e6%b3%b0%e6%b4%9b-22\/#breadcrumb\",\"itemListElement\":[{\"@type\":\"ListItem\",\"position\":1,\"name\":\"\u9996\u9801\",\"item\":\"https:\/\/tahanpharma.com\/\"},{\"@type\":\"ListItem\",\"position\":2,\"name\":\"\u7522\u54c1\u7c21\u4ecb\",\"item\":\"https:\/\/tahanpharma.com\/product\/\"},{\"@type\":\"ListItem\",\"position\":3,\"name\":\"\u6cf0\u6d1b-22\"}]},{\"@type\":\"WebSite\",\"@id\":\"https:\/\/tahanpharma.com\/#website\",\"url\":\"https:\/\/tahanpharma.com\/\",\"name\":\"\u5927\u5b89\u5316\u5b78\u88fd\u85e5\u80a1\u4efd\u6709\u9650\u516c\u53f8\",\"description\":\"\u52d5\u7269\u85e5\u54c1\u88fd\u9020\",\"potentialAction\":[{\"@type\":\"SearchAction\",\"target\":{\"@type\":\"EntryPoint\",\"urlTemplate\":\"https:\/\/tahanpharma.com\/?s={search_term_string}\"},\"query-input\":{\"@type\":\"PropertyValueSpecification\",\"valueRequired\":true,\"valueName\":\"search_term_string\"}}],\"inLanguage\":\"vi\"}]}<\/script>\n<!-- \/ Yoast SEO Premium plugin. -->","yoast_head_json":{"title":"\u6cf0\u6d1b-22 - \u5927\u5b89\u5316\u5b78\u88fd\u85e5\u80a1\u4efd\u6709\u9650\u516c\u53f8","robots":{"index":"index","follow":"follow","max-snippet":"max-snippet:-1","max-image-preview":"max-image-preview:large","max-video-preview":"max-video-preview:-1"},"canonical":"https:\/\/tahanpharma.com\/vi\/san-pham\/\u6cf0\u6d1b-22\/","og_locale":"vi_VN","og_type":"article","og_title":"\u6cf0\u6d1b-22","og_description":"\u85e5\u54c1\u540d \uff1a Tylo-22 \u8a31\u53ef\u8b49\u5b57\u865f \uff1a \u52d5\u7269\u85e5\u88fd\u5b57\u7b2cF0672\u865f \u5291\u578b \uff1a \u542b\u85e5\u7269\u98fc\u6599\u6dfb\u52a0\u7269 \u5305\u88dd \uff1a 1kg,5kg,10kg,20kg,25kg \u9069\u7528\u52d5\u7269 \uff1a \u96de\u3001\u8c6c \u6548\u80fd(\u9069\u61c9\u75c7) \uff1a \u96de\uff1a\u4fc3\u9032\u751f\u9577\u53ca\u6539\u9032\u98fc\u6599\u5229\u7528\u6548\u7387\u3002 \u8c6c\uff1a\u9810\u9632\u8c6c\u8d64\u75e2\u3001\u4fc3\u9032\u751f\u9577\u53ca\u6539\u9032\u98fc\u6599\u5229\u7528\u6548\u7387\u3002 \u6210\u4efd \uff1a \u6bcf\u516c\u65a4\u542b\uff1aTylosin Phosphate\u2026220gm (Pot.)","og_url":"https:\/\/tahanpharma.com\/vi\/san-pham\/\u6cf0\u6d1b-22\/","og_site_name":"\u5927\u5b89\u5316\u5b78\u88fd\u85e5\u80a1\u4efd\u6709\u9650\u516c\u53f8","og_image":[{"width":500,"height":500,"url":"https:\/\/tahanpharma.com\/wp-content\/uploads\/2025\/06\/\u6cf0\u6d1b-22-01.jpg","type":"image\/jpeg"}],"twitter_card":"summary_large_image","schema":{"@context":"https:\/\/schema.org","@graph":[{"@type":"WebPage","@id":"https:\/\/tahanpharma.com\/product\/%e6%b3%b0%e6%b4%9b-22\/","url":"https:\/\/tahanpharma.com\/product\/%e6%b3%b0%e6%b4%9b-22\/","name":"\u6cf0\u6d1b-22 - \u5927\u5b89\u5316\u5b78\u88fd\u85e5\u80a1\u4efd\u6709\u9650\u516c\u53f8","isPartOf":{"@id":"https:\/\/tahanpharma.com\/#website"},"primaryImageOfPage":{"@id":"https:\/\/tahanpharma.com\/product\/%e6%b3%b0%e6%b4%9b-22\/#primaryimage"},"image":{"@id":"https:\/\/tahanpharma.com\/product\/%e6%b3%b0%e6%b4%9b-22\/#primaryimage"},"thumbnailUrl":"https:\/\/tahanpharma.com\/wp-content\/uploads\/2025\/06\/\u6cf0\u6d1b-22-01.jpg","datePublished":"2025-06-18T08:09:57+00:00","breadcrumb":{"@id":"https:\/\/tahanpharma.com\/product\/%e6%b3%b0%e6%b4%9b-22\/#breadcrumb"},"inLanguage":"vi","potentialAction":[{"@type":"ReadAction","target":["https:\/\/tahanpharma.com\/product\/%e6%b3%b0%e6%b4%9b-22\/"]}]},{"@type":"ImageObject","inLanguage":"vi","@id":"https:\/\/tahanpharma.com\/product\/%e6%b3%b0%e6%b4%9b-22\/#primaryimage","url":"https:\/\/tahanpharma.com\/wp-content\/uploads\/2025\/06\/\u6cf0\u6d1b-22-01.jpg","contentUrl":"https:\/\/tahanpharma.com\/wp-content\/uploads\/2025\/06\/\u6cf0\u6d1b-22-01.jpg","width":500,"height":500},{"@type":"BreadcrumbList","@id":"https:\/\/tahanpharma.com\/product\/%e6%b3%b0%e6%b4%9b-22\/#breadcrumb","itemListElement":[{"@type":"ListItem","position":1,"name":"\u9996\u9801","item":"https:\/\/tahanpharma.com\/"},{"@type":"ListItem","position":2,"name":"\u7522\u54c1\u7c21\u4ecb","item":"https:\/\/tahanpharma.com\/product\/"},{"@type":"ListItem","position":3,"name":"\u6cf0\u6d1b-22"}]},{"@type":"WebSite","@id":"https:\/\/tahanpharma.com\/#website","url":"https:\/\/tahanpharma.com\/","name":"\u5927\u5b89\u5316\u5b78\u88fd\u85e5\u80a1\u4efd\u6709\u9650\u516c\u53f8","description":"\u52d5\u7269\u85e5\u54c1\u88fd\u9020","potentialAction":[{"@type":"SearchAction","target":{"@type":"EntryPoint","urlTemplate":"https:\/\/tahanpharma.com\/?s={search_term_string}"},"query-input":{"@type":"PropertyValueSpecification","valueRequired":true,"valueName":"search_term_string"}}],"inLanguage":"vi"}]}},"_links":{"self":[{"href":"https:\/\/tahanpharma.com\/vi\/wp-json\/wp\/v2\/product\/2101","targetHints":{"allow":["GET"]}}],"collection":[{"href":"https:\/\/tahanpharma.com\/vi\/wp-json\/wp\/v2\/product"}],"about":[{"href":"https:\/\/tahanpharma.com\/vi\/wp-json\/wp\/v2\/types\/product"}],"replies":[{"embeddable":true,"href":"https:\/\/tahanpharma.com\/vi\/wp-json\/wp\/v2\/comments?post=2101"}],"wp:featuredmedia":[{"embeddable":true,"href":"https:\/\/tahanpharma.com\/vi\/wp-json\/wp\/v2\/media\/2102"}],"wp:attachment":[{"href":"https:\/\/tahanpharma.com\/vi\/wp-json\/wp\/v2\/media?parent=2101"}],"wp:term":[{"taxonomy":"product_brand","embeddable":true,"href":"https:\/\/tahanpharma.com\/vi\/wp-json\/wp\/v2\/product_brand?post=2101"},{"taxonomy":"product_cat","embeddable":true,"href":"https:\/\/tahanpharma.com\/vi\/wp-json\/wp\/v2\/product_cat?post=2101"},{"taxonomy":"product_tag","embeddable":true,"href":"https:\/\/tahanpharma.com\/vi\/wp-json\/wp\/v2\/product_tag?post=2101"}],"curies":[{"name":"wp","href":"https:\/\/api.w.org\/{rel}","templated":true}]}}