{"id":2107,"date":"2025-06-18T16:11:53","date_gmt":"2025-06-18T08:11:53","guid":{"rendered":"https:\/\/tahanpharma.com\/?post_type=product&#038;p=2107"},"modified":"2025-06-18T17:18:24","modified_gmt":"2025-06-18T09:18:24","slug":"%e8%88%92%e5%8c%96%e5%af%a7-40","status":"publish","type":"product","link":"https:\/\/tahanpharma.com\/vi\/san-pham\/%e8%88%92%e5%8c%96%e5%af%a7-40\/","title":{"rendered":"Shuhuaning-40"},"content":{"rendered":"<p>Heo: D\u00f9ng ri\u00eang t\u1eebng con, li\u1ec1u d\u00f9ng 1,5-3 gam s\u1ea3n ph\u1ea9m n\u00e0y tr\u00ean 40 kg th\u1ec3 tr\u1ecdng m\u1ed7i ng\u00e0y (t\u1ee9c l\u00e0 th\u00e0nh ph\u1ea7n hi\u1ec7u qu\u1ea3 (15-30 mg) tr\u00ean m\u1ed7i kg th\u1ec3 tr\u1ecdng). \u0110\u1ec3 \u0111i\u1ec1u tr\u1ecb, thu\u1ed1c \u0111\u01b0\u1ee3c d\u00f9ng li\u00ean t\u1ee5c trong 3-5 ng\u00e0y. Li\u1ec1u d\u00f9ng \u0111\u01b0\u1ee3c chia th\u00e0nh hai li\u1ec1u d\u00f9ng h\u00e0ng ng\u00e0y. \u0110\u1ec3 ki\u1ec3m so\u00e1t nhi\u1ec5m tr\u00f9ng vi\u00eam m\u0169i teo \u1edf heo con t\u1eeb 2-5 tu\u1ea7n tu\u1ed5i, li\u1ec1u d\u00f9ng l\u00e0 10-15 mg th\u00e0nh ph\u1ea7n hi\u1ec7u qu\u1ea3 tr\u00ean m\u1ed7i kg th\u1ec3 tr\u1ecdng m\u1ed7i ng\u00e0y. Th\u1eddi gian d\u00f9ng thu\u1ed1c kh\u00f4ng qu\u00e1 7 ng\u00e0y.<\/p>","protected":false},"excerpt":{"rendered":"<p>T\u00ean thu\u1ed1c: Trimfazine-40<br \/>\nS\u1ed1 gi\u1ea5y ph\u00e9p: Gi\u1ea5y ph\u00e9p thu\u1ed1c th\u00fa y s\u1ed1 07950<br \/>\nD\u1ea1ng b\u00e0o ch\u1ebf: B\u1ed9t (d\u00f9ng u\u1ed1ng)<br \/>\n\u0110\u00f3ng g\u00f3i: 100g, 500g, 1kg, 10kg, 25kg<br \/>\n\u0110\u1ed9ng v\u1eadt \u00e1p d\u1ee5ng: L\u1ee3n<br \/>\nHi\u1ec7u qu\u1ea3 (ch\u1ec9 \u0111\u1ecbnh): L\u1ee3n: \u0110i\u1ec1u tr\u1ecb vi\u00eam m\u0169i teo, vi\u00eam v\u00fa, vi\u00eam n\u1ed9i m\u1ea1c t\u1eed cung, nhi\u1ec5m tr\u00f9ng k\u1ebft h\u1ee3p gi\u1ea3m ti\u1ebft s\u1eefa, nhi\u1ec5m tr\u00f9ng \u0111\u01b0\u1eddng h\u00f4 h\u1ea5p d\u01b0\u1edbi v\u00e0 vi\u00eam ru\u1ed9t do vi khu\u1ea9n.<br \/>\nTh\u00e0nh ph\u1ea7n: M\u1ed7i gam ch\u1ee9a:<br \/>\nTrimethoprim\u2026\u2026\u2026\u2026\u2026\u2026..\u2026..66,67mg<br \/>\nSulfadiazine\u2026\u2026\u2026\u2026\u2026\u2026333,33mg<\/p>","protected":false},"featured_media":2108,"comment_status":"open","ping_status":"closed","template":"","meta":[],"product_brand":[],"product_cat":[45,49,72,71,48],"product_tag":[],"class_list":{"0":"post-2107","1":"product","2":"type-product","3":"status-publish","4":"has-post-thumbnail","6":"product_cat-45","7":"product_cat-49","8":"product_cat-72","9":"product_cat-71","10":"product_cat-48","12":"first","13":"instock","14":"shipping-taxable","15":"product-type-simple"},"yoast_head":"<!-- This site is optimized with the Yoast SEO Premium plugin v25.3.1 (Yoast SEO v25.4) - https:\/\/yoast.com\/wordpress\/plugins\/seo\/ -->\n<title>\u8212\u5316\u5be7-40 - \u5927\u5b89\u5316\u5b78\u88fd\u85e5\u80a1\u4efd\u6709\u9650\u516c\u53f8<\/title>\n<meta name=\"robots\" content=\"index, follow, max-snippet:-1, max-image-preview:large, max-video-preview:-1\" \/>\n<link rel=\"canonical\" href=\"https:\/\/tahanpharma.com\/vi\/san-pham\/\u8212\u5316\u5be7-40\/\" \/>\n<meta property=\"og:locale\" content=\"vi_VN\" \/>\n<meta property=\"og:type\" content=\"article\" \/>\n<meta property=\"og:title\" content=\"\u8212\u5316\u5be7-40\" \/>\n<meta property=\"og:description\" content=\"\u85e5\u54c1\u540d \uff1a Trimfazine-40 \u8a31\u53ef\u8b49\u5b57\u865f \uff1a \u52d5\u7269\u85e5\u88fd\u5b57\u7b2c07950\u865f \u5291\u578b \uff1a \u6563\u5291(\u5167\u7528) \u5305\u88dd \uff1a 100g,500g,1kg,10kg,25kg \u9069\u7528\u52d5\u7269 \uff1a \u8c6c \u6548\u80fd(\u9069\u61c9\u75c7) \uff1a \u8c6c\uff1a\u6cbb\u7642\u840e\u7e2e\u6027\u9f3b\u708e\u3001\u4e73\u623f\u708e\u3001\u5b50\u5bae\u5167\u819c\u708e\u3001\u7f3a\u4e73\u75c7\u5408\u4f75\u611f\u67d3\u3001\u4e0b\u547c\u5438\u9053\u611f\u67d3\u3001\u7d30\u83cc\u6027\u8178\u708e\u3002 \u6210\u4efd \uff1a \u6bcf\u516c\u514b\u542b\uff1a Trimethoprim\u2026\u2026\u2026\u2026\u2026..\u2026..66.67mg Sulfadiazine\u2026\u2026\u2026\u2026\u2026\u2026\u2026333.33mg\" \/>\n<meta property=\"og:url\" content=\"https:\/\/tahanpharma.com\/vi\/san-pham\/\u8212\u5316\u5be7-40\/\" \/>\n<meta property=\"og:site_name\" content=\"\u5927\u5b89\u5316\u5b78\u88fd\u85e5\u80a1\u4efd\u6709\u9650\u516c\u53f8\" \/>\n<meta property=\"article:modified_time\" content=\"2025-06-18T09:18:24+00:00\" \/>\n<meta property=\"og:image\" content=\"https:\/\/tahanpharma.com\/wp-content\/uploads\/2025\/06\/\u8212\u5316\u5be7-40-01.jpg\" \/>\n\t<meta property=\"og:image:width\" content=\"500\" \/>\n\t<meta property=\"og:image:height\" content=\"500\" \/>\n\t<meta property=\"og:image:type\" content=\"image\/jpeg\" \/>\n<meta name=\"twitter:card\" content=\"summary_large_image\" \/>\n<script type=\"application\/ld+json\" class=\"yoast-schema-graph\">{\"@context\":\"https:\/\/schema.org\",\"@graph\":[{\"@type\":\"WebPage\",\"@id\":\"https:\/\/tahanpharma.com\/product\/%e8%88%92%e5%8c%96%e5%af%a7-40\/\",\"url\":\"https:\/\/tahanpharma.com\/product\/%e8%88%92%e5%8c%96%e5%af%a7-40\/\",\"name\":\"\u8212\u5316\u5be7-40 - \u5927\u5b89\u5316\u5b78\u88fd\u85e5\u80a1\u4efd\u6709\u9650\u516c\u53f8\",\"isPartOf\":{\"@id\":\"https:\/\/tahanpharma.com\/#website\"},\"primaryImageOfPage\":{\"@id\":\"https:\/\/tahanpharma.com\/product\/%e8%88%92%e5%8c%96%e5%af%a7-40\/#primaryimage\"},\"image\":{\"@id\":\"https:\/\/tahanpharma.com\/product\/%e8%88%92%e5%8c%96%e5%af%a7-40\/#primaryimage\"},\"thumbnailUrl\":\"https:\/\/tahanpharma.com\/wp-content\/uploads\/2025\/06\/\u8212\u5316\u5be7-40-01.jpg\",\"datePublished\":\"2025-06-18T08:11:53+00:00\",\"dateModified\":\"2025-06-18T09:18:24+00:00\",\"breadcrumb\":{\"@id\":\"https:\/\/tahanpharma.com\/product\/%e8%88%92%e5%8c%96%e5%af%a7-40\/#breadcrumb\"},\"inLanguage\":\"vi\",\"potentialAction\":[{\"@type\":\"ReadAction\",\"target\":[\"https:\/\/tahanpharma.com\/product\/%e8%88%92%e5%8c%96%e5%af%a7-40\/\"]}]},{\"@type\":\"ImageObject\",\"inLanguage\":\"vi\",\"@id\":\"https:\/\/tahanpharma.com\/product\/%e8%88%92%e5%8c%96%e5%af%a7-40\/#primaryimage\",\"url\":\"https:\/\/tahanpharma.com\/wp-content\/uploads\/2025\/06\/\u8212\u5316\u5be7-40-01.jpg\",\"contentUrl\":\"https:\/\/tahanpharma.com\/wp-content\/uploads\/2025\/06\/\u8212\u5316\u5be7-40-01.jpg\",\"width\":500,\"height\":500},{\"@type\":\"BreadcrumbList\",\"@id\":\"https:\/\/tahanpharma.com\/product\/%e8%88%92%e5%8c%96%e5%af%a7-40\/#breadcrumb\",\"itemListElement\":[{\"@type\":\"ListItem\",\"position\":1,\"name\":\"\u9996\u9801\",\"item\":\"https:\/\/tahanpharma.com\/\"},{\"@type\":\"ListItem\",\"position\":2,\"name\":\"\u7522\u54c1\u7c21\u4ecb\",\"item\":\"https:\/\/tahanpharma.com\/product\/\"},{\"@type\":\"ListItem\",\"position\":3,\"name\":\"\u8212\u5316\u5be7-40\"}]},{\"@type\":\"WebSite\",\"@id\":\"https:\/\/tahanpharma.com\/#website\",\"url\":\"https:\/\/tahanpharma.com\/\",\"name\":\"\u5927\u5b89\u5316\u5b78\u88fd\u85e5\u80a1\u4efd\u6709\u9650\u516c\u53f8\",\"description\":\"\u52d5\u7269\u85e5\u54c1\u88fd\u9020\",\"potentialAction\":[{\"@type\":\"SearchAction\",\"target\":{\"@type\":\"EntryPoint\",\"urlTemplate\":\"https:\/\/tahanpharma.com\/?s={search_term_string}\"},\"query-input\":{\"@type\":\"PropertyValueSpecification\",\"valueRequired\":true,\"valueName\":\"search_term_string\"}}],\"inLanguage\":\"vi\"}]}<\/script>\n<!-- \/ Yoast SEO Premium plugin. -->","yoast_head_json":{"title":"\u8212\u5316\u5be7-40 - \u5927\u5b89\u5316\u5b78\u88fd\u85e5\u80a1\u4efd\u6709\u9650\u516c\u53f8","robots":{"index":"index","follow":"follow","max-snippet":"max-snippet:-1","max-image-preview":"max-image-preview:large","max-video-preview":"max-video-preview:-1"},"canonical":"https:\/\/tahanpharma.com\/vi\/san-pham\/\u8212\u5316\u5be7-40\/","og_locale":"vi_VN","og_type":"article","og_title":"\u8212\u5316\u5be7-40","og_description":"\u85e5\u54c1\u540d \uff1a Trimfazine-40 \u8a31\u53ef\u8b49\u5b57\u865f \uff1a \u52d5\u7269\u85e5\u88fd\u5b57\u7b2c07950\u865f \u5291\u578b \uff1a \u6563\u5291(\u5167\u7528) \u5305\u88dd \uff1a 100g,500g,1kg,10kg,25kg \u9069\u7528\u52d5\u7269 \uff1a \u8c6c \u6548\u80fd(\u9069\u61c9\u75c7) \uff1a \u8c6c\uff1a\u6cbb\u7642\u840e\u7e2e\u6027\u9f3b\u708e\u3001\u4e73\u623f\u708e\u3001\u5b50\u5bae\u5167\u819c\u708e\u3001\u7f3a\u4e73\u75c7\u5408\u4f75\u611f\u67d3\u3001\u4e0b\u547c\u5438\u9053\u611f\u67d3\u3001\u7d30\u83cc\u6027\u8178\u708e\u3002 \u6210\u4efd \uff1a \u6bcf\u516c\u514b\u542b\uff1a Trimethoprim\u2026\u2026\u2026\u2026\u2026..\u2026..66.67mg Sulfadiazine\u2026\u2026\u2026\u2026\u2026\u2026\u2026333.33mg","og_url":"https:\/\/tahanpharma.com\/vi\/san-pham\/\u8212\u5316\u5be7-40\/","og_site_name":"\u5927\u5b89\u5316\u5b78\u88fd\u85e5\u80a1\u4efd\u6709\u9650\u516c\u53f8","article_modified_time":"2025-06-18T09:18:24+00:00","og_image":[{"width":500,"height":500,"url":"https:\/\/tahanpharma.com\/wp-content\/uploads\/2025\/06\/\u8212\u5316\u5be7-40-01.jpg","type":"image\/jpeg"}],"twitter_card":"summary_large_image","schema":{"@context":"https:\/\/schema.org","@graph":[{"@type":"WebPage","@id":"https:\/\/tahanpharma.com\/product\/%e8%88%92%e5%8c%96%e5%af%a7-40\/","url":"https:\/\/tahanpharma.com\/product\/%e8%88%92%e5%8c%96%e5%af%a7-40\/","name":"\u8212\u5316\u5be7-40 - \u5927\u5b89\u5316\u5b78\u88fd\u85e5\u80a1\u4efd\u6709\u9650\u516c\u53f8","isPartOf":{"@id":"https:\/\/tahanpharma.com\/#website"},"primaryImageOfPage":{"@id":"https:\/\/tahanpharma.com\/product\/%e8%88%92%e5%8c%96%e5%af%a7-40\/#primaryimage"},"image":{"@id":"https:\/\/tahanpharma.com\/product\/%e8%88%92%e5%8c%96%e5%af%a7-40\/#primaryimage"},"thumbnailUrl":"https:\/\/tahanpharma.com\/wp-content\/uploads\/2025\/06\/\u8212\u5316\u5be7-40-01.jpg","datePublished":"2025-06-18T08:11:53+00:00","dateModified":"2025-06-18T09:18:24+00:00","breadcrumb":{"@id":"https:\/\/tahanpharma.com\/product\/%e8%88%92%e5%8c%96%e5%af%a7-40\/#breadcrumb"},"inLanguage":"vi","potentialAction":[{"@type":"ReadAction","target":["https:\/\/tahanpharma.com\/product\/%e8%88%92%e5%8c%96%e5%af%a7-40\/"]}]},{"@type":"ImageObject","inLanguage":"vi","@id":"https:\/\/tahanpharma.com\/product\/%e8%88%92%e5%8c%96%e5%af%a7-40\/#primaryimage","url":"https:\/\/tahanpharma.com\/wp-content\/uploads\/2025\/06\/\u8212\u5316\u5be7-40-01.jpg","contentUrl":"https:\/\/tahanpharma.com\/wp-content\/uploads\/2025\/06\/\u8212\u5316\u5be7-40-01.jpg","width":500,"height":500},{"@type":"BreadcrumbList","@id":"https:\/\/tahanpharma.com\/product\/%e8%88%92%e5%8c%96%e5%af%a7-40\/#breadcrumb","itemListElement":[{"@type":"ListItem","position":1,"name":"\u9996\u9801","item":"https:\/\/tahanpharma.com\/"},{"@type":"ListItem","position":2,"name":"\u7522\u54c1\u7c21\u4ecb","item":"https:\/\/tahanpharma.com\/product\/"},{"@type":"ListItem","position":3,"name":"\u8212\u5316\u5be7-40"}]},{"@type":"WebSite","@id":"https:\/\/tahanpharma.com\/#website","url":"https:\/\/tahanpharma.com\/","name":"\u5927\u5b89\u5316\u5b78\u88fd\u85e5\u80a1\u4efd\u6709\u9650\u516c\u53f8","description":"\u52d5\u7269\u85e5\u54c1\u88fd\u9020","potentialAction":[{"@type":"SearchAction","target":{"@type":"EntryPoint","urlTemplate":"https:\/\/tahanpharma.com\/?s={search_term_string}"},"query-input":{"@type":"PropertyValueSpecification","valueRequired":true,"valueName":"search_term_string"}}],"inLanguage":"vi"}]}},"_links":{"self":[{"href":"https:\/\/tahanpharma.com\/vi\/wp-json\/wp\/v2\/product\/2107","targetHints":{"allow":["GET"]}}],"collection":[{"href":"https:\/\/tahanpharma.com\/vi\/wp-json\/wp\/v2\/product"}],"about":[{"href":"https:\/\/tahanpharma.com\/vi\/wp-json\/wp\/v2\/types\/product"}],"replies":[{"embeddable":true,"href":"https:\/\/tahanpharma.com\/vi\/wp-json\/wp\/v2\/comments?post=2107"}],"wp:featuredmedia":[{"embeddable":true,"href":"https:\/\/tahanpharma.com\/vi\/wp-json\/wp\/v2\/media\/2108"}],"wp:attachment":[{"href":"https:\/\/tahanpharma.com\/vi\/wp-json\/wp\/v2\/media?parent=2107"}],"wp:term":[{"taxonomy":"product_brand","embeddable":true,"href":"https:\/\/tahanpharma.com\/vi\/wp-json\/wp\/v2\/product_brand?post=2107"},{"taxonomy":"product_cat","embeddable":true,"href":"https:\/\/tahanpharma.com\/vi\/wp-json\/wp\/v2\/product_cat?post=2107"},{"taxonomy":"product_tag","embeddable":true,"href":"https:\/\/tahanpharma.com\/vi\/wp-json\/wp\/v2\/product_tag?post=2107"}],"curies":[{"name":"wp","href":"https:\/\/api.w.org\/{rel}","templated":true}]}}