{"id":2120,"date":"2025-06-18T16:35:52","date_gmt":"2025-06-18T08:35:52","guid":{"rendered":"https:\/\/tahanpharma.com\/?post_type=product&#038;p=2120"},"modified":"2025-06-18T16:35:53","modified_gmt":"2025-06-18T08:35:53","slug":"%e5%a0%a4%e7%b1%b3%e5%bf%83-25%e5%8f%a3%e6%9c%8d%e6%b6%b2","status":"publish","type":"product","link":"https:\/\/tahanpharma.com\/vi\/san-pham\/%e5%a0%a4%e7%b1%b3%e5%bf%83-25%e5%8f%a3%e6%9c%8d%e6%b6%b2\/","title":{"rendered":"Dung d\u1ecbch u\u1ed1ng Dimixin-25"},"content":{"rendered":"<p>Heo: Pha 80 ml Tilmicosin-25 v\u00e0o 100 l\u00edt n\u01b0\u1edbc u\u1ed1ng, t\u01b0\u01a1ng \u0111\u01b0\u01a1ng 200 mg Tilmicosin\/l\u00edt n\u01b0\u1edbc u\u1ed1ng, trong 5 ng\u00e0y li\u00ean t\u1ee5c. Ho\u1eb7c cho \u0103n 60-80 mg Tilmicosin-25\/kg th\u1ec3 tr\u1ecdng\/ng\u00e0y; t\u01b0\u01a1ng \u0111\u01b0\u01a1ng 15-20 mg Tilmicosin\/kg th\u1ec3 tr\u1ecdng\/ng\u00e0y.<\/p>\n<p>G\u00e0 th\u1ecbt: Pha 30 ml Tilmicosin-25 v\u00e0o 100 l\u00edt n\u01b0\u1edbc u\u1ed1ng, t\u01b0\u01a1ng \u0111\u01b0\u01a1ng 75 mg Tilmicosin\/l\u00edt n\u01b0\u1edbc u\u1ed1ng, trong 3 ng\u00e0y li\u00ean t\u1ee5c. Ho\u1eb7c cho \u0103n 60-80 mg Tilmicosin-25\/kg th\u1ec3 tr\u1ecdng\/ng\u00e0y; t\u01b0\u01a1ng \u0111\u01b0\u01a1ng 15-20 mg Tilmicosin\/kg th\u1ec3 tr\u1ecdng\/ng\u00e0y. G\u00e0 th\u1ecbt: Pha 30 ml Tilmicosin-25 v\u00e0o 100 l\u00edt n\u01b0\u1edbc u\u1ed1ng, t\u01b0\u01a1ng \u0111\u01b0\u01a1ng 75 mg Tilmicosin\/l\u00edt n\u01b0\u1edbc u\u1ed1ng, trong 3 ng\u00e0y li\u00ean t\u1ee5c. Ho\u1eb7c cho \u0103n 60-80 mg Tilmicosin-25\/kg th\u1ec3 tr\u1ecdng\/ng\u00e0y; t\u01b0\u01a1ng \u0111\u01b0\u01a1ng 15-20 mg Tilmicosin\/kg th\u1ec3 tr\u1ecdng\/ng\u00e0y.<\/p>","protected":false},"excerpt":{"rendered":"<p>T\u00ean thu\u1ed1c: Dung d\u1ecbch Tilmi-25<br \/>\nS\u1ed1 gi\u1ea5y ph\u00e9p: Gi\u1ea5y ph\u00e9p thu\u1ed1c th\u00fa y s\u1ed1 08697<br \/>\nD\u1ea1ng b\u00e0o ch\u1ebf: Dung d\u1ecbch u\u1ed1ng<br \/>\nBao b\u00ec: 100ml, 500ml, 1L, 5L, 20L<br \/>\n\u0110\u1ed9ng v\u1eadt \u00e1p d\u1ee5ng: L\u1ee3n<br \/>\nHi\u1ec7u qu\u1ea3 (Ch\u1ec9 \u0111\u1ecbnh): L\u1ee3n: \u0110i\u1ec1u tr\u1ecb c\u00e1c b\u1ec7nh v\u1ec1 \u0111\u01b0\u1eddng h\u00f4 h\u1ea5p \u1edf l\u1ee3n do Mycoplasma hyopneumoniae, Pasteurella multocida, Actinobacillus Pleuropneumoniae, Actinomyces Pyogenes v\u00e0 c\u00e1c t\u00e1c nh\u00e2n g\u00e2y b\u1ec7nh vi khu\u1ea9n kh\u00e1c nh\u1ea1y c\u1ea3m v\u1edbi Tilmicosin.<br \/>\nG\u00e0 th\u1ecbt: \u0110i\u1ec1u tr\u1ecb c\u00e1c b\u1ec7nh v\u1ec1 \u0111\u01b0\u1eddng h\u00f4 h\u1ea5p \u1edf g\u00e0 do Mycoplasma gallisepticum, M.synoviae v\u00e0 c\u00e1c t\u00e1c nh\u00e2n g\u00e2y b\u1ec7nh vi khu\u1ea9n kh\u00e1c nh\u1ea1y c\u1ea3m v\u1edbi Tilmicosin.<br \/>\nTh\u00e0nh ph\u1ea7n: M\u1ed7i ml ch\u1ee9a:<br \/>\nTilmicosin Phosphate\u2026\u2026250mg(H\u1ed9p)<\/p>","protected":false},"featured_media":2121,"comment_status":"open","ping_status":"closed","template":"","meta":[],"product_brand":[],"product_cat":[45,77,48],"product_tag":[],"class_list":{"0":"post-2120","1":"product","2":"type-product","3":"status-publish","4":"has-post-thumbnail","6":"product_cat-45","7":"product_cat-77","8":"product_cat-48","10":"first","11":"instock","12":"shipping-taxable","13":"product-type-simple"},"yoast_head":"<!-- This site is optimized with the Yoast SEO Premium plugin v25.3.1 (Yoast SEO v25.4) - https:\/\/yoast.com\/wordpress\/plugins\/seo\/ -->\n<title>\u5824\u7c73\u5fc3-25\u53e3\u670d\u6db2 - \u5927\u5b89\u5316\u5b78\u88fd\u85e5\u80a1\u4efd\u6709\u9650\u516c\u53f8<\/title>\n<meta name=\"robots\" content=\"index, follow, max-snippet:-1, max-image-preview:large, max-video-preview:-1\" \/>\n<link rel=\"canonical\" href=\"https:\/\/tahanpharma.com\/vi\/san-pham\/\u5824\u7c73\u5fc3-25\u53e3\u670d\u6db2\/\" \/>\n<meta property=\"og:locale\" content=\"vi_VN\" \/>\n<meta property=\"og:type\" content=\"article\" \/>\n<meta property=\"og:title\" content=\"\u5824\u7c73\u5fc3-25\u53e3\u670d\u6db2\" \/>\n<meta property=\"og:description\" content=\"\u85e5\u54c1\u540d \uff1a Tilmi-25 Solution \u8a31\u53ef\u8b49\u5b57\u865f \uff1a \u52d5\u7269\u85e5\u88fd\u7b2c08697\u865f \u5291\u578b \uff1a \u53e3\u670d\u6db2\u5291 \u5305\u88dd \uff1a 100ml,500ml,1L,5L,20L \u9069\u7528\u52d5\u7269 \uff1a \u8c6c \u6548\u80fd(\u9069\u61c9\u75c7) \uff1a \u8089\u8c6c\uff1a\u6cbb\u7642\u56e0Mycoplasma hyopneumoniae\u3001Pasteurella multocida\u3001Actinobacillus Pleuropneumoniae\u3001Actinomyces Pyogenes\u4ee5\u53ca\u5176\u4ed6\u5c0dTilmicosin\u5177\u611f\u53d7\u6027\u7684\u5fae\u751f\u7269\u75c5\u539f\u9ad4\u6240\u5f15\u8d77\u7684\u8c6c\u547c\u5438\u9053\u75be\u75c5\u3002 \u8089\u96de\uff1a\u6cbb\u7642\u56e0Mycoplasma gallisepticum\u3001M.synoviae\u4ee5\u53ca\u5176\u4ed6\u5c0dTilmicosin\u5177\u611f\u53d7\u6027\u7684\u5fae\u751f\u7269\u75c5\u539f\u9ad4\u6240\u5f15\u8d77\u7684\u96de\u547c\u5438\u9053\u75be\u75c5\u3002 \u6210\u4efd \uff1a Each ml contains\uff1a Tilmicosin Phosphate\u2026\u2026250mg(Pot.)\" \/>\n<meta property=\"og:url\" content=\"https:\/\/tahanpharma.com\/vi\/san-pham\/\u5824\u7c73\u5fc3-25\u53e3\u670d\u6db2\/\" \/>\n<meta property=\"og:site_name\" content=\"\u5927\u5b89\u5316\u5b78\u88fd\u85e5\u80a1\u4efd\u6709\u9650\u516c\u53f8\" \/>\n<meta property=\"article:modified_time\" content=\"2025-06-18T08:35:53+00:00\" \/>\n<meta property=\"og:image\" content=\"https:\/\/tahanpharma.com\/wp-content\/uploads\/2025\/06\/\u5824\u7c73\u5fc3-25\u53e3\u670d\u6db2-01.jpg\" \/>\n\t<meta property=\"og:image:width\" content=\"500\" \/>\n\t<meta property=\"og:image:height\" content=\"500\" \/>\n\t<meta property=\"og:image:type\" content=\"image\/jpeg\" \/>\n<meta name=\"twitter:card\" content=\"summary_large_image\" \/>\n<script type=\"application\/ld+json\" class=\"yoast-schema-graph\">{\"@context\":\"https:\/\/schema.org\",\"@graph\":[{\"@type\":\"WebPage\",\"@id\":\"https:\/\/tahanpharma.com\/product\/%e5%a0%a4%e7%b1%b3%e5%bf%83-25%e5%8f%a3%e6%9c%8d%e6%b6%b2\/\",\"url\":\"https:\/\/tahanpharma.com\/product\/%e5%a0%a4%e7%b1%b3%e5%bf%83-25%e5%8f%a3%e6%9c%8d%e6%b6%b2\/\",\"name\":\"\u5824\u7c73\u5fc3-25\u53e3\u670d\u6db2 - \u5927\u5b89\u5316\u5b78\u88fd\u85e5\u80a1\u4efd\u6709\u9650\u516c\u53f8\",\"isPartOf\":{\"@id\":\"https:\/\/tahanpharma.com\/#website\"},\"primaryImageOfPage\":{\"@id\":\"https:\/\/tahanpharma.com\/product\/%e5%a0%a4%e7%b1%b3%e5%bf%83-25%e5%8f%a3%e6%9c%8d%e6%b6%b2\/#primaryimage\"},\"image\":{\"@id\":\"https:\/\/tahanpharma.com\/product\/%e5%a0%a4%e7%b1%b3%e5%bf%83-25%e5%8f%a3%e6%9c%8d%e6%b6%b2\/#primaryimage\"},\"thumbnailUrl\":\"https:\/\/tahanpharma.com\/wp-content\/uploads\/2025\/06\/\u5824\u7c73\u5fc3-25\u53e3\u670d\u6db2-01.jpg\",\"datePublished\":\"2025-06-18T08:35:52+00:00\",\"dateModified\":\"2025-06-18T08:35:53+00:00\",\"breadcrumb\":{\"@id\":\"https:\/\/tahanpharma.com\/product\/%e5%a0%a4%e7%b1%b3%e5%bf%83-25%e5%8f%a3%e6%9c%8d%e6%b6%b2\/#breadcrumb\"},\"inLanguage\":\"vi\",\"potentialAction\":[{\"@type\":\"ReadAction\",\"target\":[\"https:\/\/tahanpharma.com\/product\/%e5%a0%a4%e7%b1%b3%e5%bf%83-25%e5%8f%a3%e6%9c%8d%e6%b6%b2\/\"]}]},{\"@type\":\"ImageObject\",\"inLanguage\":\"vi\",\"@id\":\"https:\/\/tahanpharma.com\/product\/%e5%a0%a4%e7%b1%b3%e5%bf%83-25%e5%8f%a3%e6%9c%8d%e6%b6%b2\/#primaryimage\",\"url\":\"https:\/\/tahanpharma.com\/wp-content\/uploads\/2025\/06\/\u5824\u7c73\u5fc3-25\u53e3\u670d\u6db2-01.jpg\",\"contentUrl\":\"https:\/\/tahanpharma.com\/wp-content\/uploads\/2025\/06\/\u5824\u7c73\u5fc3-25\u53e3\u670d\u6db2-01.jpg\",\"width\":500,\"height\":500},{\"@type\":\"BreadcrumbList\",\"@id\":\"https:\/\/tahanpharma.com\/product\/%e5%a0%a4%e7%b1%b3%e5%bf%83-25%e5%8f%a3%e6%9c%8d%e6%b6%b2\/#breadcrumb\",\"itemListElement\":[{\"@type\":\"ListItem\",\"position\":1,\"name\":\"\u9996\u9801\",\"item\":\"https:\/\/tahanpharma.com\/\"},{\"@type\":\"ListItem\",\"position\":2,\"name\":\"\u7522\u54c1\u7c21\u4ecb\",\"item\":\"https:\/\/tahanpharma.com\/product\/\"},{\"@type\":\"ListItem\",\"position\":3,\"name\":\"\u5824\u7c73\u5fc3-25\u53e3\u670d\u6db2\"}]},{\"@type\":\"WebSite\",\"@id\":\"https:\/\/tahanpharma.com\/#website\",\"url\":\"https:\/\/tahanpharma.com\/\",\"name\":\"\u5927\u5b89\u5316\u5b78\u88fd\u85e5\u80a1\u4efd\u6709\u9650\u516c\u53f8\",\"description\":\"\u52d5\u7269\u85e5\u54c1\u88fd\u9020\",\"potentialAction\":[{\"@type\":\"SearchAction\",\"target\":{\"@type\":\"EntryPoint\",\"urlTemplate\":\"https:\/\/tahanpharma.com\/?s={search_term_string}\"},\"query-input\":{\"@type\":\"PropertyValueSpecification\",\"valueRequired\":true,\"valueName\":\"search_term_string\"}}],\"inLanguage\":\"vi\"}]}<\/script>\n<!-- \/ Yoast SEO Premium plugin. -->","yoast_head_json":{"title":"\u5824\u7c73\u5fc3-25\u53e3\u670d\u6db2 - \u5927\u5b89\u5316\u5b78\u88fd\u85e5\u80a1\u4efd\u6709\u9650\u516c\u53f8","robots":{"index":"index","follow":"follow","max-snippet":"max-snippet:-1","max-image-preview":"max-image-preview:large","max-video-preview":"max-video-preview:-1"},"canonical":"https:\/\/tahanpharma.com\/vi\/san-pham\/\u5824\u7c73\u5fc3-25\u53e3\u670d\u6db2\/","og_locale":"vi_VN","og_type":"article","og_title":"\u5824\u7c73\u5fc3-25\u53e3\u670d\u6db2","og_description":"\u85e5\u54c1\u540d \uff1a Tilmi-25 Solution \u8a31\u53ef\u8b49\u5b57\u865f \uff1a \u52d5\u7269\u85e5\u88fd\u7b2c08697\u865f \u5291\u578b \uff1a \u53e3\u670d\u6db2\u5291 \u5305\u88dd \uff1a 100ml,500ml,1L,5L,20L \u9069\u7528\u52d5\u7269 \uff1a \u8c6c \u6548\u80fd(\u9069\u61c9\u75c7) \uff1a \u8089\u8c6c\uff1a\u6cbb\u7642\u56e0Mycoplasma hyopneumoniae\u3001Pasteurella multocida\u3001Actinobacillus Pleuropneumoniae\u3001Actinomyces Pyogenes\u4ee5\u53ca\u5176\u4ed6\u5c0dTilmicosin\u5177\u611f\u53d7\u6027\u7684\u5fae\u751f\u7269\u75c5\u539f\u9ad4\u6240\u5f15\u8d77\u7684\u8c6c\u547c\u5438\u9053\u75be\u75c5\u3002 \u8089\u96de\uff1a\u6cbb\u7642\u56e0Mycoplasma gallisepticum\u3001M.synoviae\u4ee5\u53ca\u5176\u4ed6\u5c0dTilmicosin\u5177\u611f\u53d7\u6027\u7684\u5fae\u751f\u7269\u75c5\u539f\u9ad4\u6240\u5f15\u8d77\u7684\u96de\u547c\u5438\u9053\u75be\u75c5\u3002 \u6210\u4efd \uff1a Each ml contains\uff1a Tilmicosin Phosphate\u2026\u2026250mg(Pot.)","og_url":"https:\/\/tahanpharma.com\/vi\/san-pham\/\u5824\u7c73\u5fc3-25\u53e3\u670d\u6db2\/","og_site_name":"\u5927\u5b89\u5316\u5b78\u88fd\u85e5\u80a1\u4efd\u6709\u9650\u516c\u53f8","article_modified_time":"2025-06-18T08:35:53+00:00","og_image":[{"width":500,"height":500,"url":"https:\/\/tahanpharma.com\/wp-content\/uploads\/2025\/06\/\u5824\u7c73\u5fc3-25\u53e3\u670d\u6db2-01.jpg","type":"image\/jpeg"}],"twitter_card":"summary_large_image","schema":{"@context":"https:\/\/schema.org","@graph":[{"@type":"WebPage","@id":"https:\/\/tahanpharma.com\/product\/%e5%a0%a4%e7%b1%b3%e5%bf%83-25%e5%8f%a3%e6%9c%8d%e6%b6%b2\/","url":"https:\/\/tahanpharma.com\/product\/%e5%a0%a4%e7%b1%b3%e5%bf%83-25%e5%8f%a3%e6%9c%8d%e6%b6%b2\/","name":"\u5824\u7c73\u5fc3-25\u53e3\u670d\u6db2 - \u5927\u5b89\u5316\u5b78\u88fd\u85e5\u80a1\u4efd\u6709\u9650\u516c\u53f8","isPartOf":{"@id":"https:\/\/tahanpharma.com\/#website"},"primaryImageOfPage":{"@id":"https:\/\/tahanpharma.com\/product\/%e5%a0%a4%e7%b1%b3%e5%bf%83-25%e5%8f%a3%e6%9c%8d%e6%b6%b2\/#primaryimage"},"image":{"@id":"https:\/\/tahanpharma.com\/product\/%e5%a0%a4%e7%b1%b3%e5%bf%83-25%e5%8f%a3%e6%9c%8d%e6%b6%b2\/#primaryimage"},"thumbnailUrl":"https:\/\/tahanpharma.com\/wp-content\/uploads\/2025\/06\/\u5824\u7c73\u5fc3-25\u53e3\u670d\u6db2-01.jpg","datePublished":"2025-06-18T08:35:52+00:00","dateModified":"2025-06-18T08:35:53+00:00","breadcrumb":{"@id":"https:\/\/tahanpharma.com\/product\/%e5%a0%a4%e7%b1%b3%e5%bf%83-25%e5%8f%a3%e6%9c%8d%e6%b6%b2\/#breadcrumb"},"inLanguage":"vi","potentialAction":[{"@type":"ReadAction","target":["https:\/\/tahanpharma.com\/product\/%e5%a0%a4%e7%b1%b3%e5%bf%83-25%e5%8f%a3%e6%9c%8d%e6%b6%b2\/"]}]},{"@type":"ImageObject","inLanguage":"vi","@id":"https:\/\/tahanpharma.com\/product\/%e5%a0%a4%e7%b1%b3%e5%bf%83-25%e5%8f%a3%e6%9c%8d%e6%b6%b2\/#primaryimage","url":"https:\/\/tahanpharma.com\/wp-content\/uploads\/2025\/06\/\u5824\u7c73\u5fc3-25\u53e3\u670d\u6db2-01.jpg","contentUrl":"https:\/\/tahanpharma.com\/wp-content\/uploads\/2025\/06\/\u5824\u7c73\u5fc3-25\u53e3\u670d\u6db2-01.jpg","width":500,"height":500},{"@type":"BreadcrumbList","@id":"https:\/\/tahanpharma.com\/product\/%e5%a0%a4%e7%b1%b3%e5%bf%83-25%e5%8f%a3%e6%9c%8d%e6%b6%b2\/#breadcrumb","itemListElement":[{"@type":"ListItem","position":1,"name":"\u9996\u9801","item":"https:\/\/tahanpharma.com\/"},{"@type":"ListItem","position":2,"name":"\u7522\u54c1\u7c21\u4ecb","item":"https:\/\/tahanpharma.com\/product\/"},{"@type":"ListItem","position":3,"name":"\u5824\u7c73\u5fc3-25\u53e3\u670d\u6db2"}]},{"@type":"WebSite","@id":"https:\/\/tahanpharma.com\/#website","url":"https:\/\/tahanpharma.com\/","name":"\u5927\u5b89\u5316\u5b78\u88fd\u85e5\u80a1\u4efd\u6709\u9650\u516c\u53f8","description":"\u52d5\u7269\u85e5\u54c1\u88fd\u9020","potentialAction":[{"@type":"SearchAction","target":{"@type":"EntryPoint","urlTemplate":"https:\/\/tahanpharma.com\/?s={search_term_string}"},"query-input":{"@type":"PropertyValueSpecification","valueRequired":true,"valueName":"search_term_string"}}],"inLanguage":"vi"}]}},"_links":{"self":[{"href":"https:\/\/tahanpharma.com\/vi\/wp-json\/wp\/v2\/product\/2120","targetHints":{"allow":["GET"]}}],"collection":[{"href":"https:\/\/tahanpharma.com\/vi\/wp-json\/wp\/v2\/product"}],"about":[{"href":"https:\/\/tahanpharma.com\/vi\/wp-json\/wp\/v2\/types\/product"}],"replies":[{"embeddable":true,"href":"https:\/\/tahanpharma.com\/vi\/wp-json\/wp\/v2\/comments?post=2120"}],"wp:featuredmedia":[{"embeddable":true,"href":"https:\/\/tahanpharma.com\/vi\/wp-json\/wp\/v2\/media\/2121"}],"wp:attachment":[{"href":"https:\/\/tahanpharma.com\/vi\/wp-json\/wp\/v2\/media?parent=2120"}],"wp:term":[{"taxonomy":"product_brand","embeddable":true,"href":"https:\/\/tahanpharma.com\/vi\/wp-json\/wp\/v2\/product_brand?post=2120"},{"taxonomy":"product_cat","embeddable":true,"href":"https:\/\/tahanpharma.com\/vi\/wp-json\/wp\/v2\/product_cat?post=2120"},{"taxonomy":"product_tag","embeddable":true,"href":"https:\/\/tahanpharma.com\/vi\/wp-json\/wp\/v2\/product_tag?post=2120"}],"curies":[{"name":"wp","href":"https:\/\/api.w.org\/{rel}","templated":true}]}}