{"id":2122,"date":"2025-06-18T16:36:34","date_gmt":"2025-06-18T08:36:34","guid":{"rendered":"https:\/\/tahanpharma.com\/?post_type=product&#038;p=2122"},"modified":"2025-06-18T16:36:34","modified_gmt":"2025-06-18T08:36:34","slug":"%e6%98%93%e5%89%8b%e8%8f%8c%e6%b6%b2","status":"publish","type":"product","link":"https:\/\/tahanpharma.com\/vi\/san-pham\/%e6%98%93%e5%89%8b%e8%8f%8c%e6%b6%b2\/","title":{"rendered":"Ch\u1ea5t l\u1ecfng d\u1ec5 s\u1eed d\u1ee5ng"},"content":{"rendered":"<p>L\u1ee3n: Pha 0,8 ml thu\u1ed1c n\u00e0y v\u00e0o 1 l\u00edt n\u01b0\u1edbc u\u1ed1ng trong 5 ng\u00e0y li\u00ean t\u1ee5c.<\/p>\n<p>G\u00e0 th\u1ecbt: Th\u00eam 0,3 ml thu\u1ed1c n\u00e0y v\u00e0o m\u1ed9t l\u00edt n\u01b0\u1edbc u\u1ed1ng trong 3 ng\u00e0y li\u00ean ti\u1ebfp.<\/p>\n<p>Th\u1eddi gian ng\u1eebng thu\u1ed1c: 14 ng\u00e0y \u0111\u1ed1i v\u1edbi l\u1ee3n, 12 ng\u00e0y \u0111\u1ed1i v\u1edbi g\u00e0 (tr\u1eeb g\u00e0 m\u00e1i \u0111\u1ebb)<\/p>","protected":false},"excerpt":{"rendered":"<p>T\u00ean thu\u1ed1c: TICOSIN<br \/>\nS\u1ed1 gi\u1ea5y ph\u00e9p: Gi\u1ea5y ph\u00e9p thu\u1ed1c th\u00fa y s\u1ed1 08735<br \/>\nD\u1ea1ng b\u00e0o ch\u1ebf: Dung d\u1ecbch u\u1ed1ng<br \/>\n\u0110\u00f3ng g\u00f3i: 1L<br \/>\n\u0110\u1ed9ng v\u1eadt \u00e1p d\u1ee5ng: l\u1ee3n, g\u00e0<br \/>\nC\u00f4ng d\u1ee5ng (ch\u1ec9 \u0111\u1ecbnh): L\u1ee3n: \u0110i\u1ec1u tr\u1ecb nhi\u1ec5m tr\u00f9ng \u0111\u01b0\u1eddng h\u00f4 h\u1ea5p do Mycoplasma, Pasteurella v\u00e0 Actinomyces g\u00e2y ra.<br \/>\nG\u00e0 th\u1ecbt: \u0110i\u1ec1u tr\u1ecb nhi\u1ec5m tr\u00f9ng \u0111\u01b0\u1eddng h\u00f4 h\u1ea5p do Mycoplasma g\u00e2y ra.<br \/>\nTh\u00e0nh ph\u1ea7n: M\u1ed7i ml ch\u1ee9a<br \/>\nTilmicosin Phosphate t\u01b0\u01a1ng \u0111\u01b0\u01a1ng v\u1edbi Tilmicosin\u2026250mg (H\u1ed9p)<\/p>","protected":false},"featured_media":2123,"comment_status":"open","ping_status":"closed","template":"","meta":[],"product_brand":[],"product_cat":[45,77,78,49,48],"product_tag":[],"class_list":{"0":"post-2122","1":"product","2":"type-product","3":"status-publish","4":"has-post-thumbnail","6":"product_cat-45","7":"product_cat-77","8":"product_cat-78","9":"product_cat-49","10":"product_cat-48","12":"first","13":"instock","14":"shipping-taxable","15":"product-type-simple"},"yoast_head":"<!-- This site is optimized with the Yoast SEO Premium plugin v25.3.1 (Yoast SEO v25.4) - https:\/\/yoast.com\/wordpress\/plugins\/seo\/ -->\n<title>\u6613\u524b\u83cc\u6db2 - \u5927\u5b89\u5316\u5b78\u88fd\u85e5\u80a1\u4efd\u6709\u9650\u516c\u53f8<\/title>\n<meta name=\"robots\" content=\"index, follow, max-snippet:-1, max-image-preview:large, max-video-preview:-1\" \/>\n<link rel=\"canonical\" href=\"https:\/\/tahanpharma.com\/vi\/san-pham\/\u6613\u524b\u83cc\u6db2\/\" \/>\n<meta property=\"og:locale\" content=\"vi_VN\" \/>\n<meta property=\"og:type\" content=\"article\" \/>\n<meta property=\"og:title\" content=\"\u6613\u524b\u83cc\u6db2\" \/>\n<meta property=\"og:description\" content=\"\u85e5\u54c1\u540d \uff1a TICOSIN \u8a31\u53ef\u8b49\u5b57\u865f \uff1a \u52d5\u7269\u85e5\u88fd\u5b57\u7b2c08735\u865f \u5291\u578b \uff1a \u53e3\u670d\u6db2\u5291 \u5305\u88dd \uff1a 1L \u9069\u7528\u52d5\u7269 \uff1a \u8c6c\u3001\u96de \u6548\u80fd(\u9069\u61c9\u75c7) \uff1a \u8c6c\uff1a\u6cbb\u7642\u9ef4\u6f3f\u83cc\u3001\u5df4\u6c0f\u687f\u83cc\u3001\u653e\u7dda\u687f\u83cc\u6240\u5f15\u8d77\u7684\u547c\u5438\u9053\u611f\u67d3\u75c7\u3002 \u8089\u96de\uff1a\u6cbb\u7642\u9ef4\u6f3f\u83cc\u6240\u5f15\u8d77\u7684\u547c\u5438\u9053\u611f\u67d3\u75c7\u3002 \u6210\u4efd \uff1a \u6bcfml\u4e2d\u542b\u6709 Tilmicosin Phosphate eq to Tilmicosin\u2026250mg(Pot.)\" \/>\n<meta property=\"og:url\" content=\"https:\/\/tahanpharma.com\/vi\/san-pham\/\u6613\u524b\u83cc\u6db2\/\" \/>\n<meta property=\"og:site_name\" content=\"\u5927\u5b89\u5316\u5b78\u88fd\u85e5\u80a1\u4efd\u6709\u9650\u516c\u53f8\" \/>\n<meta property=\"og:image\" content=\"https:\/\/tahanpharma.com\/wp-content\/uploads\/2025\/06\/\u6613\u524b\u83cc\u6db2-01.jpg\" \/>\n\t<meta property=\"og:image:width\" content=\"500\" \/>\n\t<meta property=\"og:image:height\" content=\"500\" \/>\n\t<meta property=\"og:image:type\" content=\"image\/jpeg\" \/>\n<meta name=\"twitter:card\" content=\"summary_large_image\" \/>\n<script type=\"application\/ld+json\" class=\"yoast-schema-graph\">{\"@context\":\"https:\/\/schema.org\",\"@graph\":[{\"@type\":\"WebPage\",\"@id\":\"https:\/\/tahanpharma.com\/product\/%e6%98%93%e5%89%8b%e8%8f%8c%e6%b6%b2\/\",\"url\":\"https:\/\/tahanpharma.com\/product\/%e6%98%93%e5%89%8b%e8%8f%8c%e6%b6%b2\/\",\"name\":\"\u6613\u524b\u83cc\u6db2 - \u5927\u5b89\u5316\u5b78\u88fd\u85e5\u80a1\u4efd\u6709\u9650\u516c\u53f8\",\"isPartOf\":{\"@id\":\"https:\/\/tahanpharma.com\/#website\"},\"primaryImageOfPage\":{\"@id\":\"https:\/\/tahanpharma.com\/product\/%e6%98%93%e5%89%8b%e8%8f%8c%e6%b6%b2\/#primaryimage\"},\"image\":{\"@id\":\"https:\/\/tahanpharma.com\/product\/%e6%98%93%e5%89%8b%e8%8f%8c%e6%b6%b2\/#primaryimage\"},\"thumbnailUrl\":\"https:\/\/tahanpharma.com\/wp-content\/uploads\/2025\/06\/\u6613\u524b\u83cc\u6db2-01.jpg\",\"datePublished\":\"2025-06-18T08:36:34+00:00\",\"breadcrumb\":{\"@id\":\"https:\/\/tahanpharma.com\/product\/%e6%98%93%e5%89%8b%e8%8f%8c%e6%b6%b2\/#breadcrumb\"},\"inLanguage\":\"vi\",\"potentialAction\":[{\"@type\":\"ReadAction\",\"target\":[\"https:\/\/tahanpharma.com\/product\/%e6%98%93%e5%89%8b%e8%8f%8c%e6%b6%b2\/\"]}]},{\"@type\":\"ImageObject\",\"inLanguage\":\"vi\",\"@id\":\"https:\/\/tahanpharma.com\/product\/%e6%98%93%e5%89%8b%e8%8f%8c%e6%b6%b2\/#primaryimage\",\"url\":\"https:\/\/tahanpharma.com\/wp-content\/uploads\/2025\/06\/\u6613\u524b\u83cc\u6db2-01.jpg\",\"contentUrl\":\"https:\/\/tahanpharma.com\/wp-content\/uploads\/2025\/06\/\u6613\u524b\u83cc\u6db2-01.jpg\",\"width\":500,\"height\":500},{\"@type\":\"BreadcrumbList\",\"@id\":\"https:\/\/tahanpharma.com\/product\/%e6%98%93%e5%89%8b%e8%8f%8c%e6%b6%b2\/#breadcrumb\",\"itemListElement\":[{\"@type\":\"ListItem\",\"position\":1,\"name\":\"\u9996\u9801\",\"item\":\"https:\/\/tahanpharma.com\/\"},{\"@type\":\"ListItem\",\"position\":2,\"name\":\"\u7522\u54c1\u7c21\u4ecb\",\"item\":\"https:\/\/tahanpharma.com\/product\/\"},{\"@type\":\"ListItem\",\"position\":3,\"name\":\"\u6613\u524b\u83cc\u6db2\"}]},{\"@type\":\"WebSite\",\"@id\":\"https:\/\/tahanpharma.com\/#website\",\"url\":\"https:\/\/tahanpharma.com\/\",\"name\":\"\u5927\u5b89\u5316\u5b78\u88fd\u85e5\u80a1\u4efd\u6709\u9650\u516c\u53f8\",\"description\":\"\u52d5\u7269\u85e5\u54c1\u88fd\u9020\",\"potentialAction\":[{\"@type\":\"SearchAction\",\"target\":{\"@type\":\"EntryPoint\",\"urlTemplate\":\"https:\/\/tahanpharma.com\/?s={search_term_string}\"},\"query-input\":{\"@type\":\"PropertyValueSpecification\",\"valueRequired\":true,\"valueName\":\"search_term_string\"}}],\"inLanguage\":\"vi\"}]}<\/script>\n<!-- \/ Yoast SEO Premium plugin. -->","yoast_head_json":{"title":"\u6613\u524b\u83cc\u6db2 - \u5927\u5b89\u5316\u5b78\u88fd\u85e5\u80a1\u4efd\u6709\u9650\u516c\u53f8","robots":{"index":"index","follow":"follow","max-snippet":"max-snippet:-1","max-image-preview":"max-image-preview:large","max-video-preview":"max-video-preview:-1"},"canonical":"https:\/\/tahanpharma.com\/vi\/san-pham\/\u6613\u524b\u83cc\u6db2\/","og_locale":"vi_VN","og_type":"article","og_title":"\u6613\u524b\u83cc\u6db2","og_description":"\u85e5\u54c1\u540d \uff1a TICOSIN \u8a31\u53ef\u8b49\u5b57\u865f \uff1a \u52d5\u7269\u85e5\u88fd\u5b57\u7b2c08735\u865f \u5291\u578b \uff1a \u53e3\u670d\u6db2\u5291 \u5305\u88dd \uff1a 1L \u9069\u7528\u52d5\u7269 \uff1a \u8c6c\u3001\u96de \u6548\u80fd(\u9069\u61c9\u75c7) \uff1a \u8c6c\uff1a\u6cbb\u7642\u9ef4\u6f3f\u83cc\u3001\u5df4\u6c0f\u687f\u83cc\u3001\u653e\u7dda\u687f\u83cc\u6240\u5f15\u8d77\u7684\u547c\u5438\u9053\u611f\u67d3\u75c7\u3002 \u8089\u96de\uff1a\u6cbb\u7642\u9ef4\u6f3f\u83cc\u6240\u5f15\u8d77\u7684\u547c\u5438\u9053\u611f\u67d3\u75c7\u3002 \u6210\u4efd \uff1a \u6bcfml\u4e2d\u542b\u6709 Tilmicosin Phosphate eq to Tilmicosin\u2026250mg(Pot.)","og_url":"https:\/\/tahanpharma.com\/vi\/san-pham\/\u6613\u524b\u83cc\u6db2\/","og_site_name":"\u5927\u5b89\u5316\u5b78\u88fd\u85e5\u80a1\u4efd\u6709\u9650\u516c\u53f8","og_image":[{"width":500,"height":500,"url":"https:\/\/tahanpharma.com\/wp-content\/uploads\/2025\/06\/\u6613\u524b\u83cc\u6db2-01.jpg","type":"image\/jpeg"}],"twitter_card":"summary_large_image","schema":{"@context":"https:\/\/schema.org","@graph":[{"@type":"WebPage","@id":"https:\/\/tahanpharma.com\/product\/%e6%98%93%e5%89%8b%e8%8f%8c%e6%b6%b2\/","url":"https:\/\/tahanpharma.com\/product\/%e6%98%93%e5%89%8b%e8%8f%8c%e6%b6%b2\/","name":"\u6613\u524b\u83cc\u6db2 - \u5927\u5b89\u5316\u5b78\u88fd\u85e5\u80a1\u4efd\u6709\u9650\u516c\u53f8","isPartOf":{"@id":"https:\/\/tahanpharma.com\/#website"},"primaryImageOfPage":{"@id":"https:\/\/tahanpharma.com\/product\/%e6%98%93%e5%89%8b%e8%8f%8c%e6%b6%b2\/#primaryimage"},"image":{"@id":"https:\/\/tahanpharma.com\/product\/%e6%98%93%e5%89%8b%e8%8f%8c%e6%b6%b2\/#primaryimage"},"thumbnailUrl":"https:\/\/tahanpharma.com\/wp-content\/uploads\/2025\/06\/\u6613\u524b\u83cc\u6db2-01.jpg","datePublished":"2025-06-18T08:36:34+00:00","breadcrumb":{"@id":"https:\/\/tahanpharma.com\/product\/%e6%98%93%e5%89%8b%e8%8f%8c%e6%b6%b2\/#breadcrumb"},"inLanguage":"vi","potentialAction":[{"@type":"ReadAction","target":["https:\/\/tahanpharma.com\/product\/%e6%98%93%e5%89%8b%e8%8f%8c%e6%b6%b2\/"]}]},{"@type":"ImageObject","inLanguage":"vi","@id":"https:\/\/tahanpharma.com\/product\/%e6%98%93%e5%89%8b%e8%8f%8c%e6%b6%b2\/#primaryimage","url":"https:\/\/tahanpharma.com\/wp-content\/uploads\/2025\/06\/\u6613\u524b\u83cc\u6db2-01.jpg","contentUrl":"https:\/\/tahanpharma.com\/wp-content\/uploads\/2025\/06\/\u6613\u524b\u83cc\u6db2-01.jpg","width":500,"height":500},{"@type":"BreadcrumbList","@id":"https:\/\/tahanpharma.com\/product\/%e6%98%93%e5%89%8b%e8%8f%8c%e6%b6%b2\/#breadcrumb","itemListElement":[{"@type":"ListItem","position":1,"name":"\u9996\u9801","item":"https:\/\/tahanpharma.com\/"},{"@type":"ListItem","position":2,"name":"\u7522\u54c1\u7c21\u4ecb","item":"https:\/\/tahanpharma.com\/product\/"},{"@type":"ListItem","position":3,"name":"\u6613\u524b\u83cc\u6db2"}]},{"@type":"WebSite","@id":"https:\/\/tahanpharma.com\/#website","url":"https:\/\/tahanpharma.com\/","name":"\u5927\u5b89\u5316\u5b78\u88fd\u85e5\u80a1\u4efd\u6709\u9650\u516c\u53f8","description":"\u52d5\u7269\u85e5\u54c1\u88fd\u9020","potentialAction":[{"@type":"SearchAction","target":{"@type":"EntryPoint","urlTemplate":"https:\/\/tahanpharma.com\/?s={search_term_string}"},"query-input":{"@type":"PropertyValueSpecification","valueRequired":true,"valueName":"search_term_string"}}],"inLanguage":"vi"}]}},"_links":{"self":[{"href":"https:\/\/tahanpharma.com\/vi\/wp-json\/wp\/v2\/product\/2122","targetHints":{"allow":["GET"]}}],"collection":[{"href":"https:\/\/tahanpharma.com\/vi\/wp-json\/wp\/v2\/product"}],"about":[{"href":"https:\/\/tahanpharma.com\/vi\/wp-json\/wp\/v2\/types\/product"}],"replies":[{"embeddable":true,"href":"https:\/\/tahanpharma.com\/vi\/wp-json\/wp\/v2\/comments?post=2122"}],"wp:featuredmedia":[{"embeddable":true,"href":"https:\/\/tahanpharma.com\/vi\/wp-json\/wp\/v2\/media\/2123"}],"wp:attachment":[{"href":"https:\/\/tahanpharma.com\/vi\/wp-json\/wp\/v2\/media?parent=2122"}],"wp:term":[{"taxonomy":"product_brand","embeddable":true,"href":"https:\/\/tahanpharma.com\/vi\/wp-json\/wp\/v2\/product_brand?post=2122"},{"taxonomy":"product_cat","embeddable":true,"href":"https:\/\/tahanpharma.com\/vi\/wp-json\/wp\/v2\/product_cat?post=2122"},{"taxonomy":"product_tag","embeddable":true,"href":"https:\/\/tahanpharma.com\/vi\/wp-json\/wp\/v2\/product_tag?post=2122"}],"curies":[{"name":"wp","href":"https:\/\/api.w.org\/{rel}","templated":true}]}}