{"id":2127,"date":"2025-06-18T16:38:11","date_gmt":"2025-06-18T08:38:11","guid":{"rendered":"https:\/\/tahanpharma.com\/?post_type=product&#038;p=2127"},"modified":"2025-06-18T16:38:11","modified_gmt":"2025-06-18T08:38:11","slug":"%e5%ae%8f%e5%a4%aa%e6%a8%82%e6%98%9f-%e5%8f%a3%e6%9c%8d%e6%b6%b2","status":"publish","type":"product","link":"https:\/\/tahanpharma.com\/vi\/san-pham\/%e5%ae%8f%e5%a4%aa%e6%a8%82%e6%98%9f-%e5%8f%a3%e6%9c%8d%e6%b6%b2\/","title":{"rendered":"Dung d\u1ecbch u\u1ed1ng Hongtai Lexing"},"content":{"rendered":"<p>G\u00e0 v\u00e0 g\u00e0 t\u00e2y: Th\u00eam 250 ml thu\u1ed1c n\u00e0y v\u00e0o m\u1ed7i 100 l\u00edt n\u01b0\u1edbc u\u1ed1ng ho\u1eb7c 12,5 ml thu\u1ed1c n\u00e0y v\u00e0o m\u1ed7i 100 kg tr\u1ecdng l\u01b0\u1ee3ng c\u01a1 th\u1ec3 trong 3 ng\u00e0y.<\/p>\n<p>L\u1ee3n: D\u00f9ng 2 ml\/100 kg th\u1ec3 tr\u1ecdng trong 3 ng\u00e0y.<\/p>\n<p>Th\u1eddi gian r\u00fat ti\u1ec1n: 3 ng\u00e0y.<\/p>","protected":false},"excerpt":{"rendered":"<p>T\u00ean thu\u1ed1c: HONTYLOSIN SOLUTION<br \/>\nS\u1ed1 gi\u1ea5y ph\u00e9p: Gi\u1ea5y ph\u00e9p thu\u1ed1c th\u00fa y s\u1ed1 09228<br \/>\nD\u1ea1ng b\u00e0o ch\u1ebf: Dung d\u1ecbch u\u1ed1ng<br \/>\n\u0110\u00f3ng g\u00f3i: 2L<br \/>\n\u0110\u1ed9ng v\u1eadt \u00e1p d\u1ee5ng: g\u00e0, g\u00e0 t\u00e2y, l\u1ee3n<br \/>\nHi\u1ec7u qu\u1ea3 (ch\u1ec9 \u0111\u1ecbnh): G\u00e0, g\u00e0 t\u00e2y: \u0111i\u1ec1u tr\u1ecb b\u1ec7nh h\u00f4 h\u1ea5p m\u00e3n t\u00ednh.<br \/>\nL\u1ee3n: \u0110i\u1ec1u tr\u1ecb vi\u00eam ru\u1ed9t ho\u1ea1i t\u1eed v\u00e0 vi\u00eam ph\u1ed5i truy\u1ec1n nhi\u1ec5m.<br \/>\nTh\u00e0nh ph\u1ea7n: M\u1ed7i ml ch\u1ee9a<br \/>\nTylosin Tartrate\u2026200mg (H\u1ed9p)<\/p>","protected":false},"featured_media":2128,"comment_status":"open","ping_status":"closed","template":"","meta":[],"product_brand":[],"product_cat":[45,77,78,49,48],"product_tag":[],"class_list":{"0":"post-2127","1":"product","2":"type-product","3":"status-publish","4":"has-post-thumbnail","6":"product_cat-45","7":"product_cat-77","8":"product_cat-78","9":"product_cat-49","10":"product_cat-48","12":"first","13":"instock","14":"shipping-taxable","15":"product-type-simple"},"yoast_head":"<!-- This site is optimized with the Yoast SEO Premium plugin v25.3.1 (Yoast SEO v25.4) - https:\/\/yoast.com\/wordpress\/plugins\/seo\/ -->\n<title>\u5b8f\u592a\u6a02\u661f \u53e3\u670d\u6db2 - \u5927\u5b89\u5316\u5b78\u88fd\u85e5\u80a1\u4efd\u6709\u9650\u516c\u53f8<\/title>\n<meta name=\"robots\" content=\"index, follow, max-snippet:-1, max-image-preview:large, max-video-preview:-1\" \/>\n<link rel=\"canonical\" href=\"https:\/\/tahanpharma.com\/vi\/san-pham\/\u5b8f\u592a\u6a02\u661f-\u53e3\u670d\u6db2\/\" \/>\n<meta property=\"og:locale\" content=\"vi_VN\" \/>\n<meta property=\"og:type\" content=\"article\" \/>\n<meta property=\"og:title\" content=\"\u5b8f\u592a\u6a02\u661f \u53e3\u670d\u6db2\" \/>\n<meta property=\"og:description\" content=\"\u85e5\u54c1\u540d \uff1a HONTYLOSIN SOLUTION \u8a31\u53ef\u8b49\u5b57\u865f \uff1a \u52d5\u7269\u85e5\u88fd\u5b57\u7b2c09228\u865f \u5291\u578b \uff1a \u53e3\u670d\u6db2\u5291 \u5305\u88dd \uff1a 2L \u9069\u7528\u52d5\u7269 \uff1a \u96de\u3001\u706b\u96de\u3001\u8c6c \u6548\u80fd(\u9069\u61c9\u75c7) \uff1a \u96de\u3001\u706b\u96de\uff1a\u6cbb\u7642\u6162\u6027\u547c\u5438\u5668\u75c5\u3002 \u8c6c\uff1a\u6cbb\u7642\u58de\u6b7b\u6027\u8178\u708e\u8207\u50b3\u67d3\u6027\u80ba\u708e\u3002 \u6210\u4efd \uff1a \u6bcfml\u4e2d\u542b\u6709 Tylosin Tartrate\u2026200mg(Pot.)\" \/>\n<meta property=\"og:url\" content=\"https:\/\/tahanpharma.com\/vi\/san-pham\/\u5b8f\u592a\u6a02\u661f-\u53e3\u670d\u6db2\/\" \/>\n<meta property=\"og:site_name\" content=\"\u5927\u5b89\u5316\u5b78\u88fd\u85e5\u80a1\u4efd\u6709\u9650\u516c\u53f8\" \/>\n<meta property=\"og:image\" content=\"https:\/\/tahanpharma.com\/wp-content\/uploads\/2025\/06\/\u5b8f\u592a\u6a02\u661f-\u53e3\u670d\u6db2-01.jpg\" \/>\n\t<meta property=\"og:image:width\" content=\"500\" \/>\n\t<meta property=\"og:image:height\" content=\"500\" \/>\n\t<meta property=\"og:image:type\" content=\"image\/jpeg\" \/>\n<meta name=\"twitter:card\" content=\"summary_large_image\" \/>\n<script type=\"application\/ld+json\" class=\"yoast-schema-graph\">{\"@context\":\"https:\/\/schema.org\",\"@graph\":[{\"@type\":\"WebPage\",\"@id\":\"https:\/\/tahanpharma.com\/product\/%e5%ae%8f%e5%a4%aa%e6%a8%82%e6%98%9f-%e5%8f%a3%e6%9c%8d%e6%b6%b2\/\",\"url\":\"https:\/\/tahanpharma.com\/product\/%e5%ae%8f%e5%a4%aa%e6%a8%82%e6%98%9f-%e5%8f%a3%e6%9c%8d%e6%b6%b2\/\",\"name\":\"\u5b8f\u592a\u6a02\u661f \u53e3\u670d\u6db2 - \u5927\u5b89\u5316\u5b78\u88fd\u85e5\u80a1\u4efd\u6709\u9650\u516c\u53f8\",\"isPartOf\":{\"@id\":\"https:\/\/tahanpharma.com\/#website\"},\"primaryImageOfPage\":{\"@id\":\"https:\/\/tahanpharma.com\/product\/%e5%ae%8f%e5%a4%aa%e6%a8%82%e6%98%9f-%e5%8f%a3%e6%9c%8d%e6%b6%b2\/#primaryimage\"},\"image\":{\"@id\":\"https:\/\/tahanpharma.com\/product\/%e5%ae%8f%e5%a4%aa%e6%a8%82%e6%98%9f-%e5%8f%a3%e6%9c%8d%e6%b6%b2\/#primaryimage\"},\"thumbnailUrl\":\"https:\/\/tahanpharma.com\/wp-content\/uploads\/2025\/06\/\u5b8f\u592a\u6a02\u661f-\u53e3\u670d\u6db2-01.jpg\",\"datePublished\":\"2025-06-18T08:38:11+00:00\",\"breadcrumb\":{\"@id\":\"https:\/\/tahanpharma.com\/product\/%e5%ae%8f%e5%a4%aa%e6%a8%82%e6%98%9f-%e5%8f%a3%e6%9c%8d%e6%b6%b2\/#breadcrumb\"},\"inLanguage\":\"vi\",\"potentialAction\":[{\"@type\":\"ReadAction\",\"target\":[\"https:\/\/tahanpharma.com\/product\/%e5%ae%8f%e5%a4%aa%e6%a8%82%e6%98%9f-%e5%8f%a3%e6%9c%8d%e6%b6%b2\/\"]}]},{\"@type\":\"ImageObject\",\"inLanguage\":\"vi\",\"@id\":\"https:\/\/tahanpharma.com\/product\/%e5%ae%8f%e5%a4%aa%e6%a8%82%e6%98%9f-%e5%8f%a3%e6%9c%8d%e6%b6%b2\/#primaryimage\",\"url\":\"https:\/\/tahanpharma.com\/wp-content\/uploads\/2025\/06\/\u5b8f\u592a\u6a02\u661f-\u53e3\u670d\u6db2-01.jpg\",\"contentUrl\":\"https:\/\/tahanpharma.com\/wp-content\/uploads\/2025\/06\/\u5b8f\u592a\u6a02\u661f-\u53e3\u670d\u6db2-01.jpg\",\"width\":500,\"height\":500},{\"@type\":\"BreadcrumbList\",\"@id\":\"https:\/\/tahanpharma.com\/product\/%e5%ae%8f%e5%a4%aa%e6%a8%82%e6%98%9f-%e5%8f%a3%e6%9c%8d%e6%b6%b2\/#breadcrumb\",\"itemListElement\":[{\"@type\":\"ListItem\",\"position\":1,\"name\":\"\u9996\u9801\",\"item\":\"https:\/\/tahanpharma.com\/\"},{\"@type\":\"ListItem\",\"position\":2,\"name\":\"\u7522\u54c1\u7c21\u4ecb\",\"item\":\"https:\/\/tahanpharma.com\/product\/\"},{\"@type\":\"ListItem\",\"position\":3,\"name\":\"\u5b8f\u592a\u6a02\u661f \u53e3\u670d\u6db2\"}]},{\"@type\":\"WebSite\",\"@id\":\"https:\/\/tahanpharma.com\/#website\",\"url\":\"https:\/\/tahanpharma.com\/\",\"name\":\"\u5927\u5b89\u5316\u5b78\u88fd\u85e5\u80a1\u4efd\u6709\u9650\u516c\u53f8\",\"description\":\"\u52d5\u7269\u85e5\u54c1\u88fd\u9020\",\"potentialAction\":[{\"@type\":\"SearchAction\",\"target\":{\"@type\":\"EntryPoint\",\"urlTemplate\":\"https:\/\/tahanpharma.com\/?s={search_term_string}\"},\"query-input\":{\"@type\":\"PropertyValueSpecification\",\"valueRequired\":true,\"valueName\":\"search_term_string\"}}],\"inLanguage\":\"vi\"}]}<\/script>\n<!-- \/ Yoast SEO Premium plugin. -->","yoast_head_json":{"title":"\u5b8f\u592a\u6a02\u661f \u53e3\u670d\u6db2 - \u5927\u5b89\u5316\u5b78\u88fd\u85e5\u80a1\u4efd\u6709\u9650\u516c\u53f8","robots":{"index":"index","follow":"follow","max-snippet":"max-snippet:-1","max-image-preview":"max-image-preview:large","max-video-preview":"max-video-preview:-1"},"canonical":"https:\/\/tahanpharma.com\/vi\/san-pham\/\u5b8f\u592a\u6a02\u661f-\u53e3\u670d\u6db2\/","og_locale":"vi_VN","og_type":"article","og_title":"\u5b8f\u592a\u6a02\u661f \u53e3\u670d\u6db2","og_description":"\u85e5\u54c1\u540d \uff1a HONTYLOSIN SOLUTION \u8a31\u53ef\u8b49\u5b57\u865f \uff1a \u52d5\u7269\u85e5\u88fd\u5b57\u7b2c09228\u865f \u5291\u578b \uff1a \u53e3\u670d\u6db2\u5291 \u5305\u88dd \uff1a 2L \u9069\u7528\u52d5\u7269 \uff1a \u96de\u3001\u706b\u96de\u3001\u8c6c \u6548\u80fd(\u9069\u61c9\u75c7) \uff1a \u96de\u3001\u706b\u96de\uff1a\u6cbb\u7642\u6162\u6027\u547c\u5438\u5668\u75c5\u3002 \u8c6c\uff1a\u6cbb\u7642\u58de\u6b7b\u6027\u8178\u708e\u8207\u50b3\u67d3\u6027\u80ba\u708e\u3002 \u6210\u4efd \uff1a \u6bcfml\u4e2d\u542b\u6709 Tylosin Tartrate\u2026200mg(Pot.)","og_url":"https:\/\/tahanpharma.com\/vi\/san-pham\/\u5b8f\u592a\u6a02\u661f-\u53e3\u670d\u6db2\/","og_site_name":"\u5927\u5b89\u5316\u5b78\u88fd\u85e5\u80a1\u4efd\u6709\u9650\u516c\u53f8","og_image":[{"width":500,"height":500,"url":"https:\/\/tahanpharma.com\/wp-content\/uploads\/2025\/06\/\u5b8f\u592a\u6a02\u661f-\u53e3\u670d\u6db2-01.jpg","type":"image\/jpeg"}],"twitter_card":"summary_large_image","schema":{"@context":"https:\/\/schema.org","@graph":[{"@type":"WebPage","@id":"https:\/\/tahanpharma.com\/product\/%e5%ae%8f%e5%a4%aa%e6%a8%82%e6%98%9f-%e5%8f%a3%e6%9c%8d%e6%b6%b2\/","url":"https:\/\/tahanpharma.com\/product\/%e5%ae%8f%e5%a4%aa%e6%a8%82%e6%98%9f-%e5%8f%a3%e6%9c%8d%e6%b6%b2\/","name":"\u5b8f\u592a\u6a02\u661f \u53e3\u670d\u6db2 - \u5927\u5b89\u5316\u5b78\u88fd\u85e5\u80a1\u4efd\u6709\u9650\u516c\u53f8","isPartOf":{"@id":"https:\/\/tahanpharma.com\/#website"},"primaryImageOfPage":{"@id":"https:\/\/tahanpharma.com\/product\/%e5%ae%8f%e5%a4%aa%e6%a8%82%e6%98%9f-%e5%8f%a3%e6%9c%8d%e6%b6%b2\/#primaryimage"},"image":{"@id":"https:\/\/tahanpharma.com\/product\/%e5%ae%8f%e5%a4%aa%e6%a8%82%e6%98%9f-%e5%8f%a3%e6%9c%8d%e6%b6%b2\/#primaryimage"},"thumbnailUrl":"https:\/\/tahanpharma.com\/wp-content\/uploads\/2025\/06\/\u5b8f\u592a\u6a02\u661f-\u53e3\u670d\u6db2-01.jpg","datePublished":"2025-06-18T08:38:11+00:00","breadcrumb":{"@id":"https:\/\/tahanpharma.com\/product\/%e5%ae%8f%e5%a4%aa%e6%a8%82%e6%98%9f-%e5%8f%a3%e6%9c%8d%e6%b6%b2\/#breadcrumb"},"inLanguage":"vi","potentialAction":[{"@type":"ReadAction","target":["https:\/\/tahanpharma.com\/product\/%e5%ae%8f%e5%a4%aa%e6%a8%82%e6%98%9f-%e5%8f%a3%e6%9c%8d%e6%b6%b2\/"]}]},{"@type":"ImageObject","inLanguage":"vi","@id":"https:\/\/tahanpharma.com\/product\/%e5%ae%8f%e5%a4%aa%e6%a8%82%e6%98%9f-%e5%8f%a3%e6%9c%8d%e6%b6%b2\/#primaryimage","url":"https:\/\/tahanpharma.com\/wp-content\/uploads\/2025\/06\/\u5b8f\u592a\u6a02\u661f-\u53e3\u670d\u6db2-01.jpg","contentUrl":"https:\/\/tahanpharma.com\/wp-content\/uploads\/2025\/06\/\u5b8f\u592a\u6a02\u661f-\u53e3\u670d\u6db2-01.jpg","width":500,"height":500},{"@type":"BreadcrumbList","@id":"https:\/\/tahanpharma.com\/product\/%e5%ae%8f%e5%a4%aa%e6%a8%82%e6%98%9f-%e5%8f%a3%e6%9c%8d%e6%b6%b2\/#breadcrumb","itemListElement":[{"@type":"ListItem","position":1,"name":"\u9996\u9801","item":"https:\/\/tahanpharma.com\/"},{"@type":"ListItem","position":2,"name":"\u7522\u54c1\u7c21\u4ecb","item":"https:\/\/tahanpharma.com\/product\/"},{"@type":"ListItem","position":3,"name":"\u5b8f\u592a\u6a02\u661f \u53e3\u670d\u6db2"}]},{"@type":"WebSite","@id":"https:\/\/tahanpharma.com\/#website","url":"https:\/\/tahanpharma.com\/","name":"\u5927\u5b89\u5316\u5b78\u88fd\u85e5\u80a1\u4efd\u6709\u9650\u516c\u53f8","description":"\u52d5\u7269\u85e5\u54c1\u88fd\u9020","potentialAction":[{"@type":"SearchAction","target":{"@type":"EntryPoint","urlTemplate":"https:\/\/tahanpharma.com\/?s={search_term_string}"},"query-input":{"@type":"PropertyValueSpecification","valueRequired":true,"valueName":"search_term_string"}}],"inLanguage":"vi"}]}},"_links":{"self":[{"href":"https:\/\/tahanpharma.com\/vi\/wp-json\/wp\/v2\/product\/2127","targetHints":{"allow":["GET"]}}],"collection":[{"href":"https:\/\/tahanpharma.com\/vi\/wp-json\/wp\/v2\/product"}],"about":[{"href":"https:\/\/tahanpharma.com\/vi\/wp-json\/wp\/v2\/types\/product"}],"replies":[{"embeddable":true,"href":"https:\/\/tahanpharma.com\/vi\/wp-json\/wp\/v2\/comments?post=2127"}],"wp:featuredmedia":[{"embeddable":true,"href":"https:\/\/tahanpharma.com\/vi\/wp-json\/wp\/v2\/media\/2128"}],"wp:attachment":[{"href":"https:\/\/tahanpharma.com\/vi\/wp-json\/wp\/v2\/media?parent=2127"}],"wp:term":[{"taxonomy":"product_brand","embeddable":true,"href":"https:\/\/tahanpharma.com\/vi\/wp-json\/wp\/v2\/product_brand?post=2127"},{"taxonomy":"product_cat","embeddable":true,"href":"https:\/\/tahanpharma.com\/vi\/wp-json\/wp\/v2\/product_cat?post=2127"},{"taxonomy":"product_tag","embeddable":true,"href":"https:\/\/tahanpharma.com\/vi\/wp-json\/wp\/v2\/product_tag?post=2127"}],"curies":[{"name":"wp","href":"https:\/\/api.w.org\/{rel}","templated":true}]}}