{"id":2129,"date":"2025-06-18T16:52:08","date_gmt":"2025-06-18T08:52:08","guid":{"rendered":"https:\/\/tahanpharma.com\/?post_type=product&#038;p=2129"},"modified":"2025-06-18T16:52:08","modified_gmt":"2025-06-18T08:52:08","slug":"%e5%85%83%e8%a3%9c%e8%83%bd-k-%e6%b0%b4%e6%ba%b6%e7%b2%89","status":"publish","type":"product","link":"https:\/\/tahanpharma.com\/vi\/san-pham\/%e5%85%83%e8%a3%9c%e8%83%bd-k-%e6%b0%b4%e6%ba%b6%e7%b2%89\/","title":{"rendered":"B\u1ed9t h\u00f2a tan trong n\u01b0\u1edbc Yuanbu Neng-K"},"content":{"rendered":"<p>Thu\u1ed1c n\u00e0y \u0111\u01b0\u1ee3c h\u00f2a tan trong n\u01b0\u1edbc (10g \u0111\u1ebfn 10 l\u00edt) \u0111\u1ec3 u\u1ed1ng. Thu\u1ed1c n\u00e0y c\u00f3 th\u1ec3 \u0111\u01b0\u1ee3c d\u00f9ng v\u1edbi s\u1ed1 l\u01b0\u1ee3ng l\u1edbn ho\u1eb7c s\u1eed d\u1ee5ng trong th\u1eddi gian d\u00e0i.<\/p>","protected":false},"excerpt":{"rendered":"<p>T\u00ean thu\u1ed1c: AMPROLIUM WATER SOLUBLE<br \/>\nS\u1ed1 gi\u1ea5y ph\u00e9p: Gi\u1ea5y ph\u00e9p thu\u1ed1c th\u00fa y s\u1ed1 04223<br \/>\nD\u1ea1ng b\u00e0o ch\u1ebf: B\u1ed9t (d\u00f9ng u\u1ed1ng)<br \/>\n\u0110\u00f3ng g\u00f3i: 1kg<br \/>\n\u0110\u1ed9ng v\u1eadt \u00e1p d\u1ee5ng: G\u00e0<br \/>\nC\u00f4ng d\u1ee5ng (Ch\u1ec9 \u0111\u1ecbnh): G\u00e0: Ph\u00f2ng v\u00e0 tr\u1ecb b\u1ec7nh c\u1ea7u tr\u00f9ng v\u00e0 xu\u1ea5t huy\u1ebft.<br \/>\nTh\u00e0nh ph\u1ea7n: M\u1ed7i gm ch\u1ee9a<br \/>\nAmprolium HCl\u2026\u2026\u2026\u2026200mg<br \/>\nVitamin K3 (d\u01b0\u1edbi d\u1ea1ng Natri Bisulfit)\u2026\u202625mg<\/p>","protected":false},"featured_media":2130,"comment_status":"open","ping_status":"closed","template":"","meta":[],"product_brand":[],"product_cat":[45,49,72],"product_tag":[],"class_list":{"0":"post-2129","1":"product","2":"type-product","3":"status-publish","4":"has-post-thumbnail","6":"product_cat-45","7":"product_cat-49","8":"product_cat-72","10":"first","11":"instock","12":"shipping-taxable","13":"product-type-simple"},"yoast_head":"<!-- This site is optimized with the Yoast SEO Premium plugin v25.3.1 (Yoast SEO v25.4) - https:\/\/yoast.com\/wordpress\/plugins\/seo\/ -->\n<title>\u5143\u88dc\u80fd-K \u6c34\u6eb6\u7c89 - \u5927\u5b89\u5316\u5b78\u88fd\u85e5\u80a1\u4efd\u6709\u9650\u516c\u53f8<\/title>\n<meta name=\"robots\" content=\"index, follow, max-snippet:-1, max-image-preview:large, max-video-preview:-1\" \/>\n<link rel=\"canonical\" href=\"https:\/\/tahanpharma.com\/vi\/san-pham\/\u5143\u88dc\u80fd-k-\u6c34\u6eb6\u7c89\/\" \/>\n<meta property=\"og:locale\" content=\"vi_VN\" \/>\n<meta property=\"og:type\" content=\"article\" \/>\n<meta property=\"og:title\" content=\"\u5143\u88dc\u80fd-K \u6c34\u6eb6\u7c89\" \/>\n<meta property=\"og:description\" content=\"\u85e5\u54c1\u540d \uff1a AMPROLIUM WATER SOLUBLE \u8a31\u53ef\u8b49\u5b57\u865f \uff1a \u52d5\u7269\u85e5\u88fd\u5b57\u7b2c04223\u865f \u5291\u578b \uff1a \u6563\u5291(\u5167\u7528) \u5305\u88dd \uff1a 1kg \u9069\u7528\u52d5\u7269 \uff1a \u96de \u6548\u80fd(\u9069\u61c9\u75c7) \uff1a \u96de\uff1a\u9810\u9632\u53ca\u6cbb\u7642\u7403\u87f2\u75c5\u3001\u51fa\u8840\u6027\u75be\u60a3\u3002 \u6210\u4efd \uff1a \u6bcfgm\u4e2d\u542b\u6709 Amprolium HCl \u2026\u2026\u2026\u2026200mg Vitamin K3(as Sodium Bisulfite)\u2026\u202625mg\" \/>\n<meta property=\"og:url\" content=\"https:\/\/tahanpharma.com\/vi\/san-pham\/\u5143\u88dc\u80fd-k-\u6c34\u6eb6\u7c89\/\" \/>\n<meta property=\"og:site_name\" content=\"\u5927\u5b89\u5316\u5b78\u88fd\u85e5\u80a1\u4efd\u6709\u9650\u516c\u53f8\" \/>\n<meta property=\"og:image\" content=\"https:\/\/tahanpharma.com\/wp-content\/uploads\/2025\/06\/\u5143\u88dc\u80fd-K-\u6c34\u6eb6\u7c89-01.jpg\" \/>\n\t<meta property=\"og:image:width\" content=\"500\" \/>\n\t<meta property=\"og:image:height\" content=\"500\" \/>\n\t<meta property=\"og:image:type\" content=\"image\/jpeg\" \/>\n<meta name=\"twitter:card\" content=\"summary_large_image\" \/>\n<script type=\"application\/ld+json\" class=\"yoast-schema-graph\">{\"@context\":\"https:\/\/schema.org\",\"@graph\":[{\"@type\":\"WebPage\",\"@id\":\"https:\/\/tahanpharma.com\/product\/%e5%85%83%e8%a3%9c%e8%83%bd-k-%e6%b0%b4%e6%ba%b6%e7%b2%89\/\",\"url\":\"https:\/\/tahanpharma.com\/product\/%e5%85%83%e8%a3%9c%e8%83%bd-k-%e6%b0%b4%e6%ba%b6%e7%b2%89\/\",\"name\":\"\u5143\u88dc\u80fd-K \u6c34\u6eb6\u7c89 - \u5927\u5b89\u5316\u5b78\u88fd\u85e5\u80a1\u4efd\u6709\u9650\u516c\u53f8\",\"isPartOf\":{\"@id\":\"https:\/\/tahanpharma.com\/#website\"},\"primaryImageOfPage\":{\"@id\":\"https:\/\/tahanpharma.com\/product\/%e5%85%83%e8%a3%9c%e8%83%bd-k-%e6%b0%b4%e6%ba%b6%e7%b2%89\/#primaryimage\"},\"image\":{\"@id\":\"https:\/\/tahanpharma.com\/product\/%e5%85%83%e8%a3%9c%e8%83%bd-k-%e6%b0%b4%e6%ba%b6%e7%b2%89\/#primaryimage\"},\"thumbnailUrl\":\"https:\/\/tahanpharma.com\/wp-content\/uploads\/2025\/06\/\u5143\u88dc\u80fd-K-\u6c34\u6eb6\u7c89-01.jpg\",\"datePublished\":\"2025-06-18T08:52:08+00:00\",\"breadcrumb\":{\"@id\":\"https:\/\/tahanpharma.com\/product\/%e5%85%83%e8%a3%9c%e8%83%bd-k-%e6%b0%b4%e6%ba%b6%e7%b2%89\/#breadcrumb\"},\"inLanguage\":\"vi\",\"potentialAction\":[{\"@type\":\"ReadAction\",\"target\":[\"https:\/\/tahanpharma.com\/product\/%e5%85%83%e8%a3%9c%e8%83%bd-k-%e6%b0%b4%e6%ba%b6%e7%b2%89\/\"]}]},{\"@type\":\"ImageObject\",\"inLanguage\":\"vi\",\"@id\":\"https:\/\/tahanpharma.com\/product\/%e5%85%83%e8%a3%9c%e8%83%bd-k-%e6%b0%b4%e6%ba%b6%e7%b2%89\/#primaryimage\",\"url\":\"https:\/\/tahanpharma.com\/wp-content\/uploads\/2025\/06\/\u5143\u88dc\u80fd-K-\u6c34\u6eb6\u7c89-01.jpg\",\"contentUrl\":\"https:\/\/tahanpharma.com\/wp-content\/uploads\/2025\/06\/\u5143\u88dc\u80fd-K-\u6c34\u6eb6\u7c89-01.jpg\",\"width\":500,\"height\":500},{\"@type\":\"BreadcrumbList\",\"@id\":\"https:\/\/tahanpharma.com\/product\/%e5%85%83%e8%a3%9c%e8%83%bd-k-%e6%b0%b4%e6%ba%b6%e7%b2%89\/#breadcrumb\",\"itemListElement\":[{\"@type\":\"ListItem\",\"position\":1,\"name\":\"\u9996\u9801\",\"item\":\"https:\/\/tahanpharma.com\/\"},{\"@type\":\"ListItem\",\"position\":2,\"name\":\"\u7522\u54c1\u7c21\u4ecb\",\"item\":\"https:\/\/tahanpharma.com\/product\/\"},{\"@type\":\"ListItem\",\"position\":3,\"name\":\"\u5143\u88dc\u80fd-K \u6c34\u6eb6\u7c89\"}]},{\"@type\":\"WebSite\",\"@id\":\"https:\/\/tahanpharma.com\/#website\",\"url\":\"https:\/\/tahanpharma.com\/\",\"name\":\"\u5927\u5b89\u5316\u5b78\u88fd\u85e5\u80a1\u4efd\u6709\u9650\u516c\u53f8\",\"description\":\"\u52d5\u7269\u85e5\u54c1\u88fd\u9020\",\"potentialAction\":[{\"@type\":\"SearchAction\",\"target\":{\"@type\":\"EntryPoint\",\"urlTemplate\":\"https:\/\/tahanpharma.com\/?s={search_term_string}\"},\"query-input\":{\"@type\":\"PropertyValueSpecification\",\"valueRequired\":true,\"valueName\":\"search_term_string\"}}],\"inLanguage\":\"vi\"}]}<\/script>\n<!-- \/ Yoast SEO Premium plugin. -->","yoast_head_json":{"title":"\u5143\u88dc\u80fd-K \u6c34\u6eb6\u7c89 - \u5927\u5b89\u5316\u5b78\u88fd\u85e5\u80a1\u4efd\u6709\u9650\u516c\u53f8","robots":{"index":"index","follow":"follow","max-snippet":"max-snippet:-1","max-image-preview":"max-image-preview:large","max-video-preview":"max-video-preview:-1"},"canonical":"https:\/\/tahanpharma.com\/vi\/san-pham\/\u5143\u88dc\u80fd-k-\u6c34\u6eb6\u7c89\/","og_locale":"vi_VN","og_type":"article","og_title":"\u5143\u88dc\u80fd-K \u6c34\u6eb6\u7c89","og_description":"\u85e5\u54c1\u540d \uff1a AMPROLIUM WATER SOLUBLE \u8a31\u53ef\u8b49\u5b57\u865f \uff1a \u52d5\u7269\u85e5\u88fd\u5b57\u7b2c04223\u865f \u5291\u578b \uff1a \u6563\u5291(\u5167\u7528) \u5305\u88dd \uff1a 1kg \u9069\u7528\u52d5\u7269 \uff1a \u96de \u6548\u80fd(\u9069\u61c9\u75c7) \uff1a \u96de\uff1a\u9810\u9632\u53ca\u6cbb\u7642\u7403\u87f2\u75c5\u3001\u51fa\u8840\u6027\u75be\u60a3\u3002 \u6210\u4efd \uff1a \u6bcfgm\u4e2d\u542b\u6709 Amprolium HCl \u2026\u2026\u2026\u2026200mg Vitamin K3(as Sodium Bisulfite)\u2026\u202625mg","og_url":"https:\/\/tahanpharma.com\/vi\/san-pham\/\u5143\u88dc\u80fd-k-\u6c34\u6eb6\u7c89\/","og_site_name":"\u5927\u5b89\u5316\u5b78\u88fd\u85e5\u80a1\u4efd\u6709\u9650\u516c\u53f8","og_image":[{"width":500,"height":500,"url":"https:\/\/tahanpharma.com\/wp-content\/uploads\/2025\/06\/\u5143\u88dc\u80fd-K-\u6c34\u6eb6\u7c89-01.jpg","type":"image\/jpeg"}],"twitter_card":"summary_large_image","schema":{"@context":"https:\/\/schema.org","@graph":[{"@type":"WebPage","@id":"https:\/\/tahanpharma.com\/product\/%e5%85%83%e8%a3%9c%e8%83%bd-k-%e6%b0%b4%e6%ba%b6%e7%b2%89\/","url":"https:\/\/tahanpharma.com\/product\/%e5%85%83%e8%a3%9c%e8%83%bd-k-%e6%b0%b4%e6%ba%b6%e7%b2%89\/","name":"\u5143\u88dc\u80fd-K \u6c34\u6eb6\u7c89 - \u5927\u5b89\u5316\u5b78\u88fd\u85e5\u80a1\u4efd\u6709\u9650\u516c\u53f8","isPartOf":{"@id":"https:\/\/tahanpharma.com\/#website"},"primaryImageOfPage":{"@id":"https:\/\/tahanpharma.com\/product\/%e5%85%83%e8%a3%9c%e8%83%bd-k-%e6%b0%b4%e6%ba%b6%e7%b2%89\/#primaryimage"},"image":{"@id":"https:\/\/tahanpharma.com\/product\/%e5%85%83%e8%a3%9c%e8%83%bd-k-%e6%b0%b4%e6%ba%b6%e7%b2%89\/#primaryimage"},"thumbnailUrl":"https:\/\/tahanpharma.com\/wp-content\/uploads\/2025\/06\/\u5143\u88dc\u80fd-K-\u6c34\u6eb6\u7c89-01.jpg","datePublished":"2025-06-18T08:52:08+00:00","breadcrumb":{"@id":"https:\/\/tahanpharma.com\/product\/%e5%85%83%e8%a3%9c%e8%83%bd-k-%e6%b0%b4%e6%ba%b6%e7%b2%89\/#breadcrumb"},"inLanguage":"vi","potentialAction":[{"@type":"ReadAction","target":["https:\/\/tahanpharma.com\/product\/%e5%85%83%e8%a3%9c%e8%83%bd-k-%e6%b0%b4%e6%ba%b6%e7%b2%89\/"]}]},{"@type":"ImageObject","inLanguage":"vi","@id":"https:\/\/tahanpharma.com\/product\/%e5%85%83%e8%a3%9c%e8%83%bd-k-%e6%b0%b4%e6%ba%b6%e7%b2%89\/#primaryimage","url":"https:\/\/tahanpharma.com\/wp-content\/uploads\/2025\/06\/\u5143\u88dc\u80fd-K-\u6c34\u6eb6\u7c89-01.jpg","contentUrl":"https:\/\/tahanpharma.com\/wp-content\/uploads\/2025\/06\/\u5143\u88dc\u80fd-K-\u6c34\u6eb6\u7c89-01.jpg","width":500,"height":500},{"@type":"BreadcrumbList","@id":"https:\/\/tahanpharma.com\/product\/%e5%85%83%e8%a3%9c%e8%83%bd-k-%e6%b0%b4%e6%ba%b6%e7%b2%89\/#breadcrumb","itemListElement":[{"@type":"ListItem","position":1,"name":"\u9996\u9801","item":"https:\/\/tahanpharma.com\/"},{"@type":"ListItem","position":2,"name":"\u7522\u54c1\u7c21\u4ecb","item":"https:\/\/tahanpharma.com\/product\/"},{"@type":"ListItem","position":3,"name":"\u5143\u88dc\u80fd-K \u6c34\u6eb6\u7c89"}]},{"@type":"WebSite","@id":"https:\/\/tahanpharma.com\/#website","url":"https:\/\/tahanpharma.com\/","name":"\u5927\u5b89\u5316\u5b78\u88fd\u85e5\u80a1\u4efd\u6709\u9650\u516c\u53f8","description":"\u52d5\u7269\u85e5\u54c1\u88fd\u9020","potentialAction":[{"@type":"SearchAction","target":{"@type":"EntryPoint","urlTemplate":"https:\/\/tahanpharma.com\/?s={search_term_string}"},"query-input":{"@type":"PropertyValueSpecification","valueRequired":true,"valueName":"search_term_string"}}],"inLanguage":"vi"}]}},"_links":{"self":[{"href":"https:\/\/tahanpharma.com\/vi\/wp-json\/wp\/v2\/product\/2129","targetHints":{"allow":["GET"]}}],"collection":[{"href":"https:\/\/tahanpharma.com\/vi\/wp-json\/wp\/v2\/product"}],"about":[{"href":"https:\/\/tahanpharma.com\/vi\/wp-json\/wp\/v2\/types\/product"}],"replies":[{"embeddable":true,"href":"https:\/\/tahanpharma.com\/vi\/wp-json\/wp\/v2\/comments?post=2129"}],"wp:featuredmedia":[{"embeddable":true,"href":"https:\/\/tahanpharma.com\/vi\/wp-json\/wp\/v2\/media\/2130"}],"wp:attachment":[{"href":"https:\/\/tahanpharma.com\/vi\/wp-json\/wp\/v2\/media?parent=2129"}],"wp:term":[{"taxonomy":"product_brand","embeddable":true,"href":"https:\/\/tahanpharma.com\/vi\/wp-json\/wp\/v2\/product_brand?post=2129"},{"taxonomy":"product_cat","embeddable":true,"href":"https:\/\/tahanpharma.com\/vi\/wp-json\/wp\/v2\/product_cat?post=2129"},{"taxonomy":"product_tag","embeddable":true,"href":"https:\/\/tahanpharma.com\/vi\/wp-json\/wp\/v2\/product_tag?post=2129"}],"curies":[{"name":"wp","href":"https:\/\/api.w.org\/{rel}","templated":true}]}}