{"id":2149,"date":"2025-06-18T17:08:19","date_gmt":"2025-06-18T09:08:19","guid":{"rendered":"https:\/\/tahanpharma.com\/?post_type=product&#038;p=2149"},"modified":"2025-06-18T17:08:19","modified_gmt":"2025-06-18T09:08:19","slug":"%e5%af%8c%e7%be%8e%e6%b7%a8-10","status":"publish","type":"product","link":"https:\/\/tahanpharma.com\/vi\/san-pham\/%e5%af%8c%e7%be%8e%e6%b7%a8-10\/","title":{"rendered":"Ph\u00fac Ki\u1ebfn Kinh-10"},"content":{"rendered":"<p>Li\u1ec1u \u0111i\u1ec1u tr\u1ecb: 12 mg ho\u1ea1t ch\u1ea5t Fumeijing-10 cho m\u1ed7i kg tr\u1ecdng l\u01b0\u1ee3ng c\u01a1 th\u1ec3 m\u1ed7i ng\u00e0y trong 3-5 ng\u00e0y.<\/p>\n<p>Li\u1ec1u d\u00f9ng cho n\u01b0\u1edbc u\u1ed1ng:<\/p>\n<p>(D\u00f9ng cho g\u00e0): Pha 10g Fumeijing-10 v\u00e0o 100 l\u00edt n\u01b0\u1edbc (G\u00e0 th\u1ecbt\/g\u00e0 gi\u1ea3 d\u00f9ng 1~2 tu\u1ea7n): 50g<\/p>\n<p>(G\u00e0 th\u1ecbt\/g\u00e0 m\u00f4 ph\u1ecfng \u0111i\u1ec1u tr\u1ecb 3~4 tu\u1ea7n): 75g\/50g<\/p>\n<p>(G\u00e0 th\u1ecbt\/g\u00e0 m\u00f4 ph\u1ecfng 6~8 tu\u1ea7n): 100g\/75g \u0111\u1ec3 \u0111i\u1ec1u tr\u1ecb<\/p>\n<p>(g\u00e0 gi\u1ed1ng\/g\u00e0 \u0111\u1ebb 3-6 tu\u1ea7n): 75g \u0111\u1ec3 \u0111i\u1ec1u tr\u1ecb<\/p>\n<p>(g\u00e0 gi\u1ed1ng\/g\u00e0 \u0111\u1ebb 7-16 tu\u1ea7n): 100g \u0111\u1ec3 \u0111i\u1ec1u tr\u1ecb<\/p>\n<p>Th\u1eddi gian r\u00fat ti\u1ec1n: 7 ng\u00e0y<\/p>","protected":false},"excerpt":{"rendered":"<p>T\u00ean thu\u1ed1c: FUMIZIN-10<br \/>\nS\u1ed1 gi\u1ea5y ph\u00e9p: Gi\u1ea5y ph\u00e9p thu\u1ed1c th\u00fa y s\u1ed1 07243<br \/>\nD\u1ea1ng b\u00e0o ch\u1ebf: B\u1ed9t (d\u00f9ng u\u1ed1ng)<br \/>\n\u0110\u00f3ng g\u00f3i: 1kg<br \/>\n\u0110\u1ed9ng v\u1eadt \u00e1p d\u1ee5ng: G\u00e0<br \/>\nHi\u1ec7u qu\u1ea3 (ch\u1ec9 \u0111\u1ecbnh): G\u00e0 (tr\u1eeb g\u00e0 \u0111\u1ebb): \u0110i\u1ec1u tr\u1ecb Escherichia coli, Salmonella (bao g\u1ed3m c\u1ea3 b\u1ec7nh b\u1ea1ch l\u1ef5 v\u00e0 th\u01b0\u01a1ng h\u00e0n gia c\u1ea7m), b\u1ec7nh t\u1ee5 huy\u1ebft tr\u00f9ng (b\u1ec7nh t\u1ea3 gia c\u1ea7m), vi\u00eam m\u0169i truy\u1ec1n nhi\u1ec5m v\u00e0 vi\u00eam kh\u1edbp do t\u1ee5 c\u1ea7u khu\u1ea9n g\u00e2y ra.<br \/>\nTh\u00e0nh ph\u1ea7n: M\u1ed7i gm ch\u1ee9a Fluequine...100mg<\/p>","protected":false},"featured_media":2150,"comment_status":"open","ping_status":"closed","template":"","meta":[],"product_brand":[],"product_cat":[45,49,72],"product_tag":[],"class_list":{"0":"post-2149","1":"product","2":"type-product","3":"status-publish","4":"has-post-thumbnail","6":"product_cat-45","7":"product_cat-49","8":"product_cat-72","10":"first","11":"instock","12":"shipping-taxable","13":"product-type-simple"},"yoast_head":"<!-- This site is optimized with the Yoast SEO Premium plugin v25.3.1 (Yoast SEO v25.4) - https:\/\/yoast.com\/wordpress\/plugins\/seo\/ -->\n<title>\u5bcc\u7f8e\u6de8-10 - \u5927\u5b89\u5316\u5b78\u88fd\u85e5\u80a1\u4efd\u6709\u9650\u516c\u53f8<\/title>\n<meta name=\"robots\" content=\"index, follow, max-snippet:-1, max-image-preview:large, max-video-preview:-1\" \/>\n<link rel=\"canonical\" href=\"https:\/\/tahanpharma.com\/vi\/san-pham\/\u5bcc\u7f8e\u6de8-10\/\" \/>\n<meta property=\"og:locale\" content=\"vi_VN\" \/>\n<meta property=\"og:type\" content=\"article\" \/>\n<meta property=\"og:title\" content=\"\u5bcc\u7f8e\u6de8-10\" \/>\n<meta property=\"og:description\" content=\"\u85e5\u54c1\u540d \uff1a FUMIZIN-10 \u8a31\u53ef\u8b49\u5b57\u865f \uff1a \u52d5\u7269\u85e5\u88fd\u5b57\u7b2c07243\u865f \u5291\u578b \uff1a \u6563\u5291(\u5167\u7528) \u5305\u88dd \uff1a 1kg \u9069\u7528\u52d5\u7269 \uff1a \u96de \u6548\u80fd(\u9069\u61c9\u75c7) \uff1a \u96de\uff08\u4e0d\u542b\u7522\u86cb\u4e2d\u4e4b\u86cb\u96de\uff09\uff1a\u6cbb\u7642\u5927\u8178\u687f\u83cc\u75c7\u3001\u6c99\u6c0f\u687f\u83cc\u75c7\uff08\u5305\u62ec\u96db\u767d\u75e2\u548c\u5bb6\u79bd\u50b7\u5bd2\uff09\u5df4\u6c0f\u687f\u83cc\u75c7\uff08\u5bb6\u79bd\u970d\u4e82\uff09\u3001\u50b3\u67d3\u6027\u9f3b\u708e\u3001\u8461\u8404\u7403\u83cc\u5f15\u8d77\u4e4b\u95dc\u7bc0\u708e\u3002 \u6210\u4efd \uff1a \u6bcfgm\u4e2d\u542b\u6709 Flumequine\u2026\u2026100mg\" \/>\n<meta property=\"og:url\" content=\"https:\/\/tahanpharma.com\/vi\/san-pham\/\u5bcc\u7f8e\u6de8-10\/\" \/>\n<meta property=\"og:site_name\" content=\"\u5927\u5b89\u5316\u5b78\u88fd\u85e5\u80a1\u4efd\u6709\u9650\u516c\u53f8\" \/>\n<meta property=\"og:image\" content=\"https:\/\/tahanpharma.com\/wp-content\/uploads\/2025\/06\/\u5bcc\u7f8e\u6de8-10-01.jpg\" \/>\n\t<meta property=\"og:image:width\" content=\"500\" \/>\n\t<meta property=\"og:image:height\" content=\"500\" \/>\n\t<meta property=\"og:image:type\" content=\"image\/jpeg\" \/>\n<meta name=\"twitter:card\" content=\"summary_large_image\" \/>\n<script type=\"application\/ld+json\" class=\"yoast-schema-graph\">{\"@context\":\"https:\/\/schema.org\",\"@graph\":[{\"@type\":\"WebPage\",\"@id\":\"https:\/\/tahanpharma.com\/product\/%e5%af%8c%e7%be%8e%e6%b7%a8-10\/\",\"url\":\"https:\/\/tahanpharma.com\/product\/%e5%af%8c%e7%be%8e%e6%b7%a8-10\/\",\"name\":\"\u5bcc\u7f8e\u6de8-10 - \u5927\u5b89\u5316\u5b78\u88fd\u85e5\u80a1\u4efd\u6709\u9650\u516c\u53f8\",\"isPartOf\":{\"@id\":\"https:\/\/tahanpharma.com\/#website\"},\"primaryImageOfPage\":{\"@id\":\"https:\/\/tahanpharma.com\/product\/%e5%af%8c%e7%be%8e%e6%b7%a8-10\/#primaryimage\"},\"image\":{\"@id\":\"https:\/\/tahanpharma.com\/product\/%e5%af%8c%e7%be%8e%e6%b7%a8-10\/#primaryimage\"},\"thumbnailUrl\":\"https:\/\/tahanpharma.com\/wp-content\/uploads\/2025\/06\/\u5bcc\u7f8e\u6de8-10-01.jpg\",\"datePublished\":\"2025-06-18T09:08:19+00:00\",\"breadcrumb\":{\"@id\":\"https:\/\/tahanpharma.com\/product\/%e5%af%8c%e7%be%8e%e6%b7%a8-10\/#breadcrumb\"},\"inLanguage\":\"vi\",\"potentialAction\":[{\"@type\":\"ReadAction\",\"target\":[\"https:\/\/tahanpharma.com\/product\/%e5%af%8c%e7%be%8e%e6%b7%a8-10\/\"]}]},{\"@type\":\"ImageObject\",\"inLanguage\":\"vi\",\"@id\":\"https:\/\/tahanpharma.com\/product\/%e5%af%8c%e7%be%8e%e6%b7%a8-10\/#primaryimage\",\"url\":\"https:\/\/tahanpharma.com\/wp-content\/uploads\/2025\/06\/\u5bcc\u7f8e\u6de8-10-01.jpg\",\"contentUrl\":\"https:\/\/tahanpharma.com\/wp-content\/uploads\/2025\/06\/\u5bcc\u7f8e\u6de8-10-01.jpg\",\"width\":500,\"height\":500},{\"@type\":\"BreadcrumbList\",\"@id\":\"https:\/\/tahanpharma.com\/product\/%e5%af%8c%e7%be%8e%e6%b7%a8-10\/#breadcrumb\",\"itemListElement\":[{\"@type\":\"ListItem\",\"position\":1,\"name\":\"\u9996\u9801\",\"item\":\"https:\/\/tahanpharma.com\/\"},{\"@type\":\"ListItem\",\"position\":2,\"name\":\"\u7522\u54c1\u7c21\u4ecb\",\"item\":\"https:\/\/tahanpharma.com\/product\/\"},{\"@type\":\"ListItem\",\"position\":3,\"name\":\"\u5bcc\u7f8e\u6de8-10\"}]},{\"@type\":\"WebSite\",\"@id\":\"https:\/\/tahanpharma.com\/#website\",\"url\":\"https:\/\/tahanpharma.com\/\",\"name\":\"\u5927\u5b89\u5316\u5b78\u88fd\u85e5\u80a1\u4efd\u6709\u9650\u516c\u53f8\",\"description\":\"\u52d5\u7269\u85e5\u54c1\u88fd\u9020\",\"potentialAction\":[{\"@type\":\"SearchAction\",\"target\":{\"@type\":\"EntryPoint\",\"urlTemplate\":\"https:\/\/tahanpharma.com\/?s={search_term_string}\"},\"query-input\":{\"@type\":\"PropertyValueSpecification\",\"valueRequired\":true,\"valueName\":\"search_term_string\"}}],\"inLanguage\":\"vi\"}]}<\/script>\n<!-- \/ Yoast SEO Premium plugin. -->","yoast_head_json":{"title":"\u5bcc\u7f8e\u6de8-10 - \u5927\u5b89\u5316\u5b78\u88fd\u85e5\u80a1\u4efd\u6709\u9650\u516c\u53f8","robots":{"index":"index","follow":"follow","max-snippet":"max-snippet:-1","max-image-preview":"max-image-preview:large","max-video-preview":"max-video-preview:-1"},"canonical":"https:\/\/tahanpharma.com\/vi\/san-pham\/\u5bcc\u7f8e\u6de8-10\/","og_locale":"vi_VN","og_type":"article","og_title":"\u5bcc\u7f8e\u6de8-10","og_description":"\u85e5\u54c1\u540d \uff1a FUMIZIN-10 \u8a31\u53ef\u8b49\u5b57\u865f \uff1a \u52d5\u7269\u85e5\u88fd\u5b57\u7b2c07243\u865f \u5291\u578b \uff1a \u6563\u5291(\u5167\u7528) \u5305\u88dd \uff1a 1kg \u9069\u7528\u52d5\u7269 \uff1a \u96de \u6548\u80fd(\u9069\u61c9\u75c7) \uff1a \u96de\uff08\u4e0d\u542b\u7522\u86cb\u4e2d\u4e4b\u86cb\u96de\uff09\uff1a\u6cbb\u7642\u5927\u8178\u687f\u83cc\u75c7\u3001\u6c99\u6c0f\u687f\u83cc\u75c7\uff08\u5305\u62ec\u96db\u767d\u75e2\u548c\u5bb6\u79bd\u50b7\u5bd2\uff09\u5df4\u6c0f\u687f\u83cc\u75c7\uff08\u5bb6\u79bd\u970d\u4e82\uff09\u3001\u50b3\u67d3\u6027\u9f3b\u708e\u3001\u8461\u8404\u7403\u83cc\u5f15\u8d77\u4e4b\u95dc\u7bc0\u708e\u3002 \u6210\u4efd \uff1a \u6bcfgm\u4e2d\u542b\u6709 Flumequine\u2026\u2026100mg","og_url":"https:\/\/tahanpharma.com\/vi\/san-pham\/\u5bcc\u7f8e\u6de8-10\/","og_site_name":"\u5927\u5b89\u5316\u5b78\u88fd\u85e5\u80a1\u4efd\u6709\u9650\u516c\u53f8","og_image":[{"width":500,"height":500,"url":"https:\/\/tahanpharma.com\/wp-content\/uploads\/2025\/06\/\u5bcc\u7f8e\u6de8-10-01.jpg","type":"image\/jpeg"}],"twitter_card":"summary_large_image","schema":{"@context":"https:\/\/schema.org","@graph":[{"@type":"WebPage","@id":"https:\/\/tahanpharma.com\/product\/%e5%af%8c%e7%be%8e%e6%b7%a8-10\/","url":"https:\/\/tahanpharma.com\/product\/%e5%af%8c%e7%be%8e%e6%b7%a8-10\/","name":"\u5bcc\u7f8e\u6de8-10 - \u5927\u5b89\u5316\u5b78\u88fd\u85e5\u80a1\u4efd\u6709\u9650\u516c\u53f8","isPartOf":{"@id":"https:\/\/tahanpharma.com\/#website"},"primaryImageOfPage":{"@id":"https:\/\/tahanpharma.com\/product\/%e5%af%8c%e7%be%8e%e6%b7%a8-10\/#primaryimage"},"image":{"@id":"https:\/\/tahanpharma.com\/product\/%e5%af%8c%e7%be%8e%e6%b7%a8-10\/#primaryimage"},"thumbnailUrl":"https:\/\/tahanpharma.com\/wp-content\/uploads\/2025\/06\/\u5bcc\u7f8e\u6de8-10-01.jpg","datePublished":"2025-06-18T09:08:19+00:00","breadcrumb":{"@id":"https:\/\/tahanpharma.com\/product\/%e5%af%8c%e7%be%8e%e6%b7%a8-10\/#breadcrumb"},"inLanguage":"vi","potentialAction":[{"@type":"ReadAction","target":["https:\/\/tahanpharma.com\/product\/%e5%af%8c%e7%be%8e%e6%b7%a8-10\/"]}]},{"@type":"ImageObject","inLanguage":"vi","@id":"https:\/\/tahanpharma.com\/product\/%e5%af%8c%e7%be%8e%e6%b7%a8-10\/#primaryimage","url":"https:\/\/tahanpharma.com\/wp-content\/uploads\/2025\/06\/\u5bcc\u7f8e\u6de8-10-01.jpg","contentUrl":"https:\/\/tahanpharma.com\/wp-content\/uploads\/2025\/06\/\u5bcc\u7f8e\u6de8-10-01.jpg","width":500,"height":500},{"@type":"BreadcrumbList","@id":"https:\/\/tahanpharma.com\/product\/%e5%af%8c%e7%be%8e%e6%b7%a8-10\/#breadcrumb","itemListElement":[{"@type":"ListItem","position":1,"name":"\u9996\u9801","item":"https:\/\/tahanpharma.com\/"},{"@type":"ListItem","position":2,"name":"\u7522\u54c1\u7c21\u4ecb","item":"https:\/\/tahanpharma.com\/product\/"},{"@type":"ListItem","position":3,"name":"\u5bcc\u7f8e\u6de8-10"}]},{"@type":"WebSite","@id":"https:\/\/tahanpharma.com\/#website","url":"https:\/\/tahanpharma.com\/","name":"\u5927\u5b89\u5316\u5b78\u88fd\u85e5\u80a1\u4efd\u6709\u9650\u516c\u53f8","description":"\u52d5\u7269\u85e5\u54c1\u88fd\u9020","potentialAction":[{"@type":"SearchAction","target":{"@type":"EntryPoint","urlTemplate":"https:\/\/tahanpharma.com\/?s={search_term_string}"},"query-input":{"@type":"PropertyValueSpecification","valueRequired":true,"valueName":"search_term_string"}}],"inLanguage":"vi"}]}},"_links":{"self":[{"href":"https:\/\/tahanpharma.com\/vi\/wp-json\/wp\/v2\/product\/2149","targetHints":{"allow":["GET"]}}],"collection":[{"href":"https:\/\/tahanpharma.com\/vi\/wp-json\/wp\/v2\/product"}],"about":[{"href":"https:\/\/tahanpharma.com\/vi\/wp-json\/wp\/v2\/types\/product"}],"replies":[{"embeddable":true,"href":"https:\/\/tahanpharma.com\/vi\/wp-json\/wp\/v2\/comments?post=2149"}],"wp:featuredmedia":[{"embeddable":true,"href":"https:\/\/tahanpharma.com\/vi\/wp-json\/wp\/v2\/media\/2150"}],"wp:attachment":[{"href":"https:\/\/tahanpharma.com\/vi\/wp-json\/wp\/v2\/media?parent=2149"}],"wp:term":[{"taxonomy":"product_brand","embeddable":true,"href":"https:\/\/tahanpharma.com\/vi\/wp-json\/wp\/v2\/product_brand?post=2149"},{"taxonomy":"product_cat","embeddable":true,"href":"https:\/\/tahanpharma.com\/vi\/wp-json\/wp\/v2\/product_cat?post=2149"},{"taxonomy":"product_tag","embeddable":true,"href":"https:\/\/tahanpharma.com\/vi\/wp-json\/wp\/v2\/product_tag?post=2149"}],"curies":[{"name":"wp","href":"https:\/\/api.w.org\/{rel}","templated":true}]}}