{"id":2153,"date":"2025-06-18T17:21:30","date_gmt":"2025-06-18T09:21:30","guid":{"rendered":"https:\/\/tahanpharma.com\/?post_type=product&#038;p=2153"},"modified":"2025-06-18T17:21:31","modified_gmt":"2025-06-18T09:21:31","slug":"%e6%b2%bb%e7%90%83-30","status":"publish","type":"product","link":"https:\/\/tahanpharma.com\/vi\/san-pham\/%e6%b2%bb%e7%90%83-30\/","title":{"rendered":"X\u1eed l\u00fd b\u00f3ng - 30"},"content":{"rendered":"<p>Khi b\u1ec7nh c\u1ea7u tr\u00f9ng b\u00f9ng ph\u00e1t, h\u00e3y d\u00f9ng thu\u1ed1c n\u00e0y<span lang=\"EN-US\">1<\/span>Gram h\u00f2a tan trong<span lang=\"EN-US\">1<\/span>L\u00edt n\u01b0\u1edbc u\u1ed1ng<span lang=\"EN-US\">(<\/span>Ngay l\u1eadp t\u1ee9c<span lang=\"EN-US\">1<\/span>kg ch\u1ea5t n\u00e0y \u0111\u01b0\u1ee3c h\u00f2a tan trong<span lang=\"EN-US\">1000<\/span>L\u00edt n\u01b0\u1edbc u\u1ed1ng<span lang=\"EN-US\">)<\/span>, qu\u1ea3n l\u00fd li\u00ean t\u1ee5c<span lang=\"EN-US\">3<\/span>b\u1ea7u tr\u1eddi.<\/p>","protected":false},"excerpt":{"rendered":"<p>T\u00ean thu\u1ed1c: COJO-30<br \/>\nS\u1ed1 gi\u1ea5y ph\u00e9p: Gi\u1ea5y ph\u00e9p thu\u1ed1c th\u00fa y s\u1ed1 08713<br \/>\nD\u1ea1ng b\u00e0o ch\u1ebf: B\u1ed9t (d\u00f9ng u\u1ed1ng)<br \/>\n\u0110\u00f3ng g\u00f3i: 100g, 500g, 1kg, 2kg, 25kg<br \/>\n\u0110\u1ed9ng v\u1eadt \u00e1p d\u1ee5ng: G\u00e0, g\u00e0 t\u00e2y<br \/>\nC\u00f4ng d\u1ee5ng (Ch\u1ec9 \u0111\u1ecbnh): G\u00e0, g\u00e0 t\u00e2y: \u0111i\u1ec1u tr\u1ecb b\u1ec7nh c\u1ea7u tr\u00f9ng.<br \/>\nTh\u00e0nh ph\u1ea7n: M\u1ed7i gam ch\u1ee9a:<br \/>\nSulfachloropyrazine Natri Monohydrat\u2026.300mg<\/p>","protected":false},"featured_media":2154,"comment_status":"open","ping_status":"closed","template":"","meta":[],"product_brand":[],"product_cat":[45,49,72],"product_tag":[],"class_list":{"0":"post-2153","1":"product","2":"type-product","3":"status-publish","4":"has-post-thumbnail","6":"product_cat-45","7":"product_cat-49","8":"product_cat-72","10":"first","11":"instock","12":"shipping-taxable","13":"product-type-simple"},"yoast_head":"<!-- This site is optimized with the Yoast SEO Premium plugin v25.3.1 (Yoast SEO v25.4) - https:\/\/yoast.com\/wordpress\/plugins\/seo\/ -->\n<title>\u6cbb\u7403-30 - \u5927\u5b89\u5316\u5b78\u88fd\u85e5\u80a1\u4efd\u6709\u9650\u516c\u53f8<\/title>\n<meta name=\"robots\" content=\"index, follow, max-snippet:-1, max-image-preview:large, max-video-preview:-1\" \/>\n<link rel=\"canonical\" href=\"https:\/\/tahanpharma.com\/vi\/san-pham\/\u6cbb\u7403-30\/\" \/>\n<meta property=\"og:locale\" content=\"vi_VN\" \/>\n<meta property=\"og:type\" content=\"article\" \/>\n<meta property=\"og:title\" content=\"\u6cbb\u7403-30\" \/>\n<meta property=\"og:description\" content=\"\u85e5\u54c1\u540d \uff1a COJO-30 \u8a31\u53ef\u8b49\u5b57\u865f \uff1a \u52d5\u7269\u85e5\u88fd\u5b57\u7b2c08713\u865f \u5291\u578b \uff1a \u6563\u5291(\u5167\u7528) \u5305\u88dd \uff1a 100g,500g,1kg,2kg,25kg \u9069\u7528\u52d5\u7269 \uff1a \u96de\u3001\u706b\u96de \u6548\u80fd(\u9069\u61c9\u75c7) \uff1a \u96de\u3001\u706b\u96de\uff1a\u6cbb\u7642\u7403\u87f2\u75c5\u3002 \u6210\u4efd \uff1a \u6bcf\u516c\u514b\u542b\uff1a Sulfachloropyrazine Sodium Monohydrate\u2026.300mg\" \/>\n<meta property=\"og:url\" content=\"https:\/\/tahanpharma.com\/vi\/san-pham\/\u6cbb\u7403-30\/\" \/>\n<meta property=\"og:site_name\" content=\"\u5927\u5b89\u5316\u5b78\u88fd\u85e5\u80a1\u4efd\u6709\u9650\u516c\u53f8\" \/>\n<meta property=\"article:modified_time\" content=\"2025-06-18T09:21:31+00:00\" \/>\n<meta property=\"og:image\" content=\"https:\/\/tahanpharma.com\/wp-content\/uploads\/2025\/06\/\u6cbb\u7403-30-01.jpg\" \/>\n\t<meta property=\"og:image:width\" content=\"500\" \/>\n\t<meta property=\"og:image:height\" content=\"500\" \/>\n\t<meta property=\"og:image:type\" content=\"image\/jpeg\" \/>\n<meta name=\"twitter:card\" content=\"summary_large_image\" \/>\n<script type=\"application\/ld+json\" class=\"yoast-schema-graph\">{\"@context\":\"https:\/\/schema.org\",\"@graph\":[{\"@type\":\"WebPage\",\"@id\":\"https:\/\/tahanpharma.com\/product\/%e6%b2%bb%e7%90%83-30\/\",\"url\":\"https:\/\/tahanpharma.com\/product\/%e6%b2%bb%e7%90%83-30\/\",\"name\":\"\u6cbb\u7403-30 - \u5927\u5b89\u5316\u5b78\u88fd\u85e5\u80a1\u4efd\u6709\u9650\u516c\u53f8\",\"isPartOf\":{\"@id\":\"https:\/\/tahanpharma.com\/#website\"},\"primaryImageOfPage\":{\"@id\":\"https:\/\/tahanpharma.com\/product\/%e6%b2%bb%e7%90%83-30\/#primaryimage\"},\"image\":{\"@id\":\"https:\/\/tahanpharma.com\/product\/%e6%b2%bb%e7%90%83-30\/#primaryimage\"},\"thumbnailUrl\":\"https:\/\/tahanpharma.com\/wp-content\/uploads\/2025\/06\/\u6cbb\u7403-30-01.jpg\",\"datePublished\":\"2025-06-18T09:21:30+00:00\",\"dateModified\":\"2025-06-18T09:21:31+00:00\",\"breadcrumb\":{\"@id\":\"https:\/\/tahanpharma.com\/product\/%e6%b2%bb%e7%90%83-30\/#breadcrumb\"},\"inLanguage\":\"vi\",\"potentialAction\":[{\"@type\":\"ReadAction\",\"target\":[\"https:\/\/tahanpharma.com\/product\/%e6%b2%bb%e7%90%83-30\/\"]}]},{\"@type\":\"ImageObject\",\"inLanguage\":\"vi\",\"@id\":\"https:\/\/tahanpharma.com\/product\/%e6%b2%bb%e7%90%83-30\/#primaryimage\",\"url\":\"https:\/\/tahanpharma.com\/wp-content\/uploads\/2025\/06\/\u6cbb\u7403-30-01.jpg\",\"contentUrl\":\"https:\/\/tahanpharma.com\/wp-content\/uploads\/2025\/06\/\u6cbb\u7403-30-01.jpg\",\"width\":500,\"height\":500},{\"@type\":\"BreadcrumbList\",\"@id\":\"https:\/\/tahanpharma.com\/product\/%e6%b2%bb%e7%90%83-30\/#breadcrumb\",\"itemListElement\":[{\"@type\":\"ListItem\",\"position\":1,\"name\":\"\u9996\u9801\",\"item\":\"https:\/\/tahanpharma.com\/\"},{\"@type\":\"ListItem\",\"position\":2,\"name\":\"\u7522\u54c1\u7c21\u4ecb\",\"item\":\"https:\/\/tahanpharma.com\/product\/\"},{\"@type\":\"ListItem\",\"position\":3,\"name\":\"\u6cbb\u7403-30\"}]},{\"@type\":\"WebSite\",\"@id\":\"https:\/\/tahanpharma.com\/#website\",\"url\":\"https:\/\/tahanpharma.com\/\",\"name\":\"\u5927\u5b89\u5316\u5b78\u88fd\u85e5\u80a1\u4efd\u6709\u9650\u516c\u53f8\",\"description\":\"\u52d5\u7269\u85e5\u54c1\u88fd\u9020\",\"potentialAction\":[{\"@type\":\"SearchAction\",\"target\":{\"@type\":\"EntryPoint\",\"urlTemplate\":\"https:\/\/tahanpharma.com\/?s={search_term_string}\"},\"query-input\":{\"@type\":\"PropertyValueSpecification\",\"valueRequired\":true,\"valueName\":\"search_term_string\"}}],\"inLanguage\":\"vi\"}]}<\/script>\n<!-- \/ Yoast SEO Premium plugin. -->","yoast_head_json":{"title":"\u6cbb\u7403-30 - \u5927\u5b89\u5316\u5b78\u88fd\u85e5\u80a1\u4efd\u6709\u9650\u516c\u53f8","robots":{"index":"index","follow":"follow","max-snippet":"max-snippet:-1","max-image-preview":"max-image-preview:large","max-video-preview":"max-video-preview:-1"},"canonical":"https:\/\/tahanpharma.com\/vi\/san-pham\/\u6cbb\u7403-30\/","og_locale":"vi_VN","og_type":"article","og_title":"\u6cbb\u7403-30","og_description":"\u85e5\u54c1\u540d \uff1a COJO-30 \u8a31\u53ef\u8b49\u5b57\u865f \uff1a \u52d5\u7269\u85e5\u88fd\u5b57\u7b2c08713\u865f \u5291\u578b \uff1a \u6563\u5291(\u5167\u7528) \u5305\u88dd \uff1a 100g,500g,1kg,2kg,25kg \u9069\u7528\u52d5\u7269 \uff1a \u96de\u3001\u706b\u96de \u6548\u80fd(\u9069\u61c9\u75c7) \uff1a \u96de\u3001\u706b\u96de\uff1a\u6cbb\u7642\u7403\u87f2\u75c5\u3002 \u6210\u4efd \uff1a \u6bcf\u516c\u514b\u542b\uff1a Sulfachloropyrazine Sodium Monohydrate\u2026.300mg","og_url":"https:\/\/tahanpharma.com\/vi\/san-pham\/\u6cbb\u7403-30\/","og_site_name":"\u5927\u5b89\u5316\u5b78\u88fd\u85e5\u80a1\u4efd\u6709\u9650\u516c\u53f8","article_modified_time":"2025-06-18T09:21:31+00:00","og_image":[{"width":500,"height":500,"url":"https:\/\/tahanpharma.com\/wp-content\/uploads\/2025\/06\/\u6cbb\u7403-30-01.jpg","type":"image\/jpeg"}],"twitter_card":"summary_large_image","schema":{"@context":"https:\/\/schema.org","@graph":[{"@type":"WebPage","@id":"https:\/\/tahanpharma.com\/product\/%e6%b2%bb%e7%90%83-30\/","url":"https:\/\/tahanpharma.com\/product\/%e6%b2%bb%e7%90%83-30\/","name":"\u6cbb\u7403-30 - \u5927\u5b89\u5316\u5b78\u88fd\u85e5\u80a1\u4efd\u6709\u9650\u516c\u53f8","isPartOf":{"@id":"https:\/\/tahanpharma.com\/#website"},"primaryImageOfPage":{"@id":"https:\/\/tahanpharma.com\/product\/%e6%b2%bb%e7%90%83-30\/#primaryimage"},"image":{"@id":"https:\/\/tahanpharma.com\/product\/%e6%b2%bb%e7%90%83-30\/#primaryimage"},"thumbnailUrl":"https:\/\/tahanpharma.com\/wp-content\/uploads\/2025\/06\/\u6cbb\u7403-30-01.jpg","datePublished":"2025-06-18T09:21:30+00:00","dateModified":"2025-06-18T09:21:31+00:00","breadcrumb":{"@id":"https:\/\/tahanpharma.com\/product\/%e6%b2%bb%e7%90%83-30\/#breadcrumb"},"inLanguage":"vi","potentialAction":[{"@type":"ReadAction","target":["https:\/\/tahanpharma.com\/product\/%e6%b2%bb%e7%90%83-30\/"]}]},{"@type":"ImageObject","inLanguage":"vi","@id":"https:\/\/tahanpharma.com\/product\/%e6%b2%bb%e7%90%83-30\/#primaryimage","url":"https:\/\/tahanpharma.com\/wp-content\/uploads\/2025\/06\/\u6cbb\u7403-30-01.jpg","contentUrl":"https:\/\/tahanpharma.com\/wp-content\/uploads\/2025\/06\/\u6cbb\u7403-30-01.jpg","width":500,"height":500},{"@type":"BreadcrumbList","@id":"https:\/\/tahanpharma.com\/product\/%e6%b2%bb%e7%90%83-30\/#breadcrumb","itemListElement":[{"@type":"ListItem","position":1,"name":"\u9996\u9801","item":"https:\/\/tahanpharma.com\/"},{"@type":"ListItem","position":2,"name":"\u7522\u54c1\u7c21\u4ecb","item":"https:\/\/tahanpharma.com\/product\/"},{"@type":"ListItem","position":3,"name":"\u6cbb\u7403-30"}]},{"@type":"WebSite","@id":"https:\/\/tahanpharma.com\/#website","url":"https:\/\/tahanpharma.com\/","name":"\u5927\u5b89\u5316\u5b78\u88fd\u85e5\u80a1\u4efd\u6709\u9650\u516c\u53f8","description":"\u52d5\u7269\u85e5\u54c1\u88fd\u9020","potentialAction":[{"@type":"SearchAction","target":{"@type":"EntryPoint","urlTemplate":"https:\/\/tahanpharma.com\/?s={search_term_string}"},"query-input":{"@type":"PropertyValueSpecification","valueRequired":true,"valueName":"search_term_string"}}],"inLanguage":"vi"}]}},"_links":{"self":[{"href":"https:\/\/tahanpharma.com\/vi\/wp-json\/wp\/v2\/product\/2153","targetHints":{"allow":["GET"]}}],"collection":[{"href":"https:\/\/tahanpharma.com\/vi\/wp-json\/wp\/v2\/product"}],"about":[{"href":"https:\/\/tahanpharma.com\/vi\/wp-json\/wp\/v2\/types\/product"}],"replies":[{"embeddable":true,"href":"https:\/\/tahanpharma.com\/vi\/wp-json\/wp\/v2\/comments?post=2153"}],"wp:featuredmedia":[{"embeddable":true,"href":"https:\/\/tahanpharma.com\/vi\/wp-json\/wp\/v2\/media\/2154"}],"wp:attachment":[{"href":"https:\/\/tahanpharma.com\/vi\/wp-json\/wp\/v2\/media?parent=2153"}],"wp:term":[{"taxonomy":"product_brand","embeddable":true,"href":"https:\/\/tahanpharma.com\/vi\/wp-json\/wp\/v2\/product_brand?post=2153"},{"taxonomy":"product_cat","embeddable":true,"href":"https:\/\/tahanpharma.com\/vi\/wp-json\/wp\/v2\/product_cat?post=2153"},{"taxonomy":"product_tag","embeddable":true,"href":"https:\/\/tahanpharma.com\/vi\/wp-json\/wp\/v2\/product_tag?post=2153"}],"curies":[{"name":"wp","href":"https:\/\/api.w.org\/{rel}","templated":true}]}}