{"id":2180,"date":"2025-06-18T17:44:04","date_gmt":"2025-06-18T09:44:04","guid":{"rendered":"https:\/\/tahanpharma.com\/?post_type=product&#038;p=2180"},"modified":"2025-06-18T17:44:04","modified_gmt":"2025-06-18T09:44:04","slug":"%e5%ae%8f%e7%a2%98%e6%b7%a8-3","status":"publish","type":"product","link":"https:\/\/tahanpharma.com\/vi\/san-pham\/%e5%ae%8f%e7%a2%98%e6%b7%a8-3\/","title":{"rendered":"Macro Iodine 3%"},"content":{"rendered":"<p>Trong tr\u01b0\u1eddng h\u1ee3p m\u1eafc b\u1ec7nh ngo\u00e0i da, pha lo\u00e3ng v\u1edbi n\u01b0\u1edbc mu\u1ed1i sinh l\u00fd 60 l\u1ea7n, ng\u00e0y 1 \u0111\u1ebfn 3 l\u1ea7n.<\/p>\n<p>Ch\u1ea5t n\u00e0y c\u00f3 th\u1ec3 \u0111\u01b0\u1ee3c s\u1eed d\u1ee5ng \u0111\u1ec3 c\u1ecd r\u1eeda tr\u1ef1c ti\u1ebfp chu\u1ed3ng tr\u1ea1i ch\u0103n nu\u00f4i nh\u1eb1m kh\u1eed tr\u00f9ng m\u00f4i tr\u01b0\u1eddng trong qu\u00e1 tr\u00ecnh ph\u1eabu thu\u1eadt.<\/p>\n<p>\u0110\u1ed1i v\u1edbi thi\u1ebft b\u1ecb chu\u1ed3ng tr\u1ea1i ch\u0103n nu\u00f4i, pha lo\u00e3ng 150-900 l\u1ea7n tr\u01b0\u1edbc khi phun.<\/p>","protected":false},"excerpt":{"rendered":"<p>T\u00ean thu\u1ed1c: FUNIODINE 3%<br \/>\nS\u1ed1 gi\u1ea5y ph\u00e9p: Gi\u1ea5y ph\u00e9p thu\u1ed1c th\u00fa y s\u1ed1 07289<br \/>\nD\u1ea1ng b\u00e0o ch\u1ebf: Dung d\u1ecbch d\u00f9ng ngo\u00e0i da<br \/>\n\u0110\u00f3ng g\u00f3i: 4L, 20L<br \/>\n\u0110\u1ed9ng v\u1eadt \u00e1p d\u1ee5ng: gia s\u00fac v\u00e0 thi\u1ebft b\u1ecb, n\u01a1i \u1edf c\u1ee7a ch\u00fang<br \/>\nHi\u1ec7u qu\u1ea3 (ch\u1ec9 \u0111\u1ecbnh): C\u00f3 t\u00e1c d\u1ee5ng di\u1ec7t khu\u1ea9n m\u1ea1nh \u0111\u1ed1i v\u1edbi nhi\u1ec1u lo\u1ea1i vi khu\u1ea9n, n\u1ea5m m\u1ed1c, n\u1ea5m men, \u0111\u1ed9ng v\u1eadt nguy\u00ean sinh, v.v. Th\u00edch h\u1ee3p \u0111\u1ec3 kh\u1eed tr\u00f9ng v\u00e0 ti\u1ec7t tr\u00f9ng c\u00e1c b\u1ec7nh nhi\u1ec5m tr\u00f9ng da, v\u1ebft th\u01b0\u01a1ng, v\u1ebft lo\u00e9t, kh\u1eed tr\u00f9ng v\u1ecb tr\u00ed ph\u1eabu thu\u1eadt, kh\u1eed tr\u00f9ng v\u00e0 ti\u1ec7t tr\u00f9ng d\u1ee5ng c\u1ee5 y t\u1ebf, chu\u1ed3ng tr\u1ea1i ch\u0103n nu\u00f4i gia c\u1ea7m v\u00e0 gia s\u00fac c\u0169ng nh\u01b0 \u0111\u1ed3 d\u00f9ng v\u00e0 thi\u1ebft b\u1ecb c\u1ee7a ch\u00fang, v.v.<br \/>\nTh\u00e0nh ph\u1ea7n: M\u1ed7i 100ml ch\u1ee9a: I\u1ed1t c\u00f3 s\u1eb5n\u20263gm<\/p>","protected":false},"featured_media":2181,"comment_status":"open","ping_status":"closed","template":"","meta":[],"product_brand":[],"product_cat":[59],"product_tag":[],"class_list":{"0":"post-2180","1":"product","2":"type-product","3":"status-publish","4":"has-post-thumbnail","6":"product_cat-59","8":"first","9":"instock","10":"shipping-taxable","11":"product-type-simple"},"yoast_head":"<!-- This site is optimized with the Yoast SEO Premium plugin v25.3.1 (Yoast SEO v25.4) - https:\/\/yoast.com\/wordpress\/plugins\/seo\/ -->\n<title>\u5b8f\u7898\u6de8 3% - \u5927\u5b89\u5316\u5b78\u88fd\u85e5\u80a1\u4efd\u6709\u9650\u516c\u53f8<\/title>\n<meta name=\"robots\" content=\"index, follow, max-snippet:-1, max-image-preview:large, max-video-preview:-1\" \/>\n<link rel=\"canonical\" href=\"https:\/\/tahanpharma.com\/vi\/san-pham\/\u5b8f\u7898\u6de8-3\/\" \/>\n<meta property=\"og:locale\" content=\"vi_VN\" \/>\n<meta property=\"og:type\" content=\"article\" \/>\n<meta property=\"og:title\" content=\"\u5b8f\u7898\u6de8 3%\" \/>\n<meta property=\"og:description\" content=\"\u85e5\u54c1\u540d \uff1a FUNIODINE 3% \u8a31\u53ef\u8b49\u5b57\u865f \uff1a \u52d5\u7269\u85e5\u88fd\u5b57\u7b2c07289\u865f \u5291\u578b \uff1a \u5916\u7528\u6db2\u5291 \u5305\u88dd \uff1a 4L,20L \u9069\u7528\u52d5\u7269 \uff1a \u79bd\u755c\u53ca\u5176\u8a2d\u5099\u5834\u6240 \u6548\u80fd(\u9069\u61c9\u75c7) \uff1a \u5c0d\u5404\u7a2e\u7d30\u83cc\u3001\u9ef4\u83cc\u3001\u9175\u6bcd\u83cc\u3001\u539f\u751f\u52d5\u7269\u7b49\u6709\u5f37\u529b\u6bba\u83cc\u6548\u679c\uff0c\u9069\u7528\u65bc\u76ae\u819a\u611f\u67d3\u5916\u50b7\u3001\u6f70\u760d\u4e4b\u6d88\u6bd2\u6ec5\u83cc\uff0c\u5916\u79d1\u624b\u8853\u90e8\u4f4d\u4e4b\u6d88\u6bd2\uff0c\u91ab\u7642\u5668\u5177\u79bd\u755c\u820d\u53ca\u5176\u7528\u5177\u8a2d\u5099\u7b49\u4e4b\u6d88\u6bd2\u6bba\u83cc\u3002 \u6210\u4efd \uff1a \u6bcf100ml\u4e2d\u542b\u6709:Available Iodine\u20263gm\" \/>\n<meta property=\"og:url\" content=\"https:\/\/tahanpharma.com\/vi\/san-pham\/\u5b8f\u7898\u6de8-3\/\" \/>\n<meta property=\"og:site_name\" content=\"\u5927\u5b89\u5316\u5b78\u88fd\u85e5\u80a1\u4efd\u6709\u9650\u516c\u53f8\" \/>\n<meta property=\"og:image\" content=\"https:\/\/tahanpharma.com\/wp-content\/uploads\/2025\/06\/\u5b8f\u7898\u6de8-3-01.jpg\" \/>\n\t<meta property=\"og:image:width\" content=\"500\" \/>\n\t<meta property=\"og:image:height\" content=\"500\" \/>\n\t<meta property=\"og:image:type\" content=\"image\/jpeg\" \/>\n<meta name=\"twitter:card\" content=\"summary_large_image\" \/>\n<script type=\"application\/ld+json\" class=\"yoast-schema-graph\">{\"@context\":\"https:\/\/schema.org\",\"@graph\":[{\"@type\":\"WebPage\",\"@id\":\"https:\/\/tahanpharma.com\/product\/%e5%ae%8f%e7%a2%98%e6%b7%a8-3\/\",\"url\":\"https:\/\/tahanpharma.com\/product\/%e5%ae%8f%e7%a2%98%e6%b7%a8-3\/\",\"name\":\"\u5b8f\u7898\u6de8 3% - \u5927\u5b89\u5316\u5b78\u88fd\u85e5\u80a1\u4efd\u6709\u9650\u516c\u53f8\",\"isPartOf\":{\"@id\":\"https:\/\/tahanpharma.com\/#website\"},\"primaryImageOfPage\":{\"@id\":\"https:\/\/tahanpharma.com\/product\/%e5%ae%8f%e7%a2%98%e6%b7%a8-3\/#primaryimage\"},\"image\":{\"@id\":\"https:\/\/tahanpharma.com\/product\/%e5%ae%8f%e7%a2%98%e6%b7%a8-3\/#primaryimage\"},\"thumbnailUrl\":\"https:\/\/tahanpharma.com\/wp-content\/uploads\/2025\/06\/\u5b8f\u7898\u6de8-3-01.jpg\",\"datePublished\":\"2025-06-18T09:44:04+00:00\",\"breadcrumb\":{\"@id\":\"https:\/\/tahanpharma.com\/product\/%e5%ae%8f%e7%a2%98%e6%b7%a8-3\/#breadcrumb\"},\"inLanguage\":\"vi\",\"potentialAction\":[{\"@type\":\"ReadAction\",\"target\":[\"https:\/\/tahanpharma.com\/product\/%e5%ae%8f%e7%a2%98%e6%b7%a8-3\/\"]}]},{\"@type\":\"ImageObject\",\"inLanguage\":\"vi\",\"@id\":\"https:\/\/tahanpharma.com\/product\/%e5%ae%8f%e7%a2%98%e6%b7%a8-3\/#primaryimage\",\"url\":\"https:\/\/tahanpharma.com\/wp-content\/uploads\/2025\/06\/\u5b8f\u7898\u6de8-3-01.jpg\",\"contentUrl\":\"https:\/\/tahanpharma.com\/wp-content\/uploads\/2025\/06\/\u5b8f\u7898\u6de8-3-01.jpg\",\"width\":500,\"height\":500},{\"@type\":\"BreadcrumbList\",\"@id\":\"https:\/\/tahanpharma.com\/product\/%e5%ae%8f%e7%a2%98%e6%b7%a8-3\/#breadcrumb\",\"itemListElement\":[{\"@type\":\"ListItem\",\"position\":1,\"name\":\"\u9996\u9801\",\"item\":\"https:\/\/tahanpharma.com\/\"},{\"@type\":\"ListItem\",\"position\":2,\"name\":\"\u7522\u54c1\u7c21\u4ecb\",\"item\":\"https:\/\/tahanpharma.com\/product\/\"},{\"@type\":\"ListItem\",\"position\":3,\"name\":\"\u5b8f\u7898\u6de8 3%\"}]},{\"@type\":\"WebSite\",\"@id\":\"https:\/\/tahanpharma.com\/#website\",\"url\":\"https:\/\/tahanpharma.com\/\",\"name\":\"\u5927\u5b89\u5316\u5b78\u88fd\u85e5\u80a1\u4efd\u6709\u9650\u516c\u53f8\",\"description\":\"\u52d5\u7269\u85e5\u54c1\u88fd\u9020\",\"potentialAction\":[{\"@type\":\"SearchAction\",\"target\":{\"@type\":\"EntryPoint\",\"urlTemplate\":\"https:\/\/tahanpharma.com\/?s={search_term_string}\"},\"query-input\":{\"@type\":\"PropertyValueSpecification\",\"valueRequired\":true,\"valueName\":\"search_term_string\"}}],\"inLanguage\":\"vi\"}]}<\/script>\n<!-- \/ Yoast SEO Premium plugin. -->","yoast_head_json":{"title":"\u5b8f\u7898\u6de8 3% - \u5927\u5b89\u5316\u5b78\u88fd\u85e5\u80a1\u4efd\u6709\u9650\u516c\u53f8","robots":{"index":"index","follow":"follow","max-snippet":"max-snippet:-1","max-image-preview":"max-image-preview:large","max-video-preview":"max-video-preview:-1"},"canonical":"https:\/\/tahanpharma.com\/vi\/san-pham\/\u5b8f\u7898\u6de8-3\/","og_locale":"vi_VN","og_type":"article","og_title":"\u5b8f\u7898\u6de8 3%","og_description":"\u85e5\u54c1\u540d \uff1a FUNIODINE 3% \u8a31\u53ef\u8b49\u5b57\u865f \uff1a \u52d5\u7269\u85e5\u88fd\u5b57\u7b2c07289\u865f \u5291\u578b \uff1a \u5916\u7528\u6db2\u5291 \u5305\u88dd \uff1a 4L,20L \u9069\u7528\u52d5\u7269 \uff1a \u79bd\u755c\u53ca\u5176\u8a2d\u5099\u5834\u6240 \u6548\u80fd(\u9069\u61c9\u75c7) \uff1a \u5c0d\u5404\u7a2e\u7d30\u83cc\u3001\u9ef4\u83cc\u3001\u9175\u6bcd\u83cc\u3001\u539f\u751f\u52d5\u7269\u7b49\u6709\u5f37\u529b\u6bba\u83cc\u6548\u679c\uff0c\u9069\u7528\u65bc\u76ae\u819a\u611f\u67d3\u5916\u50b7\u3001\u6f70\u760d\u4e4b\u6d88\u6bd2\u6ec5\u83cc\uff0c\u5916\u79d1\u624b\u8853\u90e8\u4f4d\u4e4b\u6d88\u6bd2\uff0c\u91ab\u7642\u5668\u5177\u79bd\u755c\u820d\u53ca\u5176\u7528\u5177\u8a2d\u5099\u7b49\u4e4b\u6d88\u6bd2\u6bba\u83cc\u3002 \u6210\u4efd \uff1a \u6bcf100ml\u4e2d\u542b\u6709:Available Iodine\u20263gm","og_url":"https:\/\/tahanpharma.com\/vi\/san-pham\/\u5b8f\u7898\u6de8-3\/","og_site_name":"\u5927\u5b89\u5316\u5b78\u88fd\u85e5\u80a1\u4efd\u6709\u9650\u516c\u53f8","og_image":[{"width":500,"height":500,"url":"https:\/\/tahanpharma.com\/wp-content\/uploads\/2025\/06\/\u5b8f\u7898\u6de8-3-01.jpg","type":"image\/jpeg"}],"twitter_card":"summary_large_image","schema":{"@context":"https:\/\/schema.org","@graph":[{"@type":"WebPage","@id":"https:\/\/tahanpharma.com\/product\/%e5%ae%8f%e7%a2%98%e6%b7%a8-3\/","url":"https:\/\/tahanpharma.com\/product\/%e5%ae%8f%e7%a2%98%e6%b7%a8-3\/","name":"\u5b8f\u7898\u6de8 3% - \u5927\u5b89\u5316\u5b78\u88fd\u85e5\u80a1\u4efd\u6709\u9650\u516c\u53f8","isPartOf":{"@id":"https:\/\/tahanpharma.com\/#website"},"primaryImageOfPage":{"@id":"https:\/\/tahanpharma.com\/product\/%e5%ae%8f%e7%a2%98%e6%b7%a8-3\/#primaryimage"},"image":{"@id":"https:\/\/tahanpharma.com\/product\/%e5%ae%8f%e7%a2%98%e6%b7%a8-3\/#primaryimage"},"thumbnailUrl":"https:\/\/tahanpharma.com\/wp-content\/uploads\/2025\/06\/\u5b8f\u7898\u6de8-3-01.jpg","datePublished":"2025-06-18T09:44:04+00:00","breadcrumb":{"@id":"https:\/\/tahanpharma.com\/product\/%e5%ae%8f%e7%a2%98%e6%b7%a8-3\/#breadcrumb"},"inLanguage":"vi","potentialAction":[{"@type":"ReadAction","target":["https:\/\/tahanpharma.com\/product\/%e5%ae%8f%e7%a2%98%e6%b7%a8-3\/"]}]},{"@type":"ImageObject","inLanguage":"vi","@id":"https:\/\/tahanpharma.com\/product\/%e5%ae%8f%e7%a2%98%e6%b7%a8-3\/#primaryimage","url":"https:\/\/tahanpharma.com\/wp-content\/uploads\/2025\/06\/\u5b8f\u7898\u6de8-3-01.jpg","contentUrl":"https:\/\/tahanpharma.com\/wp-content\/uploads\/2025\/06\/\u5b8f\u7898\u6de8-3-01.jpg","width":500,"height":500},{"@type":"BreadcrumbList","@id":"https:\/\/tahanpharma.com\/product\/%e5%ae%8f%e7%a2%98%e6%b7%a8-3\/#breadcrumb","itemListElement":[{"@type":"ListItem","position":1,"name":"\u9996\u9801","item":"https:\/\/tahanpharma.com\/"},{"@type":"ListItem","position":2,"name":"\u7522\u54c1\u7c21\u4ecb","item":"https:\/\/tahanpharma.com\/product\/"},{"@type":"ListItem","position":3,"name":"\u5b8f\u7898\u6de8 3%"}]},{"@type":"WebSite","@id":"https:\/\/tahanpharma.com\/#website","url":"https:\/\/tahanpharma.com\/","name":"\u5927\u5b89\u5316\u5b78\u88fd\u85e5\u80a1\u4efd\u6709\u9650\u516c\u53f8","description":"\u52d5\u7269\u85e5\u54c1\u88fd\u9020","potentialAction":[{"@type":"SearchAction","target":{"@type":"EntryPoint","urlTemplate":"https:\/\/tahanpharma.com\/?s={search_term_string}"},"query-input":{"@type":"PropertyValueSpecification","valueRequired":true,"valueName":"search_term_string"}}],"inLanguage":"vi"}]}},"_links":{"self":[{"href":"https:\/\/tahanpharma.com\/vi\/wp-json\/wp\/v2\/product\/2180","targetHints":{"allow":["GET"]}}],"collection":[{"href":"https:\/\/tahanpharma.com\/vi\/wp-json\/wp\/v2\/product"}],"about":[{"href":"https:\/\/tahanpharma.com\/vi\/wp-json\/wp\/v2\/types\/product"}],"replies":[{"embeddable":true,"href":"https:\/\/tahanpharma.com\/vi\/wp-json\/wp\/v2\/comments?post=2180"}],"wp:featuredmedia":[{"embeddable":true,"href":"https:\/\/tahanpharma.com\/vi\/wp-json\/wp\/v2\/media\/2181"}],"wp:attachment":[{"href":"https:\/\/tahanpharma.com\/vi\/wp-json\/wp\/v2\/media?parent=2180"}],"wp:term":[{"taxonomy":"product_brand","embeddable":true,"href":"https:\/\/tahanpharma.com\/vi\/wp-json\/wp\/v2\/product_brand?post=2180"},{"taxonomy":"product_cat","embeddable":true,"href":"https:\/\/tahanpharma.com\/vi\/wp-json\/wp\/v2\/product_cat?post=2180"},{"taxonomy":"product_tag","embeddable":true,"href":"https:\/\/tahanpharma.com\/vi\/wp-json\/wp\/v2\/product_tag?post=2180"}],"curies":[{"name":"wp","href":"https:\/\/api.w.org\/{rel}","templated":true}]}}