{"id":2185,"date":"2025-06-18T17:45:16","date_gmt":"2025-06-18T09:45:16","guid":{"rendered":"https:\/\/tahanpharma.com\/?post_type=product&#038;p=2185"},"modified":"2025-06-18T17:45:17","modified_gmt":"2025-06-18T09:45:17","slug":"%e5%ae%8f%e7%ab%8b%e6%b7%a8-80","status":"publish","type":"product","link":"https:\/\/tahanpharma.com\/vi\/san-pham\/%e5%ae%8f%e7%ab%8b%e6%b7%a8-80\/","title":{"rendered":"Honglijing-80"},"content":{"rendered":"<p>Kh\u1eed tr\u00f9ng chu\u1ed3ng tr\u1ea1i ch\u0103n nu\u00f4i gia s\u00fac, l\u1ee3n, g\u00e0: x\u1ecbt dung d\u1ecbch pha lo\u00e3ng 4800-16000 l\u1ea7n v\u00e0o d\u1ee5ng c\u1ee5 ch\u0103n nu\u00f4i.<\/p>","protected":false},"excerpt":{"rendered":"<p>T\u00ean thu\u1ed1c: FUNGLCIDINE-80<br \/>\nS\u1ed1 gi\u1ea5y ph\u00e9p: Gi\u1ea5y ph\u00e9p thu\u1ed1c th\u00fa y s\u1ed1 09189<br \/>\nD\u1ea1ng b\u00e0o ch\u1ebf: Dung d\u1ecbch d\u00f9ng ngo\u00e0i da<br \/>\n\u0110\u00f3ng g\u00f3i: 20L<br \/>\n\u0110\u1ed9ng v\u1eadt \u00e1p d\u1ee5ng: gia s\u00fac, l\u1ee3n, chu\u1ed3ng g\u00e0<br \/>\nC\u00f4ng d\u1ee5ng (ch\u1ec9 \u0111\u1ecbnh): Kh\u1eed tr\u00f9ng chu\u1ed3ng tr\u1ea1i ch\u0103n nu\u00f4i gia s\u00fac, l\u1ee3n, g\u00e0,\u2026<br \/>\nTh\u00e0nh ph\u1ea7n: M\u1ed7i ml ch\u1ee9a<br \/>\nDung d\u1ecbch Benzalkonium Chloride\u2026800mg (w\/v%)<\/p>","protected":false},"featured_media":2186,"comment_status":"open","ping_status":"closed","template":"","meta":[],"product_brand":[],"product_cat":[59],"product_tag":[],"class_list":{"0":"post-2185","1":"product","2":"type-product","3":"status-publish","4":"has-post-thumbnail","6":"product_cat-59","8":"first","9":"instock","10":"shipping-taxable","11":"product-type-simple"},"yoast_head":"<!-- This site is optimized with the Yoast SEO Premium plugin v25.3.1 (Yoast SEO v25.4) - https:\/\/yoast.com\/wordpress\/plugins\/seo\/ -->\n<title>\u5b8f\u7acb\u6de8-80 - \u5927\u5b89\u5316\u5b78\u88fd\u85e5\u80a1\u4efd\u6709\u9650\u516c\u53f8<\/title>\n<meta name=\"robots\" content=\"index, follow, max-snippet:-1, max-image-preview:large, max-video-preview:-1\" \/>\n<link rel=\"canonical\" href=\"https:\/\/tahanpharma.com\/vi\/san-pham\/\u5b8f\u7acb\u6de8-80\/\" \/>\n<meta property=\"og:locale\" content=\"vi_VN\" \/>\n<meta property=\"og:type\" content=\"article\" \/>\n<meta property=\"og:title\" content=\"\u5b8f\u7acb\u6de8-80\" \/>\n<meta property=\"og:description\" content=\"\u85e5\u54c1\u540d \uff1a FUNGLCIDINE-80 \u8a31\u53ef\u8b49\u5b57\u865f \uff1a \u52d5\u7269\u85e5\u88fd\u5b57\u7b2c09189\u865f \u5291\u578b \uff1a \u5916\u7528\u6db2\u5291 \u5305\u88dd \uff1a 20L \u9069\u7528\u52d5\u7269 \uff1a \u725b\u3001\u8c6c\u3001\u96de \u820d \u6548\u80fd(\u9069\u61c9\u75c7) \uff1a \u725b\u3001\u8c6c\u3001\u96de\u820d\u7b49\u6d88\u6bd2\u3002 \u6210\u4efd \uff1a \u6bcfml\u4e2d\u542b\u6709 Benzalkonium Chloride Solution\u2026800mg(w\/v%)\" \/>\n<meta property=\"og:url\" content=\"https:\/\/tahanpharma.com\/vi\/san-pham\/\u5b8f\u7acb\u6de8-80\/\" \/>\n<meta property=\"og:site_name\" content=\"\u5927\u5b89\u5316\u5b78\u88fd\u85e5\u80a1\u4efd\u6709\u9650\u516c\u53f8\" \/>\n<meta property=\"article:modified_time\" content=\"2025-06-18T09:45:17+00:00\" \/>\n<meta property=\"og:image\" content=\"https:\/\/tahanpharma.com\/wp-content\/uploads\/2025\/06\/\u5b8f\u7acb\u6de8-80-01.jpg\" \/>\n\t<meta property=\"og:image:width\" content=\"500\" \/>\n\t<meta property=\"og:image:height\" content=\"500\" \/>\n\t<meta property=\"og:image:type\" content=\"image\/jpeg\" \/>\n<meta name=\"twitter:card\" content=\"summary_large_image\" \/>\n<script type=\"application\/ld+json\" class=\"yoast-schema-graph\">{\"@context\":\"https:\/\/schema.org\",\"@graph\":[{\"@type\":\"WebPage\",\"@id\":\"https:\/\/tahanpharma.com\/product\/%e5%ae%8f%e7%ab%8b%e6%b7%a8-80\/\",\"url\":\"https:\/\/tahanpharma.com\/product\/%e5%ae%8f%e7%ab%8b%e6%b7%a8-80\/\",\"name\":\"\u5b8f\u7acb\u6de8-80 - \u5927\u5b89\u5316\u5b78\u88fd\u85e5\u80a1\u4efd\u6709\u9650\u516c\u53f8\",\"isPartOf\":{\"@id\":\"https:\/\/tahanpharma.com\/#website\"},\"primaryImageOfPage\":{\"@id\":\"https:\/\/tahanpharma.com\/product\/%e5%ae%8f%e7%ab%8b%e6%b7%a8-80\/#primaryimage\"},\"image\":{\"@id\":\"https:\/\/tahanpharma.com\/product\/%e5%ae%8f%e7%ab%8b%e6%b7%a8-80\/#primaryimage\"},\"thumbnailUrl\":\"https:\/\/tahanpharma.com\/wp-content\/uploads\/2025\/06\/\u5b8f\u7acb\u6de8-80-01.jpg\",\"datePublished\":\"2025-06-18T09:45:16+00:00\",\"dateModified\":\"2025-06-18T09:45:17+00:00\",\"breadcrumb\":{\"@id\":\"https:\/\/tahanpharma.com\/product\/%e5%ae%8f%e7%ab%8b%e6%b7%a8-80\/#breadcrumb\"},\"inLanguage\":\"vi\",\"potentialAction\":[{\"@type\":\"ReadAction\",\"target\":[\"https:\/\/tahanpharma.com\/product\/%e5%ae%8f%e7%ab%8b%e6%b7%a8-80\/\"]}]},{\"@type\":\"ImageObject\",\"inLanguage\":\"vi\",\"@id\":\"https:\/\/tahanpharma.com\/product\/%e5%ae%8f%e7%ab%8b%e6%b7%a8-80\/#primaryimage\",\"url\":\"https:\/\/tahanpharma.com\/wp-content\/uploads\/2025\/06\/\u5b8f\u7acb\u6de8-80-01.jpg\",\"contentUrl\":\"https:\/\/tahanpharma.com\/wp-content\/uploads\/2025\/06\/\u5b8f\u7acb\u6de8-80-01.jpg\",\"width\":500,\"height\":500},{\"@type\":\"BreadcrumbList\",\"@id\":\"https:\/\/tahanpharma.com\/product\/%e5%ae%8f%e7%ab%8b%e6%b7%a8-80\/#breadcrumb\",\"itemListElement\":[{\"@type\":\"ListItem\",\"position\":1,\"name\":\"\u9996\u9801\",\"item\":\"https:\/\/tahanpharma.com\/\"},{\"@type\":\"ListItem\",\"position\":2,\"name\":\"\u7522\u54c1\u7c21\u4ecb\",\"item\":\"https:\/\/tahanpharma.com\/product\/\"},{\"@type\":\"ListItem\",\"position\":3,\"name\":\"\u5b8f\u7acb\u6de8-80\"}]},{\"@type\":\"WebSite\",\"@id\":\"https:\/\/tahanpharma.com\/#website\",\"url\":\"https:\/\/tahanpharma.com\/\",\"name\":\"\u5927\u5b89\u5316\u5b78\u88fd\u85e5\u80a1\u4efd\u6709\u9650\u516c\u53f8\",\"description\":\"\u52d5\u7269\u85e5\u54c1\u88fd\u9020\",\"potentialAction\":[{\"@type\":\"SearchAction\",\"target\":{\"@type\":\"EntryPoint\",\"urlTemplate\":\"https:\/\/tahanpharma.com\/?s={search_term_string}\"},\"query-input\":{\"@type\":\"PropertyValueSpecification\",\"valueRequired\":true,\"valueName\":\"search_term_string\"}}],\"inLanguage\":\"vi\"}]}<\/script>\n<!-- \/ Yoast SEO Premium plugin. -->","yoast_head_json":{"title":"\u5b8f\u7acb\u6de8-80 - \u5927\u5b89\u5316\u5b78\u88fd\u85e5\u80a1\u4efd\u6709\u9650\u516c\u53f8","robots":{"index":"index","follow":"follow","max-snippet":"max-snippet:-1","max-image-preview":"max-image-preview:large","max-video-preview":"max-video-preview:-1"},"canonical":"https:\/\/tahanpharma.com\/vi\/san-pham\/\u5b8f\u7acb\u6de8-80\/","og_locale":"vi_VN","og_type":"article","og_title":"\u5b8f\u7acb\u6de8-80","og_description":"\u85e5\u54c1\u540d \uff1a FUNGLCIDINE-80 \u8a31\u53ef\u8b49\u5b57\u865f \uff1a \u52d5\u7269\u85e5\u88fd\u5b57\u7b2c09189\u865f \u5291\u578b \uff1a \u5916\u7528\u6db2\u5291 \u5305\u88dd \uff1a 20L \u9069\u7528\u52d5\u7269 \uff1a \u725b\u3001\u8c6c\u3001\u96de \u820d \u6548\u80fd(\u9069\u61c9\u75c7) \uff1a \u725b\u3001\u8c6c\u3001\u96de\u820d\u7b49\u6d88\u6bd2\u3002 \u6210\u4efd \uff1a \u6bcfml\u4e2d\u542b\u6709 Benzalkonium Chloride Solution\u2026800mg(w\/v%)","og_url":"https:\/\/tahanpharma.com\/vi\/san-pham\/\u5b8f\u7acb\u6de8-80\/","og_site_name":"\u5927\u5b89\u5316\u5b78\u88fd\u85e5\u80a1\u4efd\u6709\u9650\u516c\u53f8","article_modified_time":"2025-06-18T09:45:17+00:00","og_image":[{"width":500,"height":500,"url":"https:\/\/tahanpharma.com\/wp-content\/uploads\/2025\/06\/\u5b8f\u7acb\u6de8-80-01.jpg","type":"image\/jpeg"}],"twitter_card":"summary_large_image","schema":{"@context":"https:\/\/schema.org","@graph":[{"@type":"WebPage","@id":"https:\/\/tahanpharma.com\/product\/%e5%ae%8f%e7%ab%8b%e6%b7%a8-80\/","url":"https:\/\/tahanpharma.com\/product\/%e5%ae%8f%e7%ab%8b%e6%b7%a8-80\/","name":"\u5b8f\u7acb\u6de8-80 - \u5927\u5b89\u5316\u5b78\u88fd\u85e5\u80a1\u4efd\u6709\u9650\u516c\u53f8","isPartOf":{"@id":"https:\/\/tahanpharma.com\/#website"},"primaryImageOfPage":{"@id":"https:\/\/tahanpharma.com\/product\/%e5%ae%8f%e7%ab%8b%e6%b7%a8-80\/#primaryimage"},"image":{"@id":"https:\/\/tahanpharma.com\/product\/%e5%ae%8f%e7%ab%8b%e6%b7%a8-80\/#primaryimage"},"thumbnailUrl":"https:\/\/tahanpharma.com\/wp-content\/uploads\/2025\/06\/\u5b8f\u7acb\u6de8-80-01.jpg","datePublished":"2025-06-18T09:45:16+00:00","dateModified":"2025-06-18T09:45:17+00:00","breadcrumb":{"@id":"https:\/\/tahanpharma.com\/product\/%e5%ae%8f%e7%ab%8b%e6%b7%a8-80\/#breadcrumb"},"inLanguage":"vi","potentialAction":[{"@type":"ReadAction","target":["https:\/\/tahanpharma.com\/product\/%e5%ae%8f%e7%ab%8b%e6%b7%a8-80\/"]}]},{"@type":"ImageObject","inLanguage":"vi","@id":"https:\/\/tahanpharma.com\/product\/%e5%ae%8f%e7%ab%8b%e6%b7%a8-80\/#primaryimage","url":"https:\/\/tahanpharma.com\/wp-content\/uploads\/2025\/06\/\u5b8f\u7acb\u6de8-80-01.jpg","contentUrl":"https:\/\/tahanpharma.com\/wp-content\/uploads\/2025\/06\/\u5b8f\u7acb\u6de8-80-01.jpg","width":500,"height":500},{"@type":"BreadcrumbList","@id":"https:\/\/tahanpharma.com\/product\/%e5%ae%8f%e7%ab%8b%e6%b7%a8-80\/#breadcrumb","itemListElement":[{"@type":"ListItem","position":1,"name":"\u9996\u9801","item":"https:\/\/tahanpharma.com\/"},{"@type":"ListItem","position":2,"name":"\u7522\u54c1\u7c21\u4ecb","item":"https:\/\/tahanpharma.com\/product\/"},{"@type":"ListItem","position":3,"name":"\u5b8f\u7acb\u6de8-80"}]},{"@type":"WebSite","@id":"https:\/\/tahanpharma.com\/#website","url":"https:\/\/tahanpharma.com\/","name":"\u5927\u5b89\u5316\u5b78\u88fd\u85e5\u80a1\u4efd\u6709\u9650\u516c\u53f8","description":"\u52d5\u7269\u85e5\u54c1\u88fd\u9020","potentialAction":[{"@type":"SearchAction","target":{"@type":"EntryPoint","urlTemplate":"https:\/\/tahanpharma.com\/?s={search_term_string}"},"query-input":{"@type":"PropertyValueSpecification","valueRequired":true,"valueName":"search_term_string"}}],"inLanguage":"vi"}]}},"_links":{"self":[{"href":"https:\/\/tahanpharma.com\/vi\/wp-json\/wp\/v2\/product\/2185","targetHints":{"allow":["GET"]}}],"collection":[{"href":"https:\/\/tahanpharma.com\/vi\/wp-json\/wp\/v2\/product"}],"about":[{"href":"https:\/\/tahanpharma.com\/vi\/wp-json\/wp\/v2\/types\/product"}],"replies":[{"embeddable":true,"href":"https:\/\/tahanpharma.com\/vi\/wp-json\/wp\/v2\/comments?post=2185"}],"wp:featuredmedia":[{"embeddable":true,"href":"https:\/\/tahanpharma.com\/vi\/wp-json\/wp\/v2\/media\/2186"}],"wp:attachment":[{"href":"https:\/\/tahanpharma.com\/vi\/wp-json\/wp\/v2\/media?parent=2185"}],"wp:term":[{"taxonomy":"product_brand","embeddable":true,"href":"https:\/\/tahanpharma.com\/vi\/wp-json\/wp\/v2\/product_brand?post=2185"},{"taxonomy":"product_cat","embeddable":true,"href":"https:\/\/tahanpharma.com\/vi\/wp-json\/wp\/v2\/product_cat?post=2185"},{"taxonomy":"product_tag","embeddable":true,"href":"https:\/\/tahanpharma.com\/vi\/wp-json\/wp\/v2\/product_tag?post=2185"}],"curies":[{"name":"wp","href":"https:\/\/api.w.org\/{rel}","templated":true}]}}