{"id":2187,"date":"2025-06-18T17:45:48","date_gmt":"2025-06-18T09:45:48","guid":{"rendered":"https:\/\/tahanpharma.com\/?post_type=product&#038;p=2187"},"modified":"2025-06-18T17:45:48","modified_gmt":"2025-06-18T09:45:48","slug":"%e4%bd%91%e7%a2%98-1","status":"publish","type":"product","link":"https:\/\/tahanpharma.com\/vi\/san-pham\/%e4%bd%91%e7%a2%98-1\/","title":{"rendered":"I\u1ed1t-1"},"content":{"rendered":"<p>\u0110\u1ec3 kh\u1eed tr\u00f9ng d\u1ee5ng c\u1ee5 ch\u0103n nu\u00f4i gia c\u1ea7m, pha lo\u00e3ng 200 \u0111\u1ebfn 400 l\u1ea7n r\u1ed3i x\u1ecbt.<\/p>","protected":false},"excerpt":{"rendered":"<p>T\u00ean thu\u1ed1c: Youdine-1<br \/>\nS\u1ed1 gi\u1ea5y ph\u00e9p: Gi\u1ea5y ph\u00e9p thu\u1ed1c th\u00fa y s\u1ed1 08077<br \/>\nD\u1ea1ng b\u00e0o ch\u1ebf: Dung d\u1ecbch d\u00f9ng ngo\u00e0i da<br \/>\n\u0110\u00f3ng g\u00f3i: 1L, 4L, 18L, 20L, 25L<br \/>\n\u0110\u1ed9ng v\u1eadt \u00e1p d\u1ee5ng: thi\u1ebft b\u1ecb v\u00e0 \u0111\u1ecba \u0111i\u1ec3m ch\u0103n nu\u00f4i<br \/>\nC\u00f4ng d\u1ee5ng (Ch\u1ec9 \u0111\u1ecbnh): Kh\u1eed tr\u00f9ng, s\u00e1t khu\u1ea9n d\u1ee5ng c\u1ee5, v\u1eadt d\u1ee5ng ch\u0103n nu\u00f4i gia c\u1ea7m, gia s\u00fac, c\u00f3 t\u00e1c d\u1ee5ng di\u1ec7t vi khu\u1ea9n, n\u1ea5m m\u1ed1c, n\u1ea5m men, vi r\u00fat c\u00f3 kh\u1ea3 n\u0103ng l\u1ecdc, \u0111\u1ed9ng v\u1eadt nguy\u00ean sinh v\u00e0 n\u1ea5m b\u00e0o t\u1eed.<br \/>\nTh\u00e0nh ph\u1ea7n: M\u1ed7i ml ch\u1ee9a:<br \/>\nPovidone Iodine\u2026\u2026\u2026.100 mg<\/p>","protected":false},"featured_media":2188,"comment_status":"open","ping_status":"closed","template":"","meta":[],"product_brand":[],"product_cat":[59],"product_tag":[],"class_list":{"0":"post-2187","1":"product","2":"type-product","3":"status-publish","4":"has-post-thumbnail","6":"product_cat-59","8":"first","9":"instock","10":"shipping-taxable","11":"product-type-simple"},"yoast_head":"<!-- This site is optimized with the Yoast SEO Premium plugin v25.3.1 (Yoast SEO v25.4) - https:\/\/yoast.com\/wordpress\/plugins\/seo\/ -->\n<title>\u4f51\u7898-1 - \u5927\u5b89\u5316\u5b78\u88fd\u85e5\u80a1\u4efd\u6709\u9650\u516c\u53f8<\/title>\n<meta name=\"robots\" content=\"index, follow, max-snippet:-1, max-image-preview:large, max-video-preview:-1\" \/>\n<link rel=\"canonical\" href=\"https:\/\/tahanpharma.com\/vi\/san-pham\/\u4f51\u7898-1\/\" \/>\n<meta property=\"og:locale\" content=\"vi_VN\" \/>\n<meta property=\"og:type\" content=\"article\" \/>\n<meta property=\"og:title\" content=\"\u4f51\u7898-1\" \/>\n<meta property=\"og:description\" content=\"\u85e5\u54c1\u540d \uff1a Youdine-1 \u8a31\u53ef\u8b49\u5b57\u865f \uff1a \u52d5\u7269\u85e5\u88fd\u5b57\u7b2c08077\u865f \u5291\u578b \uff1a \u5916\u7528\u6db2\u5291 \u5305\u88dd \uff1a 1L\u30014L\u300118L\u300120L\u300125L \u9069\u7528\u52d5\u7269 \uff1a \u79bd\u755c\u8a2d\u5099\u5834\u6240 \u6548\u80fd(\u9069\u61c9\u75c7) \uff1a \u79bd\u755c\u8a2d\u5099\u5834\u6240\u4e4b\u6bba\u83cc\u3001\u6d88\u6bd2\uff0c\u5c0d\u7d30\u83cc\u3001\u9ef4\u83cc\u3001\u9175\u6bcd\u83cc\u3001\u6ffe\u904e\u6027\u75c5\u6bd2\u3001\u539f\u87f2\u3001\u82bd\u5b62\u83cc\u6709\u6548\u3002 \u6210\u4efd \uff1a Each ml contains\uff1a Povidone Iodine...... ....100 mg\" \/>\n<meta property=\"og:url\" content=\"https:\/\/tahanpharma.com\/vi\/san-pham\/\u4f51\u7898-1\/\" \/>\n<meta property=\"og:site_name\" content=\"\u5927\u5b89\u5316\u5b78\u88fd\u85e5\u80a1\u4efd\u6709\u9650\u516c\u53f8\" \/>\n<meta property=\"og:image\" content=\"https:\/\/tahanpharma.com\/wp-content\/uploads\/2025\/06\/\u4f51\u7898-1-01.jpg\" \/>\n\t<meta property=\"og:image:width\" content=\"500\" \/>\n\t<meta property=\"og:image:height\" content=\"500\" \/>\n\t<meta property=\"og:image:type\" content=\"image\/jpeg\" \/>\n<meta name=\"twitter:card\" content=\"summary_large_image\" \/>\n<script type=\"application\/ld+json\" class=\"yoast-schema-graph\">{\"@context\":\"https:\/\/schema.org\",\"@graph\":[{\"@type\":\"WebPage\",\"@id\":\"https:\/\/tahanpharma.com\/product\/%e4%bd%91%e7%a2%98-1\/\",\"url\":\"https:\/\/tahanpharma.com\/product\/%e4%bd%91%e7%a2%98-1\/\",\"name\":\"\u4f51\u7898-1 - \u5927\u5b89\u5316\u5b78\u88fd\u85e5\u80a1\u4efd\u6709\u9650\u516c\u53f8\",\"isPartOf\":{\"@id\":\"https:\/\/tahanpharma.com\/#website\"},\"primaryImageOfPage\":{\"@id\":\"https:\/\/tahanpharma.com\/product\/%e4%bd%91%e7%a2%98-1\/#primaryimage\"},\"image\":{\"@id\":\"https:\/\/tahanpharma.com\/product\/%e4%bd%91%e7%a2%98-1\/#primaryimage\"},\"thumbnailUrl\":\"https:\/\/tahanpharma.com\/wp-content\/uploads\/2025\/06\/\u4f51\u7898-1-01.jpg\",\"datePublished\":\"2025-06-18T09:45:48+00:00\",\"breadcrumb\":{\"@id\":\"https:\/\/tahanpharma.com\/product\/%e4%bd%91%e7%a2%98-1\/#breadcrumb\"},\"inLanguage\":\"vi\",\"potentialAction\":[{\"@type\":\"ReadAction\",\"target\":[\"https:\/\/tahanpharma.com\/product\/%e4%bd%91%e7%a2%98-1\/\"]}]},{\"@type\":\"ImageObject\",\"inLanguage\":\"vi\",\"@id\":\"https:\/\/tahanpharma.com\/product\/%e4%bd%91%e7%a2%98-1\/#primaryimage\",\"url\":\"https:\/\/tahanpharma.com\/wp-content\/uploads\/2025\/06\/\u4f51\u7898-1-01.jpg\",\"contentUrl\":\"https:\/\/tahanpharma.com\/wp-content\/uploads\/2025\/06\/\u4f51\u7898-1-01.jpg\",\"width\":500,\"height\":500},{\"@type\":\"BreadcrumbList\",\"@id\":\"https:\/\/tahanpharma.com\/product\/%e4%bd%91%e7%a2%98-1\/#breadcrumb\",\"itemListElement\":[{\"@type\":\"ListItem\",\"position\":1,\"name\":\"\u9996\u9801\",\"item\":\"https:\/\/tahanpharma.com\/\"},{\"@type\":\"ListItem\",\"position\":2,\"name\":\"\u7522\u54c1\u7c21\u4ecb\",\"item\":\"https:\/\/tahanpharma.com\/product\/\"},{\"@type\":\"ListItem\",\"position\":3,\"name\":\"\u4f51\u7898-1\"}]},{\"@type\":\"WebSite\",\"@id\":\"https:\/\/tahanpharma.com\/#website\",\"url\":\"https:\/\/tahanpharma.com\/\",\"name\":\"\u5927\u5b89\u5316\u5b78\u88fd\u85e5\u80a1\u4efd\u6709\u9650\u516c\u53f8\",\"description\":\"\u52d5\u7269\u85e5\u54c1\u88fd\u9020\",\"potentialAction\":[{\"@type\":\"SearchAction\",\"target\":{\"@type\":\"EntryPoint\",\"urlTemplate\":\"https:\/\/tahanpharma.com\/?s={search_term_string}\"},\"query-input\":{\"@type\":\"PropertyValueSpecification\",\"valueRequired\":true,\"valueName\":\"search_term_string\"}}],\"inLanguage\":\"vi\"}]}<\/script>\n<!-- \/ Yoast SEO Premium plugin. -->","yoast_head_json":{"title":"\u4f51\u7898-1 - \u5927\u5b89\u5316\u5b78\u88fd\u85e5\u80a1\u4efd\u6709\u9650\u516c\u53f8","robots":{"index":"index","follow":"follow","max-snippet":"max-snippet:-1","max-image-preview":"max-image-preview:large","max-video-preview":"max-video-preview:-1"},"canonical":"https:\/\/tahanpharma.com\/vi\/san-pham\/\u4f51\u7898-1\/","og_locale":"vi_VN","og_type":"article","og_title":"\u4f51\u7898-1","og_description":"\u85e5\u54c1\u540d \uff1a Youdine-1 \u8a31\u53ef\u8b49\u5b57\u865f \uff1a \u52d5\u7269\u85e5\u88fd\u5b57\u7b2c08077\u865f \u5291\u578b \uff1a \u5916\u7528\u6db2\u5291 \u5305\u88dd \uff1a 1L\u30014L\u300118L\u300120L\u300125L \u9069\u7528\u52d5\u7269 \uff1a \u79bd\u755c\u8a2d\u5099\u5834\u6240 \u6548\u80fd(\u9069\u61c9\u75c7) \uff1a \u79bd\u755c\u8a2d\u5099\u5834\u6240\u4e4b\u6bba\u83cc\u3001\u6d88\u6bd2\uff0c\u5c0d\u7d30\u83cc\u3001\u9ef4\u83cc\u3001\u9175\u6bcd\u83cc\u3001\u6ffe\u904e\u6027\u75c5\u6bd2\u3001\u539f\u87f2\u3001\u82bd\u5b62\u83cc\u6709\u6548\u3002 \u6210\u4efd \uff1a Each ml contains\uff1a Povidone Iodine...... ....100 mg","og_url":"https:\/\/tahanpharma.com\/vi\/san-pham\/\u4f51\u7898-1\/","og_site_name":"\u5927\u5b89\u5316\u5b78\u88fd\u85e5\u80a1\u4efd\u6709\u9650\u516c\u53f8","og_image":[{"width":500,"height":500,"url":"https:\/\/tahanpharma.com\/wp-content\/uploads\/2025\/06\/\u4f51\u7898-1-01.jpg","type":"image\/jpeg"}],"twitter_card":"summary_large_image","schema":{"@context":"https:\/\/schema.org","@graph":[{"@type":"WebPage","@id":"https:\/\/tahanpharma.com\/product\/%e4%bd%91%e7%a2%98-1\/","url":"https:\/\/tahanpharma.com\/product\/%e4%bd%91%e7%a2%98-1\/","name":"\u4f51\u7898-1 - \u5927\u5b89\u5316\u5b78\u88fd\u85e5\u80a1\u4efd\u6709\u9650\u516c\u53f8","isPartOf":{"@id":"https:\/\/tahanpharma.com\/#website"},"primaryImageOfPage":{"@id":"https:\/\/tahanpharma.com\/product\/%e4%bd%91%e7%a2%98-1\/#primaryimage"},"image":{"@id":"https:\/\/tahanpharma.com\/product\/%e4%bd%91%e7%a2%98-1\/#primaryimage"},"thumbnailUrl":"https:\/\/tahanpharma.com\/wp-content\/uploads\/2025\/06\/\u4f51\u7898-1-01.jpg","datePublished":"2025-06-18T09:45:48+00:00","breadcrumb":{"@id":"https:\/\/tahanpharma.com\/product\/%e4%bd%91%e7%a2%98-1\/#breadcrumb"},"inLanguage":"vi","potentialAction":[{"@type":"ReadAction","target":["https:\/\/tahanpharma.com\/product\/%e4%bd%91%e7%a2%98-1\/"]}]},{"@type":"ImageObject","inLanguage":"vi","@id":"https:\/\/tahanpharma.com\/product\/%e4%bd%91%e7%a2%98-1\/#primaryimage","url":"https:\/\/tahanpharma.com\/wp-content\/uploads\/2025\/06\/\u4f51\u7898-1-01.jpg","contentUrl":"https:\/\/tahanpharma.com\/wp-content\/uploads\/2025\/06\/\u4f51\u7898-1-01.jpg","width":500,"height":500},{"@type":"BreadcrumbList","@id":"https:\/\/tahanpharma.com\/product\/%e4%bd%91%e7%a2%98-1\/#breadcrumb","itemListElement":[{"@type":"ListItem","position":1,"name":"\u9996\u9801","item":"https:\/\/tahanpharma.com\/"},{"@type":"ListItem","position":2,"name":"\u7522\u54c1\u7c21\u4ecb","item":"https:\/\/tahanpharma.com\/product\/"},{"@type":"ListItem","position":3,"name":"\u4f51\u7898-1"}]},{"@type":"WebSite","@id":"https:\/\/tahanpharma.com\/#website","url":"https:\/\/tahanpharma.com\/","name":"\u5927\u5b89\u5316\u5b78\u88fd\u85e5\u80a1\u4efd\u6709\u9650\u516c\u53f8","description":"\u52d5\u7269\u85e5\u54c1\u88fd\u9020","potentialAction":[{"@type":"SearchAction","target":{"@type":"EntryPoint","urlTemplate":"https:\/\/tahanpharma.com\/?s={search_term_string}"},"query-input":{"@type":"PropertyValueSpecification","valueRequired":true,"valueName":"search_term_string"}}],"inLanguage":"vi"}]}},"_links":{"self":[{"href":"https:\/\/tahanpharma.com\/vi\/wp-json\/wp\/v2\/product\/2187","targetHints":{"allow":["GET"]}}],"collection":[{"href":"https:\/\/tahanpharma.com\/vi\/wp-json\/wp\/v2\/product"}],"about":[{"href":"https:\/\/tahanpharma.com\/vi\/wp-json\/wp\/v2\/types\/product"}],"replies":[{"embeddable":true,"href":"https:\/\/tahanpharma.com\/vi\/wp-json\/wp\/v2\/comments?post=2187"}],"wp:featuredmedia":[{"embeddable":true,"href":"https:\/\/tahanpharma.com\/vi\/wp-json\/wp\/v2\/media\/2188"}],"wp:attachment":[{"href":"https:\/\/tahanpharma.com\/vi\/wp-json\/wp\/v2\/media?parent=2187"}],"wp:term":[{"taxonomy":"product_brand","embeddable":true,"href":"https:\/\/tahanpharma.com\/vi\/wp-json\/wp\/v2\/product_brand?post=2187"},{"taxonomy":"product_cat","embeddable":true,"href":"https:\/\/tahanpharma.com\/vi\/wp-json\/wp\/v2\/product_cat?post=2187"},{"taxonomy":"product_tag","embeddable":true,"href":"https:\/\/tahanpharma.com\/vi\/wp-json\/wp\/v2\/product_tag?post=2187"}],"curies":[{"name":"wp","href":"https:\/\/api.w.org\/{rel}","templated":true}]}}