{"id":2211,"date":"2025-06-19T15:00:09","date_gmt":"2025-06-19T07:00:09","guid":{"rendered":"https:\/\/tahanpharma.com\/?post_type=product&#038;p=2211"},"modified":"2025-06-19T15:00:09","modified_gmt":"2025-06-19T07:00:09","slug":"%e5%8f%af%e6%b1%9d%e5%bf%83-%e5%b0%8f-%e9%8c%a0","status":"publish","type":"product","link":"https:\/\/tahanpharma.com\/vi\/san-pham\/%e5%8f%af%e6%b1%9d%e5%bf%83-%e5%b0%8f-%e9%8c%a0\/","title":{"rendered":"Ke Ru Xin-Small (Th\u1ecfi)"},"content":{"rendered":"<p>\u0110\u1ed1i v\u1edbi ch\u00f3 n\u1eb7ng 24,3 lbs (11 kg), u\u1ed1ng m\u1ed9t vi\u00ean m\u1ed7i th\u00e1ng m\u1ed9t l\u1ea7n<\/p>","protected":false},"excerpt":{"rendered":"<p>T\u00ean thu\u1ed1c: Heart care-S<br \/>\nS\u1ed1 gi\u1ea5y ph\u00e9p: Gi\u1ea5y ph\u00e9p thu\u1ed1c th\u00fa y s\u1ed1 08268<br \/>\nD\u1ea1ng b\u00e0o ch\u1ebf: Vi\u00ean n\u00e9n<br \/>\n\u0110\u00f3ng g\u00f3i: 7T, 12T, 35T, 100T<br \/>\n\u0110\u1ed9ng v\u1eadt \u00e1p d\u1ee5ng: Ch\u00f3<br \/>\nHi\u1ec7u qu\u1ea3 (Ch\u1ec9 \u0111\u1ecbnh): Ch\u00f3: Ng\u0103n ng\u1eeba nhi\u1ec5m giun tim \u1edf ch\u00f3 v\u00e0 \u0111i\u1ec1u tr\u1ecb c\u0169ng nh\u01b0 ki\u1ec3m so\u00e1t nhi\u1ec5m giun \u0111\u0169a v\u00e0 giun m\u00f3c.<br \/>\nTh\u00e0nh ph\u1ea7n: M\u1ed7i vi\u00ean (300 mg) ch\u1ee9a:<br \/>\nIvermetin\u2026\u2026..68ug<br \/>\nPyrantel Pamoate\u2026163mg<\/p>","protected":false},"featured_media":2212,"comment_status":"open","ping_status":"closed","template":"","meta":[],"product_brand":[],"product_cat":[62,46,51],"product_tag":[],"class_list":{"0":"post-2211","1":"product","2":"type-product","3":"status-publish","4":"has-post-thumbnail","6":"product_cat-62","7":"product_cat-46","8":"product_cat-51","10":"first","11":"instock","12":"shipping-taxable","13":"product-type-simple"},"yoast_head":"<!-- This site is optimized with the Yoast SEO Premium plugin v25.3.1 (Yoast SEO v25.4) - https:\/\/yoast.com\/wordpress\/plugins\/seo\/ -->\n<title>\u53ef\u6c5d\u5fc3-\u5c0f (\u9320) - \u5927\u5b89\u5316\u5b78\u88fd\u85e5\u80a1\u4efd\u6709\u9650\u516c\u53f8<\/title>\n<meta name=\"robots\" content=\"index, follow, max-snippet:-1, max-image-preview:large, max-video-preview:-1\" \/>\n<link rel=\"canonical\" href=\"https:\/\/tahanpharma.com\/vi\/san-pham\/\u53ef\u6c5d\u5fc3-\u5c0f-\u9320\/\" \/>\n<meta property=\"og:locale\" content=\"vi_VN\" \/>\n<meta property=\"og:type\" content=\"article\" \/>\n<meta property=\"og:title\" content=\"\u53ef\u6c5d\u5fc3-\u5c0f (\u9320)\" \/>\n<meta property=\"og:description\" content=\"\u85e5\u54c1\u540d \uff1a Heart care-S \u8a31\u53ef\u8b49\u5b57\u865f \uff1a \u52d5\u7269\u85e5\u88fd\u5b57\u7b2c08268\u865f \u5291\u578b \uff1a \u9320\u5291 \u5305\u88dd \uff1a 7T\u300112T\u300135T\u3001100T \u9069\u7528\u52d5\u7269 \uff1a \u72ac \u6548\u80fd(\u9069\u61c9\u75c7) \uff1a \u72ac\uff1a\u9810\u9632\u611f\u67d3\u72ac\u5fc3\u7d72\u87f2\u75c7\uff0c\u4e26\u6cbb\u7642\u548c\u63a7\u5236\u86d4\u87f2\u53ca\u9264\u87f2\u611f\u67d3\u75c7\u3002 \u6210\u4efd \uff1a Each Tab\uff08300mg\uff09 contains\uff1a Ivermetin\u2026\u2026..68ug Pyrantel Pamoate\u2026163mg\" \/>\n<meta property=\"og:url\" content=\"https:\/\/tahanpharma.com\/vi\/san-pham\/\u53ef\u6c5d\u5fc3-\u5c0f-\u9320\/\" \/>\n<meta property=\"og:site_name\" content=\"\u5927\u5b89\u5316\u5b78\u88fd\u85e5\u80a1\u4efd\u6709\u9650\u516c\u53f8\" \/>\n<meta property=\"og:image\" content=\"https:\/\/tahanpharma.com\/wp-content\/uploads\/2025\/06\/\u53ef\u6c5d\u5fc3-\u5c0f-\u9320-01.jpg\" \/>\n\t<meta property=\"og:image:width\" content=\"500\" \/>\n\t<meta property=\"og:image:height\" content=\"500\" \/>\n\t<meta property=\"og:image:type\" content=\"image\/jpeg\" \/>\n<meta name=\"twitter:card\" content=\"summary_large_image\" \/>\n<script type=\"application\/ld+json\" class=\"yoast-schema-graph\">{\"@context\":\"https:\/\/schema.org\",\"@graph\":[{\"@type\":\"WebPage\",\"@id\":\"https:\/\/tahanpharma.com\/product\/%e5%8f%af%e6%b1%9d%e5%bf%83-%e5%b0%8f-%e9%8c%a0\/\",\"url\":\"https:\/\/tahanpharma.com\/product\/%e5%8f%af%e6%b1%9d%e5%bf%83-%e5%b0%8f-%e9%8c%a0\/\",\"name\":\"\u53ef\u6c5d\u5fc3-\u5c0f (\u9320) - \u5927\u5b89\u5316\u5b78\u88fd\u85e5\u80a1\u4efd\u6709\u9650\u516c\u53f8\",\"isPartOf\":{\"@id\":\"https:\/\/tahanpharma.com\/#website\"},\"primaryImageOfPage\":{\"@id\":\"https:\/\/tahanpharma.com\/product\/%e5%8f%af%e6%b1%9d%e5%bf%83-%e5%b0%8f-%e9%8c%a0\/#primaryimage\"},\"image\":{\"@id\":\"https:\/\/tahanpharma.com\/product\/%e5%8f%af%e6%b1%9d%e5%bf%83-%e5%b0%8f-%e9%8c%a0\/#primaryimage\"},\"thumbnailUrl\":\"https:\/\/tahanpharma.com\/wp-content\/uploads\/2025\/06\/\u53ef\u6c5d\u5fc3-\u5c0f-\u9320-01.jpg\",\"datePublished\":\"2025-06-19T07:00:09+00:00\",\"breadcrumb\":{\"@id\":\"https:\/\/tahanpharma.com\/product\/%e5%8f%af%e6%b1%9d%e5%bf%83-%e5%b0%8f-%e9%8c%a0\/#breadcrumb\"},\"inLanguage\":\"vi\",\"potentialAction\":[{\"@type\":\"ReadAction\",\"target\":[\"https:\/\/tahanpharma.com\/product\/%e5%8f%af%e6%b1%9d%e5%bf%83-%e5%b0%8f-%e9%8c%a0\/\"]}]},{\"@type\":\"ImageObject\",\"inLanguage\":\"vi\",\"@id\":\"https:\/\/tahanpharma.com\/product\/%e5%8f%af%e6%b1%9d%e5%bf%83-%e5%b0%8f-%e9%8c%a0\/#primaryimage\",\"url\":\"https:\/\/tahanpharma.com\/wp-content\/uploads\/2025\/06\/\u53ef\u6c5d\u5fc3-\u5c0f-\u9320-01.jpg\",\"contentUrl\":\"https:\/\/tahanpharma.com\/wp-content\/uploads\/2025\/06\/\u53ef\u6c5d\u5fc3-\u5c0f-\u9320-01.jpg\",\"width\":500,\"height\":500},{\"@type\":\"BreadcrumbList\",\"@id\":\"https:\/\/tahanpharma.com\/product\/%e5%8f%af%e6%b1%9d%e5%bf%83-%e5%b0%8f-%e9%8c%a0\/#breadcrumb\",\"itemListElement\":[{\"@type\":\"ListItem\",\"position\":1,\"name\":\"\u9996\u9801\",\"item\":\"https:\/\/tahanpharma.com\/\"},{\"@type\":\"ListItem\",\"position\":2,\"name\":\"\u7522\u54c1\u7c21\u4ecb\",\"item\":\"https:\/\/tahanpharma.com\/product\/\"},{\"@type\":\"ListItem\",\"position\":3,\"name\":\"\u53ef\u6c5d\u5fc3-\u5c0f (\u9320)\"}]},{\"@type\":\"WebSite\",\"@id\":\"https:\/\/tahanpharma.com\/#website\",\"url\":\"https:\/\/tahanpharma.com\/\",\"name\":\"\u5927\u5b89\u5316\u5b78\u88fd\u85e5\u80a1\u4efd\u6709\u9650\u516c\u53f8\",\"description\":\"\u52d5\u7269\u85e5\u54c1\u88fd\u9020\",\"potentialAction\":[{\"@type\":\"SearchAction\",\"target\":{\"@type\":\"EntryPoint\",\"urlTemplate\":\"https:\/\/tahanpharma.com\/?s={search_term_string}\"},\"query-input\":{\"@type\":\"PropertyValueSpecification\",\"valueRequired\":true,\"valueName\":\"search_term_string\"}}],\"inLanguage\":\"vi\"}]}<\/script>\n<!-- \/ Yoast SEO Premium plugin. -->","yoast_head_json":{"title":"\u53ef\u6c5d\u5fc3-\u5c0f (\u9320) - \u5927\u5b89\u5316\u5b78\u88fd\u85e5\u80a1\u4efd\u6709\u9650\u516c\u53f8","robots":{"index":"index","follow":"follow","max-snippet":"max-snippet:-1","max-image-preview":"max-image-preview:large","max-video-preview":"max-video-preview:-1"},"canonical":"https:\/\/tahanpharma.com\/vi\/san-pham\/\u53ef\u6c5d\u5fc3-\u5c0f-\u9320\/","og_locale":"vi_VN","og_type":"article","og_title":"\u53ef\u6c5d\u5fc3-\u5c0f (\u9320)","og_description":"\u85e5\u54c1\u540d \uff1a Heart care-S \u8a31\u53ef\u8b49\u5b57\u865f \uff1a \u52d5\u7269\u85e5\u88fd\u5b57\u7b2c08268\u865f \u5291\u578b \uff1a \u9320\u5291 \u5305\u88dd \uff1a 7T\u300112T\u300135T\u3001100T \u9069\u7528\u52d5\u7269 \uff1a \u72ac \u6548\u80fd(\u9069\u61c9\u75c7) \uff1a \u72ac\uff1a\u9810\u9632\u611f\u67d3\u72ac\u5fc3\u7d72\u87f2\u75c7\uff0c\u4e26\u6cbb\u7642\u548c\u63a7\u5236\u86d4\u87f2\u53ca\u9264\u87f2\u611f\u67d3\u75c7\u3002 \u6210\u4efd \uff1a Each Tab\uff08300mg\uff09 contains\uff1a Ivermetin\u2026\u2026..68ug Pyrantel Pamoate\u2026163mg","og_url":"https:\/\/tahanpharma.com\/vi\/san-pham\/\u53ef\u6c5d\u5fc3-\u5c0f-\u9320\/","og_site_name":"\u5927\u5b89\u5316\u5b78\u88fd\u85e5\u80a1\u4efd\u6709\u9650\u516c\u53f8","og_image":[{"width":500,"height":500,"url":"https:\/\/tahanpharma.com\/wp-content\/uploads\/2025\/06\/\u53ef\u6c5d\u5fc3-\u5c0f-\u9320-01.jpg","type":"image\/jpeg"}],"twitter_card":"summary_large_image","schema":{"@context":"https:\/\/schema.org","@graph":[{"@type":"WebPage","@id":"https:\/\/tahanpharma.com\/product\/%e5%8f%af%e6%b1%9d%e5%bf%83-%e5%b0%8f-%e9%8c%a0\/","url":"https:\/\/tahanpharma.com\/product\/%e5%8f%af%e6%b1%9d%e5%bf%83-%e5%b0%8f-%e9%8c%a0\/","name":"\u53ef\u6c5d\u5fc3-\u5c0f (\u9320) - \u5927\u5b89\u5316\u5b78\u88fd\u85e5\u80a1\u4efd\u6709\u9650\u516c\u53f8","isPartOf":{"@id":"https:\/\/tahanpharma.com\/#website"},"primaryImageOfPage":{"@id":"https:\/\/tahanpharma.com\/product\/%e5%8f%af%e6%b1%9d%e5%bf%83-%e5%b0%8f-%e9%8c%a0\/#primaryimage"},"image":{"@id":"https:\/\/tahanpharma.com\/product\/%e5%8f%af%e6%b1%9d%e5%bf%83-%e5%b0%8f-%e9%8c%a0\/#primaryimage"},"thumbnailUrl":"https:\/\/tahanpharma.com\/wp-content\/uploads\/2025\/06\/\u53ef\u6c5d\u5fc3-\u5c0f-\u9320-01.jpg","datePublished":"2025-06-19T07:00:09+00:00","breadcrumb":{"@id":"https:\/\/tahanpharma.com\/product\/%e5%8f%af%e6%b1%9d%e5%bf%83-%e5%b0%8f-%e9%8c%a0\/#breadcrumb"},"inLanguage":"vi","potentialAction":[{"@type":"ReadAction","target":["https:\/\/tahanpharma.com\/product\/%e5%8f%af%e6%b1%9d%e5%bf%83-%e5%b0%8f-%e9%8c%a0\/"]}]},{"@type":"ImageObject","inLanguage":"vi","@id":"https:\/\/tahanpharma.com\/product\/%e5%8f%af%e6%b1%9d%e5%bf%83-%e5%b0%8f-%e9%8c%a0\/#primaryimage","url":"https:\/\/tahanpharma.com\/wp-content\/uploads\/2025\/06\/\u53ef\u6c5d\u5fc3-\u5c0f-\u9320-01.jpg","contentUrl":"https:\/\/tahanpharma.com\/wp-content\/uploads\/2025\/06\/\u53ef\u6c5d\u5fc3-\u5c0f-\u9320-01.jpg","width":500,"height":500},{"@type":"BreadcrumbList","@id":"https:\/\/tahanpharma.com\/product\/%e5%8f%af%e6%b1%9d%e5%bf%83-%e5%b0%8f-%e9%8c%a0\/#breadcrumb","itemListElement":[{"@type":"ListItem","position":1,"name":"\u9996\u9801","item":"https:\/\/tahanpharma.com\/"},{"@type":"ListItem","position":2,"name":"\u7522\u54c1\u7c21\u4ecb","item":"https:\/\/tahanpharma.com\/product\/"},{"@type":"ListItem","position":3,"name":"\u53ef\u6c5d\u5fc3-\u5c0f (\u9320)"}]},{"@type":"WebSite","@id":"https:\/\/tahanpharma.com\/#website","url":"https:\/\/tahanpharma.com\/","name":"\u5927\u5b89\u5316\u5b78\u88fd\u85e5\u80a1\u4efd\u6709\u9650\u516c\u53f8","description":"\u52d5\u7269\u85e5\u54c1\u88fd\u9020","potentialAction":[{"@type":"SearchAction","target":{"@type":"EntryPoint","urlTemplate":"https:\/\/tahanpharma.com\/?s={search_term_string}"},"query-input":{"@type":"PropertyValueSpecification","valueRequired":true,"valueName":"search_term_string"}}],"inLanguage":"vi"}]}},"_links":{"self":[{"href":"https:\/\/tahanpharma.com\/vi\/wp-json\/wp\/v2\/product\/2211","targetHints":{"allow":["GET"]}}],"collection":[{"href":"https:\/\/tahanpharma.com\/vi\/wp-json\/wp\/v2\/product"}],"about":[{"href":"https:\/\/tahanpharma.com\/vi\/wp-json\/wp\/v2\/types\/product"}],"replies":[{"embeddable":true,"href":"https:\/\/tahanpharma.com\/vi\/wp-json\/wp\/v2\/comments?post=2211"}],"wp:featuredmedia":[{"embeddable":true,"href":"https:\/\/tahanpharma.com\/vi\/wp-json\/wp\/v2\/media\/2212"}],"wp:attachment":[{"href":"https:\/\/tahanpharma.com\/vi\/wp-json\/wp\/v2\/media?parent=2211"}],"wp:term":[{"taxonomy":"product_brand","embeddable":true,"href":"https:\/\/tahanpharma.com\/vi\/wp-json\/wp\/v2\/product_brand?post=2211"},{"taxonomy":"product_cat","embeddable":true,"href":"https:\/\/tahanpharma.com\/vi\/wp-json\/wp\/v2\/product_cat?post=2211"},{"taxonomy":"product_tag","embeddable":true,"href":"https:\/\/tahanpharma.com\/vi\/wp-json\/wp\/v2\/product_tag?post=2211"}],"curies":[{"name":"wp","href":"https:\/\/api.w.org\/{rel}","templated":true}]}}