{"id":2218,"date":"2025-06-19T15:44:22","date_gmt":"2025-06-19T07:44:22","guid":{"rendered":"https:\/\/tahanpharma.com\/?post_type=product&#038;p=2218"},"modified":"2025-06-19T15:44:22","modified_gmt":"2025-06-19T07:44:22","slug":"%e8%bc%95%e9%ac%86%e8%9a%a4%e6%bb%b4%e5%8a%91","status":"publish","type":"product","link":"https:\/\/tahanpharma.com\/vi\/san-pham\/%e8%bc%95%e9%ac%86%e8%9a%a4%e6%bb%b4%e5%8a%91\/","title":{"rendered":"Thu\u1ed1c nh\u1ecf gi\u1ecdt tr\u1ecb b\u1ecd ch\u00e9t Relax"},"content":{"rendered":"<p>R\u1ebd l\u00f4ng gi\u1eefa hai b\u1ea3 vai c\u1ee7a th\u00fa c\u01b0ng (tr\u00e1nh li\u1ebfm) cho \u0111\u1ebfn khi da \u0111\u01b0\u1ee3c l\u1ed9 ra. Ch\u1ea1m \u0111\u1ea7u \u1ed1ng nh\u1ecf gi\u1ecdt v\u00e0o da v\u00e0 b\u00f3p v\u00e0i l\u1ea7n cho \u0111\u1ebfn khi thu\u1ed1c \u0111\u01b0\u1ee3c nh\u1ecf tr\u1ef1c ti\u1ebfp l\u00ean da. C\u1ea9n th\u1eadn kh\u00f4ng \u0111\u1ec3 l\u00f4ng qu\u00e1 \u01b0\u1edbt, v\u00ec \u0111i\u1ec1u n\u00e0y s\u1ebd l\u00e0m l\u00f4ng t\u1ea1i v\u1ecb tr\u00ed nh\u1ecf thu\u1ed1c b\u1ecb d\u00ednh. Tuy nhi\u00ean, n\u1ebfu t\u00ecnh tr\u1ea1ng n\u00e0y v\u1eabn x\u1ea3y ra, n\u00f3 s\u1ebd bi\u1ebfn m\u1ea5t trong v\u00f2ng 24 gi\u1edd sau khi d\u00f9ng thu\u1ed1c.<\/p>","protected":false},"excerpt":{"rendered":"<p>T\u00ean thu\u1ed1c: FIPRONIN<br \/>\nS\u1ed1 gi\u1ea5y ph\u00e9p: Gi\u1ea5y ph\u00e9p thu\u1ed1c th\u00fa y s\u1ed1 08848<br \/>\nD\u1ea1ng b\u00e0o ch\u1ebf: Dung d\u1ecbch d\u00f9ng ngo\u00e0i da<br \/>\nBao b\u00ec: 0,5ml, 0,67ml, 1,34ml, 2,68ml, 5,36ml<br \/>\n\u0110\u1ed9ng v\u1eadt \u00e1p d\u1ee5ng: m\u00e8o, ch\u00f3<br \/>\nHi\u1ec7u qu\u1ea3 (Ch\u1ec9 \u0111\u1ecbnh): M\u00e8o: Ph\u00f2ng ng\u1eeba v\u00e0 \u0111i\u1ec1u tr\u1ecb nhi\u1ec5m b\u1ecd ch\u00e9t. Ch\u00f3: Ph\u00f2ng ng\u1eeba v\u00e0 \u0111i\u1ec1u tr\u1ecb nhi\u1ec5m b\u1ecd ch\u00e9t v\u00e0 ve.<br \/>\nTh\u00e0nh ph\u1ea7n: M\u1ed7i ml ch\u1ee9a: Fipronil\u2026.\u2026.100mg<\/p>","protected":false},"featured_media":2220,"comment_status":"open","ping_status":"closed","template":"","meta":[],"product_brand":[],"product_cat":[63,66,46,51,52],"product_tag":[],"class_list":{"0":"post-2218","1":"product","2":"type-product","3":"status-publish","4":"has-post-thumbnail","6":"product_cat-63","7":"product_cat-66","8":"product_cat-46","9":"product_cat-51","10":"product_cat-52","12":"first","13":"instock","14":"shipping-taxable","15":"product-type-simple"},"yoast_head":"<!-- This site is optimized with the Yoast SEO Premium plugin v25.3.1 (Yoast SEO v25.4) - https:\/\/yoast.com\/wordpress\/plugins\/seo\/ -->\n<title>\u8f15\u9b06\u86a4\u6ef4\u5291 - \u5927\u5b89\u5316\u5b78\u88fd\u85e5\u80a1\u4efd\u6709\u9650\u516c\u53f8<\/title>\n<meta name=\"robots\" content=\"index, follow, max-snippet:-1, max-image-preview:large, max-video-preview:-1\" \/>\n<link rel=\"canonical\" href=\"https:\/\/tahanpharma.com\/vi\/san-pham\/\u8f15\u9b06\u86a4\u6ef4\u5291\/\" \/>\n<meta property=\"og:locale\" content=\"vi_VN\" \/>\n<meta property=\"og:type\" content=\"article\" \/>\n<meta property=\"og:title\" content=\"\u8f15\u9b06\u86a4\u6ef4\u5291\" \/>\n<meta property=\"og:description\" content=\"\u85e5\u54c1\u540d \uff1a FIPRONIN \u8a31\u53ef\u8b49\u5b57\u865f \uff1a \u52d5\u7269\u85e5\u88fd\u5b57\u7b2c08848\u865f \u5291\u578b \uff1a \u5916\u7528\u6db2\u5291 \u5305\u88dd \uff1a 0.5ml,0.67ml,1.34ml,2.68ml,5.36ml \u9069\u7528\u52d5\u7269 \uff1a \u8c93\u3001\u72ac \u6548\u80fd(\u9069\u61c9\u75c7) \uff1a \u8c93\uff1a\u9810\u9632\u53ca\u6cbb\u7642\u8df3\u86a4\u611f\u67d3\u75c7\u3002\u72ac\uff1a\u9810\u9632\u53ca\u6cbb\u7642\u8df3\u86a4\u58c1\u8768\u611f\u67d3\u75c7\u3002 \u6210\u4efd \uff1a Each ml contains\uff1aFipronil\u2026.\u2026.100mg\" \/>\n<meta property=\"og:url\" content=\"https:\/\/tahanpharma.com\/vi\/san-pham\/\u8f15\u9b06\u86a4\u6ef4\u5291\/\" \/>\n<meta property=\"og:site_name\" content=\"\u5927\u5b89\u5316\u5b78\u88fd\u85e5\u80a1\u4efd\u6709\u9650\u516c\u53f8\" \/>\n<meta property=\"og:image\" content=\"https:\/\/tahanpharma.com\/wp-content\/uploads\/2025\/06\/\u8f15\u9b06\u86a4\u6ef4\u5291-01.jpg\" \/>\n\t<meta property=\"og:image:width\" content=\"500\" \/>\n\t<meta property=\"og:image:height\" content=\"500\" \/>\n\t<meta property=\"og:image:type\" content=\"image\/jpeg\" \/>\n<meta name=\"twitter:card\" content=\"summary_large_image\" \/>\n<script type=\"application\/ld+json\" class=\"yoast-schema-graph\">{\"@context\":\"https:\/\/schema.org\",\"@graph\":[{\"@type\":\"WebPage\",\"@id\":\"https:\/\/tahanpharma.com\/product\/%e8%bc%95%e9%ac%86%e8%9a%a4%e6%bb%b4%e5%8a%91\/\",\"url\":\"https:\/\/tahanpharma.com\/product\/%e8%bc%95%e9%ac%86%e8%9a%a4%e6%bb%b4%e5%8a%91\/\",\"name\":\"\u8f15\u9b06\u86a4\u6ef4\u5291 - \u5927\u5b89\u5316\u5b78\u88fd\u85e5\u80a1\u4efd\u6709\u9650\u516c\u53f8\",\"isPartOf\":{\"@id\":\"https:\/\/tahanpharma.com\/#website\"},\"primaryImageOfPage\":{\"@id\":\"https:\/\/tahanpharma.com\/product\/%e8%bc%95%e9%ac%86%e8%9a%a4%e6%bb%b4%e5%8a%91\/#primaryimage\"},\"image\":{\"@id\":\"https:\/\/tahanpharma.com\/product\/%e8%bc%95%e9%ac%86%e8%9a%a4%e6%bb%b4%e5%8a%91\/#primaryimage\"},\"thumbnailUrl\":\"https:\/\/tahanpharma.com\/wp-content\/uploads\/2025\/06\/\u8f15\u9b06\u86a4\u6ef4\u5291-01.jpg\",\"datePublished\":\"2025-06-19T07:44:22+00:00\",\"breadcrumb\":{\"@id\":\"https:\/\/tahanpharma.com\/product\/%e8%bc%95%e9%ac%86%e8%9a%a4%e6%bb%b4%e5%8a%91\/#breadcrumb\"},\"inLanguage\":\"vi\",\"potentialAction\":[{\"@type\":\"ReadAction\",\"target\":[\"https:\/\/tahanpharma.com\/product\/%e8%bc%95%e9%ac%86%e8%9a%a4%e6%bb%b4%e5%8a%91\/\"]}]},{\"@type\":\"ImageObject\",\"inLanguage\":\"vi\",\"@id\":\"https:\/\/tahanpharma.com\/product\/%e8%bc%95%e9%ac%86%e8%9a%a4%e6%bb%b4%e5%8a%91\/#primaryimage\",\"url\":\"https:\/\/tahanpharma.com\/wp-content\/uploads\/2025\/06\/\u8f15\u9b06\u86a4\u6ef4\u5291-01.jpg\",\"contentUrl\":\"https:\/\/tahanpharma.com\/wp-content\/uploads\/2025\/06\/\u8f15\u9b06\u86a4\u6ef4\u5291-01.jpg\",\"width\":500,\"height\":500},{\"@type\":\"BreadcrumbList\",\"@id\":\"https:\/\/tahanpharma.com\/product\/%e8%bc%95%e9%ac%86%e8%9a%a4%e6%bb%b4%e5%8a%91\/#breadcrumb\",\"itemListElement\":[{\"@type\":\"ListItem\",\"position\":1,\"name\":\"\u9996\u9801\",\"item\":\"https:\/\/tahanpharma.com\/\"},{\"@type\":\"ListItem\",\"position\":2,\"name\":\"\u7522\u54c1\u7c21\u4ecb\",\"item\":\"https:\/\/tahanpharma.com\/product\/\"},{\"@type\":\"ListItem\",\"position\":3,\"name\":\"\u8f15\u9b06\u86a4\u6ef4\u5291\"}]},{\"@type\":\"WebSite\",\"@id\":\"https:\/\/tahanpharma.com\/#website\",\"url\":\"https:\/\/tahanpharma.com\/\",\"name\":\"\u5927\u5b89\u5316\u5b78\u88fd\u85e5\u80a1\u4efd\u6709\u9650\u516c\u53f8\",\"description\":\"\u52d5\u7269\u85e5\u54c1\u88fd\u9020\",\"potentialAction\":[{\"@type\":\"SearchAction\",\"target\":{\"@type\":\"EntryPoint\",\"urlTemplate\":\"https:\/\/tahanpharma.com\/?s={search_term_string}\"},\"query-input\":{\"@type\":\"PropertyValueSpecification\",\"valueRequired\":true,\"valueName\":\"search_term_string\"}}],\"inLanguage\":\"vi\"}]}<\/script>\n<!-- \/ Yoast SEO Premium plugin. -->","yoast_head_json":{"title":"\u8f15\u9b06\u86a4\u6ef4\u5291 - \u5927\u5b89\u5316\u5b78\u88fd\u85e5\u80a1\u4efd\u6709\u9650\u516c\u53f8","robots":{"index":"index","follow":"follow","max-snippet":"max-snippet:-1","max-image-preview":"max-image-preview:large","max-video-preview":"max-video-preview:-1"},"canonical":"https:\/\/tahanpharma.com\/vi\/san-pham\/\u8f15\u9b06\u86a4\u6ef4\u5291\/","og_locale":"vi_VN","og_type":"article","og_title":"\u8f15\u9b06\u86a4\u6ef4\u5291","og_description":"\u85e5\u54c1\u540d \uff1a FIPRONIN \u8a31\u53ef\u8b49\u5b57\u865f \uff1a \u52d5\u7269\u85e5\u88fd\u5b57\u7b2c08848\u865f \u5291\u578b \uff1a \u5916\u7528\u6db2\u5291 \u5305\u88dd \uff1a 0.5ml,0.67ml,1.34ml,2.68ml,5.36ml \u9069\u7528\u52d5\u7269 \uff1a \u8c93\u3001\u72ac \u6548\u80fd(\u9069\u61c9\u75c7) \uff1a \u8c93\uff1a\u9810\u9632\u53ca\u6cbb\u7642\u8df3\u86a4\u611f\u67d3\u75c7\u3002\u72ac\uff1a\u9810\u9632\u53ca\u6cbb\u7642\u8df3\u86a4\u58c1\u8768\u611f\u67d3\u75c7\u3002 \u6210\u4efd \uff1a Each ml contains\uff1aFipronil\u2026.\u2026.100mg","og_url":"https:\/\/tahanpharma.com\/vi\/san-pham\/\u8f15\u9b06\u86a4\u6ef4\u5291\/","og_site_name":"\u5927\u5b89\u5316\u5b78\u88fd\u85e5\u80a1\u4efd\u6709\u9650\u516c\u53f8","og_image":[{"width":500,"height":500,"url":"https:\/\/tahanpharma.com\/wp-content\/uploads\/2025\/06\/\u8f15\u9b06\u86a4\u6ef4\u5291-01.jpg","type":"image\/jpeg"}],"twitter_card":"summary_large_image","schema":{"@context":"https:\/\/schema.org","@graph":[{"@type":"WebPage","@id":"https:\/\/tahanpharma.com\/product\/%e8%bc%95%e9%ac%86%e8%9a%a4%e6%bb%b4%e5%8a%91\/","url":"https:\/\/tahanpharma.com\/product\/%e8%bc%95%e9%ac%86%e8%9a%a4%e6%bb%b4%e5%8a%91\/","name":"\u8f15\u9b06\u86a4\u6ef4\u5291 - \u5927\u5b89\u5316\u5b78\u88fd\u85e5\u80a1\u4efd\u6709\u9650\u516c\u53f8","isPartOf":{"@id":"https:\/\/tahanpharma.com\/#website"},"primaryImageOfPage":{"@id":"https:\/\/tahanpharma.com\/product\/%e8%bc%95%e9%ac%86%e8%9a%a4%e6%bb%b4%e5%8a%91\/#primaryimage"},"image":{"@id":"https:\/\/tahanpharma.com\/product\/%e8%bc%95%e9%ac%86%e8%9a%a4%e6%bb%b4%e5%8a%91\/#primaryimage"},"thumbnailUrl":"https:\/\/tahanpharma.com\/wp-content\/uploads\/2025\/06\/\u8f15\u9b06\u86a4\u6ef4\u5291-01.jpg","datePublished":"2025-06-19T07:44:22+00:00","breadcrumb":{"@id":"https:\/\/tahanpharma.com\/product\/%e8%bc%95%e9%ac%86%e8%9a%a4%e6%bb%b4%e5%8a%91\/#breadcrumb"},"inLanguage":"vi","potentialAction":[{"@type":"ReadAction","target":["https:\/\/tahanpharma.com\/product\/%e8%bc%95%e9%ac%86%e8%9a%a4%e6%bb%b4%e5%8a%91\/"]}]},{"@type":"ImageObject","inLanguage":"vi","@id":"https:\/\/tahanpharma.com\/product\/%e8%bc%95%e9%ac%86%e8%9a%a4%e6%bb%b4%e5%8a%91\/#primaryimage","url":"https:\/\/tahanpharma.com\/wp-content\/uploads\/2025\/06\/\u8f15\u9b06\u86a4\u6ef4\u5291-01.jpg","contentUrl":"https:\/\/tahanpharma.com\/wp-content\/uploads\/2025\/06\/\u8f15\u9b06\u86a4\u6ef4\u5291-01.jpg","width":500,"height":500},{"@type":"BreadcrumbList","@id":"https:\/\/tahanpharma.com\/product\/%e8%bc%95%e9%ac%86%e8%9a%a4%e6%bb%b4%e5%8a%91\/#breadcrumb","itemListElement":[{"@type":"ListItem","position":1,"name":"\u9996\u9801","item":"https:\/\/tahanpharma.com\/"},{"@type":"ListItem","position":2,"name":"\u7522\u54c1\u7c21\u4ecb","item":"https:\/\/tahanpharma.com\/product\/"},{"@type":"ListItem","position":3,"name":"\u8f15\u9b06\u86a4\u6ef4\u5291"}]},{"@type":"WebSite","@id":"https:\/\/tahanpharma.com\/#website","url":"https:\/\/tahanpharma.com\/","name":"\u5927\u5b89\u5316\u5b78\u88fd\u85e5\u80a1\u4efd\u6709\u9650\u516c\u53f8","description":"\u52d5\u7269\u85e5\u54c1\u88fd\u9020","potentialAction":[{"@type":"SearchAction","target":{"@type":"EntryPoint","urlTemplate":"https:\/\/tahanpharma.com\/?s={search_term_string}"},"query-input":{"@type":"PropertyValueSpecification","valueRequired":true,"valueName":"search_term_string"}}],"inLanguage":"vi"}]}},"_links":{"self":[{"href":"https:\/\/tahanpharma.com\/vi\/wp-json\/wp\/v2\/product\/2218","targetHints":{"allow":["GET"]}}],"collection":[{"href":"https:\/\/tahanpharma.com\/vi\/wp-json\/wp\/v2\/product"}],"about":[{"href":"https:\/\/tahanpharma.com\/vi\/wp-json\/wp\/v2\/types\/product"}],"replies":[{"embeddable":true,"href":"https:\/\/tahanpharma.com\/vi\/wp-json\/wp\/v2\/comments?post=2218"}],"wp:featuredmedia":[{"embeddable":true,"href":"https:\/\/tahanpharma.com\/vi\/wp-json\/wp\/v2\/media\/2220"}],"wp:attachment":[{"href":"https:\/\/tahanpharma.com\/vi\/wp-json\/wp\/v2\/media?parent=2218"}],"wp:term":[{"taxonomy":"product_brand","embeddable":true,"href":"https:\/\/tahanpharma.com\/vi\/wp-json\/wp\/v2\/product_brand?post=2218"},{"taxonomy":"product_cat","embeddable":true,"href":"https:\/\/tahanpharma.com\/vi\/wp-json\/wp\/v2\/product_cat?post=2218"},{"taxonomy":"product_tag","embeddable":true,"href":"https:\/\/tahanpharma.com\/vi\/wp-json\/wp\/v2\/product_tag?post=2218"}],"curies":[{"name":"wp","href":"https:\/\/api.w.org\/{rel}","templated":true}]}}