{"id":916,"date":"2025-05-13T11:42:13","date_gmt":"2025-05-13T03:42:13","guid":{"rendered":"https:\/\/tahanpharma.com\/?post_type=product&#038;p=916"},"modified":"2025-05-13T20:10:20","modified_gmt":"2025-05-13T12:10:20","slug":"%e5%ae%89%e8%8e%ab%e9%87%9d-%e4%b9%be%e7%b2%89%e6%b3%a8%e5%b0%84%e5%8a%91","status":"publish","type":"product","link":"https:\/\/tahanpharma.com\/vi\/san-pham\/%e5%ae%89%e8%8e%ab%e9%87%9d-%e4%b9%be%e7%b2%89%e6%b3%a8%e5%b0%84%e5%8a%91\/","title":{"rendered":"Thu\u1ed1c ti\u00eam b\u1ed9t kh\u00f4 Anmozhen"},"content":{"rendered":"<p>10 gm (B\u00ecnh): Khi s\u1eed d\u1ee5ng thu\u1ed1c n\u00e0y, tr\u1ed9n \u0111\u1ec1u n\u01b0\u1edbc ti\u00eam v\u00e0 ch\u1ea5t pha lo\u00e3ng \u0111\u1ec3 t\u1ea1o th\u00e0nh 100 ml dung d\u1ecbch ti\u00eam \u0111\u1ec3 ti\u00eam b\u1eafp. Ti\u00eam 7 mg (t\u1ee9c l\u00e0 0,07 ml) thu\u1ed1c n\u00e0y cho m\u1ed7i kg tr\u1ecdng l\u01b0\u1ee3ng c\u01a1 th\u1ec3 trong 3-5 ng\u00e0y li\u00ean ti\u1ebfp.<\/p>\n<p>50 gam (B\u00ecnh): Khi s\u1eed d\u1ee5ng thu\u1ed1c n\u00e0y, tr\u1ed9n \u0111\u1ec1u n\u01b0\u1edbc ti\u00eam v\u00e0 ch\u1ea5t pha lo\u00e3ng \u0111\u1ec3 t\u1ea1o th\u00e0nh 500 ml dung d\u1ecbch ti\u00eam \u0111\u1ec3 ti\u00eam b\u1eafp. Ti\u00eam 7 mg (t\u1ee9c l\u00e0 0,07 ml) thu\u1ed1c n\u00e0y cho m\u1ed7i kg tr\u1ecdng l\u01b0\u1ee3ng c\u01a1 th\u1ec3 trong 3-5 ng\u00e0y li\u00ean ti\u1ebfp.<\/p>\n<p>Th\u1eddi gian ng\u1eebng thu\u1ed1c: 14 ng\u00e0y \u0111\u1ed1i v\u1edbi l\u1ee3n, 21 ng\u00e0y \u0111\u1ed1i v\u1edbi tr\u00e2u b\u00f2, 48 gi\u1edd \u0111\u1ed1i v\u1edbi s\u1eefa<\/p>","protected":false},"excerpt":{"rendered":"<p>T\u00ean thu\u1ed1c: AMOJEN<br \/>\nS\u1ed1 gi\u1ea5y ph\u00e9p: Gi\u1ea5y ph\u00e9p thu\u1ed1c th\u00fa y s\u1ed1 07959<br \/>\nD\u1ea1ng b\u00e0o ch\u1ebf: Ti\u00eam<br \/>\n\u0110\u00f3ng g\u00f3i: 10gm, 50gm<br \/>\n\u0110\u1ed9ng v\u1eadt \u00e1p d\u1ee5ng: gia s\u00fac, l\u1ee3n<br \/>\nHi\u1ec7u qu\u1ea3 (ch\u1ec9 \u0111\u1ecbnh): L\u1ee3n v\u00e0 gia s\u00fac: \u0111i\u1ec1u tr\u1ecb vi\u00eam ph\u1ed5i do vi khu\u1ea9n, h\u1ed9i ch\u1ee9ng MMA, ph\u00f9 \u00e1c t\u00ednh, b\u1ec7nh \u0111\u00f3ng d\u1ea5u \u1edf l\u1ee3n, Escherichia coli, nhi\u1ec5m tr\u00f9ng Salmonella, nhi\u1ec5m tr\u00f9ng huy\u1ebft xu\u1ea5t huy\u1ebft, ho\u1ea1i th\u01b0 ph\u1ed5i, b\u1ec7nh n\u1ea5m actinomyces v\u00e0 c\u00e1c b\u1ec7nh m\u01b0ng m\u1ee7 n\u00f3i chung.<br \/>\nTh\u00e0nh ph\u1ea7n: M\u1ed7i chai ch\u1ee9a<br \/>\nAmoxicillin Trihydrate\u202610gm (L\u1ecd)\u300150gm (L\u1ecd)<\/p>","protected":false},"featured_media":1087,"comment_status":"open","ping_status":"closed","template":"","meta":[],"product_brand":[],"product_cat":[45,67,68,47,48],"product_tag":[],"class_list":{"0":"post-916","1":"product","2":"type-product","3":"status-publish","4":"has-post-thumbnail","6":"product_cat-45","7":"product_cat-67","8":"product_cat-68","9":"product_cat-47","10":"product_cat-48","12":"first","13":"instock","14":"shipping-taxable","15":"product-type-simple"},"yoast_head":"<!-- This site is optimized with the Yoast SEO Premium plugin v25.3.1 (Yoast SEO v25.4) - https:\/\/yoast.com\/wordpress\/plugins\/seo\/ -->\n<title>\u5b89\u83ab\u91dd \u4e7e\u7c89\u6ce8\u5c04\u5291 - \u5927\u5b89\u5316\u5b78\u88fd\u85e5\u80a1\u4efd\u6709\u9650\u516c\u53f8<\/title>\n<meta name=\"robots\" content=\"index, follow, max-snippet:-1, max-image-preview:large, max-video-preview:-1\" \/>\n<link rel=\"canonical\" href=\"https:\/\/tahanpharma.com\/vi\/san-pham\/\u5b89\u83ab\u91dd-\u4e7e\u7c89\u6ce8\u5c04\u5291\/\" \/>\n<meta property=\"og:locale\" content=\"vi_VN\" \/>\n<meta property=\"og:type\" content=\"article\" \/>\n<meta property=\"og:title\" content=\"\u5b89\u83ab\u91dd \u4e7e\u7c89\u6ce8\u5c04\u5291\" \/>\n<meta property=\"og:description\" content=\"\u85e5\u54c1\u540d \uff1a AMOJEN \u8a31\u53ef\u8b49\u5b57\u865f \uff1a \u52d5\u7269\u85e5\u88fd\u5b57\u7b2c07959\u865f \u5291\u578b \uff1a \u6ce8\u5c04\u5291 \u5305\u88dd \uff1a 10gm \u300150gm \u9069\u7528\u52d5\u7269 \uff1a \u725b\u3001\u8c6c \u6548\u80fd(\u9069\u61c9\u75c7) \uff1a \u8c6c\u3001\u725b\uff1a\u6cbb\u7642\u7d30\u83cc\u6027\u80ba\u708e\u3001MMA\u75c7\u5019\u7fa4\u3001\u60e1\u6027\u6c34\u816b\u3001\u8c6c\u4e39\u6bd2\u3001\u5927\u8178\u687f\u83cc\u75c7\u3001\u6c99\u6c0f\u687f\u83cc\u75c7\u3001\u51fa\u8840\u6027\u6557\u8840\u75c7\u3001\u6c23\u816b\u75bd\u3001\u653e\u7dda\u83cc\u75c5\u53ca\u4e00\u822c\u5316\u81bf\u75c7\u3002 \u6210\u4efd \uff1a \u6bcf\u74f6\u4e2d\u542b\u6709 Amoxicillin Trihydrate\u202610gm(Pot.)\u300150gm(Pot.)\" \/>\n<meta property=\"og:url\" content=\"https:\/\/tahanpharma.com\/vi\/san-pham\/\u5b89\u83ab\u91dd-\u4e7e\u7c89\u6ce8\u5c04\u5291\/\" \/>\n<meta property=\"og:site_name\" content=\"\u5927\u5b89\u5316\u5b78\u88fd\u85e5\u80a1\u4efd\u6709\u9650\u516c\u53f8\" \/>\n<meta property=\"article:modified_time\" content=\"2025-05-13T12:10:20+00:00\" \/>\n<meta property=\"og:image\" content=\"https:\/\/tahanpharma.com\/wp-content\/uploads\/2025\/05\/\u5b89\u83ab\u91dd-\u4e7e\u7c89\u6ce8\u5c04\u5291-01-01.jpg\" \/>\n\t<meta property=\"og:image:width\" content=\"1200\" \/>\n\t<meta property=\"og:image:height\" content=\"1200\" \/>\n\t<meta property=\"og:image:type\" content=\"image\/jpeg\" \/>\n<meta name=\"twitter:card\" content=\"summary_large_image\" \/>\n<script type=\"application\/ld+json\" class=\"yoast-schema-graph\">{\"@context\":\"https:\/\/schema.org\",\"@graph\":[{\"@type\":\"WebPage\",\"@id\":\"https:\/\/tahanpharma.com\/vi\/san-pham\/%e5%ae%89%e8%8e%ab%e9%87%9d-%e4%b9%be%e7%b2%89%e6%b3%a8%e5%b0%84%e5%8a%91\/\",\"url\":\"https:\/\/tahanpharma.com\/vi\/san-pham\/%e5%ae%89%e8%8e%ab%e9%87%9d-%e4%b9%be%e7%b2%89%e6%b3%a8%e5%b0%84%e5%8a%91\/\",\"name\":\"\u5b89\u83ab\u91dd \u4e7e\u7c89\u6ce8\u5c04\u5291 - \u5927\u5b89\u5316\u5b78\u88fd\u85e5\u80a1\u4efd\u6709\u9650\u516c\u53f8\",\"isPartOf\":{\"@id\":\"https:\/\/tahanpharma.com\/#website\"},\"primaryImageOfPage\":{\"@id\":\"https:\/\/tahanpharma.com\/vi\/san-pham\/%e5%ae%89%e8%8e%ab%e9%87%9d-%e4%b9%be%e7%b2%89%e6%b3%a8%e5%b0%84%e5%8a%91\/#primaryimage\"},\"image\":{\"@id\":\"https:\/\/tahanpharma.com\/vi\/san-pham\/%e5%ae%89%e8%8e%ab%e9%87%9d-%e4%b9%be%e7%b2%89%e6%b3%a8%e5%b0%84%e5%8a%91\/#primaryimage\"},\"thumbnailUrl\":\"https:\/\/tahanpharma.com\/wp-content\/uploads\/2025\/05\/\u5b89\u83ab\u91dd-\u4e7e\u7c89\u6ce8\u5c04\u5291-01-01.jpg\",\"datePublished\":\"2025-05-13T03:42:13+00:00\",\"dateModified\":\"2025-05-13T12:10:20+00:00\",\"breadcrumb\":{\"@id\":\"https:\/\/tahanpharma.com\/vi\/san-pham\/%e5%ae%89%e8%8e%ab%e9%87%9d-%e4%b9%be%e7%b2%89%e6%b3%a8%e5%b0%84%e5%8a%91\/#breadcrumb\"},\"inLanguage\":\"vi\",\"potentialAction\":[{\"@type\":\"ReadAction\",\"target\":[\"https:\/\/tahanpharma.com\/vi\/san-pham\/%e5%ae%89%e8%8e%ab%e9%87%9d-%e4%b9%be%e7%b2%89%e6%b3%a8%e5%b0%84%e5%8a%91\/\"]}]},{\"@type\":\"ImageObject\",\"inLanguage\":\"vi\",\"@id\":\"https:\/\/tahanpharma.com\/vi\/san-pham\/%e5%ae%89%e8%8e%ab%e9%87%9d-%e4%b9%be%e7%b2%89%e6%b3%a8%e5%b0%84%e5%8a%91\/#primaryimage\",\"url\":\"https:\/\/tahanpharma.com\/wp-content\/uploads\/2025\/05\/\u5b89\u83ab\u91dd-\u4e7e\u7c89\u6ce8\u5c04\u5291-01-01.jpg\",\"contentUrl\":\"https:\/\/tahanpharma.com\/wp-content\/uploads\/2025\/05\/\u5b89\u83ab\u91dd-\u4e7e\u7c89\u6ce8\u5c04\u5291-01-01.jpg\",\"width\":1200,\"height\":1200},{\"@type\":\"BreadcrumbList\",\"@id\":\"https:\/\/tahanpharma.com\/vi\/san-pham\/%e5%ae%89%e8%8e%ab%e9%87%9d-%e4%b9%be%e7%b2%89%e6%b3%a8%e5%b0%84%e5%8a%91\/#breadcrumb\",\"itemListElement\":[{\"@type\":\"ListItem\",\"position\":1,\"name\":\"\u9996\u9801\",\"item\":\"https:\/\/tahanpharma.com\/\"},{\"@type\":\"ListItem\",\"position\":2,\"name\":\"\u7522\u54c1\u7c21\u4ecb\",\"item\":\"https:\/\/tahanpharma.com\/product\/\"},{\"@type\":\"ListItem\",\"position\":3,\"name\":\"\u5b89\u83ab\u91dd \u4e7e\u7c89\u6ce8\u5c04\u5291\"}]},{\"@type\":\"WebSite\",\"@id\":\"https:\/\/tahanpharma.com\/#website\",\"url\":\"https:\/\/tahanpharma.com\/\",\"name\":\"\u5927\u5b89\u5316\u5b78\u88fd\u85e5\u80a1\u4efd\u6709\u9650\u516c\u53f8\",\"description\":\"\u52d5\u7269\u85e5\u54c1\u88fd\u9020\",\"potentialAction\":[{\"@type\":\"SearchAction\",\"target\":{\"@type\":\"EntryPoint\",\"urlTemplate\":\"https:\/\/tahanpharma.com\/?s={search_term_string}\"},\"query-input\":{\"@type\":\"PropertyValueSpecification\",\"valueRequired\":true,\"valueName\":\"search_term_string\"}}],\"inLanguage\":\"vi\"}]}<\/script>\n<!-- \/ Yoast SEO Premium plugin. -->","yoast_head_json":{"title":"\u5b89\u83ab\u91dd \u4e7e\u7c89\u6ce8\u5c04\u5291 - \u5927\u5b89\u5316\u5b78\u88fd\u85e5\u80a1\u4efd\u6709\u9650\u516c\u53f8","robots":{"index":"index","follow":"follow","max-snippet":"max-snippet:-1","max-image-preview":"max-image-preview:large","max-video-preview":"max-video-preview:-1"},"canonical":"https:\/\/tahanpharma.com\/vi\/san-pham\/\u5b89\u83ab\u91dd-\u4e7e\u7c89\u6ce8\u5c04\u5291\/","og_locale":"vi_VN","og_type":"article","og_title":"\u5b89\u83ab\u91dd \u4e7e\u7c89\u6ce8\u5c04\u5291","og_description":"\u85e5\u54c1\u540d \uff1a AMOJEN \u8a31\u53ef\u8b49\u5b57\u865f \uff1a \u52d5\u7269\u85e5\u88fd\u5b57\u7b2c07959\u865f \u5291\u578b \uff1a \u6ce8\u5c04\u5291 \u5305\u88dd \uff1a 10gm \u300150gm \u9069\u7528\u52d5\u7269 \uff1a \u725b\u3001\u8c6c \u6548\u80fd(\u9069\u61c9\u75c7) \uff1a \u8c6c\u3001\u725b\uff1a\u6cbb\u7642\u7d30\u83cc\u6027\u80ba\u708e\u3001MMA\u75c7\u5019\u7fa4\u3001\u60e1\u6027\u6c34\u816b\u3001\u8c6c\u4e39\u6bd2\u3001\u5927\u8178\u687f\u83cc\u75c7\u3001\u6c99\u6c0f\u687f\u83cc\u75c7\u3001\u51fa\u8840\u6027\u6557\u8840\u75c7\u3001\u6c23\u816b\u75bd\u3001\u653e\u7dda\u83cc\u75c5\u53ca\u4e00\u822c\u5316\u81bf\u75c7\u3002 \u6210\u4efd \uff1a \u6bcf\u74f6\u4e2d\u542b\u6709 Amoxicillin Trihydrate\u202610gm(Pot.)\u300150gm(Pot.)","og_url":"https:\/\/tahanpharma.com\/vi\/san-pham\/\u5b89\u83ab\u91dd-\u4e7e\u7c89\u6ce8\u5c04\u5291\/","og_site_name":"\u5927\u5b89\u5316\u5b78\u88fd\u85e5\u80a1\u4efd\u6709\u9650\u516c\u53f8","article_modified_time":"2025-05-13T12:10:20+00:00","og_image":[{"width":1200,"height":1200,"url":"https:\/\/tahanpharma.com\/wp-content\/uploads\/2025\/05\/\u5b89\u83ab\u91dd-\u4e7e\u7c89\u6ce8\u5c04\u5291-01-01.jpg","type":"image\/jpeg"}],"twitter_card":"summary_large_image","schema":{"@context":"https:\/\/schema.org","@graph":[{"@type":"WebPage","@id":"https:\/\/tahanpharma.com\/vi\/san-pham\/%e5%ae%89%e8%8e%ab%e9%87%9d-%e4%b9%be%e7%b2%89%e6%b3%a8%e5%b0%84%e5%8a%91\/","url":"https:\/\/tahanpharma.com\/vi\/san-pham\/%e5%ae%89%e8%8e%ab%e9%87%9d-%e4%b9%be%e7%b2%89%e6%b3%a8%e5%b0%84%e5%8a%91\/","name":"\u5b89\u83ab\u91dd \u4e7e\u7c89\u6ce8\u5c04\u5291 - \u5927\u5b89\u5316\u5b78\u88fd\u85e5\u80a1\u4efd\u6709\u9650\u516c\u53f8","isPartOf":{"@id":"https:\/\/tahanpharma.com\/#website"},"primaryImageOfPage":{"@id":"https:\/\/tahanpharma.com\/vi\/san-pham\/%e5%ae%89%e8%8e%ab%e9%87%9d-%e4%b9%be%e7%b2%89%e6%b3%a8%e5%b0%84%e5%8a%91\/#primaryimage"},"image":{"@id":"https:\/\/tahanpharma.com\/vi\/san-pham\/%e5%ae%89%e8%8e%ab%e9%87%9d-%e4%b9%be%e7%b2%89%e6%b3%a8%e5%b0%84%e5%8a%91\/#primaryimage"},"thumbnailUrl":"https:\/\/tahanpharma.com\/wp-content\/uploads\/2025\/05\/\u5b89\u83ab\u91dd-\u4e7e\u7c89\u6ce8\u5c04\u5291-01-01.jpg","datePublished":"2025-05-13T03:42:13+00:00","dateModified":"2025-05-13T12:10:20+00:00","breadcrumb":{"@id":"https:\/\/tahanpharma.com\/vi\/san-pham\/%e5%ae%89%e8%8e%ab%e9%87%9d-%e4%b9%be%e7%b2%89%e6%b3%a8%e5%b0%84%e5%8a%91\/#breadcrumb"},"inLanguage":"vi","potentialAction":[{"@type":"ReadAction","target":["https:\/\/tahanpharma.com\/vi\/san-pham\/%e5%ae%89%e8%8e%ab%e9%87%9d-%e4%b9%be%e7%b2%89%e6%b3%a8%e5%b0%84%e5%8a%91\/"]}]},{"@type":"ImageObject","inLanguage":"vi","@id":"https:\/\/tahanpharma.com\/vi\/san-pham\/%e5%ae%89%e8%8e%ab%e9%87%9d-%e4%b9%be%e7%b2%89%e6%b3%a8%e5%b0%84%e5%8a%91\/#primaryimage","url":"https:\/\/tahanpharma.com\/wp-content\/uploads\/2025\/05\/\u5b89\u83ab\u91dd-\u4e7e\u7c89\u6ce8\u5c04\u5291-01-01.jpg","contentUrl":"https:\/\/tahanpharma.com\/wp-content\/uploads\/2025\/05\/\u5b89\u83ab\u91dd-\u4e7e\u7c89\u6ce8\u5c04\u5291-01-01.jpg","width":1200,"height":1200},{"@type":"BreadcrumbList","@id":"https:\/\/tahanpharma.com\/vi\/san-pham\/%e5%ae%89%e8%8e%ab%e9%87%9d-%e4%b9%be%e7%b2%89%e6%b3%a8%e5%b0%84%e5%8a%91\/#breadcrumb","itemListElement":[{"@type":"ListItem","position":1,"name":"\u9996\u9801","item":"https:\/\/tahanpharma.com\/"},{"@type":"ListItem","position":2,"name":"\u7522\u54c1\u7c21\u4ecb","item":"https:\/\/tahanpharma.com\/product\/"},{"@type":"ListItem","position":3,"name":"\u5b89\u83ab\u91dd \u4e7e\u7c89\u6ce8\u5c04\u5291"}]},{"@type":"WebSite","@id":"https:\/\/tahanpharma.com\/#website","url":"https:\/\/tahanpharma.com\/","name":"\u5927\u5b89\u5316\u5b78\u88fd\u85e5\u80a1\u4efd\u6709\u9650\u516c\u53f8","description":"\u52d5\u7269\u85e5\u54c1\u88fd\u9020","potentialAction":[{"@type":"SearchAction","target":{"@type":"EntryPoint","urlTemplate":"https:\/\/tahanpharma.com\/?s={search_term_string}"},"query-input":{"@type":"PropertyValueSpecification","valueRequired":true,"valueName":"search_term_string"}}],"inLanguage":"vi"}]}},"_links":{"self":[{"href":"https:\/\/tahanpharma.com\/vi\/wp-json\/wp\/v2\/product\/916","targetHints":{"allow":["GET"]}}],"collection":[{"href":"https:\/\/tahanpharma.com\/vi\/wp-json\/wp\/v2\/product"}],"about":[{"href":"https:\/\/tahanpharma.com\/vi\/wp-json\/wp\/v2\/types\/product"}],"replies":[{"embeddable":true,"href":"https:\/\/tahanpharma.com\/vi\/wp-json\/wp\/v2\/comments?post=916"}],"wp:featuredmedia":[{"embeddable":true,"href":"https:\/\/tahanpharma.com\/vi\/wp-json\/wp\/v2\/media\/1087"}],"wp:attachment":[{"href":"https:\/\/tahanpharma.com\/vi\/wp-json\/wp\/v2\/media?parent=916"}],"wp:term":[{"taxonomy":"product_brand","embeddable":true,"href":"https:\/\/tahanpharma.com\/vi\/wp-json\/wp\/v2\/product_brand?post=916"},{"taxonomy":"product_cat","embeddable":true,"href":"https:\/\/tahanpharma.com\/vi\/wp-json\/wp\/v2\/product_cat?post=916"},{"taxonomy":"product_tag","embeddable":true,"href":"https:\/\/tahanpharma.com\/vi\/wp-json\/wp\/v2\/product_tag?post=916"}],"curies":[{"name":"wp","href":"https:\/\/api.w.org\/{rel}","templated":true}]}}