{"id":924,"date":"2025-05-13T11:53:01","date_gmt":"2025-05-13T03:53:01","guid":{"rendered":"https:\/\/tahanpharma.com\/?post_type=product&#038;p=924"},"modified":"2025-05-13T20:17:52","modified_gmt":"2025-05-13T12:17:52","slug":"%e8%a5%bf%e5%90%89%e7%a6%8f-%e6%bb%85%e8%8f%8c%e6%87%b8%e5%8a%91","status":"publish","type":"product","link":"https:\/\/tahanpharma.com\/vi\/san-pham\/%e8%a5%bf%e5%90%89%e7%a6%8f-%e6%bb%85%e8%8f%8c%e6%87%b8%e5%8a%91\/","title":{"rendered":"Xijifu v\u00f4 tr\u00f9ng huy\u1ec1n ph\u00f9"},"content":{"rendered":"<p>L\u1ee3n: ti\u00eam b\u1eafp 1-3 ml\/50 kg th\u1ec3 tr\u1ecdng, 24 gi\u1edd ti\u00eam 1 l\u1ea7n, trong 3 ng\u00e0y li\u00ean ti\u1ebfp.<br \/>\nTr\u00e2u, b\u00f2: ti\u00eam b\u1eafp ho\u1eb7c ti\u00eam d\u01b0\u1edbi da 1-2 ml\/50 kg th\u1ec3 tr\u1ecdng, 24 gi\u1edd ti\u00eam 1 l\u1ea7n, trong 3-5 ng\u00e0y.<\/p>\n<p>Th\u1eddi gian ng\u1eebng thu\u1ed1c: 48 gi\u1edd \u0111\u1ed1i v\u1edbi l\u1ee3n. 48 gi\u1edd \u0111\u1ed1i v\u1edbi b\u00f2 th\u1ecbt. S\u1eefa 0 ng\u00e0y.<\/p>","protected":false},"excerpt":{"rendered":"<p>T\u00ean thu\u1ed1c: Ceftiofur H Inj.<br \/>\nS\u1ed1 gi\u1ea5y ph\u00e9p: Gi\u1ea5y ph\u00e9p thu\u1ed1c th\u00fa y s\u1ed1 09246<br \/>\nD\u1ea1ng b\u00e0o ch\u1ebf: Ti\u00eam (h\u1ed7n d\u1ecbch v\u00f4 khu\u1ea9n)<br \/>\n\u0110\u00f3ng g\u00f3i: 100ml<br \/>\n\u0110\u1ed9ng v\u1eadt \u00e1p d\u1ee5ng: gia s\u00fac, l\u1ee3n<br \/>\nC\u00f4ng d\u1ee5ng (ch\u1ec9 \u0111\u1ecbnh): L\u1ee3n v\u00e0 gia s\u00fac tr\u01b0\u1edfng th\u00e0nh: \u0110i\u1ec1u tr\u1ecb c\u00e1c b\u1ec7nh v\u1ec1 \u0111\u01b0\u1eddng h\u00f4 h\u1ea5p do Actinobacillus pleuropneumoniae, Pasteurella v\u00e0 Haemophilus, vi\u00eam m\u00f3ng do Clostridium ho\u1ea1i t\u1eed v\u00e0 vi khu\u1ea9n sinh melanin, vi\u00eam t\u1eed cung v\u00e0 nhi\u1ec5m tr\u00f9ng do vi khu\u1ea9n nh\u1ea1y c\u1ea3m v\u1edbi Ceftiofur.<br \/>\nTh\u00e0nh ph\u1ea7n: M\u1ed7i ml ch\u1ee9a<br \/>\nCeftiofur (hydrochloride)\u2026\u2026\u2026\u202650 mg<\/p>","protected":false},"featured_media":1091,"comment_status":"open","ping_status":"closed","template":"","meta":[],"product_brand":[],"product_cat":[45,67,68,47,48],"product_tag":[],"class_list":{"0":"post-924","1":"product","2":"type-product","3":"status-publish","4":"has-post-thumbnail","6":"product_cat-45","7":"product_cat-67","8":"product_cat-68","9":"product_cat-47","10":"product_cat-48","12":"first","13":"instock","14":"shipping-taxable","15":"product-type-simple"},"yoast_head":"<!-- This site is optimized with the Yoast SEO Premium plugin v25.3.1 (Yoast SEO v25.4) - https:\/\/yoast.com\/wordpress\/plugins\/seo\/ -->\n<title>\u897f\u5409\u798f \u6ec5\u83cc\u61f8\u5291 - \u5927\u5b89\u5316\u5b78\u88fd\u85e5\u80a1\u4efd\u6709\u9650\u516c\u53f8<\/title>\n<meta name=\"robots\" content=\"index, follow, max-snippet:-1, max-image-preview:large, max-video-preview:-1\" \/>\n<link rel=\"canonical\" href=\"https:\/\/tahanpharma.com\/vi\/san-pham\/\u897f\u5409\u798f-\u6ec5\u83cc\u61f8\u5291\/\" \/>\n<meta property=\"og:locale\" content=\"vi_VN\" \/>\n<meta property=\"og:type\" content=\"article\" \/>\n<meta property=\"og:title\" content=\"\u897f\u5409\u798f \u6ec5\u83cc\u61f8\u5291\" \/>\n<meta property=\"og:description\" content=\"\u85e5\u54c1\u540d \uff1a Ceftiofur H Inj. \u8a31\u53ef\u8b49\u5b57\u865f \uff1a \u52d5\u7269\u85e5\u88fd\u5b57\u7b2c09246\u865f \u5291\u578b \uff1a \u6ce8\u5c04\u5291(\u6ec5\u83cc\u61f8\u5291) \u5305\u88dd \uff1a 100ml \u9069\u7528\u52d5\u7269 \uff1a \u725b\u3001\u8c6c \u6548\u80fd(\u9069\u61c9\u75c7) \uff1a \u8c6c\u96bb\u53ca\u6210\u5e74\u725b\u96bb\uff1a\u6cbb\u7642\u7531\u80f8\u819c\u80ba\u708e\u653e\u7dda\u687f\u83cc\u3001\u5df4\u65af\u5fb7\u687f\u83cc\u548c\u55dc\u8840\u687f\u83cc\u5f15\u8d77\u4e4b\u547c\u5438\u9053\u75be\u75c5\uff0c\u7531\u58de\u6b7b\u6027\u68ad\u83cc\u53ca\u9ed1\u8272\u7d20\u751f\u6210\u83cc\u5f15\u8d77\u4e4b\u8e44\u771f\u76ae\u708e\u3001\u5b50\u5bae\u708e\u53ca\u5c0dCeftiofur\u5177\u611f\u53d7\u6027\u7d30\u83cc\u5f15\u8d77\u4e4b\u611f\u67d3\u3002 \u6210\u4efd \uff1a \u6bcfml\u4e2d\u542b\u6709 Ceftiofur (hydrochloride)\u2026\u2026\u2026\u2026\u202650 mg\" \/>\n<meta property=\"og:url\" content=\"https:\/\/tahanpharma.com\/vi\/san-pham\/\u897f\u5409\u798f-\u6ec5\u83cc\u61f8\u5291\/\" \/>\n<meta property=\"og:site_name\" content=\"\u5927\u5b89\u5316\u5b78\u88fd\u85e5\u80a1\u4efd\u6709\u9650\u516c\u53f8\" \/>\n<meta property=\"article:modified_time\" content=\"2025-05-13T12:17:52+00:00\" \/>\n<meta property=\"og:image\" content=\"https:\/\/tahanpharma.com\/wp-content\/uploads\/2025\/05\/\u897f\u5409\u798f-\u6ec5\u83cc\u61f8\u5291-01.jpg\" \/>\n\t<meta property=\"og:image:width\" content=\"1200\" \/>\n\t<meta property=\"og:image:height\" content=\"1200\" \/>\n\t<meta property=\"og:image:type\" content=\"image\/jpeg\" \/>\n<meta name=\"twitter:card\" content=\"summary_large_image\" \/>\n<script type=\"application\/ld+json\" class=\"yoast-schema-graph\">{\"@context\":\"https:\/\/schema.org\",\"@graph\":[{\"@type\":\"WebPage\",\"@id\":\"https:\/\/tahanpharma.com\/vi\/san-pham\/%e8%a5%bf%e5%90%89%e7%a6%8f-%e6%bb%85%e8%8f%8c%e6%87%b8%e5%8a%91\/\",\"url\":\"https:\/\/tahanpharma.com\/vi\/san-pham\/%e8%a5%bf%e5%90%89%e7%a6%8f-%e6%bb%85%e8%8f%8c%e6%87%b8%e5%8a%91\/\",\"name\":\"\u897f\u5409\u798f \u6ec5\u83cc\u61f8\u5291 - \u5927\u5b89\u5316\u5b78\u88fd\u85e5\u80a1\u4efd\u6709\u9650\u516c\u53f8\",\"isPartOf\":{\"@id\":\"https:\/\/tahanpharma.com\/#website\"},\"primaryImageOfPage\":{\"@id\":\"https:\/\/tahanpharma.com\/vi\/san-pham\/%e8%a5%bf%e5%90%89%e7%a6%8f-%e6%bb%85%e8%8f%8c%e6%87%b8%e5%8a%91\/#primaryimage\"},\"image\":{\"@id\":\"https:\/\/tahanpharma.com\/vi\/san-pham\/%e8%a5%bf%e5%90%89%e7%a6%8f-%e6%bb%85%e8%8f%8c%e6%87%b8%e5%8a%91\/#primaryimage\"},\"thumbnailUrl\":\"https:\/\/tahanpharma.com\/wp-content\/uploads\/2025\/05\/\u897f\u5409\u798f-\u6ec5\u83cc\u61f8\u5291-01.jpg\",\"datePublished\":\"2025-05-13T03:53:01+00:00\",\"dateModified\":\"2025-05-13T12:17:52+00:00\",\"breadcrumb\":{\"@id\":\"https:\/\/tahanpharma.com\/vi\/san-pham\/%e8%a5%bf%e5%90%89%e7%a6%8f-%e6%bb%85%e8%8f%8c%e6%87%b8%e5%8a%91\/#breadcrumb\"},\"inLanguage\":\"vi\",\"potentialAction\":[{\"@type\":\"ReadAction\",\"target\":[\"https:\/\/tahanpharma.com\/vi\/san-pham\/%e8%a5%bf%e5%90%89%e7%a6%8f-%e6%bb%85%e8%8f%8c%e6%87%b8%e5%8a%91\/\"]}]},{\"@type\":\"ImageObject\",\"inLanguage\":\"vi\",\"@id\":\"https:\/\/tahanpharma.com\/vi\/san-pham\/%e8%a5%bf%e5%90%89%e7%a6%8f-%e6%bb%85%e8%8f%8c%e6%87%b8%e5%8a%91\/#primaryimage\",\"url\":\"https:\/\/tahanpharma.com\/wp-content\/uploads\/2025\/05\/\u897f\u5409\u798f-\u6ec5\u83cc\u61f8\u5291-01.jpg\",\"contentUrl\":\"https:\/\/tahanpharma.com\/wp-content\/uploads\/2025\/05\/\u897f\u5409\u798f-\u6ec5\u83cc\u61f8\u5291-01.jpg\",\"width\":1200,\"height\":1200},{\"@type\":\"BreadcrumbList\",\"@id\":\"https:\/\/tahanpharma.com\/vi\/san-pham\/%e8%a5%bf%e5%90%89%e7%a6%8f-%e6%bb%85%e8%8f%8c%e6%87%b8%e5%8a%91\/#breadcrumb\",\"itemListElement\":[{\"@type\":\"ListItem\",\"position\":1,\"name\":\"\u9996\u9801\",\"item\":\"https:\/\/tahanpharma.com\/\"},{\"@type\":\"ListItem\",\"position\":2,\"name\":\"\u7522\u54c1\u7c21\u4ecb\",\"item\":\"https:\/\/tahanpharma.com\/product\/\"},{\"@type\":\"ListItem\",\"position\":3,\"name\":\"\u897f\u5409\u798f \u6ec5\u83cc\u61f8\u5291\"}]},{\"@type\":\"WebSite\",\"@id\":\"https:\/\/tahanpharma.com\/#website\",\"url\":\"https:\/\/tahanpharma.com\/\",\"name\":\"\u5927\u5b89\u5316\u5b78\u88fd\u85e5\u80a1\u4efd\u6709\u9650\u516c\u53f8\",\"description\":\"\u52d5\u7269\u85e5\u54c1\u88fd\u9020\",\"potentialAction\":[{\"@type\":\"SearchAction\",\"target\":{\"@type\":\"EntryPoint\",\"urlTemplate\":\"https:\/\/tahanpharma.com\/?s={search_term_string}\"},\"query-input\":{\"@type\":\"PropertyValueSpecification\",\"valueRequired\":true,\"valueName\":\"search_term_string\"}}],\"inLanguage\":\"vi\"}]}<\/script>\n<!-- \/ Yoast SEO Premium plugin. -->","yoast_head_json":{"title":"\u897f\u5409\u798f \u6ec5\u83cc\u61f8\u5291 - \u5927\u5b89\u5316\u5b78\u88fd\u85e5\u80a1\u4efd\u6709\u9650\u516c\u53f8","robots":{"index":"index","follow":"follow","max-snippet":"max-snippet:-1","max-image-preview":"max-image-preview:large","max-video-preview":"max-video-preview:-1"},"canonical":"https:\/\/tahanpharma.com\/vi\/san-pham\/\u897f\u5409\u798f-\u6ec5\u83cc\u61f8\u5291\/","og_locale":"vi_VN","og_type":"article","og_title":"\u897f\u5409\u798f \u6ec5\u83cc\u61f8\u5291","og_description":"\u85e5\u54c1\u540d \uff1a Ceftiofur H Inj. \u8a31\u53ef\u8b49\u5b57\u865f \uff1a \u52d5\u7269\u85e5\u88fd\u5b57\u7b2c09246\u865f \u5291\u578b \uff1a \u6ce8\u5c04\u5291(\u6ec5\u83cc\u61f8\u5291) \u5305\u88dd \uff1a 100ml \u9069\u7528\u52d5\u7269 \uff1a \u725b\u3001\u8c6c \u6548\u80fd(\u9069\u61c9\u75c7) \uff1a \u8c6c\u96bb\u53ca\u6210\u5e74\u725b\u96bb\uff1a\u6cbb\u7642\u7531\u80f8\u819c\u80ba\u708e\u653e\u7dda\u687f\u83cc\u3001\u5df4\u65af\u5fb7\u687f\u83cc\u548c\u55dc\u8840\u687f\u83cc\u5f15\u8d77\u4e4b\u547c\u5438\u9053\u75be\u75c5\uff0c\u7531\u58de\u6b7b\u6027\u68ad\u83cc\u53ca\u9ed1\u8272\u7d20\u751f\u6210\u83cc\u5f15\u8d77\u4e4b\u8e44\u771f\u76ae\u708e\u3001\u5b50\u5bae\u708e\u53ca\u5c0dCeftiofur\u5177\u611f\u53d7\u6027\u7d30\u83cc\u5f15\u8d77\u4e4b\u611f\u67d3\u3002 \u6210\u4efd \uff1a \u6bcfml\u4e2d\u542b\u6709 Ceftiofur (hydrochloride)\u2026\u2026\u2026\u2026\u202650 mg","og_url":"https:\/\/tahanpharma.com\/vi\/san-pham\/\u897f\u5409\u798f-\u6ec5\u83cc\u61f8\u5291\/","og_site_name":"\u5927\u5b89\u5316\u5b78\u88fd\u85e5\u80a1\u4efd\u6709\u9650\u516c\u53f8","article_modified_time":"2025-05-13T12:17:52+00:00","og_image":[{"width":1200,"height":1200,"url":"https:\/\/tahanpharma.com\/wp-content\/uploads\/2025\/05\/\u897f\u5409\u798f-\u6ec5\u83cc\u61f8\u5291-01.jpg","type":"image\/jpeg"}],"twitter_card":"summary_large_image","schema":{"@context":"https:\/\/schema.org","@graph":[{"@type":"WebPage","@id":"https:\/\/tahanpharma.com\/vi\/san-pham\/%e8%a5%bf%e5%90%89%e7%a6%8f-%e6%bb%85%e8%8f%8c%e6%87%b8%e5%8a%91\/","url":"https:\/\/tahanpharma.com\/vi\/san-pham\/%e8%a5%bf%e5%90%89%e7%a6%8f-%e6%bb%85%e8%8f%8c%e6%87%b8%e5%8a%91\/","name":"\u897f\u5409\u798f \u6ec5\u83cc\u61f8\u5291 - \u5927\u5b89\u5316\u5b78\u88fd\u85e5\u80a1\u4efd\u6709\u9650\u516c\u53f8","isPartOf":{"@id":"https:\/\/tahanpharma.com\/#website"},"primaryImageOfPage":{"@id":"https:\/\/tahanpharma.com\/vi\/san-pham\/%e8%a5%bf%e5%90%89%e7%a6%8f-%e6%bb%85%e8%8f%8c%e6%87%b8%e5%8a%91\/#primaryimage"},"image":{"@id":"https:\/\/tahanpharma.com\/vi\/san-pham\/%e8%a5%bf%e5%90%89%e7%a6%8f-%e6%bb%85%e8%8f%8c%e6%87%b8%e5%8a%91\/#primaryimage"},"thumbnailUrl":"https:\/\/tahanpharma.com\/wp-content\/uploads\/2025\/05\/\u897f\u5409\u798f-\u6ec5\u83cc\u61f8\u5291-01.jpg","datePublished":"2025-05-13T03:53:01+00:00","dateModified":"2025-05-13T12:17:52+00:00","breadcrumb":{"@id":"https:\/\/tahanpharma.com\/vi\/san-pham\/%e8%a5%bf%e5%90%89%e7%a6%8f-%e6%bb%85%e8%8f%8c%e6%87%b8%e5%8a%91\/#breadcrumb"},"inLanguage":"vi","potentialAction":[{"@type":"ReadAction","target":["https:\/\/tahanpharma.com\/vi\/san-pham\/%e8%a5%bf%e5%90%89%e7%a6%8f-%e6%bb%85%e8%8f%8c%e6%87%b8%e5%8a%91\/"]}]},{"@type":"ImageObject","inLanguage":"vi","@id":"https:\/\/tahanpharma.com\/vi\/san-pham\/%e8%a5%bf%e5%90%89%e7%a6%8f-%e6%bb%85%e8%8f%8c%e6%87%b8%e5%8a%91\/#primaryimage","url":"https:\/\/tahanpharma.com\/wp-content\/uploads\/2025\/05\/\u897f\u5409\u798f-\u6ec5\u83cc\u61f8\u5291-01.jpg","contentUrl":"https:\/\/tahanpharma.com\/wp-content\/uploads\/2025\/05\/\u897f\u5409\u798f-\u6ec5\u83cc\u61f8\u5291-01.jpg","width":1200,"height":1200},{"@type":"BreadcrumbList","@id":"https:\/\/tahanpharma.com\/vi\/san-pham\/%e8%a5%bf%e5%90%89%e7%a6%8f-%e6%bb%85%e8%8f%8c%e6%87%b8%e5%8a%91\/#breadcrumb","itemListElement":[{"@type":"ListItem","position":1,"name":"\u9996\u9801","item":"https:\/\/tahanpharma.com\/"},{"@type":"ListItem","position":2,"name":"\u7522\u54c1\u7c21\u4ecb","item":"https:\/\/tahanpharma.com\/product\/"},{"@type":"ListItem","position":3,"name":"\u897f\u5409\u798f \u6ec5\u83cc\u61f8\u5291"}]},{"@type":"WebSite","@id":"https:\/\/tahanpharma.com\/#website","url":"https:\/\/tahanpharma.com\/","name":"\u5927\u5b89\u5316\u5b78\u88fd\u85e5\u80a1\u4efd\u6709\u9650\u516c\u53f8","description":"\u52d5\u7269\u85e5\u54c1\u88fd\u9020","potentialAction":[{"@type":"SearchAction","target":{"@type":"EntryPoint","urlTemplate":"https:\/\/tahanpharma.com\/?s={search_term_string}"},"query-input":{"@type":"PropertyValueSpecification","valueRequired":true,"valueName":"search_term_string"}}],"inLanguage":"vi"}]}},"_links":{"self":[{"href":"https:\/\/tahanpharma.com\/vi\/wp-json\/wp\/v2\/product\/924","targetHints":{"allow":["GET"]}}],"collection":[{"href":"https:\/\/tahanpharma.com\/vi\/wp-json\/wp\/v2\/product"}],"about":[{"href":"https:\/\/tahanpharma.com\/vi\/wp-json\/wp\/v2\/types\/product"}],"replies":[{"embeddable":true,"href":"https:\/\/tahanpharma.com\/vi\/wp-json\/wp\/v2\/comments?post=924"}],"wp:featuredmedia":[{"embeddable":true,"href":"https:\/\/tahanpharma.com\/vi\/wp-json\/wp\/v2\/media\/1091"}],"wp:attachment":[{"href":"https:\/\/tahanpharma.com\/vi\/wp-json\/wp\/v2\/media?parent=924"}],"wp:term":[{"taxonomy":"product_brand","embeddable":true,"href":"https:\/\/tahanpharma.com\/vi\/wp-json\/wp\/v2\/product_brand?post=924"},{"taxonomy":"product_cat","embeddable":true,"href":"https:\/\/tahanpharma.com\/vi\/wp-json\/wp\/v2\/product_cat?post=924"},{"taxonomy":"product_tag","embeddable":true,"href":"https:\/\/tahanpharma.com\/vi\/wp-json\/wp\/v2\/product_tag?post=924"}],"curies":[{"name":"wp","href":"https:\/\/api.w.org\/{rel}","templated":true}]}}